{"id":7363,"date":"2023-12-15T00:43:13","date_gmt":"2023-12-15T03:43:13","guid":{"rendered":"https:\/\/ponteseditores.com.br\/loja3\/pontes-editores-home-2__trashed\/sem%20categoria\/upf-50-anos-compromisso-com-a-formacao-de-professores-contribuicoes-das-ciencias-da-natureza-matematica-educacao-inclusiva-e-psicologia\/"},"modified":"2023-12-15T12:12:46","modified_gmt":"2023-12-15T15:12:46","slug":"upf-50-anos-compromisso-com-a-formacao-de-professores-contribuicoes-das-ciencias-da-natureza-matematica-educacao-inclusiva-e-psicologia","status":"publish","type":"product","link":"https:\/\/ponteseditores.com.br\/loja3\/pontes-editores-home-2__trashed\/educacao-linguagem\/upf-50-anos-compromisso-com-a-formacao-de-professores-contribuicoes-das-ciencias-da-natureza-matematica-educacao-inclusiva-e-psicologia\/","title":{"rendered":"UPF 50 ANOS: COMPROMISSO COM A FORMA\u00c7\u00c3O DE  PROFESSORES CONTRIBUI\u00c7\u00d5ES DAS CI\u00caNCIAS DA NATUREZA, MATEM\u00c1TICA, EDUCA\u00c7\u00c3O INCLUSIVA E PSICOLOGIA"},"content":{"rendered":"<p>A presente obra trata de uma colet\u00e2nea que compreende artigos de diferentes \u00e1reas do conhecimento &#8211; Ci\u00eancias da Natureza, Matem\u00e1tica, Educa\u00e7\u00e3o Inclusiva e Psicologia, na qual cada cap\u00edtulo foi desenvolvido de forma independente dos demais. Os diferentes autores, de forma peculiar, procuraram, em suas \u00e1reas de trabalho e pesquisa, baseando-se nas mais diversas teorias de ensino-aprendizagem, contribuir com o aprimoramento e a qualifica\u00e7\u00e3o de professores das escolas p\u00fablicas, na inten\u00e7\u00e3o de agregar ao compromisso da Universidade de Passo Fundo, que durante 50 anos vem formando os professores de nossa regi\u00e3o. Objetivando contribuir com a forma\u00e7\u00e3o de professores, os textos produzidos por professores-pesquisadores e estudantes de p\u00f3s-gradua\u00e7\u00e3o, trazem discuss\u00f5es, questionamentos e di\u00e1logos interdisciplinares prof\u00edcuos, qualificando a a\u00e7\u00e3o pedag\u00f3gica nos diferentes espa\u00e7os escolares. Os artigos expressam o intuito de seus autores de dividir com os leitores tem\u00e1ticas contempor\u00e2neas e desafiadoras, pois acreditam que \u00e9 somando nas diferentes compreens\u00f5es das realidades que podemos pensar novas inven\u00e7\u00f5es para o ato educativo, que \u00e9 sempre \u201cindefinitivo\u201d.<\/p>\n","protected":false},"excerpt":{"rendered":"<p>A presente obra trata de uma colet\u00e2nea que compreende artigos de diferentes \u00e1reas do conhecimento &#8211; Ci\u00eancias da Natureza, Matem\u00e1tica, Educa\u00e7\u00e3o Inclusiva e Psicologia, na qual cada cap\u00edtulo foi desenvolvido de forma independente dos demais. Os diferentes autores, de forma peculiar, procuraram, em suas \u00e1reas de trabalho e pesquisa, baseando-se nas mais diversas teorias de [&hellip;]<\/p>\n","protected":false},"featured_media":7362,"comment_status":"open","ping_status":"closed","template":"","meta":{"_joinchat":[]},"product_brand":[],"product_cat":[284,293],"product_tag":[],"class_list":{"0":"post-7363","1":"product","2":"type-product","3":"status-publish","4":"has-post-thumbnail","6":"product_cat-educacao-linguagem","7":"product_cat-meios-auxiliares-do-ensino","8":"product_shipping_class-livro-pontes-editores-fisico","10":"first","11":"instock","12":"shipping-taxable","13":"purchasable","14":"product-type-simple"},"yoast_head":"<!-- This site is optimized with the Yoast SEO plugin v27.4 - https:\/\/yoast.com\/product\/yoast-seo-wordpress\/ -->\n<title>UPF 50 ANOS: COMPROMISSO COM A FORMA\u00c7\u00c3O DE PROFESSORES CONTRIBUI\u00c7\u00d5ES DAS CI\u00caNCIAS DA NATUREZA, MATEM\u00c1TICA, EDUCA\u00c7\u00c3O INCLUSIVA E PSICOLOGIA - Pontes Editores<\/title>\n<meta name=\"robots\" content=\"index, follow, max-snippet:-1, max-image-preview:large, max-video-preview:-1\" \/>\n<link rel=\"canonical\" href=\"https:\/\/ponteseditores.com.br\/loja3\/pontes-editores-home-2__trashed\/educacao-linguagem\/upf-50-anos-compromisso-com-a-formacao-de-professores-contribuicoes-das-ciencias-da-natureza-matematica-educacao-inclusiva-e-psicologia\/\" \/>\n<meta property=\"og:locale\" content=\"pt_BR\" \/>\n<meta property=\"og:type\" content=\"article\" \/>\n<meta property=\"og:title\" content=\"UPF 50 ANOS: COMPROMISSO COM A FORMA\u00c7\u00c3O DE PROFESSORES CONTRIBUI\u00c7\u00d5ES DAS CI\u00caNCIAS DA NATUREZA, MATEM\u00c1TICA, EDUCA\u00c7\u00c3O INCLUSIVA E PSICOLOGIA - Pontes Editores\" \/>\n<meta property=\"og:description\" content=\"A presente obra trata de uma colet\u00e2nea que compreende artigos de diferentes \u00e1reas do conhecimento &#8211; Ci\u00eancias da Natureza, Matem\u00e1tica, Educa\u00e7\u00e3o Inclusiva e Psicologia, na qual cada cap\u00edtulo foi desenvolvido de forma independente dos demais. Os diferentes autores, de forma peculiar, procuraram, em suas \u00e1reas de trabalho e pesquisa, baseando-se nas mais diversas teorias de [&hellip;]\" \/>\n<meta property=\"og:url\" content=\"https:\/\/ponteseditores.com.br\/loja3\/pontes-editores-home-2__trashed\/educacao-linguagem\/upf-50-anos-compromisso-com-a-formacao-de-professores-contribuicoes-das-ciencias-da-natureza-matematica-educacao-inclusiva-e-psicologia\/\" \/>\n<meta property=\"og:site_name\" content=\"Pontes Editores\" \/>\n<meta property=\"article:modified_time\" content=\"2023-12-15T15:12:46+00:00\" \/>\n<meta property=\"og:image\" content=\"https:\/\/ponteseditores.com.br\/loja3\/wp-content\/uploads\/2023\/12\/uf1-3.jpg\" \/>\n\t<meta property=\"og:image:width\" content=\"800\" \/>\n\t<meta property=\"og:image:height\" content=\"1217\" \/>\n\t<meta property=\"og:image:type\" content=\"image\/jpeg\" \/>\n<meta name=\"twitter:card\" content=\"summary_large_image\" \/>\n<meta name=\"twitter:label1\" content=\"Est. tempo de leitura\" \/>\n\t<meta name=\"twitter:data1\" content=\"1 minuto\" \/>\n<script type=\"application\/ld+json\" class=\"yoast-schema-graph\">{\"@context\":\"https:\\\/\\\/schema.org\",\"@graph\":[{\"@type\":\"WebPage\",\"@id\":\"https:\\\/\\\/ponteseditores.com.br\\\/loja3\\\/pontes-editores-home-2__trashed\\\/educacao-linguagem\\\/upf-50-anos-compromisso-com-a-formacao-de-professores-contribuicoes-das-ciencias-da-natureza-matematica-educacao-inclusiva-e-psicologia\\\/\",\"url\":\"https:\\\/\\\/ponteseditores.com.br\\\/loja3\\\/pontes-editores-home-2__trashed\\\/educacao-linguagem\\\/upf-50-anos-compromisso-com-a-formacao-de-professores-contribuicoes-das-ciencias-da-natureza-matematica-educacao-inclusiva-e-psicologia\\\/\",\"name\":\"UPF 50 ANOS: COMPROMISSO COM A FORMA\u00c7\u00c3O DE PROFESSORES CONTRIBUI\u00c7\u00d5ES DAS CI\u00caNCIAS DA NATUREZA, MATEM\u00c1TICA, EDUCA\u00c7\u00c3O INCLUSIVA E PSICOLOGIA - Pontes Editores\",\"isPartOf\":{\"@id\":\"https:\\\/\\\/ponteseditores.com.br\\\/loja3\\\/#website\"},\"primaryImageOfPage\":{\"@id\":\"https:\\\/\\\/ponteseditores.com.br\\\/loja3\\\/pontes-editores-home-2__trashed\\\/educacao-linguagem\\\/upf-50-anos-compromisso-com-a-formacao-de-professores-contribuicoes-das-ciencias-da-natureza-matematica-educacao-inclusiva-e-psicologia\\\/#primaryimage\"},\"image\":{\"@id\":\"https:\\\/\\\/ponteseditores.com.br\\\/loja3\\\/pontes-editores-home-2__trashed\\\/educacao-linguagem\\\/upf-50-anos-compromisso-com-a-formacao-de-professores-contribuicoes-das-ciencias-da-natureza-matematica-educacao-inclusiva-e-psicologia\\\/#primaryimage\"},\"thumbnailUrl\":\"https:\\\/\\\/ponteseditores.com.br\\\/loja3\\\/wp-content\\\/uploads\\\/2023\\\/12\\\/uf1-3.jpg\",\"datePublished\":\"2023-12-15T03:43:13+00:00\",\"dateModified\":\"2023-12-15T15:12:46+00:00\",\"breadcrumb\":{\"@id\":\"https:\\\/\\\/ponteseditores.com.br\\\/loja3\\\/pontes-editores-home-2__trashed\\\/educacao-linguagem\\\/upf-50-anos-compromisso-com-a-formacao-de-professores-contribuicoes-das-ciencias-da-natureza-matematica-educacao-inclusiva-e-psicologia\\\/#breadcrumb\"},\"inLanguage\":\"pt-BR\",\"potentialAction\":[{\"@type\":\"ReadAction\",\"target\":[\"https:\\\/\\\/ponteseditores.com.br\\\/loja3\\\/pontes-editores-home-2__trashed\\\/educacao-linguagem\\\/upf-50-anos-compromisso-com-a-formacao-de-professores-contribuicoes-das-ciencias-da-natureza-matematica-educacao-inclusiva-e-psicologia\\\/\"]}]},{\"@type\":\"ImageObject\",\"inLanguage\":\"pt-BR\",\"@id\":\"https:\\\/\\\/ponteseditores.com.br\\\/loja3\\\/pontes-editores-home-2__trashed\\\/educacao-linguagem\\\/upf-50-anos-compromisso-com-a-formacao-de-professores-contribuicoes-das-ciencias-da-natureza-matematica-educacao-inclusiva-e-psicologia\\\/#primaryimage\",\"url\":\"https:\\\/\\\/ponteseditores.com.br\\\/loja3\\\/wp-content\\\/uploads\\\/2023\\\/12\\\/uf1-3.jpg\",\"contentUrl\":\"https:\\\/\\\/ponteseditores.com.br\\\/loja3\\\/wp-content\\\/uploads\\\/2023\\\/12\\\/uf1-3.jpg\",\"width\":800,\"height\":1217},{\"@type\":\"BreadcrumbList\",\"@id\":\"https:\\\/\\\/ponteseditores.com.br\\\/loja3\\\/pontes-editores-home-2__trashed\\\/educacao-linguagem\\\/upf-50-anos-compromisso-com-a-formacao-de-professores-contribuicoes-das-ciencias-da-natureza-matematica-educacao-inclusiva-e-psicologia\\\/#breadcrumb\",\"itemListElement\":[{\"@type\":\"ListItem\",\"position\":1,\"name\":\"Home\",\"item\":\"https:\\\/\\\/ponteseditores.com.br\\\/loja3\\\/\"},{\"@type\":\"ListItem\",\"position\":2,\"name\":\"loja\",\"item\":\"https:\\\/\\\/ponteseditores.com.br\\\/loja3\\\/loja\\\/\"},{\"@type\":\"ListItem\",\"position\":3,\"name\":\"UPF 50 ANOS: COMPROMISSO COM A FORMA\u00c7\u00c3O DE PROFESSORES CONTRIBUI\u00c7\u00d5ES DAS CI\u00caNCIAS DA NATUREZA, MATEM\u00c1TICA, EDUCA\u00c7\u00c3O INCLUSIVA E PSICOLOGIA\"}]},{\"@type\":\"WebSite\",\"@id\":\"https:\\\/\\\/ponteseditores.com.br\\\/loja3\\\/#website\",\"url\":\"https:\\\/\\\/ponteseditores.com.br\\\/loja3\\\/\",\"name\":\"Pontes Editores\",\"description\":\"Pontes Editores\",\"publisher\":{\"@id\":\"https:\\\/\\\/ponteseditores.com.br\\\/loja3\\\/#organization\"},\"potentialAction\":[{\"@type\":\"SearchAction\",\"target\":{\"@type\":\"EntryPoint\",\"urlTemplate\":\"https:\\\/\\\/ponteseditores.com.br\\\/loja3\\\/?s={search_term_string}\"},\"query-input\":{\"@type\":\"PropertyValueSpecification\",\"valueRequired\":true,\"valueName\":\"search_term_string\"}}],\"inLanguage\":\"pt-BR\"},{\"@type\":\"Organization\",\"@id\":\"https:\\\/\\\/ponteseditores.com.br\\\/loja3\\\/#organization\",\"name\":\"Pontes Editores\",\"url\":\"https:\\\/\\\/ponteseditores.com.br\\\/loja3\\\/\",\"logo\":{\"@type\":\"ImageObject\",\"inLanguage\":\"pt-BR\",\"@id\":\"https:\\\/\\\/ponteseditores.com.br\\\/loja3\\\/#\\\/schema\\\/logo\\\/image\\\/\",\"url\":\"https:\\\/\\\/ponteseditores.com.br\\\/loja3\\\/wp-content\\\/uploads\\\/2023\\\/12\\\/logo-pontes-editores-v2.png\",\"contentUrl\":\"https:\\\/\\\/ponteseditores.com.br\\\/loja3\\\/wp-content\\\/uploads\\\/2023\\\/12\\\/logo-pontes-editores-v2.png\",\"width\":258,\"height\":100,\"caption\":\"Pontes Editores\"},\"image\":{\"@id\":\"https:\\\/\\\/ponteseditores.com.br\\\/loja3\\\/#\\\/schema\\\/logo\\\/image\\\/\"}}]}<\/script>\n<!-- \/ Yoast SEO plugin. -->","yoast_head_json":{"title":"UPF 50 ANOS: COMPROMISSO COM A FORMA\u00c7\u00c3O DE PROFESSORES CONTRIBUI\u00c7\u00d5ES DAS CI\u00caNCIAS DA NATUREZA, MATEM\u00c1TICA, EDUCA\u00c7\u00c3O INCLUSIVA E PSICOLOGIA - Pontes Editores","robots":{"index":"index","follow":"follow","max-snippet":"max-snippet:-1","max-image-preview":"max-image-preview:large","max-video-preview":"max-video-preview:-1"},"canonical":"https:\/\/ponteseditores.com.br\/loja3\/pontes-editores-home-2__trashed\/educacao-linguagem\/upf-50-anos-compromisso-com-a-formacao-de-professores-contribuicoes-das-ciencias-da-natureza-matematica-educacao-inclusiva-e-psicologia\/","og_locale":"pt_BR","og_type":"article","og_title":"UPF 50 ANOS: COMPROMISSO COM A FORMA\u00c7\u00c3O DE PROFESSORES CONTRIBUI\u00c7\u00d5ES DAS CI\u00caNCIAS DA NATUREZA, MATEM\u00c1TICA, EDUCA\u00c7\u00c3O INCLUSIVA E PSICOLOGIA - Pontes Editores","og_description":"A presente obra trata de uma colet\u00e2nea que compreende artigos de diferentes \u00e1reas do conhecimento &#8211; Ci\u00eancias da Natureza, Matem\u00e1tica, Educa\u00e7\u00e3o Inclusiva e Psicologia, na qual cada cap\u00edtulo foi desenvolvido de forma independente dos demais. Os diferentes autores, de forma peculiar, procuraram, em suas \u00e1reas de trabalho e pesquisa, baseando-se nas mais diversas teorias de [&hellip;]","og_url":"https:\/\/ponteseditores.com.br\/loja3\/pontes-editores-home-2__trashed\/educacao-linguagem\/upf-50-anos-compromisso-com-a-formacao-de-professores-contribuicoes-das-ciencias-da-natureza-matematica-educacao-inclusiva-e-psicologia\/","og_site_name":"Pontes Editores","article_modified_time":"2023-12-15T15:12:46+00:00","og_image":[{"width":800,"height":1217,"url":"https:\/\/ponteseditores.com.br\/loja3\/wp-content\/uploads\/2023\/12\/uf1-3.jpg","type":"image\/jpeg"}],"twitter_card":"summary_large_image","twitter_misc":{"Est. tempo de leitura":"1 minuto"},"schema":{"@context":"https:\/\/schema.org","@graph":[{"@type":"WebPage","@id":"https:\/\/ponteseditores.com.br\/loja3\/pontes-editores-home-2__trashed\/educacao-linguagem\/upf-50-anos-compromisso-com-a-formacao-de-professores-contribuicoes-das-ciencias-da-natureza-matematica-educacao-inclusiva-e-psicologia\/","url":"https:\/\/ponteseditores.com.br\/loja3\/pontes-editores-home-2__trashed\/educacao-linguagem\/upf-50-anos-compromisso-com-a-formacao-de-professores-contribuicoes-das-ciencias-da-natureza-matematica-educacao-inclusiva-e-psicologia\/","name":"UPF 50 ANOS: COMPROMISSO COM A FORMA\u00c7\u00c3O DE PROFESSORES CONTRIBUI\u00c7\u00d5ES DAS CI\u00caNCIAS DA NATUREZA, MATEM\u00c1TICA, EDUCA\u00c7\u00c3O INCLUSIVA E PSICOLOGIA - Pontes Editores","isPartOf":{"@id":"https:\/\/ponteseditores.com.br\/loja3\/#website"},"primaryImageOfPage":{"@id":"https:\/\/ponteseditores.com.br\/loja3\/pontes-editores-home-2__trashed\/educacao-linguagem\/upf-50-anos-compromisso-com-a-formacao-de-professores-contribuicoes-das-ciencias-da-natureza-matematica-educacao-inclusiva-e-psicologia\/#primaryimage"},"image":{"@id":"https:\/\/ponteseditores.com.br\/loja3\/pontes-editores-home-2__trashed\/educacao-linguagem\/upf-50-anos-compromisso-com-a-formacao-de-professores-contribuicoes-das-ciencias-da-natureza-matematica-educacao-inclusiva-e-psicologia\/#primaryimage"},"thumbnailUrl":"https:\/\/ponteseditores.com.br\/loja3\/wp-content\/uploads\/2023\/12\/uf1-3.jpg","datePublished":"2023-12-15T03:43:13+00:00","dateModified":"2023-12-15T15:12:46+00:00","breadcrumb":{"@id":"https:\/\/ponteseditores.com.br\/loja3\/pontes-editores-home-2__trashed\/educacao-linguagem\/upf-50-anos-compromisso-com-a-formacao-de-professores-contribuicoes-das-ciencias-da-natureza-matematica-educacao-inclusiva-e-psicologia\/#breadcrumb"},"inLanguage":"pt-BR","potentialAction":[{"@type":"ReadAction","target":["https:\/\/ponteseditores.com.br\/loja3\/pontes-editores-home-2__trashed\/educacao-linguagem\/upf-50-anos-compromisso-com-a-formacao-de-professores-contribuicoes-das-ciencias-da-natureza-matematica-educacao-inclusiva-e-psicologia\/"]}]},{"@type":"ImageObject","inLanguage":"pt-BR","@id":"https:\/\/ponteseditores.com.br\/loja3\/pontes-editores-home-2__trashed\/educacao-linguagem\/upf-50-anos-compromisso-com-a-formacao-de-professores-contribuicoes-das-ciencias-da-natureza-matematica-educacao-inclusiva-e-psicologia\/#primaryimage","url":"https:\/\/ponteseditores.com.br\/loja3\/wp-content\/uploads\/2023\/12\/uf1-3.jpg","contentUrl":"https:\/\/ponteseditores.com.br\/loja3\/wp-content\/uploads\/2023\/12\/uf1-3.jpg","width":800,"height":1217},{"@type":"BreadcrumbList","@id":"https:\/\/ponteseditores.com.br\/loja3\/pontes-editores-home-2__trashed\/educacao-linguagem\/upf-50-anos-compromisso-com-a-formacao-de-professores-contribuicoes-das-ciencias-da-natureza-matematica-educacao-inclusiva-e-psicologia\/#breadcrumb","itemListElement":[{"@type":"ListItem","position":1,"name":"Home","item":"https:\/\/ponteseditores.com.br\/loja3\/"},{"@type":"ListItem","position":2,"name":"loja","item":"https:\/\/ponteseditores.com.br\/loja3\/loja\/"},{"@type":"ListItem","position":3,"name":"UPF 50 ANOS: COMPROMISSO COM A FORMA\u00c7\u00c3O DE PROFESSORES CONTRIBUI\u00c7\u00d5ES DAS CI\u00caNCIAS DA NATUREZA, MATEM\u00c1TICA, EDUCA\u00c7\u00c3O INCLUSIVA E PSICOLOGIA"}]},{"@type":"WebSite","@id":"https:\/\/ponteseditores.com.br\/loja3\/#website","url":"https:\/\/ponteseditores.com.br\/loja3\/","name":"Pontes Editores","description":"Pontes Editores","publisher":{"@id":"https:\/\/ponteseditores.com.br\/loja3\/#organization"},"potentialAction":[{"@type":"SearchAction","target":{"@type":"EntryPoint","urlTemplate":"https:\/\/ponteseditores.com.br\/loja3\/?s={search_term_string}"},"query-input":{"@type":"PropertyValueSpecification","valueRequired":true,"valueName":"search_term_string"}}],"inLanguage":"pt-BR"},{"@type":"Organization","@id":"https:\/\/ponteseditores.com.br\/loja3\/#organization","name":"Pontes Editores","url":"https:\/\/ponteseditores.com.br\/loja3\/","logo":{"@type":"ImageObject","inLanguage":"pt-BR","@id":"https:\/\/ponteseditores.com.br\/loja3\/#\/schema\/logo\/image\/","url":"https:\/\/ponteseditores.com.br\/loja3\/wp-content\/uploads\/2023\/12\/logo-pontes-editores-v2.png","contentUrl":"https:\/\/ponteseditores.com.br\/loja3\/wp-content\/uploads\/2023\/12\/logo-pontes-editores-v2.png","width":258,"height":100,"caption":"Pontes Editores"},"image":{"@id":"https:\/\/ponteseditores.com.br\/loja3\/#\/schema\/logo\/image\/"}}]}},"_links":{"self":[{"href":"https:\/\/ponteseditores.com.br\/loja3\/wp-json\/wp\/v2\/product\/7363","targetHints":{"allow":["GET"]}}],"collection":[{"href":"https:\/\/ponteseditores.com.br\/loja3\/wp-json\/wp\/v2\/product"}],"about":[{"href":"https:\/\/ponteseditores.com.br\/loja3\/wp-json\/wp\/v2\/types\/product"}],"replies":[{"embeddable":true,"href":"https:\/\/ponteseditores.com.br\/loja3\/wp-json\/wp\/v2\/comments?post=7363"}],"version-history":[{"count":0,"href":"https:\/\/ponteseditores.com.br\/loja3\/wp-json\/wp\/v2\/product\/7363\/revisions"}],"wp:featuredmedia":[{"embeddable":true,"href":"https:\/\/ponteseditores.com.br\/loja3\/wp-json\/wp\/v2\/media\/7362"}],"wp:attachment":[{"href":"https:\/\/ponteseditores.com.br\/loja3\/wp-json\/wp\/v2\/media?parent=7363"}],"wp:term":[{"taxonomy":"product_brand","embeddable":true,"href":"https:\/\/ponteseditores.com.br\/loja3\/wp-json\/wp\/v2\/product_brand?post=7363"},{"taxonomy":"product_cat","embeddable":true,"href":"https:\/\/ponteseditores.com.br\/loja3\/wp-json\/wp\/v2\/product_cat?post=7363"},{"taxonomy":"product_tag","embeddable":true,"href":"https:\/\/ponteseditores.com.br\/loja3\/wp-json\/wp\/v2\/product_tag?post=7363"}],"curies":[{"name":"wp","href":"https:\/\/api.w.org\/{rel}","templated":true}]}}