{"id":7353,"date":"2023-12-15T00:43:09","date_gmt":"2023-12-15T03:43:09","guid":{"rendered":"https:\/\/ponteseditores.com.br\/loja3\/pontes-editores-home-2__trashed\/sem%20categoria\/pesquisa-na-licenciatura-em-letras-caminhos-possiveis-para-o-professor-de-lingua-estrangeira-volume-1\/"},"modified":"2023-12-15T12:12:47","modified_gmt":"2023-12-15T15:12:47","slug":"pesquisa-na-licenciatura-em-letras-caminhos-possiveis-para-o-professor-de-lingua-estrangeira-volume-1","status":"publish","type":"product","link":"https:\/\/ponteseditores.com.br\/loja3\/pontes-editores-home-2__trashed\/linguistica\/pesquisa-na-licenciatura-em-letras-caminhos-possiveis-para-o-professor-de-lingua-estrangeira-volume-1\/","title":{"rendered":"PESQUISA NA LICENCIATURA EM LETRAS Caminhos poss\u00edveis para o professor de l\u00edngua estrangeira &#8211; volume 1"},"content":{"rendered":"<p>Os textos que comp\u00f5em a presente colet\u00e2nea s\u00e3o resultado de pesquisas realizadas sobre ensino-aprendizagem de l\u00ednguas estrangeiras no Departamento Acad\u00eamico de L\u00ednguas Estrangeiras Modernas da Universidade Tecnol\u00f3gica Federal do Paran\u00e1, C\u00e2mpus Curitiba. Seus autores s\u00e3o professoras doutoras\/doutorandas do departamento, que escreveram os textos, em sua maioria, juntamente com ex-alunos do Curso de Letras Portugu\u00eas-Ingl\u00eas.  O foco da maior parte dos trabalhos tem conflu\u00eancia em perspectivas despertadas nos estudantes ao longo do Curso, perspectivas essas que t\u00eam rela\u00e7\u00e3o com o ser professor, objetivo claro da licenciatura. Nos cap\u00edtulos, ser\u00e3o encontrados entendimentos diversos do olhar de professores, futuros professores e alunos para quest\u00f5es de ensino-aprendizagem de l\u00ednguas estrangeiras.<\/p>\n","protected":false},"excerpt":{"rendered":"<p>Os textos que comp\u00f5em a presente colet\u00e2nea s\u00e3o resultado de pesquisas realizadas sobre ensino-aprendizagem de l\u00ednguas estrangeiras no Departamento Acad\u00eamico de L\u00ednguas Estrangeiras Modernas da Universidade Tecnol\u00f3gica Federal do Paran\u00e1, C\u00e2mpus Curitiba. Seus autores s\u00e3o professoras doutoras\/doutorandas do departamento, que escreveram os textos, em sua maioria, juntamente com ex-alunos do Curso de Letras Portugu\u00eas-Ingl\u00eas. O [&hellip;]<\/p>\n","protected":false},"featured_media":7352,"comment_status":"open","ping_status":"closed","template":"","meta":{"_joinchat":[]},"product_brand":[],"product_cat":[288,31],"product_tag":[],"class_list":{"0":"post-7353","1":"product","2":"type-product","3":"status-publish","4":"has-post-thumbnail","6":"product_cat-ensino-e-aprendizagem","7":"product_cat-linguistica","8":"product_shipping_class-livro-pontes-editores-fisico","10":"first","11":"instock","12":"shipping-taxable","13":"purchasable","14":"product-type-simple"},"yoast_head":"<!-- This site is optimized with the Yoast SEO plugin v27.4 - https:\/\/yoast.com\/product\/yoast-seo-wordpress\/ -->\n<title>PESQUISA NA LICENCIATURA EM LETRAS Caminhos poss\u00edveis para o professor de l\u00edngua estrangeira - volume 1 - Pontes Editores<\/title>\n<meta name=\"robots\" content=\"index, follow, max-snippet:-1, max-image-preview:large, max-video-preview:-1\" \/>\n<link rel=\"canonical\" href=\"https:\/\/ponteseditores.com.br\/loja3\/pontes-editores-home-2__trashed\/linguistica\/pesquisa-na-licenciatura-em-letras-caminhos-possiveis-para-o-professor-de-lingua-estrangeira-volume-1\/\" \/>\n<meta property=\"og:locale\" content=\"pt_BR\" \/>\n<meta property=\"og:type\" content=\"article\" \/>\n<meta property=\"og:title\" content=\"PESQUISA NA LICENCIATURA EM LETRAS Caminhos poss\u00edveis para o professor de l\u00edngua estrangeira - volume 1 - Pontes Editores\" \/>\n<meta property=\"og:description\" content=\"Os textos que comp\u00f5em a presente colet\u00e2nea s\u00e3o resultado de pesquisas realizadas sobre ensino-aprendizagem de l\u00ednguas estrangeiras no Departamento Acad\u00eamico de L\u00ednguas Estrangeiras Modernas da Universidade Tecnol\u00f3gica Federal do Paran\u00e1, C\u00e2mpus Curitiba. Seus autores s\u00e3o professoras doutoras\/doutorandas do departamento, que escreveram os textos, em sua maioria, juntamente com ex-alunos do Curso de Letras Portugu\u00eas-Ingl\u00eas. O [&hellip;]\" \/>\n<meta property=\"og:url\" content=\"https:\/\/ponteseditores.com.br\/loja3\/pontes-editores-home-2__trashed\/linguistica\/pesquisa-na-licenciatura-em-letras-caminhos-possiveis-para-o-professor-de-lingua-estrangeira-volume-1\/\" \/>\n<meta property=\"og:site_name\" content=\"Pontes Editores\" \/>\n<meta property=\"article:modified_time\" content=\"2023-12-15T15:12:47+00:00\" \/>\n<meta property=\"og:image\" content=\"https:\/\/ponteseditores.com.br\/loja3\/wp-content\/uploads\/2023\/12\/lic1-1.jpg\" \/>\n\t<meta property=\"og:image:width\" content=\"395\" \/>\n\t<meta property=\"og:image:height\" content=\"600\" \/>\n\t<meta property=\"og:image:type\" content=\"image\/jpeg\" \/>\n<meta name=\"twitter:card\" content=\"summary_large_image\" \/>\n<meta name=\"twitter:label1\" content=\"Est. tempo de leitura\" \/>\n\t<meta name=\"twitter:data1\" content=\"1 minuto\" \/>\n<script type=\"application\/ld+json\" class=\"yoast-schema-graph\">{\"@context\":\"https:\\\/\\\/schema.org\",\"@graph\":[{\"@type\":\"WebPage\",\"@id\":\"https:\\\/\\\/ponteseditores.com.br\\\/loja3\\\/pontes-editores-home-2__trashed\\\/linguistica\\\/pesquisa-na-licenciatura-em-letras-caminhos-possiveis-para-o-professor-de-lingua-estrangeira-volume-1\\\/\",\"url\":\"https:\\\/\\\/ponteseditores.com.br\\\/loja3\\\/pontes-editores-home-2__trashed\\\/linguistica\\\/pesquisa-na-licenciatura-em-letras-caminhos-possiveis-para-o-professor-de-lingua-estrangeira-volume-1\\\/\",\"name\":\"PESQUISA NA LICENCIATURA EM LETRAS Caminhos poss\u00edveis para o professor de l\u00edngua estrangeira - volume 1 - Pontes Editores\",\"isPartOf\":{\"@id\":\"https:\\\/\\\/ponteseditores.com.br\\\/loja3\\\/#website\"},\"primaryImageOfPage\":{\"@id\":\"https:\\\/\\\/ponteseditores.com.br\\\/loja3\\\/pontes-editores-home-2__trashed\\\/linguistica\\\/pesquisa-na-licenciatura-em-letras-caminhos-possiveis-para-o-professor-de-lingua-estrangeira-volume-1\\\/#primaryimage\"},\"image\":{\"@id\":\"https:\\\/\\\/ponteseditores.com.br\\\/loja3\\\/pontes-editores-home-2__trashed\\\/linguistica\\\/pesquisa-na-licenciatura-em-letras-caminhos-possiveis-para-o-professor-de-lingua-estrangeira-volume-1\\\/#primaryimage\"},\"thumbnailUrl\":\"https:\\\/\\\/ponteseditores.com.br\\\/loja3\\\/wp-content\\\/uploads\\\/2023\\\/12\\\/lic1-1.jpg\",\"datePublished\":\"2023-12-15T03:43:09+00:00\",\"dateModified\":\"2023-12-15T15:12:47+00:00\",\"breadcrumb\":{\"@id\":\"https:\\\/\\\/ponteseditores.com.br\\\/loja3\\\/pontes-editores-home-2__trashed\\\/linguistica\\\/pesquisa-na-licenciatura-em-letras-caminhos-possiveis-para-o-professor-de-lingua-estrangeira-volume-1\\\/#breadcrumb\"},\"inLanguage\":\"pt-BR\",\"potentialAction\":[{\"@type\":\"ReadAction\",\"target\":[\"https:\\\/\\\/ponteseditores.com.br\\\/loja3\\\/pontes-editores-home-2__trashed\\\/linguistica\\\/pesquisa-na-licenciatura-em-letras-caminhos-possiveis-para-o-professor-de-lingua-estrangeira-volume-1\\\/\"]}]},{\"@type\":\"ImageObject\",\"inLanguage\":\"pt-BR\",\"@id\":\"https:\\\/\\\/ponteseditores.com.br\\\/loja3\\\/pontes-editores-home-2__trashed\\\/linguistica\\\/pesquisa-na-licenciatura-em-letras-caminhos-possiveis-para-o-professor-de-lingua-estrangeira-volume-1\\\/#primaryimage\",\"url\":\"https:\\\/\\\/ponteseditores.com.br\\\/loja3\\\/wp-content\\\/uploads\\\/2023\\\/12\\\/lic1-1.jpg\",\"contentUrl\":\"https:\\\/\\\/ponteseditores.com.br\\\/loja3\\\/wp-content\\\/uploads\\\/2023\\\/12\\\/lic1-1.jpg\",\"width\":395,\"height\":600},{\"@type\":\"BreadcrumbList\",\"@id\":\"https:\\\/\\\/ponteseditores.com.br\\\/loja3\\\/pontes-editores-home-2__trashed\\\/linguistica\\\/pesquisa-na-licenciatura-em-letras-caminhos-possiveis-para-o-professor-de-lingua-estrangeira-volume-1\\\/#breadcrumb\",\"itemListElement\":[{\"@type\":\"ListItem\",\"position\":1,\"name\":\"Home\",\"item\":\"https:\\\/\\\/ponteseditores.com.br\\\/loja3\\\/\"},{\"@type\":\"ListItem\",\"position\":2,\"name\":\"loja\",\"item\":\"https:\\\/\\\/ponteseditores.com.br\\\/loja3\\\/loja\\\/\"},{\"@type\":\"ListItem\",\"position\":3,\"name\":\"PESQUISA NA LICENCIATURA EM LETRAS Caminhos poss\u00edveis para o professor de l\u00edngua estrangeira &#8211; volume 1\"}]},{\"@type\":\"WebSite\",\"@id\":\"https:\\\/\\\/ponteseditores.com.br\\\/loja3\\\/#website\",\"url\":\"https:\\\/\\\/ponteseditores.com.br\\\/loja3\\\/\",\"name\":\"Pontes Editores\",\"description\":\"Pontes Editores\",\"publisher\":{\"@id\":\"https:\\\/\\\/ponteseditores.com.br\\\/loja3\\\/#organization\"},\"potentialAction\":[{\"@type\":\"SearchAction\",\"target\":{\"@type\":\"EntryPoint\",\"urlTemplate\":\"https:\\\/\\\/ponteseditores.com.br\\\/loja3\\\/?s={search_term_string}\"},\"query-input\":{\"@type\":\"PropertyValueSpecification\",\"valueRequired\":true,\"valueName\":\"search_term_string\"}}],\"inLanguage\":\"pt-BR\"},{\"@type\":\"Organization\",\"@id\":\"https:\\\/\\\/ponteseditores.com.br\\\/loja3\\\/#organization\",\"name\":\"Pontes Editores\",\"url\":\"https:\\\/\\\/ponteseditores.com.br\\\/loja3\\\/\",\"logo\":{\"@type\":\"ImageObject\",\"inLanguage\":\"pt-BR\",\"@id\":\"https:\\\/\\\/ponteseditores.com.br\\\/loja3\\\/#\\\/schema\\\/logo\\\/image\\\/\",\"url\":\"https:\\\/\\\/ponteseditores.com.br\\\/loja3\\\/wp-content\\\/uploads\\\/2023\\\/12\\\/logo-pontes-editores-v2.png\",\"contentUrl\":\"https:\\\/\\\/ponteseditores.com.br\\\/loja3\\\/wp-content\\\/uploads\\\/2023\\\/12\\\/logo-pontes-editores-v2.png\",\"width\":258,\"height\":100,\"caption\":\"Pontes Editores\"},\"image\":{\"@id\":\"https:\\\/\\\/ponteseditores.com.br\\\/loja3\\\/#\\\/schema\\\/logo\\\/image\\\/\"}}]}<\/script>\n<!-- \/ Yoast SEO plugin. -->","yoast_head_json":{"title":"PESQUISA NA LICENCIATURA EM LETRAS Caminhos poss\u00edveis para o professor de l\u00edngua estrangeira - volume 1 - Pontes Editores","robots":{"index":"index","follow":"follow","max-snippet":"max-snippet:-1","max-image-preview":"max-image-preview:large","max-video-preview":"max-video-preview:-1"},"canonical":"https:\/\/ponteseditores.com.br\/loja3\/pontes-editores-home-2__trashed\/linguistica\/pesquisa-na-licenciatura-em-letras-caminhos-possiveis-para-o-professor-de-lingua-estrangeira-volume-1\/","og_locale":"pt_BR","og_type":"article","og_title":"PESQUISA NA LICENCIATURA EM LETRAS Caminhos poss\u00edveis para o professor de l\u00edngua estrangeira - volume 1 - Pontes Editores","og_description":"Os textos que comp\u00f5em a presente colet\u00e2nea s\u00e3o resultado de pesquisas realizadas sobre ensino-aprendizagem de l\u00ednguas estrangeiras no Departamento Acad\u00eamico de L\u00ednguas Estrangeiras Modernas da Universidade Tecnol\u00f3gica Federal do Paran\u00e1, C\u00e2mpus Curitiba. Seus autores s\u00e3o professoras doutoras\/doutorandas do departamento, que escreveram os textos, em sua maioria, juntamente com ex-alunos do Curso de Letras Portugu\u00eas-Ingl\u00eas. O [&hellip;]","og_url":"https:\/\/ponteseditores.com.br\/loja3\/pontes-editores-home-2__trashed\/linguistica\/pesquisa-na-licenciatura-em-letras-caminhos-possiveis-para-o-professor-de-lingua-estrangeira-volume-1\/","og_site_name":"Pontes Editores","article_modified_time":"2023-12-15T15:12:47+00:00","og_image":[{"width":395,"height":600,"url":"https:\/\/ponteseditores.com.br\/loja3\/wp-content\/uploads\/2023\/12\/lic1-1.jpg","type":"image\/jpeg"}],"twitter_card":"summary_large_image","twitter_misc":{"Est. tempo de leitura":"1 minuto"},"schema":{"@context":"https:\/\/schema.org","@graph":[{"@type":"WebPage","@id":"https:\/\/ponteseditores.com.br\/loja3\/pontes-editores-home-2__trashed\/linguistica\/pesquisa-na-licenciatura-em-letras-caminhos-possiveis-para-o-professor-de-lingua-estrangeira-volume-1\/","url":"https:\/\/ponteseditores.com.br\/loja3\/pontes-editores-home-2__trashed\/linguistica\/pesquisa-na-licenciatura-em-letras-caminhos-possiveis-para-o-professor-de-lingua-estrangeira-volume-1\/","name":"PESQUISA NA LICENCIATURA EM LETRAS Caminhos poss\u00edveis para o professor de l\u00edngua estrangeira - volume 1 - Pontes Editores","isPartOf":{"@id":"https:\/\/ponteseditores.com.br\/loja3\/#website"},"primaryImageOfPage":{"@id":"https:\/\/ponteseditores.com.br\/loja3\/pontes-editores-home-2__trashed\/linguistica\/pesquisa-na-licenciatura-em-letras-caminhos-possiveis-para-o-professor-de-lingua-estrangeira-volume-1\/#primaryimage"},"image":{"@id":"https:\/\/ponteseditores.com.br\/loja3\/pontes-editores-home-2__trashed\/linguistica\/pesquisa-na-licenciatura-em-letras-caminhos-possiveis-para-o-professor-de-lingua-estrangeira-volume-1\/#primaryimage"},"thumbnailUrl":"https:\/\/ponteseditores.com.br\/loja3\/wp-content\/uploads\/2023\/12\/lic1-1.jpg","datePublished":"2023-12-15T03:43:09+00:00","dateModified":"2023-12-15T15:12:47+00:00","breadcrumb":{"@id":"https:\/\/ponteseditores.com.br\/loja3\/pontes-editores-home-2__trashed\/linguistica\/pesquisa-na-licenciatura-em-letras-caminhos-possiveis-para-o-professor-de-lingua-estrangeira-volume-1\/#breadcrumb"},"inLanguage":"pt-BR","potentialAction":[{"@type":"ReadAction","target":["https:\/\/ponteseditores.com.br\/loja3\/pontes-editores-home-2__trashed\/linguistica\/pesquisa-na-licenciatura-em-letras-caminhos-possiveis-para-o-professor-de-lingua-estrangeira-volume-1\/"]}]},{"@type":"ImageObject","inLanguage":"pt-BR","@id":"https:\/\/ponteseditores.com.br\/loja3\/pontes-editores-home-2__trashed\/linguistica\/pesquisa-na-licenciatura-em-letras-caminhos-possiveis-para-o-professor-de-lingua-estrangeira-volume-1\/#primaryimage","url":"https:\/\/ponteseditores.com.br\/loja3\/wp-content\/uploads\/2023\/12\/lic1-1.jpg","contentUrl":"https:\/\/ponteseditores.com.br\/loja3\/wp-content\/uploads\/2023\/12\/lic1-1.jpg","width":395,"height":600},{"@type":"BreadcrumbList","@id":"https:\/\/ponteseditores.com.br\/loja3\/pontes-editores-home-2__trashed\/linguistica\/pesquisa-na-licenciatura-em-letras-caminhos-possiveis-para-o-professor-de-lingua-estrangeira-volume-1\/#breadcrumb","itemListElement":[{"@type":"ListItem","position":1,"name":"Home","item":"https:\/\/ponteseditores.com.br\/loja3\/"},{"@type":"ListItem","position":2,"name":"loja","item":"https:\/\/ponteseditores.com.br\/loja3\/loja\/"},{"@type":"ListItem","position":3,"name":"PESQUISA NA LICENCIATURA EM LETRAS Caminhos poss\u00edveis para o professor de l\u00edngua estrangeira &#8211; volume 1"}]},{"@type":"WebSite","@id":"https:\/\/ponteseditores.com.br\/loja3\/#website","url":"https:\/\/ponteseditores.com.br\/loja3\/","name":"Pontes Editores","description":"Pontes Editores","publisher":{"@id":"https:\/\/ponteseditores.com.br\/loja3\/#organization"},"potentialAction":[{"@type":"SearchAction","target":{"@type":"EntryPoint","urlTemplate":"https:\/\/ponteseditores.com.br\/loja3\/?s={search_term_string}"},"query-input":{"@type":"PropertyValueSpecification","valueRequired":true,"valueName":"search_term_string"}}],"inLanguage":"pt-BR"},{"@type":"Organization","@id":"https:\/\/ponteseditores.com.br\/loja3\/#organization","name":"Pontes Editores","url":"https:\/\/ponteseditores.com.br\/loja3\/","logo":{"@type":"ImageObject","inLanguage":"pt-BR","@id":"https:\/\/ponteseditores.com.br\/loja3\/#\/schema\/logo\/image\/","url":"https:\/\/ponteseditores.com.br\/loja3\/wp-content\/uploads\/2023\/12\/logo-pontes-editores-v2.png","contentUrl":"https:\/\/ponteseditores.com.br\/loja3\/wp-content\/uploads\/2023\/12\/logo-pontes-editores-v2.png","width":258,"height":100,"caption":"Pontes Editores"},"image":{"@id":"https:\/\/ponteseditores.com.br\/loja3\/#\/schema\/logo\/image\/"}}]}},"_links":{"self":[{"href":"https:\/\/ponteseditores.com.br\/loja3\/wp-json\/wp\/v2\/product\/7353","targetHints":{"allow":["GET"]}}],"collection":[{"href":"https:\/\/ponteseditores.com.br\/loja3\/wp-json\/wp\/v2\/product"}],"about":[{"href":"https:\/\/ponteseditores.com.br\/loja3\/wp-json\/wp\/v2\/types\/product"}],"replies":[{"embeddable":true,"href":"https:\/\/ponteseditores.com.br\/loja3\/wp-json\/wp\/v2\/comments?post=7353"}],"version-history":[{"count":0,"href":"https:\/\/ponteseditores.com.br\/loja3\/wp-json\/wp\/v2\/product\/7353\/revisions"}],"wp:featuredmedia":[{"embeddable":true,"href":"https:\/\/ponteseditores.com.br\/loja3\/wp-json\/wp\/v2\/media\/7352"}],"wp:attachment":[{"href":"https:\/\/ponteseditores.com.br\/loja3\/wp-json\/wp\/v2\/media?parent=7353"}],"wp:term":[{"taxonomy":"product_brand","embeddable":true,"href":"https:\/\/ponteseditores.com.br\/loja3\/wp-json\/wp\/v2\/product_brand?post=7353"},{"taxonomy":"product_cat","embeddable":true,"href":"https:\/\/ponteseditores.com.br\/loja3\/wp-json\/wp\/v2\/product_cat?post=7353"},{"taxonomy":"product_tag","embeddable":true,"href":"https:\/\/ponteseditores.com.br\/loja3\/wp-json\/wp\/v2\/product_tag?post=7353"}],"curies":[{"name":"wp","href":"https:\/\/api.w.org\/{rel}","templated":true}]}}