{"id":7350,"date":"2023-12-15T00:43:08","date_gmt":"2023-12-15T03:43:08","guid":{"rendered":"https:\/\/ponteseditores.com.br\/loja3\/pontes-editores-home-2__trashed\/sem%20categoria\/traducoes-para-a-primeira-infancia-o-livro-ilustrado-traduzido-no-brasil-volume-6\/"},"modified":"2023-12-15T12:12:47","modified_gmt":"2023-12-15T15:12:47","slug":"traducoes-para-a-primeira-infancia-o-livro-ilustrado-traduzido-no-brasil-volume-6","status":"publish","type":"product","link":"https:\/\/ponteseditores.com.br\/loja3\/pontes-editores-home-2__trashed\/traducao\/traducoes-para-a-primeira-infancia-o-livro-ilustrado-traduzido-no-brasil-volume-6\/","title":{"rendered":"TRADU\u00c7\u00d5ES PARA A PRIMEIRA INF\u00c2NCIA: O LIVRO ILUSTRADO TRADUZIDO NO BRASIL &#8211; volume 6"},"content":{"rendered":"<p>A literatura infantil, e em especial o livro ilustrado, tem ocupado um importante espa\u00e7o no mercado e nas escolas brasileiras. Ao lado das obras de autor brasileiro est\u00e3o as tradu\u00e7\u00f5es, cujo estudo \u00e9 essencial para se compreender a forma\u00e7\u00e3o da literatura infantil nacional e o cen\u00e1rio atual desta literatura. Passando por um panorama hist\u00f3rico das tradu\u00e7\u00f5es para crian\u00e7as no Brasil, sempre em rela\u00e7\u00e3o com a literatura infantil aqui produzida, este livro apresenta uma cartografia dos livros ilustrados traduzidos para crian\u00e7as brasileiras na segunda d\u00e9cada do s\u00e9culo XXI.<\/p>\n","protected":false},"excerpt":{"rendered":"<p>A literatura infantil, e em especial o livro ilustrado, tem ocupado um importante espa\u00e7o no mercado e nas escolas brasileiras. Ao lado das obras de autor brasileiro est\u00e3o as tradu\u00e7\u00f5es, cujo estudo \u00e9 essencial para se compreender a forma\u00e7\u00e3o da literatura infantil nacional e o cen\u00e1rio atual desta literatura. Passando por um panorama hist\u00f3rico das [&hellip;]<\/p>\n","protected":false},"featured_media":7349,"comment_status":"open","ping_status":"closed","template":"","meta":{"_joinchat":[]},"product_brand":[],"product_cat":[332,305],"product_tag":[],"class_list":{"0":"post-7350","1":"product","2":"type-product","3":"status-publish","4":"has-post-thumbnail","6":"product_cat-estudos-da-traducao","7":"product_cat-traducao","8":"product_shipping_class-livro-pontes-editores-fisico","10":"first","11":"instock","12":"shipping-taxable","13":"purchasable","14":"product-type-simple"},"yoast_head":"<!-- This site is optimized with the Yoast SEO plugin v27.4 - https:\/\/yoast.com\/product\/yoast-seo-wordpress\/ -->\n<title>TRADU\u00c7\u00d5ES PARA A PRIMEIRA INF\u00c2NCIA: O LIVRO ILUSTRADO TRADUZIDO NO BRASIL - volume 6 - Pontes Editores<\/title>\n<meta name=\"robots\" content=\"index, follow, max-snippet:-1, max-image-preview:large, max-video-preview:-1\" \/>\n<link rel=\"canonical\" href=\"https:\/\/ponteseditores.com.br\/loja3\/pontes-editores-home-2__trashed\/traducao\/traducoes-para-a-primeira-infancia-o-livro-ilustrado-traduzido-no-brasil-volume-6\/\" \/>\n<meta property=\"og:locale\" content=\"pt_BR\" \/>\n<meta property=\"og:type\" content=\"article\" \/>\n<meta property=\"og:title\" content=\"TRADU\u00c7\u00d5ES PARA A PRIMEIRA INF\u00c2NCIA: O LIVRO ILUSTRADO TRADUZIDO NO BRASIL - volume 6 - Pontes Editores\" \/>\n<meta property=\"og:description\" content=\"A literatura infantil, e em especial o livro ilustrado, tem ocupado um importante espa\u00e7o no mercado e nas escolas brasileiras. Ao lado das obras de autor brasileiro est\u00e3o as tradu\u00e7\u00f5es, cujo estudo \u00e9 essencial para se compreender a forma\u00e7\u00e3o da literatura infantil nacional e o cen\u00e1rio atual desta literatura. Passando por um panorama hist\u00f3rico das [&hellip;]\" \/>\n<meta property=\"og:url\" content=\"https:\/\/ponteseditores.com.br\/loja3\/pontes-editores-home-2__trashed\/traducao\/traducoes-para-a-primeira-infancia-o-livro-ilustrado-traduzido-no-brasil-volume-6\/\" \/>\n<meta property=\"og:site_name\" content=\"Pontes Editores\" \/>\n<meta property=\"article:modified_time\" content=\"2023-12-15T15:12:47+00:00\" \/>\n<meta property=\"og:image\" content=\"https:\/\/ponteseditores.com.br\/loja3\/wp-content\/uploads\/2023\/12\/trad1-4.jpg\" \/>\n\t<meta property=\"og:image:width\" content=\"502\" \/>\n\t<meta property=\"og:image:height\" content=\"768\" \/>\n\t<meta property=\"og:image:type\" content=\"image\/jpeg\" \/>\n<meta name=\"twitter:card\" content=\"summary_large_image\" \/>\n<script type=\"application\/ld+json\" class=\"yoast-schema-graph\">{\"@context\":\"https:\\\/\\\/schema.org\",\"@graph\":[{\"@type\":\"WebPage\",\"@id\":\"https:\\\/\\\/ponteseditores.com.br\\\/loja3\\\/pontes-editores-home-2__trashed\\\/traducao\\\/traducoes-para-a-primeira-infancia-o-livro-ilustrado-traduzido-no-brasil-volume-6\\\/\",\"url\":\"https:\\\/\\\/ponteseditores.com.br\\\/loja3\\\/pontes-editores-home-2__trashed\\\/traducao\\\/traducoes-para-a-primeira-infancia-o-livro-ilustrado-traduzido-no-brasil-volume-6\\\/\",\"name\":\"TRADU\u00c7\u00d5ES PARA A PRIMEIRA INF\u00c2NCIA: O LIVRO ILUSTRADO TRADUZIDO NO BRASIL - volume 6 - Pontes Editores\",\"isPartOf\":{\"@id\":\"https:\\\/\\\/ponteseditores.com.br\\\/loja3\\\/#website\"},\"primaryImageOfPage\":{\"@id\":\"https:\\\/\\\/ponteseditores.com.br\\\/loja3\\\/pontes-editores-home-2__trashed\\\/traducao\\\/traducoes-para-a-primeira-infancia-o-livro-ilustrado-traduzido-no-brasil-volume-6\\\/#primaryimage\"},\"image\":{\"@id\":\"https:\\\/\\\/ponteseditores.com.br\\\/loja3\\\/pontes-editores-home-2__trashed\\\/traducao\\\/traducoes-para-a-primeira-infancia-o-livro-ilustrado-traduzido-no-brasil-volume-6\\\/#primaryimage\"},\"thumbnailUrl\":\"https:\\\/\\\/ponteseditores.com.br\\\/loja3\\\/wp-content\\\/uploads\\\/2023\\\/12\\\/trad1-4.jpg\",\"datePublished\":\"2023-12-15T03:43:08+00:00\",\"dateModified\":\"2023-12-15T15:12:47+00:00\",\"breadcrumb\":{\"@id\":\"https:\\\/\\\/ponteseditores.com.br\\\/loja3\\\/pontes-editores-home-2__trashed\\\/traducao\\\/traducoes-para-a-primeira-infancia-o-livro-ilustrado-traduzido-no-brasil-volume-6\\\/#breadcrumb\"},\"inLanguage\":\"pt-BR\",\"potentialAction\":[{\"@type\":\"ReadAction\",\"target\":[\"https:\\\/\\\/ponteseditores.com.br\\\/loja3\\\/pontes-editores-home-2__trashed\\\/traducao\\\/traducoes-para-a-primeira-infancia-o-livro-ilustrado-traduzido-no-brasil-volume-6\\\/\"]}]},{\"@type\":\"ImageObject\",\"inLanguage\":\"pt-BR\",\"@id\":\"https:\\\/\\\/ponteseditores.com.br\\\/loja3\\\/pontes-editores-home-2__trashed\\\/traducao\\\/traducoes-para-a-primeira-infancia-o-livro-ilustrado-traduzido-no-brasil-volume-6\\\/#primaryimage\",\"url\":\"https:\\\/\\\/ponteseditores.com.br\\\/loja3\\\/wp-content\\\/uploads\\\/2023\\\/12\\\/trad1-4.jpg\",\"contentUrl\":\"https:\\\/\\\/ponteseditores.com.br\\\/loja3\\\/wp-content\\\/uploads\\\/2023\\\/12\\\/trad1-4.jpg\",\"width\":502,\"height\":768},{\"@type\":\"BreadcrumbList\",\"@id\":\"https:\\\/\\\/ponteseditores.com.br\\\/loja3\\\/pontes-editores-home-2__trashed\\\/traducao\\\/traducoes-para-a-primeira-infancia-o-livro-ilustrado-traduzido-no-brasil-volume-6\\\/#breadcrumb\",\"itemListElement\":[{\"@type\":\"ListItem\",\"position\":1,\"name\":\"Home\",\"item\":\"https:\\\/\\\/ponteseditores.com.br\\\/loja3\\\/\"},{\"@type\":\"ListItem\",\"position\":2,\"name\":\"loja\",\"item\":\"https:\\\/\\\/ponteseditores.com.br\\\/loja3\\\/loja\\\/\"},{\"@type\":\"ListItem\",\"position\":3,\"name\":\"TRADU\u00c7\u00d5ES PARA A PRIMEIRA INF\u00c2NCIA: O LIVRO ILUSTRADO TRADUZIDO NO BRASIL &#8211; volume 6\"}]},{\"@type\":\"WebSite\",\"@id\":\"https:\\\/\\\/ponteseditores.com.br\\\/loja3\\\/#website\",\"url\":\"https:\\\/\\\/ponteseditores.com.br\\\/loja3\\\/\",\"name\":\"Pontes Editores\",\"description\":\"Pontes Editores\",\"publisher\":{\"@id\":\"https:\\\/\\\/ponteseditores.com.br\\\/loja3\\\/#organization\"},\"potentialAction\":[{\"@type\":\"SearchAction\",\"target\":{\"@type\":\"EntryPoint\",\"urlTemplate\":\"https:\\\/\\\/ponteseditores.com.br\\\/loja3\\\/?s={search_term_string}\"},\"query-input\":{\"@type\":\"PropertyValueSpecification\",\"valueRequired\":true,\"valueName\":\"search_term_string\"}}],\"inLanguage\":\"pt-BR\"},{\"@type\":\"Organization\",\"@id\":\"https:\\\/\\\/ponteseditores.com.br\\\/loja3\\\/#organization\",\"name\":\"Pontes Editores\",\"url\":\"https:\\\/\\\/ponteseditores.com.br\\\/loja3\\\/\",\"logo\":{\"@type\":\"ImageObject\",\"inLanguage\":\"pt-BR\",\"@id\":\"https:\\\/\\\/ponteseditores.com.br\\\/loja3\\\/#\\\/schema\\\/logo\\\/image\\\/\",\"url\":\"https:\\\/\\\/ponteseditores.com.br\\\/loja3\\\/wp-content\\\/uploads\\\/2023\\\/12\\\/logo-pontes-editores-v2.png\",\"contentUrl\":\"https:\\\/\\\/ponteseditores.com.br\\\/loja3\\\/wp-content\\\/uploads\\\/2023\\\/12\\\/logo-pontes-editores-v2.png\",\"width\":258,\"height\":100,\"caption\":\"Pontes Editores\"},\"image\":{\"@id\":\"https:\\\/\\\/ponteseditores.com.br\\\/loja3\\\/#\\\/schema\\\/logo\\\/image\\\/\"}}]}<\/script>\n<!-- \/ Yoast SEO plugin. -->","yoast_head_json":{"title":"TRADU\u00c7\u00d5ES PARA A PRIMEIRA INF\u00c2NCIA: O LIVRO ILUSTRADO TRADUZIDO NO BRASIL - volume 6 - Pontes Editores","robots":{"index":"index","follow":"follow","max-snippet":"max-snippet:-1","max-image-preview":"max-image-preview:large","max-video-preview":"max-video-preview:-1"},"canonical":"https:\/\/ponteseditores.com.br\/loja3\/pontes-editores-home-2__trashed\/traducao\/traducoes-para-a-primeira-infancia-o-livro-ilustrado-traduzido-no-brasil-volume-6\/","og_locale":"pt_BR","og_type":"article","og_title":"TRADU\u00c7\u00d5ES PARA A PRIMEIRA INF\u00c2NCIA: O LIVRO ILUSTRADO TRADUZIDO NO BRASIL - volume 6 - Pontes Editores","og_description":"A literatura infantil, e em especial o livro ilustrado, tem ocupado um importante espa\u00e7o no mercado e nas escolas brasileiras. Ao lado das obras de autor brasileiro est\u00e3o as tradu\u00e7\u00f5es, cujo estudo \u00e9 essencial para se compreender a forma\u00e7\u00e3o da literatura infantil nacional e o cen\u00e1rio atual desta literatura. Passando por um panorama hist\u00f3rico das [&hellip;]","og_url":"https:\/\/ponteseditores.com.br\/loja3\/pontes-editores-home-2__trashed\/traducao\/traducoes-para-a-primeira-infancia-o-livro-ilustrado-traduzido-no-brasil-volume-6\/","og_site_name":"Pontes Editores","article_modified_time":"2023-12-15T15:12:47+00:00","og_image":[{"width":502,"height":768,"url":"https:\/\/ponteseditores.com.br\/loja3\/wp-content\/uploads\/2023\/12\/trad1-4.jpg","type":"image\/jpeg"}],"twitter_card":"summary_large_image","schema":{"@context":"https:\/\/schema.org","@graph":[{"@type":"WebPage","@id":"https:\/\/ponteseditores.com.br\/loja3\/pontes-editores-home-2__trashed\/traducao\/traducoes-para-a-primeira-infancia-o-livro-ilustrado-traduzido-no-brasil-volume-6\/","url":"https:\/\/ponteseditores.com.br\/loja3\/pontes-editores-home-2__trashed\/traducao\/traducoes-para-a-primeira-infancia-o-livro-ilustrado-traduzido-no-brasil-volume-6\/","name":"TRADU\u00c7\u00d5ES PARA A PRIMEIRA INF\u00c2NCIA: O LIVRO ILUSTRADO TRADUZIDO NO BRASIL - volume 6 - Pontes Editores","isPartOf":{"@id":"https:\/\/ponteseditores.com.br\/loja3\/#website"},"primaryImageOfPage":{"@id":"https:\/\/ponteseditores.com.br\/loja3\/pontes-editores-home-2__trashed\/traducao\/traducoes-para-a-primeira-infancia-o-livro-ilustrado-traduzido-no-brasil-volume-6\/#primaryimage"},"image":{"@id":"https:\/\/ponteseditores.com.br\/loja3\/pontes-editores-home-2__trashed\/traducao\/traducoes-para-a-primeira-infancia-o-livro-ilustrado-traduzido-no-brasil-volume-6\/#primaryimage"},"thumbnailUrl":"https:\/\/ponteseditores.com.br\/loja3\/wp-content\/uploads\/2023\/12\/trad1-4.jpg","datePublished":"2023-12-15T03:43:08+00:00","dateModified":"2023-12-15T15:12:47+00:00","breadcrumb":{"@id":"https:\/\/ponteseditores.com.br\/loja3\/pontes-editores-home-2__trashed\/traducao\/traducoes-para-a-primeira-infancia-o-livro-ilustrado-traduzido-no-brasil-volume-6\/#breadcrumb"},"inLanguage":"pt-BR","potentialAction":[{"@type":"ReadAction","target":["https:\/\/ponteseditores.com.br\/loja3\/pontes-editores-home-2__trashed\/traducao\/traducoes-para-a-primeira-infancia-o-livro-ilustrado-traduzido-no-brasil-volume-6\/"]}]},{"@type":"ImageObject","inLanguage":"pt-BR","@id":"https:\/\/ponteseditores.com.br\/loja3\/pontes-editores-home-2__trashed\/traducao\/traducoes-para-a-primeira-infancia-o-livro-ilustrado-traduzido-no-brasil-volume-6\/#primaryimage","url":"https:\/\/ponteseditores.com.br\/loja3\/wp-content\/uploads\/2023\/12\/trad1-4.jpg","contentUrl":"https:\/\/ponteseditores.com.br\/loja3\/wp-content\/uploads\/2023\/12\/trad1-4.jpg","width":502,"height":768},{"@type":"BreadcrumbList","@id":"https:\/\/ponteseditores.com.br\/loja3\/pontes-editores-home-2__trashed\/traducao\/traducoes-para-a-primeira-infancia-o-livro-ilustrado-traduzido-no-brasil-volume-6\/#breadcrumb","itemListElement":[{"@type":"ListItem","position":1,"name":"Home","item":"https:\/\/ponteseditores.com.br\/loja3\/"},{"@type":"ListItem","position":2,"name":"loja","item":"https:\/\/ponteseditores.com.br\/loja3\/loja\/"},{"@type":"ListItem","position":3,"name":"TRADU\u00c7\u00d5ES PARA A PRIMEIRA INF\u00c2NCIA: O LIVRO ILUSTRADO TRADUZIDO NO BRASIL &#8211; volume 6"}]},{"@type":"WebSite","@id":"https:\/\/ponteseditores.com.br\/loja3\/#website","url":"https:\/\/ponteseditores.com.br\/loja3\/","name":"Pontes Editores","description":"Pontes Editores","publisher":{"@id":"https:\/\/ponteseditores.com.br\/loja3\/#organization"},"potentialAction":[{"@type":"SearchAction","target":{"@type":"EntryPoint","urlTemplate":"https:\/\/ponteseditores.com.br\/loja3\/?s={search_term_string}"},"query-input":{"@type":"PropertyValueSpecification","valueRequired":true,"valueName":"search_term_string"}}],"inLanguage":"pt-BR"},{"@type":"Organization","@id":"https:\/\/ponteseditores.com.br\/loja3\/#organization","name":"Pontes Editores","url":"https:\/\/ponteseditores.com.br\/loja3\/","logo":{"@type":"ImageObject","inLanguage":"pt-BR","@id":"https:\/\/ponteseditores.com.br\/loja3\/#\/schema\/logo\/image\/","url":"https:\/\/ponteseditores.com.br\/loja3\/wp-content\/uploads\/2023\/12\/logo-pontes-editores-v2.png","contentUrl":"https:\/\/ponteseditores.com.br\/loja3\/wp-content\/uploads\/2023\/12\/logo-pontes-editores-v2.png","width":258,"height":100,"caption":"Pontes Editores"},"image":{"@id":"https:\/\/ponteseditores.com.br\/loja3\/#\/schema\/logo\/image\/"}}]}},"_links":{"self":[{"href":"https:\/\/ponteseditores.com.br\/loja3\/wp-json\/wp\/v2\/product\/7350","targetHints":{"allow":["GET"]}}],"collection":[{"href":"https:\/\/ponteseditores.com.br\/loja3\/wp-json\/wp\/v2\/product"}],"about":[{"href":"https:\/\/ponteseditores.com.br\/loja3\/wp-json\/wp\/v2\/types\/product"}],"replies":[{"embeddable":true,"href":"https:\/\/ponteseditores.com.br\/loja3\/wp-json\/wp\/v2\/comments?post=7350"}],"version-history":[{"count":0,"href":"https:\/\/ponteseditores.com.br\/loja3\/wp-json\/wp\/v2\/product\/7350\/revisions"}],"wp:featuredmedia":[{"embeddable":true,"href":"https:\/\/ponteseditores.com.br\/loja3\/wp-json\/wp\/v2\/media\/7349"}],"wp:attachment":[{"href":"https:\/\/ponteseditores.com.br\/loja3\/wp-json\/wp\/v2\/media?parent=7350"}],"wp:term":[{"taxonomy":"product_brand","embeddable":true,"href":"https:\/\/ponteseditores.com.br\/loja3\/wp-json\/wp\/v2\/product_brand?post=7350"},{"taxonomy":"product_cat","embeddable":true,"href":"https:\/\/ponteseditores.com.br\/loja3\/wp-json\/wp\/v2\/product_cat?post=7350"},{"taxonomy":"product_tag","embeddable":true,"href":"https:\/\/ponteseditores.com.br\/loja3\/wp-json\/wp\/v2\/product_tag?post=7350"}],"curies":[{"name":"wp","href":"https:\/\/api.w.org\/{rel}","templated":true}]}}