{"id":7347,"date":"2023-12-15T00:43:07","date_gmt":"2023-12-15T03:43:07","guid":{"rendered":"https:\/\/ponteseditores.com.br\/loja3\/pontes-editores-home-2__trashed\/sem%20categoria\/cinema-e-literatura-poeticas-e-politicas-da-metaficcao\/"},"modified":"2025-04-03T09:40:42","modified_gmt":"2025-04-03T12:40:42","slug":"cinema-e-literatura-poeticas-e-politicas-da-metaficcao","status":"publish","type":"product","link":"https:\/\/ponteseditores.com.br\/loja3\/pontes-editores-home-2__trashed\/cinema\/cinema-e-literatura-poeticas-e-politicas-da-metaficcao\/","title":{"rendered":"Cinema e Literatura: po\u00e9ticas e pol\u00edticas da metafic\u00e7\u00e3o"},"content":{"rendered":"<p>Os textos reunidos neste livro oferecem uma amostra das po\u00e9ticas e pol\u00edticas metaficcionais, seja em contexto f\u00edlmico ou televisivo, seja no contexto de adapta\u00e7\u00e3o f\u00edlmica, seja em contexto liter\u00e1rio. Trata-se de um recorte que ilustra a articula\u00e7\u00e3o entre autorreflexividade e quest\u00f5es de autoria, audi\u00eancia e performance;  metafic\u00e7\u00e3o e crise da representa\u00e7\u00e3o; estrat\u00e9gias criativas de adapta\u00e7\u00e3o \u2013 a exemplo de transposi\u00e7\u00f5es interculturais \u2013 de textos metaficcionais; di\u00e1logo entre g\u00eaneros, inclusive provocando a ascens\u00e3o de g\u00eaneros considerados menores (di\u00e1rios, receitas, narrativas policiais); metafic\u00e7\u00e3o e poeticidade; desdobramentos e encaixes narrativos que fazem equivaler narrador, espectador e leitor, em um jogo especular que ressalta a ruptura hier\u00e1rquica entre eles. Enfim, po\u00e9ticas que conclamam, de forma expl\u00edcita, posicionamentos cr\u00edticos, posturas desconfiadas, cumplicidades imaginativas, que convidam o leitor\/espectador a aprender.<\/p>\n","protected":false},"excerpt":{"rendered":"<p>Os textos reunidos neste livro oferecem uma amostra das po\u00e9ticas e pol\u00edticas metaficcionais, seja em contexto f\u00edlmico ou televisivo, seja no contexto de adapta\u00e7\u00e3o f\u00edlmica, seja em contexto liter\u00e1rio. Trata-se de um recorte que ilustra a articula\u00e7\u00e3o entre autorreflexividade e quest\u00f5es de autoria, audi\u00eancia e performance; metafic\u00e7\u00e3o e crise da representa\u00e7\u00e3o; estrat\u00e9gias criativas de adapta\u00e7\u00e3o [&hellip;]<\/p>\n","protected":false},"featured_media":7346,"comment_status":"open","ping_status":"closed","template":"","meta":{"_joinchat":[]},"product_brand":[],"product_cat":[294,297],"product_tag":[],"class_list":{"0":"post-7347","1":"product","2":"type-product","3":"status-publish","4":"has-post-thumbnail","6":"product_cat-cinema","7":"product_cat-critica-literaria","8":"product_shipping_class-livro-pontes-editores-fisico","10":"first","11":"instock","12":"shipping-taxable","13":"purchasable","14":"product-type-simple"},"yoast_head":"<!-- This site is optimized with the Yoast SEO plugin v27.4 - https:\/\/yoast.com\/product\/yoast-seo-wordpress\/ -->\n<title>Cinema e Literatura: po\u00e9ticas e pol\u00edticas da metafic\u00e7\u00e3o - Pontes Editores<\/title>\n<meta name=\"robots\" content=\"index, follow, max-snippet:-1, max-image-preview:large, max-video-preview:-1\" \/>\n<link rel=\"canonical\" href=\"https:\/\/ponteseditores.com.br\/loja3\/pontes-editores-home-2__trashed\/cinema\/cinema-e-literatura-poeticas-e-politicas-da-metaficcao\/\" \/>\n<meta property=\"og:locale\" content=\"pt_BR\" \/>\n<meta property=\"og:type\" content=\"article\" \/>\n<meta property=\"og:title\" content=\"Cinema e Literatura: po\u00e9ticas e pol\u00edticas da metafic\u00e7\u00e3o - Pontes Editores\" \/>\n<meta property=\"og:description\" content=\"Os textos reunidos neste livro oferecem uma amostra das po\u00e9ticas e pol\u00edticas metaficcionais, seja em contexto f\u00edlmico ou televisivo, seja no contexto de adapta\u00e7\u00e3o f\u00edlmica, seja em contexto liter\u00e1rio. Trata-se de um recorte que ilustra a articula\u00e7\u00e3o entre autorreflexividade e quest\u00f5es de autoria, audi\u00eancia e performance; metafic\u00e7\u00e3o e crise da representa\u00e7\u00e3o; estrat\u00e9gias criativas de adapta\u00e7\u00e3o [&hellip;]\" \/>\n<meta property=\"og:url\" content=\"https:\/\/ponteseditores.com.br\/loja3\/pontes-editores-home-2__trashed\/cinema\/cinema-e-literatura-poeticas-e-politicas-da-metaficcao\/\" \/>\n<meta property=\"og:site_name\" content=\"Pontes Editores\" \/>\n<meta property=\"article:modified_time\" content=\"2025-04-03T12:40:42+00:00\" \/>\n<meta property=\"og:image\" content=\"https:\/\/ponteseditores.com.br\/loja3\/wp-content\/uploads\/2023\/12\/CIN1-1.jpg\" \/>\n\t<meta property=\"og:image:width\" content=\"517\" \/>\n\t<meta property=\"og:image:height\" content=\"768\" \/>\n\t<meta property=\"og:image:type\" content=\"image\/jpeg\" \/>\n<meta name=\"twitter:card\" content=\"summary_large_image\" \/>\n<meta name=\"twitter:label1\" content=\"Est. tempo de leitura\" \/>\n\t<meta name=\"twitter:data1\" content=\"1 minuto\" \/>\n<script type=\"application\/ld+json\" class=\"yoast-schema-graph\">{\"@context\":\"https:\\\/\\\/schema.org\",\"@graph\":[{\"@type\":\"WebPage\",\"@id\":\"https:\\\/\\\/ponteseditores.com.br\\\/loja3\\\/pontes-editores-home-2__trashed\\\/cinema\\\/cinema-e-literatura-poeticas-e-politicas-da-metaficcao\\\/\",\"url\":\"https:\\\/\\\/ponteseditores.com.br\\\/loja3\\\/pontes-editores-home-2__trashed\\\/cinema\\\/cinema-e-literatura-poeticas-e-politicas-da-metaficcao\\\/\",\"name\":\"Cinema e Literatura: po\u00e9ticas e pol\u00edticas da metafic\u00e7\u00e3o - Pontes Editores\",\"isPartOf\":{\"@id\":\"https:\\\/\\\/ponteseditores.com.br\\\/loja3\\\/#website\"},\"primaryImageOfPage\":{\"@id\":\"https:\\\/\\\/ponteseditores.com.br\\\/loja3\\\/pontes-editores-home-2__trashed\\\/cinema\\\/cinema-e-literatura-poeticas-e-politicas-da-metaficcao\\\/#primaryimage\"},\"image\":{\"@id\":\"https:\\\/\\\/ponteseditores.com.br\\\/loja3\\\/pontes-editores-home-2__trashed\\\/cinema\\\/cinema-e-literatura-poeticas-e-politicas-da-metaficcao\\\/#primaryimage\"},\"thumbnailUrl\":\"https:\\\/\\\/ponteseditores.com.br\\\/loja3\\\/wp-content\\\/uploads\\\/2023\\\/12\\\/CIN1-1.jpg\",\"datePublished\":\"2023-12-15T03:43:07+00:00\",\"dateModified\":\"2025-04-03T12:40:42+00:00\",\"breadcrumb\":{\"@id\":\"https:\\\/\\\/ponteseditores.com.br\\\/loja3\\\/pontes-editores-home-2__trashed\\\/cinema\\\/cinema-e-literatura-poeticas-e-politicas-da-metaficcao\\\/#breadcrumb\"},\"inLanguage\":\"pt-BR\",\"potentialAction\":[{\"@type\":\"ReadAction\",\"target\":[\"https:\\\/\\\/ponteseditores.com.br\\\/loja3\\\/pontes-editores-home-2__trashed\\\/cinema\\\/cinema-e-literatura-poeticas-e-politicas-da-metaficcao\\\/\"]}]},{\"@type\":\"ImageObject\",\"inLanguage\":\"pt-BR\",\"@id\":\"https:\\\/\\\/ponteseditores.com.br\\\/loja3\\\/pontes-editores-home-2__trashed\\\/cinema\\\/cinema-e-literatura-poeticas-e-politicas-da-metaficcao\\\/#primaryimage\",\"url\":\"https:\\\/\\\/ponteseditores.com.br\\\/loja3\\\/wp-content\\\/uploads\\\/2023\\\/12\\\/CIN1-1.jpg\",\"contentUrl\":\"https:\\\/\\\/ponteseditores.com.br\\\/loja3\\\/wp-content\\\/uploads\\\/2023\\\/12\\\/CIN1-1.jpg\",\"width\":517,\"height\":768},{\"@type\":\"BreadcrumbList\",\"@id\":\"https:\\\/\\\/ponteseditores.com.br\\\/loja3\\\/pontes-editores-home-2__trashed\\\/cinema\\\/cinema-e-literatura-poeticas-e-politicas-da-metaficcao\\\/#breadcrumb\",\"itemListElement\":[{\"@type\":\"ListItem\",\"position\":1,\"name\":\"Home\",\"item\":\"https:\\\/\\\/ponteseditores.com.br\\\/loja3\\\/\"},{\"@type\":\"ListItem\",\"position\":2,\"name\":\"loja\",\"item\":\"https:\\\/\\\/ponteseditores.com.br\\\/loja3\\\/loja\\\/\"},{\"@type\":\"ListItem\",\"position\":3,\"name\":\"Cinema e Literatura: po\u00e9ticas e pol\u00edticas da metafic\u00e7\u00e3o\"}]},{\"@type\":\"WebSite\",\"@id\":\"https:\\\/\\\/ponteseditores.com.br\\\/loja3\\\/#website\",\"url\":\"https:\\\/\\\/ponteseditores.com.br\\\/loja3\\\/\",\"name\":\"Pontes Editores\",\"description\":\"Pontes Editores\",\"publisher\":{\"@id\":\"https:\\\/\\\/ponteseditores.com.br\\\/loja3\\\/#organization\"},\"potentialAction\":[{\"@type\":\"SearchAction\",\"target\":{\"@type\":\"EntryPoint\",\"urlTemplate\":\"https:\\\/\\\/ponteseditores.com.br\\\/loja3\\\/?s={search_term_string}\"},\"query-input\":{\"@type\":\"PropertyValueSpecification\",\"valueRequired\":true,\"valueName\":\"search_term_string\"}}],\"inLanguage\":\"pt-BR\"},{\"@type\":\"Organization\",\"@id\":\"https:\\\/\\\/ponteseditores.com.br\\\/loja3\\\/#organization\",\"name\":\"Pontes Editores\",\"url\":\"https:\\\/\\\/ponteseditores.com.br\\\/loja3\\\/\",\"logo\":{\"@type\":\"ImageObject\",\"inLanguage\":\"pt-BR\",\"@id\":\"https:\\\/\\\/ponteseditores.com.br\\\/loja3\\\/#\\\/schema\\\/logo\\\/image\\\/\",\"url\":\"https:\\\/\\\/ponteseditores.com.br\\\/loja3\\\/wp-content\\\/uploads\\\/2023\\\/12\\\/logo-pontes-editores-v2.png\",\"contentUrl\":\"https:\\\/\\\/ponteseditores.com.br\\\/loja3\\\/wp-content\\\/uploads\\\/2023\\\/12\\\/logo-pontes-editores-v2.png\",\"width\":258,\"height\":100,\"caption\":\"Pontes Editores\"},\"image\":{\"@id\":\"https:\\\/\\\/ponteseditores.com.br\\\/loja3\\\/#\\\/schema\\\/logo\\\/image\\\/\"}}]}<\/script>\n<!-- \/ Yoast SEO plugin. -->","yoast_head_json":{"title":"Cinema e Literatura: po\u00e9ticas e pol\u00edticas da metafic\u00e7\u00e3o - Pontes Editores","robots":{"index":"index","follow":"follow","max-snippet":"max-snippet:-1","max-image-preview":"max-image-preview:large","max-video-preview":"max-video-preview:-1"},"canonical":"https:\/\/ponteseditores.com.br\/loja3\/pontes-editores-home-2__trashed\/cinema\/cinema-e-literatura-poeticas-e-politicas-da-metaficcao\/","og_locale":"pt_BR","og_type":"article","og_title":"Cinema e Literatura: po\u00e9ticas e pol\u00edticas da metafic\u00e7\u00e3o - Pontes Editores","og_description":"Os textos reunidos neste livro oferecem uma amostra das po\u00e9ticas e pol\u00edticas metaficcionais, seja em contexto f\u00edlmico ou televisivo, seja no contexto de adapta\u00e7\u00e3o f\u00edlmica, seja em contexto liter\u00e1rio. Trata-se de um recorte que ilustra a articula\u00e7\u00e3o entre autorreflexividade e quest\u00f5es de autoria, audi\u00eancia e performance; metafic\u00e7\u00e3o e crise da representa\u00e7\u00e3o; estrat\u00e9gias criativas de adapta\u00e7\u00e3o [&hellip;]","og_url":"https:\/\/ponteseditores.com.br\/loja3\/pontes-editores-home-2__trashed\/cinema\/cinema-e-literatura-poeticas-e-politicas-da-metaficcao\/","og_site_name":"Pontes Editores","article_modified_time":"2025-04-03T12:40:42+00:00","og_image":[{"width":517,"height":768,"url":"https:\/\/ponteseditores.com.br\/loja3\/wp-content\/uploads\/2023\/12\/CIN1-1.jpg","type":"image\/jpeg"}],"twitter_card":"summary_large_image","twitter_misc":{"Est. tempo de leitura":"1 minuto"},"schema":{"@context":"https:\/\/schema.org","@graph":[{"@type":"WebPage","@id":"https:\/\/ponteseditores.com.br\/loja3\/pontes-editores-home-2__trashed\/cinema\/cinema-e-literatura-poeticas-e-politicas-da-metaficcao\/","url":"https:\/\/ponteseditores.com.br\/loja3\/pontes-editores-home-2__trashed\/cinema\/cinema-e-literatura-poeticas-e-politicas-da-metaficcao\/","name":"Cinema e Literatura: po\u00e9ticas e pol\u00edticas da metafic\u00e7\u00e3o - Pontes Editores","isPartOf":{"@id":"https:\/\/ponteseditores.com.br\/loja3\/#website"},"primaryImageOfPage":{"@id":"https:\/\/ponteseditores.com.br\/loja3\/pontes-editores-home-2__trashed\/cinema\/cinema-e-literatura-poeticas-e-politicas-da-metaficcao\/#primaryimage"},"image":{"@id":"https:\/\/ponteseditores.com.br\/loja3\/pontes-editores-home-2__trashed\/cinema\/cinema-e-literatura-poeticas-e-politicas-da-metaficcao\/#primaryimage"},"thumbnailUrl":"https:\/\/ponteseditores.com.br\/loja3\/wp-content\/uploads\/2023\/12\/CIN1-1.jpg","datePublished":"2023-12-15T03:43:07+00:00","dateModified":"2025-04-03T12:40:42+00:00","breadcrumb":{"@id":"https:\/\/ponteseditores.com.br\/loja3\/pontes-editores-home-2__trashed\/cinema\/cinema-e-literatura-poeticas-e-politicas-da-metaficcao\/#breadcrumb"},"inLanguage":"pt-BR","potentialAction":[{"@type":"ReadAction","target":["https:\/\/ponteseditores.com.br\/loja3\/pontes-editores-home-2__trashed\/cinema\/cinema-e-literatura-poeticas-e-politicas-da-metaficcao\/"]}]},{"@type":"ImageObject","inLanguage":"pt-BR","@id":"https:\/\/ponteseditores.com.br\/loja3\/pontes-editores-home-2__trashed\/cinema\/cinema-e-literatura-poeticas-e-politicas-da-metaficcao\/#primaryimage","url":"https:\/\/ponteseditores.com.br\/loja3\/wp-content\/uploads\/2023\/12\/CIN1-1.jpg","contentUrl":"https:\/\/ponteseditores.com.br\/loja3\/wp-content\/uploads\/2023\/12\/CIN1-1.jpg","width":517,"height":768},{"@type":"BreadcrumbList","@id":"https:\/\/ponteseditores.com.br\/loja3\/pontes-editores-home-2__trashed\/cinema\/cinema-e-literatura-poeticas-e-politicas-da-metaficcao\/#breadcrumb","itemListElement":[{"@type":"ListItem","position":1,"name":"Home","item":"https:\/\/ponteseditores.com.br\/loja3\/"},{"@type":"ListItem","position":2,"name":"loja","item":"https:\/\/ponteseditores.com.br\/loja3\/loja\/"},{"@type":"ListItem","position":3,"name":"Cinema e Literatura: po\u00e9ticas e pol\u00edticas da metafic\u00e7\u00e3o"}]},{"@type":"WebSite","@id":"https:\/\/ponteseditores.com.br\/loja3\/#website","url":"https:\/\/ponteseditores.com.br\/loja3\/","name":"Pontes Editores","description":"Pontes Editores","publisher":{"@id":"https:\/\/ponteseditores.com.br\/loja3\/#organization"},"potentialAction":[{"@type":"SearchAction","target":{"@type":"EntryPoint","urlTemplate":"https:\/\/ponteseditores.com.br\/loja3\/?s={search_term_string}"},"query-input":{"@type":"PropertyValueSpecification","valueRequired":true,"valueName":"search_term_string"}}],"inLanguage":"pt-BR"},{"@type":"Organization","@id":"https:\/\/ponteseditores.com.br\/loja3\/#organization","name":"Pontes Editores","url":"https:\/\/ponteseditores.com.br\/loja3\/","logo":{"@type":"ImageObject","inLanguage":"pt-BR","@id":"https:\/\/ponteseditores.com.br\/loja3\/#\/schema\/logo\/image\/","url":"https:\/\/ponteseditores.com.br\/loja3\/wp-content\/uploads\/2023\/12\/logo-pontes-editores-v2.png","contentUrl":"https:\/\/ponteseditores.com.br\/loja3\/wp-content\/uploads\/2023\/12\/logo-pontes-editores-v2.png","width":258,"height":100,"caption":"Pontes Editores"},"image":{"@id":"https:\/\/ponteseditores.com.br\/loja3\/#\/schema\/logo\/image\/"}}]}},"_links":{"self":[{"href":"https:\/\/ponteseditores.com.br\/loja3\/wp-json\/wp\/v2\/product\/7347","targetHints":{"allow":["GET"]}}],"collection":[{"href":"https:\/\/ponteseditores.com.br\/loja3\/wp-json\/wp\/v2\/product"}],"about":[{"href":"https:\/\/ponteseditores.com.br\/loja3\/wp-json\/wp\/v2\/types\/product"}],"replies":[{"embeddable":true,"href":"https:\/\/ponteseditores.com.br\/loja3\/wp-json\/wp\/v2\/comments?post=7347"}],"version-history":[{"count":0,"href":"https:\/\/ponteseditores.com.br\/loja3\/wp-json\/wp\/v2\/product\/7347\/revisions"}],"wp:featuredmedia":[{"embeddable":true,"href":"https:\/\/ponteseditores.com.br\/loja3\/wp-json\/wp\/v2\/media\/7346"}],"wp:attachment":[{"href":"https:\/\/ponteseditores.com.br\/loja3\/wp-json\/wp\/v2\/media?parent=7347"}],"wp:term":[{"taxonomy":"product_brand","embeddable":true,"href":"https:\/\/ponteseditores.com.br\/loja3\/wp-json\/wp\/v2\/product_brand?post=7347"},{"taxonomy":"product_cat","embeddable":true,"href":"https:\/\/ponteseditores.com.br\/loja3\/wp-json\/wp\/v2\/product_cat?post=7347"},{"taxonomy":"product_tag","embeddable":true,"href":"https:\/\/ponteseditores.com.br\/loja3\/wp-json\/wp\/v2\/product_tag?post=7347"}],"curies":[{"name":"wp","href":"https:\/\/api.w.org\/{rel}","templated":true}]}}