{"id":7327,"date":"2023-12-15T00:42:57","date_gmt":"2023-12-15T03:42:57","guid":{"rendered":"https:\/\/ponteseditores.com.br\/loja3\/pontes-editores-home-2__trashed\/sem%20categoria\/caminhos-e-olhares-sistemico-funcionais-uma-homenagem-a-professora-leila-barbara\/"},"modified":"2023-12-15T12:12:49","modified_gmt":"2023-12-15T15:12:49","slug":"caminhos-e-olhares-sistemico-funcionais-uma-homenagem-a-professora-leila-barbara","status":"publish","type":"product","link":"https:\/\/ponteseditores.com.br\/loja3\/pontes-editores-home-2__trashed\/linguagem-e-linguas\/caminhos-e-olhares-sistemico-funcionais-uma-homenagem-a-professora-leila-barbara\/","title":{"rendered":"CAMINHOS E OLHARES SIST\u00caMICO-FUNCIONAIS: UMA HOMENAGEM \u00c0 PROFESSORA LEILA BARBARA"},"content":{"rendered":"<p>Inseridos no campo da Lingu\u00edstica Aplicada e desenvolvidos no Programa de P\u00f3s-gradua\u00e7\u00e3o em LAEL da PUC-SP, os trabalhos refletem os objetos e os objetivos da Lingu\u00edstica Aplicada, estabelecendo di\u00e1logos com outras \u00e1reas de onde emergem os textos sob estudo, na linha de pensamento estabelecido por Moita Lopes (2006, p. 23) na \u201ctentativa de compreender nossos tempos e de abrir espa\u00e7o para vis\u00f5es alternativas ou para ouvir outras vozes que possam revigorar nossa vida social ou v\u00ea-la compreendida por outras hist\u00f3rias\u201d.  E \u00e9 exatamente isso que o leitor encontrar\u00e1 nos trabalhos: um di\u00e1logo com o mundo, uma vez que todos os textos partem de corpora gerados de pr\u00e1ticas sociais leg\u00edtimas, seja da m\u00eddia, do mundo dos neg\u00f3cios, da pol\u00edtica, do mundo acad\u00eamico, da vida, enfim.<\/p>\n<p>Orlando Vian Jr.<\/p>\n<p>Este \u00e9, pois, um verdadeiro livro de homenagem, todo ele feito tamb\u00e9m de interpessoalidade. \u00c9 \u00f3bvio que, tratando-se de um livro acad\u00e9mico, o seu foco \u00e9 sobretudo ideacional e textual, mas, n\u00e3o por acaso, todos os autores revisitam as suas disserta\u00e7\u00f5es de mestrado e constroem narrativamente as suas biografias a partir da influ\u00eancia da Mestre, numa express\u00e3o de total interpessoalidade, e em particular de avaliatividade. Ler este livro mostra os seus autores, a sua investiga\u00e7\u00e3o, o que esta indica de potencial de o que vieram a fazer depois e mostra o amor, o reconhecimento, a admira\u00e7\u00e3o, a d\u00e1diva. Por tudo isto, lido o livro, e parafraseando a homenageada, s\u00f3 posso mesmo dizer: \u201cQue divertido!\u201d<\/p>\n<p>Carlos A. M. Gouveia<\/p>\n","protected":false},"excerpt":{"rendered":"<p>Inseridos no campo da Lingu\u00edstica Aplicada e desenvolvidos no Programa de P\u00f3s-gradua\u00e7\u00e3o em LAEL da PUC-SP, os trabalhos refletem os objetos e os objetivos da Lingu\u00edstica Aplicada, estabelecendo di\u00e1logos com outras \u00e1reas de onde emergem os textos sob estudo, na linha de pensamento estabelecido por Moita Lopes (2006, p. 23) na \u201ctentativa de compreender nossos [&hellip;]<\/p>\n","protected":false},"featured_media":7326,"comment_status":"open","ping_status":"closed","template":"","meta":{"_joinchat":[]},"product_brand":[],"product_cat":[312,290],"product_tag":[],"class_list":{"0":"post-7327","1":"product","2":"type-product","3":"status-publish","4":"has-post-thumbnail","6":"product_cat-estudos-da-linguagem","7":"product_cat-linguagem-e-linguas","8":"product_shipping_class-livro-pontes-editores-fisico","10":"first","11":"instock","12":"shipping-taxable","13":"purchasable","14":"product-type-simple"},"yoast_head":"<!-- This site is optimized with the Yoast SEO plugin v27.4 - https:\/\/yoast.com\/product\/yoast-seo-wordpress\/ -->\n<title>CAMINHOS E OLHARES SIST\u00caMICO-FUNCIONAIS: UMA HOMENAGEM \u00c0 PROFESSORA LEILA BARBARA - Pontes Editores<\/title>\n<meta name=\"robots\" content=\"index, follow, max-snippet:-1, max-image-preview:large, max-video-preview:-1\" \/>\n<link rel=\"canonical\" href=\"https:\/\/ponteseditores.com.br\/loja3\/pontes-editores-home-2__trashed\/linguagem-e-linguas\/caminhos-e-olhares-sistemico-funcionais-uma-homenagem-a-professora-leila-barbara\/\" \/>\n<meta property=\"og:locale\" content=\"pt_BR\" \/>\n<meta property=\"og:type\" content=\"article\" \/>\n<meta property=\"og:title\" content=\"CAMINHOS E OLHARES SIST\u00caMICO-FUNCIONAIS: UMA HOMENAGEM \u00c0 PROFESSORA LEILA BARBARA - Pontes Editores\" \/>\n<meta property=\"og:description\" content=\"Inseridos no campo da Lingu\u00edstica Aplicada e desenvolvidos no Programa de P\u00f3s-gradua\u00e7\u00e3o em LAEL da PUC-SP, os trabalhos refletem os objetos e os objetivos da Lingu\u00edstica Aplicada, estabelecendo di\u00e1logos com outras \u00e1reas de onde emergem os textos sob estudo, na linha de pensamento estabelecido por Moita Lopes (2006, p. 23) na \u201ctentativa de compreender nossos [&hellip;]\" \/>\n<meta property=\"og:url\" content=\"https:\/\/ponteseditores.com.br\/loja3\/pontes-editores-home-2__trashed\/linguagem-e-linguas\/caminhos-e-olhares-sistemico-funcionais-uma-homenagem-a-professora-leila-barbara\/\" \/>\n<meta property=\"og:site_name\" content=\"Pontes Editores\" \/>\n<meta property=\"article:modified_time\" content=\"2023-12-15T15:12:49+00:00\" \/>\n<meta property=\"og:image\" content=\"https:\/\/ponteseditores.com.br\/loja3\/wp-content\/uploads\/2023\/12\/caminhos1-3.jpg\" \/>\n\t<meta property=\"og:image:width\" content=\"398\" \/>\n\t<meta property=\"og:image:height\" content=\"600\" \/>\n\t<meta property=\"og:image:type\" content=\"image\/jpeg\" \/>\n<meta name=\"twitter:card\" content=\"summary_large_image\" \/>\n<meta name=\"twitter:label1\" content=\"Est. tempo de leitura\" \/>\n\t<meta name=\"twitter:data1\" content=\"1 minuto\" \/>\n<script type=\"application\/ld+json\" class=\"yoast-schema-graph\">{\"@context\":\"https:\\\/\\\/schema.org\",\"@graph\":[{\"@type\":\"WebPage\",\"@id\":\"https:\\\/\\\/ponteseditores.com.br\\\/loja3\\\/pontes-editores-home-2__trashed\\\/linguagem-e-linguas\\\/caminhos-e-olhares-sistemico-funcionais-uma-homenagem-a-professora-leila-barbara\\\/\",\"url\":\"https:\\\/\\\/ponteseditores.com.br\\\/loja3\\\/pontes-editores-home-2__trashed\\\/linguagem-e-linguas\\\/caminhos-e-olhares-sistemico-funcionais-uma-homenagem-a-professora-leila-barbara\\\/\",\"name\":\"CAMINHOS E OLHARES SIST\u00caMICO-FUNCIONAIS: UMA HOMENAGEM \u00c0 PROFESSORA LEILA BARBARA - Pontes Editores\",\"isPartOf\":{\"@id\":\"https:\\\/\\\/ponteseditores.com.br\\\/loja3\\\/#website\"},\"primaryImageOfPage\":{\"@id\":\"https:\\\/\\\/ponteseditores.com.br\\\/loja3\\\/pontes-editores-home-2__trashed\\\/linguagem-e-linguas\\\/caminhos-e-olhares-sistemico-funcionais-uma-homenagem-a-professora-leila-barbara\\\/#primaryimage\"},\"image\":{\"@id\":\"https:\\\/\\\/ponteseditores.com.br\\\/loja3\\\/pontes-editores-home-2__trashed\\\/linguagem-e-linguas\\\/caminhos-e-olhares-sistemico-funcionais-uma-homenagem-a-professora-leila-barbara\\\/#primaryimage\"},\"thumbnailUrl\":\"https:\\\/\\\/ponteseditores.com.br\\\/loja3\\\/wp-content\\\/uploads\\\/2023\\\/12\\\/caminhos1-3.jpg\",\"datePublished\":\"2023-12-15T03:42:57+00:00\",\"dateModified\":\"2023-12-15T15:12:49+00:00\",\"breadcrumb\":{\"@id\":\"https:\\\/\\\/ponteseditores.com.br\\\/loja3\\\/pontes-editores-home-2__trashed\\\/linguagem-e-linguas\\\/caminhos-e-olhares-sistemico-funcionais-uma-homenagem-a-professora-leila-barbara\\\/#breadcrumb\"},\"inLanguage\":\"pt-BR\",\"potentialAction\":[{\"@type\":\"ReadAction\",\"target\":[\"https:\\\/\\\/ponteseditores.com.br\\\/loja3\\\/pontes-editores-home-2__trashed\\\/linguagem-e-linguas\\\/caminhos-e-olhares-sistemico-funcionais-uma-homenagem-a-professora-leila-barbara\\\/\"]}]},{\"@type\":\"ImageObject\",\"inLanguage\":\"pt-BR\",\"@id\":\"https:\\\/\\\/ponteseditores.com.br\\\/loja3\\\/pontes-editores-home-2__trashed\\\/linguagem-e-linguas\\\/caminhos-e-olhares-sistemico-funcionais-uma-homenagem-a-professora-leila-barbara\\\/#primaryimage\",\"url\":\"https:\\\/\\\/ponteseditores.com.br\\\/loja3\\\/wp-content\\\/uploads\\\/2023\\\/12\\\/caminhos1-3.jpg\",\"contentUrl\":\"https:\\\/\\\/ponteseditores.com.br\\\/loja3\\\/wp-content\\\/uploads\\\/2023\\\/12\\\/caminhos1-3.jpg\",\"width\":398,\"height\":600},{\"@type\":\"BreadcrumbList\",\"@id\":\"https:\\\/\\\/ponteseditores.com.br\\\/loja3\\\/pontes-editores-home-2__trashed\\\/linguagem-e-linguas\\\/caminhos-e-olhares-sistemico-funcionais-uma-homenagem-a-professora-leila-barbara\\\/#breadcrumb\",\"itemListElement\":[{\"@type\":\"ListItem\",\"position\":1,\"name\":\"Home\",\"item\":\"https:\\\/\\\/ponteseditores.com.br\\\/loja3\\\/\"},{\"@type\":\"ListItem\",\"position\":2,\"name\":\"loja\",\"item\":\"https:\\\/\\\/ponteseditores.com.br\\\/loja3\\\/loja\\\/\"},{\"@type\":\"ListItem\",\"position\":3,\"name\":\"CAMINHOS E OLHARES SIST\u00caMICO-FUNCIONAIS: UMA HOMENAGEM \u00c0 PROFESSORA LEILA BARBARA\"}]},{\"@type\":\"WebSite\",\"@id\":\"https:\\\/\\\/ponteseditores.com.br\\\/loja3\\\/#website\",\"url\":\"https:\\\/\\\/ponteseditores.com.br\\\/loja3\\\/\",\"name\":\"Pontes Editores\",\"description\":\"Pontes Editores\",\"publisher\":{\"@id\":\"https:\\\/\\\/ponteseditores.com.br\\\/loja3\\\/#organization\"},\"potentialAction\":[{\"@type\":\"SearchAction\",\"target\":{\"@type\":\"EntryPoint\",\"urlTemplate\":\"https:\\\/\\\/ponteseditores.com.br\\\/loja3\\\/?s={search_term_string}\"},\"query-input\":{\"@type\":\"PropertyValueSpecification\",\"valueRequired\":true,\"valueName\":\"search_term_string\"}}],\"inLanguage\":\"pt-BR\"},{\"@type\":\"Organization\",\"@id\":\"https:\\\/\\\/ponteseditores.com.br\\\/loja3\\\/#organization\",\"name\":\"Pontes Editores\",\"url\":\"https:\\\/\\\/ponteseditores.com.br\\\/loja3\\\/\",\"logo\":{\"@type\":\"ImageObject\",\"inLanguage\":\"pt-BR\",\"@id\":\"https:\\\/\\\/ponteseditores.com.br\\\/loja3\\\/#\\\/schema\\\/logo\\\/image\\\/\",\"url\":\"https:\\\/\\\/ponteseditores.com.br\\\/loja3\\\/wp-content\\\/uploads\\\/2023\\\/12\\\/logo-pontes-editores-v2.png\",\"contentUrl\":\"https:\\\/\\\/ponteseditores.com.br\\\/loja3\\\/wp-content\\\/uploads\\\/2023\\\/12\\\/logo-pontes-editores-v2.png\",\"width\":258,\"height\":100,\"caption\":\"Pontes Editores\"},\"image\":{\"@id\":\"https:\\\/\\\/ponteseditores.com.br\\\/loja3\\\/#\\\/schema\\\/logo\\\/image\\\/\"}}]}<\/script>\n<!-- \/ Yoast SEO plugin. -->","yoast_head_json":{"title":"CAMINHOS E OLHARES SIST\u00caMICO-FUNCIONAIS: UMA HOMENAGEM \u00c0 PROFESSORA LEILA BARBARA - Pontes Editores","robots":{"index":"index","follow":"follow","max-snippet":"max-snippet:-1","max-image-preview":"max-image-preview:large","max-video-preview":"max-video-preview:-1"},"canonical":"https:\/\/ponteseditores.com.br\/loja3\/pontes-editores-home-2__trashed\/linguagem-e-linguas\/caminhos-e-olhares-sistemico-funcionais-uma-homenagem-a-professora-leila-barbara\/","og_locale":"pt_BR","og_type":"article","og_title":"CAMINHOS E OLHARES SIST\u00caMICO-FUNCIONAIS: UMA HOMENAGEM \u00c0 PROFESSORA LEILA BARBARA - Pontes Editores","og_description":"Inseridos no campo da Lingu\u00edstica Aplicada e desenvolvidos no Programa de P\u00f3s-gradua\u00e7\u00e3o em LAEL da PUC-SP, os trabalhos refletem os objetos e os objetivos da Lingu\u00edstica Aplicada, estabelecendo di\u00e1logos com outras \u00e1reas de onde emergem os textos sob estudo, na linha de pensamento estabelecido por Moita Lopes (2006, p. 23) na \u201ctentativa de compreender nossos [&hellip;]","og_url":"https:\/\/ponteseditores.com.br\/loja3\/pontes-editores-home-2__trashed\/linguagem-e-linguas\/caminhos-e-olhares-sistemico-funcionais-uma-homenagem-a-professora-leila-barbara\/","og_site_name":"Pontes Editores","article_modified_time":"2023-12-15T15:12:49+00:00","og_image":[{"width":398,"height":600,"url":"https:\/\/ponteseditores.com.br\/loja3\/wp-content\/uploads\/2023\/12\/caminhos1-3.jpg","type":"image\/jpeg"}],"twitter_card":"summary_large_image","twitter_misc":{"Est. tempo de leitura":"1 minuto"},"schema":{"@context":"https:\/\/schema.org","@graph":[{"@type":"WebPage","@id":"https:\/\/ponteseditores.com.br\/loja3\/pontes-editores-home-2__trashed\/linguagem-e-linguas\/caminhos-e-olhares-sistemico-funcionais-uma-homenagem-a-professora-leila-barbara\/","url":"https:\/\/ponteseditores.com.br\/loja3\/pontes-editores-home-2__trashed\/linguagem-e-linguas\/caminhos-e-olhares-sistemico-funcionais-uma-homenagem-a-professora-leila-barbara\/","name":"CAMINHOS E OLHARES SIST\u00caMICO-FUNCIONAIS: UMA HOMENAGEM \u00c0 PROFESSORA LEILA BARBARA - Pontes Editores","isPartOf":{"@id":"https:\/\/ponteseditores.com.br\/loja3\/#website"},"primaryImageOfPage":{"@id":"https:\/\/ponteseditores.com.br\/loja3\/pontes-editores-home-2__trashed\/linguagem-e-linguas\/caminhos-e-olhares-sistemico-funcionais-uma-homenagem-a-professora-leila-barbara\/#primaryimage"},"image":{"@id":"https:\/\/ponteseditores.com.br\/loja3\/pontes-editores-home-2__trashed\/linguagem-e-linguas\/caminhos-e-olhares-sistemico-funcionais-uma-homenagem-a-professora-leila-barbara\/#primaryimage"},"thumbnailUrl":"https:\/\/ponteseditores.com.br\/loja3\/wp-content\/uploads\/2023\/12\/caminhos1-3.jpg","datePublished":"2023-12-15T03:42:57+00:00","dateModified":"2023-12-15T15:12:49+00:00","breadcrumb":{"@id":"https:\/\/ponteseditores.com.br\/loja3\/pontes-editores-home-2__trashed\/linguagem-e-linguas\/caminhos-e-olhares-sistemico-funcionais-uma-homenagem-a-professora-leila-barbara\/#breadcrumb"},"inLanguage":"pt-BR","potentialAction":[{"@type":"ReadAction","target":["https:\/\/ponteseditores.com.br\/loja3\/pontes-editores-home-2__trashed\/linguagem-e-linguas\/caminhos-e-olhares-sistemico-funcionais-uma-homenagem-a-professora-leila-barbara\/"]}]},{"@type":"ImageObject","inLanguage":"pt-BR","@id":"https:\/\/ponteseditores.com.br\/loja3\/pontes-editores-home-2__trashed\/linguagem-e-linguas\/caminhos-e-olhares-sistemico-funcionais-uma-homenagem-a-professora-leila-barbara\/#primaryimage","url":"https:\/\/ponteseditores.com.br\/loja3\/wp-content\/uploads\/2023\/12\/caminhos1-3.jpg","contentUrl":"https:\/\/ponteseditores.com.br\/loja3\/wp-content\/uploads\/2023\/12\/caminhos1-3.jpg","width":398,"height":600},{"@type":"BreadcrumbList","@id":"https:\/\/ponteseditores.com.br\/loja3\/pontes-editores-home-2__trashed\/linguagem-e-linguas\/caminhos-e-olhares-sistemico-funcionais-uma-homenagem-a-professora-leila-barbara\/#breadcrumb","itemListElement":[{"@type":"ListItem","position":1,"name":"Home","item":"https:\/\/ponteseditores.com.br\/loja3\/"},{"@type":"ListItem","position":2,"name":"loja","item":"https:\/\/ponteseditores.com.br\/loja3\/loja\/"},{"@type":"ListItem","position":3,"name":"CAMINHOS E OLHARES SIST\u00caMICO-FUNCIONAIS: UMA HOMENAGEM \u00c0 PROFESSORA LEILA BARBARA"}]},{"@type":"WebSite","@id":"https:\/\/ponteseditores.com.br\/loja3\/#website","url":"https:\/\/ponteseditores.com.br\/loja3\/","name":"Pontes Editores","description":"Pontes Editores","publisher":{"@id":"https:\/\/ponteseditores.com.br\/loja3\/#organization"},"potentialAction":[{"@type":"SearchAction","target":{"@type":"EntryPoint","urlTemplate":"https:\/\/ponteseditores.com.br\/loja3\/?s={search_term_string}"},"query-input":{"@type":"PropertyValueSpecification","valueRequired":true,"valueName":"search_term_string"}}],"inLanguage":"pt-BR"},{"@type":"Organization","@id":"https:\/\/ponteseditores.com.br\/loja3\/#organization","name":"Pontes Editores","url":"https:\/\/ponteseditores.com.br\/loja3\/","logo":{"@type":"ImageObject","inLanguage":"pt-BR","@id":"https:\/\/ponteseditores.com.br\/loja3\/#\/schema\/logo\/image\/","url":"https:\/\/ponteseditores.com.br\/loja3\/wp-content\/uploads\/2023\/12\/logo-pontes-editores-v2.png","contentUrl":"https:\/\/ponteseditores.com.br\/loja3\/wp-content\/uploads\/2023\/12\/logo-pontes-editores-v2.png","width":258,"height":100,"caption":"Pontes Editores"},"image":{"@id":"https:\/\/ponteseditores.com.br\/loja3\/#\/schema\/logo\/image\/"}}]}},"_links":{"self":[{"href":"https:\/\/ponteseditores.com.br\/loja3\/wp-json\/wp\/v2\/product\/7327","targetHints":{"allow":["GET"]}}],"collection":[{"href":"https:\/\/ponteseditores.com.br\/loja3\/wp-json\/wp\/v2\/product"}],"about":[{"href":"https:\/\/ponteseditores.com.br\/loja3\/wp-json\/wp\/v2\/types\/product"}],"replies":[{"embeddable":true,"href":"https:\/\/ponteseditores.com.br\/loja3\/wp-json\/wp\/v2\/comments?post=7327"}],"version-history":[{"count":0,"href":"https:\/\/ponteseditores.com.br\/loja3\/wp-json\/wp\/v2\/product\/7327\/revisions"}],"wp:featuredmedia":[{"embeddable":true,"href":"https:\/\/ponteseditores.com.br\/loja3\/wp-json\/wp\/v2\/media\/7326"}],"wp:attachment":[{"href":"https:\/\/ponteseditores.com.br\/loja3\/wp-json\/wp\/v2\/media?parent=7327"}],"wp:term":[{"taxonomy":"product_brand","embeddable":true,"href":"https:\/\/ponteseditores.com.br\/loja3\/wp-json\/wp\/v2\/product_brand?post=7327"},{"taxonomy":"product_cat","embeddable":true,"href":"https:\/\/ponteseditores.com.br\/loja3\/wp-json\/wp\/v2\/product_cat?post=7327"},{"taxonomy":"product_tag","embeddable":true,"href":"https:\/\/ponteseditores.com.br\/loja3\/wp-json\/wp\/v2\/product_tag?post=7327"}],"curies":[{"name":"wp","href":"https:\/\/api.w.org\/{rel}","templated":true}]}}