{"id":7312,"date":"2023-12-15T00:42:53","date_gmt":"2023-12-15T03:42:53","guid":{"rendered":"https:\/\/ponteseditores.com.br\/loja3\/pontes-editores-home-2__trashed\/sem%20categoria\/textualidades-e-reorientacao-social-na-america-latina\/"},"modified":"2023-12-15T12:12:51","modified_gmt":"2023-12-15T15:12:51","slug":"textualidades-e-reorientacao-social-na-america-latina","status":"publish","type":"product","link":"https:\/\/ponteseditores.com.br\/loja3\/pontes-editores-home-2__trashed\/linguistica\/textualidades-e-reorientacao-social-na-america-latina\/","title":{"rendered":"Textualidades e (re)orienta\u00e7\u00e3o social na Am\u00e9rica Latina"},"content":{"rendered":"<p>Educa\u00e7\u00e3o, Lingu\u00edstica e Literatura configuram o eixo tem\u00e1tico deste livro como parte do trabalho de pesquisa de especialistas que abordam as disciplinas da maior riqueza do patrim\u00f4nio imaterial em intera\u00e7\u00e3o entre o Brasil e o Chile, nesses vinte anos de di\u00e1logos acad\u00eamicos, por meio dos congressos internacionais de Humanidades. Este livro re\u00fane textos apresentados no XX Congresso Internacional de Humanidades: Desorienta\u00e7\u00e3o social, incertezas e reorienta\u00e7\u00f5es em Contextos Latino-Americanos, e no VII Encontro do Grupo de Pesquisa \u201cTextualidades Contempor\u00e2neas: Processos de Hibrida\u00e7\u00e3o\u201d. Trata-se de um livro interpretativo pr\u00f3prio para o constru\u00e7\u00e3o de textualidades em contextos latino-americanos aberto ao debate como desafio na diversidade sociocultural dos tempos que correm, submersos como estamos nos processos desencadeados pela hibrida\u00e7\u00e3o dos sistemas culturais, na expans\u00e3o dos g\u00eaneros impuros, na desterritorializa\u00e7\u00e3o dos sujeitos perdidos e desamparados das imigra\u00e7\u00f5es. Os textos produzidos na contemporaneidade mais pr\u00f3xima refletem a multidiversidade que perfilam a cultura, as ci\u00eancias sociais, os estilos e as linguagens na express\u00e3o simb\u00f3lica que transita nas preocupa\u00e7\u00f5es liter\u00e1rias.<\/p>\n","protected":false},"excerpt":{"rendered":"<p>Educa\u00e7\u00e3o, Lingu\u00edstica e Literatura configuram o eixo tem\u00e1tico deste livro como parte do trabalho de pesquisa de especialistas que abordam as disciplinas da maior riqueza do patrim\u00f4nio imaterial em intera\u00e7\u00e3o entre o Brasil e o Chile, nesses vinte anos de di\u00e1logos acad\u00eamicos, por meio dos congressos internacionais de Humanidades. Este livro re\u00fane textos apresentados no [&hellip;]<\/p>\n","protected":false},"featured_media":7311,"comment_status":"open","ping_status":"closed","template":"","meta":{"_joinchat":[]},"product_brand":[],"product_cat":[288,31],"product_tag":[],"class_list":{"0":"post-7312","1":"product","2":"type-product","3":"status-publish","4":"has-post-thumbnail","6":"product_cat-ensino-e-aprendizagem","7":"product_cat-linguistica","8":"product_shipping_class-livro-pontes-editores-fisico","10":"first","11":"instock","12":"shipping-taxable","13":"purchasable","14":"product-type-simple"},"yoast_head":"<!-- This site is optimized with the Yoast SEO plugin v27.4 - https:\/\/yoast.com\/product\/yoast-seo-wordpress\/ -->\n<title>Textualidades e (re)orienta\u00e7\u00e3o social na Am\u00e9rica Latina - Pontes Editores<\/title>\n<meta name=\"robots\" content=\"index, follow, max-snippet:-1, max-image-preview:large, max-video-preview:-1\" \/>\n<link rel=\"canonical\" href=\"https:\/\/ponteseditores.com.br\/loja3\/pontes-editores-home-2__trashed\/linguistica\/textualidades-e-reorientacao-social-na-america-latina\/\" \/>\n<meta property=\"og:locale\" content=\"pt_BR\" \/>\n<meta property=\"og:type\" content=\"article\" \/>\n<meta property=\"og:title\" content=\"Textualidades e (re)orienta\u00e7\u00e3o social na Am\u00e9rica Latina - Pontes Editores\" \/>\n<meta property=\"og:description\" content=\"Educa\u00e7\u00e3o, Lingu\u00edstica e Literatura configuram o eixo tem\u00e1tico deste livro como parte do trabalho de pesquisa de especialistas que abordam as disciplinas da maior riqueza do patrim\u00f4nio imaterial em intera\u00e7\u00e3o entre o Brasil e o Chile, nesses vinte anos de di\u00e1logos acad\u00eamicos, por meio dos congressos internacionais de Humanidades. Este livro re\u00fane textos apresentados no [&hellip;]\" \/>\n<meta property=\"og:url\" content=\"https:\/\/ponteseditores.com.br\/loja3\/pontes-editores-home-2__trashed\/linguistica\/textualidades-e-reorientacao-social-na-america-latina\/\" \/>\n<meta property=\"og:site_name\" content=\"Pontes Editores\" \/>\n<meta property=\"article:modified_time\" content=\"2023-12-15T15:12:51+00:00\" \/>\n<meta property=\"og:image\" content=\"https:\/\/ponteseditores.com.br\/loja3\/wp-content\/uploads\/2023\/12\/TEXTUALI-3.jpg\" \/>\n\t<meta property=\"og:image:width\" content=\"403\" \/>\n\t<meta property=\"og:image:height\" content=\"600\" \/>\n\t<meta property=\"og:image:type\" content=\"image\/jpeg\" \/>\n<meta name=\"twitter:card\" content=\"summary_large_image\" \/>\n<meta name=\"twitter:label1\" content=\"Est. tempo de leitura\" \/>\n\t<meta name=\"twitter:data1\" content=\"1 minuto\" \/>\n<script type=\"application\/ld+json\" class=\"yoast-schema-graph\">{\"@context\":\"https:\\\/\\\/schema.org\",\"@graph\":[{\"@type\":\"WebPage\",\"@id\":\"https:\\\/\\\/ponteseditores.com.br\\\/loja3\\\/pontes-editores-home-2__trashed\\\/linguistica\\\/textualidades-e-reorientacao-social-na-america-latina\\\/\",\"url\":\"https:\\\/\\\/ponteseditores.com.br\\\/loja3\\\/pontes-editores-home-2__trashed\\\/linguistica\\\/textualidades-e-reorientacao-social-na-america-latina\\\/\",\"name\":\"Textualidades e (re)orienta\u00e7\u00e3o social na Am\u00e9rica Latina - Pontes Editores\",\"isPartOf\":{\"@id\":\"https:\\\/\\\/ponteseditores.com.br\\\/loja3\\\/#website\"},\"primaryImageOfPage\":{\"@id\":\"https:\\\/\\\/ponteseditores.com.br\\\/loja3\\\/pontes-editores-home-2__trashed\\\/linguistica\\\/textualidades-e-reorientacao-social-na-america-latina\\\/#primaryimage\"},\"image\":{\"@id\":\"https:\\\/\\\/ponteseditores.com.br\\\/loja3\\\/pontes-editores-home-2__trashed\\\/linguistica\\\/textualidades-e-reorientacao-social-na-america-latina\\\/#primaryimage\"},\"thumbnailUrl\":\"https:\\\/\\\/ponteseditores.com.br\\\/loja3\\\/wp-content\\\/uploads\\\/2023\\\/12\\\/TEXTUALI-3.jpg\",\"datePublished\":\"2023-12-15T03:42:53+00:00\",\"dateModified\":\"2023-12-15T15:12:51+00:00\",\"breadcrumb\":{\"@id\":\"https:\\\/\\\/ponteseditores.com.br\\\/loja3\\\/pontes-editores-home-2__trashed\\\/linguistica\\\/textualidades-e-reorientacao-social-na-america-latina\\\/#breadcrumb\"},\"inLanguage\":\"pt-BR\",\"potentialAction\":[{\"@type\":\"ReadAction\",\"target\":[\"https:\\\/\\\/ponteseditores.com.br\\\/loja3\\\/pontes-editores-home-2__trashed\\\/linguistica\\\/textualidades-e-reorientacao-social-na-america-latina\\\/\"]}]},{\"@type\":\"ImageObject\",\"inLanguage\":\"pt-BR\",\"@id\":\"https:\\\/\\\/ponteseditores.com.br\\\/loja3\\\/pontes-editores-home-2__trashed\\\/linguistica\\\/textualidades-e-reorientacao-social-na-america-latina\\\/#primaryimage\",\"url\":\"https:\\\/\\\/ponteseditores.com.br\\\/loja3\\\/wp-content\\\/uploads\\\/2023\\\/12\\\/TEXTUALI-3.jpg\",\"contentUrl\":\"https:\\\/\\\/ponteseditores.com.br\\\/loja3\\\/wp-content\\\/uploads\\\/2023\\\/12\\\/TEXTUALI-3.jpg\",\"width\":403,\"height\":600},{\"@type\":\"BreadcrumbList\",\"@id\":\"https:\\\/\\\/ponteseditores.com.br\\\/loja3\\\/pontes-editores-home-2__trashed\\\/linguistica\\\/textualidades-e-reorientacao-social-na-america-latina\\\/#breadcrumb\",\"itemListElement\":[{\"@type\":\"ListItem\",\"position\":1,\"name\":\"Home\",\"item\":\"https:\\\/\\\/ponteseditores.com.br\\\/loja3\\\/\"},{\"@type\":\"ListItem\",\"position\":2,\"name\":\"loja\",\"item\":\"https:\\\/\\\/ponteseditores.com.br\\\/loja3\\\/loja\\\/\"},{\"@type\":\"ListItem\",\"position\":3,\"name\":\"Textualidades e (re)orienta\u00e7\u00e3o social na Am\u00e9rica Latina\"}]},{\"@type\":\"WebSite\",\"@id\":\"https:\\\/\\\/ponteseditores.com.br\\\/loja3\\\/#website\",\"url\":\"https:\\\/\\\/ponteseditores.com.br\\\/loja3\\\/\",\"name\":\"Pontes Editores\",\"description\":\"Pontes Editores\",\"publisher\":{\"@id\":\"https:\\\/\\\/ponteseditores.com.br\\\/loja3\\\/#organization\"},\"potentialAction\":[{\"@type\":\"SearchAction\",\"target\":{\"@type\":\"EntryPoint\",\"urlTemplate\":\"https:\\\/\\\/ponteseditores.com.br\\\/loja3\\\/?s={search_term_string}\"},\"query-input\":{\"@type\":\"PropertyValueSpecification\",\"valueRequired\":true,\"valueName\":\"search_term_string\"}}],\"inLanguage\":\"pt-BR\"},{\"@type\":\"Organization\",\"@id\":\"https:\\\/\\\/ponteseditores.com.br\\\/loja3\\\/#organization\",\"name\":\"Pontes Editores\",\"url\":\"https:\\\/\\\/ponteseditores.com.br\\\/loja3\\\/\",\"logo\":{\"@type\":\"ImageObject\",\"inLanguage\":\"pt-BR\",\"@id\":\"https:\\\/\\\/ponteseditores.com.br\\\/loja3\\\/#\\\/schema\\\/logo\\\/image\\\/\",\"url\":\"https:\\\/\\\/ponteseditores.com.br\\\/loja3\\\/wp-content\\\/uploads\\\/2023\\\/12\\\/logo-pontes-editores-v2.png\",\"contentUrl\":\"https:\\\/\\\/ponteseditores.com.br\\\/loja3\\\/wp-content\\\/uploads\\\/2023\\\/12\\\/logo-pontes-editores-v2.png\",\"width\":258,\"height\":100,\"caption\":\"Pontes Editores\"},\"image\":{\"@id\":\"https:\\\/\\\/ponteseditores.com.br\\\/loja3\\\/#\\\/schema\\\/logo\\\/image\\\/\"}}]}<\/script>\n<!-- \/ Yoast SEO plugin. -->","yoast_head_json":{"title":"Textualidades e (re)orienta\u00e7\u00e3o social na Am\u00e9rica Latina - Pontes Editores","robots":{"index":"index","follow":"follow","max-snippet":"max-snippet:-1","max-image-preview":"max-image-preview:large","max-video-preview":"max-video-preview:-1"},"canonical":"https:\/\/ponteseditores.com.br\/loja3\/pontes-editores-home-2__trashed\/linguistica\/textualidades-e-reorientacao-social-na-america-latina\/","og_locale":"pt_BR","og_type":"article","og_title":"Textualidades e (re)orienta\u00e7\u00e3o social na Am\u00e9rica Latina - Pontes Editores","og_description":"Educa\u00e7\u00e3o, Lingu\u00edstica e Literatura configuram o eixo tem\u00e1tico deste livro como parte do trabalho de pesquisa de especialistas que abordam as disciplinas da maior riqueza do patrim\u00f4nio imaterial em intera\u00e7\u00e3o entre o Brasil e o Chile, nesses vinte anos de di\u00e1logos acad\u00eamicos, por meio dos congressos internacionais de Humanidades. Este livro re\u00fane textos apresentados no [&hellip;]","og_url":"https:\/\/ponteseditores.com.br\/loja3\/pontes-editores-home-2__trashed\/linguistica\/textualidades-e-reorientacao-social-na-america-latina\/","og_site_name":"Pontes Editores","article_modified_time":"2023-12-15T15:12:51+00:00","og_image":[{"width":403,"height":600,"url":"https:\/\/ponteseditores.com.br\/loja3\/wp-content\/uploads\/2023\/12\/TEXTUALI-3.jpg","type":"image\/jpeg"}],"twitter_card":"summary_large_image","twitter_misc":{"Est. tempo de leitura":"1 minuto"},"schema":{"@context":"https:\/\/schema.org","@graph":[{"@type":"WebPage","@id":"https:\/\/ponteseditores.com.br\/loja3\/pontes-editores-home-2__trashed\/linguistica\/textualidades-e-reorientacao-social-na-america-latina\/","url":"https:\/\/ponteseditores.com.br\/loja3\/pontes-editores-home-2__trashed\/linguistica\/textualidades-e-reorientacao-social-na-america-latina\/","name":"Textualidades e (re)orienta\u00e7\u00e3o social na Am\u00e9rica Latina - Pontes Editores","isPartOf":{"@id":"https:\/\/ponteseditores.com.br\/loja3\/#website"},"primaryImageOfPage":{"@id":"https:\/\/ponteseditores.com.br\/loja3\/pontes-editores-home-2__trashed\/linguistica\/textualidades-e-reorientacao-social-na-america-latina\/#primaryimage"},"image":{"@id":"https:\/\/ponteseditores.com.br\/loja3\/pontes-editores-home-2__trashed\/linguistica\/textualidades-e-reorientacao-social-na-america-latina\/#primaryimage"},"thumbnailUrl":"https:\/\/ponteseditores.com.br\/loja3\/wp-content\/uploads\/2023\/12\/TEXTUALI-3.jpg","datePublished":"2023-12-15T03:42:53+00:00","dateModified":"2023-12-15T15:12:51+00:00","breadcrumb":{"@id":"https:\/\/ponteseditores.com.br\/loja3\/pontes-editores-home-2__trashed\/linguistica\/textualidades-e-reorientacao-social-na-america-latina\/#breadcrumb"},"inLanguage":"pt-BR","potentialAction":[{"@type":"ReadAction","target":["https:\/\/ponteseditores.com.br\/loja3\/pontes-editores-home-2__trashed\/linguistica\/textualidades-e-reorientacao-social-na-america-latina\/"]}]},{"@type":"ImageObject","inLanguage":"pt-BR","@id":"https:\/\/ponteseditores.com.br\/loja3\/pontes-editores-home-2__trashed\/linguistica\/textualidades-e-reorientacao-social-na-america-latina\/#primaryimage","url":"https:\/\/ponteseditores.com.br\/loja3\/wp-content\/uploads\/2023\/12\/TEXTUALI-3.jpg","contentUrl":"https:\/\/ponteseditores.com.br\/loja3\/wp-content\/uploads\/2023\/12\/TEXTUALI-3.jpg","width":403,"height":600},{"@type":"BreadcrumbList","@id":"https:\/\/ponteseditores.com.br\/loja3\/pontes-editores-home-2__trashed\/linguistica\/textualidades-e-reorientacao-social-na-america-latina\/#breadcrumb","itemListElement":[{"@type":"ListItem","position":1,"name":"Home","item":"https:\/\/ponteseditores.com.br\/loja3\/"},{"@type":"ListItem","position":2,"name":"loja","item":"https:\/\/ponteseditores.com.br\/loja3\/loja\/"},{"@type":"ListItem","position":3,"name":"Textualidades e (re)orienta\u00e7\u00e3o social na Am\u00e9rica Latina"}]},{"@type":"WebSite","@id":"https:\/\/ponteseditores.com.br\/loja3\/#website","url":"https:\/\/ponteseditores.com.br\/loja3\/","name":"Pontes Editores","description":"Pontes Editores","publisher":{"@id":"https:\/\/ponteseditores.com.br\/loja3\/#organization"},"potentialAction":[{"@type":"SearchAction","target":{"@type":"EntryPoint","urlTemplate":"https:\/\/ponteseditores.com.br\/loja3\/?s={search_term_string}"},"query-input":{"@type":"PropertyValueSpecification","valueRequired":true,"valueName":"search_term_string"}}],"inLanguage":"pt-BR"},{"@type":"Organization","@id":"https:\/\/ponteseditores.com.br\/loja3\/#organization","name":"Pontes Editores","url":"https:\/\/ponteseditores.com.br\/loja3\/","logo":{"@type":"ImageObject","inLanguage":"pt-BR","@id":"https:\/\/ponteseditores.com.br\/loja3\/#\/schema\/logo\/image\/","url":"https:\/\/ponteseditores.com.br\/loja3\/wp-content\/uploads\/2023\/12\/logo-pontes-editores-v2.png","contentUrl":"https:\/\/ponteseditores.com.br\/loja3\/wp-content\/uploads\/2023\/12\/logo-pontes-editores-v2.png","width":258,"height":100,"caption":"Pontes Editores"},"image":{"@id":"https:\/\/ponteseditores.com.br\/loja3\/#\/schema\/logo\/image\/"}}]}},"_links":{"self":[{"href":"https:\/\/ponteseditores.com.br\/loja3\/wp-json\/wp\/v2\/product\/7312","targetHints":{"allow":["GET"]}}],"collection":[{"href":"https:\/\/ponteseditores.com.br\/loja3\/wp-json\/wp\/v2\/product"}],"about":[{"href":"https:\/\/ponteseditores.com.br\/loja3\/wp-json\/wp\/v2\/types\/product"}],"replies":[{"embeddable":true,"href":"https:\/\/ponteseditores.com.br\/loja3\/wp-json\/wp\/v2\/comments?post=7312"}],"version-history":[{"count":0,"href":"https:\/\/ponteseditores.com.br\/loja3\/wp-json\/wp\/v2\/product\/7312\/revisions"}],"wp:featuredmedia":[{"embeddable":true,"href":"https:\/\/ponteseditores.com.br\/loja3\/wp-json\/wp\/v2\/media\/7311"}],"wp:attachment":[{"href":"https:\/\/ponteseditores.com.br\/loja3\/wp-json\/wp\/v2\/media?parent=7312"}],"wp:term":[{"taxonomy":"product_brand","embeddable":true,"href":"https:\/\/ponteseditores.com.br\/loja3\/wp-json\/wp\/v2\/product_brand?post=7312"},{"taxonomy":"product_cat","embeddable":true,"href":"https:\/\/ponteseditores.com.br\/loja3\/wp-json\/wp\/v2\/product_cat?post=7312"},{"taxonomy":"product_tag","embeddable":true,"href":"https:\/\/ponteseditores.com.br\/loja3\/wp-json\/wp\/v2\/product_tag?post=7312"}],"curies":[{"name":"wp","href":"https:\/\/api.w.org\/{rel}","templated":true}]}}