{"id":7293,"date":"2023-12-15T00:42:47","date_gmt":"2023-12-15T03:42:47","guid":{"rendered":"https:\/\/ponteseditores.com.br\/loja3\/pontes-editores-home-2__trashed\/sem%20categoria\/estudos-bakhtinianos-em-dialogo-diferentes-perspectivas\/"},"modified":"2023-12-15T12:12:54","modified_gmt":"2023-12-15T15:12:54","slug":"estudos-bakhtinianos-em-dialogo-diferentes-perspectivas","status":"publish","type":"product","link":"https:\/\/ponteseditores.com.br\/loja3\/pontes-editores-home-2__trashed\/linguistica\/estudos-bakhtinianos-em-dialogo-diferentes-perspectivas\/","title":{"rendered":"ESTUDOS  BAKHTINIANOS EM DI\u00c1LOGO:  DIFERENTES PERSPECTIVAS"},"content":{"rendered":"<p>Tendo como objeto de reflex\u00e3o o discurso, o enunciado concreto, a palavra (signo ideol\u00f3gico por excel\u00eancia), o C\u00edrculo de Bakhtin, Vol\u00f3chinov e Medvi\u00e9dev instaura um pensamento filos\u00f3fico sobre a linguagem que pode ser observado pela pr\u00f3pria reitera\u00e7\u00e3o do termo filosofia. Fazer refer\u00eancia \u00e0 filosofia da linguagem, filosofia do signo ideol\u00f3gico, filosofia da palavra e filosofia do ato, dentre outras acep\u00e7\u00f5es, tem como converg\u00eancia, por um lado, contestar abordagens distanciadas de situa\u00e7\u00f5es concretas da produ\u00e7\u00e3o da linguagem e, por outro, voltar-se para a reflex\u00e3o sobre a multiacentua\u00e7\u00e3o da l\u00edngua, sua vivacidade e dinamicidade na arquitet\u00f4nica valorativa, orquestrada por sujeitos situados hist\u00f3rico-socialmente (Vol\u00f3chinov 2017; Bakhtin, 2010). Por essa abordagem filos\u00f3fica, o ato de linguagem, como um ato \u00e9tico, respons\u00e1vel e responsivo, \u00e9 visto em suas complexas rela\u00e7\u00f5es dial\u00f3gicas, mais ou menos aparentes, que se abre a variadas possibilidades de pesquisa a depender do di\u00e1logo travado com o objeto de investiga\u00e7\u00e3o e das quest\u00f5es da\u00ed suscitadas. Esse \u00e9 o caso dos trabalhos reunidos no presente livro, em que um grupo de inquietos pesquisadores problematiza tem\u00e1ticas de interesse tanto da comunidade acad\u00eamica quanto de uma parcela da sociedade atenta a problemas atuais. Considerando a dial\u00e9tica do signo de n\u00e3o s\u00f3 refletir mas sobretudo refratar sentidos, a partir de um conjunto de vozes inter-relacionadas, este livro convida a pensar sobre di\u00e1logos instaurados, seja (i) na \u00e1rea da linguagem, como o estudo da plasticidade da palavra no g\u00eanero piada e do conceito de polifonia para Bakhtin e para Ducrot, seja (ii) com outras \u00e1reas de conhecimento, como a ergologia (tanto no que tange a reflex\u00f5es te\u00f3ricas sobre a rela\u00e7\u00e3o linguagem e trabalho quanto a reflex\u00f5es anal\u00edticas sobre as atividades do professor de EaD e do revisor de textos acad\u00eamicos), a educa\u00e7\u00e3o (no que diz respeito \u00e0 produ\u00e7\u00e3o de documento oficial sobre o ensino de l\u00edngua portuguesa e \u00e0 reelabora\u00e7\u00e3o do curr\u00edculo de cursos de licenciatura em Letras) e a m\u00eddia, filosofia e religi\u00e3o (no tratamento do discurso religioso e sua rela\u00e7\u00e3o com o consumo em programa de televis\u00e3o).  Das inquieta\u00e7\u00f5es da produ\u00e7\u00e3o \u00e0 circula\u00e7\u00e3o e recep\u00e7\u00e3o das pesquisas, esta colet\u00e2nea apresenta importantes respostas referentes aos problemas discutidos sem abrir m\u00e3o da inconclusividade do di\u00e1logo. Nesse espa\u00e7o de interlocu\u00e7\u00e3o, \u00e9 esperado o debate com o leitor n\u00e3o apenas para iluminar as respostas apresentadas ou outras poss\u00edveis, mas tamb\u00e9m para provocar novas perguntas.<\/p>\n<p>Gl\u00f3ria Di Fanti<\/p>\n","protected":false},"excerpt":{"rendered":"<p>Tendo como objeto de reflex\u00e3o o discurso, o enunciado concreto, a palavra (signo ideol\u00f3gico por excel\u00eancia), o C\u00edrculo de Bakhtin, Vol\u00f3chinov e Medvi\u00e9dev instaura um pensamento filos\u00f3fico sobre a linguagem que pode ser observado pela pr\u00f3pria reitera\u00e7\u00e3o do termo filosofia. Fazer refer\u00eancia \u00e0 filosofia da linguagem, filosofia do signo ideol\u00f3gico, filosofia da palavra e filosofia [&hellip;]<\/p>\n","protected":false},"featured_media":7292,"comment_status":"open","ping_status":"closed","template":"","meta":{"_joinchat":[]},"product_brand":[],"product_cat":[31,293],"product_tag":[],"class_list":{"0":"post-7293","1":"product","2":"type-product","3":"status-publish","4":"has-post-thumbnail","6":"product_cat-linguistica","7":"product_cat-meios-auxiliares-do-ensino","8":"product_shipping_class-livro-pontes-editores-fisico","10":"first","11":"instock","12":"shipping-taxable","13":"purchasable","14":"product-type-simple"},"yoast_head":"<!-- This site is optimized with the Yoast SEO plugin v27.4 - https:\/\/yoast.com\/product\/yoast-seo-wordpress\/ -->\n<title>ESTUDOS BAKHTINIANOS EM DI\u00c1LOGO: DIFERENTES PERSPECTIVAS - Pontes Editores<\/title>\n<meta name=\"robots\" content=\"index, follow, max-snippet:-1, max-image-preview:large, max-video-preview:-1\" \/>\n<link rel=\"canonical\" href=\"https:\/\/ponteseditores.com.br\/loja3\/pontes-editores-home-2__trashed\/linguistica\/estudos-bakhtinianos-em-dialogo-diferentes-perspectivas\/\" \/>\n<meta property=\"og:locale\" content=\"pt_BR\" \/>\n<meta property=\"og:type\" content=\"article\" \/>\n<meta property=\"og:title\" content=\"ESTUDOS BAKHTINIANOS EM DI\u00c1LOGO: DIFERENTES PERSPECTIVAS - Pontes Editores\" \/>\n<meta property=\"og:description\" content=\"Tendo como objeto de reflex\u00e3o o discurso, o enunciado concreto, a palavra (signo ideol\u00f3gico por excel\u00eancia), o C\u00edrculo de Bakhtin, Vol\u00f3chinov e Medvi\u00e9dev instaura um pensamento filos\u00f3fico sobre a linguagem que pode ser observado pela pr\u00f3pria reitera\u00e7\u00e3o do termo filosofia. Fazer refer\u00eancia \u00e0 filosofia da linguagem, filosofia do signo ideol\u00f3gico, filosofia da palavra e filosofia [&hellip;]\" \/>\n<meta property=\"og:url\" content=\"https:\/\/ponteseditores.com.br\/loja3\/pontes-editores-home-2__trashed\/linguistica\/estudos-bakhtinianos-em-dialogo-diferentes-perspectivas\/\" \/>\n<meta property=\"og:site_name\" content=\"Pontes Editores\" \/>\n<meta property=\"article:modified_time\" content=\"2023-12-15T15:12:54+00:00\" \/>\n<meta property=\"og:image\" content=\"https:\/\/ponteseditores.com.br\/loja3\/wp-content\/uploads\/2023\/12\/620-20estuds1.jpg\" \/>\n\t<meta property=\"og:image:width\" content=\"414\" \/>\n\t<meta property=\"og:image:height\" content=\"600\" \/>\n\t<meta property=\"og:image:type\" content=\"image\/jpeg\" \/>\n<meta name=\"twitter:card\" content=\"summary_large_image\" \/>\n<meta name=\"twitter:label1\" content=\"Est. tempo de leitura\" \/>\n\t<meta name=\"twitter:data1\" content=\"2 minutos\" \/>\n<script type=\"application\/ld+json\" class=\"yoast-schema-graph\">{\"@context\":\"https:\\\/\\\/schema.org\",\"@graph\":[{\"@type\":\"WebPage\",\"@id\":\"https:\\\/\\\/ponteseditores.com.br\\\/loja3\\\/pontes-editores-home-2__trashed\\\/linguistica\\\/estudos-bakhtinianos-em-dialogo-diferentes-perspectivas\\\/\",\"url\":\"https:\\\/\\\/ponteseditores.com.br\\\/loja3\\\/pontes-editores-home-2__trashed\\\/linguistica\\\/estudos-bakhtinianos-em-dialogo-diferentes-perspectivas\\\/\",\"name\":\"ESTUDOS BAKHTINIANOS EM DI\u00c1LOGO: DIFERENTES PERSPECTIVAS - Pontes Editores\",\"isPartOf\":{\"@id\":\"https:\\\/\\\/ponteseditores.com.br\\\/loja3\\\/#website\"},\"primaryImageOfPage\":{\"@id\":\"https:\\\/\\\/ponteseditores.com.br\\\/loja3\\\/pontes-editores-home-2__trashed\\\/linguistica\\\/estudos-bakhtinianos-em-dialogo-diferentes-perspectivas\\\/#primaryimage\"},\"image\":{\"@id\":\"https:\\\/\\\/ponteseditores.com.br\\\/loja3\\\/pontes-editores-home-2__trashed\\\/linguistica\\\/estudos-bakhtinianos-em-dialogo-diferentes-perspectivas\\\/#primaryimage\"},\"thumbnailUrl\":\"https:\\\/\\\/ponteseditores.com.br\\\/loja3\\\/wp-content\\\/uploads\\\/2023\\\/12\\\/620-20estuds1.jpg\",\"datePublished\":\"2023-12-15T03:42:47+00:00\",\"dateModified\":\"2023-12-15T15:12:54+00:00\",\"breadcrumb\":{\"@id\":\"https:\\\/\\\/ponteseditores.com.br\\\/loja3\\\/pontes-editores-home-2__trashed\\\/linguistica\\\/estudos-bakhtinianos-em-dialogo-diferentes-perspectivas\\\/#breadcrumb\"},\"inLanguage\":\"pt-BR\",\"potentialAction\":[{\"@type\":\"ReadAction\",\"target\":[\"https:\\\/\\\/ponteseditores.com.br\\\/loja3\\\/pontes-editores-home-2__trashed\\\/linguistica\\\/estudos-bakhtinianos-em-dialogo-diferentes-perspectivas\\\/\"]}]},{\"@type\":\"ImageObject\",\"inLanguage\":\"pt-BR\",\"@id\":\"https:\\\/\\\/ponteseditores.com.br\\\/loja3\\\/pontes-editores-home-2__trashed\\\/linguistica\\\/estudos-bakhtinianos-em-dialogo-diferentes-perspectivas\\\/#primaryimage\",\"url\":\"https:\\\/\\\/ponteseditores.com.br\\\/loja3\\\/wp-content\\\/uploads\\\/2023\\\/12\\\/620-20estuds1.jpg\",\"contentUrl\":\"https:\\\/\\\/ponteseditores.com.br\\\/loja3\\\/wp-content\\\/uploads\\\/2023\\\/12\\\/620-20estuds1.jpg\",\"width\":414,\"height\":600},{\"@type\":\"BreadcrumbList\",\"@id\":\"https:\\\/\\\/ponteseditores.com.br\\\/loja3\\\/pontes-editores-home-2__trashed\\\/linguistica\\\/estudos-bakhtinianos-em-dialogo-diferentes-perspectivas\\\/#breadcrumb\",\"itemListElement\":[{\"@type\":\"ListItem\",\"position\":1,\"name\":\"Home\",\"item\":\"https:\\\/\\\/ponteseditores.com.br\\\/loja3\\\/\"},{\"@type\":\"ListItem\",\"position\":2,\"name\":\"loja\",\"item\":\"https:\\\/\\\/ponteseditores.com.br\\\/loja3\\\/loja\\\/\"},{\"@type\":\"ListItem\",\"position\":3,\"name\":\"ESTUDOS BAKHTINIANOS EM DI\u00c1LOGO: DIFERENTES PERSPECTIVAS\"}]},{\"@type\":\"WebSite\",\"@id\":\"https:\\\/\\\/ponteseditores.com.br\\\/loja3\\\/#website\",\"url\":\"https:\\\/\\\/ponteseditores.com.br\\\/loja3\\\/\",\"name\":\"Pontes Editores\",\"description\":\"Pontes Editores\",\"publisher\":{\"@id\":\"https:\\\/\\\/ponteseditores.com.br\\\/loja3\\\/#organization\"},\"potentialAction\":[{\"@type\":\"SearchAction\",\"target\":{\"@type\":\"EntryPoint\",\"urlTemplate\":\"https:\\\/\\\/ponteseditores.com.br\\\/loja3\\\/?s={search_term_string}\"},\"query-input\":{\"@type\":\"PropertyValueSpecification\",\"valueRequired\":true,\"valueName\":\"search_term_string\"}}],\"inLanguage\":\"pt-BR\"},{\"@type\":\"Organization\",\"@id\":\"https:\\\/\\\/ponteseditores.com.br\\\/loja3\\\/#organization\",\"name\":\"Pontes Editores\",\"url\":\"https:\\\/\\\/ponteseditores.com.br\\\/loja3\\\/\",\"logo\":{\"@type\":\"ImageObject\",\"inLanguage\":\"pt-BR\",\"@id\":\"https:\\\/\\\/ponteseditores.com.br\\\/loja3\\\/#\\\/schema\\\/logo\\\/image\\\/\",\"url\":\"https:\\\/\\\/ponteseditores.com.br\\\/loja3\\\/wp-content\\\/uploads\\\/2023\\\/12\\\/logo-pontes-editores-v2.png\",\"contentUrl\":\"https:\\\/\\\/ponteseditores.com.br\\\/loja3\\\/wp-content\\\/uploads\\\/2023\\\/12\\\/logo-pontes-editores-v2.png\",\"width\":258,\"height\":100,\"caption\":\"Pontes Editores\"},\"image\":{\"@id\":\"https:\\\/\\\/ponteseditores.com.br\\\/loja3\\\/#\\\/schema\\\/logo\\\/image\\\/\"}}]}<\/script>\n<!-- \/ Yoast SEO plugin. -->","yoast_head_json":{"title":"ESTUDOS BAKHTINIANOS EM DI\u00c1LOGO: DIFERENTES PERSPECTIVAS - Pontes Editores","robots":{"index":"index","follow":"follow","max-snippet":"max-snippet:-1","max-image-preview":"max-image-preview:large","max-video-preview":"max-video-preview:-1"},"canonical":"https:\/\/ponteseditores.com.br\/loja3\/pontes-editores-home-2__trashed\/linguistica\/estudos-bakhtinianos-em-dialogo-diferentes-perspectivas\/","og_locale":"pt_BR","og_type":"article","og_title":"ESTUDOS BAKHTINIANOS EM DI\u00c1LOGO: DIFERENTES PERSPECTIVAS - Pontes Editores","og_description":"Tendo como objeto de reflex\u00e3o o discurso, o enunciado concreto, a palavra (signo ideol\u00f3gico por excel\u00eancia), o C\u00edrculo de Bakhtin, Vol\u00f3chinov e Medvi\u00e9dev instaura um pensamento filos\u00f3fico sobre a linguagem que pode ser observado pela pr\u00f3pria reitera\u00e7\u00e3o do termo filosofia. Fazer refer\u00eancia \u00e0 filosofia da linguagem, filosofia do signo ideol\u00f3gico, filosofia da palavra e filosofia [&hellip;]","og_url":"https:\/\/ponteseditores.com.br\/loja3\/pontes-editores-home-2__trashed\/linguistica\/estudos-bakhtinianos-em-dialogo-diferentes-perspectivas\/","og_site_name":"Pontes Editores","article_modified_time":"2023-12-15T15:12:54+00:00","og_image":[{"width":414,"height":600,"url":"https:\/\/ponteseditores.com.br\/loja3\/wp-content\/uploads\/2023\/12\/620-20estuds1.jpg","type":"image\/jpeg"}],"twitter_card":"summary_large_image","twitter_misc":{"Est. tempo de leitura":"2 minutos"},"schema":{"@context":"https:\/\/schema.org","@graph":[{"@type":"WebPage","@id":"https:\/\/ponteseditores.com.br\/loja3\/pontes-editores-home-2__trashed\/linguistica\/estudos-bakhtinianos-em-dialogo-diferentes-perspectivas\/","url":"https:\/\/ponteseditores.com.br\/loja3\/pontes-editores-home-2__trashed\/linguistica\/estudos-bakhtinianos-em-dialogo-diferentes-perspectivas\/","name":"ESTUDOS BAKHTINIANOS EM DI\u00c1LOGO: DIFERENTES PERSPECTIVAS - Pontes Editores","isPartOf":{"@id":"https:\/\/ponteseditores.com.br\/loja3\/#website"},"primaryImageOfPage":{"@id":"https:\/\/ponteseditores.com.br\/loja3\/pontes-editores-home-2__trashed\/linguistica\/estudos-bakhtinianos-em-dialogo-diferentes-perspectivas\/#primaryimage"},"image":{"@id":"https:\/\/ponteseditores.com.br\/loja3\/pontes-editores-home-2__trashed\/linguistica\/estudos-bakhtinianos-em-dialogo-diferentes-perspectivas\/#primaryimage"},"thumbnailUrl":"https:\/\/ponteseditores.com.br\/loja3\/wp-content\/uploads\/2023\/12\/620-20estuds1.jpg","datePublished":"2023-12-15T03:42:47+00:00","dateModified":"2023-12-15T15:12:54+00:00","breadcrumb":{"@id":"https:\/\/ponteseditores.com.br\/loja3\/pontes-editores-home-2__trashed\/linguistica\/estudos-bakhtinianos-em-dialogo-diferentes-perspectivas\/#breadcrumb"},"inLanguage":"pt-BR","potentialAction":[{"@type":"ReadAction","target":["https:\/\/ponteseditores.com.br\/loja3\/pontes-editores-home-2__trashed\/linguistica\/estudos-bakhtinianos-em-dialogo-diferentes-perspectivas\/"]}]},{"@type":"ImageObject","inLanguage":"pt-BR","@id":"https:\/\/ponteseditores.com.br\/loja3\/pontes-editores-home-2__trashed\/linguistica\/estudos-bakhtinianos-em-dialogo-diferentes-perspectivas\/#primaryimage","url":"https:\/\/ponteseditores.com.br\/loja3\/wp-content\/uploads\/2023\/12\/620-20estuds1.jpg","contentUrl":"https:\/\/ponteseditores.com.br\/loja3\/wp-content\/uploads\/2023\/12\/620-20estuds1.jpg","width":414,"height":600},{"@type":"BreadcrumbList","@id":"https:\/\/ponteseditores.com.br\/loja3\/pontes-editores-home-2__trashed\/linguistica\/estudos-bakhtinianos-em-dialogo-diferentes-perspectivas\/#breadcrumb","itemListElement":[{"@type":"ListItem","position":1,"name":"Home","item":"https:\/\/ponteseditores.com.br\/loja3\/"},{"@type":"ListItem","position":2,"name":"loja","item":"https:\/\/ponteseditores.com.br\/loja3\/loja\/"},{"@type":"ListItem","position":3,"name":"ESTUDOS BAKHTINIANOS EM DI\u00c1LOGO: DIFERENTES PERSPECTIVAS"}]},{"@type":"WebSite","@id":"https:\/\/ponteseditores.com.br\/loja3\/#website","url":"https:\/\/ponteseditores.com.br\/loja3\/","name":"Pontes Editores","description":"Pontes Editores","publisher":{"@id":"https:\/\/ponteseditores.com.br\/loja3\/#organization"},"potentialAction":[{"@type":"SearchAction","target":{"@type":"EntryPoint","urlTemplate":"https:\/\/ponteseditores.com.br\/loja3\/?s={search_term_string}"},"query-input":{"@type":"PropertyValueSpecification","valueRequired":true,"valueName":"search_term_string"}}],"inLanguage":"pt-BR"},{"@type":"Organization","@id":"https:\/\/ponteseditores.com.br\/loja3\/#organization","name":"Pontes Editores","url":"https:\/\/ponteseditores.com.br\/loja3\/","logo":{"@type":"ImageObject","inLanguage":"pt-BR","@id":"https:\/\/ponteseditores.com.br\/loja3\/#\/schema\/logo\/image\/","url":"https:\/\/ponteseditores.com.br\/loja3\/wp-content\/uploads\/2023\/12\/logo-pontes-editores-v2.png","contentUrl":"https:\/\/ponteseditores.com.br\/loja3\/wp-content\/uploads\/2023\/12\/logo-pontes-editores-v2.png","width":258,"height":100,"caption":"Pontes Editores"},"image":{"@id":"https:\/\/ponteseditores.com.br\/loja3\/#\/schema\/logo\/image\/"}}]}},"_links":{"self":[{"href":"https:\/\/ponteseditores.com.br\/loja3\/wp-json\/wp\/v2\/product\/7293","targetHints":{"allow":["GET"]}}],"collection":[{"href":"https:\/\/ponteseditores.com.br\/loja3\/wp-json\/wp\/v2\/product"}],"about":[{"href":"https:\/\/ponteseditores.com.br\/loja3\/wp-json\/wp\/v2\/types\/product"}],"replies":[{"embeddable":true,"href":"https:\/\/ponteseditores.com.br\/loja3\/wp-json\/wp\/v2\/comments?post=7293"}],"version-history":[{"count":0,"href":"https:\/\/ponteseditores.com.br\/loja3\/wp-json\/wp\/v2\/product\/7293\/revisions"}],"wp:featuredmedia":[{"embeddable":true,"href":"https:\/\/ponteseditores.com.br\/loja3\/wp-json\/wp\/v2\/media\/7292"}],"wp:attachment":[{"href":"https:\/\/ponteseditores.com.br\/loja3\/wp-json\/wp\/v2\/media?parent=7293"}],"wp:term":[{"taxonomy":"product_brand","embeddable":true,"href":"https:\/\/ponteseditores.com.br\/loja3\/wp-json\/wp\/v2\/product_brand?post=7293"},{"taxonomy":"product_cat","embeddable":true,"href":"https:\/\/ponteseditores.com.br\/loja3\/wp-json\/wp\/v2\/product_cat?post=7293"},{"taxonomy":"product_tag","embeddable":true,"href":"https:\/\/ponteseditores.com.br\/loja3\/wp-json\/wp\/v2\/product_tag?post=7293"}],"curies":[{"name":"wp","href":"https:\/\/api.w.org\/{rel}","templated":true}]}}