{"id":7278,"date":"2023-12-15T00:41:36","date_gmt":"2023-12-15T03:41:36","guid":{"rendered":"https:\/\/ponteseditores.com.br\/loja3\/pontes-editores-home-2__trashed\/sem%20categoria\/desafios-contemporaneos-do-ensino-lingua-materna-e-lingua-estrangeira\/"},"modified":"2023-12-15T12:12:55","modified_gmt":"2023-12-15T15:12:55","slug":"desafios-contemporaneos-do-ensino-lingua-materna-e-lingua-estrangeira","status":"publish","type":"product","link":"https:\/\/ponteseditores.com.br\/loja3\/pontes-editores-home-2__trashed\/linguagem-e-linguas\/desafios-contemporaneos-do-ensino-lingua-materna-e-lingua-estrangeira\/","title":{"rendered":"DESAFIOS CONTEMPOR\u00c2NEOS DO ENSINO: L\u00cdNGUA MATERNA E L\u00cdNGUA ESTRANGEIRA"},"content":{"rendered":"<p>Este livro re\u00fane artigos que trazem reflex\u00f5es acerca do ensino de l\u00edngua materna e de l\u00edngua estrangeira, tomando-as no seu estado mais significativo: seu emprego. S\u00e3o discuss\u00f5es primordiais que ampliam os estudos nas \u00e1reas das linguagens, c\u00f3digos e suas tecnologias, observando \u2013 especialmente \u2013 os processos de ensino e de aprendizagem, possibilitando a atualiza\u00e7\u00e3o e a qualifica\u00e7\u00e3o de professores e estudantes. Esses trabalhos trazem novas provoca\u00e7\u00f5es, problematizando projetos e a\u00e7\u00f5es relacionados ao ensino, extens\u00e3o e pesquisa e suas implica\u00e7\u00f5es, na perspectiva de estudiosos de diferentes institui\u00e7\u00f5es de ensino superior do pa\u00eds. Os trabalhos versam sobre abordagens, metodologias, propostas pedag\u00f3gicas e investiga\u00e7\u00f5es  contempor\u00e2neas, que tomam a l\u00edngua como objeto de ensino, consideradas fundamentais para a constitui\u00e7\u00e3o de cidad\u00e3os letrados e cr\u00edticos. Esperamos que esses trabalhos deem continuidade ao debate acad\u00eamico, gerando outras reflex\u00f5es inovadoras, que outros saberes sejam poss\u00edveis, outros di\u00e1logos sejam estabelecidos, outros conhecimentos sejam constru\u00eddos, outras posturas sejam revistas.<\/p>\n","protected":false},"excerpt":{"rendered":"<p>Este livro re\u00fane artigos que trazem reflex\u00f5es acerca do ensino de l\u00edngua materna e de l\u00edngua estrangeira, tomando-as no seu estado mais significativo: seu emprego. S\u00e3o discuss\u00f5es primordiais que ampliam os estudos nas \u00e1reas das linguagens, c\u00f3digos e suas tecnologias, observando \u2013 especialmente \u2013 os processos de ensino e de aprendizagem, possibilitando a atualiza\u00e7\u00e3o e [&hellip;]<\/p>\n","protected":false},"featured_media":7277,"comment_status":"open","ping_status":"closed","template":"","meta":{"_joinchat":[]},"product_brand":[],"product_cat":[290,293],"product_tag":[],"class_list":{"0":"post-7278","1":"product","2":"type-product","3":"status-publish","4":"has-post-thumbnail","6":"product_cat-linguagem-e-linguas","7":"product_cat-meios-auxiliares-do-ensino","8":"product_shipping_class-livro-pontes-editores-fisico","10":"first","11":"instock","12":"shipping-taxable","13":"purchasable","14":"product-type-simple"},"yoast_head":"<!-- This site is optimized with the Yoast SEO plugin v27.4 - https:\/\/yoast.com\/product\/yoast-seo-wordpress\/ -->\n<title>DESAFIOS CONTEMPOR\u00c2NEOS DO ENSINO: L\u00cdNGUA MATERNA E L\u00cdNGUA ESTRANGEIRA - Pontes Editores<\/title>\n<meta name=\"robots\" content=\"index, follow, max-snippet:-1, max-image-preview:large, max-video-preview:-1\" \/>\n<link rel=\"canonical\" href=\"https:\/\/ponteseditores.com.br\/loja3\/pontes-editores-home-2__trashed\/linguagem-e-linguas\/desafios-contemporaneos-do-ensino-lingua-materna-e-lingua-estrangeira\/\" \/>\n<meta property=\"og:locale\" content=\"pt_BR\" \/>\n<meta property=\"og:type\" content=\"article\" \/>\n<meta property=\"og:title\" content=\"DESAFIOS CONTEMPOR\u00c2NEOS DO ENSINO: L\u00cdNGUA MATERNA E L\u00cdNGUA ESTRANGEIRA - Pontes Editores\" \/>\n<meta property=\"og:description\" content=\"Este livro re\u00fane artigos que trazem reflex\u00f5es acerca do ensino de l\u00edngua materna e de l\u00edngua estrangeira, tomando-as no seu estado mais significativo: seu emprego. S\u00e3o discuss\u00f5es primordiais que ampliam os estudos nas \u00e1reas das linguagens, c\u00f3digos e suas tecnologias, observando \u2013 especialmente \u2013 os processos de ensino e de aprendizagem, possibilitando a atualiza\u00e7\u00e3o e [&hellip;]\" \/>\n<meta property=\"og:url\" content=\"https:\/\/ponteseditores.com.br\/loja3\/pontes-editores-home-2__trashed\/linguagem-e-linguas\/desafios-contemporaneos-do-ensino-lingua-materna-e-lingua-estrangeira\/\" \/>\n<meta property=\"og:site_name\" content=\"Pontes Editores\" \/>\n<meta property=\"article:modified_time\" content=\"2023-12-15T15:12:55+00:00\" \/>\n<meta property=\"og:image\" content=\"https:\/\/ponteseditores.com.br\/loja3\/wp-content\/uploads\/2023\/12\/DESA1-1.jpg\" \/>\n\t<meta property=\"og:image:width\" content=\"397\" \/>\n\t<meta property=\"og:image:height\" content=\"600\" \/>\n\t<meta property=\"og:image:type\" content=\"image\/jpeg\" \/>\n<meta name=\"twitter:card\" content=\"summary_large_image\" \/>\n<meta name=\"twitter:label1\" content=\"Est. tempo de leitura\" \/>\n\t<meta name=\"twitter:data1\" content=\"1 minuto\" \/>\n<script type=\"application\/ld+json\" class=\"yoast-schema-graph\">{\"@context\":\"https:\\\/\\\/schema.org\",\"@graph\":[{\"@type\":\"WebPage\",\"@id\":\"https:\\\/\\\/ponteseditores.com.br\\\/loja3\\\/pontes-editores-home-2__trashed\\\/linguagem-e-linguas\\\/desafios-contemporaneos-do-ensino-lingua-materna-e-lingua-estrangeira\\\/\",\"url\":\"https:\\\/\\\/ponteseditores.com.br\\\/loja3\\\/pontes-editores-home-2__trashed\\\/linguagem-e-linguas\\\/desafios-contemporaneos-do-ensino-lingua-materna-e-lingua-estrangeira\\\/\",\"name\":\"DESAFIOS CONTEMPOR\u00c2NEOS DO ENSINO: L\u00cdNGUA MATERNA E L\u00cdNGUA ESTRANGEIRA - Pontes Editores\",\"isPartOf\":{\"@id\":\"https:\\\/\\\/ponteseditores.com.br\\\/loja3\\\/#website\"},\"primaryImageOfPage\":{\"@id\":\"https:\\\/\\\/ponteseditores.com.br\\\/loja3\\\/pontes-editores-home-2__trashed\\\/linguagem-e-linguas\\\/desafios-contemporaneos-do-ensino-lingua-materna-e-lingua-estrangeira\\\/#primaryimage\"},\"image\":{\"@id\":\"https:\\\/\\\/ponteseditores.com.br\\\/loja3\\\/pontes-editores-home-2__trashed\\\/linguagem-e-linguas\\\/desafios-contemporaneos-do-ensino-lingua-materna-e-lingua-estrangeira\\\/#primaryimage\"},\"thumbnailUrl\":\"https:\\\/\\\/ponteseditores.com.br\\\/loja3\\\/wp-content\\\/uploads\\\/2023\\\/12\\\/DESA1-1.jpg\",\"datePublished\":\"2023-12-15T03:41:36+00:00\",\"dateModified\":\"2023-12-15T15:12:55+00:00\",\"breadcrumb\":{\"@id\":\"https:\\\/\\\/ponteseditores.com.br\\\/loja3\\\/pontes-editores-home-2__trashed\\\/linguagem-e-linguas\\\/desafios-contemporaneos-do-ensino-lingua-materna-e-lingua-estrangeira\\\/#breadcrumb\"},\"inLanguage\":\"pt-BR\",\"potentialAction\":[{\"@type\":\"ReadAction\",\"target\":[\"https:\\\/\\\/ponteseditores.com.br\\\/loja3\\\/pontes-editores-home-2__trashed\\\/linguagem-e-linguas\\\/desafios-contemporaneos-do-ensino-lingua-materna-e-lingua-estrangeira\\\/\"]}]},{\"@type\":\"ImageObject\",\"inLanguage\":\"pt-BR\",\"@id\":\"https:\\\/\\\/ponteseditores.com.br\\\/loja3\\\/pontes-editores-home-2__trashed\\\/linguagem-e-linguas\\\/desafios-contemporaneos-do-ensino-lingua-materna-e-lingua-estrangeira\\\/#primaryimage\",\"url\":\"https:\\\/\\\/ponteseditores.com.br\\\/loja3\\\/wp-content\\\/uploads\\\/2023\\\/12\\\/DESA1-1.jpg\",\"contentUrl\":\"https:\\\/\\\/ponteseditores.com.br\\\/loja3\\\/wp-content\\\/uploads\\\/2023\\\/12\\\/DESA1-1.jpg\",\"width\":397,\"height\":600},{\"@type\":\"BreadcrumbList\",\"@id\":\"https:\\\/\\\/ponteseditores.com.br\\\/loja3\\\/pontes-editores-home-2__trashed\\\/linguagem-e-linguas\\\/desafios-contemporaneos-do-ensino-lingua-materna-e-lingua-estrangeira\\\/#breadcrumb\",\"itemListElement\":[{\"@type\":\"ListItem\",\"position\":1,\"name\":\"Home\",\"item\":\"https:\\\/\\\/ponteseditores.com.br\\\/loja3\\\/\"},{\"@type\":\"ListItem\",\"position\":2,\"name\":\"loja\",\"item\":\"https:\\\/\\\/ponteseditores.com.br\\\/loja3\\\/loja\\\/\"},{\"@type\":\"ListItem\",\"position\":3,\"name\":\"DESAFIOS CONTEMPOR\u00c2NEOS DO ENSINO: L\u00cdNGUA MATERNA E L\u00cdNGUA ESTRANGEIRA\"}]},{\"@type\":\"WebSite\",\"@id\":\"https:\\\/\\\/ponteseditores.com.br\\\/loja3\\\/#website\",\"url\":\"https:\\\/\\\/ponteseditores.com.br\\\/loja3\\\/\",\"name\":\"Pontes Editores\",\"description\":\"Pontes Editores\",\"publisher\":{\"@id\":\"https:\\\/\\\/ponteseditores.com.br\\\/loja3\\\/#organization\"},\"potentialAction\":[{\"@type\":\"SearchAction\",\"target\":{\"@type\":\"EntryPoint\",\"urlTemplate\":\"https:\\\/\\\/ponteseditores.com.br\\\/loja3\\\/?s={search_term_string}\"},\"query-input\":{\"@type\":\"PropertyValueSpecification\",\"valueRequired\":true,\"valueName\":\"search_term_string\"}}],\"inLanguage\":\"pt-BR\"},{\"@type\":\"Organization\",\"@id\":\"https:\\\/\\\/ponteseditores.com.br\\\/loja3\\\/#organization\",\"name\":\"Pontes Editores\",\"url\":\"https:\\\/\\\/ponteseditores.com.br\\\/loja3\\\/\",\"logo\":{\"@type\":\"ImageObject\",\"inLanguage\":\"pt-BR\",\"@id\":\"https:\\\/\\\/ponteseditores.com.br\\\/loja3\\\/#\\\/schema\\\/logo\\\/image\\\/\",\"url\":\"https:\\\/\\\/ponteseditores.com.br\\\/loja3\\\/wp-content\\\/uploads\\\/2023\\\/12\\\/logo-pontes-editores-v2.png\",\"contentUrl\":\"https:\\\/\\\/ponteseditores.com.br\\\/loja3\\\/wp-content\\\/uploads\\\/2023\\\/12\\\/logo-pontes-editores-v2.png\",\"width\":258,\"height\":100,\"caption\":\"Pontes Editores\"},\"image\":{\"@id\":\"https:\\\/\\\/ponteseditores.com.br\\\/loja3\\\/#\\\/schema\\\/logo\\\/image\\\/\"}}]}<\/script>\n<!-- \/ Yoast SEO plugin. -->","yoast_head_json":{"title":"DESAFIOS CONTEMPOR\u00c2NEOS DO ENSINO: L\u00cdNGUA MATERNA E L\u00cdNGUA ESTRANGEIRA - Pontes Editores","robots":{"index":"index","follow":"follow","max-snippet":"max-snippet:-1","max-image-preview":"max-image-preview:large","max-video-preview":"max-video-preview:-1"},"canonical":"https:\/\/ponteseditores.com.br\/loja3\/pontes-editores-home-2__trashed\/linguagem-e-linguas\/desafios-contemporaneos-do-ensino-lingua-materna-e-lingua-estrangeira\/","og_locale":"pt_BR","og_type":"article","og_title":"DESAFIOS CONTEMPOR\u00c2NEOS DO ENSINO: L\u00cdNGUA MATERNA E L\u00cdNGUA ESTRANGEIRA - Pontes Editores","og_description":"Este livro re\u00fane artigos que trazem reflex\u00f5es acerca do ensino de l\u00edngua materna e de l\u00edngua estrangeira, tomando-as no seu estado mais significativo: seu emprego. S\u00e3o discuss\u00f5es primordiais que ampliam os estudos nas \u00e1reas das linguagens, c\u00f3digos e suas tecnologias, observando \u2013 especialmente \u2013 os processos de ensino e de aprendizagem, possibilitando a atualiza\u00e7\u00e3o e [&hellip;]","og_url":"https:\/\/ponteseditores.com.br\/loja3\/pontes-editores-home-2__trashed\/linguagem-e-linguas\/desafios-contemporaneos-do-ensino-lingua-materna-e-lingua-estrangeira\/","og_site_name":"Pontes Editores","article_modified_time":"2023-12-15T15:12:55+00:00","og_image":[{"width":397,"height":600,"url":"https:\/\/ponteseditores.com.br\/loja3\/wp-content\/uploads\/2023\/12\/DESA1-1.jpg","type":"image\/jpeg"}],"twitter_card":"summary_large_image","twitter_misc":{"Est. tempo de leitura":"1 minuto"},"schema":{"@context":"https:\/\/schema.org","@graph":[{"@type":"WebPage","@id":"https:\/\/ponteseditores.com.br\/loja3\/pontes-editores-home-2__trashed\/linguagem-e-linguas\/desafios-contemporaneos-do-ensino-lingua-materna-e-lingua-estrangeira\/","url":"https:\/\/ponteseditores.com.br\/loja3\/pontes-editores-home-2__trashed\/linguagem-e-linguas\/desafios-contemporaneos-do-ensino-lingua-materna-e-lingua-estrangeira\/","name":"DESAFIOS CONTEMPOR\u00c2NEOS DO ENSINO: L\u00cdNGUA MATERNA E L\u00cdNGUA ESTRANGEIRA - Pontes Editores","isPartOf":{"@id":"https:\/\/ponteseditores.com.br\/loja3\/#website"},"primaryImageOfPage":{"@id":"https:\/\/ponteseditores.com.br\/loja3\/pontes-editores-home-2__trashed\/linguagem-e-linguas\/desafios-contemporaneos-do-ensino-lingua-materna-e-lingua-estrangeira\/#primaryimage"},"image":{"@id":"https:\/\/ponteseditores.com.br\/loja3\/pontes-editores-home-2__trashed\/linguagem-e-linguas\/desafios-contemporaneos-do-ensino-lingua-materna-e-lingua-estrangeira\/#primaryimage"},"thumbnailUrl":"https:\/\/ponteseditores.com.br\/loja3\/wp-content\/uploads\/2023\/12\/DESA1-1.jpg","datePublished":"2023-12-15T03:41:36+00:00","dateModified":"2023-12-15T15:12:55+00:00","breadcrumb":{"@id":"https:\/\/ponteseditores.com.br\/loja3\/pontes-editores-home-2__trashed\/linguagem-e-linguas\/desafios-contemporaneos-do-ensino-lingua-materna-e-lingua-estrangeira\/#breadcrumb"},"inLanguage":"pt-BR","potentialAction":[{"@type":"ReadAction","target":["https:\/\/ponteseditores.com.br\/loja3\/pontes-editores-home-2__trashed\/linguagem-e-linguas\/desafios-contemporaneos-do-ensino-lingua-materna-e-lingua-estrangeira\/"]}]},{"@type":"ImageObject","inLanguage":"pt-BR","@id":"https:\/\/ponteseditores.com.br\/loja3\/pontes-editores-home-2__trashed\/linguagem-e-linguas\/desafios-contemporaneos-do-ensino-lingua-materna-e-lingua-estrangeira\/#primaryimage","url":"https:\/\/ponteseditores.com.br\/loja3\/wp-content\/uploads\/2023\/12\/DESA1-1.jpg","contentUrl":"https:\/\/ponteseditores.com.br\/loja3\/wp-content\/uploads\/2023\/12\/DESA1-1.jpg","width":397,"height":600},{"@type":"BreadcrumbList","@id":"https:\/\/ponteseditores.com.br\/loja3\/pontes-editores-home-2__trashed\/linguagem-e-linguas\/desafios-contemporaneos-do-ensino-lingua-materna-e-lingua-estrangeira\/#breadcrumb","itemListElement":[{"@type":"ListItem","position":1,"name":"Home","item":"https:\/\/ponteseditores.com.br\/loja3\/"},{"@type":"ListItem","position":2,"name":"loja","item":"https:\/\/ponteseditores.com.br\/loja3\/loja\/"},{"@type":"ListItem","position":3,"name":"DESAFIOS CONTEMPOR\u00c2NEOS DO ENSINO: L\u00cdNGUA MATERNA E L\u00cdNGUA ESTRANGEIRA"}]},{"@type":"WebSite","@id":"https:\/\/ponteseditores.com.br\/loja3\/#website","url":"https:\/\/ponteseditores.com.br\/loja3\/","name":"Pontes Editores","description":"Pontes Editores","publisher":{"@id":"https:\/\/ponteseditores.com.br\/loja3\/#organization"},"potentialAction":[{"@type":"SearchAction","target":{"@type":"EntryPoint","urlTemplate":"https:\/\/ponteseditores.com.br\/loja3\/?s={search_term_string}"},"query-input":{"@type":"PropertyValueSpecification","valueRequired":true,"valueName":"search_term_string"}}],"inLanguage":"pt-BR"},{"@type":"Organization","@id":"https:\/\/ponteseditores.com.br\/loja3\/#organization","name":"Pontes Editores","url":"https:\/\/ponteseditores.com.br\/loja3\/","logo":{"@type":"ImageObject","inLanguage":"pt-BR","@id":"https:\/\/ponteseditores.com.br\/loja3\/#\/schema\/logo\/image\/","url":"https:\/\/ponteseditores.com.br\/loja3\/wp-content\/uploads\/2023\/12\/logo-pontes-editores-v2.png","contentUrl":"https:\/\/ponteseditores.com.br\/loja3\/wp-content\/uploads\/2023\/12\/logo-pontes-editores-v2.png","width":258,"height":100,"caption":"Pontes Editores"},"image":{"@id":"https:\/\/ponteseditores.com.br\/loja3\/#\/schema\/logo\/image\/"}}]}},"_links":{"self":[{"href":"https:\/\/ponteseditores.com.br\/loja3\/wp-json\/wp\/v2\/product\/7278","targetHints":{"allow":["GET"]}}],"collection":[{"href":"https:\/\/ponteseditores.com.br\/loja3\/wp-json\/wp\/v2\/product"}],"about":[{"href":"https:\/\/ponteseditores.com.br\/loja3\/wp-json\/wp\/v2\/types\/product"}],"replies":[{"embeddable":true,"href":"https:\/\/ponteseditores.com.br\/loja3\/wp-json\/wp\/v2\/comments?post=7278"}],"version-history":[{"count":0,"href":"https:\/\/ponteseditores.com.br\/loja3\/wp-json\/wp\/v2\/product\/7278\/revisions"}],"wp:featuredmedia":[{"embeddable":true,"href":"https:\/\/ponteseditores.com.br\/loja3\/wp-json\/wp\/v2\/media\/7277"}],"wp:attachment":[{"href":"https:\/\/ponteseditores.com.br\/loja3\/wp-json\/wp\/v2\/media?parent=7278"}],"wp:term":[{"taxonomy":"product_brand","embeddable":true,"href":"https:\/\/ponteseditores.com.br\/loja3\/wp-json\/wp\/v2\/product_brand?post=7278"},{"taxonomy":"product_cat","embeddable":true,"href":"https:\/\/ponteseditores.com.br\/loja3\/wp-json\/wp\/v2\/product_cat?post=7278"},{"taxonomy":"product_tag","embeddable":true,"href":"https:\/\/ponteseditores.com.br\/loja3\/wp-json\/wp\/v2\/product_tag?post=7278"}],"curies":[{"name":"wp","href":"https:\/\/api.w.org\/{rel}","templated":true}]}}