{"id":7269,"date":"2023-12-15T00:41:33","date_gmt":"2023-12-15T03:41:33","guid":{"rendered":"https:\/\/ponteseditores.com.br\/loja3\/pontes-editores-home-2__trashed\/sem%20categoria\/discurso-sujeito-e-relacoes-de-trabalho-na-contemporaneidade\/"},"modified":"2026-01-26T14:00:30","modified_gmt":"2026-01-26T17:00:30","slug":"discurso-sujeito-e-relacoes-de-trabalho-na-contemporaneidade","status":"publish","type":"product","link":"https:\/\/ponteseditores.com.br\/loja3\/pontes-editores-home-2__trashed\/linguistica\/discurso-sujeito-e-relacoes-de-trabalho-na-contemporaneidade\/","title":{"rendered":"DISCURSO, SUJEITO E RELA\u00c7\u00d5ES  DE TRABALHO NA CONTEMPORANEIDADE"},"content":{"rendered":"<p>Este livro apresenta uma vigorosa reflex\u00e3o, bem sustentada te\u00f3rica, metodol\u00f3gica e analiticamente, na An\u00e1lise de Discurso, em que a ideologia conta fortemente. Toma como objeto de an\u00e1lise rela\u00e7\u00f5es de trabalho, observando a propaganda, logotipos, discursos diversos, cursos de forma\u00e7\u00e3o, programas de gest\u00e3o, o dicion\u00e1rio de compet\u00eancias (manual) da Petrobras. Como se poder\u00e1 concluir, buscar-se compreender os processos de significa\u00e7\u00e3o dessas rela\u00e7\u00f5es \u00e9 importante procedimento para compreender n\u00e3o s\u00f3 uma empresa, como, mais amplamente, o empreendedorismo. Gesto de observa\u00e7\u00e3o que n\u00e3o estaciona no imediato, quando se trata da An\u00e1lise de Discurso, mas abre para considera\u00e7\u00f5es mais largas. Fica, pois, aos seus leitores, trilhar o risco da interpreta\u00e7\u00e3o. Com o benef\u00edcio de terem a sua disposi\u00e7\u00e3o uma forte reflex\u00e3o, sustentada em an\u00e1lises s\u00f3lidas de materiais extremamente importantes na constitui\u00e7\u00e3o de um processo discursivo dos mais relevantes na atualidade. Nos muitos sentidos que isto significa, para o Brasil, mas n\u00e3o s\u00f3. Como poder\u00e3o ver, ou ler.<\/p>\n<p>Eni P. OrlaNDI<\/p>\n","protected":false},"excerpt":{"rendered":"<p>Este livro apresenta uma vigorosa reflex\u00e3o, bem sustentada te\u00f3rica, metodol\u00f3gica e analiticamente, na An\u00e1lise de Discurso, em que a ideologia conta fortemente. Toma como objeto de an\u00e1lise rela\u00e7\u00f5es de trabalho, observando a propaganda, logotipos, discursos diversos, cursos de forma\u00e7\u00e3o, programas de gest\u00e3o, o dicion\u00e1rio de compet\u00eancias (manual) da Petrobras. Como se poder\u00e1 concluir, buscar-se compreender [&hellip;]<\/p>\n","protected":false},"featured_media":7268,"comment_status":"open","ping_status":"closed","template":"","meta":{"_joinchat":[]},"product_brand":[],"product_cat":[301,31],"product_tag":[],"class_list":{"0":"post-7269","1":"product","2":"type-product","3":"status-publish","4":"has-post-thumbnail","6":"product_cat-analise-de-discurso","7":"product_cat-linguistica","8":"product_shipping_class-livro-pontes-editores-fisico","10":"first","11":"instock","12":"shipping-taxable","13":"purchasable","14":"product-type-simple"},"yoast_head":"<!-- This site is optimized with the Yoast SEO plugin v27.4 - https:\/\/yoast.com\/product\/yoast-seo-wordpress\/ -->\n<title>DISCURSO, SUJEITO E RELA\u00c7\u00d5ES DE TRABALHO NA CONTEMPORANEIDADE - Pontes Editores<\/title>\n<meta name=\"robots\" content=\"index, follow, max-snippet:-1, max-image-preview:large, max-video-preview:-1\" \/>\n<link rel=\"canonical\" href=\"https:\/\/ponteseditores.com.br\/loja3\/pontes-editores-home-2__trashed\/linguistica\/discurso-sujeito-e-relacoes-de-trabalho-na-contemporaneidade\/\" \/>\n<meta property=\"og:locale\" content=\"pt_BR\" \/>\n<meta property=\"og:type\" content=\"article\" \/>\n<meta property=\"og:title\" content=\"DISCURSO, SUJEITO E RELA\u00c7\u00d5ES DE TRABALHO NA CONTEMPORANEIDADE - Pontes Editores\" \/>\n<meta property=\"og:description\" content=\"Este livro apresenta uma vigorosa reflex\u00e3o, bem sustentada te\u00f3rica, metodol\u00f3gica e analiticamente, na An\u00e1lise de Discurso, em que a ideologia conta fortemente. Toma como objeto de an\u00e1lise rela\u00e7\u00f5es de trabalho, observando a propaganda, logotipos, discursos diversos, cursos de forma\u00e7\u00e3o, programas de gest\u00e3o, o dicion\u00e1rio de compet\u00eancias (manual) da Petrobras. Como se poder\u00e1 concluir, buscar-se compreender [&hellip;]\" \/>\n<meta property=\"og:url\" content=\"https:\/\/ponteseditores.com.br\/loja3\/pontes-editores-home-2__trashed\/linguistica\/discurso-sujeito-e-relacoes-de-trabalho-na-contemporaneidade\/\" \/>\n<meta property=\"og:site_name\" content=\"Pontes Editores\" \/>\n<meta property=\"article:modified_time\" content=\"2026-01-26T17:00:30+00:00\" \/>\n<meta property=\"og:image\" content=\"https:\/\/ponteseditores.com.br\/loja3\/wp-content\/uploads\/2023\/12\/DIS1-1.jpg\" \/>\n\t<meta property=\"og:image:width\" content=\"391\" \/>\n\t<meta property=\"og:image:height\" content=\"600\" \/>\n\t<meta property=\"og:image:type\" content=\"image\/jpeg\" \/>\n<meta name=\"twitter:card\" content=\"summary_large_image\" \/>\n<meta name=\"twitter:label1\" content=\"Est. tempo de leitura\" \/>\n\t<meta name=\"twitter:data1\" content=\"1 minuto\" \/>\n<script type=\"application\/ld+json\" class=\"yoast-schema-graph\">{\"@context\":\"https:\\\/\\\/schema.org\",\"@graph\":[{\"@type\":\"WebPage\",\"@id\":\"https:\\\/\\\/ponteseditores.com.br\\\/loja3\\\/pontes-editores-home-2__trashed\\\/linguistica\\\/discurso-sujeito-e-relacoes-de-trabalho-na-contemporaneidade\\\/\",\"url\":\"https:\\\/\\\/ponteseditores.com.br\\\/loja3\\\/pontes-editores-home-2__trashed\\\/linguistica\\\/discurso-sujeito-e-relacoes-de-trabalho-na-contemporaneidade\\\/\",\"name\":\"DISCURSO, SUJEITO E RELA\u00c7\u00d5ES DE TRABALHO NA CONTEMPORANEIDADE - Pontes Editores\",\"isPartOf\":{\"@id\":\"https:\\\/\\\/ponteseditores.com.br\\\/loja3\\\/#website\"},\"primaryImageOfPage\":{\"@id\":\"https:\\\/\\\/ponteseditores.com.br\\\/loja3\\\/pontes-editores-home-2__trashed\\\/linguistica\\\/discurso-sujeito-e-relacoes-de-trabalho-na-contemporaneidade\\\/#primaryimage\"},\"image\":{\"@id\":\"https:\\\/\\\/ponteseditores.com.br\\\/loja3\\\/pontes-editores-home-2__trashed\\\/linguistica\\\/discurso-sujeito-e-relacoes-de-trabalho-na-contemporaneidade\\\/#primaryimage\"},\"thumbnailUrl\":\"https:\\\/\\\/ponteseditores.com.br\\\/loja3\\\/wp-content\\\/uploads\\\/2023\\\/12\\\/DIS1-1.jpg\",\"datePublished\":\"2023-12-15T03:41:33+00:00\",\"dateModified\":\"2026-01-26T17:00:30+00:00\",\"breadcrumb\":{\"@id\":\"https:\\\/\\\/ponteseditores.com.br\\\/loja3\\\/pontes-editores-home-2__trashed\\\/linguistica\\\/discurso-sujeito-e-relacoes-de-trabalho-na-contemporaneidade\\\/#breadcrumb\"},\"inLanguage\":\"pt-BR\",\"potentialAction\":[{\"@type\":\"ReadAction\",\"target\":[\"https:\\\/\\\/ponteseditores.com.br\\\/loja3\\\/pontes-editores-home-2__trashed\\\/linguistica\\\/discurso-sujeito-e-relacoes-de-trabalho-na-contemporaneidade\\\/\"]}]},{\"@type\":\"ImageObject\",\"inLanguage\":\"pt-BR\",\"@id\":\"https:\\\/\\\/ponteseditores.com.br\\\/loja3\\\/pontes-editores-home-2__trashed\\\/linguistica\\\/discurso-sujeito-e-relacoes-de-trabalho-na-contemporaneidade\\\/#primaryimage\",\"url\":\"https:\\\/\\\/ponteseditores.com.br\\\/loja3\\\/wp-content\\\/uploads\\\/2023\\\/12\\\/DIS1-1.jpg\",\"contentUrl\":\"https:\\\/\\\/ponteseditores.com.br\\\/loja3\\\/wp-content\\\/uploads\\\/2023\\\/12\\\/DIS1-1.jpg\",\"width\":391,\"height\":600},{\"@type\":\"BreadcrumbList\",\"@id\":\"https:\\\/\\\/ponteseditores.com.br\\\/loja3\\\/pontes-editores-home-2__trashed\\\/linguistica\\\/discurso-sujeito-e-relacoes-de-trabalho-na-contemporaneidade\\\/#breadcrumb\",\"itemListElement\":[{\"@type\":\"ListItem\",\"position\":1,\"name\":\"Home\",\"item\":\"https:\\\/\\\/ponteseditores.com.br\\\/loja3\\\/\"},{\"@type\":\"ListItem\",\"position\":2,\"name\":\"loja\",\"item\":\"https:\\\/\\\/ponteseditores.com.br\\\/loja3\\\/loja\\\/\"},{\"@type\":\"ListItem\",\"position\":3,\"name\":\"DISCURSO, SUJEITO E RELA\u00c7\u00d5ES DE TRABALHO NA CONTEMPORANEIDADE\"}]},{\"@type\":\"WebSite\",\"@id\":\"https:\\\/\\\/ponteseditores.com.br\\\/loja3\\\/#website\",\"url\":\"https:\\\/\\\/ponteseditores.com.br\\\/loja3\\\/\",\"name\":\"Pontes Editores\",\"description\":\"Pontes Editores\",\"publisher\":{\"@id\":\"https:\\\/\\\/ponteseditores.com.br\\\/loja3\\\/#organization\"},\"potentialAction\":[{\"@type\":\"SearchAction\",\"target\":{\"@type\":\"EntryPoint\",\"urlTemplate\":\"https:\\\/\\\/ponteseditores.com.br\\\/loja3\\\/?s={search_term_string}\"},\"query-input\":{\"@type\":\"PropertyValueSpecification\",\"valueRequired\":true,\"valueName\":\"search_term_string\"}}],\"inLanguage\":\"pt-BR\"},{\"@type\":\"Organization\",\"@id\":\"https:\\\/\\\/ponteseditores.com.br\\\/loja3\\\/#organization\",\"name\":\"Pontes Editores\",\"url\":\"https:\\\/\\\/ponteseditores.com.br\\\/loja3\\\/\",\"logo\":{\"@type\":\"ImageObject\",\"inLanguage\":\"pt-BR\",\"@id\":\"https:\\\/\\\/ponteseditores.com.br\\\/loja3\\\/#\\\/schema\\\/logo\\\/image\\\/\",\"url\":\"https:\\\/\\\/ponteseditores.com.br\\\/loja3\\\/wp-content\\\/uploads\\\/2023\\\/12\\\/logo-pontes-editores-v2.png\",\"contentUrl\":\"https:\\\/\\\/ponteseditores.com.br\\\/loja3\\\/wp-content\\\/uploads\\\/2023\\\/12\\\/logo-pontes-editores-v2.png\",\"width\":258,\"height\":100,\"caption\":\"Pontes Editores\"},\"image\":{\"@id\":\"https:\\\/\\\/ponteseditores.com.br\\\/loja3\\\/#\\\/schema\\\/logo\\\/image\\\/\"}}]}<\/script>\n<!-- \/ Yoast SEO plugin. -->","yoast_head_json":{"title":"DISCURSO, SUJEITO E RELA\u00c7\u00d5ES DE TRABALHO NA CONTEMPORANEIDADE - Pontes Editores","robots":{"index":"index","follow":"follow","max-snippet":"max-snippet:-1","max-image-preview":"max-image-preview:large","max-video-preview":"max-video-preview:-1"},"canonical":"https:\/\/ponteseditores.com.br\/loja3\/pontes-editores-home-2__trashed\/linguistica\/discurso-sujeito-e-relacoes-de-trabalho-na-contemporaneidade\/","og_locale":"pt_BR","og_type":"article","og_title":"DISCURSO, SUJEITO E RELA\u00c7\u00d5ES DE TRABALHO NA CONTEMPORANEIDADE - Pontes Editores","og_description":"Este livro apresenta uma vigorosa reflex\u00e3o, bem sustentada te\u00f3rica, metodol\u00f3gica e analiticamente, na An\u00e1lise de Discurso, em que a ideologia conta fortemente. Toma como objeto de an\u00e1lise rela\u00e7\u00f5es de trabalho, observando a propaganda, logotipos, discursos diversos, cursos de forma\u00e7\u00e3o, programas de gest\u00e3o, o dicion\u00e1rio de compet\u00eancias (manual) da Petrobras. Como se poder\u00e1 concluir, buscar-se compreender [&hellip;]","og_url":"https:\/\/ponteseditores.com.br\/loja3\/pontes-editores-home-2__trashed\/linguistica\/discurso-sujeito-e-relacoes-de-trabalho-na-contemporaneidade\/","og_site_name":"Pontes Editores","article_modified_time":"2026-01-26T17:00:30+00:00","og_image":[{"width":391,"height":600,"url":"https:\/\/ponteseditores.com.br\/loja3\/wp-content\/uploads\/2023\/12\/DIS1-1.jpg","type":"image\/jpeg"}],"twitter_card":"summary_large_image","twitter_misc":{"Est. tempo de leitura":"1 minuto"},"schema":{"@context":"https:\/\/schema.org","@graph":[{"@type":"WebPage","@id":"https:\/\/ponteseditores.com.br\/loja3\/pontes-editores-home-2__trashed\/linguistica\/discurso-sujeito-e-relacoes-de-trabalho-na-contemporaneidade\/","url":"https:\/\/ponteseditores.com.br\/loja3\/pontes-editores-home-2__trashed\/linguistica\/discurso-sujeito-e-relacoes-de-trabalho-na-contemporaneidade\/","name":"DISCURSO, SUJEITO E RELA\u00c7\u00d5ES DE TRABALHO NA CONTEMPORANEIDADE - Pontes Editores","isPartOf":{"@id":"https:\/\/ponteseditores.com.br\/loja3\/#website"},"primaryImageOfPage":{"@id":"https:\/\/ponteseditores.com.br\/loja3\/pontes-editores-home-2__trashed\/linguistica\/discurso-sujeito-e-relacoes-de-trabalho-na-contemporaneidade\/#primaryimage"},"image":{"@id":"https:\/\/ponteseditores.com.br\/loja3\/pontes-editores-home-2__trashed\/linguistica\/discurso-sujeito-e-relacoes-de-trabalho-na-contemporaneidade\/#primaryimage"},"thumbnailUrl":"https:\/\/ponteseditores.com.br\/loja3\/wp-content\/uploads\/2023\/12\/DIS1-1.jpg","datePublished":"2023-12-15T03:41:33+00:00","dateModified":"2026-01-26T17:00:30+00:00","breadcrumb":{"@id":"https:\/\/ponteseditores.com.br\/loja3\/pontes-editores-home-2__trashed\/linguistica\/discurso-sujeito-e-relacoes-de-trabalho-na-contemporaneidade\/#breadcrumb"},"inLanguage":"pt-BR","potentialAction":[{"@type":"ReadAction","target":["https:\/\/ponteseditores.com.br\/loja3\/pontes-editores-home-2__trashed\/linguistica\/discurso-sujeito-e-relacoes-de-trabalho-na-contemporaneidade\/"]}]},{"@type":"ImageObject","inLanguage":"pt-BR","@id":"https:\/\/ponteseditores.com.br\/loja3\/pontes-editores-home-2__trashed\/linguistica\/discurso-sujeito-e-relacoes-de-trabalho-na-contemporaneidade\/#primaryimage","url":"https:\/\/ponteseditores.com.br\/loja3\/wp-content\/uploads\/2023\/12\/DIS1-1.jpg","contentUrl":"https:\/\/ponteseditores.com.br\/loja3\/wp-content\/uploads\/2023\/12\/DIS1-1.jpg","width":391,"height":600},{"@type":"BreadcrumbList","@id":"https:\/\/ponteseditores.com.br\/loja3\/pontes-editores-home-2__trashed\/linguistica\/discurso-sujeito-e-relacoes-de-trabalho-na-contemporaneidade\/#breadcrumb","itemListElement":[{"@type":"ListItem","position":1,"name":"Home","item":"https:\/\/ponteseditores.com.br\/loja3\/"},{"@type":"ListItem","position":2,"name":"loja","item":"https:\/\/ponteseditores.com.br\/loja3\/loja\/"},{"@type":"ListItem","position":3,"name":"DISCURSO, SUJEITO E RELA\u00c7\u00d5ES DE TRABALHO NA CONTEMPORANEIDADE"}]},{"@type":"WebSite","@id":"https:\/\/ponteseditores.com.br\/loja3\/#website","url":"https:\/\/ponteseditores.com.br\/loja3\/","name":"Pontes Editores","description":"Pontes Editores","publisher":{"@id":"https:\/\/ponteseditores.com.br\/loja3\/#organization"},"potentialAction":[{"@type":"SearchAction","target":{"@type":"EntryPoint","urlTemplate":"https:\/\/ponteseditores.com.br\/loja3\/?s={search_term_string}"},"query-input":{"@type":"PropertyValueSpecification","valueRequired":true,"valueName":"search_term_string"}}],"inLanguage":"pt-BR"},{"@type":"Organization","@id":"https:\/\/ponteseditores.com.br\/loja3\/#organization","name":"Pontes Editores","url":"https:\/\/ponteseditores.com.br\/loja3\/","logo":{"@type":"ImageObject","inLanguage":"pt-BR","@id":"https:\/\/ponteseditores.com.br\/loja3\/#\/schema\/logo\/image\/","url":"https:\/\/ponteseditores.com.br\/loja3\/wp-content\/uploads\/2023\/12\/logo-pontes-editores-v2.png","contentUrl":"https:\/\/ponteseditores.com.br\/loja3\/wp-content\/uploads\/2023\/12\/logo-pontes-editores-v2.png","width":258,"height":100,"caption":"Pontes Editores"},"image":{"@id":"https:\/\/ponteseditores.com.br\/loja3\/#\/schema\/logo\/image\/"}}]}},"_links":{"self":[{"href":"https:\/\/ponteseditores.com.br\/loja3\/wp-json\/wp\/v2\/product\/7269","targetHints":{"allow":["GET"]}}],"collection":[{"href":"https:\/\/ponteseditores.com.br\/loja3\/wp-json\/wp\/v2\/product"}],"about":[{"href":"https:\/\/ponteseditores.com.br\/loja3\/wp-json\/wp\/v2\/types\/product"}],"replies":[{"embeddable":true,"href":"https:\/\/ponteseditores.com.br\/loja3\/wp-json\/wp\/v2\/comments?post=7269"}],"version-history":[{"count":0,"href":"https:\/\/ponteseditores.com.br\/loja3\/wp-json\/wp\/v2\/product\/7269\/revisions"}],"wp:featuredmedia":[{"embeddable":true,"href":"https:\/\/ponteseditores.com.br\/loja3\/wp-json\/wp\/v2\/media\/7268"}],"wp:attachment":[{"href":"https:\/\/ponteseditores.com.br\/loja3\/wp-json\/wp\/v2\/media?parent=7269"}],"wp:term":[{"taxonomy":"product_brand","embeddable":true,"href":"https:\/\/ponteseditores.com.br\/loja3\/wp-json\/wp\/v2\/product_brand?post=7269"},{"taxonomy":"product_cat","embeddable":true,"href":"https:\/\/ponteseditores.com.br\/loja3\/wp-json\/wp\/v2\/product_cat?post=7269"},{"taxonomy":"product_tag","embeddable":true,"href":"https:\/\/ponteseditores.com.br\/loja3\/wp-json\/wp\/v2\/product_tag?post=7269"}],"curies":[{"name":"wp","href":"https:\/\/api.w.org\/{rel}","templated":true}]}}