{"id":7255,"date":"2023-12-15T00:41:28","date_gmt":"2023-12-15T03:41:28","guid":{"rendered":"https:\/\/ponteseditores.com.br\/loja3\/pontes-editores-home-2__trashed\/sem%20categoria\/livros-escolares-de-leitura-da-amazonia-producao-edicao-autoria-e-discursos-sobre-educacao-de-meninos-civilidade-e-moral-crista\/"},"modified":"2023-12-15T12:12:57","modified_gmt":"2023-12-15T15:12:57","slug":"livros-escolares-de-leitura-da-amazonia-producao-edicao-autoria-e-discursos-sobre-educacao-de-meninos-civilidade-e-moral-crista","status":"publish","type":"product","link":"https:\/\/ponteseditores.com.br\/loja3\/pontes-editores-home-2__trashed\/leitura\/livros-escolares-de-leitura-da-amazonia-producao-edicao-autoria-e-discursos-sobre-educacao-de-meninos-civilidade-e-moral-crista\/","title":{"rendered":"LIVROS ESCOLARES DE LEITURA DA AMAZ\u00d4NIA: PRODU\u00c7\u00c3O, EDI\u00c7\u00c3O, AUTORIA E DISCURSOS   SOBRE EDUCA\u00c7\u00c3O DE MENINOS, CIVILIDADE E MORAL CRIST\u00c3"},"content":{"rendered":"<p>Neste estudo, fa\u00e7o uma an\u00e1lise do livro de leitura Compendio de Civilidade Crist\u00e3 como texto, por meio da an\u00e1lise\/teoria dial\u00f3gica do discurso (C\u00edrculo de Bakhtin) e como objeto f\u00edsico, com base na hist\u00f3ria do livro e das edi\u00e7\u00f5es did\u00e1tica (Roger Chartier). Realizo uma investiga\u00e7\u00e3o sobre a hist\u00f3ria do livro did\u00e1tico no Brasil, destacando a produ\u00e7\u00e3o, a impress\u00e3o, os editores, a edi\u00e7\u00e3o e a caracteriza\u00e7\u00e3o do livro did\u00e1tico da Amaz\u00f4nia paraense, no s\u00e9culo XIX e no in\u00edcio do s\u00e9culo XX, e as ideologias sobre a educa\u00e7\u00e3o nacional na passagem do Imp\u00e9rio para a Rep\u00fablica. Analiso o contexto social, religioso, econ\u00f4mico e cultural da Amaz\u00f4nia paraense do per\u00edodo, trazendo para a discuss\u00e3o a &#8216;Era da borracha&#8217; e as ideologias da Belle \u00c9poque. Discuto a rela\u00e7\u00e3o Igreja-Estado na veicula\u00e7\u00e3o de ideologias educacionais na Amaz\u00f4nia no s\u00e9culo XIX. Aponto as contribui\u00e7\u00f5es de D. Macedo Costa (autor do Compendio) para a educa\u00e7\u00e3o no Par\u00e1.  Discuto as ideologias inscritas na materialidade f\u00edsica da obra, analisando o g\u00eanero discursivo &#8216;livro escolar de leitura&#8217; do ponto de vista de sua fun\u00e7\u00e3o social e de suas caracter\u00edsticas (conte\u00fado tem\u00e1tico, constru\u00e7\u00e3o composicional e estilo) e as marcas (protocolos de leitura) que autor e editor deixam no livro com o objetivo de impor uma leitura e um sentido \u00fanico para um p\u00fablico visado. Por fim, analiso, no Compendio, os discursos que ordenavam a educa\u00e7\u00e3o de meninos no final do s\u00e9culo XIX e in\u00edcio do s\u00e9culo XX na Amaz\u00f4nia paraense: discuto os significados e sentidos dos termos &#8216;civilidade&#8217; e &#8216;civiliza\u00e7\u00e3o&#8217; e analiso a obra  por meio de tr\u00eas categorias: o &#8216;eu&#8217; civilizado na Amaz\u00f4nia paraense: o discurso que legitima a cultura europeia; o &#8216;outro&#8217; b\u00e1rbaro na Amaz\u00f4nia paraense: o discurso que nega a cultura paraense e o &#8216;eu&#8217; e o &#8216;outro&#8217; na Amaz\u00f4nia paraense: o discurso que legitima os princ\u00edpios universais da moral crist\u00e3. Sobre esta \u00faltima categoria, acima e al\u00e9m de uma ideia de educa\u00e7\u00e3o nacional baseada nos usos e costumes franceses ou na cultura paraense, h\u00e1 uma ideia de educa\u00e7\u00e3o baseada em princ\u00edpios universais, ensinados pelo Cristo por preceito e pelo exemplo: o amor ao pr\u00f3ximo revelado por meio da honestidade, da bondade, da integridade, da justi\u00e7a, do respeito, da veracidade, da lealdade etc. Esses valores desconstroem a ideia de civiliza\u00e7\u00e3o que valoriza uma cultura sobre outra(s) e resgata o sentido etimol\u00f3gico da palavra (civilitas), que envolve a cidadania e se relaciona com o respeito ao outro, com o exerc\u00edcio da dignidade humana.<\/p>\n","protected":false},"excerpt":{"rendered":"<p>Neste estudo, fa\u00e7o uma an\u00e1lise do livro de leitura Compendio de Civilidade Crist\u00e3 como texto, por meio da an\u00e1lise\/teoria dial\u00f3gica do discurso (C\u00edrculo de Bakhtin) e como objeto f\u00edsico, com base na hist\u00f3ria do livro e das edi\u00e7\u00f5es did\u00e1tica (Roger Chartier). Realizo uma investiga\u00e7\u00e3o sobre a hist\u00f3ria do livro did\u00e1tico no Brasil, destacando a produ\u00e7\u00e3o, [&hellip;]<\/p>\n","protected":false},"featured_media":7254,"comment_status":"open","ping_status":"closed","template":"","meta":{"_joinchat":[]},"product_brand":[],"product_cat":[301,278],"product_tag":[],"class_list":{"0":"post-7255","1":"product","2":"type-product","3":"status-publish","4":"has-post-thumbnail","6":"product_cat-analise-de-discurso","7":"product_cat-leitura","8":"product_shipping_class-livro-pontes-editores-fisico","10":"first","11":"outofstock","12":"shipping-taxable","13":"purchasable","14":"product-type-simple"},"yoast_head":"<!-- This site is optimized with the Yoast SEO plugin v27.4 - https:\/\/yoast.com\/product\/yoast-seo-wordpress\/ -->\n<title>LIVROS ESCOLARES DE LEITURA DA AMAZ\u00d4NIA: PRODU\u00c7\u00c3O, EDI\u00c7\u00c3O, AUTORIA E DISCURSOS  SOBRE EDUCA\u00c7\u00c3O DE MENINOS, CIVILIDADE E MORAL CRIST\u00c3 - Pontes Editores<\/title>\n<meta name=\"robots\" content=\"index, follow, max-snippet:-1, max-image-preview:large, max-video-preview:-1\" \/>\n<link rel=\"canonical\" href=\"https:\/\/ponteseditores.com.br\/loja3\/pontes-editores-home-2__trashed\/leitura\/livros-escolares-de-leitura-da-amazonia-producao-edicao-autoria-e-discursos-sobre-educacao-de-meninos-civilidade-e-moral-crista\/\" \/>\n<meta property=\"og:locale\" content=\"pt_BR\" \/>\n<meta property=\"og:type\" content=\"article\" \/>\n<meta property=\"og:title\" content=\"LIVROS ESCOLARES DE LEITURA DA AMAZ\u00d4NIA: PRODU\u00c7\u00c3O, EDI\u00c7\u00c3O, AUTORIA E DISCURSOS  SOBRE EDUCA\u00c7\u00c3O DE MENINOS, CIVILIDADE E MORAL CRIST\u00c3 - Pontes Editores\" \/>\n<meta property=\"og:description\" content=\"Neste estudo, fa\u00e7o uma an\u00e1lise do livro de leitura Compendio de Civilidade Crist\u00e3 como texto, por meio da an\u00e1lise\/teoria dial\u00f3gica do discurso (C\u00edrculo de Bakhtin) e como objeto f\u00edsico, com base na hist\u00f3ria do livro e das edi\u00e7\u00f5es did\u00e1tica (Roger Chartier). Realizo uma investiga\u00e7\u00e3o sobre a hist\u00f3ria do livro did\u00e1tico no Brasil, destacando a produ\u00e7\u00e3o, [&hellip;]\" \/>\n<meta property=\"og:url\" content=\"https:\/\/ponteseditores.com.br\/loja3\/pontes-editores-home-2__trashed\/leitura\/livros-escolares-de-leitura-da-amazonia-producao-edicao-autoria-e-discursos-sobre-educacao-de-meninos-civilidade-e-moral-crista\/\" \/>\n<meta property=\"og:site_name\" content=\"Pontes Editores\" \/>\n<meta property=\"article:modified_time\" content=\"2023-12-15T15:12:57+00:00\" \/>\n<meta property=\"og:image\" content=\"https:\/\/ponteseditores.com.br\/loja3\/wp-content\/uploads\/2023\/12\/amaz1-4.jpg\" \/>\n\t<meta property=\"og:image:width\" content=\"414\" \/>\n\t<meta property=\"og:image:height\" content=\"600\" \/>\n\t<meta property=\"og:image:type\" content=\"image\/jpeg\" \/>\n<meta name=\"twitter:card\" content=\"summary_large_image\" \/>\n<meta name=\"twitter:label1\" content=\"Est. tempo de leitura\" \/>\n\t<meta name=\"twitter:data1\" content=\"2 minutos\" \/>\n<script type=\"application\/ld+json\" class=\"yoast-schema-graph\">{\"@context\":\"https:\\\/\\\/schema.org\",\"@graph\":[{\"@type\":\"WebPage\",\"@id\":\"https:\\\/\\\/ponteseditores.com.br\\\/loja3\\\/pontes-editores-home-2__trashed\\\/leitura\\\/livros-escolares-de-leitura-da-amazonia-producao-edicao-autoria-e-discursos-sobre-educacao-de-meninos-civilidade-e-moral-crista\\\/\",\"url\":\"https:\\\/\\\/ponteseditores.com.br\\\/loja3\\\/pontes-editores-home-2__trashed\\\/leitura\\\/livros-escolares-de-leitura-da-amazonia-producao-edicao-autoria-e-discursos-sobre-educacao-de-meninos-civilidade-e-moral-crista\\\/\",\"name\":\"LIVROS ESCOLARES DE LEITURA DA AMAZ\u00d4NIA: PRODU\u00c7\u00c3O, EDI\u00c7\u00c3O, AUTORIA E DISCURSOS SOBRE EDUCA\u00c7\u00c3O DE MENINOS, CIVILIDADE E MORAL CRIST\u00c3 - Pontes Editores\",\"isPartOf\":{\"@id\":\"https:\\\/\\\/ponteseditores.com.br\\\/loja3\\\/#website\"},\"primaryImageOfPage\":{\"@id\":\"https:\\\/\\\/ponteseditores.com.br\\\/loja3\\\/pontes-editores-home-2__trashed\\\/leitura\\\/livros-escolares-de-leitura-da-amazonia-producao-edicao-autoria-e-discursos-sobre-educacao-de-meninos-civilidade-e-moral-crista\\\/#primaryimage\"},\"image\":{\"@id\":\"https:\\\/\\\/ponteseditores.com.br\\\/loja3\\\/pontes-editores-home-2__trashed\\\/leitura\\\/livros-escolares-de-leitura-da-amazonia-producao-edicao-autoria-e-discursos-sobre-educacao-de-meninos-civilidade-e-moral-crista\\\/#primaryimage\"},\"thumbnailUrl\":\"https:\\\/\\\/ponteseditores.com.br\\\/loja3\\\/wp-content\\\/uploads\\\/2023\\\/12\\\/amaz1-4.jpg\",\"datePublished\":\"2023-12-15T03:41:28+00:00\",\"dateModified\":\"2023-12-15T15:12:57+00:00\",\"breadcrumb\":{\"@id\":\"https:\\\/\\\/ponteseditores.com.br\\\/loja3\\\/pontes-editores-home-2__trashed\\\/leitura\\\/livros-escolares-de-leitura-da-amazonia-producao-edicao-autoria-e-discursos-sobre-educacao-de-meninos-civilidade-e-moral-crista\\\/#breadcrumb\"},\"inLanguage\":\"pt-BR\",\"potentialAction\":[{\"@type\":\"ReadAction\",\"target\":[\"https:\\\/\\\/ponteseditores.com.br\\\/loja3\\\/pontes-editores-home-2__trashed\\\/leitura\\\/livros-escolares-de-leitura-da-amazonia-producao-edicao-autoria-e-discursos-sobre-educacao-de-meninos-civilidade-e-moral-crista\\\/\"]}]},{\"@type\":\"ImageObject\",\"inLanguage\":\"pt-BR\",\"@id\":\"https:\\\/\\\/ponteseditores.com.br\\\/loja3\\\/pontes-editores-home-2__trashed\\\/leitura\\\/livros-escolares-de-leitura-da-amazonia-producao-edicao-autoria-e-discursos-sobre-educacao-de-meninos-civilidade-e-moral-crista\\\/#primaryimage\",\"url\":\"https:\\\/\\\/ponteseditores.com.br\\\/loja3\\\/wp-content\\\/uploads\\\/2023\\\/12\\\/amaz1-4.jpg\",\"contentUrl\":\"https:\\\/\\\/ponteseditores.com.br\\\/loja3\\\/wp-content\\\/uploads\\\/2023\\\/12\\\/amaz1-4.jpg\",\"width\":414,\"height\":600},{\"@type\":\"BreadcrumbList\",\"@id\":\"https:\\\/\\\/ponteseditores.com.br\\\/loja3\\\/pontes-editores-home-2__trashed\\\/leitura\\\/livros-escolares-de-leitura-da-amazonia-producao-edicao-autoria-e-discursos-sobre-educacao-de-meninos-civilidade-e-moral-crista\\\/#breadcrumb\",\"itemListElement\":[{\"@type\":\"ListItem\",\"position\":1,\"name\":\"Home\",\"item\":\"https:\\\/\\\/ponteseditores.com.br\\\/loja3\\\/\"},{\"@type\":\"ListItem\",\"position\":2,\"name\":\"loja\",\"item\":\"https:\\\/\\\/ponteseditores.com.br\\\/loja3\\\/loja\\\/\"},{\"@type\":\"ListItem\",\"position\":3,\"name\":\"LIVROS ESCOLARES DE LEITURA DA AMAZ\u00d4NIA: PRODU\u00c7\u00c3O, EDI\u00c7\u00c3O, AUTORIA E DISCURSOS SOBRE EDUCA\u00c7\u00c3O DE MENINOS, CIVILIDADE E MORAL CRIST\u00c3\"}]},{\"@type\":\"WebSite\",\"@id\":\"https:\\\/\\\/ponteseditores.com.br\\\/loja3\\\/#website\",\"url\":\"https:\\\/\\\/ponteseditores.com.br\\\/loja3\\\/\",\"name\":\"Pontes Editores\",\"description\":\"Pontes Editores\",\"publisher\":{\"@id\":\"https:\\\/\\\/ponteseditores.com.br\\\/loja3\\\/#organization\"},\"potentialAction\":[{\"@type\":\"SearchAction\",\"target\":{\"@type\":\"EntryPoint\",\"urlTemplate\":\"https:\\\/\\\/ponteseditores.com.br\\\/loja3\\\/?s={search_term_string}\"},\"query-input\":{\"@type\":\"PropertyValueSpecification\",\"valueRequired\":true,\"valueName\":\"search_term_string\"}}],\"inLanguage\":\"pt-BR\"},{\"@type\":\"Organization\",\"@id\":\"https:\\\/\\\/ponteseditores.com.br\\\/loja3\\\/#organization\",\"name\":\"Pontes Editores\",\"url\":\"https:\\\/\\\/ponteseditores.com.br\\\/loja3\\\/\",\"logo\":{\"@type\":\"ImageObject\",\"inLanguage\":\"pt-BR\",\"@id\":\"https:\\\/\\\/ponteseditores.com.br\\\/loja3\\\/#\\\/schema\\\/logo\\\/image\\\/\",\"url\":\"https:\\\/\\\/ponteseditores.com.br\\\/loja3\\\/wp-content\\\/uploads\\\/2023\\\/12\\\/logo-pontes-editores-v2.png\",\"contentUrl\":\"https:\\\/\\\/ponteseditores.com.br\\\/loja3\\\/wp-content\\\/uploads\\\/2023\\\/12\\\/logo-pontes-editores-v2.png\",\"width\":258,\"height\":100,\"caption\":\"Pontes Editores\"},\"image\":{\"@id\":\"https:\\\/\\\/ponteseditores.com.br\\\/loja3\\\/#\\\/schema\\\/logo\\\/image\\\/\"}}]}<\/script>\n<!-- \/ Yoast SEO plugin. -->","yoast_head_json":{"title":"LIVROS ESCOLARES DE LEITURA DA AMAZ\u00d4NIA: PRODU\u00c7\u00c3O, EDI\u00c7\u00c3O, AUTORIA E DISCURSOS  SOBRE EDUCA\u00c7\u00c3O DE MENINOS, CIVILIDADE E MORAL CRIST\u00c3 - Pontes Editores","robots":{"index":"index","follow":"follow","max-snippet":"max-snippet:-1","max-image-preview":"max-image-preview:large","max-video-preview":"max-video-preview:-1"},"canonical":"https:\/\/ponteseditores.com.br\/loja3\/pontes-editores-home-2__trashed\/leitura\/livros-escolares-de-leitura-da-amazonia-producao-edicao-autoria-e-discursos-sobre-educacao-de-meninos-civilidade-e-moral-crista\/","og_locale":"pt_BR","og_type":"article","og_title":"LIVROS ESCOLARES DE LEITURA DA AMAZ\u00d4NIA: PRODU\u00c7\u00c3O, EDI\u00c7\u00c3O, AUTORIA E DISCURSOS  SOBRE EDUCA\u00c7\u00c3O DE MENINOS, CIVILIDADE E MORAL CRIST\u00c3 - Pontes Editores","og_description":"Neste estudo, fa\u00e7o uma an\u00e1lise do livro de leitura Compendio de Civilidade Crist\u00e3 como texto, por meio da an\u00e1lise\/teoria dial\u00f3gica do discurso (C\u00edrculo de Bakhtin) e como objeto f\u00edsico, com base na hist\u00f3ria do livro e das edi\u00e7\u00f5es did\u00e1tica (Roger Chartier). Realizo uma investiga\u00e7\u00e3o sobre a hist\u00f3ria do livro did\u00e1tico no Brasil, destacando a produ\u00e7\u00e3o, [&hellip;]","og_url":"https:\/\/ponteseditores.com.br\/loja3\/pontes-editores-home-2__trashed\/leitura\/livros-escolares-de-leitura-da-amazonia-producao-edicao-autoria-e-discursos-sobre-educacao-de-meninos-civilidade-e-moral-crista\/","og_site_name":"Pontes Editores","article_modified_time":"2023-12-15T15:12:57+00:00","og_image":[{"width":414,"height":600,"url":"https:\/\/ponteseditores.com.br\/loja3\/wp-content\/uploads\/2023\/12\/amaz1-4.jpg","type":"image\/jpeg"}],"twitter_card":"summary_large_image","twitter_misc":{"Est. tempo de leitura":"2 minutos"},"schema":{"@context":"https:\/\/schema.org","@graph":[{"@type":"WebPage","@id":"https:\/\/ponteseditores.com.br\/loja3\/pontes-editores-home-2__trashed\/leitura\/livros-escolares-de-leitura-da-amazonia-producao-edicao-autoria-e-discursos-sobre-educacao-de-meninos-civilidade-e-moral-crista\/","url":"https:\/\/ponteseditores.com.br\/loja3\/pontes-editores-home-2__trashed\/leitura\/livros-escolares-de-leitura-da-amazonia-producao-edicao-autoria-e-discursos-sobre-educacao-de-meninos-civilidade-e-moral-crista\/","name":"LIVROS ESCOLARES DE LEITURA DA AMAZ\u00d4NIA: PRODU\u00c7\u00c3O, EDI\u00c7\u00c3O, AUTORIA E DISCURSOS SOBRE EDUCA\u00c7\u00c3O DE MENINOS, CIVILIDADE E MORAL CRIST\u00c3 - Pontes Editores","isPartOf":{"@id":"https:\/\/ponteseditores.com.br\/loja3\/#website"},"primaryImageOfPage":{"@id":"https:\/\/ponteseditores.com.br\/loja3\/pontes-editores-home-2__trashed\/leitura\/livros-escolares-de-leitura-da-amazonia-producao-edicao-autoria-e-discursos-sobre-educacao-de-meninos-civilidade-e-moral-crista\/#primaryimage"},"image":{"@id":"https:\/\/ponteseditores.com.br\/loja3\/pontes-editores-home-2__trashed\/leitura\/livros-escolares-de-leitura-da-amazonia-producao-edicao-autoria-e-discursos-sobre-educacao-de-meninos-civilidade-e-moral-crista\/#primaryimage"},"thumbnailUrl":"https:\/\/ponteseditores.com.br\/loja3\/wp-content\/uploads\/2023\/12\/amaz1-4.jpg","datePublished":"2023-12-15T03:41:28+00:00","dateModified":"2023-12-15T15:12:57+00:00","breadcrumb":{"@id":"https:\/\/ponteseditores.com.br\/loja3\/pontes-editores-home-2__trashed\/leitura\/livros-escolares-de-leitura-da-amazonia-producao-edicao-autoria-e-discursos-sobre-educacao-de-meninos-civilidade-e-moral-crista\/#breadcrumb"},"inLanguage":"pt-BR","potentialAction":[{"@type":"ReadAction","target":["https:\/\/ponteseditores.com.br\/loja3\/pontes-editores-home-2__trashed\/leitura\/livros-escolares-de-leitura-da-amazonia-producao-edicao-autoria-e-discursos-sobre-educacao-de-meninos-civilidade-e-moral-crista\/"]}]},{"@type":"ImageObject","inLanguage":"pt-BR","@id":"https:\/\/ponteseditores.com.br\/loja3\/pontes-editores-home-2__trashed\/leitura\/livros-escolares-de-leitura-da-amazonia-producao-edicao-autoria-e-discursos-sobre-educacao-de-meninos-civilidade-e-moral-crista\/#primaryimage","url":"https:\/\/ponteseditores.com.br\/loja3\/wp-content\/uploads\/2023\/12\/amaz1-4.jpg","contentUrl":"https:\/\/ponteseditores.com.br\/loja3\/wp-content\/uploads\/2023\/12\/amaz1-4.jpg","width":414,"height":600},{"@type":"BreadcrumbList","@id":"https:\/\/ponteseditores.com.br\/loja3\/pontes-editores-home-2__trashed\/leitura\/livros-escolares-de-leitura-da-amazonia-producao-edicao-autoria-e-discursos-sobre-educacao-de-meninos-civilidade-e-moral-crista\/#breadcrumb","itemListElement":[{"@type":"ListItem","position":1,"name":"Home","item":"https:\/\/ponteseditores.com.br\/loja3\/"},{"@type":"ListItem","position":2,"name":"loja","item":"https:\/\/ponteseditores.com.br\/loja3\/loja\/"},{"@type":"ListItem","position":3,"name":"LIVROS ESCOLARES DE LEITURA DA AMAZ\u00d4NIA: PRODU\u00c7\u00c3O, EDI\u00c7\u00c3O, AUTORIA E DISCURSOS SOBRE EDUCA\u00c7\u00c3O DE MENINOS, CIVILIDADE E MORAL CRIST\u00c3"}]},{"@type":"WebSite","@id":"https:\/\/ponteseditores.com.br\/loja3\/#website","url":"https:\/\/ponteseditores.com.br\/loja3\/","name":"Pontes Editores","description":"Pontes Editores","publisher":{"@id":"https:\/\/ponteseditores.com.br\/loja3\/#organization"},"potentialAction":[{"@type":"SearchAction","target":{"@type":"EntryPoint","urlTemplate":"https:\/\/ponteseditores.com.br\/loja3\/?s={search_term_string}"},"query-input":{"@type":"PropertyValueSpecification","valueRequired":true,"valueName":"search_term_string"}}],"inLanguage":"pt-BR"},{"@type":"Organization","@id":"https:\/\/ponteseditores.com.br\/loja3\/#organization","name":"Pontes Editores","url":"https:\/\/ponteseditores.com.br\/loja3\/","logo":{"@type":"ImageObject","inLanguage":"pt-BR","@id":"https:\/\/ponteseditores.com.br\/loja3\/#\/schema\/logo\/image\/","url":"https:\/\/ponteseditores.com.br\/loja3\/wp-content\/uploads\/2023\/12\/logo-pontes-editores-v2.png","contentUrl":"https:\/\/ponteseditores.com.br\/loja3\/wp-content\/uploads\/2023\/12\/logo-pontes-editores-v2.png","width":258,"height":100,"caption":"Pontes Editores"},"image":{"@id":"https:\/\/ponteseditores.com.br\/loja3\/#\/schema\/logo\/image\/"}}]}},"_links":{"self":[{"href":"https:\/\/ponteseditores.com.br\/loja3\/wp-json\/wp\/v2\/product\/7255","targetHints":{"allow":["GET"]}}],"collection":[{"href":"https:\/\/ponteseditores.com.br\/loja3\/wp-json\/wp\/v2\/product"}],"about":[{"href":"https:\/\/ponteseditores.com.br\/loja3\/wp-json\/wp\/v2\/types\/product"}],"replies":[{"embeddable":true,"href":"https:\/\/ponteseditores.com.br\/loja3\/wp-json\/wp\/v2\/comments?post=7255"}],"version-history":[{"count":0,"href":"https:\/\/ponteseditores.com.br\/loja3\/wp-json\/wp\/v2\/product\/7255\/revisions"}],"wp:featuredmedia":[{"embeddable":true,"href":"https:\/\/ponteseditores.com.br\/loja3\/wp-json\/wp\/v2\/media\/7254"}],"wp:attachment":[{"href":"https:\/\/ponteseditores.com.br\/loja3\/wp-json\/wp\/v2\/media?parent=7255"}],"wp:term":[{"taxonomy":"product_brand","embeddable":true,"href":"https:\/\/ponteseditores.com.br\/loja3\/wp-json\/wp\/v2\/product_brand?post=7255"},{"taxonomy":"product_cat","embeddable":true,"href":"https:\/\/ponteseditores.com.br\/loja3\/wp-json\/wp\/v2\/product_cat?post=7255"},{"taxonomy":"product_tag","embeddable":true,"href":"https:\/\/ponteseditores.com.br\/loja3\/wp-json\/wp\/v2\/product_tag?post=7255"}],"curies":[{"name":"wp","href":"https:\/\/api.w.org\/{rel}","templated":true}]}}