{"id":7251,"date":"2023-12-15T00:41:26","date_gmt":"2023-12-15T03:41:26","guid":{"rendered":"https:\/\/ponteseditores.com.br\/loja3\/pontes-editores-home-2__trashed\/sem%20categoria\/educacao-linguistica-em-contextos-interculturais-amazonicos\/"},"modified":"2023-12-15T12:12:58","modified_gmt":"2023-12-15T15:12:58","slug":"educacao-linguistica-em-contextos-interculturais-amazonicos","status":"publish","type":"product","link":"https:\/\/ponteseditores.com.br\/loja3\/pontes-editores-home-2__trashed\/linguistica\/educacao-linguistica-em-contextos-interculturais-amazonicos\/","title":{"rendered":"Educa\u00e7\u00e3o Lingu\u00edstica em Contextos Interculturais Amaz\u00f4nicos"},"content":{"rendered":"<p>O ponto de partida para uma Educa\u00e7\u00e3o Lingu\u00edstica \u00e9 o reconhecimento da heterogeneidade da l\u00edngua como princ\u00edpio b\u00e1sico para levar o indiv\u00edduo ao desenvolvimento das compet\u00eancias espec\u00edficas do grupo de falantes a qual faz parte. Por sua vez, o direito \u00e0 educa\u00e7\u00e3o escolar se efetiva pela aquisi\u00e7\u00e3o de habilidades comunicativas, seja a oralidade, a leitura, a escrita ou outras configura\u00e7\u00f5es de l\u00ednguas minorit\u00e1rias. Portanto, urge a discuss\u00e3o sobre uma Educa\u00e7\u00e3o Lingu\u00edstica que permita o acesso dos cidad\u00e3os das l\u00ednguas minorizadas a um ensino de qualidade e aos bens culturais.  A discuss\u00e3o desta tem\u00e1tica torna-se uma teia de saberes quando \u00e9 tratada nos Contextos Interculturais Amaz\u00f4nicos. Isso ocorre porque os costumes da regi\u00e3o amaz\u00f4nica t\u00eam suas peculiaridades que chamam a aten\u00e7\u00e3o dos Linguistas, principalmente, pela forte liga\u00e7\u00e3o com a etnia ind\u00edgena, intensificada pelo contato com os n\u00e3o ind\u00edgenas e a evolu\u00e7\u00e3o dessa troca cultural.<\/p>\n","protected":false},"excerpt":{"rendered":"<p>O ponto de partida para uma Educa\u00e7\u00e3o Lingu\u00edstica \u00e9 o reconhecimento da heterogeneidade da l\u00edngua como princ\u00edpio b\u00e1sico para levar o indiv\u00edduo ao desenvolvimento das compet\u00eancias espec\u00edficas do grupo de falantes a qual faz parte. Por sua vez, o direito \u00e0 educa\u00e7\u00e3o escolar se efetiva pela aquisi\u00e7\u00e3o de habilidades comunicativas, seja a oralidade, a leitura, [&hellip;]<\/p>\n","protected":false},"featured_media":5298,"comment_status":"open","ping_status":"closed","template":"","meta":{"_joinchat":[]},"product_brand":[],"product_cat":[288,31],"product_tag":[],"class_list":{"0":"post-7251","1":"product","2":"type-product","3":"status-publish","4":"has-post-thumbnail","6":"product_cat-ensino-e-aprendizagem","7":"product_cat-linguistica","8":"product_shipping_class-livro-pontes-editores-fisico","10":"first","11":"instock","12":"shipping-taxable","13":"purchasable","14":"product-type-simple"},"yoast_head":"<!-- This site is optimized with the Yoast SEO plugin v27.4 - https:\/\/yoast.com\/product\/yoast-seo-wordpress\/ -->\n<title>Educa\u00e7\u00e3o Lingu\u00edstica em Contextos Interculturais Amaz\u00f4nicos - Pontes Editores<\/title>\n<meta name=\"robots\" content=\"index, follow, max-snippet:-1, max-image-preview:large, max-video-preview:-1\" \/>\n<link rel=\"canonical\" href=\"https:\/\/ponteseditores.com.br\/loja3\/pontes-editores-home-2__trashed\/linguistica\/educacao-linguistica-em-contextos-interculturais-amazonicos\/\" \/>\n<meta property=\"og:locale\" content=\"pt_BR\" \/>\n<meta property=\"og:type\" content=\"article\" \/>\n<meta property=\"og:title\" content=\"Educa\u00e7\u00e3o Lingu\u00edstica em Contextos Interculturais Amaz\u00f4nicos - Pontes Editores\" \/>\n<meta property=\"og:description\" content=\"O ponto de partida para uma Educa\u00e7\u00e3o Lingu\u00edstica \u00e9 o reconhecimento da heterogeneidade da l\u00edngua como princ\u00edpio b\u00e1sico para levar o indiv\u00edduo ao desenvolvimento das compet\u00eancias espec\u00edficas do grupo de falantes a qual faz parte. Por sua vez, o direito \u00e0 educa\u00e7\u00e3o escolar se efetiva pela aquisi\u00e7\u00e3o de habilidades comunicativas, seja a oralidade, a leitura, [&hellip;]\" \/>\n<meta property=\"og:url\" content=\"https:\/\/ponteseditores.com.br\/loja3\/pontes-editores-home-2__trashed\/linguistica\/educacao-linguistica-em-contextos-interculturais-amazonicos\/\" \/>\n<meta property=\"og:site_name\" content=\"Pontes Editores\" \/>\n<meta property=\"article:modified_time\" content=\"2023-12-15T15:12:58+00:00\" \/>\n<meta property=\"og:image\" content=\"https:\/\/ponteseditores.com.br\/loja3\/wp-content\/uploads\/2023\/12\/edu1-1.jpg\" \/>\n\t<meta property=\"og:image:width\" content=\"515\" \/>\n\t<meta property=\"og:image:height\" content=\"768\" \/>\n\t<meta property=\"og:image:type\" content=\"image\/jpeg\" \/>\n<meta name=\"twitter:card\" content=\"summary_large_image\" \/>\n<meta name=\"twitter:label1\" content=\"Est. tempo de leitura\" \/>\n\t<meta name=\"twitter:data1\" content=\"1 minuto\" \/>\n<script type=\"application\/ld+json\" class=\"yoast-schema-graph\">{\"@context\":\"https:\\\/\\\/schema.org\",\"@graph\":[{\"@type\":\"WebPage\",\"@id\":\"https:\\\/\\\/ponteseditores.com.br\\\/loja3\\\/pontes-editores-home-2__trashed\\\/linguistica\\\/educacao-linguistica-em-contextos-interculturais-amazonicos\\\/\",\"url\":\"https:\\\/\\\/ponteseditores.com.br\\\/loja3\\\/pontes-editores-home-2__trashed\\\/linguistica\\\/educacao-linguistica-em-contextos-interculturais-amazonicos\\\/\",\"name\":\"Educa\u00e7\u00e3o Lingu\u00edstica em Contextos Interculturais Amaz\u00f4nicos - Pontes Editores\",\"isPartOf\":{\"@id\":\"https:\\\/\\\/ponteseditores.com.br\\\/loja3\\\/#website\"},\"primaryImageOfPage\":{\"@id\":\"https:\\\/\\\/ponteseditores.com.br\\\/loja3\\\/pontes-editores-home-2__trashed\\\/linguistica\\\/educacao-linguistica-em-contextos-interculturais-amazonicos\\\/#primaryimage\"},\"image\":{\"@id\":\"https:\\\/\\\/ponteseditores.com.br\\\/loja3\\\/pontes-editores-home-2__trashed\\\/linguistica\\\/educacao-linguistica-em-contextos-interculturais-amazonicos\\\/#primaryimage\"},\"thumbnailUrl\":\"https:\\\/\\\/ponteseditores.com.br\\\/loja3\\\/wp-content\\\/uploads\\\/2023\\\/12\\\/edu1-1.jpg\",\"datePublished\":\"2023-12-15T03:41:26+00:00\",\"dateModified\":\"2023-12-15T15:12:58+00:00\",\"breadcrumb\":{\"@id\":\"https:\\\/\\\/ponteseditores.com.br\\\/loja3\\\/pontes-editores-home-2__trashed\\\/linguistica\\\/educacao-linguistica-em-contextos-interculturais-amazonicos\\\/#breadcrumb\"},\"inLanguage\":\"pt-BR\",\"potentialAction\":[{\"@type\":\"ReadAction\",\"target\":[\"https:\\\/\\\/ponteseditores.com.br\\\/loja3\\\/pontes-editores-home-2__trashed\\\/linguistica\\\/educacao-linguistica-em-contextos-interculturais-amazonicos\\\/\"]}]},{\"@type\":\"ImageObject\",\"inLanguage\":\"pt-BR\",\"@id\":\"https:\\\/\\\/ponteseditores.com.br\\\/loja3\\\/pontes-editores-home-2__trashed\\\/linguistica\\\/educacao-linguistica-em-contextos-interculturais-amazonicos\\\/#primaryimage\",\"url\":\"https:\\\/\\\/ponteseditores.com.br\\\/loja3\\\/wp-content\\\/uploads\\\/2023\\\/12\\\/edu1-1.jpg\",\"contentUrl\":\"https:\\\/\\\/ponteseditores.com.br\\\/loja3\\\/wp-content\\\/uploads\\\/2023\\\/12\\\/edu1-1.jpg\",\"width\":515,\"height\":768},{\"@type\":\"BreadcrumbList\",\"@id\":\"https:\\\/\\\/ponteseditores.com.br\\\/loja3\\\/pontes-editores-home-2__trashed\\\/linguistica\\\/educacao-linguistica-em-contextos-interculturais-amazonicos\\\/#breadcrumb\",\"itemListElement\":[{\"@type\":\"ListItem\",\"position\":1,\"name\":\"Home\",\"item\":\"https:\\\/\\\/ponteseditores.com.br\\\/loja3\\\/\"},{\"@type\":\"ListItem\",\"position\":2,\"name\":\"loja\",\"item\":\"https:\\\/\\\/ponteseditores.com.br\\\/loja3\\\/loja\\\/\"},{\"@type\":\"ListItem\",\"position\":3,\"name\":\"Educa\u00e7\u00e3o Lingu\u00edstica em Contextos Interculturais Amaz\u00f4nicos\"}]},{\"@type\":\"WebSite\",\"@id\":\"https:\\\/\\\/ponteseditores.com.br\\\/loja3\\\/#website\",\"url\":\"https:\\\/\\\/ponteseditores.com.br\\\/loja3\\\/\",\"name\":\"Pontes Editores\",\"description\":\"Pontes Editores\",\"publisher\":{\"@id\":\"https:\\\/\\\/ponteseditores.com.br\\\/loja3\\\/#organization\"},\"potentialAction\":[{\"@type\":\"SearchAction\",\"target\":{\"@type\":\"EntryPoint\",\"urlTemplate\":\"https:\\\/\\\/ponteseditores.com.br\\\/loja3\\\/?s={search_term_string}\"},\"query-input\":{\"@type\":\"PropertyValueSpecification\",\"valueRequired\":true,\"valueName\":\"search_term_string\"}}],\"inLanguage\":\"pt-BR\"},{\"@type\":\"Organization\",\"@id\":\"https:\\\/\\\/ponteseditores.com.br\\\/loja3\\\/#organization\",\"name\":\"Pontes Editores\",\"url\":\"https:\\\/\\\/ponteseditores.com.br\\\/loja3\\\/\",\"logo\":{\"@type\":\"ImageObject\",\"inLanguage\":\"pt-BR\",\"@id\":\"https:\\\/\\\/ponteseditores.com.br\\\/loja3\\\/#\\\/schema\\\/logo\\\/image\\\/\",\"url\":\"https:\\\/\\\/ponteseditores.com.br\\\/loja3\\\/wp-content\\\/uploads\\\/2023\\\/12\\\/logo-pontes-editores-v2.png\",\"contentUrl\":\"https:\\\/\\\/ponteseditores.com.br\\\/loja3\\\/wp-content\\\/uploads\\\/2023\\\/12\\\/logo-pontes-editores-v2.png\",\"width\":258,\"height\":100,\"caption\":\"Pontes Editores\"},\"image\":{\"@id\":\"https:\\\/\\\/ponteseditores.com.br\\\/loja3\\\/#\\\/schema\\\/logo\\\/image\\\/\"}}]}<\/script>\n<!-- \/ Yoast SEO plugin. -->","yoast_head_json":{"title":"Educa\u00e7\u00e3o Lingu\u00edstica em Contextos Interculturais Amaz\u00f4nicos - Pontes Editores","robots":{"index":"index","follow":"follow","max-snippet":"max-snippet:-1","max-image-preview":"max-image-preview:large","max-video-preview":"max-video-preview:-1"},"canonical":"https:\/\/ponteseditores.com.br\/loja3\/pontes-editores-home-2__trashed\/linguistica\/educacao-linguistica-em-contextos-interculturais-amazonicos\/","og_locale":"pt_BR","og_type":"article","og_title":"Educa\u00e7\u00e3o Lingu\u00edstica em Contextos Interculturais Amaz\u00f4nicos - Pontes Editores","og_description":"O ponto de partida para uma Educa\u00e7\u00e3o Lingu\u00edstica \u00e9 o reconhecimento da heterogeneidade da l\u00edngua como princ\u00edpio b\u00e1sico para levar o indiv\u00edduo ao desenvolvimento das compet\u00eancias espec\u00edficas do grupo de falantes a qual faz parte. Por sua vez, o direito \u00e0 educa\u00e7\u00e3o escolar se efetiva pela aquisi\u00e7\u00e3o de habilidades comunicativas, seja a oralidade, a leitura, [&hellip;]","og_url":"https:\/\/ponteseditores.com.br\/loja3\/pontes-editores-home-2__trashed\/linguistica\/educacao-linguistica-em-contextos-interculturais-amazonicos\/","og_site_name":"Pontes Editores","article_modified_time":"2023-12-15T15:12:58+00:00","og_image":[{"width":515,"height":768,"url":"https:\/\/ponteseditores.com.br\/loja3\/wp-content\/uploads\/2023\/12\/edu1-1.jpg","type":"image\/jpeg"}],"twitter_card":"summary_large_image","twitter_misc":{"Est. tempo de leitura":"1 minuto"},"schema":{"@context":"https:\/\/schema.org","@graph":[{"@type":"WebPage","@id":"https:\/\/ponteseditores.com.br\/loja3\/pontes-editores-home-2__trashed\/linguistica\/educacao-linguistica-em-contextos-interculturais-amazonicos\/","url":"https:\/\/ponteseditores.com.br\/loja3\/pontes-editores-home-2__trashed\/linguistica\/educacao-linguistica-em-contextos-interculturais-amazonicos\/","name":"Educa\u00e7\u00e3o Lingu\u00edstica em Contextos Interculturais Amaz\u00f4nicos - Pontes Editores","isPartOf":{"@id":"https:\/\/ponteseditores.com.br\/loja3\/#website"},"primaryImageOfPage":{"@id":"https:\/\/ponteseditores.com.br\/loja3\/pontes-editores-home-2__trashed\/linguistica\/educacao-linguistica-em-contextos-interculturais-amazonicos\/#primaryimage"},"image":{"@id":"https:\/\/ponteseditores.com.br\/loja3\/pontes-editores-home-2__trashed\/linguistica\/educacao-linguistica-em-contextos-interculturais-amazonicos\/#primaryimage"},"thumbnailUrl":"https:\/\/ponteseditores.com.br\/loja3\/wp-content\/uploads\/2023\/12\/edu1-1.jpg","datePublished":"2023-12-15T03:41:26+00:00","dateModified":"2023-12-15T15:12:58+00:00","breadcrumb":{"@id":"https:\/\/ponteseditores.com.br\/loja3\/pontes-editores-home-2__trashed\/linguistica\/educacao-linguistica-em-contextos-interculturais-amazonicos\/#breadcrumb"},"inLanguage":"pt-BR","potentialAction":[{"@type":"ReadAction","target":["https:\/\/ponteseditores.com.br\/loja3\/pontes-editores-home-2__trashed\/linguistica\/educacao-linguistica-em-contextos-interculturais-amazonicos\/"]}]},{"@type":"ImageObject","inLanguage":"pt-BR","@id":"https:\/\/ponteseditores.com.br\/loja3\/pontes-editores-home-2__trashed\/linguistica\/educacao-linguistica-em-contextos-interculturais-amazonicos\/#primaryimage","url":"https:\/\/ponteseditores.com.br\/loja3\/wp-content\/uploads\/2023\/12\/edu1-1.jpg","contentUrl":"https:\/\/ponteseditores.com.br\/loja3\/wp-content\/uploads\/2023\/12\/edu1-1.jpg","width":515,"height":768},{"@type":"BreadcrumbList","@id":"https:\/\/ponteseditores.com.br\/loja3\/pontes-editores-home-2__trashed\/linguistica\/educacao-linguistica-em-contextos-interculturais-amazonicos\/#breadcrumb","itemListElement":[{"@type":"ListItem","position":1,"name":"Home","item":"https:\/\/ponteseditores.com.br\/loja3\/"},{"@type":"ListItem","position":2,"name":"loja","item":"https:\/\/ponteseditores.com.br\/loja3\/loja\/"},{"@type":"ListItem","position":3,"name":"Educa\u00e7\u00e3o Lingu\u00edstica em Contextos Interculturais Amaz\u00f4nicos"}]},{"@type":"WebSite","@id":"https:\/\/ponteseditores.com.br\/loja3\/#website","url":"https:\/\/ponteseditores.com.br\/loja3\/","name":"Pontes Editores","description":"Pontes Editores","publisher":{"@id":"https:\/\/ponteseditores.com.br\/loja3\/#organization"},"potentialAction":[{"@type":"SearchAction","target":{"@type":"EntryPoint","urlTemplate":"https:\/\/ponteseditores.com.br\/loja3\/?s={search_term_string}"},"query-input":{"@type":"PropertyValueSpecification","valueRequired":true,"valueName":"search_term_string"}}],"inLanguage":"pt-BR"},{"@type":"Organization","@id":"https:\/\/ponteseditores.com.br\/loja3\/#organization","name":"Pontes Editores","url":"https:\/\/ponteseditores.com.br\/loja3\/","logo":{"@type":"ImageObject","inLanguage":"pt-BR","@id":"https:\/\/ponteseditores.com.br\/loja3\/#\/schema\/logo\/image\/","url":"https:\/\/ponteseditores.com.br\/loja3\/wp-content\/uploads\/2023\/12\/logo-pontes-editores-v2.png","contentUrl":"https:\/\/ponteseditores.com.br\/loja3\/wp-content\/uploads\/2023\/12\/logo-pontes-editores-v2.png","width":258,"height":100,"caption":"Pontes Editores"},"image":{"@id":"https:\/\/ponteseditores.com.br\/loja3\/#\/schema\/logo\/image\/"}}]}},"_links":{"self":[{"href":"https:\/\/ponteseditores.com.br\/loja3\/wp-json\/wp\/v2\/product\/7251","targetHints":{"allow":["GET"]}}],"collection":[{"href":"https:\/\/ponteseditores.com.br\/loja3\/wp-json\/wp\/v2\/product"}],"about":[{"href":"https:\/\/ponteseditores.com.br\/loja3\/wp-json\/wp\/v2\/types\/product"}],"replies":[{"embeddable":true,"href":"https:\/\/ponteseditores.com.br\/loja3\/wp-json\/wp\/v2\/comments?post=7251"}],"version-history":[{"count":0,"href":"https:\/\/ponteseditores.com.br\/loja3\/wp-json\/wp\/v2\/product\/7251\/revisions"}],"wp:featuredmedia":[{"embeddable":true,"href":"https:\/\/ponteseditores.com.br\/loja3\/wp-json\/wp\/v2\/media\/5298"}],"wp:attachment":[{"href":"https:\/\/ponteseditores.com.br\/loja3\/wp-json\/wp\/v2\/media?parent=7251"}],"wp:term":[{"taxonomy":"product_brand","embeddable":true,"href":"https:\/\/ponteseditores.com.br\/loja3\/wp-json\/wp\/v2\/product_brand?post=7251"},{"taxonomy":"product_cat","embeddable":true,"href":"https:\/\/ponteseditores.com.br\/loja3\/wp-json\/wp\/v2\/product_cat?post=7251"},{"taxonomy":"product_tag","embeddable":true,"href":"https:\/\/ponteseditores.com.br\/loja3\/wp-json\/wp\/v2\/product_tag?post=7251"}],"curies":[{"name":"wp","href":"https:\/\/api.w.org\/{rel}","templated":true}]}}