{"id":7243,"date":"2023-12-15T00:38:12","date_gmt":"2023-12-15T03:38:12","guid":{"rendered":"https:\/\/ponteseditores.com.br\/loja3\/pontes-editores-home-2__trashed\/sem%20categoria\/en-classe-et-en-scene-dez-anos-de-uma-trajetoria-coletiva-e-book-para-receber-o-arquivo-digital-entre-contato-ponteseditoresponteseditores-com-br\/"},"modified":"2024-10-08T11:29:16","modified_gmt":"2024-10-08T14:29:16","slug":"en-classe-et-en-scene-dez-anos-de-uma-trajetoria-coletiva-e-book-para-receber-o-arquivo-digital-entre-contato-ponteseditoresponteseditores-com-br","status":"publish","type":"product","link":"https:\/\/ponteseditores.com.br\/loja3\/pontes-editores-home-2__trashed\/leitura\/en-classe-et-en-scene-dez-anos-de-uma-trajetoria-coletiva-e-book-para-receber-o-arquivo-digital-entre-contato-ponteseditoresponteseditores-com-br\/","title":{"rendered":"En classe et en sc\u00e8ne &#8211; Dez anos de uma trajet\u00f3ria coletiva"},"content":{"rendered":"<p>Durante esses dez anos do coletivo En classe et en sc\u00e8ne realizamos pesquisas que abordam uma an\u00e1lise do texto, no que diz respeito a seus aspectos po\u00e9ticos, sua estrutura dram\u00e1tica e a constru\u00e7\u00e3o dos personagens, sem perder de vista seu devir c\u00eanico e suas possibilidades de leitura.<\/p>\n<p>Em nossa experi\u00eancia, pretendemos oferecer um ambiente em que a literatura seja descoberta por meio do prazer do texto por meio de pr\u00e1ticas que passam pelo corpo e pela voz favorecendo o desenvolvimento da express\u00e3o cr\u00edtica, se propondo como um teatro de transforma\u00e7\u00e3o. Trabalhar coletivamente e em colabora\u00e7\u00e3o com estudantes e pessoas de nossas comunidades do Distrito Federal, sobre textos relacionados a problemas de nossa sociedade atual, como guerras, viol\u00eancia, ataques contra a humanidade em geral, pode despertar o desejo de transforma\u00e7\u00e3o, incitar a uma vontade de mudan\u00e7a em dire\u00e7\u00e3o a uma sociedade na qual a alteridade e a pluralidade sejam colocadas em primeiro plano.<\/p>\n<p>Nas produ\u00e7\u00f5es, leituras e pesquisas do grupo, percebemos o teatro como um ato pol\u00edtico, na perspectiva de que toda arte \u00e9 uma a\u00e7\u00e3o concreta no mundo, sem, no entanto, perder de vista o trabalho art\u00edstico considerado em sua forma experimental e sua ambi\u00e7\u00e3o filos\u00f3fica. A tend\u00eancia experimental do grupo, somada \u00e0 reflex\u00e3o te\u00f3rica, levou-nos \u00e0 constru\u00e7\u00e3o de um teatro pol\u00edtico, emancipat\u00f3rio e cr\u00edtico, em di\u00e1logo com o ensino de l\u00ednguas e literaturas. Um teatro de den\u00fancia dos atuais discursos de censura e opress\u00e3o.<\/p>\n<p>Maria da Gl\u00f3ria Magalh\u00e3es dos Reis<\/p>\n<p>(Organizadora)<\/p>\n","protected":false},"excerpt":{"rendered":"<p>Durante esses dez anos do coletivo En classe et en sc\u00e8ne realizamos pesquisas que abordam uma an\u00e1lise do texto, no que diz respeito a seus aspectos po\u00e9ticos, sua estrutura dram\u00e1tica e a constru\u00e7\u00e3o dos personagens, sem perder de vista seu devir c\u00eanico e suas possibilidades de leitura. Em nossa experi\u00eancia, pretendemos oferecer um ambiente em [&hellip;]<\/p>\n","protected":false},"featured_media":7207,"comment_status":"open","ping_status":"closed","template":"","meta":{"_joinchat":[]},"product_brand":[],"product_cat":[278],"product_tag":[],"class_list":{"0":"post-7243","1":"product","2":"type-product","3":"status-publish","4":"has-post-thumbnail","6":"product_cat-leitura","7":"product_shipping_class-download","9":"first","10":"instock","11":"downloadable","12":"virtual","13":"purchasable","14":"product-type-simple"},"yoast_head":"<!-- This site is optimized with the Yoast SEO plugin v27.4 - https:\/\/yoast.com\/product\/yoast-seo-wordpress\/ -->\n<title>En classe et en sc\u00e8ne - Dez anos de uma trajet\u00f3ria coletiva - Pontes Editores<\/title>\n<meta name=\"robots\" content=\"index, follow, max-snippet:-1, max-image-preview:large, max-video-preview:-1\" \/>\n<link rel=\"canonical\" href=\"https:\/\/ponteseditores.com.br\/loja3\/pontes-editores-home-2__trashed\/leitura\/en-classe-et-en-scene-dez-anos-de-uma-trajetoria-coletiva-e-book-para-receber-o-arquivo-digital-entre-contato-ponteseditoresponteseditores-com-br\/\" \/>\n<meta property=\"og:locale\" content=\"pt_BR\" \/>\n<meta property=\"og:type\" content=\"article\" \/>\n<meta property=\"og:title\" content=\"En classe et en sc\u00e8ne - Dez anos de uma trajet\u00f3ria coletiva - Pontes Editores\" \/>\n<meta property=\"og:description\" content=\"Durante esses dez anos do coletivo En classe et en sc\u00e8ne realizamos pesquisas que abordam uma an\u00e1lise do texto, no que diz respeito a seus aspectos po\u00e9ticos, sua estrutura dram\u00e1tica e a constru\u00e7\u00e3o dos personagens, sem perder de vista seu devir c\u00eanico e suas possibilidades de leitura. Em nossa experi\u00eancia, pretendemos oferecer um ambiente em [&hellip;]\" \/>\n<meta property=\"og:url\" content=\"https:\/\/ponteseditores.com.br\/loja3\/pontes-editores-home-2__trashed\/leitura\/en-classe-et-en-scene-dez-anos-de-uma-trajetoria-coletiva-e-book-para-receber-o-arquivo-digital-entre-contato-ponteseditoresponteseditores-com-br\/\" \/>\n<meta property=\"og:site_name\" content=\"Pontes Editores\" \/>\n<meta property=\"article:modified_time\" content=\"2024-10-08T14:29:16+00:00\" \/>\n<meta property=\"og:image\" content=\"https:\/\/ponteseditores.com.br\/loja3\/wp-content\/uploads\/2023\/12\/Capa_En_Classe.jpg\" \/>\n\t<meta property=\"og:image:width\" content=\"945\" \/>\n\t<meta property=\"og:image:height\" content=\"1358\" \/>\n\t<meta property=\"og:image:type\" content=\"image\/jpeg\" \/>\n<meta name=\"twitter:card\" content=\"summary_large_image\" \/>\n<meta name=\"twitter:label1\" content=\"Est. tempo de leitura\" \/>\n\t<meta name=\"twitter:data1\" content=\"2 minutos\" \/>\n<script type=\"application\/ld+json\" class=\"yoast-schema-graph\">{\"@context\":\"https:\\\/\\\/schema.org\",\"@graph\":[{\"@type\":\"WebPage\",\"@id\":\"https:\\\/\\\/ponteseditores.com.br\\\/loja3\\\/pontes-editores-home-2__trashed\\\/leitura\\\/en-classe-et-en-scene-dez-anos-de-uma-trajetoria-coletiva-e-book-para-receber-o-arquivo-digital-entre-contato-ponteseditoresponteseditores-com-br\\\/\",\"url\":\"https:\\\/\\\/ponteseditores.com.br\\\/loja3\\\/pontes-editores-home-2__trashed\\\/leitura\\\/en-classe-et-en-scene-dez-anos-de-uma-trajetoria-coletiva-e-book-para-receber-o-arquivo-digital-entre-contato-ponteseditoresponteseditores-com-br\\\/\",\"name\":\"En classe et en sc\u00e8ne - Dez anos de uma trajet\u00f3ria coletiva - Pontes Editores\",\"isPartOf\":{\"@id\":\"https:\\\/\\\/ponteseditores.com.br\\\/loja3\\\/#website\"},\"primaryImageOfPage\":{\"@id\":\"https:\\\/\\\/ponteseditores.com.br\\\/loja3\\\/pontes-editores-home-2__trashed\\\/leitura\\\/en-classe-et-en-scene-dez-anos-de-uma-trajetoria-coletiva-e-book-para-receber-o-arquivo-digital-entre-contato-ponteseditoresponteseditores-com-br\\\/#primaryimage\"},\"image\":{\"@id\":\"https:\\\/\\\/ponteseditores.com.br\\\/loja3\\\/pontes-editores-home-2__trashed\\\/leitura\\\/en-classe-et-en-scene-dez-anos-de-uma-trajetoria-coletiva-e-book-para-receber-o-arquivo-digital-entre-contato-ponteseditoresponteseditores-com-br\\\/#primaryimage\"},\"thumbnailUrl\":\"https:\\\/\\\/ponteseditores.com.br\\\/loja3\\\/wp-content\\\/uploads\\\/2023\\\/12\\\/Capa_En_Classe.jpg\",\"datePublished\":\"2023-12-15T03:38:12+00:00\",\"dateModified\":\"2024-10-08T14:29:16+00:00\",\"breadcrumb\":{\"@id\":\"https:\\\/\\\/ponteseditores.com.br\\\/loja3\\\/pontes-editores-home-2__trashed\\\/leitura\\\/en-classe-et-en-scene-dez-anos-de-uma-trajetoria-coletiva-e-book-para-receber-o-arquivo-digital-entre-contato-ponteseditoresponteseditores-com-br\\\/#breadcrumb\"},\"inLanguage\":\"pt-BR\",\"potentialAction\":[{\"@type\":\"ReadAction\",\"target\":[\"https:\\\/\\\/ponteseditores.com.br\\\/loja3\\\/pontes-editores-home-2__trashed\\\/leitura\\\/en-classe-et-en-scene-dez-anos-de-uma-trajetoria-coletiva-e-book-para-receber-o-arquivo-digital-entre-contato-ponteseditoresponteseditores-com-br\\\/\"]}]},{\"@type\":\"ImageObject\",\"inLanguage\":\"pt-BR\",\"@id\":\"https:\\\/\\\/ponteseditores.com.br\\\/loja3\\\/pontes-editores-home-2__trashed\\\/leitura\\\/en-classe-et-en-scene-dez-anos-de-uma-trajetoria-coletiva-e-book-para-receber-o-arquivo-digital-entre-contato-ponteseditoresponteseditores-com-br\\\/#primaryimage\",\"url\":\"https:\\\/\\\/ponteseditores.com.br\\\/loja3\\\/wp-content\\\/uploads\\\/2023\\\/12\\\/Capa_En_Classe.jpg\",\"contentUrl\":\"https:\\\/\\\/ponteseditores.com.br\\\/loja3\\\/wp-content\\\/uploads\\\/2023\\\/12\\\/Capa_En_Classe.jpg\",\"width\":945,\"height\":1358},{\"@type\":\"BreadcrumbList\",\"@id\":\"https:\\\/\\\/ponteseditores.com.br\\\/loja3\\\/pontes-editores-home-2__trashed\\\/leitura\\\/en-classe-et-en-scene-dez-anos-de-uma-trajetoria-coletiva-e-book-para-receber-o-arquivo-digital-entre-contato-ponteseditoresponteseditores-com-br\\\/#breadcrumb\",\"itemListElement\":[{\"@type\":\"ListItem\",\"position\":1,\"name\":\"Home\",\"item\":\"https:\\\/\\\/ponteseditores.com.br\\\/loja3\\\/\"},{\"@type\":\"ListItem\",\"position\":2,\"name\":\"loja\",\"item\":\"https:\\\/\\\/ponteseditores.com.br\\\/loja3\\\/loja\\\/\"},{\"@type\":\"ListItem\",\"position\":3,\"name\":\"En classe et en sc\u00e8ne &#8211; Dez anos de uma trajet\u00f3ria coletiva\"}]},{\"@type\":\"WebSite\",\"@id\":\"https:\\\/\\\/ponteseditores.com.br\\\/loja3\\\/#website\",\"url\":\"https:\\\/\\\/ponteseditores.com.br\\\/loja3\\\/\",\"name\":\"Pontes Editores\",\"description\":\"Pontes Editores\",\"publisher\":{\"@id\":\"https:\\\/\\\/ponteseditores.com.br\\\/loja3\\\/#organization\"},\"potentialAction\":[{\"@type\":\"SearchAction\",\"target\":{\"@type\":\"EntryPoint\",\"urlTemplate\":\"https:\\\/\\\/ponteseditores.com.br\\\/loja3\\\/?s={search_term_string}\"},\"query-input\":{\"@type\":\"PropertyValueSpecification\",\"valueRequired\":true,\"valueName\":\"search_term_string\"}}],\"inLanguage\":\"pt-BR\"},{\"@type\":\"Organization\",\"@id\":\"https:\\\/\\\/ponteseditores.com.br\\\/loja3\\\/#organization\",\"name\":\"Pontes Editores\",\"url\":\"https:\\\/\\\/ponteseditores.com.br\\\/loja3\\\/\",\"logo\":{\"@type\":\"ImageObject\",\"inLanguage\":\"pt-BR\",\"@id\":\"https:\\\/\\\/ponteseditores.com.br\\\/loja3\\\/#\\\/schema\\\/logo\\\/image\\\/\",\"url\":\"https:\\\/\\\/ponteseditores.com.br\\\/loja3\\\/wp-content\\\/uploads\\\/2023\\\/12\\\/logo-pontes-editores-v2.png\",\"contentUrl\":\"https:\\\/\\\/ponteseditores.com.br\\\/loja3\\\/wp-content\\\/uploads\\\/2023\\\/12\\\/logo-pontes-editores-v2.png\",\"width\":258,\"height\":100,\"caption\":\"Pontes Editores\"},\"image\":{\"@id\":\"https:\\\/\\\/ponteseditores.com.br\\\/loja3\\\/#\\\/schema\\\/logo\\\/image\\\/\"}}]}<\/script>\n<!-- \/ Yoast SEO plugin. -->","yoast_head_json":{"title":"En classe et en sc\u00e8ne - Dez anos de uma trajet\u00f3ria coletiva - Pontes Editores","robots":{"index":"index","follow":"follow","max-snippet":"max-snippet:-1","max-image-preview":"max-image-preview:large","max-video-preview":"max-video-preview:-1"},"canonical":"https:\/\/ponteseditores.com.br\/loja3\/pontes-editores-home-2__trashed\/leitura\/en-classe-et-en-scene-dez-anos-de-uma-trajetoria-coletiva-e-book-para-receber-o-arquivo-digital-entre-contato-ponteseditoresponteseditores-com-br\/","og_locale":"pt_BR","og_type":"article","og_title":"En classe et en sc\u00e8ne - Dez anos de uma trajet\u00f3ria coletiva - Pontes Editores","og_description":"Durante esses dez anos do coletivo En classe et en sc\u00e8ne realizamos pesquisas que abordam uma an\u00e1lise do texto, no que diz respeito a seus aspectos po\u00e9ticos, sua estrutura dram\u00e1tica e a constru\u00e7\u00e3o dos personagens, sem perder de vista seu devir c\u00eanico e suas possibilidades de leitura. Em nossa experi\u00eancia, pretendemos oferecer um ambiente em [&hellip;]","og_url":"https:\/\/ponteseditores.com.br\/loja3\/pontes-editores-home-2__trashed\/leitura\/en-classe-et-en-scene-dez-anos-de-uma-trajetoria-coletiva-e-book-para-receber-o-arquivo-digital-entre-contato-ponteseditoresponteseditores-com-br\/","og_site_name":"Pontes Editores","article_modified_time":"2024-10-08T14:29:16+00:00","og_image":[{"width":945,"height":1358,"url":"https:\/\/ponteseditores.com.br\/loja3\/wp-content\/uploads\/2023\/12\/Capa_En_Classe.jpg","type":"image\/jpeg"}],"twitter_card":"summary_large_image","twitter_misc":{"Est. tempo de leitura":"2 minutos"},"schema":{"@context":"https:\/\/schema.org","@graph":[{"@type":"WebPage","@id":"https:\/\/ponteseditores.com.br\/loja3\/pontes-editores-home-2__trashed\/leitura\/en-classe-et-en-scene-dez-anos-de-uma-trajetoria-coletiva-e-book-para-receber-o-arquivo-digital-entre-contato-ponteseditoresponteseditores-com-br\/","url":"https:\/\/ponteseditores.com.br\/loja3\/pontes-editores-home-2__trashed\/leitura\/en-classe-et-en-scene-dez-anos-de-uma-trajetoria-coletiva-e-book-para-receber-o-arquivo-digital-entre-contato-ponteseditoresponteseditores-com-br\/","name":"En classe et en sc\u00e8ne - Dez anos de uma trajet\u00f3ria coletiva - Pontes Editores","isPartOf":{"@id":"https:\/\/ponteseditores.com.br\/loja3\/#website"},"primaryImageOfPage":{"@id":"https:\/\/ponteseditores.com.br\/loja3\/pontes-editores-home-2__trashed\/leitura\/en-classe-et-en-scene-dez-anos-de-uma-trajetoria-coletiva-e-book-para-receber-o-arquivo-digital-entre-contato-ponteseditoresponteseditores-com-br\/#primaryimage"},"image":{"@id":"https:\/\/ponteseditores.com.br\/loja3\/pontes-editores-home-2__trashed\/leitura\/en-classe-et-en-scene-dez-anos-de-uma-trajetoria-coletiva-e-book-para-receber-o-arquivo-digital-entre-contato-ponteseditoresponteseditores-com-br\/#primaryimage"},"thumbnailUrl":"https:\/\/ponteseditores.com.br\/loja3\/wp-content\/uploads\/2023\/12\/Capa_En_Classe.jpg","datePublished":"2023-12-15T03:38:12+00:00","dateModified":"2024-10-08T14:29:16+00:00","breadcrumb":{"@id":"https:\/\/ponteseditores.com.br\/loja3\/pontes-editores-home-2__trashed\/leitura\/en-classe-et-en-scene-dez-anos-de-uma-trajetoria-coletiva-e-book-para-receber-o-arquivo-digital-entre-contato-ponteseditoresponteseditores-com-br\/#breadcrumb"},"inLanguage":"pt-BR","potentialAction":[{"@type":"ReadAction","target":["https:\/\/ponteseditores.com.br\/loja3\/pontes-editores-home-2__trashed\/leitura\/en-classe-et-en-scene-dez-anos-de-uma-trajetoria-coletiva-e-book-para-receber-o-arquivo-digital-entre-contato-ponteseditoresponteseditores-com-br\/"]}]},{"@type":"ImageObject","inLanguage":"pt-BR","@id":"https:\/\/ponteseditores.com.br\/loja3\/pontes-editores-home-2__trashed\/leitura\/en-classe-et-en-scene-dez-anos-de-uma-trajetoria-coletiva-e-book-para-receber-o-arquivo-digital-entre-contato-ponteseditoresponteseditores-com-br\/#primaryimage","url":"https:\/\/ponteseditores.com.br\/loja3\/wp-content\/uploads\/2023\/12\/Capa_En_Classe.jpg","contentUrl":"https:\/\/ponteseditores.com.br\/loja3\/wp-content\/uploads\/2023\/12\/Capa_En_Classe.jpg","width":945,"height":1358},{"@type":"BreadcrumbList","@id":"https:\/\/ponteseditores.com.br\/loja3\/pontes-editores-home-2__trashed\/leitura\/en-classe-et-en-scene-dez-anos-de-uma-trajetoria-coletiva-e-book-para-receber-o-arquivo-digital-entre-contato-ponteseditoresponteseditores-com-br\/#breadcrumb","itemListElement":[{"@type":"ListItem","position":1,"name":"Home","item":"https:\/\/ponteseditores.com.br\/loja3\/"},{"@type":"ListItem","position":2,"name":"loja","item":"https:\/\/ponteseditores.com.br\/loja3\/loja\/"},{"@type":"ListItem","position":3,"name":"En classe et en sc\u00e8ne &#8211; Dez anos de uma trajet\u00f3ria coletiva"}]},{"@type":"WebSite","@id":"https:\/\/ponteseditores.com.br\/loja3\/#website","url":"https:\/\/ponteseditores.com.br\/loja3\/","name":"Pontes Editores","description":"Pontes Editores","publisher":{"@id":"https:\/\/ponteseditores.com.br\/loja3\/#organization"},"potentialAction":[{"@type":"SearchAction","target":{"@type":"EntryPoint","urlTemplate":"https:\/\/ponteseditores.com.br\/loja3\/?s={search_term_string}"},"query-input":{"@type":"PropertyValueSpecification","valueRequired":true,"valueName":"search_term_string"}}],"inLanguage":"pt-BR"},{"@type":"Organization","@id":"https:\/\/ponteseditores.com.br\/loja3\/#organization","name":"Pontes Editores","url":"https:\/\/ponteseditores.com.br\/loja3\/","logo":{"@type":"ImageObject","inLanguage":"pt-BR","@id":"https:\/\/ponteseditores.com.br\/loja3\/#\/schema\/logo\/image\/","url":"https:\/\/ponteseditores.com.br\/loja3\/wp-content\/uploads\/2023\/12\/logo-pontes-editores-v2.png","contentUrl":"https:\/\/ponteseditores.com.br\/loja3\/wp-content\/uploads\/2023\/12\/logo-pontes-editores-v2.png","width":258,"height":100,"caption":"Pontes Editores"},"image":{"@id":"https:\/\/ponteseditores.com.br\/loja3\/#\/schema\/logo\/image\/"}}]}},"_links":{"self":[{"href":"https:\/\/ponteseditores.com.br\/loja3\/wp-json\/wp\/v2\/product\/7243","targetHints":{"allow":["GET"]}}],"collection":[{"href":"https:\/\/ponteseditores.com.br\/loja3\/wp-json\/wp\/v2\/product"}],"about":[{"href":"https:\/\/ponteseditores.com.br\/loja3\/wp-json\/wp\/v2\/types\/product"}],"replies":[{"embeddable":true,"href":"https:\/\/ponteseditores.com.br\/loja3\/wp-json\/wp\/v2\/comments?post=7243"}],"version-history":[{"count":0,"href":"https:\/\/ponteseditores.com.br\/loja3\/wp-json\/wp\/v2\/product\/7243\/revisions"}],"wp:featuredmedia":[{"embeddable":true,"href":"https:\/\/ponteseditores.com.br\/loja3\/wp-json\/wp\/v2\/media\/7207"}],"wp:attachment":[{"href":"https:\/\/ponteseditores.com.br\/loja3\/wp-json\/wp\/v2\/media?parent=7243"}],"wp:term":[{"taxonomy":"product_brand","embeddable":true,"href":"https:\/\/ponteseditores.com.br\/loja3\/wp-json\/wp\/v2\/product_brand?post=7243"},{"taxonomy":"product_cat","embeddable":true,"href":"https:\/\/ponteseditores.com.br\/loja3\/wp-json\/wp\/v2\/product_cat?post=7243"},{"taxonomy":"product_tag","embeddable":true,"href":"https:\/\/ponteseditores.com.br\/loja3\/wp-json\/wp\/v2\/product_tag?post=7243"}],"curies":[{"name":"wp","href":"https:\/\/api.w.org\/{rel}","templated":true}]}}