{"id":7149,"date":"2023-12-14T01:19:35","date_gmt":"2023-12-14T04:19:35","guid":{"rendered":"https:\/\/ponteseditores.com.br\/loja3\/?post_type=product&#038;p=7149"},"modified":"2023-12-15T12:13:04","modified_gmt":"2023-12-15T15:13:04","slug":"funcionalismo-linguistico-interfaces","status":"publish","type":"product","link":"https:\/\/ponteseditores.com.br\/loja3\/pontes-editores-home-2__trashed\/linguistica\/funcionalismo-linguistico-interfaces\/","title":{"rendered":"FUNCIONALISMO LINGUISTICO INTERFACES"},"content":{"rendered":"<p class=\"p1\">Esta colet\u00e2nea re\u00fane pesquisas de ponta apresentadas no XXV Semin\u00e1rio Nacional e XII Semin\u00e1rio Internacional do Grupo de Estudos Discurso &amp; Gram\u00e1tica (D&amp;G), realizado no Instituto de Letras da Universidade Federal Fluminense, em outubro de 2022, sob o t\u00edtulo L\u00edngua em uso: cogni\u00e7\u00e3o social e rede construcional.<\/p>\n<p class=\"p1\">Os textos aqui apresentados traduzem o perfil do evento e procuram responder a quest\u00f5es de fundo tratadas durante o semin\u00e1rio e que se situam no horizonte das pesquisas da \u00e1rea. Entre tais quest\u00f5es, destacam-se: a) Qual o legado do Funcionalismo cl\u00e1ssico de vertente norte-americana, na linha de Giv\u00f3n, Thompson e Hopper, por exemplo, \u00e0s pesquisas da \u00e1rea no s\u00e9culo XXI?; b) Como a abordagem construcional da gram\u00e1tica, assumida em Traugott e Trousdale (2013) e Hilpert (2014), entre outros, \u00e9 incorporada aos estudos funcionalistas na atualidade?; c) Que contribui\u00e7\u00f5es e restri\u00e7\u00f5es devem ser consideradas nessa interface?; d) Como a varia\u00e7\u00e3o lingu\u00edstica, j\u00e1 contemplada nos estudos funcionalistas cl\u00e1ssicos, pode ser investigada na perspectiva da constru\u00e7\u00e3o?; e) De que forma a morfologia construcional concorre para a pesquisa funcionalista?; f) Que contribui\u00e7\u00f5es os resultados da investiga\u00e7\u00e3o dos usos lingu\u00edsticos pode trazer ao ensino de l\u00edngua materna na Educa\u00e7\u00e3o B\u00e1sica do Brasil?; g) Que perspectivas e desafios est\u00e3o postos para aqueles comprometidos com investiga\u00e7\u00e3o da l\u00edngua em uso neste s\u00e9culo, notadamente em seu vi\u00e9s pragm\u00e1tico e cognitivo? O objetivo \u00e9 oferecer ao leitor um amplo e atualizado quadro do estado da arte do Funcionalismo que tem seu marco inicial na d\u00e9cada de 80 do s\u00e9culo XX, na Costa Oeste dos Estados Unidos.<\/p>\n","protected":false},"excerpt":{"rendered":"<p>Esta colet\u00e2nea re\u00fane pesquisas de ponta apresentadas no XXV Semin\u00e1rio Nacional e XII Semin\u00e1rio Internacional do Grupo de Estudos Discurso &amp; Gram\u00e1tica (D&amp;G), realizado no Instituto de Letras da Universidade Federal Fluminense, em outubro de 2022, sob o t\u00edtulo L\u00edngua em uso: cogni\u00e7\u00e3o social e rede construcional.<\/p>\n","protected":false},"featured_media":6617,"comment_status":"open","ping_status":"closed","template":"","meta":{"_joinchat":[]},"product_brand":[],"product_cat":[31,331],"product_tag":[],"class_list":{"0":"post-7149","1":"product","2":"type-product","3":"status-publish","4":"has-post-thumbnail","6":"product_cat-linguistica","7":"product_cat-semantica","8":"product_shipping_class-livro-pontes-editores-fisico","10":"first","11":"instock","12":"shipping-taxable","13":"purchasable","14":"product-type-simple"},"yoast_head":"<!-- This site is optimized with the Yoast SEO plugin v27.4 - https:\/\/yoast.com\/product\/yoast-seo-wordpress\/ -->\n<title>FUNCIONALISMO LINGUISTICO INTERFACES - Pontes Editores<\/title>\n<meta name=\"robots\" content=\"index, follow, max-snippet:-1, max-image-preview:large, max-video-preview:-1\" \/>\n<link rel=\"canonical\" href=\"https:\/\/ponteseditores.com.br\/loja3\/pontes-editores-home-2__trashed\/linguistica\/funcionalismo-linguistico-interfaces\/\" \/>\n<meta property=\"og:locale\" content=\"pt_BR\" \/>\n<meta property=\"og:type\" content=\"article\" \/>\n<meta property=\"og:title\" content=\"FUNCIONALISMO LINGUISTICO INTERFACES - Pontes Editores\" \/>\n<meta property=\"og:description\" content=\"Esta colet\u00e2nea re\u00fane pesquisas de ponta apresentadas no XXV Semin\u00e1rio Nacional e XII Semin\u00e1rio Internacional do Grupo de Estudos Discurso &amp; Gram\u00e1tica (D&amp;G), realizado no Instituto de Letras da Universidade Federal Fluminense, em outubro de 2022, sob o t\u00edtulo L\u00edngua em uso: cogni\u00e7\u00e3o social e rede construcional.\" \/>\n<meta property=\"og:url\" content=\"https:\/\/ponteseditores.com.br\/loja3\/pontes-editores-home-2__trashed\/linguistica\/funcionalismo-linguistico-interfaces\/\" \/>\n<meta property=\"og:site_name\" content=\"Pontes Editores\" \/>\n<meta property=\"article:modified_time\" content=\"2023-12-15T15:13:04+00:00\" \/>\n<meta property=\"og:image\" content=\"https:\/\/ponteseditores.com.br\/loja3\/wp-content\/uploads\/2023\/12\/funcionalismo-linguistico-interfaces-capa-1-1.jpg\" \/>\n\t<meta property=\"og:image:width\" content=\"1728\" \/>\n\t<meta property=\"og:image:height\" content=\"2443\" \/>\n\t<meta property=\"og:image:type\" content=\"image\/jpeg\" \/>\n<meta name=\"twitter:card\" content=\"summary_large_image\" \/>\n<meta name=\"twitter:label1\" content=\"Est. tempo de leitura\" \/>\n\t<meta name=\"twitter:data1\" content=\"2 minutos\" \/>\n<script type=\"application\/ld+json\" class=\"yoast-schema-graph\">{\"@context\":\"https:\\\/\\\/schema.org\",\"@graph\":[{\"@type\":\"WebPage\",\"@id\":\"https:\\\/\\\/ponteseditores.com.br\\\/loja3\\\/pontes-editores-home-2__trashed\\\/linguistica\\\/funcionalismo-linguistico-interfaces\\\/\",\"url\":\"https:\\\/\\\/ponteseditores.com.br\\\/loja3\\\/pontes-editores-home-2__trashed\\\/linguistica\\\/funcionalismo-linguistico-interfaces\\\/\",\"name\":\"FUNCIONALISMO LINGUISTICO INTERFACES - Pontes Editores\",\"isPartOf\":{\"@id\":\"https:\\\/\\\/ponteseditores.com.br\\\/loja3\\\/#website\"},\"primaryImageOfPage\":{\"@id\":\"https:\\\/\\\/ponteseditores.com.br\\\/loja3\\\/pontes-editores-home-2__trashed\\\/linguistica\\\/funcionalismo-linguistico-interfaces\\\/#primaryimage\"},\"image\":{\"@id\":\"https:\\\/\\\/ponteseditores.com.br\\\/loja3\\\/pontes-editores-home-2__trashed\\\/linguistica\\\/funcionalismo-linguistico-interfaces\\\/#primaryimage\"},\"thumbnailUrl\":\"https:\\\/\\\/ponteseditores.com.br\\\/loja3\\\/wp-content\\\/uploads\\\/2023\\\/12\\\/funcionalismo-linguistico-interfaces-capa-1-1.jpg\",\"datePublished\":\"2023-12-14T04:19:35+00:00\",\"dateModified\":\"2023-12-15T15:13:04+00:00\",\"breadcrumb\":{\"@id\":\"https:\\\/\\\/ponteseditores.com.br\\\/loja3\\\/pontes-editores-home-2__trashed\\\/linguistica\\\/funcionalismo-linguistico-interfaces\\\/#breadcrumb\"},\"inLanguage\":\"pt-BR\",\"potentialAction\":[{\"@type\":\"ReadAction\",\"target\":[\"https:\\\/\\\/ponteseditores.com.br\\\/loja3\\\/pontes-editores-home-2__trashed\\\/linguistica\\\/funcionalismo-linguistico-interfaces\\\/\"]}]},{\"@type\":\"ImageObject\",\"inLanguage\":\"pt-BR\",\"@id\":\"https:\\\/\\\/ponteseditores.com.br\\\/loja3\\\/pontes-editores-home-2__trashed\\\/linguistica\\\/funcionalismo-linguistico-interfaces\\\/#primaryimage\",\"url\":\"https:\\\/\\\/ponteseditores.com.br\\\/loja3\\\/wp-content\\\/uploads\\\/2023\\\/12\\\/funcionalismo-linguistico-interfaces-capa-1-1.jpg\",\"contentUrl\":\"https:\\\/\\\/ponteseditores.com.br\\\/loja3\\\/wp-content\\\/uploads\\\/2023\\\/12\\\/funcionalismo-linguistico-interfaces-capa-1-1.jpg\",\"width\":1728,\"height\":2443},{\"@type\":\"BreadcrumbList\",\"@id\":\"https:\\\/\\\/ponteseditores.com.br\\\/loja3\\\/pontes-editores-home-2__trashed\\\/linguistica\\\/funcionalismo-linguistico-interfaces\\\/#breadcrumb\",\"itemListElement\":[{\"@type\":\"ListItem\",\"position\":1,\"name\":\"Home\",\"item\":\"https:\\\/\\\/ponteseditores.com.br\\\/loja3\\\/\"},{\"@type\":\"ListItem\",\"position\":2,\"name\":\"loja\",\"item\":\"https:\\\/\\\/ponteseditores.com.br\\\/loja3\\\/loja\\\/\"},{\"@type\":\"ListItem\",\"position\":3,\"name\":\"FUNCIONALISMO LINGUISTICO INTERFACES\"}]},{\"@type\":\"WebSite\",\"@id\":\"https:\\\/\\\/ponteseditores.com.br\\\/loja3\\\/#website\",\"url\":\"https:\\\/\\\/ponteseditores.com.br\\\/loja3\\\/\",\"name\":\"Pontes Editores\",\"description\":\"Pontes Editores\",\"publisher\":{\"@id\":\"https:\\\/\\\/ponteseditores.com.br\\\/loja3\\\/#organization\"},\"potentialAction\":[{\"@type\":\"SearchAction\",\"target\":{\"@type\":\"EntryPoint\",\"urlTemplate\":\"https:\\\/\\\/ponteseditores.com.br\\\/loja3\\\/?s={search_term_string}\"},\"query-input\":{\"@type\":\"PropertyValueSpecification\",\"valueRequired\":true,\"valueName\":\"search_term_string\"}}],\"inLanguage\":\"pt-BR\"},{\"@type\":\"Organization\",\"@id\":\"https:\\\/\\\/ponteseditores.com.br\\\/loja3\\\/#organization\",\"name\":\"Pontes Editores\",\"url\":\"https:\\\/\\\/ponteseditores.com.br\\\/loja3\\\/\",\"logo\":{\"@type\":\"ImageObject\",\"inLanguage\":\"pt-BR\",\"@id\":\"https:\\\/\\\/ponteseditores.com.br\\\/loja3\\\/#\\\/schema\\\/logo\\\/image\\\/\",\"url\":\"https:\\\/\\\/ponteseditores.com.br\\\/loja3\\\/wp-content\\\/uploads\\\/2023\\\/12\\\/logo-pontes-editores-v2.png\",\"contentUrl\":\"https:\\\/\\\/ponteseditores.com.br\\\/loja3\\\/wp-content\\\/uploads\\\/2023\\\/12\\\/logo-pontes-editores-v2.png\",\"width\":258,\"height\":100,\"caption\":\"Pontes Editores\"},\"image\":{\"@id\":\"https:\\\/\\\/ponteseditores.com.br\\\/loja3\\\/#\\\/schema\\\/logo\\\/image\\\/\"}}]}<\/script>\n<!-- \/ Yoast SEO plugin. -->","yoast_head_json":{"title":"FUNCIONALISMO LINGUISTICO INTERFACES - Pontes Editores","robots":{"index":"index","follow":"follow","max-snippet":"max-snippet:-1","max-image-preview":"max-image-preview:large","max-video-preview":"max-video-preview:-1"},"canonical":"https:\/\/ponteseditores.com.br\/loja3\/pontes-editores-home-2__trashed\/linguistica\/funcionalismo-linguistico-interfaces\/","og_locale":"pt_BR","og_type":"article","og_title":"FUNCIONALISMO LINGUISTICO INTERFACES - Pontes Editores","og_description":"Esta colet\u00e2nea re\u00fane pesquisas de ponta apresentadas no XXV Semin\u00e1rio Nacional e XII Semin\u00e1rio Internacional do Grupo de Estudos Discurso &amp; Gram\u00e1tica (D&amp;G), realizado no Instituto de Letras da Universidade Federal Fluminense, em outubro de 2022, sob o t\u00edtulo L\u00edngua em uso: cogni\u00e7\u00e3o social e rede construcional.","og_url":"https:\/\/ponteseditores.com.br\/loja3\/pontes-editores-home-2__trashed\/linguistica\/funcionalismo-linguistico-interfaces\/","og_site_name":"Pontes Editores","article_modified_time":"2023-12-15T15:13:04+00:00","og_image":[{"width":1728,"height":2443,"url":"https:\/\/ponteseditores.com.br\/loja3\/wp-content\/uploads\/2023\/12\/funcionalismo-linguistico-interfaces-capa-1-1.jpg","type":"image\/jpeg"}],"twitter_card":"summary_large_image","twitter_misc":{"Est. tempo de leitura":"2 minutos"},"schema":{"@context":"https:\/\/schema.org","@graph":[{"@type":"WebPage","@id":"https:\/\/ponteseditores.com.br\/loja3\/pontes-editores-home-2__trashed\/linguistica\/funcionalismo-linguistico-interfaces\/","url":"https:\/\/ponteseditores.com.br\/loja3\/pontes-editores-home-2__trashed\/linguistica\/funcionalismo-linguistico-interfaces\/","name":"FUNCIONALISMO LINGUISTICO INTERFACES - Pontes Editores","isPartOf":{"@id":"https:\/\/ponteseditores.com.br\/loja3\/#website"},"primaryImageOfPage":{"@id":"https:\/\/ponteseditores.com.br\/loja3\/pontes-editores-home-2__trashed\/linguistica\/funcionalismo-linguistico-interfaces\/#primaryimage"},"image":{"@id":"https:\/\/ponteseditores.com.br\/loja3\/pontes-editores-home-2__trashed\/linguistica\/funcionalismo-linguistico-interfaces\/#primaryimage"},"thumbnailUrl":"https:\/\/ponteseditores.com.br\/loja3\/wp-content\/uploads\/2023\/12\/funcionalismo-linguistico-interfaces-capa-1-1.jpg","datePublished":"2023-12-14T04:19:35+00:00","dateModified":"2023-12-15T15:13:04+00:00","breadcrumb":{"@id":"https:\/\/ponteseditores.com.br\/loja3\/pontes-editores-home-2__trashed\/linguistica\/funcionalismo-linguistico-interfaces\/#breadcrumb"},"inLanguage":"pt-BR","potentialAction":[{"@type":"ReadAction","target":["https:\/\/ponteseditores.com.br\/loja3\/pontes-editores-home-2__trashed\/linguistica\/funcionalismo-linguistico-interfaces\/"]}]},{"@type":"ImageObject","inLanguage":"pt-BR","@id":"https:\/\/ponteseditores.com.br\/loja3\/pontes-editores-home-2__trashed\/linguistica\/funcionalismo-linguistico-interfaces\/#primaryimage","url":"https:\/\/ponteseditores.com.br\/loja3\/wp-content\/uploads\/2023\/12\/funcionalismo-linguistico-interfaces-capa-1-1.jpg","contentUrl":"https:\/\/ponteseditores.com.br\/loja3\/wp-content\/uploads\/2023\/12\/funcionalismo-linguistico-interfaces-capa-1-1.jpg","width":1728,"height":2443},{"@type":"BreadcrumbList","@id":"https:\/\/ponteseditores.com.br\/loja3\/pontes-editores-home-2__trashed\/linguistica\/funcionalismo-linguistico-interfaces\/#breadcrumb","itemListElement":[{"@type":"ListItem","position":1,"name":"Home","item":"https:\/\/ponteseditores.com.br\/loja3\/"},{"@type":"ListItem","position":2,"name":"loja","item":"https:\/\/ponteseditores.com.br\/loja3\/loja\/"},{"@type":"ListItem","position":3,"name":"FUNCIONALISMO LINGUISTICO INTERFACES"}]},{"@type":"WebSite","@id":"https:\/\/ponteseditores.com.br\/loja3\/#website","url":"https:\/\/ponteseditores.com.br\/loja3\/","name":"Pontes Editores","description":"Pontes Editores","publisher":{"@id":"https:\/\/ponteseditores.com.br\/loja3\/#organization"},"potentialAction":[{"@type":"SearchAction","target":{"@type":"EntryPoint","urlTemplate":"https:\/\/ponteseditores.com.br\/loja3\/?s={search_term_string}"},"query-input":{"@type":"PropertyValueSpecification","valueRequired":true,"valueName":"search_term_string"}}],"inLanguage":"pt-BR"},{"@type":"Organization","@id":"https:\/\/ponteseditores.com.br\/loja3\/#organization","name":"Pontes Editores","url":"https:\/\/ponteseditores.com.br\/loja3\/","logo":{"@type":"ImageObject","inLanguage":"pt-BR","@id":"https:\/\/ponteseditores.com.br\/loja3\/#\/schema\/logo\/image\/","url":"https:\/\/ponteseditores.com.br\/loja3\/wp-content\/uploads\/2023\/12\/logo-pontes-editores-v2.png","contentUrl":"https:\/\/ponteseditores.com.br\/loja3\/wp-content\/uploads\/2023\/12\/logo-pontes-editores-v2.png","width":258,"height":100,"caption":"Pontes Editores"},"image":{"@id":"https:\/\/ponteseditores.com.br\/loja3\/#\/schema\/logo\/image\/"}}]}},"_links":{"self":[{"href":"https:\/\/ponteseditores.com.br\/loja3\/wp-json\/wp\/v2\/product\/7149","targetHints":{"allow":["GET"]}}],"collection":[{"href":"https:\/\/ponteseditores.com.br\/loja3\/wp-json\/wp\/v2\/product"}],"about":[{"href":"https:\/\/ponteseditores.com.br\/loja3\/wp-json\/wp\/v2\/types\/product"}],"replies":[{"embeddable":true,"href":"https:\/\/ponteseditores.com.br\/loja3\/wp-json\/wp\/v2\/comments?post=7149"}],"version-history":[{"count":0,"href":"https:\/\/ponteseditores.com.br\/loja3\/wp-json\/wp\/v2\/product\/7149\/revisions"}],"wp:featuredmedia":[{"embeddable":true,"href":"https:\/\/ponteseditores.com.br\/loja3\/wp-json\/wp\/v2\/media\/6617"}],"wp:attachment":[{"href":"https:\/\/ponteseditores.com.br\/loja3\/wp-json\/wp\/v2\/media?parent=7149"}],"wp:term":[{"taxonomy":"product_brand","embeddable":true,"href":"https:\/\/ponteseditores.com.br\/loja3\/wp-json\/wp\/v2\/product_brand?post=7149"},{"taxonomy":"product_cat","embeddable":true,"href":"https:\/\/ponteseditores.com.br\/loja3\/wp-json\/wp\/v2\/product_cat?post=7149"},{"taxonomy":"product_tag","embeddable":true,"href":"https:\/\/ponteseditores.com.br\/loja3\/wp-json\/wp\/v2\/product_tag?post=7149"}],"curies":[{"name":"wp","href":"https:\/\/api.w.org\/{rel}","templated":true}]}}