{"id":7146,"date":"2023-12-14T01:13:30","date_gmt":"2023-12-14T04:13:30","guid":{"rendered":"https:\/\/ponteseditores.com.br\/loja3\/?post_type=product&#038;p=7146"},"modified":"2023-12-15T12:13:04","modified_gmt":"2023-12-15T15:13:04","slug":"juventudes-e-comunicacao-na-cena-urbana","status":"publish","type":"product","link":"https:\/\/ponteseditores.com.br\/loja3\/pontes-editores-home-2__trashed\/linguistica\/juventudes-e-comunicacao-na-cena-urbana\/","title":{"rendered":"JUVENTUDES E COMUNICA\u00c7\u00c3O NA CENA URBANA"},"content":{"rendered":"<p class=\"p1\">Em um mundo povoado de olhares sobre a juventude, este trabalho prop\u00f4s-se a indagar, por meio do di\u00e1logo entre a antropologia e a comunica\u00e7\u00e3o, quais os significados que jovens das camadas m\u00e9dias e populares de Bel\u00e9m do Par\u00e1, segundo maior centro urbano da Amaz\u00f4nia brasileira, atribuem \u00e0 sua pr\u00f3pria experi\u00eancia.<\/p>\n<p class=\"p1\">Durante oito meses foram entrevistados em profundidade jovens de bairros centrais e perif\u00e9ricos da cidade.<\/p>\n<p class=\"p1\">Buscou-se apreender como aspectos diversos de suas viv\u00eancias cotidianas contrastam e desconstroem as imagens homogeneizantes em torno dos jovens que circulam contemporaneamente, em diferentes searas discursivas, com especial \u00eanfase aos meios de comunica\u00e7\u00e3o. Essas representa\u00e7\u00f5es projetam, ao mesmo tempo, um jovem ideal e seu duplo negativo, o desviante, em discursos impregnados de estere\u00f3tipos e de marcadores sociais da diferen\u00e7a.<\/p>\n<p class=\"p1\">Articulando dois n\u00edveis principais de pertencimento e formas de inser\u00e7\u00e3o na cidade, as comunidades imediatas de significa\u00e7\u00e3o &#8211; a fam\u00edlia, o bairro, a vizinhan\u00e7a, escola, a rede de amigos &#8211; e as comunidades imagin\u00e1rias mais amplas, especialmente a m\u00eddia e as redes sociais na internet, a pesquisa revelou que os sujeitos interlocutores ativa e intersubjetivamente produzem seu mundo de significados e tecem projetos, negociando e, por vezes, contrapondo-se aos sentidos que se lhes quer atribuir por sistemas institucionais e simb\u00f3licos.<\/p>\n","protected":false},"excerpt":{"rendered":"<h4 class=\"p1\">Desigualdades, Intersubjetividades e Representa\u00e7\u00f5es Midi\u00e1ticas<\/h4>\n<p>Em um mundo povoado de olhares sobre a juventude, este trabalho prop\u00f4s-se a indagar, por meio do di\u00e1logo entre a antropologia e a comunica\u00e7\u00e3o, quais os significados que jovens das camadas m\u00e9dias e populares de Bel\u00e9m do Par\u00e1, segundo maior centro urbano da Amaz\u00f4nia brasileira, atribuem \u00e0 sua pr\u00f3pria experi\u00eancia.<\/p>\n","protected":false},"featured_media":6619,"comment_status":"open","ping_status":"closed","template":"","meta":{"_joinchat":[]},"product_brand":[],"product_cat":[36,31],"product_tag":[],"class_list":{"0":"post-7146","1":"product","2":"type-product","3":"status-publish","4":"has-post-thumbnail","6":"product_cat-analise-do-discurso","7":"product_cat-linguistica","8":"product_shipping_class-livro-pontes-editores-fisico","10":"first","11":"instock","12":"shipping-taxable","13":"purchasable","14":"product-type-simple"},"yoast_head":"<!-- This site is optimized with the Yoast SEO plugin v27.4 - https:\/\/yoast.com\/product\/yoast-seo-wordpress\/ -->\n<title>JUVENTUDES E COMUNICA\u00c7\u00c3O NA CENA URBANA - Pontes Editores<\/title>\n<meta name=\"robots\" content=\"index, follow, max-snippet:-1, max-image-preview:large, max-video-preview:-1\" \/>\n<link rel=\"canonical\" href=\"https:\/\/ponteseditores.com.br\/loja3\/pontes-editores-home-2__trashed\/linguistica\/juventudes-e-comunicacao-na-cena-urbana\/\" \/>\n<meta property=\"og:locale\" content=\"pt_BR\" \/>\n<meta property=\"og:type\" content=\"article\" \/>\n<meta property=\"og:title\" content=\"JUVENTUDES E COMUNICA\u00c7\u00c3O NA CENA URBANA - Pontes Editores\" \/>\n<meta property=\"og:description\" content=\"Desigualdades, Intersubjetividades e Representa\u00e7\u00f5es Midi\u00e1ticas Em um mundo povoado de olhares sobre a juventude, este trabalho prop\u00f4s-se a indagar, por meio do di\u00e1logo entre a antropologia e a comunica\u00e7\u00e3o, quais os significados que jovens das camadas m\u00e9dias e populares de Bel\u00e9m do Par\u00e1, segundo maior centro urbano da Amaz\u00f4nia brasileira, atribuem \u00e0 sua pr\u00f3pria experi\u00eancia.\" \/>\n<meta property=\"og:url\" content=\"https:\/\/ponteseditores.com.br\/loja3\/pontes-editores-home-2__trashed\/linguistica\/juventudes-e-comunicacao-na-cena-urbana\/\" \/>\n<meta property=\"og:site_name\" content=\"Pontes Editores\" \/>\n<meta property=\"article:modified_time\" content=\"2023-12-15T15:13:04+00:00\" \/>\n<meta property=\"og:image\" content=\"https:\/\/ponteseditores.com.br\/loja3\/wp-content\/uploads\/2023\/12\/juventudes-e-comunicacao-na-cena-urbana-capa-1-1.jpg\" \/>\n\t<meta property=\"og:image:width\" content=\"1728\" \/>\n\t<meta property=\"og:image:height\" content=\"2443\" \/>\n\t<meta property=\"og:image:type\" content=\"image\/jpeg\" \/>\n<meta name=\"twitter:card\" content=\"summary_large_image\" \/>\n<meta name=\"twitter:label1\" content=\"Est. tempo de leitura\" \/>\n\t<meta name=\"twitter:data1\" content=\"2 minutos\" \/>\n<script type=\"application\/ld+json\" class=\"yoast-schema-graph\">{\"@context\":\"https:\\\/\\\/schema.org\",\"@graph\":[{\"@type\":\"WebPage\",\"@id\":\"https:\\\/\\\/ponteseditores.com.br\\\/loja3\\\/pontes-editores-home-2__trashed\\\/linguistica\\\/juventudes-e-comunicacao-na-cena-urbana\\\/\",\"url\":\"https:\\\/\\\/ponteseditores.com.br\\\/loja3\\\/pontes-editores-home-2__trashed\\\/linguistica\\\/juventudes-e-comunicacao-na-cena-urbana\\\/\",\"name\":\"JUVENTUDES E COMUNICA\u00c7\u00c3O NA CENA URBANA - Pontes Editores\",\"isPartOf\":{\"@id\":\"https:\\\/\\\/ponteseditores.com.br\\\/loja3\\\/#website\"},\"primaryImageOfPage\":{\"@id\":\"https:\\\/\\\/ponteseditores.com.br\\\/loja3\\\/pontes-editores-home-2__trashed\\\/linguistica\\\/juventudes-e-comunicacao-na-cena-urbana\\\/#primaryimage\"},\"image\":{\"@id\":\"https:\\\/\\\/ponteseditores.com.br\\\/loja3\\\/pontes-editores-home-2__trashed\\\/linguistica\\\/juventudes-e-comunicacao-na-cena-urbana\\\/#primaryimage\"},\"thumbnailUrl\":\"https:\\\/\\\/ponteseditores.com.br\\\/loja3\\\/wp-content\\\/uploads\\\/2023\\\/12\\\/juventudes-e-comunicacao-na-cena-urbana-capa-1-1.jpg\",\"datePublished\":\"2023-12-14T04:13:30+00:00\",\"dateModified\":\"2023-12-15T15:13:04+00:00\",\"breadcrumb\":{\"@id\":\"https:\\\/\\\/ponteseditores.com.br\\\/loja3\\\/pontes-editores-home-2__trashed\\\/linguistica\\\/juventudes-e-comunicacao-na-cena-urbana\\\/#breadcrumb\"},\"inLanguage\":\"pt-BR\",\"potentialAction\":[{\"@type\":\"ReadAction\",\"target\":[\"https:\\\/\\\/ponteseditores.com.br\\\/loja3\\\/pontes-editores-home-2__trashed\\\/linguistica\\\/juventudes-e-comunicacao-na-cena-urbana\\\/\"]}]},{\"@type\":\"ImageObject\",\"inLanguage\":\"pt-BR\",\"@id\":\"https:\\\/\\\/ponteseditores.com.br\\\/loja3\\\/pontes-editores-home-2__trashed\\\/linguistica\\\/juventudes-e-comunicacao-na-cena-urbana\\\/#primaryimage\",\"url\":\"https:\\\/\\\/ponteseditores.com.br\\\/loja3\\\/wp-content\\\/uploads\\\/2023\\\/12\\\/juventudes-e-comunicacao-na-cena-urbana-capa-1-1.jpg\",\"contentUrl\":\"https:\\\/\\\/ponteseditores.com.br\\\/loja3\\\/wp-content\\\/uploads\\\/2023\\\/12\\\/juventudes-e-comunicacao-na-cena-urbana-capa-1-1.jpg\",\"width\":1728,\"height\":2443},{\"@type\":\"BreadcrumbList\",\"@id\":\"https:\\\/\\\/ponteseditores.com.br\\\/loja3\\\/pontes-editores-home-2__trashed\\\/linguistica\\\/juventudes-e-comunicacao-na-cena-urbana\\\/#breadcrumb\",\"itemListElement\":[{\"@type\":\"ListItem\",\"position\":1,\"name\":\"Home\",\"item\":\"https:\\\/\\\/ponteseditores.com.br\\\/loja3\\\/\"},{\"@type\":\"ListItem\",\"position\":2,\"name\":\"loja\",\"item\":\"https:\\\/\\\/ponteseditores.com.br\\\/loja3\\\/loja\\\/\"},{\"@type\":\"ListItem\",\"position\":3,\"name\":\"JUVENTUDES E COMUNICA\u00c7\u00c3O NA CENA URBANA\"}]},{\"@type\":\"WebSite\",\"@id\":\"https:\\\/\\\/ponteseditores.com.br\\\/loja3\\\/#website\",\"url\":\"https:\\\/\\\/ponteseditores.com.br\\\/loja3\\\/\",\"name\":\"Pontes Editores\",\"description\":\"Pontes Editores\",\"publisher\":{\"@id\":\"https:\\\/\\\/ponteseditores.com.br\\\/loja3\\\/#organization\"},\"potentialAction\":[{\"@type\":\"SearchAction\",\"target\":{\"@type\":\"EntryPoint\",\"urlTemplate\":\"https:\\\/\\\/ponteseditores.com.br\\\/loja3\\\/?s={search_term_string}\"},\"query-input\":{\"@type\":\"PropertyValueSpecification\",\"valueRequired\":true,\"valueName\":\"search_term_string\"}}],\"inLanguage\":\"pt-BR\"},{\"@type\":\"Organization\",\"@id\":\"https:\\\/\\\/ponteseditores.com.br\\\/loja3\\\/#organization\",\"name\":\"Pontes Editores\",\"url\":\"https:\\\/\\\/ponteseditores.com.br\\\/loja3\\\/\",\"logo\":{\"@type\":\"ImageObject\",\"inLanguage\":\"pt-BR\",\"@id\":\"https:\\\/\\\/ponteseditores.com.br\\\/loja3\\\/#\\\/schema\\\/logo\\\/image\\\/\",\"url\":\"https:\\\/\\\/ponteseditores.com.br\\\/loja3\\\/wp-content\\\/uploads\\\/2023\\\/12\\\/logo-pontes-editores-v2.png\",\"contentUrl\":\"https:\\\/\\\/ponteseditores.com.br\\\/loja3\\\/wp-content\\\/uploads\\\/2023\\\/12\\\/logo-pontes-editores-v2.png\",\"width\":258,\"height\":100,\"caption\":\"Pontes Editores\"},\"image\":{\"@id\":\"https:\\\/\\\/ponteseditores.com.br\\\/loja3\\\/#\\\/schema\\\/logo\\\/image\\\/\"}}]}<\/script>\n<!-- \/ Yoast SEO plugin. -->","yoast_head_json":{"title":"JUVENTUDES E COMUNICA\u00c7\u00c3O NA CENA URBANA - Pontes Editores","robots":{"index":"index","follow":"follow","max-snippet":"max-snippet:-1","max-image-preview":"max-image-preview:large","max-video-preview":"max-video-preview:-1"},"canonical":"https:\/\/ponteseditores.com.br\/loja3\/pontes-editores-home-2__trashed\/linguistica\/juventudes-e-comunicacao-na-cena-urbana\/","og_locale":"pt_BR","og_type":"article","og_title":"JUVENTUDES E COMUNICA\u00c7\u00c3O NA CENA URBANA - Pontes Editores","og_description":"Desigualdades, Intersubjetividades e Representa\u00e7\u00f5es Midi\u00e1ticas Em um mundo povoado de olhares sobre a juventude, este trabalho prop\u00f4s-se a indagar, por meio do di\u00e1logo entre a antropologia e a comunica\u00e7\u00e3o, quais os significados que jovens das camadas m\u00e9dias e populares de Bel\u00e9m do Par\u00e1, segundo maior centro urbano da Amaz\u00f4nia brasileira, atribuem \u00e0 sua pr\u00f3pria experi\u00eancia.","og_url":"https:\/\/ponteseditores.com.br\/loja3\/pontes-editores-home-2__trashed\/linguistica\/juventudes-e-comunicacao-na-cena-urbana\/","og_site_name":"Pontes Editores","article_modified_time":"2023-12-15T15:13:04+00:00","og_image":[{"width":1728,"height":2443,"url":"https:\/\/ponteseditores.com.br\/loja3\/wp-content\/uploads\/2023\/12\/juventudes-e-comunicacao-na-cena-urbana-capa-1-1.jpg","type":"image\/jpeg"}],"twitter_card":"summary_large_image","twitter_misc":{"Est. tempo de leitura":"2 minutos"},"schema":{"@context":"https:\/\/schema.org","@graph":[{"@type":"WebPage","@id":"https:\/\/ponteseditores.com.br\/loja3\/pontes-editores-home-2__trashed\/linguistica\/juventudes-e-comunicacao-na-cena-urbana\/","url":"https:\/\/ponteseditores.com.br\/loja3\/pontes-editores-home-2__trashed\/linguistica\/juventudes-e-comunicacao-na-cena-urbana\/","name":"JUVENTUDES E COMUNICA\u00c7\u00c3O NA CENA URBANA - Pontes Editores","isPartOf":{"@id":"https:\/\/ponteseditores.com.br\/loja3\/#website"},"primaryImageOfPage":{"@id":"https:\/\/ponteseditores.com.br\/loja3\/pontes-editores-home-2__trashed\/linguistica\/juventudes-e-comunicacao-na-cena-urbana\/#primaryimage"},"image":{"@id":"https:\/\/ponteseditores.com.br\/loja3\/pontes-editores-home-2__trashed\/linguistica\/juventudes-e-comunicacao-na-cena-urbana\/#primaryimage"},"thumbnailUrl":"https:\/\/ponteseditores.com.br\/loja3\/wp-content\/uploads\/2023\/12\/juventudes-e-comunicacao-na-cena-urbana-capa-1-1.jpg","datePublished":"2023-12-14T04:13:30+00:00","dateModified":"2023-12-15T15:13:04+00:00","breadcrumb":{"@id":"https:\/\/ponteseditores.com.br\/loja3\/pontes-editores-home-2__trashed\/linguistica\/juventudes-e-comunicacao-na-cena-urbana\/#breadcrumb"},"inLanguage":"pt-BR","potentialAction":[{"@type":"ReadAction","target":["https:\/\/ponteseditores.com.br\/loja3\/pontes-editores-home-2__trashed\/linguistica\/juventudes-e-comunicacao-na-cena-urbana\/"]}]},{"@type":"ImageObject","inLanguage":"pt-BR","@id":"https:\/\/ponteseditores.com.br\/loja3\/pontes-editores-home-2__trashed\/linguistica\/juventudes-e-comunicacao-na-cena-urbana\/#primaryimage","url":"https:\/\/ponteseditores.com.br\/loja3\/wp-content\/uploads\/2023\/12\/juventudes-e-comunicacao-na-cena-urbana-capa-1-1.jpg","contentUrl":"https:\/\/ponteseditores.com.br\/loja3\/wp-content\/uploads\/2023\/12\/juventudes-e-comunicacao-na-cena-urbana-capa-1-1.jpg","width":1728,"height":2443},{"@type":"BreadcrumbList","@id":"https:\/\/ponteseditores.com.br\/loja3\/pontes-editores-home-2__trashed\/linguistica\/juventudes-e-comunicacao-na-cena-urbana\/#breadcrumb","itemListElement":[{"@type":"ListItem","position":1,"name":"Home","item":"https:\/\/ponteseditores.com.br\/loja3\/"},{"@type":"ListItem","position":2,"name":"loja","item":"https:\/\/ponteseditores.com.br\/loja3\/loja\/"},{"@type":"ListItem","position":3,"name":"JUVENTUDES E COMUNICA\u00c7\u00c3O NA CENA URBANA"}]},{"@type":"WebSite","@id":"https:\/\/ponteseditores.com.br\/loja3\/#website","url":"https:\/\/ponteseditores.com.br\/loja3\/","name":"Pontes Editores","description":"Pontes Editores","publisher":{"@id":"https:\/\/ponteseditores.com.br\/loja3\/#organization"},"potentialAction":[{"@type":"SearchAction","target":{"@type":"EntryPoint","urlTemplate":"https:\/\/ponteseditores.com.br\/loja3\/?s={search_term_string}"},"query-input":{"@type":"PropertyValueSpecification","valueRequired":true,"valueName":"search_term_string"}}],"inLanguage":"pt-BR"},{"@type":"Organization","@id":"https:\/\/ponteseditores.com.br\/loja3\/#organization","name":"Pontes Editores","url":"https:\/\/ponteseditores.com.br\/loja3\/","logo":{"@type":"ImageObject","inLanguage":"pt-BR","@id":"https:\/\/ponteseditores.com.br\/loja3\/#\/schema\/logo\/image\/","url":"https:\/\/ponteseditores.com.br\/loja3\/wp-content\/uploads\/2023\/12\/logo-pontes-editores-v2.png","contentUrl":"https:\/\/ponteseditores.com.br\/loja3\/wp-content\/uploads\/2023\/12\/logo-pontes-editores-v2.png","width":258,"height":100,"caption":"Pontes Editores"},"image":{"@id":"https:\/\/ponteseditores.com.br\/loja3\/#\/schema\/logo\/image\/"}}]}},"_links":{"self":[{"href":"https:\/\/ponteseditores.com.br\/loja3\/wp-json\/wp\/v2\/product\/7146","targetHints":{"allow":["GET"]}}],"collection":[{"href":"https:\/\/ponteseditores.com.br\/loja3\/wp-json\/wp\/v2\/product"}],"about":[{"href":"https:\/\/ponteseditores.com.br\/loja3\/wp-json\/wp\/v2\/types\/product"}],"replies":[{"embeddable":true,"href":"https:\/\/ponteseditores.com.br\/loja3\/wp-json\/wp\/v2\/comments?post=7146"}],"version-history":[{"count":0,"href":"https:\/\/ponteseditores.com.br\/loja3\/wp-json\/wp\/v2\/product\/7146\/revisions"}],"wp:featuredmedia":[{"embeddable":true,"href":"https:\/\/ponteseditores.com.br\/loja3\/wp-json\/wp\/v2\/media\/6619"}],"wp:attachment":[{"href":"https:\/\/ponteseditores.com.br\/loja3\/wp-json\/wp\/v2\/media?parent=7146"}],"wp:term":[{"taxonomy":"product_brand","embeddable":true,"href":"https:\/\/ponteseditores.com.br\/loja3\/wp-json\/wp\/v2\/product_brand?post=7146"},{"taxonomy":"product_cat","embeddable":true,"href":"https:\/\/ponteseditores.com.br\/loja3\/wp-json\/wp\/v2\/product_cat?post=7146"},{"taxonomy":"product_tag","embeddable":true,"href":"https:\/\/ponteseditores.com.br\/loja3\/wp-json\/wp\/v2\/product_tag?post=7146"}],"curies":[{"name":"wp","href":"https:\/\/api.w.org\/{rel}","templated":true}]}}