{"id":7135,"date":"2023-12-14T00:36:28","date_gmt":"2023-12-14T03:36:28","guid":{"rendered":"https:\/\/ponteseditores.com.br\/loja3\/?post_type=product&#038;p=7135"},"modified":"2024-06-18T10:19:48","modified_gmt":"2024-06-18T13:19:48","slug":"percursos-retoricos","status":"publish","type":"product","link":"https:\/\/ponteseditores.com.br\/loja3\/pontes-editores-home-2__trashed\/analise-de-discurso\/percursos-retoricos\/","title":{"rendered":"PERCURSOS RET\u00d3RICOS"},"content":{"rendered":"<p class=\"p1\">Desde a ret\u00f3rica encenada na trag\u00e9dia grega at\u00e9 a viol\u00eancia das redes, o livro percorre cronologicamente momentos da hist\u00f3ria da ret\u00f3rica e contempla as principais linhas de for\u00e7a dos estudos ret\u00f3ricos contempor\u00e2neos.<\/p>\n<p class=\"p1\">Tal diversidade demonstra que, longe de ser uma disciplina obsoleta, a ret\u00f3rica \u00e9 v\u00e1ria, como v\u00e1ria tem sido a f\u00edsica, a biologia, a filosofia e tantos outros campos de saber ocidentais, desde que foram pela primeira vez assim classificados por Arist\u00f3teles.<\/p>\n<p class=\"p1\">A ret\u00f3rica, ou as ret\u00f3ricas, a grega aristot\u00e9lica e a isocratiana, a latina ciceroniana, a \u201cbizantina\u201d e a crist\u00e3; a ret\u00f3rica na pintura, a ret\u00f3rica na arquitetura, a ret\u00f3rica na m\u00fasica, a ret\u00f3rica no cinema, a ret\u00f3rica na teologia; a nova ret\u00f3rica, a ret\u00f3rica renascentista, a ret\u00f3rica \u201cbarroca\u201d; a filologia \u201cret\u00f3rica\u201d de Nietzsche; a ret\u00f3rica restrita de Genette, o imp\u00e9rio ret\u00f3rico barthesiano; a ret\u00f3rica que tem por fronteiras a dial\u00e9tica, a sof\u00edstica e a po\u00e9tica; ou a ret\u00f3rica confinada entre a lingu\u00edstica e a semiologia \u2013 s\u00e3o algumas das diversas faces e fei\u00e7\u00f5es que a disciplina adquiriu em seus 25 s\u00e9culos de exist\u00eancia.<\/p>\n<p class=\"p1\">O resultado tem a apar\u00eancia de um esmerado vitral, com unidades que se agrupam em conjuntos, por sua vez anexados entre si.<\/p>\n<p class=\"p1\">Adma Muhana &#8211; Departamento de Letras &#8211; Universidade de S\u00e3o Paulo. &#8211; S\u00f3cia honor\u00e1ria da SBR<\/p>\n<p style=\"margin-bottom: 24.0pt; line-height: 13.5pt;\"><b><span style=\"font-size: 12.0pt; font-family: 'Arial',sans-serif; color: #222222;\">Contribui\u00e7\u00f5es de:<\/span><\/b><span style=\"font-size: 12.0pt; font-family: 'Arial',sans-serif; color: #222222;\">\u00a0Frederick Ahl, Rodrigo Bastos, John Brereton, Maria Cec\u00edlia de M. N. Coelho, Wander Emediato, Maria Fl\u00e1via Figueiredo, Jos\u00e9 Luiz Fiorin, Cinthia Gannett, Stefania Giombini, Eduardo Guimar\u00e3es, Jo\u00e3o Adolfo Hansen,\u00a0<span class=\"gmail-il\">Manfred<\/span>\u00a0<span class=\"gmail-il\">Kraus<\/span>, Priscilla G. Leite, Helcira M. L. Lima, Rog\u00e9rio Lopes, Narbal de Marsillac, Adma Muhana, Christian Plantin, Hanne Roer, Elaine C. Sartorelli, Ewa Skwara, Mar\u00eda Alejandra Vitale,\u00a0<span class=\"gmail-il\">Martin<\/span>\u00a0M.\u00a0<span class=\"gmail-il\">Winkler<\/span>, Roberto Wu<\/span><\/p>\n","protected":false},"excerpt":{"rendered":"<h4 class=\"p1\">Entre antigos e contempor\u00e2neos<\/h4>\n<p>Desde a ret\u00f3rica encenada na trag\u00e9dia grega at\u00e9 a viol\u00eancia das redes, o livro percorre cronologicamente momentos da hist\u00f3ria da ret\u00f3rica e contempla as principais linhas de for\u00e7a dos estudos ret\u00f3ricos contempor\u00e2neos.<\/p>\n","protected":false},"featured_media":6634,"comment_status":"open","ping_status":"closed","template":"","meta":{"_joinchat":[]},"product_brand":[],"product_cat":[301],"product_tag":[],"class_list":{"0":"post-7135","1":"product","2":"type-product","3":"status-publish","4":"has-post-thumbnail","6":"product_cat-analise-de-discurso","7":"product_shipping_class-livro-pontes-editores-fisico","9":"first","10":"instock","11":"shipping-taxable","12":"purchasable","13":"product-type-simple"},"yoast_head":"<!-- This site is optimized with the Yoast SEO plugin v27.3 - https:\/\/yoast.com\/product\/yoast-seo-wordpress\/ -->\n<title>PERCURSOS RET\u00d3RICOS - Pontes Editores<\/title>\n<meta name=\"robots\" content=\"index, follow, max-snippet:-1, max-image-preview:large, max-video-preview:-1\" \/>\n<link rel=\"canonical\" href=\"https:\/\/ponteseditores.com.br\/loja3\/pontes-editores-home-2__trashed\/analise-de-discurso\/percursos-retoricos\/\" \/>\n<meta property=\"og:locale\" content=\"pt_BR\" \/>\n<meta property=\"og:type\" content=\"article\" \/>\n<meta property=\"og:title\" content=\"PERCURSOS RET\u00d3RICOS - Pontes Editores\" \/>\n<meta property=\"og:description\" content=\"Entre antigos e contempor\u00e2neos Desde a ret\u00f3rica encenada na trag\u00e9dia grega at\u00e9 a viol\u00eancia das redes, o livro percorre cronologicamente momentos da hist\u00f3ria da ret\u00f3rica e contempla as principais linhas de for\u00e7a dos estudos ret\u00f3ricos contempor\u00e2neos.\" \/>\n<meta property=\"og:url\" content=\"https:\/\/ponteseditores.com.br\/loja3\/pontes-editores-home-2__trashed\/analise-de-discurso\/percursos-retoricos\/\" \/>\n<meta property=\"og:site_name\" content=\"Pontes Editores\" \/>\n<meta property=\"article:modified_time\" content=\"2024-06-18T13:19:48+00:00\" \/>\n<meta property=\"og:image\" content=\"https:\/\/ponteseditores.com.br\/loja3\/wp-content\/uploads\/2023\/12\/percursos-retoricos-entre-antigos-e-contemporaneos-capa-1-1.jpg\" \/>\n\t<meta property=\"og:image:width\" content=\"1728\" \/>\n\t<meta property=\"og:image:height\" content=\"2443\" \/>\n\t<meta property=\"og:image:type\" content=\"image\/jpeg\" \/>\n<meta name=\"twitter:card\" content=\"summary_large_image\" \/>\n<meta name=\"twitter:label1\" content=\"Est. tempo de leitura\" \/>\n\t<meta name=\"twitter:data1\" content=\"2 minutos\" \/>\n<script type=\"application\/ld+json\" class=\"yoast-schema-graph\">{\"@context\":\"https:\\\/\\\/schema.org\",\"@graph\":[{\"@type\":\"WebPage\",\"@id\":\"https:\\\/\\\/ponteseditores.com.br\\\/loja3\\\/pontes-editores-home-2__trashed\\\/analise-de-discurso\\\/percursos-retoricos\\\/\",\"url\":\"https:\\\/\\\/ponteseditores.com.br\\\/loja3\\\/pontes-editores-home-2__trashed\\\/analise-de-discurso\\\/percursos-retoricos\\\/\",\"name\":\"PERCURSOS RET\u00d3RICOS - Pontes Editores\",\"isPartOf\":{\"@id\":\"https:\\\/\\\/ponteseditores.com.br\\\/loja3\\\/#website\"},\"primaryImageOfPage\":{\"@id\":\"https:\\\/\\\/ponteseditores.com.br\\\/loja3\\\/pontes-editores-home-2__trashed\\\/analise-de-discurso\\\/percursos-retoricos\\\/#primaryimage\"},\"image\":{\"@id\":\"https:\\\/\\\/ponteseditores.com.br\\\/loja3\\\/pontes-editores-home-2__trashed\\\/analise-de-discurso\\\/percursos-retoricos\\\/#primaryimage\"},\"thumbnailUrl\":\"https:\\\/\\\/ponteseditores.com.br\\\/loja3\\\/wp-content\\\/uploads\\\/2023\\\/12\\\/percursos-retoricos-entre-antigos-e-contemporaneos-capa-1-1.jpg\",\"datePublished\":\"2023-12-14T03:36:28+00:00\",\"dateModified\":\"2024-06-18T13:19:48+00:00\",\"breadcrumb\":{\"@id\":\"https:\\\/\\\/ponteseditores.com.br\\\/loja3\\\/pontes-editores-home-2__trashed\\\/analise-de-discurso\\\/percursos-retoricos\\\/#breadcrumb\"},\"inLanguage\":\"pt-BR\",\"potentialAction\":[{\"@type\":\"ReadAction\",\"target\":[\"https:\\\/\\\/ponteseditores.com.br\\\/loja3\\\/pontes-editores-home-2__trashed\\\/analise-de-discurso\\\/percursos-retoricos\\\/\"]}]},{\"@type\":\"ImageObject\",\"inLanguage\":\"pt-BR\",\"@id\":\"https:\\\/\\\/ponteseditores.com.br\\\/loja3\\\/pontes-editores-home-2__trashed\\\/analise-de-discurso\\\/percursos-retoricos\\\/#primaryimage\",\"url\":\"https:\\\/\\\/ponteseditores.com.br\\\/loja3\\\/wp-content\\\/uploads\\\/2023\\\/12\\\/percursos-retoricos-entre-antigos-e-contemporaneos-capa-1-1.jpg\",\"contentUrl\":\"https:\\\/\\\/ponteseditores.com.br\\\/loja3\\\/wp-content\\\/uploads\\\/2023\\\/12\\\/percursos-retoricos-entre-antigos-e-contemporaneos-capa-1-1.jpg\",\"width\":1728,\"height\":2443},{\"@type\":\"BreadcrumbList\",\"@id\":\"https:\\\/\\\/ponteseditores.com.br\\\/loja3\\\/pontes-editores-home-2__trashed\\\/analise-de-discurso\\\/percursos-retoricos\\\/#breadcrumb\",\"itemListElement\":[{\"@type\":\"ListItem\",\"position\":1,\"name\":\"Home\",\"item\":\"https:\\\/\\\/ponteseditores.com.br\\\/loja3\\\/\"},{\"@type\":\"ListItem\",\"position\":2,\"name\":\"loja\",\"item\":\"https:\\\/\\\/ponteseditores.com.br\\\/loja3\\\/loja\\\/\"},{\"@type\":\"ListItem\",\"position\":3,\"name\":\"PERCURSOS RET\u00d3RICOS\"}]},{\"@type\":\"WebSite\",\"@id\":\"https:\\\/\\\/ponteseditores.com.br\\\/loja3\\\/#website\",\"url\":\"https:\\\/\\\/ponteseditores.com.br\\\/loja3\\\/\",\"name\":\"Pontes Editores\",\"description\":\"Pontes Editores\",\"publisher\":{\"@id\":\"https:\\\/\\\/ponteseditores.com.br\\\/loja3\\\/#organization\"},\"potentialAction\":[{\"@type\":\"SearchAction\",\"target\":{\"@type\":\"EntryPoint\",\"urlTemplate\":\"https:\\\/\\\/ponteseditores.com.br\\\/loja3\\\/?s={search_term_string}\"},\"query-input\":{\"@type\":\"PropertyValueSpecification\",\"valueRequired\":true,\"valueName\":\"search_term_string\"}}],\"inLanguage\":\"pt-BR\"},{\"@type\":\"Organization\",\"@id\":\"https:\\\/\\\/ponteseditores.com.br\\\/loja3\\\/#organization\",\"name\":\"Pontes Editores\",\"url\":\"https:\\\/\\\/ponteseditores.com.br\\\/loja3\\\/\",\"logo\":{\"@type\":\"ImageObject\",\"inLanguage\":\"pt-BR\",\"@id\":\"https:\\\/\\\/ponteseditores.com.br\\\/loja3\\\/#\\\/schema\\\/logo\\\/image\\\/\",\"url\":\"https:\\\/\\\/ponteseditores.com.br\\\/loja3\\\/wp-content\\\/uploads\\\/2023\\\/12\\\/logo-pontes-editores-v2.png\",\"contentUrl\":\"https:\\\/\\\/ponteseditores.com.br\\\/loja3\\\/wp-content\\\/uploads\\\/2023\\\/12\\\/logo-pontes-editores-v2.png\",\"width\":258,\"height\":100,\"caption\":\"Pontes Editores\"},\"image\":{\"@id\":\"https:\\\/\\\/ponteseditores.com.br\\\/loja3\\\/#\\\/schema\\\/logo\\\/image\\\/\"}}]}<\/script>\n<!-- \/ Yoast SEO plugin. -->","yoast_head_json":{"title":"PERCURSOS RET\u00d3RICOS - Pontes Editores","robots":{"index":"index","follow":"follow","max-snippet":"max-snippet:-1","max-image-preview":"max-image-preview:large","max-video-preview":"max-video-preview:-1"},"canonical":"https:\/\/ponteseditores.com.br\/loja3\/pontes-editores-home-2__trashed\/analise-de-discurso\/percursos-retoricos\/","og_locale":"pt_BR","og_type":"article","og_title":"PERCURSOS RET\u00d3RICOS - Pontes Editores","og_description":"Entre antigos e contempor\u00e2neos Desde a ret\u00f3rica encenada na trag\u00e9dia grega at\u00e9 a viol\u00eancia das redes, o livro percorre cronologicamente momentos da hist\u00f3ria da ret\u00f3rica e contempla as principais linhas de for\u00e7a dos estudos ret\u00f3ricos contempor\u00e2neos.","og_url":"https:\/\/ponteseditores.com.br\/loja3\/pontes-editores-home-2__trashed\/analise-de-discurso\/percursos-retoricos\/","og_site_name":"Pontes Editores","article_modified_time":"2024-06-18T13:19:48+00:00","og_image":[{"width":1728,"height":2443,"url":"https:\/\/ponteseditores.com.br\/loja3\/wp-content\/uploads\/2023\/12\/percursos-retoricos-entre-antigos-e-contemporaneos-capa-1-1.jpg","type":"image\/jpeg"}],"twitter_card":"summary_large_image","twitter_misc":{"Est. tempo de leitura":"2 minutos"},"schema":{"@context":"https:\/\/schema.org","@graph":[{"@type":"WebPage","@id":"https:\/\/ponteseditores.com.br\/loja3\/pontes-editores-home-2__trashed\/analise-de-discurso\/percursos-retoricos\/","url":"https:\/\/ponteseditores.com.br\/loja3\/pontes-editores-home-2__trashed\/analise-de-discurso\/percursos-retoricos\/","name":"PERCURSOS RET\u00d3RICOS - Pontes Editores","isPartOf":{"@id":"https:\/\/ponteseditores.com.br\/loja3\/#website"},"primaryImageOfPage":{"@id":"https:\/\/ponteseditores.com.br\/loja3\/pontes-editores-home-2__trashed\/analise-de-discurso\/percursos-retoricos\/#primaryimage"},"image":{"@id":"https:\/\/ponteseditores.com.br\/loja3\/pontes-editores-home-2__trashed\/analise-de-discurso\/percursos-retoricos\/#primaryimage"},"thumbnailUrl":"https:\/\/ponteseditores.com.br\/loja3\/wp-content\/uploads\/2023\/12\/percursos-retoricos-entre-antigos-e-contemporaneos-capa-1-1.jpg","datePublished":"2023-12-14T03:36:28+00:00","dateModified":"2024-06-18T13:19:48+00:00","breadcrumb":{"@id":"https:\/\/ponteseditores.com.br\/loja3\/pontes-editores-home-2__trashed\/analise-de-discurso\/percursos-retoricos\/#breadcrumb"},"inLanguage":"pt-BR","potentialAction":[{"@type":"ReadAction","target":["https:\/\/ponteseditores.com.br\/loja3\/pontes-editores-home-2__trashed\/analise-de-discurso\/percursos-retoricos\/"]}]},{"@type":"ImageObject","inLanguage":"pt-BR","@id":"https:\/\/ponteseditores.com.br\/loja3\/pontes-editores-home-2__trashed\/analise-de-discurso\/percursos-retoricos\/#primaryimage","url":"https:\/\/ponteseditores.com.br\/loja3\/wp-content\/uploads\/2023\/12\/percursos-retoricos-entre-antigos-e-contemporaneos-capa-1-1.jpg","contentUrl":"https:\/\/ponteseditores.com.br\/loja3\/wp-content\/uploads\/2023\/12\/percursos-retoricos-entre-antigos-e-contemporaneos-capa-1-1.jpg","width":1728,"height":2443},{"@type":"BreadcrumbList","@id":"https:\/\/ponteseditores.com.br\/loja3\/pontes-editores-home-2__trashed\/analise-de-discurso\/percursos-retoricos\/#breadcrumb","itemListElement":[{"@type":"ListItem","position":1,"name":"Home","item":"https:\/\/ponteseditores.com.br\/loja3\/"},{"@type":"ListItem","position":2,"name":"loja","item":"https:\/\/ponteseditores.com.br\/loja3\/loja\/"},{"@type":"ListItem","position":3,"name":"PERCURSOS RET\u00d3RICOS"}]},{"@type":"WebSite","@id":"https:\/\/ponteseditores.com.br\/loja3\/#website","url":"https:\/\/ponteseditores.com.br\/loja3\/","name":"Pontes Editores","description":"Pontes Editores","publisher":{"@id":"https:\/\/ponteseditores.com.br\/loja3\/#organization"},"potentialAction":[{"@type":"SearchAction","target":{"@type":"EntryPoint","urlTemplate":"https:\/\/ponteseditores.com.br\/loja3\/?s={search_term_string}"},"query-input":{"@type":"PropertyValueSpecification","valueRequired":true,"valueName":"search_term_string"}}],"inLanguage":"pt-BR"},{"@type":"Organization","@id":"https:\/\/ponteseditores.com.br\/loja3\/#organization","name":"Pontes Editores","url":"https:\/\/ponteseditores.com.br\/loja3\/","logo":{"@type":"ImageObject","inLanguage":"pt-BR","@id":"https:\/\/ponteseditores.com.br\/loja3\/#\/schema\/logo\/image\/","url":"https:\/\/ponteseditores.com.br\/loja3\/wp-content\/uploads\/2023\/12\/logo-pontes-editores-v2.png","contentUrl":"https:\/\/ponteseditores.com.br\/loja3\/wp-content\/uploads\/2023\/12\/logo-pontes-editores-v2.png","width":258,"height":100,"caption":"Pontes Editores"},"image":{"@id":"https:\/\/ponteseditores.com.br\/loja3\/#\/schema\/logo\/image\/"}}]}},"_links":{"self":[{"href":"https:\/\/ponteseditores.com.br\/loja3\/wp-json\/wp\/v2\/product\/7135","targetHints":{"allow":["GET"]}}],"collection":[{"href":"https:\/\/ponteseditores.com.br\/loja3\/wp-json\/wp\/v2\/product"}],"about":[{"href":"https:\/\/ponteseditores.com.br\/loja3\/wp-json\/wp\/v2\/types\/product"}],"replies":[{"embeddable":true,"href":"https:\/\/ponteseditores.com.br\/loja3\/wp-json\/wp\/v2\/comments?post=7135"}],"version-history":[{"count":0,"href":"https:\/\/ponteseditores.com.br\/loja3\/wp-json\/wp\/v2\/product\/7135\/revisions"}],"wp:featuredmedia":[{"embeddable":true,"href":"https:\/\/ponteseditores.com.br\/loja3\/wp-json\/wp\/v2\/media\/6634"}],"wp:attachment":[{"href":"https:\/\/ponteseditores.com.br\/loja3\/wp-json\/wp\/v2\/media?parent=7135"}],"wp:term":[{"taxonomy":"product_brand","embeddable":true,"href":"https:\/\/ponteseditores.com.br\/loja3\/wp-json\/wp\/v2\/product_brand?post=7135"},{"taxonomy":"product_cat","embeddable":true,"href":"https:\/\/ponteseditores.com.br\/loja3\/wp-json\/wp\/v2\/product_cat?post=7135"},{"taxonomy":"product_tag","embeddable":true,"href":"https:\/\/ponteseditores.com.br\/loja3\/wp-json\/wp\/v2\/product_tag?post=7135"}],"curies":[{"name":"wp","href":"https:\/\/api.w.org\/{rel}","templated":true}]}}