{"id":7131,"date":"2023-12-14T00:24:29","date_gmt":"2023-12-14T03:24:29","guid":{"rendered":"https:\/\/ponteseditores.com.br\/loja3\/?post_type=product&#038;p=7131"},"modified":"2024-03-25T11:51:54","modified_gmt":"2024-03-25T14:51:54","slug":"o-sagrado-e-a-louca-na-pia","status":"publish","type":"product","link":"https:\/\/ponteseditores.com.br\/loja3\/pontes-editores-home-2__trashed\/literatura-brasileira\/o-sagrado-e-a-louca-na-pia\/","title":{"rendered":"O SAGRADO E A LOU\u00c7A NA PIA"},"content":{"rendered":"<p class=\"p1\">Uma vez que descobrimos a import\u00e2ncia dos ensinamentos das v\u00e1rias tradi\u00e7\u00f5es espirituais e filos\u00f3ficas espalhadas pelo mundo &#8211; Cristianismo, Budismo, Sufismo, Juda\u00edsmo, Espiritismo, Advaita, Xamanismo e outras &#8211; \u00e9 comum nos encontrarmos apaixonadamente imersos nessa busca.<\/p>\n<p class=\"p1\">Mas com esse desejo pelo encontro m\u00edstico tamb\u00e9m nasce um desafio: como conciliar esse caminho do sagrado com as responsabilidades di\u00e1rias que nos chamam ao trabalho, ao cuidado com a fam\u00edlia, nossas demandas emocionais t\u00e3o humanas?<\/p>\n<p class=\"p1\">Os textos leves deste livro s\u00e3o um convite \u00e0 reflex\u00e3o sobre a simplicidade de nossas a\u00e7\u00f5es di\u00e1rias e como elas podem tamb\u00e9m nos conectar com o sagrado das grandes sabedorias e filosofias. Longe de ser um livro de teorias, ele foi escrito para ser degustado com prazer. Contos, cr\u00f4nicas, aforismos e poesias que versam sobre a chave que abre o mundo da espiritualidade pela fechadura da vida cotidiana.<\/p>\n<p class=\"p1\">Textos que chegam bem acompanhados de ilustra\u00e7\u00f5es da simplicidade tocante da vis\u00e3o de Vitor Graciano Corn\u00e9lio. Uma luz singela, mas necess\u00e1ria, sobre as quest\u00f5es mais profundas dos mist\u00e9rios do ser.<\/p>\n","protected":false},"excerpt":{"rendered":"<h4 class=\"p1\">A sabedoria da espiritualidade na simplicidade da vida di\u00e1ria<\/h4>\n<p>Uma vez que descobrimos a import\u00e2ncia dos ensinamentos das v\u00e1rias tradi\u00e7\u00f5es espirituais e filos\u00f3ficas espalhadas pelo mundo &#8211; Cristianismo, Budismo, Sufismo, Juda\u00edsmo, Espiritismo, Advaita, Xamanismo e outras &#8211; \u00e9 comum nos encontrarmos apaixonadamente imersos nessa busca.<\/p>\n","protected":false},"featured_media":6631,"comment_status":"open","ping_status":"closed","template":"","meta":{"_joinchat":[]},"product_brand":[],"product_cat":[287,86],"product_tag":[],"class_list":{"0":"post-7131","1":"product","2":"type-product","3":"status-publish","4":"has-post-thumbnail","6":"product_cat-literatura","7":"product_cat-literatura-brasileira","8":"product_shipping_class-livro-pontes-editores-fisico","10":"first","11":"outofstock","12":"shipping-taxable","13":"purchasable","14":"product-type-simple"},"yoast_head":"<!-- This site is optimized with the Yoast SEO plugin v27.4 - https:\/\/yoast.com\/product\/yoast-seo-wordpress\/ -->\n<title>O SAGRADO E A LOU\u00c7A NA PIA - Pontes Editores<\/title>\n<meta name=\"robots\" content=\"index, follow, max-snippet:-1, max-image-preview:large, max-video-preview:-1\" \/>\n<link rel=\"canonical\" href=\"https:\/\/ponteseditores.com.br\/loja3\/pontes-editores-home-2__trashed\/literatura-brasileira\/o-sagrado-e-a-louca-na-pia\/\" \/>\n<meta property=\"og:locale\" content=\"pt_BR\" \/>\n<meta property=\"og:type\" content=\"article\" \/>\n<meta property=\"og:title\" content=\"O SAGRADO E A LOU\u00c7A NA PIA - Pontes Editores\" \/>\n<meta property=\"og:description\" content=\"A sabedoria da espiritualidade na simplicidade da vida di\u00e1ria Uma vez que descobrimos a import\u00e2ncia dos ensinamentos das v\u00e1rias tradi\u00e7\u00f5es espirituais e filos\u00f3ficas espalhadas pelo mundo - Cristianismo, Budismo, Sufismo, Juda\u00edsmo, Espiritismo, Advaita, Xamanismo e outras - \u00e9 comum nos encontrarmos apaixonadamente imersos nessa busca.\" \/>\n<meta property=\"og:url\" content=\"https:\/\/ponteseditores.com.br\/loja3\/pontes-editores-home-2__trashed\/literatura-brasileira\/o-sagrado-e-a-louca-na-pia\/\" \/>\n<meta property=\"og:site_name\" content=\"Pontes Editores\" \/>\n<meta property=\"article:modified_time\" content=\"2024-03-25T14:51:54+00:00\" \/>\n<meta property=\"og:image\" content=\"https:\/\/ponteseditores.com.br\/loja3\/wp-content\/uploads\/2023\/12\/o-sagrado-e-a-lou\u2021a-na-pia-capa-1.jpg\" \/>\n\t<meta property=\"og:image:width\" content=\"1728\" \/>\n\t<meta property=\"og:image:height\" content=\"2443\" \/>\n\t<meta property=\"og:image:type\" content=\"image\/jpeg\" \/>\n<meta name=\"twitter:card\" content=\"summary_large_image\" \/>\n<meta name=\"twitter:label1\" content=\"Est. tempo de leitura\" \/>\n\t<meta name=\"twitter:data1\" content=\"1 minuto\" \/>\n<script type=\"application\/ld+json\" class=\"yoast-schema-graph\">{\"@context\":\"https:\\\/\\\/schema.org\",\"@graph\":[{\"@type\":\"WebPage\",\"@id\":\"https:\\\/\\\/ponteseditores.com.br\\\/loja3\\\/pontes-editores-home-2__trashed\\\/literatura-brasileira\\\/o-sagrado-e-a-louca-na-pia\\\/\",\"url\":\"https:\\\/\\\/ponteseditores.com.br\\\/loja3\\\/pontes-editores-home-2__trashed\\\/literatura-brasileira\\\/o-sagrado-e-a-louca-na-pia\\\/\",\"name\":\"O SAGRADO E A LOU\u00c7A NA PIA - Pontes Editores\",\"isPartOf\":{\"@id\":\"https:\\\/\\\/ponteseditores.com.br\\\/loja3\\\/#website\"},\"primaryImageOfPage\":{\"@id\":\"https:\\\/\\\/ponteseditores.com.br\\\/loja3\\\/pontes-editores-home-2__trashed\\\/literatura-brasileira\\\/o-sagrado-e-a-louca-na-pia\\\/#primaryimage\"},\"image\":{\"@id\":\"https:\\\/\\\/ponteseditores.com.br\\\/loja3\\\/pontes-editores-home-2__trashed\\\/literatura-brasileira\\\/o-sagrado-e-a-louca-na-pia\\\/#primaryimage\"},\"thumbnailUrl\":\"https:\\\/\\\/ponteseditores.com.br\\\/loja3\\\/wp-content\\\/uploads\\\/2023\\\/12\\\/o-sagrado-e-a-lou\u2021a-na-pia-capa-1.jpg\",\"datePublished\":\"2023-12-14T03:24:29+00:00\",\"dateModified\":\"2024-03-25T14:51:54+00:00\",\"breadcrumb\":{\"@id\":\"https:\\\/\\\/ponteseditores.com.br\\\/loja3\\\/pontes-editores-home-2__trashed\\\/literatura-brasileira\\\/o-sagrado-e-a-louca-na-pia\\\/#breadcrumb\"},\"inLanguage\":\"pt-BR\",\"potentialAction\":[{\"@type\":\"ReadAction\",\"target\":[\"https:\\\/\\\/ponteseditores.com.br\\\/loja3\\\/pontes-editores-home-2__trashed\\\/literatura-brasileira\\\/o-sagrado-e-a-louca-na-pia\\\/\"]}]},{\"@type\":\"ImageObject\",\"inLanguage\":\"pt-BR\",\"@id\":\"https:\\\/\\\/ponteseditores.com.br\\\/loja3\\\/pontes-editores-home-2__trashed\\\/literatura-brasileira\\\/o-sagrado-e-a-louca-na-pia\\\/#primaryimage\",\"url\":\"https:\\\/\\\/ponteseditores.com.br\\\/loja3\\\/wp-content\\\/uploads\\\/2023\\\/12\\\/o-sagrado-e-a-lou\u2021a-na-pia-capa-1.jpg\",\"contentUrl\":\"https:\\\/\\\/ponteseditores.com.br\\\/loja3\\\/wp-content\\\/uploads\\\/2023\\\/12\\\/o-sagrado-e-a-lou\u2021a-na-pia-capa-1.jpg\",\"width\":1728,\"height\":2443},{\"@type\":\"BreadcrumbList\",\"@id\":\"https:\\\/\\\/ponteseditores.com.br\\\/loja3\\\/pontes-editores-home-2__trashed\\\/literatura-brasileira\\\/o-sagrado-e-a-louca-na-pia\\\/#breadcrumb\",\"itemListElement\":[{\"@type\":\"ListItem\",\"position\":1,\"name\":\"Home\",\"item\":\"https:\\\/\\\/ponteseditores.com.br\\\/loja3\\\/\"},{\"@type\":\"ListItem\",\"position\":2,\"name\":\"loja\",\"item\":\"https:\\\/\\\/ponteseditores.com.br\\\/loja3\\\/loja\\\/\"},{\"@type\":\"ListItem\",\"position\":3,\"name\":\"O SAGRADO E A LOU\u00c7A NA PIA\"}]},{\"@type\":\"WebSite\",\"@id\":\"https:\\\/\\\/ponteseditores.com.br\\\/loja3\\\/#website\",\"url\":\"https:\\\/\\\/ponteseditores.com.br\\\/loja3\\\/\",\"name\":\"Pontes Editores\",\"description\":\"Pontes Editores\",\"publisher\":{\"@id\":\"https:\\\/\\\/ponteseditores.com.br\\\/loja3\\\/#organization\"},\"potentialAction\":[{\"@type\":\"SearchAction\",\"target\":{\"@type\":\"EntryPoint\",\"urlTemplate\":\"https:\\\/\\\/ponteseditores.com.br\\\/loja3\\\/?s={search_term_string}\"},\"query-input\":{\"@type\":\"PropertyValueSpecification\",\"valueRequired\":true,\"valueName\":\"search_term_string\"}}],\"inLanguage\":\"pt-BR\"},{\"@type\":\"Organization\",\"@id\":\"https:\\\/\\\/ponteseditores.com.br\\\/loja3\\\/#organization\",\"name\":\"Pontes Editores\",\"url\":\"https:\\\/\\\/ponteseditores.com.br\\\/loja3\\\/\",\"logo\":{\"@type\":\"ImageObject\",\"inLanguage\":\"pt-BR\",\"@id\":\"https:\\\/\\\/ponteseditores.com.br\\\/loja3\\\/#\\\/schema\\\/logo\\\/image\\\/\",\"url\":\"https:\\\/\\\/ponteseditores.com.br\\\/loja3\\\/wp-content\\\/uploads\\\/2023\\\/12\\\/logo-pontes-editores-v2.png\",\"contentUrl\":\"https:\\\/\\\/ponteseditores.com.br\\\/loja3\\\/wp-content\\\/uploads\\\/2023\\\/12\\\/logo-pontes-editores-v2.png\",\"width\":258,\"height\":100,\"caption\":\"Pontes Editores\"},\"image\":{\"@id\":\"https:\\\/\\\/ponteseditores.com.br\\\/loja3\\\/#\\\/schema\\\/logo\\\/image\\\/\"}}]}<\/script>\n<!-- \/ Yoast SEO plugin. -->","yoast_head_json":{"title":"O SAGRADO E A LOU\u00c7A NA PIA - Pontes Editores","robots":{"index":"index","follow":"follow","max-snippet":"max-snippet:-1","max-image-preview":"max-image-preview:large","max-video-preview":"max-video-preview:-1"},"canonical":"https:\/\/ponteseditores.com.br\/loja3\/pontes-editores-home-2__trashed\/literatura-brasileira\/o-sagrado-e-a-louca-na-pia\/","og_locale":"pt_BR","og_type":"article","og_title":"O SAGRADO E A LOU\u00c7A NA PIA - Pontes Editores","og_description":"A sabedoria da espiritualidade na simplicidade da vida di\u00e1ria Uma vez que descobrimos a import\u00e2ncia dos ensinamentos das v\u00e1rias tradi\u00e7\u00f5es espirituais e filos\u00f3ficas espalhadas pelo mundo - Cristianismo, Budismo, Sufismo, Juda\u00edsmo, Espiritismo, Advaita, Xamanismo e outras - \u00e9 comum nos encontrarmos apaixonadamente imersos nessa busca.","og_url":"https:\/\/ponteseditores.com.br\/loja3\/pontes-editores-home-2__trashed\/literatura-brasileira\/o-sagrado-e-a-louca-na-pia\/","og_site_name":"Pontes Editores","article_modified_time":"2024-03-25T14:51:54+00:00","og_image":[{"width":1728,"height":2443,"url":"https:\/\/ponteseditores.com.br\/loja3\/wp-content\/uploads\/2023\/12\/o-sagrado-e-a-lou\u2021a-na-pia-capa-1.jpg","type":"image\/jpeg"}],"twitter_card":"summary_large_image","twitter_misc":{"Est. tempo de leitura":"1 minuto"},"schema":{"@context":"https:\/\/schema.org","@graph":[{"@type":"WebPage","@id":"https:\/\/ponteseditores.com.br\/loja3\/pontes-editores-home-2__trashed\/literatura-brasileira\/o-sagrado-e-a-louca-na-pia\/","url":"https:\/\/ponteseditores.com.br\/loja3\/pontes-editores-home-2__trashed\/literatura-brasileira\/o-sagrado-e-a-louca-na-pia\/","name":"O SAGRADO E A LOU\u00c7A NA PIA - Pontes Editores","isPartOf":{"@id":"https:\/\/ponteseditores.com.br\/loja3\/#website"},"primaryImageOfPage":{"@id":"https:\/\/ponteseditores.com.br\/loja3\/pontes-editores-home-2__trashed\/literatura-brasileira\/o-sagrado-e-a-louca-na-pia\/#primaryimage"},"image":{"@id":"https:\/\/ponteseditores.com.br\/loja3\/pontes-editores-home-2__trashed\/literatura-brasileira\/o-sagrado-e-a-louca-na-pia\/#primaryimage"},"thumbnailUrl":"https:\/\/ponteseditores.com.br\/loja3\/wp-content\/uploads\/2023\/12\/o-sagrado-e-a-lou\u2021a-na-pia-capa-1.jpg","datePublished":"2023-12-14T03:24:29+00:00","dateModified":"2024-03-25T14:51:54+00:00","breadcrumb":{"@id":"https:\/\/ponteseditores.com.br\/loja3\/pontes-editores-home-2__trashed\/literatura-brasileira\/o-sagrado-e-a-louca-na-pia\/#breadcrumb"},"inLanguage":"pt-BR","potentialAction":[{"@type":"ReadAction","target":["https:\/\/ponteseditores.com.br\/loja3\/pontes-editores-home-2__trashed\/literatura-brasileira\/o-sagrado-e-a-louca-na-pia\/"]}]},{"@type":"ImageObject","inLanguage":"pt-BR","@id":"https:\/\/ponteseditores.com.br\/loja3\/pontes-editores-home-2__trashed\/literatura-brasileira\/o-sagrado-e-a-louca-na-pia\/#primaryimage","url":"https:\/\/ponteseditores.com.br\/loja3\/wp-content\/uploads\/2023\/12\/o-sagrado-e-a-lou\u2021a-na-pia-capa-1.jpg","contentUrl":"https:\/\/ponteseditores.com.br\/loja3\/wp-content\/uploads\/2023\/12\/o-sagrado-e-a-lou\u2021a-na-pia-capa-1.jpg","width":1728,"height":2443},{"@type":"BreadcrumbList","@id":"https:\/\/ponteseditores.com.br\/loja3\/pontes-editores-home-2__trashed\/literatura-brasileira\/o-sagrado-e-a-louca-na-pia\/#breadcrumb","itemListElement":[{"@type":"ListItem","position":1,"name":"Home","item":"https:\/\/ponteseditores.com.br\/loja3\/"},{"@type":"ListItem","position":2,"name":"loja","item":"https:\/\/ponteseditores.com.br\/loja3\/loja\/"},{"@type":"ListItem","position":3,"name":"O SAGRADO E A LOU\u00c7A NA PIA"}]},{"@type":"WebSite","@id":"https:\/\/ponteseditores.com.br\/loja3\/#website","url":"https:\/\/ponteseditores.com.br\/loja3\/","name":"Pontes Editores","description":"Pontes Editores","publisher":{"@id":"https:\/\/ponteseditores.com.br\/loja3\/#organization"},"potentialAction":[{"@type":"SearchAction","target":{"@type":"EntryPoint","urlTemplate":"https:\/\/ponteseditores.com.br\/loja3\/?s={search_term_string}"},"query-input":{"@type":"PropertyValueSpecification","valueRequired":true,"valueName":"search_term_string"}}],"inLanguage":"pt-BR"},{"@type":"Organization","@id":"https:\/\/ponteseditores.com.br\/loja3\/#organization","name":"Pontes Editores","url":"https:\/\/ponteseditores.com.br\/loja3\/","logo":{"@type":"ImageObject","inLanguage":"pt-BR","@id":"https:\/\/ponteseditores.com.br\/loja3\/#\/schema\/logo\/image\/","url":"https:\/\/ponteseditores.com.br\/loja3\/wp-content\/uploads\/2023\/12\/logo-pontes-editores-v2.png","contentUrl":"https:\/\/ponteseditores.com.br\/loja3\/wp-content\/uploads\/2023\/12\/logo-pontes-editores-v2.png","width":258,"height":100,"caption":"Pontes Editores"},"image":{"@id":"https:\/\/ponteseditores.com.br\/loja3\/#\/schema\/logo\/image\/"}}]}},"_links":{"self":[{"href":"https:\/\/ponteseditores.com.br\/loja3\/wp-json\/wp\/v2\/product\/7131","targetHints":{"allow":["GET"]}}],"collection":[{"href":"https:\/\/ponteseditores.com.br\/loja3\/wp-json\/wp\/v2\/product"}],"about":[{"href":"https:\/\/ponteseditores.com.br\/loja3\/wp-json\/wp\/v2\/types\/product"}],"replies":[{"embeddable":true,"href":"https:\/\/ponteseditores.com.br\/loja3\/wp-json\/wp\/v2\/comments?post=7131"}],"version-history":[{"count":0,"href":"https:\/\/ponteseditores.com.br\/loja3\/wp-json\/wp\/v2\/product\/7131\/revisions"}],"wp:featuredmedia":[{"embeddable":true,"href":"https:\/\/ponteseditores.com.br\/loja3\/wp-json\/wp\/v2\/media\/6631"}],"wp:attachment":[{"href":"https:\/\/ponteseditores.com.br\/loja3\/wp-json\/wp\/v2\/media?parent=7131"}],"wp:term":[{"taxonomy":"product_brand","embeddable":true,"href":"https:\/\/ponteseditores.com.br\/loja3\/wp-json\/wp\/v2\/product_brand?post=7131"},{"taxonomy":"product_cat","embeddable":true,"href":"https:\/\/ponteseditores.com.br\/loja3\/wp-json\/wp\/v2\/product_cat?post=7131"},{"taxonomy":"product_tag","embeddable":true,"href":"https:\/\/ponteseditores.com.br\/loja3\/wp-json\/wp\/v2\/product_tag?post=7131"}],"curies":[{"name":"wp","href":"https:\/\/api.w.org\/{rel}","templated":true}]}}