{"id":7128,"date":"2023-12-14T00:14:18","date_gmt":"2023-12-14T03:14:18","guid":{"rendered":"https:\/\/ponteseditores.com.br\/loja3\/?post_type=product&#038;p=7128"},"modified":"2023-12-15T12:13:07","modified_gmt":"2023-12-15T15:13:07","slug":"o-aplicativo-alerta-clima-indigena","status":"publish","type":"product","link":"https:\/\/ponteseditores.com.br\/loja3\/pontes-editores-home-2__trashed\/comunicacao\/o-aplicativo-alerta-clima-indigena\/","title":{"rendered":"O APLICATIVO ALERTA CLIMA IND\u00cdGENA"},"content":{"rendered":"<p class=\"p1\">O livro aborda um tema atual, relevante e com importante contribui\u00e7\u00e3o aos estudos dos processos comunicacionais e de midiatiza\u00e7\u00e3o, sobretudo nas rela\u00e7\u00f5es entre Comunica\u00e7\u00e3o, Ci\u00eancia e Meio ambiente.<\/p>\n<p class=\"p1\">Sua tem\u00e1tica toca em aspectos sens\u00edveis da tessitura social contempor\u00e2nea, como mudan\u00e7a na paisagem midi\u00e1tica, novos paradigmas na rela\u00e7\u00e3o entre humanos e \u201cn\u00e3o humanos\u201d, mudan\u00e7a clim\u00e1tica, sobreviv\u00eancia dos povos ind\u00edgenas, desmatamento, entre outros. Sua pertin\u00eancia e solidez te\u00f3rica ampara-se na Ecologia da Comunica\u00e7\u00e3o com seus atravessamentos digitais, tornando poss\u00edvel analisar a Terra Ind\u00edgena demarcada ao ser digitalizada e transmutada em c\u00f3digo bin\u00e1rio. A autora Clarissa Rayol adentra nas arquiteturas interativas digitais, redes e conex\u00f5es do aplicativo.<\/p>\n<p class=\"p1\">O livro, oriundo da pesquisa agraciada com o Pr\u00eamio Comp\u00f3s de Teses e Disserta\u00e7\u00f5es Eduardo Pe\u00f1uela 2022, traduz um processo mais amplo, h\u00e1 muito tempo silenciado pela hist\u00f3ria, de \u201cgrito de socorro\u201d daqueles que tiveram suas vozes limitadas pelo ocidente: povos ind\u00edgenas, florestas, animais, rios e todos os componentes ecoam suas vozes digitalmente.<\/p>\n<p class=\"p1\">\u201cO estudo e a escrita impressionam e inspiram n\u00e3o apenas pela qualidade te\u00f3rica e clareza narrativa, mas porque, no caminho imersivo que a autora trilha para compreender e nos revelar a experi\u00eancia conectiva de territ\u00f3rios ind\u00edgenas digitalizados, revelam-se cenas e possibilidades de uma realidade para al\u00e9m da desesperan\u00e7a dualista.\u201d Rosane Steinbrenner (PPGCOM-UFPA) .<\/p>\n<p class=\"p1\">\u201cO livro nos convida a compreender a digitaliza\u00e7\u00e3o das terras ind\u00edgenas sob as lentes da ecologia da comunica\u00e7\u00e3o, debatendo a rela\u00e7\u00e3o entre mudan\u00e7as clim\u00e1ticas e povos ind\u00edgenas. Aborda a imers\u00e3o nas arquiteturas interativas digitais e os processos aut\u00f4nomos experenciados pelo povo M\u1ebdb\u00eang\u00f4kre M\u1ebdtyktire (Kayap\u00f3), destacando-se por seu pioneirismo e tornando-se refer\u00eancia para a \u00e1rea.\u201d Elaide Martins (PPGCOM-UFPA)<\/p>\n","protected":false},"excerpt":{"rendered":"<h4 class=\"p1\">Digitaliza\u00e7\u00e3o das terras ind\u00edgenas \u00e0 luz da ecologia da comunica\u00e7\u00e3o<\/h4>\n<p>O livro aborda um tema atual, relevante e com importante contribui\u00e7\u00e3o aos estudos dos processos comunicacionais e de midiatiza\u00e7\u00e3o, sobretudo nas rela\u00e7\u00f5es entre Comunica\u00e7\u00e3o, Ci\u00eancia e Meio ambiente&#8230;<\/p>\n","protected":false},"featured_media":6628,"comment_status":"open","ping_status":"closed","template":"","meta":{"_joinchat":[]},"product_brand":[],"product_cat":[1041],"product_tag":[],"class_list":{"0":"post-7128","1":"product","2":"type-product","3":"status-publish","4":"has-post-thumbnail","6":"product_cat-comunicacao","7":"product_shipping_class-livro-pontes-editores-fisico","9":"first","10":"instock","11":"shipping-taxable","12":"purchasable","13":"product-type-simple"},"yoast_head":"<!-- This site is optimized with the Yoast SEO plugin v27.4 - https:\/\/yoast.com\/product\/yoast-seo-wordpress\/ -->\n<title>O APLICATIVO ALERTA CLIMA IND\u00cdGENA - Pontes Editores<\/title>\n<meta name=\"robots\" content=\"index, follow, max-snippet:-1, max-image-preview:large, max-video-preview:-1\" \/>\n<link rel=\"canonical\" href=\"https:\/\/ponteseditores.com.br\/loja3\/pontes-editores-home-2__trashed\/comunicacao\/o-aplicativo-alerta-clima-indigena\/\" \/>\n<meta property=\"og:locale\" content=\"pt_BR\" \/>\n<meta property=\"og:type\" content=\"article\" \/>\n<meta property=\"og:title\" content=\"O APLICATIVO ALERTA CLIMA IND\u00cdGENA - Pontes Editores\" \/>\n<meta property=\"og:description\" content=\"Digitaliza\u00e7\u00e3o das terras ind\u00edgenas \u00e0 luz da ecologia da comunica\u00e7\u00e3o O livro aborda um tema atual, relevante e com importante contribui\u00e7\u00e3o aos estudos dos processos comunicacionais e de midiatiza\u00e7\u00e3o, sobretudo nas rela\u00e7\u00f5es entre Comunica\u00e7\u00e3o, Ci\u00eancia e Meio ambiente...\" \/>\n<meta property=\"og:url\" content=\"https:\/\/ponteseditores.com.br\/loja3\/pontes-editores-home-2__trashed\/comunicacao\/o-aplicativo-alerta-clima-indigena\/\" \/>\n<meta property=\"og:site_name\" content=\"Pontes Editores\" \/>\n<meta property=\"article:modified_time\" content=\"2023-12-15T15:13:07+00:00\" \/>\n<meta property=\"og:image\" content=\"https:\/\/ponteseditores.com.br\/loja3\/wp-content\/uploads\/2023\/12\/o-aplicativo-alerta-clima-indigena-capa-1.jpg\" \/>\n\t<meta property=\"og:image:width\" content=\"1500\" \/>\n\t<meta property=\"og:image:height\" content=\"2121\" \/>\n\t<meta property=\"og:image:type\" content=\"image\/jpeg\" \/>\n<meta name=\"twitter:card\" content=\"summary_large_image\" \/>\n<meta name=\"twitter:label1\" content=\"Est. tempo de leitura\" \/>\n\t<meta name=\"twitter:data1\" content=\"2 minutos\" \/>\n<script type=\"application\/ld+json\" class=\"yoast-schema-graph\">{\"@context\":\"https:\\\/\\\/schema.org\",\"@graph\":[{\"@type\":\"WebPage\",\"@id\":\"https:\\\/\\\/ponteseditores.com.br\\\/loja3\\\/pontes-editores-home-2__trashed\\\/comunicacao\\\/o-aplicativo-alerta-clima-indigena\\\/\",\"url\":\"https:\\\/\\\/ponteseditores.com.br\\\/loja3\\\/pontes-editores-home-2__trashed\\\/comunicacao\\\/o-aplicativo-alerta-clima-indigena\\\/\",\"name\":\"O APLICATIVO ALERTA CLIMA IND\u00cdGENA - Pontes Editores\",\"isPartOf\":{\"@id\":\"https:\\\/\\\/ponteseditores.com.br\\\/loja3\\\/#website\"},\"primaryImageOfPage\":{\"@id\":\"https:\\\/\\\/ponteseditores.com.br\\\/loja3\\\/pontes-editores-home-2__trashed\\\/comunicacao\\\/o-aplicativo-alerta-clima-indigena\\\/#primaryimage\"},\"image\":{\"@id\":\"https:\\\/\\\/ponteseditores.com.br\\\/loja3\\\/pontes-editores-home-2__trashed\\\/comunicacao\\\/o-aplicativo-alerta-clima-indigena\\\/#primaryimage\"},\"thumbnailUrl\":\"https:\\\/\\\/ponteseditores.com.br\\\/loja3\\\/wp-content\\\/uploads\\\/2023\\\/12\\\/o-aplicativo-alerta-clima-indigena-capa-1.jpg\",\"datePublished\":\"2023-12-14T03:14:18+00:00\",\"dateModified\":\"2023-12-15T15:13:07+00:00\",\"breadcrumb\":{\"@id\":\"https:\\\/\\\/ponteseditores.com.br\\\/loja3\\\/pontes-editores-home-2__trashed\\\/comunicacao\\\/o-aplicativo-alerta-clima-indigena\\\/#breadcrumb\"},\"inLanguage\":\"pt-BR\",\"potentialAction\":[{\"@type\":\"ReadAction\",\"target\":[\"https:\\\/\\\/ponteseditores.com.br\\\/loja3\\\/pontes-editores-home-2__trashed\\\/comunicacao\\\/o-aplicativo-alerta-clima-indigena\\\/\"]}]},{\"@type\":\"ImageObject\",\"inLanguage\":\"pt-BR\",\"@id\":\"https:\\\/\\\/ponteseditores.com.br\\\/loja3\\\/pontes-editores-home-2__trashed\\\/comunicacao\\\/o-aplicativo-alerta-clima-indigena\\\/#primaryimage\",\"url\":\"https:\\\/\\\/ponteseditores.com.br\\\/loja3\\\/wp-content\\\/uploads\\\/2023\\\/12\\\/o-aplicativo-alerta-clima-indigena-capa-1.jpg\",\"contentUrl\":\"https:\\\/\\\/ponteseditores.com.br\\\/loja3\\\/wp-content\\\/uploads\\\/2023\\\/12\\\/o-aplicativo-alerta-clima-indigena-capa-1.jpg\",\"width\":1500,\"height\":2121},{\"@type\":\"BreadcrumbList\",\"@id\":\"https:\\\/\\\/ponteseditores.com.br\\\/loja3\\\/pontes-editores-home-2__trashed\\\/comunicacao\\\/o-aplicativo-alerta-clima-indigena\\\/#breadcrumb\",\"itemListElement\":[{\"@type\":\"ListItem\",\"position\":1,\"name\":\"Home\",\"item\":\"https:\\\/\\\/ponteseditores.com.br\\\/loja3\\\/\"},{\"@type\":\"ListItem\",\"position\":2,\"name\":\"loja\",\"item\":\"https:\\\/\\\/ponteseditores.com.br\\\/loja3\\\/loja\\\/\"},{\"@type\":\"ListItem\",\"position\":3,\"name\":\"O APLICATIVO ALERTA CLIMA IND\u00cdGENA\"}]},{\"@type\":\"WebSite\",\"@id\":\"https:\\\/\\\/ponteseditores.com.br\\\/loja3\\\/#website\",\"url\":\"https:\\\/\\\/ponteseditores.com.br\\\/loja3\\\/\",\"name\":\"Pontes Editores\",\"description\":\"Pontes Editores\",\"publisher\":{\"@id\":\"https:\\\/\\\/ponteseditores.com.br\\\/loja3\\\/#organization\"},\"potentialAction\":[{\"@type\":\"SearchAction\",\"target\":{\"@type\":\"EntryPoint\",\"urlTemplate\":\"https:\\\/\\\/ponteseditores.com.br\\\/loja3\\\/?s={search_term_string}\"},\"query-input\":{\"@type\":\"PropertyValueSpecification\",\"valueRequired\":true,\"valueName\":\"search_term_string\"}}],\"inLanguage\":\"pt-BR\"},{\"@type\":\"Organization\",\"@id\":\"https:\\\/\\\/ponteseditores.com.br\\\/loja3\\\/#organization\",\"name\":\"Pontes Editores\",\"url\":\"https:\\\/\\\/ponteseditores.com.br\\\/loja3\\\/\",\"logo\":{\"@type\":\"ImageObject\",\"inLanguage\":\"pt-BR\",\"@id\":\"https:\\\/\\\/ponteseditores.com.br\\\/loja3\\\/#\\\/schema\\\/logo\\\/image\\\/\",\"url\":\"https:\\\/\\\/ponteseditores.com.br\\\/loja3\\\/wp-content\\\/uploads\\\/2023\\\/12\\\/logo-pontes-editores-v2.png\",\"contentUrl\":\"https:\\\/\\\/ponteseditores.com.br\\\/loja3\\\/wp-content\\\/uploads\\\/2023\\\/12\\\/logo-pontes-editores-v2.png\",\"width\":258,\"height\":100,\"caption\":\"Pontes Editores\"},\"image\":{\"@id\":\"https:\\\/\\\/ponteseditores.com.br\\\/loja3\\\/#\\\/schema\\\/logo\\\/image\\\/\"}}]}<\/script>\n<!-- \/ Yoast SEO plugin. -->","yoast_head_json":{"title":"O APLICATIVO ALERTA CLIMA IND\u00cdGENA - Pontes Editores","robots":{"index":"index","follow":"follow","max-snippet":"max-snippet:-1","max-image-preview":"max-image-preview:large","max-video-preview":"max-video-preview:-1"},"canonical":"https:\/\/ponteseditores.com.br\/loja3\/pontes-editores-home-2__trashed\/comunicacao\/o-aplicativo-alerta-clima-indigena\/","og_locale":"pt_BR","og_type":"article","og_title":"O APLICATIVO ALERTA CLIMA IND\u00cdGENA - Pontes Editores","og_description":"Digitaliza\u00e7\u00e3o das terras ind\u00edgenas \u00e0 luz da ecologia da comunica\u00e7\u00e3o O livro aborda um tema atual, relevante e com importante contribui\u00e7\u00e3o aos estudos dos processos comunicacionais e de midiatiza\u00e7\u00e3o, sobretudo nas rela\u00e7\u00f5es entre Comunica\u00e7\u00e3o, Ci\u00eancia e Meio ambiente...","og_url":"https:\/\/ponteseditores.com.br\/loja3\/pontes-editores-home-2__trashed\/comunicacao\/o-aplicativo-alerta-clima-indigena\/","og_site_name":"Pontes Editores","article_modified_time":"2023-12-15T15:13:07+00:00","og_image":[{"width":1500,"height":2121,"url":"https:\/\/ponteseditores.com.br\/loja3\/wp-content\/uploads\/2023\/12\/o-aplicativo-alerta-clima-indigena-capa-1.jpg","type":"image\/jpeg"}],"twitter_card":"summary_large_image","twitter_misc":{"Est. tempo de leitura":"2 minutos"},"schema":{"@context":"https:\/\/schema.org","@graph":[{"@type":"WebPage","@id":"https:\/\/ponteseditores.com.br\/loja3\/pontes-editores-home-2__trashed\/comunicacao\/o-aplicativo-alerta-clima-indigena\/","url":"https:\/\/ponteseditores.com.br\/loja3\/pontes-editores-home-2__trashed\/comunicacao\/o-aplicativo-alerta-clima-indigena\/","name":"O APLICATIVO ALERTA CLIMA IND\u00cdGENA - Pontes Editores","isPartOf":{"@id":"https:\/\/ponteseditores.com.br\/loja3\/#website"},"primaryImageOfPage":{"@id":"https:\/\/ponteseditores.com.br\/loja3\/pontes-editores-home-2__trashed\/comunicacao\/o-aplicativo-alerta-clima-indigena\/#primaryimage"},"image":{"@id":"https:\/\/ponteseditores.com.br\/loja3\/pontes-editores-home-2__trashed\/comunicacao\/o-aplicativo-alerta-clima-indigena\/#primaryimage"},"thumbnailUrl":"https:\/\/ponteseditores.com.br\/loja3\/wp-content\/uploads\/2023\/12\/o-aplicativo-alerta-clima-indigena-capa-1.jpg","datePublished":"2023-12-14T03:14:18+00:00","dateModified":"2023-12-15T15:13:07+00:00","breadcrumb":{"@id":"https:\/\/ponteseditores.com.br\/loja3\/pontes-editores-home-2__trashed\/comunicacao\/o-aplicativo-alerta-clima-indigena\/#breadcrumb"},"inLanguage":"pt-BR","potentialAction":[{"@type":"ReadAction","target":["https:\/\/ponteseditores.com.br\/loja3\/pontes-editores-home-2__trashed\/comunicacao\/o-aplicativo-alerta-clima-indigena\/"]}]},{"@type":"ImageObject","inLanguage":"pt-BR","@id":"https:\/\/ponteseditores.com.br\/loja3\/pontes-editores-home-2__trashed\/comunicacao\/o-aplicativo-alerta-clima-indigena\/#primaryimage","url":"https:\/\/ponteseditores.com.br\/loja3\/wp-content\/uploads\/2023\/12\/o-aplicativo-alerta-clima-indigena-capa-1.jpg","contentUrl":"https:\/\/ponteseditores.com.br\/loja3\/wp-content\/uploads\/2023\/12\/o-aplicativo-alerta-clima-indigena-capa-1.jpg","width":1500,"height":2121},{"@type":"BreadcrumbList","@id":"https:\/\/ponteseditores.com.br\/loja3\/pontes-editores-home-2__trashed\/comunicacao\/o-aplicativo-alerta-clima-indigena\/#breadcrumb","itemListElement":[{"@type":"ListItem","position":1,"name":"Home","item":"https:\/\/ponteseditores.com.br\/loja3\/"},{"@type":"ListItem","position":2,"name":"loja","item":"https:\/\/ponteseditores.com.br\/loja3\/loja\/"},{"@type":"ListItem","position":3,"name":"O APLICATIVO ALERTA CLIMA IND\u00cdGENA"}]},{"@type":"WebSite","@id":"https:\/\/ponteseditores.com.br\/loja3\/#website","url":"https:\/\/ponteseditores.com.br\/loja3\/","name":"Pontes Editores","description":"Pontes Editores","publisher":{"@id":"https:\/\/ponteseditores.com.br\/loja3\/#organization"},"potentialAction":[{"@type":"SearchAction","target":{"@type":"EntryPoint","urlTemplate":"https:\/\/ponteseditores.com.br\/loja3\/?s={search_term_string}"},"query-input":{"@type":"PropertyValueSpecification","valueRequired":true,"valueName":"search_term_string"}}],"inLanguage":"pt-BR"},{"@type":"Organization","@id":"https:\/\/ponteseditores.com.br\/loja3\/#organization","name":"Pontes Editores","url":"https:\/\/ponteseditores.com.br\/loja3\/","logo":{"@type":"ImageObject","inLanguage":"pt-BR","@id":"https:\/\/ponteseditores.com.br\/loja3\/#\/schema\/logo\/image\/","url":"https:\/\/ponteseditores.com.br\/loja3\/wp-content\/uploads\/2023\/12\/logo-pontes-editores-v2.png","contentUrl":"https:\/\/ponteseditores.com.br\/loja3\/wp-content\/uploads\/2023\/12\/logo-pontes-editores-v2.png","width":258,"height":100,"caption":"Pontes Editores"},"image":{"@id":"https:\/\/ponteseditores.com.br\/loja3\/#\/schema\/logo\/image\/"}}]}},"_links":{"self":[{"href":"https:\/\/ponteseditores.com.br\/loja3\/wp-json\/wp\/v2\/product\/7128","targetHints":{"allow":["GET"]}}],"collection":[{"href":"https:\/\/ponteseditores.com.br\/loja3\/wp-json\/wp\/v2\/product"}],"about":[{"href":"https:\/\/ponteseditores.com.br\/loja3\/wp-json\/wp\/v2\/types\/product"}],"replies":[{"embeddable":true,"href":"https:\/\/ponteseditores.com.br\/loja3\/wp-json\/wp\/v2\/comments?post=7128"}],"version-history":[{"count":0,"href":"https:\/\/ponteseditores.com.br\/loja3\/wp-json\/wp\/v2\/product\/7128\/revisions"}],"wp:featuredmedia":[{"embeddable":true,"href":"https:\/\/ponteseditores.com.br\/loja3\/wp-json\/wp\/v2\/media\/6628"}],"wp:attachment":[{"href":"https:\/\/ponteseditores.com.br\/loja3\/wp-json\/wp\/v2\/media?parent=7128"}],"wp:term":[{"taxonomy":"product_brand","embeddable":true,"href":"https:\/\/ponteseditores.com.br\/loja3\/wp-json\/wp\/v2\/product_brand?post=7128"},{"taxonomy":"product_cat","embeddable":true,"href":"https:\/\/ponteseditores.com.br\/loja3\/wp-json\/wp\/v2\/product_cat?post=7128"},{"taxonomy":"product_tag","embeddable":true,"href":"https:\/\/ponteseditores.com.br\/loja3\/wp-json\/wp\/v2\/product_tag?post=7128"}],"curies":[{"name":"wp","href":"https:\/\/api.w.org\/{rel}","templated":true}]}}