{"id":7115,"date":"2023-12-13T23:33:28","date_gmt":"2023-12-14T02:33:28","guid":{"rendered":"https:\/\/ponteseditores.com.br\/loja3\/?post_type=product&#038;p=7115"},"modified":"2023-12-15T12:13:09","modified_gmt":"2023-12-15T15:13:09","slug":"articulacao-do-espaco-no-portugues","status":"publish","type":"product","link":"https:\/\/ponteseditores.com.br\/loja3\/pontes-editores-home-2__trashed\/linguistica\/articulacao-do-espaco-no-portugues\/","title":{"rendered":"ARTICULA\u00c7\u00c3O DO ESPA\u00c7O NO PORTUGU\u00caS"},"content":{"rendered":"<p class=\"p1\">O fio condutor que d\u00e1 unidade a esta colet\u00e2nea e atravessa p\u00e1ginas e cap\u00edtulos \u00e9 a express\u00e3o do espa\u00e7o, tal como ele \u00e9 representado em diferentes contextos interacionais. A no\u00e7\u00e3o de espa\u00e7o, ancorada nas experi\u00eancias concretas do nosso corpo nos espa\u00e7os f\u00edsicos em que circulamos, pode gerar muitas proje\u00e7\u00f5es metaf\u00f3ricas e meton\u00edmicas.<\/p>\n<p class=\"p1\">Assim \u00e9 que a no\u00e7\u00e3o de tempo, mais abstrata, \u00e9 concebida em fun\u00e7\u00e3o de espa\u00e7o, de base mais concreta, visto que vinculada \u00e0 nossa experi\u00eancia sens\u00f3rio-motora. Essa deriva\u00e7\u00e3o nos remete \u00e0 cl\u00e1ssica trajet\u00f3ria de gramaticaliza\u00e7\u00e3o de elementos lingu\u00edsticos, formulada por Heine, Claudi e H\u00fcnnemeyer (1991), que reflete um continuum de abstratiza\u00e7\u00e3o: espa\u00e7o &gt; tempo &gt; texto. Tratando da gramaticaliza\u00e7\u00e3o de operadores argumentativos, Martelotta (1996) analisa o caso de ainda, que seguiu essa trajet\u00f3ria por meio de proje\u00e7\u00f5es metaf\u00f3ricas.<\/p>\n<p class=\"p1\">De uma acep\u00e7\u00e3o d\u00eaitica, portanto, mais relacionada \u00e0 concretude espacial, esse elemento passa para uma no\u00e7\u00e3o menos concreta, temporal, at\u00e9 atingir uma fun\u00e7\u00e3o mais abstrata, vinculada ao arranjo l\u00f3gico-argumentativo do discurso.<\/p>\n<p class=\"p1\">Apesar da import\u00e2ncia do conceito de espa\u00e7o e das rela\u00e7\u00f5es espaciais, al\u00e9m de sua contribui\u00e7\u00e3o para a cria\u00e7\u00e3o de constru\u00e7\u00f5es procedurais na l\u00edngua, esse tema n\u00e3o tem recebido o tratamento de que \u00e9 merecedor na literatura lingu\u00edstica, em especial, sobre o portugu\u00eas brasileiro e europeu, ao contr\u00e1rio do que acontece, por exemplo, com os marcadores de tempo, aspecto e modo\/modalidade (TAM).<\/p>\n<p class=\"p1\">Nesse sentido, a colet\u00e2nea livro Articula\u00e7\u00e3o do espa\u00e7o no portugu\u00eas: uma abordagem cognitivista, funcionalista e construcional vem, em boa hora, contribuir para o preenchimento de uma lacuna. Maria Ang\u00e9lica Furtado da Cunha (UFRN\/UFF\/CNPq)<\/p>\n","protected":false},"excerpt":{"rendered":"<h4 class=\"p1\">Uma abordagem cognitivista, funcionalista<span class=\"Apple-converted-space\">\u00a0 <\/span>construcional<\/h4>\n<p>O fio condutor que d\u00e1 unidade a esta colet\u00e2nea e atravessa p\u00e1ginas e cap\u00edtulos \u00e9 a express\u00e3o do espa\u00e7o, tal como ele \u00e9 representado em diferentes contextos interacionais. A no\u00e7\u00e3o de espa\u00e7o, ancorada nas experi\u00eancias concretas do nosso corpo nos espa\u00e7os f\u00edsicos em que circulamos, pode gerar muitas proje\u00e7\u00f5es metaf\u00f3ricas e meton\u00edmicas.<\/p>\n","protected":false},"featured_media":7037,"comment_status":"open","ping_status":"closed","template":"","meta":{"_joinchat":[]},"product_brand":[],"product_cat":[923,31],"product_tag":[],"class_list":{"0":"post-7115","1":"product","2":"type-product","3":"status-publish","4":"has-post-thumbnail","6":"product_cat-gramatica","7":"product_cat-linguistica","8":"product_shipping_class-livro-pontes-editores-fisico","10":"first","11":"instock","12":"shipping-taxable","13":"purchasable","14":"product-type-simple"},"yoast_head":"<!-- This site is optimized with the Yoast SEO plugin v27.4 - https:\/\/yoast.com\/product\/yoast-seo-wordpress\/ -->\n<title>ARTICULA\u00c7\u00c3O DO ESPA\u00c7O NO PORTUGU\u00caS - Pontes Editores<\/title>\n<meta name=\"robots\" content=\"index, follow, max-snippet:-1, max-image-preview:large, max-video-preview:-1\" \/>\n<link rel=\"canonical\" href=\"https:\/\/ponteseditores.com.br\/loja3\/pontes-editores-home-2__trashed\/linguistica\/articulacao-do-espaco-no-portugues\/\" \/>\n<meta property=\"og:locale\" content=\"pt_BR\" \/>\n<meta property=\"og:type\" content=\"article\" \/>\n<meta property=\"og:title\" content=\"ARTICULA\u00c7\u00c3O DO ESPA\u00c7O NO PORTUGU\u00caS - Pontes Editores\" \/>\n<meta property=\"og:description\" content=\"Uma abordagem cognitivista, funcionalista\u00a0 construcional O fio condutor que d\u00e1 unidade a esta colet\u00e2nea e atravessa p\u00e1ginas e cap\u00edtulos \u00e9 a express\u00e3o do espa\u00e7o, tal como ele \u00e9 representado em diferentes contextos interacionais. A no\u00e7\u00e3o de espa\u00e7o, ancorada nas experi\u00eancias concretas do nosso corpo nos espa\u00e7os f\u00edsicos em que circulamos, pode gerar muitas proje\u00e7\u00f5es metaf\u00f3ricas e meton\u00edmicas.\" \/>\n<meta property=\"og:url\" content=\"https:\/\/ponteseditores.com.br\/loja3\/pontes-editores-home-2__trashed\/linguistica\/articulacao-do-espaco-no-portugues\/\" \/>\n<meta property=\"og:site_name\" content=\"Pontes Editores\" \/>\n<meta property=\"article:modified_time\" content=\"2023-12-15T15:13:09+00:00\" \/>\n<meta property=\"og:image\" content=\"https:\/\/ponteseditores.com.br\/loja3\/wp-content\/uploads\/2023\/12\/articulacao-do-espaco-no-portugues-capa-.jpg\" \/>\n\t<meta property=\"og:image:width\" content=\"1728\" \/>\n\t<meta property=\"og:image:height\" content=\"2443\" \/>\n\t<meta property=\"og:image:type\" content=\"image\/jpeg\" \/>\n<meta name=\"twitter:card\" content=\"summary_large_image\" \/>\n<meta name=\"twitter:label1\" content=\"Est. tempo de leitura\" \/>\n\t<meta name=\"twitter:data1\" content=\"2 minutos\" \/>\n<script type=\"application\/ld+json\" class=\"yoast-schema-graph\">{\"@context\":\"https:\\\/\\\/schema.org\",\"@graph\":[{\"@type\":\"WebPage\",\"@id\":\"https:\\\/\\\/ponteseditores.com.br\\\/loja3\\\/pontes-editores-home-2__trashed\\\/linguistica\\\/articulacao-do-espaco-no-portugues\\\/\",\"url\":\"https:\\\/\\\/ponteseditores.com.br\\\/loja3\\\/pontes-editores-home-2__trashed\\\/linguistica\\\/articulacao-do-espaco-no-portugues\\\/\",\"name\":\"ARTICULA\u00c7\u00c3O DO ESPA\u00c7O NO PORTUGU\u00caS - Pontes Editores\",\"isPartOf\":{\"@id\":\"https:\\\/\\\/ponteseditores.com.br\\\/loja3\\\/#website\"},\"primaryImageOfPage\":{\"@id\":\"https:\\\/\\\/ponteseditores.com.br\\\/loja3\\\/pontes-editores-home-2__trashed\\\/linguistica\\\/articulacao-do-espaco-no-portugues\\\/#primaryimage\"},\"image\":{\"@id\":\"https:\\\/\\\/ponteseditores.com.br\\\/loja3\\\/pontes-editores-home-2__trashed\\\/linguistica\\\/articulacao-do-espaco-no-portugues\\\/#primaryimage\"},\"thumbnailUrl\":\"https:\\\/\\\/ponteseditores.com.br\\\/loja3\\\/wp-content\\\/uploads\\\/2023\\\/12\\\/articulacao-do-espaco-no-portugues-capa-.jpg\",\"datePublished\":\"2023-12-14T02:33:28+00:00\",\"dateModified\":\"2023-12-15T15:13:09+00:00\",\"breadcrumb\":{\"@id\":\"https:\\\/\\\/ponteseditores.com.br\\\/loja3\\\/pontes-editores-home-2__trashed\\\/linguistica\\\/articulacao-do-espaco-no-portugues\\\/#breadcrumb\"},\"inLanguage\":\"pt-BR\",\"potentialAction\":[{\"@type\":\"ReadAction\",\"target\":[\"https:\\\/\\\/ponteseditores.com.br\\\/loja3\\\/pontes-editores-home-2__trashed\\\/linguistica\\\/articulacao-do-espaco-no-portugues\\\/\"]}]},{\"@type\":\"ImageObject\",\"inLanguage\":\"pt-BR\",\"@id\":\"https:\\\/\\\/ponteseditores.com.br\\\/loja3\\\/pontes-editores-home-2__trashed\\\/linguistica\\\/articulacao-do-espaco-no-portugues\\\/#primaryimage\",\"url\":\"https:\\\/\\\/ponteseditores.com.br\\\/loja3\\\/wp-content\\\/uploads\\\/2023\\\/12\\\/articulacao-do-espaco-no-portugues-capa-.jpg\",\"contentUrl\":\"https:\\\/\\\/ponteseditores.com.br\\\/loja3\\\/wp-content\\\/uploads\\\/2023\\\/12\\\/articulacao-do-espaco-no-portugues-capa-.jpg\",\"width\":1728,\"height\":2443},{\"@type\":\"BreadcrumbList\",\"@id\":\"https:\\\/\\\/ponteseditores.com.br\\\/loja3\\\/pontes-editores-home-2__trashed\\\/linguistica\\\/articulacao-do-espaco-no-portugues\\\/#breadcrumb\",\"itemListElement\":[{\"@type\":\"ListItem\",\"position\":1,\"name\":\"Home\",\"item\":\"https:\\\/\\\/ponteseditores.com.br\\\/loja3\\\/\"},{\"@type\":\"ListItem\",\"position\":2,\"name\":\"loja\",\"item\":\"https:\\\/\\\/ponteseditores.com.br\\\/loja3\\\/loja\\\/\"},{\"@type\":\"ListItem\",\"position\":3,\"name\":\"ARTICULA\u00c7\u00c3O DO ESPA\u00c7O NO PORTUGU\u00caS\"}]},{\"@type\":\"WebSite\",\"@id\":\"https:\\\/\\\/ponteseditores.com.br\\\/loja3\\\/#website\",\"url\":\"https:\\\/\\\/ponteseditores.com.br\\\/loja3\\\/\",\"name\":\"Pontes Editores\",\"description\":\"Pontes Editores\",\"publisher\":{\"@id\":\"https:\\\/\\\/ponteseditores.com.br\\\/loja3\\\/#organization\"},\"potentialAction\":[{\"@type\":\"SearchAction\",\"target\":{\"@type\":\"EntryPoint\",\"urlTemplate\":\"https:\\\/\\\/ponteseditores.com.br\\\/loja3\\\/?s={search_term_string}\"},\"query-input\":{\"@type\":\"PropertyValueSpecification\",\"valueRequired\":true,\"valueName\":\"search_term_string\"}}],\"inLanguage\":\"pt-BR\"},{\"@type\":\"Organization\",\"@id\":\"https:\\\/\\\/ponteseditores.com.br\\\/loja3\\\/#organization\",\"name\":\"Pontes Editores\",\"url\":\"https:\\\/\\\/ponteseditores.com.br\\\/loja3\\\/\",\"logo\":{\"@type\":\"ImageObject\",\"inLanguage\":\"pt-BR\",\"@id\":\"https:\\\/\\\/ponteseditores.com.br\\\/loja3\\\/#\\\/schema\\\/logo\\\/image\\\/\",\"url\":\"https:\\\/\\\/ponteseditores.com.br\\\/loja3\\\/wp-content\\\/uploads\\\/2023\\\/12\\\/logo-pontes-editores-v2.png\",\"contentUrl\":\"https:\\\/\\\/ponteseditores.com.br\\\/loja3\\\/wp-content\\\/uploads\\\/2023\\\/12\\\/logo-pontes-editores-v2.png\",\"width\":258,\"height\":100,\"caption\":\"Pontes Editores\"},\"image\":{\"@id\":\"https:\\\/\\\/ponteseditores.com.br\\\/loja3\\\/#\\\/schema\\\/logo\\\/image\\\/\"}}]}<\/script>\n<!-- \/ Yoast SEO plugin. -->","yoast_head_json":{"title":"ARTICULA\u00c7\u00c3O DO ESPA\u00c7O NO PORTUGU\u00caS - Pontes Editores","robots":{"index":"index","follow":"follow","max-snippet":"max-snippet:-1","max-image-preview":"max-image-preview:large","max-video-preview":"max-video-preview:-1"},"canonical":"https:\/\/ponteseditores.com.br\/loja3\/pontes-editores-home-2__trashed\/linguistica\/articulacao-do-espaco-no-portugues\/","og_locale":"pt_BR","og_type":"article","og_title":"ARTICULA\u00c7\u00c3O DO ESPA\u00c7O NO PORTUGU\u00caS - Pontes Editores","og_description":"Uma abordagem cognitivista, funcionalista\u00a0 construcional O fio condutor que d\u00e1 unidade a esta colet\u00e2nea e atravessa p\u00e1ginas e cap\u00edtulos \u00e9 a express\u00e3o do espa\u00e7o, tal como ele \u00e9 representado em diferentes contextos interacionais. A no\u00e7\u00e3o de espa\u00e7o, ancorada nas experi\u00eancias concretas do nosso corpo nos espa\u00e7os f\u00edsicos em que circulamos, pode gerar muitas proje\u00e7\u00f5es metaf\u00f3ricas e meton\u00edmicas.","og_url":"https:\/\/ponteseditores.com.br\/loja3\/pontes-editores-home-2__trashed\/linguistica\/articulacao-do-espaco-no-portugues\/","og_site_name":"Pontes Editores","article_modified_time":"2023-12-15T15:13:09+00:00","og_image":[{"width":1728,"height":2443,"url":"https:\/\/ponteseditores.com.br\/loja3\/wp-content\/uploads\/2023\/12\/articulacao-do-espaco-no-portugues-capa-.jpg","type":"image\/jpeg"}],"twitter_card":"summary_large_image","twitter_misc":{"Est. tempo de leitura":"2 minutos"},"schema":{"@context":"https:\/\/schema.org","@graph":[{"@type":"WebPage","@id":"https:\/\/ponteseditores.com.br\/loja3\/pontes-editores-home-2__trashed\/linguistica\/articulacao-do-espaco-no-portugues\/","url":"https:\/\/ponteseditores.com.br\/loja3\/pontes-editores-home-2__trashed\/linguistica\/articulacao-do-espaco-no-portugues\/","name":"ARTICULA\u00c7\u00c3O DO ESPA\u00c7O NO PORTUGU\u00caS - Pontes Editores","isPartOf":{"@id":"https:\/\/ponteseditores.com.br\/loja3\/#website"},"primaryImageOfPage":{"@id":"https:\/\/ponteseditores.com.br\/loja3\/pontes-editores-home-2__trashed\/linguistica\/articulacao-do-espaco-no-portugues\/#primaryimage"},"image":{"@id":"https:\/\/ponteseditores.com.br\/loja3\/pontes-editores-home-2__trashed\/linguistica\/articulacao-do-espaco-no-portugues\/#primaryimage"},"thumbnailUrl":"https:\/\/ponteseditores.com.br\/loja3\/wp-content\/uploads\/2023\/12\/articulacao-do-espaco-no-portugues-capa-.jpg","datePublished":"2023-12-14T02:33:28+00:00","dateModified":"2023-12-15T15:13:09+00:00","breadcrumb":{"@id":"https:\/\/ponteseditores.com.br\/loja3\/pontes-editores-home-2__trashed\/linguistica\/articulacao-do-espaco-no-portugues\/#breadcrumb"},"inLanguage":"pt-BR","potentialAction":[{"@type":"ReadAction","target":["https:\/\/ponteseditores.com.br\/loja3\/pontes-editores-home-2__trashed\/linguistica\/articulacao-do-espaco-no-portugues\/"]}]},{"@type":"ImageObject","inLanguage":"pt-BR","@id":"https:\/\/ponteseditores.com.br\/loja3\/pontes-editores-home-2__trashed\/linguistica\/articulacao-do-espaco-no-portugues\/#primaryimage","url":"https:\/\/ponteseditores.com.br\/loja3\/wp-content\/uploads\/2023\/12\/articulacao-do-espaco-no-portugues-capa-.jpg","contentUrl":"https:\/\/ponteseditores.com.br\/loja3\/wp-content\/uploads\/2023\/12\/articulacao-do-espaco-no-portugues-capa-.jpg","width":1728,"height":2443},{"@type":"BreadcrumbList","@id":"https:\/\/ponteseditores.com.br\/loja3\/pontes-editores-home-2__trashed\/linguistica\/articulacao-do-espaco-no-portugues\/#breadcrumb","itemListElement":[{"@type":"ListItem","position":1,"name":"Home","item":"https:\/\/ponteseditores.com.br\/loja3\/"},{"@type":"ListItem","position":2,"name":"loja","item":"https:\/\/ponteseditores.com.br\/loja3\/loja\/"},{"@type":"ListItem","position":3,"name":"ARTICULA\u00c7\u00c3O DO ESPA\u00c7O NO PORTUGU\u00caS"}]},{"@type":"WebSite","@id":"https:\/\/ponteseditores.com.br\/loja3\/#website","url":"https:\/\/ponteseditores.com.br\/loja3\/","name":"Pontes Editores","description":"Pontes Editores","publisher":{"@id":"https:\/\/ponteseditores.com.br\/loja3\/#organization"},"potentialAction":[{"@type":"SearchAction","target":{"@type":"EntryPoint","urlTemplate":"https:\/\/ponteseditores.com.br\/loja3\/?s={search_term_string}"},"query-input":{"@type":"PropertyValueSpecification","valueRequired":true,"valueName":"search_term_string"}}],"inLanguage":"pt-BR"},{"@type":"Organization","@id":"https:\/\/ponteseditores.com.br\/loja3\/#organization","name":"Pontes Editores","url":"https:\/\/ponteseditores.com.br\/loja3\/","logo":{"@type":"ImageObject","inLanguage":"pt-BR","@id":"https:\/\/ponteseditores.com.br\/loja3\/#\/schema\/logo\/image\/","url":"https:\/\/ponteseditores.com.br\/loja3\/wp-content\/uploads\/2023\/12\/logo-pontes-editores-v2.png","contentUrl":"https:\/\/ponteseditores.com.br\/loja3\/wp-content\/uploads\/2023\/12\/logo-pontes-editores-v2.png","width":258,"height":100,"caption":"Pontes Editores"},"image":{"@id":"https:\/\/ponteseditores.com.br\/loja3\/#\/schema\/logo\/image\/"}}]}},"_links":{"self":[{"href":"https:\/\/ponteseditores.com.br\/loja3\/wp-json\/wp\/v2\/product\/7115","targetHints":{"allow":["GET"]}}],"collection":[{"href":"https:\/\/ponteseditores.com.br\/loja3\/wp-json\/wp\/v2\/product"}],"about":[{"href":"https:\/\/ponteseditores.com.br\/loja3\/wp-json\/wp\/v2\/types\/product"}],"replies":[{"embeddable":true,"href":"https:\/\/ponteseditores.com.br\/loja3\/wp-json\/wp\/v2\/comments?post=7115"}],"version-history":[{"count":0,"href":"https:\/\/ponteseditores.com.br\/loja3\/wp-json\/wp\/v2\/product\/7115\/revisions"}],"wp:featuredmedia":[{"embeddable":true,"href":"https:\/\/ponteseditores.com.br\/loja3\/wp-json\/wp\/v2\/media\/7037"}],"wp:attachment":[{"href":"https:\/\/ponteseditores.com.br\/loja3\/wp-json\/wp\/v2\/media?parent=7115"}],"wp:term":[{"taxonomy":"product_brand","embeddable":true,"href":"https:\/\/ponteseditores.com.br\/loja3\/wp-json\/wp\/v2\/product_brand?post=7115"},{"taxonomy":"product_cat","embeddable":true,"href":"https:\/\/ponteseditores.com.br\/loja3\/wp-json\/wp\/v2\/product_cat?post=7115"},{"taxonomy":"product_tag","embeddable":true,"href":"https:\/\/ponteseditores.com.br\/loja3\/wp-json\/wp\/v2\/product_tag?post=7115"}],"curies":[{"name":"wp","href":"https:\/\/api.w.org\/{rel}","templated":true}]}}