{"id":7094,"date":"2023-12-13T21:21:03","date_gmt":"2023-12-14T00:21:03","guid":{"rendered":"https:\/\/ponteseditores.com.br\/loja3\/?post_type=product&#038;p=7094"},"modified":"2023-12-15T12:13:12","modified_gmt":"2023-12-15T15:13:12","slug":"florescer-na-dor","status":"publish","type":"product","link":"https:\/\/ponteseditores.com.br\/loja3\/pontes-editores-home-2__trashed\/equilibrio-pessoal\/florescer-na-dor\/","title":{"rendered":"FLORESCER NA DOR"},"content":{"rendered":"<p class=\"p1\">Pensamentos e atitudes definem a vida de uma pessoa. N\u00e3o importa em que circunst\u00e2ncias nos encontramos, a decis\u00e3o por lutar, agir positivamente, agradecer, pedir, rezar, meditar, tem parcela significativa na constru\u00e7\u00e3o, crescimento e cura pessoal, e quando se tem pessoas ao redor exercendo seus diferentes pap\u00e9is, mas na mesma sintonia, isso acontece de forma mais intensa.<\/p>\n<p class=\"p1\">Esse livro nos conta um pouco sobre a decis\u00e3o de minha esposa, suas atitudes, ora\u00e7\u00f5es, reflex\u00f5es, rede de relacionamentos, perante o diagn\u00f3stico do c\u00e2ncer de mama e o seu enfrentamento. Cometo a ousadia de resumir em algumas palavras o conte\u00fado que voc\u00ea aqui encontra: autoconhecimento, persist\u00eancia, agilidade, confian\u00e7a, apoio, ora\u00e7\u00e3o, e n\u00e3o esqueci a principal delas, o amor. Seu esposo, Bruno Ponte. \/ Minha m\u00e3e \u00e9 um grande exemplo para mim e acredito que a partir desse livro ser\u00e1 para todas as pessoas que estejam passando por uma fase dif\u00edcil e que acreditam n\u00e3o ter sa\u00edda.<\/p>\n<p class=\"p1\">Ela transmite atrav\u00e9s desse livro a import\u00e2ncia do autoconhecimento e mesmo diante da fragilidade que a doen\u00e7a traz, apresenta ao leitor toda a sua for\u00e7a, luz e pot\u00eancia transformando tudo isso numa linda hist\u00f3ria de supera\u00e7\u00e3o, coragem e f\u00e9. N\u00e3o deixando a dor tomar conta de sua vida, permanece florescendo e contribuindo na vida de outras pessoas, assim como ela sempre gosta de fazer, e mostra o quanto \u00e9 poss\u00edvel florescer diante de sua dor com o c\u00e2ncer. Sua filha, Ana Let\u00edcia.<\/p>\n","protected":false},"excerpt":{"rendered":"<p>Pensamentos e atitudes definem a vida de uma pessoa. N\u00e3o importa em que circunst\u00e2ncias nos encontramos, a decis\u00e3o por lutar, agir positivamente, agradecer, pedir, rezar, meditar, tem parcela significativa na constru\u00e7\u00e3o, crescimento e cura pessoal, e quando se tem pessoas ao redor exercendo seus diferentes pap\u00e9is, mas na mesma sintonia, isso acontece de forma mais intensa.<\/p>\n","protected":false},"featured_media":7055,"comment_status":"open","ping_status":"closed","template":"","meta":{"_joinchat":[]},"product_brand":[],"product_cat":[1131],"product_tag":[],"class_list":{"0":"post-7094","1":"product","2":"type-product","3":"status-publish","4":"has-post-thumbnail","6":"product_cat-equilibrio-pessoal","7":"product_shipping_class-livro-pontes-editores-fisico","9":"first","10":"instock","11":"shipping-taxable","12":"purchasable","13":"product-type-simple"},"yoast_head":"<!-- This site is optimized with the Yoast SEO plugin v27.4 - https:\/\/yoast.com\/product\/yoast-seo-wordpress\/ -->\n<title>FLORESCER NA DOR - Pontes Editores<\/title>\n<meta name=\"robots\" content=\"index, follow, max-snippet:-1, max-image-preview:large, max-video-preview:-1\" \/>\n<link rel=\"canonical\" href=\"https:\/\/ponteseditores.com.br\/loja3\/pontes-editores-home-2__trashed\/equilibrio-pessoal\/florescer-na-dor\/\" \/>\n<meta property=\"og:locale\" content=\"pt_BR\" \/>\n<meta property=\"og:type\" content=\"article\" \/>\n<meta property=\"og:title\" content=\"FLORESCER NA DOR - Pontes Editores\" \/>\n<meta property=\"og:description\" content=\"Pensamentos e atitudes definem a vida de uma pessoa. N\u00e3o importa em que circunst\u00e2ncias nos encontramos, a decis\u00e3o por lutar, agir positivamente, agradecer, pedir, rezar, meditar, tem parcela significativa na constru\u00e7\u00e3o, crescimento e cura pessoal, e quando se tem pessoas ao redor exercendo seus diferentes pap\u00e9is, mas na mesma sintonia, isso acontece de forma mais intensa.\" \/>\n<meta property=\"og:url\" content=\"https:\/\/ponteseditores.com.br\/loja3\/pontes-editores-home-2__trashed\/equilibrio-pessoal\/florescer-na-dor\/\" \/>\n<meta property=\"og:site_name\" content=\"Pontes Editores\" \/>\n<meta property=\"article:modified_time\" content=\"2023-12-15T15:13:12+00:00\" \/>\n<meta property=\"og:image\" content=\"https:\/\/ponteseditores.com.br\/loja3\/wp-content\/uploads\/2023\/12\/florescer-na-dor-capa-1-1.jpg\" \/>\n\t<meta property=\"og:image:width\" content=\"1728\" \/>\n\t<meta property=\"og:image:height\" content=\"2443\" \/>\n\t<meta property=\"og:image:type\" content=\"image\/jpeg\" \/>\n<meta name=\"twitter:card\" content=\"summary_large_image\" \/>\n<meta name=\"twitter:label1\" content=\"Est. tempo de leitura\" \/>\n\t<meta name=\"twitter:data1\" content=\"2 minutos\" \/>\n<script type=\"application\/ld+json\" class=\"yoast-schema-graph\">{\"@context\":\"https:\\\/\\\/schema.org\",\"@graph\":[{\"@type\":\"WebPage\",\"@id\":\"https:\\\/\\\/ponteseditores.com.br\\\/loja3\\\/pontes-editores-home-2__trashed\\\/equilibrio-pessoal\\\/florescer-na-dor\\\/\",\"url\":\"https:\\\/\\\/ponteseditores.com.br\\\/loja3\\\/pontes-editores-home-2__trashed\\\/equilibrio-pessoal\\\/florescer-na-dor\\\/\",\"name\":\"FLORESCER NA DOR - Pontes Editores\",\"isPartOf\":{\"@id\":\"https:\\\/\\\/ponteseditores.com.br\\\/loja3\\\/#website\"},\"primaryImageOfPage\":{\"@id\":\"https:\\\/\\\/ponteseditores.com.br\\\/loja3\\\/pontes-editores-home-2__trashed\\\/equilibrio-pessoal\\\/florescer-na-dor\\\/#primaryimage\"},\"image\":{\"@id\":\"https:\\\/\\\/ponteseditores.com.br\\\/loja3\\\/pontes-editores-home-2__trashed\\\/equilibrio-pessoal\\\/florescer-na-dor\\\/#primaryimage\"},\"thumbnailUrl\":\"https:\\\/\\\/ponteseditores.com.br\\\/loja3\\\/wp-content\\\/uploads\\\/2023\\\/12\\\/florescer-na-dor-capa-1-1.jpg\",\"datePublished\":\"2023-12-14T00:21:03+00:00\",\"dateModified\":\"2023-12-15T15:13:12+00:00\",\"breadcrumb\":{\"@id\":\"https:\\\/\\\/ponteseditores.com.br\\\/loja3\\\/pontes-editores-home-2__trashed\\\/equilibrio-pessoal\\\/florescer-na-dor\\\/#breadcrumb\"},\"inLanguage\":\"pt-BR\",\"potentialAction\":[{\"@type\":\"ReadAction\",\"target\":[\"https:\\\/\\\/ponteseditores.com.br\\\/loja3\\\/pontes-editores-home-2__trashed\\\/equilibrio-pessoal\\\/florescer-na-dor\\\/\"]}]},{\"@type\":\"ImageObject\",\"inLanguage\":\"pt-BR\",\"@id\":\"https:\\\/\\\/ponteseditores.com.br\\\/loja3\\\/pontes-editores-home-2__trashed\\\/equilibrio-pessoal\\\/florescer-na-dor\\\/#primaryimage\",\"url\":\"https:\\\/\\\/ponteseditores.com.br\\\/loja3\\\/wp-content\\\/uploads\\\/2023\\\/12\\\/florescer-na-dor-capa-1-1.jpg\",\"contentUrl\":\"https:\\\/\\\/ponteseditores.com.br\\\/loja3\\\/wp-content\\\/uploads\\\/2023\\\/12\\\/florescer-na-dor-capa-1-1.jpg\",\"width\":1728,\"height\":2443},{\"@type\":\"BreadcrumbList\",\"@id\":\"https:\\\/\\\/ponteseditores.com.br\\\/loja3\\\/pontes-editores-home-2__trashed\\\/equilibrio-pessoal\\\/florescer-na-dor\\\/#breadcrumb\",\"itemListElement\":[{\"@type\":\"ListItem\",\"position\":1,\"name\":\"Home\",\"item\":\"https:\\\/\\\/ponteseditores.com.br\\\/loja3\\\/\"},{\"@type\":\"ListItem\",\"position\":2,\"name\":\"loja\",\"item\":\"https:\\\/\\\/ponteseditores.com.br\\\/loja3\\\/loja\\\/\"},{\"@type\":\"ListItem\",\"position\":3,\"name\":\"FLORESCER NA DOR\"}]},{\"@type\":\"WebSite\",\"@id\":\"https:\\\/\\\/ponteseditores.com.br\\\/loja3\\\/#website\",\"url\":\"https:\\\/\\\/ponteseditores.com.br\\\/loja3\\\/\",\"name\":\"Pontes Editores\",\"description\":\"Pontes Editores\",\"publisher\":{\"@id\":\"https:\\\/\\\/ponteseditores.com.br\\\/loja3\\\/#organization\"},\"potentialAction\":[{\"@type\":\"SearchAction\",\"target\":{\"@type\":\"EntryPoint\",\"urlTemplate\":\"https:\\\/\\\/ponteseditores.com.br\\\/loja3\\\/?s={search_term_string}\"},\"query-input\":{\"@type\":\"PropertyValueSpecification\",\"valueRequired\":true,\"valueName\":\"search_term_string\"}}],\"inLanguage\":\"pt-BR\"},{\"@type\":\"Organization\",\"@id\":\"https:\\\/\\\/ponteseditores.com.br\\\/loja3\\\/#organization\",\"name\":\"Pontes Editores\",\"url\":\"https:\\\/\\\/ponteseditores.com.br\\\/loja3\\\/\",\"logo\":{\"@type\":\"ImageObject\",\"inLanguage\":\"pt-BR\",\"@id\":\"https:\\\/\\\/ponteseditores.com.br\\\/loja3\\\/#\\\/schema\\\/logo\\\/image\\\/\",\"url\":\"https:\\\/\\\/ponteseditores.com.br\\\/loja3\\\/wp-content\\\/uploads\\\/2023\\\/12\\\/logo-pontes-editores-v2.png\",\"contentUrl\":\"https:\\\/\\\/ponteseditores.com.br\\\/loja3\\\/wp-content\\\/uploads\\\/2023\\\/12\\\/logo-pontes-editores-v2.png\",\"width\":258,\"height\":100,\"caption\":\"Pontes Editores\"},\"image\":{\"@id\":\"https:\\\/\\\/ponteseditores.com.br\\\/loja3\\\/#\\\/schema\\\/logo\\\/image\\\/\"}}]}<\/script>\n<!-- \/ Yoast SEO plugin. -->","yoast_head_json":{"title":"FLORESCER NA DOR - Pontes Editores","robots":{"index":"index","follow":"follow","max-snippet":"max-snippet:-1","max-image-preview":"max-image-preview:large","max-video-preview":"max-video-preview:-1"},"canonical":"https:\/\/ponteseditores.com.br\/loja3\/pontes-editores-home-2__trashed\/equilibrio-pessoal\/florescer-na-dor\/","og_locale":"pt_BR","og_type":"article","og_title":"FLORESCER NA DOR - Pontes Editores","og_description":"Pensamentos e atitudes definem a vida de uma pessoa. N\u00e3o importa em que circunst\u00e2ncias nos encontramos, a decis\u00e3o por lutar, agir positivamente, agradecer, pedir, rezar, meditar, tem parcela significativa na constru\u00e7\u00e3o, crescimento e cura pessoal, e quando se tem pessoas ao redor exercendo seus diferentes pap\u00e9is, mas na mesma sintonia, isso acontece de forma mais intensa.","og_url":"https:\/\/ponteseditores.com.br\/loja3\/pontes-editores-home-2__trashed\/equilibrio-pessoal\/florescer-na-dor\/","og_site_name":"Pontes Editores","article_modified_time":"2023-12-15T15:13:12+00:00","og_image":[{"width":1728,"height":2443,"url":"https:\/\/ponteseditores.com.br\/loja3\/wp-content\/uploads\/2023\/12\/florescer-na-dor-capa-1-1.jpg","type":"image\/jpeg"}],"twitter_card":"summary_large_image","twitter_misc":{"Est. tempo de leitura":"2 minutos"},"schema":{"@context":"https:\/\/schema.org","@graph":[{"@type":"WebPage","@id":"https:\/\/ponteseditores.com.br\/loja3\/pontes-editores-home-2__trashed\/equilibrio-pessoal\/florescer-na-dor\/","url":"https:\/\/ponteseditores.com.br\/loja3\/pontes-editores-home-2__trashed\/equilibrio-pessoal\/florescer-na-dor\/","name":"FLORESCER NA DOR - Pontes Editores","isPartOf":{"@id":"https:\/\/ponteseditores.com.br\/loja3\/#website"},"primaryImageOfPage":{"@id":"https:\/\/ponteseditores.com.br\/loja3\/pontes-editores-home-2__trashed\/equilibrio-pessoal\/florescer-na-dor\/#primaryimage"},"image":{"@id":"https:\/\/ponteseditores.com.br\/loja3\/pontes-editores-home-2__trashed\/equilibrio-pessoal\/florescer-na-dor\/#primaryimage"},"thumbnailUrl":"https:\/\/ponteseditores.com.br\/loja3\/wp-content\/uploads\/2023\/12\/florescer-na-dor-capa-1-1.jpg","datePublished":"2023-12-14T00:21:03+00:00","dateModified":"2023-12-15T15:13:12+00:00","breadcrumb":{"@id":"https:\/\/ponteseditores.com.br\/loja3\/pontes-editores-home-2__trashed\/equilibrio-pessoal\/florescer-na-dor\/#breadcrumb"},"inLanguage":"pt-BR","potentialAction":[{"@type":"ReadAction","target":["https:\/\/ponteseditores.com.br\/loja3\/pontes-editores-home-2__trashed\/equilibrio-pessoal\/florescer-na-dor\/"]}]},{"@type":"ImageObject","inLanguage":"pt-BR","@id":"https:\/\/ponteseditores.com.br\/loja3\/pontes-editores-home-2__trashed\/equilibrio-pessoal\/florescer-na-dor\/#primaryimage","url":"https:\/\/ponteseditores.com.br\/loja3\/wp-content\/uploads\/2023\/12\/florescer-na-dor-capa-1-1.jpg","contentUrl":"https:\/\/ponteseditores.com.br\/loja3\/wp-content\/uploads\/2023\/12\/florescer-na-dor-capa-1-1.jpg","width":1728,"height":2443},{"@type":"BreadcrumbList","@id":"https:\/\/ponteseditores.com.br\/loja3\/pontes-editores-home-2__trashed\/equilibrio-pessoal\/florescer-na-dor\/#breadcrumb","itemListElement":[{"@type":"ListItem","position":1,"name":"Home","item":"https:\/\/ponteseditores.com.br\/loja3\/"},{"@type":"ListItem","position":2,"name":"loja","item":"https:\/\/ponteseditores.com.br\/loja3\/loja\/"},{"@type":"ListItem","position":3,"name":"FLORESCER NA DOR"}]},{"@type":"WebSite","@id":"https:\/\/ponteseditores.com.br\/loja3\/#website","url":"https:\/\/ponteseditores.com.br\/loja3\/","name":"Pontes Editores","description":"Pontes Editores","publisher":{"@id":"https:\/\/ponteseditores.com.br\/loja3\/#organization"},"potentialAction":[{"@type":"SearchAction","target":{"@type":"EntryPoint","urlTemplate":"https:\/\/ponteseditores.com.br\/loja3\/?s={search_term_string}"},"query-input":{"@type":"PropertyValueSpecification","valueRequired":true,"valueName":"search_term_string"}}],"inLanguage":"pt-BR"},{"@type":"Organization","@id":"https:\/\/ponteseditores.com.br\/loja3\/#organization","name":"Pontes Editores","url":"https:\/\/ponteseditores.com.br\/loja3\/","logo":{"@type":"ImageObject","inLanguage":"pt-BR","@id":"https:\/\/ponteseditores.com.br\/loja3\/#\/schema\/logo\/image\/","url":"https:\/\/ponteseditores.com.br\/loja3\/wp-content\/uploads\/2023\/12\/logo-pontes-editores-v2.png","contentUrl":"https:\/\/ponteseditores.com.br\/loja3\/wp-content\/uploads\/2023\/12\/logo-pontes-editores-v2.png","width":258,"height":100,"caption":"Pontes Editores"},"image":{"@id":"https:\/\/ponteseditores.com.br\/loja3\/#\/schema\/logo\/image\/"}}]}},"_links":{"self":[{"href":"https:\/\/ponteseditores.com.br\/loja3\/wp-json\/wp\/v2\/product\/7094","targetHints":{"allow":["GET"]}}],"collection":[{"href":"https:\/\/ponteseditores.com.br\/loja3\/wp-json\/wp\/v2\/product"}],"about":[{"href":"https:\/\/ponteseditores.com.br\/loja3\/wp-json\/wp\/v2\/types\/product"}],"replies":[{"embeddable":true,"href":"https:\/\/ponteseditores.com.br\/loja3\/wp-json\/wp\/v2\/comments?post=7094"}],"version-history":[{"count":0,"href":"https:\/\/ponteseditores.com.br\/loja3\/wp-json\/wp\/v2\/product\/7094\/revisions"}],"wp:featuredmedia":[{"embeddable":true,"href":"https:\/\/ponteseditores.com.br\/loja3\/wp-json\/wp\/v2\/media\/7055"}],"wp:attachment":[{"href":"https:\/\/ponteseditores.com.br\/loja3\/wp-json\/wp\/v2\/media?parent=7094"}],"wp:term":[{"taxonomy":"product_brand","embeddable":true,"href":"https:\/\/ponteseditores.com.br\/loja3\/wp-json\/wp\/v2\/product_brand?post=7094"},{"taxonomy":"product_cat","embeddable":true,"href":"https:\/\/ponteseditores.com.br\/loja3\/wp-json\/wp\/v2\/product_cat?post=7094"},{"taxonomy":"product_tag","embeddable":true,"href":"https:\/\/ponteseditores.com.br\/loja3\/wp-json\/wp\/v2\/product_tag?post=7094"}],"curies":[{"name":"wp","href":"https:\/\/api.w.org\/{rel}","templated":true}]}}