{"id":7086,"date":"2023-12-13T20:53:46","date_gmt":"2023-12-13T23:53:46","guid":{"rendered":"https:\/\/ponteseditores.com.br\/loja3\/?post_type=product&#038;p=7086"},"modified":"2023-12-15T12:13:13","modified_gmt":"2023-12-15T15:13:13","slug":"memorias-culturas-e-saberes","status":"publish","type":"product","link":"https:\/\/ponteseditores.com.br\/loja3\/pontes-editores-home-2__trashed\/linguagem\/memorias-culturas-e-saberes\/","title":{"rendered":"MEM\u00d3RIAS, CULTURAS E SABERES"},"content":{"rendered":"<p class=\"p1\">O livro consta de cap\u00edtulos humanizados, de linguagem simples e convidativa, com contribui\u00e7\u00f5es pessoais\/profissionais, fotos, conhecimentos acad\u00eamicos, hist\u00f3rias inspiradoras e de transforma\u00e7\u00e3o deixadas pelo professor em sua vida. Possui um formato interativo, moderno e jovial, agregado ao tecnol\u00f3gico, diferente de alguns modelos atuais que vemos na academia.<\/p>\n<p class=\"p1\">Trata-se de um repert\u00f3rio especial de hist\u00f3rias sobre o professor Di\u00f3genes C\u00e2ndido de Lima. Esperamos que os relatos aqui presentes o encham da alegria nost\u00e1lgica de relembrar da sua import\u00e2ncia nas vidas pessoal e profissional daqueles que o rodeiam. Por isso, o convidamos e convidamos tamb\u00e9m toda a comunidade acad\u00eamica a se divertirem conosco saudando sua exist\u00eancia e este momento t\u00e3o importante de sua vida.<\/p>\n<p class=\"p1\">La\u00eds Am\u00e9lia Silva Lobo e Sandra Sayuri Silva Shibasaki \/ \u201cEm minha trajet\u00f3ria acad\u00eamica, conheci poucos professores com a lideran\u00e7a cient\u00edfica, produtividade e comprometimento institucional de Di\u00f3genes C\u00e2ndido de Lima. Dito isso, pode-se pensar em um desses acad\u00eamicos sisudos, fan\u00e1ticos por prazos e documenta\u00e7\u00e3o burocr\u00e1tica volumosa: \u201cS\u00f3 que n\u00e3o\u201d.<\/p>\n<p class=\"p1\">O exemplo que nos deixa de respeito pela educa\u00e7\u00e3o p\u00fablica \u00e9 o seu maior legado. Espero que a gera\u00e7\u00e3o de alunos que se beneficiou com o seu exemplo de dedica\u00e7\u00e3o continue esse trabalho admir\u00e1vel e mantenha acesa a chama de verdadeiro amor pela forma\u00e7\u00e3o de professores e pesquisadores, ou seja, a sua luta intransigente pela educa\u00e7\u00e3o p\u00fablica de qualidade. Em um momento de incertezas como o que vivemos, em que surge uma perigosa ideologia obscurantista, valorizar o exemplo deixado pelo professor Dr.<\/p>\n<p class=\"p1\">Di\u00f3genes na defesa da ci\u00eancia e do conhecimento \u00e9 fundamental.\u201d Luciano Rodrigues Lima<\/p>\n","protected":false},"excerpt":{"rendered":"<h4 class=\"p1\">Homenagem a Di\u00f3genes C\u00e2ndido de Lima<\/h4>\n<p>O livro consta de cap\u00edtulos humanizados, de linguagem simples e convidativa, com contribui\u00e7\u00f5es pessoais\/profissionais, fotos, conhecimentos acad\u00eamicos, hist\u00f3rias inspiradoras e de transforma\u00e7\u00e3o deixadas pelo professor em sua vida. Possui um formato interativo, moderno e jovial, agregado ao tecnol\u00f3gico, diferente de alguns modelos atuais que vemos na academia.<\/p>\n","protected":false},"featured_media":7062,"comment_status":"open","ping_status":"closed","template":"","meta":{"_joinchat":[]},"product_brand":[],"product_cat":[59,53,54],"product_tag":[],"class_list":{"0":"post-7086","1":"product","2":"type-product","3":"status-publish","4":"has-post-thumbnail","6":"product_cat-didatica","7":"product_cat-linguagem","8":"product_cat-linguas","9":"product_shipping_class-livro-pontes-editores-fisico","11":"first","12":"instock","13":"shipping-taxable","14":"purchasable","15":"product-type-simple"},"yoast_head":"<!-- This site is optimized with the Yoast SEO plugin v27.4 - https:\/\/yoast.com\/product\/yoast-seo-wordpress\/ -->\n<title>MEM\u00d3RIAS, CULTURAS E SABERES - Pontes Editores<\/title>\n<meta name=\"robots\" content=\"index, follow, max-snippet:-1, max-image-preview:large, max-video-preview:-1\" \/>\n<link rel=\"canonical\" href=\"https:\/\/ponteseditores.com.br\/loja3\/pontes-editores-home-2__trashed\/linguagem\/memorias-culturas-e-saberes\/\" \/>\n<meta property=\"og:locale\" content=\"pt_BR\" \/>\n<meta property=\"og:type\" content=\"article\" \/>\n<meta property=\"og:title\" content=\"MEM\u00d3RIAS, CULTURAS E SABERES - Pontes Editores\" \/>\n<meta property=\"og:description\" content=\"Homenagem a Di\u00f3genes C\u00e2ndido de Lima O livro consta de cap\u00edtulos humanizados, de linguagem simples e convidativa, com contribui\u00e7\u00f5es pessoais\/profissionais, fotos, conhecimentos acad\u00eamicos, hist\u00f3rias inspiradoras e de transforma\u00e7\u00e3o deixadas pelo professor em sua vida. Possui um formato interativo, moderno e jovial, agregado ao tecnol\u00f3gico, diferente de alguns modelos atuais que vemos na academia.\" \/>\n<meta property=\"og:url\" content=\"https:\/\/ponteseditores.com.br\/loja3\/pontes-editores-home-2__trashed\/linguagem\/memorias-culturas-e-saberes\/\" \/>\n<meta property=\"og:site_name\" content=\"Pontes Editores\" \/>\n<meta property=\"article:modified_time\" content=\"2023-12-15T15:13:13+00:00\" \/>\n<meta property=\"og:image\" content=\"https:\/\/ponteseditores.com.br\/loja3\/wp-content\/uploads\/2023\/12\/memorias-culturas-e-saberes-capa-1-1.jpg\" \/>\n\t<meta property=\"og:image:width\" content=\"1728\" \/>\n\t<meta property=\"og:image:height\" content=\"2443\" \/>\n\t<meta property=\"og:image:type\" content=\"image\/jpeg\" \/>\n<meta name=\"twitter:card\" content=\"summary_large_image\" \/>\n<meta name=\"twitter:label1\" content=\"Est. tempo de leitura\" \/>\n\t<meta name=\"twitter:data1\" content=\"2 minutos\" \/>\n<script type=\"application\/ld+json\" class=\"yoast-schema-graph\">{\"@context\":\"https:\\\/\\\/schema.org\",\"@graph\":[{\"@type\":\"WebPage\",\"@id\":\"https:\\\/\\\/ponteseditores.com.br\\\/loja3\\\/pontes-editores-home-2__trashed\\\/linguagem\\\/memorias-culturas-e-saberes\\\/\",\"url\":\"https:\\\/\\\/ponteseditores.com.br\\\/loja3\\\/pontes-editores-home-2__trashed\\\/linguagem\\\/memorias-culturas-e-saberes\\\/\",\"name\":\"MEM\u00d3RIAS, CULTURAS E SABERES - Pontes Editores\",\"isPartOf\":{\"@id\":\"https:\\\/\\\/ponteseditores.com.br\\\/loja3\\\/#website\"},\"primaryImageOfPage\":{\"@id\":\"https:\\\/\\\/ponteseditores.com.br\\\/loja3\\\/pontes-editores-home-2__trashed\\\/linguagem\\\/memorias-culturas-e-saberes\\\/#primaryimage\"},\"image\":{\"@id\":\"https:\\\/\\\/ponteseditores.com.br\\\/loja3\\\/pontes-editores-home-2__trashed\\\/linguagem\\\/memorias-culturas-e-saberes\\\/#primaryimage\"},\"thumbnailUrl\":\"https:\\\/\\\/ponteseditores.com.br\\\/loja3\\\/wp-content\\\/uploads\\\/2023\\\/12\\\/memorias-culturas-e-saberes-capa-1-1.jpg\",\"datePublished\":\"2023-12-13T23:53:46+00:00\",\"dateModified\":\"2023-12-15T15:13:13+00:00\",\"breadcrumb\":{\"@id\":\"https:\\\/\\\/ponteseditores.com.br\\\/loja3\\\/pontes-editores-home-2__trashed\\\/linguagem\\\/memorias-culturas-e-saberes\\\/#breadcrumb\"},\"inLanguage\":\"pt-BR\",\"potentialAction\":[{\"@type\":\"ReadAction\",\"target\":[\"https:\\\/\\\/ponteseditores.com.br\\\/loja3\\\/pontes-editores-home-2__trashed\\\/linguagem\\\/memorias-culturas-e-saberes\\\/\"]}]},{\"@type\":\"ImageObject\",\"inLanguage\":\"pt-BR\",\"@id\":\"https:\\\/\\\/ponteseditores.com.br\\\/loja3\\\/pontes-editores-home-2__trashed\\\/linguagem\\\/memorias-culturas-e-saberes\\\/#primaryimage\",\"url\":\"https:\\\/\\\/ponteseditores.com.br\\\/loja3\\\/wp-content\\\/uploads\\\/2023\\\/12\\\/memorias-culturas-e-saberes-capa-1-1.jpg\",\"contentUrl\":\"https:\\\/\\\/ponteseditores.com.br\\\/loja3\\\/wp-content\\\/uploads\\\/2023\\\/12\\\/memorias-culturas-e-saberes-capa-1-1.jpg\",\"width\":1728,\"height\":2443},{\"@type\":\"BreadcrumbList\",\"@id\":\"https:\\\/\\\/ponteseditores.com.br\\\/loja3\\\/pontes-editores-home-2__trashed\\\/linguagem\\\/memorias-culturas-e-saberes\\\/#breadcrumb\",\"itemListElement\":[{\"@type\":\"ListItem\",\"position\":1,\"name\":\"Home\",\"item\":\"https:\\\/\\\/ponteseditores.com.br\\\/loja3\\\/\"},{\"@type\":\"ListItem\",\"position\":2,\"name\":\"loja\",\"item\":\"https:\\\/\\\/ponteseditores.com.br\\\/loja3\\\/loja\\\/\"},{\"@type\":\"ListItem\",\"position\":3,\"name\":\"MEM\u00d3RIAS, CULTURAS E SABERES\"}]},{\"@type\":\"WebSite\",\"@id\":\"https:\\\/\\\/ponteseditores.com.br\\\/loja3\\\/#website\",\"url\":\"https:\\\/\\\/ponteseditores.com.br\\\/loja3\\\/\",\"name\":\"Pontes Editores\",\"description\":\"Pontes Editores\",\"publisher\":{\"@id\":\"https:\\\/\\\/ponteseditores.com.br\\\/loja3\\\/#organization\"},\"potentialAction\":[{\"@type\":\"SearchAction\",\"target\":{\"@type\":\"EntryPoint\",\"urlTemplate\":\"https:\\\/\\\/ponteseditores.com.br\\\/loja3\\\/?s={search_term_string}\"},\"query-input\":{\"@type\":\"PropertyValueSpecification\",\"valueRequired\":true,\"valueName\":\"search_term_string\"}}],\"inLanguage\":\"pt-BR\"},{\"@type\":\"Organization\",\"@id\":\"https:\\\/\\\/ponteseditores.com.br\\\/loja3\\\/#organization\",\"name\":\"Pontes Editores\",\"url\":\"https:\\\/\\\/ponteseditores.com.br\\\/loja3\\\/\",\"logo\":{\"@type\":\"ImageObject\",\"inLanguage\":\"pt-BR\",\"@id\":\"https:\\\/\\\/ponteseditores.com.br\\\/loja3\\\/#\\\/schema\\\/logo\\\/image\\\/\",\"url\":\"https:\\\/\\\/ponteseditores.com.br\\\/loja3\\\/wp-content\\\/uploads\\\/2023\\\/12\\\/logo-pontes-editores-v2.png\",\"contentUrl\":\"https:\\\/\\\/ponteseditores.com.br\\\/loja3\\\/wp-content\\\/uploads\\\/2023\\\/12\\\/logo-pontes-editores-v2.png\",\"width\":258,\"height\":100,\"caption\":\"Pontes Editores\"},\"image\":{\"@id\":\"https:\\\/\\\/ponteseditores.com.br\\\/loja3\\\/#\\\/schema\\\/logo\\\/image\\\/\"}}]}<\/script>\n<!-- \/ Yoast SEO plugin. -->","yoast_head_json":{"title":"MEM\u00d3RIAS, CULTURAS E SABERES - Pontes Editores","robots":{"index":"index","follow":"follow","max-snippet":"max-snippet:-1","max-image-preview":"max-image-preview:large","max-video-preview":"max-video-preview:-1"},"canonical":"https:\/\/ponteseditores.com.br\/loja3\/pontes-editores-home-2__trashed\/linguagem\/memorias-culturas-e-saberes\/","og_locale":"pt_BR","og_type":"article","og_title":"MEM\u00d3RIAS, CULTURAS E SABERES - Pontes Editores","og_description":"Homenagem a Di\u00f3genes C\u00e2ndido de Lima O livro consta de cap\u00edtulos humanizados, de linguagem simples e convidativa, com contribui\u00e7\u00f5es pessoais\/profissionais, fotos, conhecimentos acad\u00eamicos, hist\u00f3rias inspiradoras e de transforma\u00e7\u00e3o deixadas pelo professor em sua vida. Possui um formato interativo, moderno e jovial, agregado ao tecnol\u00f3gico, diferente de alguns modelos atuais que vemos na academia.","og_url":"https:\/\/ponteseditores.com.br\/loja3\/pontes-editores-home-2__trashed\/linguagem\/memorias-culturas-e-saberes\/","og_site_name":"Pontes Editores","article_modified_time":"2023-12-15T15:13:13+00:00","og_image":[{"width":1728,"height":2443,"url":"https:\/\/ponteseditores.com.br\/loja3\/wp-content\/uploads\/2023\/12\/memorias-culturas-e-saberes-capa-1-1.jpg","type":"image\/jpeg"}],"twitter_card":"summary_large_image","twitter_misc":{"Est. tempo de leitura":"2 minutos"},"schema":{"@context":"https:\/\/schema.org","@graph":[{"@type":"WebPage","@id":"https:\/\/ponteseditores.com.br\/loja3\/pontes-editores-home-2__trashed\/linguagem\/memorias-culturas-e-saberes\/","url":"https:\/\/ponteseditores.com.br\/loja3\/pontes-editores-home-2__trashed\/linguagem\/memorias-culturas-e-saberes\/","name":"MEM\u00d3RIAS, CULTURAS E SABERES - Pontes Editores","isPartOf":{"@id":"https:\/\/ponteseditores.com.br\/loja3\/#website"},"primaryImageOfPage":{"@id":"https:\/\/ponteseditores.com.br\/loja3\/pontes-editores-home-2__trashed\/linguagem\/memorias-culturas-e-saberes\/#primaryimage"},"image":{"@id":"https:\/\/ponteseditores.com.br\/loja3\/pontes-editores-home-2__trashed\/linguagem\/memorias-culturas-e-saberes\/#primaryimage"},"thumbnailUrl":"https:\/\/ponteseditores.com.br\/loja3\/wp-content\/uploads\/2023\/12\/memorias-culturas-e-saberes-capa-1-1.jpg","datePublished":"2023-12-13T23:53:46+00:00","dateModified":"2023-12-15T15:13:13+00:00","breadcrumb":{"@id":"https:\/\/ponteseditores.com.br\/loja3\/pontes-editores-home-2__trashed\/linguagem\/memorias-culturas-e-saberes\/#breadcrumb"},"inLanguage":"pt-BR","potentialAction":[{"@type":"ReadAction","target":["https:\/\/ponteseditores.com.br\/loja3\/pontes-editores-home-2__trashed\/linguagem\/memorias-culturas-e-saberes\/"]}]},{"@type":"ImageObject","inLanguage":"pt-BR","@id":"https:\/\/ponteseditores.com.br\/loja3\/pontes-editores-home-2__trashed\/linguagem\/memorias-culturas-e-saberes\/#primaryimage","url":"https:\/\/ponteseditores.com.br\/loja3\/wp-content\/uploads\/2023\/12\/memorias-culturas-e-saberes-capa-1-1.jpg","contentUrl":"https:\/\/ponteseditores.com.br\/loja3\/wp-content\/uploads\/2023\/12\/memorias-culturas-e-saberes-capa-1-1.jpg","width":1728,"height":2443},{"@type":"BreadcrumbList","@id":"https:\/\/ponteseditores.com.br\/loja3\/pontes-editores-home-2__trashed\/linguagem\/memorias-culturas-e-saberes\/#breadcrumb","itemListElement":[{"@type":"ListItem","position":1,"name":"Home","item":"https:\/\/ponteseditores.com.br\/loja3\/"},{"@type":"ListItem","position":2,"name":"loja","item":"https:\/\/ponteseditores.com.br\/loja3\/loja\/"},{"@type":"ListItem","position":3,"name":"MEM\u00d3RIAS, CULTURAS E SABERES"}]},{"@type":"WebSite","@id":"https:\/\/ponteseditores.com.br\/loja3\/#website","url":"https:\/\/ponteseditores.com.br\/loja3\/","name":"Pontes Editores","description":"Pontes Editores","publisher":{"@id":"https:\/\/ponteseditores.com.br\/loja3\/#organization"},"potentialAction":[{"@type":"SearchAction","target":{"@type":"EntryPoint","urlTemplate":"https:\/\/ponteseditores.com.br\/loja3\/?s={search_term_string}"},"query-input":{"@type":"PropertyValueSpecification","valueRequired":true,"valueName":"search_term_string"}}],"inLanguage":"pt-BR"},{"@type":"Organization","@id":"https:\/\/ponteseditores.com.br\/loja3\/#organization","name":"Pontes Editores","url":"https:\/\/ponteseditores.com.br\/loja3\/","logo":{"@type":"ImageObject","inLanguage":"pt-BR","@id":"https:\/\/ponteseditores.com.br\/loja3\/#\/schema\/logo\/image\/","url":"https:\/\/ponteseditores.com.br\/loja3\/wp-content\/uploads\/2023\/12\/logo-pontes-editores-v2.png","contentUrl":"https:\/\/ponteseditores.com.br\/loja3\/wp-content\/uploads\/2023\/12\/logo-pontes-editores-v2.png","width":258,"height":100,"caption":"Pontes Editores"},"image":{"@id":"https:\/\/ponteseditores.com.br\/loja3\/#\/schema\/logo\/image\/"}}]}},"_links":{"self":[{"href":"https:\/\/ponteseditores.com.br\/loja3\/wp-json\/wp\/v2\/product\/7086","targetHints":{"allow":["GET"]}}],"collection":[{"href":"https:\/\/ponteseditores.com.br\/loja3\/wp-json\/wp\/v2\/product"}],"about":[{"href":"https:\/\/ponteseditores.com.br\/loja3\/wp-json\/wp\/v2\/types\/product"}],"replies":[{"embeddable":true,"href":"https:\/\/ponteseditores.com.br\/loja3\/wp-json\/wp\/v2\/comments?post=7086"}],"version-history":[{"count":0,"href":"https:\/\/ponteseditores.com.br\/loja3\/wp-json\/wp\/v2\/product\/7086\/revisions"}],"wp:featuredmedia":[{"embeddable":true,"href":"https:\/\/ponteseditores.com.br\/loja3\/wp-json\/wp\/v2\/media\/7062"}],"wp:attachment":[{"href":"https:\/\/ponteseditores.com.br\/loja3\/wp-json\/wp\/v2\/media?parent=7086"}],"wp:term":[{"taxonomy":"product_brand","embeddable":true,"href":"https:\/\/ponteseditores.com.br\/loja3\/wp-json\/wp\/v2\/product_brand?post=7086"},{"taxonomy":"product_cat","embeddable":true,"href":"https:\/\/ponteseditores.com.br\/loja3\/wp-json\/wp\/v2\/product_cat?post=7086"},{"taxonomy":"product_tag","embeddable":true,"href":"https:\/\/ponteseditores.com.br\/loja3\/wp-json\/wp\/v2\/product_tag?post=7086"}],"curies":[{"name":"wp","href":"https:\/\/api.w.org\/{rel}","templated":true}]}}