{"id":7032,"date":"2023-12-13T18:33:18","date_gmt":"2023-12-13T21:33:18","guid":{"rendered":"https:\/\/ponteseditores.com.br\/loja3\/?post_type=product&#038;p=7032"},"modified":"2026-04-06T13:00:14","modified_gmt":"2026-04-06T16:00:14","slug":"ensino-de-gramatica-reflexoes-sobre-a-semantica-do-portugues-brasileiro","status":"publish","type":"product","link":"https:\/\/ponteseditores.com.br\/loja3\/pontes-editores-home-2__trashed\/linguistica\/ensino-de-gramatica-reflexoes-sobre-a-semantica-do-portugues-brasileiro\/","title":{"rendered":"Ensino de gram\u00e1tica: reflex\u00f5es sobre a sem\u00e2ntica do portugu\u00eas brasileiro"},"content":{"rendered":"<p>Este material enfoca o papel da Lingu\u00edstica, em particular, da Sem\u00e2ntica Gramatical para o ensino de l\u00edngua portuguesa na Educa\u00e7\u00e3o B\u00e1sica. Seu objetivo \u00e9 demonstrar como os conhecimentos mais atuais sobre a sem\u00e2ntica da l\u00edngua portuguesa podem ser traduzidos para o ensino de gram\u00e1tica na escola.<\/p>\n<p>Ele funciona como elo entre a Educa\u00e7\u00e3o B\u00e1sica e a Educa\u00e7\u00e3o Superior de forma que o conhecimento cient\u00edfico produzido nas universidades fique ao alcance do professor e, assim, possa contribuir para tornar a sua pr\u00e1tica na escola mais atual, cient\u00edfica e, consequentemente, mais interessante e produtiva. A inten\u00e7\u00e3o aqui n\u00e3o \u00e9 apresentar modelos prontos de como aplicar o conhecimento lingu\u00edstico ao ensino de l\u00edngua materna, mas apresentar formas poss\u00edveis de realiza\u00e7\u00e3o de pr\u00e1ticas dessa natureza e fazer com que o leitor perceba que lidar com esse modelo de an\u00e1lise lingu\u00edstica n\u00e3o \u00e9 dif\u00edcil.<\/p>\n<p>Trata-se de um material destinado principalmente a graduados e graduandos de cursos de Letras interessados no ensino de l\u00edngua portuguesa na Educa\u00e7\u00e3o B\u00e1sica e editores e escritores de materiais did\u00e1ticos de l\u00edngua portuguesa para a Educa\u00e7\u00e3o B\u00e1sica.<\/p>\n","protected":false},"excerpt":{"rendered":"<p>Este material enfoca o papel da Lingu\u00edstica, em particular, da Sem\u00e2ntica Gramatical para o ensino de l\u00edngua portuguesa na Educa\u00e7\u00e3o B\u00e1sica. Seu objetivo \u00e9 demonstrar como os conhecimentos mais atuais sobre a sem\u00e2ntica da l\u00edngua portuguesa podem ser traduzidos para o ensino de gram\u00e1tica na escola. Ele funciona como elo entre a Educa\u00e7\u00e3o B\u00e1sica e [&hellip;]<\/p>\n","protected":false},"featured_media":7049,"comment_status":"open","ping_status":"closed","template":"","meta":{"_joinchat":[]},"product_brand":[],"product_cat":[165,97,288,923,31],"product_tag":[],"class_list":{"0":"post-7032","1":"product","2":"type-product","3":"status-publish","4":"has-post-thumbnail","6":"product_cat-ebook","7":"product_cat-educacao","8":"product_cat-ensino-e-aprendizagem","9":"product_cat-gramatica","10":"product_cat-linguistica","11":"product_shipping_class-download","13":"first","14":"instock","15":"downloadable","16":"virtual","17":"purchasable","18":"product-type-simple"},"yoast_head":"<!-- This site is optimized with the Yoast SEO plugin v27.4 - https:\/\/yoast.com\/product\/yoast-seo-wordpress\/ -->\n<title>Ensino de gram\u00e1tica: reflex\u00f5es sobre a sem\u00e2ntica do portugu\u00eas brasileiro - Pontes Editores<\/title>\n<meta name=\"robots\" content=\"index, follow, max-snippet:-1, max-image-preview:large, max-video-preview:-1\" \/>\n<link rel=\"canonical\" href=\"https:\/\/ponteseditores.com.br\/loja3\/pontes-editores-home-2__trashed\/linguistica\/ensino-de-gramatica-reflexoes-sobre-a-semantica-do-portugues-brasileiro\/\" \/>\n<meta property=\"og:locale\" content=\"pt_BR\" \/>\n<meta property=\"og:type\" content=\"article\" \/>\n<meta property=\"og:title\" content=\"Ensino de gram\u00e1tica: reflex\u00f5es sobre a sem\u00e2ntica do portugu\u00eas brasileiro - Pontes Editores\" \/>\n<meta property=\"og:description\" content=\"Este material enfoca o papel da Lingu\u00edstica, em particular, da Sem\u00e2ntica Gramatical para o ensino de l\u00edngua portuguesa na Educa\u00e7\u00e3o B\u00e1sica. Seu objetivo \u00e9 demonstrar como os conhecimentos mais atuais sobre a sem\u00e2ntica da l\u00edngua portuguesa podem ser traduzidos para o ensino de gram\u00e1tica na escola. Ele funciona como elo entre a Educa\u00e7\u00e3o B\u00e1sica e [&hellip;]\" \/>\n<meta property=\"og:url\" content=\"https:\/\/ponteseditores.com.br\/loja3\/pontes-editores-home-2__trashed\/linguistica\/ensino-de-gramatica-reflexoes-sobre-a-semantica-do-portugues-brasileiro\/\" \/>\n<meta property=\"og:site_name\" content=\"Pontes Editores\" \/>\n<meta property=\"article:modified_time\" content=\"2026-04-06T16:00:14+00:00\" \/>\n<meta property=\"og:image\" content=\"https:\/\/ponteseditores.com.br\/loja3\/wp-content\/uploads\/2023\/12\/Capa_Ensino_Gramatica_.jpg\" \/>\n\t<meta property=\"og:image:width\" content=\"1728\" \/>\n\t<meta property=\"og:image:height\" content=\"2443\" \/>\n\t<meta property=\"og:image:type\" content=\"image\/jpeg\" \/>\n<meta name=\"twitter:card\" content=\"summary_large_image\" \/>\n<meta name=\"twitter:label1\" content=\"Est. tempo de leitura\" \/>\n\t<meta name=\"twitter:data1\" content=\"2 minutos\" \/>\n<script type=\"application\/ld+json\" class=\"yoast-schema-graph\">{\"@context\":\"https:\\\/\\\/schema.org\",\"@graph\":[{\"@type\":\"WebPage\",\"@id\":\"https:\\\/\\\/ponteseditores.com.br\\\/loja3\\\/pontes-editores-home-2__trashed\\\/linguistica\\\/ensino-de-gramatica-reflexoes-sobre-a-semantica-do-portugues-brasileiro\\\/\",\"url\":\"https:\\\/\\\/ponteseditores.com.br\\\/loja3\\\/pontes-editores-home-2__trashed\\\/linguistica\\\/ensino-de-gramatica-reflexoes-sobre-a-semantica-do-portugues-brasileiro\\\/\",\"name\":\"Ensino de gram\u00e1tica: reflex\u00f5es sobre a sem\u00e2ntica do portugu\u00eas brasileiro - Pontes Editores\",\"isPartOf\":{\"@id\":\"https:\\\/\\\/ponteseditores.com.br\\\/loja3\\\/#website\"},\"primaryImageOfPage\":{\"@id\":\"https:\\\/\\\/ponteseditores.com.br\\\/loja3\\\/pontes-editores-home-2__trashed\\\/linguistica\\\/ensino-de-gramatica-reflexoes-sobre-a-semantica-do-portugues-brasileiro\\\/#primaryimage\"},\"image\":{\"@id\":\"https:\\\/\\\/ponteseditores.com.br\\\/loja3\\\/pontes-editores-home-2__trashed\\\/linguistica\\\/ensino-de-gramatica-reflexoes-sobre-a-semantica-do-portugues-brasileiro\\\/#primaryimage\"},\"thumbnailUrl\":\"https:\\\/\\\/ponteseditores.com.br\\\/loja3\\\/wp-content\\\/uploads\\\/2023\\\/12\\\/Capa_Ensino_Gramatica_.jpg\",\"datePublished\":\"2023-12-13T21:33:18+00:00\",\"dateModified\":\"2026-04-06T16:00:14+00:00\",\"breadcrumb\":{\"@id\":\"https:\\\/\\\/ponteseditores.com.br\\\/loja3\\\/pontes-editores-home-2__trashed\\\/linguistica\\\/ensino-de-gramatica-reflexoes-sobre-a-semantica-do-portugues-brasileiro\\\/#breadcrumb\"},\"inLanguage\":\"pt-BR\",\"potentialAction\":[{\"@type\":\"ReadAction\",\"target\":[\"https:\\\/\\\/ponteseditores.com.br\\\/loja3\\\/pontes-editores-home-2__trashed\\\/linguistica\\\/ensino-de-gramatica-reflexoes-sobre-a-semantica-do-portugues-brasileiro\\\/\"]}]},{\"@type\":\"ImageObject\",\"inLanguage\":\"pt-BR\",\"@id\":\"https:\\\/\\\/ponteseditores.com.br\\\/loja3\\\/pontes-editores-home-2__trashed\\\/linguistica\\\/ensino-de-gramatica-reflexoes-sobre-a-semantica-do-portugues-brasileiro\\\/#primaryimage\",\"url\":\"https:\\\/\\\/ponteseditores.com.br\\\/loja3\\\/wp-content\\\/uploads\\\/2023\\\/12\\\/Capa_Ensino_Gramatica_.jpg\",\"contentUrl\":\"https:\\\/\\\/ponteseditores.com.br\\\/loja3\\\/wp-content\\\/uploads\\\/2023\\\/12\\\/Capa_Ensino_Gramatica_.jpg\",\"width\":1728,\"height\":2443},{\"@type\":\"BreadcrumbList\",\"@id\":\"https:\\\/\\\/ponteseditores.com.br\\\/loja3\\\/pontes-editores-home-2__trashed\\\/linguistica\\\/ensino-de-gramatica-reflexoes-sobre-a-semantica-do-portugues-brasileiro\\\/#breadcrumb\",\"itemListElement\":[{\"@type\":\"ListItem\",\"position\":1,\"name\":\"Home\",\"item\":\"https:\\\/\\\/ponteseditores.com.br\\\/loja3\\\/\"},{\"@type\":\"ListItem\",\"position\":2,\"name\":\"loja\",\"item\":\"https:\\\/\\\/ponteseditores.com.br\\\/loja3\\\/loja\\\/\"},{\"@type\":\"ListItem\",\"position\":3,\"name\":\"Ensino de gram\u00e1tica: reflex\u00f5es sobre a sem\u00e2ntica do portugu\u00eas brasileiro\"}]},{\"@type\":\"WebSite\",\"@id\":\"https:\\\/\\\/ponteseditores.com.br\\\/loja3\\\/#website\",\"url\":\"https:\\\/\\\/ponteseditores.com.br\\\/loja3\\\/\",\"name\":\"Pontes Editores\",\"description\":\"Pontes Editores\",\"publisher\":{\"@id\":\"https:\\\/\\\/ponteseditores.com.br\\\/loja3\\\/#organization\"},\"potentialAction\":[{\"@type\":\"SearchAction\",\"target\":{\"@type\":\"EntryPoint\",\"urlTemplate\":\"https:\\\/\\\/ponteseditores.com.br\\\/loja3\\\/?s={search_term_string}\"},\"query-input\":{\"@type\":\"PropertyValueSpecification\",\"valueRequired\":true,\"valueName\":\"search_term_string\"}}],\"inLanguage\":\"pt-BR\"},{\"@type\":\"Organization\",\"@id\":\"https:\\\/\\\/ponteseditores.com.br\\\/loja3\\\/#organization\",\"name\":\"Pontes Editores\",\"url\":\"https:\\\/\\\/ponteseditores.com.br\\\/loja3\\\/\",\"logo\":{\"@type\":\"ImageObject\",\"inLanguage\":\"pt-BR\",\"@id\":\"https:\\\/\\\/ponteseditores.com.br\\\/loja3\\\/#\\\/schema\\\/logo\\\/image\\\/\",\"url\":\"https:\\\/\\\/ponteseditores.com.br\\\/loja3\\\/wp-content\\\/uploads\\\/2023\\\/12\\\/logo-pontes-editores-v2.png\",\"contentUrl\":\"https:\\\/\\\/ponteseditores.com.br\\\/loja3\\\/wp-content\\\/uploads\\\/2023\\\/12\\\/logo-pontes-editores-v2.png\",\"width\":258,\"height\":100,\"caption\":\"Pontes Editores\"},\"image\":{\"@id\":\"https:\\\/\\\/ponteseditores.com.br\\\/loja3\\\/#\\\/schema\\\/logo\\\/image\\\/\"}}]}<\/script>\n<!-- \/ Yoast SEO plugin. -->","yoast_head_json":{"title":"Ensino de gram\u00e1tica: reflex\u00f5es sobre a sem\u00e2ntica do portugu\u00eas brasileiro - Pontes Editores","robots":{"index":"index","follow":"follow","max-snippet":"max-snippet:-1","max-image-preview":"max-image-preview:large","max-video-preview":"max-video-preview:-1"},"canonical":"https:\/\/ponteseditores.com.br\/loja3\/pontes-editores-home-2__trashed\/linguistica\/ensino-de-gramatica-reflexoes-sobre-a-semantica-do-portugues-brasileiro\/","og_locale":"pt_BR","og_type":"article","og_title":"Ensino de gram\u00e1tica: reflex\u00f5es sobre a sem\u00e2ntica do portugu\u00eas brasileiro - Pontes Editores","og_description":"Este material enfoca o papel da Lingu\u00edstica, em particular, da Sem\u00e2ntica Gramatical para o ensino de l\u00edngua portuguesa na Educa\u00e7\u00e3o B\u00e1sica. Seu objetivo \u00e9 demonstrar como os conhecimentos mais atuais sobre a sem\u00e2ntica da l\u00edngua portuguesa podem ser traduzidos para o ensino de gram\u00e1tica na escola. Ele funciona como elo entre a Educa\u00e7\u00e3o B\u00e1sica e [&hellip;]","og_url":"https:\/\/ponteseditores.com.br\/loja3\/pontes-editores-home-2__trashed\/linguistica\/ensino-de-gramatica-reflexoes-sobre-a-semantica-do-portugues-brasileiro\/","og_site_name":"Pontes Editores","article_modified_time":"2026-04-06T16:00:14+00:00","og_image":[{"width":1728,"height":2443,"url":"https:\/\/ponteseditores.com.br\/loja3\/wp-content\/uploads\/2023\/12\/Capa_Ensino_Gramatica_.jpg","type":"image\/jpeg"}],"twitter_card":"summary_large_image","twitter_misc":{"Est. tempo de leitura":"2 minutos"},"schema":{"@context":"https:\/\/schema.org","@graph":[{"@type":"WebPage","@id":"https:\/\/ponteseditores.com.br\/loja3\/pontes-editores-home-2__trashed\/linguistica\/ensino-de-gramatica-reflexoes-sobre-a-semantica-do-portugues-brasileiro\/","url":"https:\/\/ponteseditores.com.br\/loja3\/pontes-editores-home-2__trashed\/linguistica\/ensino-de-gramatica-reflexoes-sobre-a-semantica-do-portugues-brasileiro\/","name":"Ensino de gram\u00e1tica: reflex\u00f5es sobre a sem\u00e2ntica do portugu\u00eas brasileiro - Pontes Editores","isPartOf":{"@id":"https:\/\/ponteseditores.com.br\/loja3\/#website"},"primaryImageOfPage":{"@id":"https:\/\/ponteseditores.com.br\/loja3\/pontes-editores-home-2__trashed\/linguistica\/ensino-de-gramatica-reflexoes-sobre-a-semantica-do-portugues-brasileiro\/#primaryimage"},"image":{"@id":"https:\/\/ponteseditores.com.br\/loja3\/pontes-editores-home-2__trashed\/linguistica\/ensino-de-gramatica-reflexoes-sobre-a-semantica-do-portugues-brasileiro\/#primaryimage"},"thumbnailUrl":"https:\/\/ponteseditores.com.br\/loja3\/wp-content\/uploads\/2023\/12\/Capa_Ensino_Gramatica_.jpg","datePublished":"2023-12-13T21:33:18+00:00","dateModified":"2026-04-06T16:00:14+00:00","breadcrumb":{"@id":"https:\/\/ponteseditores.com.br\/loja3\/pontes-editores-home-2__trashed\/linguistica\/ensino-de-gramatica-reflexoes-sobre-a-semantica-do-portugues-brasileiro\/#breadcrumb"},"inLanguage":"pt-BR","potentialAction":[{"@type":"ReadAction","target":["https:\/\/ponteseditores.com.br\/loja3\/pontes-editores-home-2__trashed\/linguistica\/ensino-de-gramatica-reflexoes-sobre-a-semantica-do-portugues-brasileiro\/"]}]},{"@type":"ImageObject","inLanguage":"pt-BR","@id":"https:\/\/ponteseditores.com.br\/loja3\/pontes-editores-home-2__trashed\/linguistica\/ensino-de-gramatica-reflexoes-sobre-a-semantica-do-portugues-brasileiro\/#primaryimage","url":"https:\/\/ponteseditores.com.br\/loja3\/wp-content\/uploads\/2023\/12\/Capa_Ensino_Gramatica_.jpg","contentUrl":"https:\/\/ponteseditores.com.br\/loja3\/wp-content\/uploads\/2023\/12\/Capa_Ensino_Gramatica_.jpg","width":1728,"height":2443},{"@type":"BreadcrumbList","@id":"https:\/\/ponteseditores.com.br\/loja3\/pontes-editores-home-2__trashed\/linguistica\/ensino-de-gramatica-reflexoes-sobre-a-semantica-do-portugues-brasileiro\/#breadcrumb","itemListElement":[{"@type":"ListItem","position":1,"name":"Home","item":"https:\/\/ponteseditores.com.br\/loja3\/"},{"@type":"ListItem","position":2,"name":"loja","item":"https:\/\/ponteseditores.com.br\/loja3\/loja\/"},{"@type":"ListItem","position":3,"name":"Ensino de gram\u00e1tica: reflex\u00f5es sobre a sem\u00e2ntica do portugu\u00eas brasileiro"}]},{"@type":"WebSite","@id":"https:\/\/ponteseditores.com.br\/loja3\/#website","url":"https:\/\/ponteseditores.com.br\/loja3\/","name":"Pontes Editores","description":"Pontes Editores","publisher":{"@id":"https:\/\/ponteseditores.com.br\/loja3\/#organization"},"potentialAction":[{"@type":"SearchAction","target":{"@type":"EntryPoint","urlTemplate":"https:\/\/ponteseditores.com.br\/loja3\/?s={search_term_string}"},"query-input":{"@type":"PropertyValueSpecification","valueRequired":true,"valueName":"search_term_string"}}],"inLanguage":"pt-BR"},{"@type":"Organization","@id":"https:\/\/ponteseditores.com.br\/loja3\/#organization","name":"Pontes Editores","url":"https:\/\/ponteseditores.com.br\/loja3\/","logo":{"@type":"ImageObject","inLanguage":"pt-BR","@id":"https:\/\/ponteseditores.com.br\/loja3\/#\/schema\/logo\/image\/","url":"https:\/\/ponteseditores.com.br\/loja3\/wp-content\/uploads\/2023\/12\/logo-pontes-editores-v2.png","contentUrl":"https:\/\/ponteseditores.com.br\/loja3\/wp-content\/uploads\/2023\/12\/logo-pontes-editores-v2.png","width":258,"height":100,"caption":"Pontes Editores"},"image":{"@id":"https:\/\/ponteseditores.com.br\/loja3\/#\/schema\/logo\/image\/"}}]}},"_links":{"self":[{"href":"https:\/\/ponteseditores.com.br\/loja3\/wp-json\/wp\/v2\/product\/7032","targetHints":{"allow":["GET"]}}],"collection":[{"href":"https:\/\/ponteseditores.com.br\/loja3\/wp-json\/wp\/v2\/product"}],"about":[{"href":"https:\/\/ponteseditores.com.br\/loja3\/wp-json\/wp\/v2\/types\/product"}],"replies":[{"embeddable":true,"href":"https:\/\/ponteseditores.com.br\/loja3\/wp-json\/wp\/v2\/comments?post=7032"}],"version-history":[{"count":1,"href":"https:\/\/ponteseditores.com.br\/loja3\/wp-json\/wp\/v2\/product\/7032\/revisions"}],"predecessor-version":[{"id":19293,"href":"https:\/\/ponteseditores.com.br\/loja3\/wp-json\/wp\/v2\/product\/7032\/revisions\/19293"}],"wp:featuredmedia":[{"embeddable":true,"href":"https:\/\/ponteseditores.com.br\/loja3\/wp-json\/wp\/v2\/media\/7049"}],"wp:attachment":[{"href":"https:\/\/ponteseditores.com.br\/loja3\/wp-json\/wp\/v2\/media?parent=7032"}],"wp:term":[{"taxonomy":"product_brand","embeddable":true,"href":"https:\/\/ponteseditores.com.br\/loja3\/wp-json\/wp\/v2\/product_brand?post=7032"},{"taxonomy":"product_cat","embeddable":true,"href":"https:\/\/ponteseditores.com.br\/loja3\/wp-json\/wp\/v2\/product_cat?post=7032"},{"taxonomy":"product_tag","embeddable":true,"href":"https:\/\/ponteseditores.com.br\/loja3\/wp-json\/wp\/v2\/product_tag?post=7032"}],"curies":[{"name":"wp","href":"https:\/\/api.w.org\/{rel}","templated":true}]}}