{"id":7026,"date":"2023-12-13T18:18:14","date_gmt":"2023-12-13T21:18:14","guid":{"rendered":"https:\/\/ponteseditores.com.br\/loja3\/?post_type=product&#038;p=7026"},"modified":"2023-12-15T12:13:17","modified_gmt":"2023-12-15T15:13:17","slug":"a-primazia-do-poema-ii","status":"publish","type":"product","link":"https:\/\/ponteseditores.com.br\/loja3\/pontes-editores-home-2__trashed\/literatura-brasileira\/a-primazia-do-poema-ii\/","title":{"rendered":"A PRIMAZIA DO POEMA II"},"content":{"rendered":"<p class=\"p1\">Em sua an\u00e1lise cr\u00edtica, Wilberth, ao mesmo tempo que l\u00ea o poema em close \u2013 identificando e conferindo significado a sua m\u00e9trica, esquemas de rimas, marcas de vocabul\u00e1rio e sintaxe, entre outros \u2013, o amplia atrav\u00e9s de sua contextualiza\u00e7\u00e3o na produ\u00e7\u00e3o mais ampla de seu autor ou ainda na de outros poetas a ele contempor\u00e2neos, na remiss\u00e3o a outros ensaios cr\u00edticos sobre o poema ou o poeta em quest\u00e3o, ou ainda na refer\u00eancia a poemas de diversa autoria com que o texto analisado possa ser posto em rela\u00e7\u00e3o. (&#8230;) J\u00e1 tendo lido avulsamente alguns desses ensaios e at\u00e9 mesmo os utilizado como material em sala de aula, o que a leitura do seu conjunto ressalta em mim \u00e9 o constante alinhavar do poeta-cr\u00edtico Wilberth Salgueiro entre rigor e entusiasmo, paix\u00e3o e t\u00e9cnica.<\/p>\n<p class=\"p1\">Ana Cl\u00e1udia Coutinho Viegas (UERJ) \/ \u00c9 preciso ressaltar, primeiramente, como Wilberth assimila, no exame de cada n\u00edvel formal, a li\u00e7\u00e3o adorniana de que quanto mais fundo tocarmos o cerne do poema, isto \u00e9, quanto mais denso for o protagonismo conferido \u00e0 linguagem l\u00edrica, mais energicamente tocaremos por meio dele o mundo social e a hist\u00f3ria, com suas viol\u00eancias, opress\u00f5es, traumas e esperan\u00e7as.<\/p>\n<p class=\"p1\">Por isso, a primazia do poema nada traz de formalismos egoc\u00eantricos, nada traz de apagamento ideal\u00edstico do cidad\u00e3o-int\u00e9rprete, nada traz, enfim e felizmente, de beletrismo evasivo. Sem descuidar um mil\u00edmetro dos procedimentos e t\u00e9cnicas que constituem toda aventura art\u00edstica, Wilberth Salgueiro faz pulsar no poema a sua (dele mesmo, poema, mas tamb\u00e9m dele, cr\u00edtico, e nossa!) revolta, seu humor, seu sofrimento e sua indigna\u00e7\u00e3o c\u00edvica e existencial. Marcelo Ferraz (UFG)<\/p>\n","protected":false},"excerpt":{"rendered":"<p>Em sua an\u00e1lise cr\u00edtica, Wilberth, ao mesmo tempo que l\u00ea o poema em close \u2013 identificando e conferindo significado a sua m\u00e9trica, esquemas de rimas, marcas de vocabul\u00e1rio e sintaxe, entre outros \u2013, o amplia atrav\u00e9s de sua contextualiza\u00e7\u00e3o na produ\u00e7\u00e3o mais ampla de seu autor ou ainda na de outros poetas a ele contempor\u00e2neos&#8230;<\/p>\n","protected":false},"featured_media":6974,"comment_status":"open","ping_status":"closed","template":"","meta":{"_joinchat":[]},"product_brand":[],"product_cat":[287,86],"product_tag":[],"class_list":{"0":"post-7026","1":"product","2":"type-product","3":"status-publish","4":"has-post-thumbnail","6":"product_cat-literatura","7":"product_cat-literatura-brasileira","8":"product_shipping_class-livro-pontes-editores-fisico","10":"first","11":"instock","12":"shipping-taxable","13":"purchasable","14":"product-type-simple"},"yoast_head":"<!-- This site is optimized with the Yoast SEO plugin v27.4 - https:\/\/yoast.com\/product\/yoast-seo-wordpress\/ -->\n<title>A PRIMAZIA DO POEMA II - Pontes Editores<\/title>\n<meta name=\"robots\" content=\"index, follow, max-snippet:-1, max-image-preview:large, max-video-preview:-1\" \/>\n<link rel=\"canonical\" href=\"https:\/\/ponteseditores.com.br\/loja3\/pontes-editores-home-2__trashed\/literatura-brasileira\/a-primazia-do-poema-ii\/\" \/>\n<meta property=\"og:locale\" content=\"pt_BR\" \/>\n<meta property=\"og:type\" content=\"article\" \/>\n<meta property=\"og:title\" content=\"A PRIMAZIA DO POEMA II - Pontes Editores\" \/>\n<meta property=\"og:description\" content=\"Em sua an\u00e1lise cr\u00edtica, Wilberth, ao mesmo tempo que l\u00ea o poema em close \u2013 identificando e conferindo significado a sua m\u00e9trica, esquemas de rimas, marcas de vocabul\u00e1rio e sintaxe, entre outros \u2013, o amplia atrav\u00e9s de sua contextualiza\u00e7\u00e3o na produ\u00e7\u00e3o mais ampla de seu autor ou ainda na de outros poetas a ele contempor\u00e2neos...\" \/>\n<meta property=\"og:url\" content=\"https:\/\/ponteseditores.com.br\/loja3\/pontes-editores-home-2__trashed\/literatura-brasileira\/a-primazia-do-poema-ii\/\" \/>\n<meta property=\"og:site_name\" content=\"Pontes Editores\" \/>\n<meta property=\"article:modified_time\" content=\"2023-12-15T15:13:17+00:00\" \/>\n<meta property=\"og:image\" content=\"https:\/\/ponteseditores.com.br\/loja3\/wp-content\/uploads\/2023\/12\/a-primazia-do-poema-vol-2-capa-1-1.jpg\" \/>\n\t<meta property=\"og:image:width\" content=\"1728\" \/>\n\t<meta property=\"og:image:height\" content=\"2443\" \/>\n\t<meta property=\"og:image:type\" content=\"image\/jpeg\" \/>\n<meta name=\"twitter:card\" content=\"summary_large_image\" \/>\n<meta name=\"twitter:label1\" content=\"Est. tempo de leitura\" \/>\n\t<meta name=\"twitter:data1\" content=\"2 minutos\" \/>\n<script type=\"application\/ld+json\" class=\"yoast-schema-graph\">{\"@context\":\"https:\\\/\\\/schema.org\",\"@graph\":[{\"@type\":\"WebPage\",\"@id\":\"https:\\\/\\\/ponteseditores.com.br\\\/loja3\\\/pontes-editores-home-2__trashed\\\/literatura-brasileira\\\/a-primazia-do-poema-ii\\\/\",\"url\":\"https:\\\/\\\/ponteseditores.com.br\\\/loja3\\\/pontes-editores-home-2__trashed\\\/literatura-brasileira\\\/a-primazia-do-poema-ii\\\/\",\"name\":\"A PRIMAZIA DO POEMA II - Pontes Editores\",\"isPartOf\":{\"@id\":\"https:\\\/\\\/ponteseditores.com.br\\\/loja3\\\/#website\"},\"primaryImageOfPage\":{\"@id\":\"https:\\\/\\\/ponteseditores.com.br\\\/loja3\\\/pontes-editores-home-2__trashed\\\/literatura-brasileira\\\/a-primazia-do-poema-ii\\\/#primaryimage\"},\"image\":{\"@id\":\"https:\\\/\\\/ponteseditores.com.br\\\/loja3\\\/pontes-editores-home-2__trashed\\\/literatura-brasileira\\\/a-primazia-do-poema-ii\\\/#primaryimage\"},\"thumbnailUrl\":\"https:\\\/\\\/ponteseditores.com.br\\\/loja3\\\/wp-content\\\/uploads\\\/2023\\\/12\\\/a-primazia-do-poema-vol-2-capa-1-1.jpg\",\"datePublished\":\"2023-12-13T21:18:14+00:00\",\"dateModified\":\"2023-12-15T15:13:17+00:00\",\"breadcrumb\":{\"@id\":\"https:\\\/\\\/ponteseditores.com.br\\\/loja3\\\/pontes-editores-home-2__trashed\\\/literatura-brasileira\\\/a-primazia-do-poema-ii\\\/#breadcrumb\"},\"inLanguage\":\"pt-BR\",\"potentialAction\":[{\"@type\":\"ReadAction\",\"target\":[\"https:\\\/\\\/ponteseditores.com.br\\\/loja3\\\/pontes-editores-home-2__trashed\\\/literatura-brasileira\\\/a-primazia-do-poema-ii\\\/\"]}]},{\"@type\":\"ImageObject\",\"inLanguage\":\"pt-BR\",\"@id\":\"https:\\\/\\\/ponteseditores.com.br\\\/loja3\\\/pontes-editores-home-2__trashed\\\/literatura-brasileira\\\/a-primazia-do-poema-ii\\\/#primaryimage\",\"url\":\"https:\\\/\\\/ponteseditores.com.br\\\/loja3\\\/wp-content\\\/uploads\\\/2023\\\/12\\\/a-primazia-do-poema-vol-2-capa-1-1.jpg\",\"contentUrl\":\"https:\\\/\\\/ponteseditores.com.br\\\/loja3\\\/wp-content\\\/uploads\\\/2023\\\/12\\\/a-primazia-do-poema-vol-2-capa-1-1.jpg\",\"width\":1728,\"height\":2443},{\"@type\":\"BreadcrumbList\",\"@id\":\"https:\\\/\\\/ponteseditores.com.br\\\/loja3\\\/pontes-editores-home-2__trashed\\\/literatura-brasileira\\\/a-primazia-do-poema-ii\\\/#breadcrumb\",\"itemListElement\":[{\"@type\":\"ListItem\",\"position\":1,\"name\":\"Home\",\"item\":\"https:\\\/\\\/ponteseditores.com.br\\\/loja3\\\/\"},{\"@type\":\"ListItem\",\"position\":2,\"name\":\"loja\",\"item\":\"https:\\\/\\\/ponteseditores.com.br\\\/loja3\\\/loja\\\/\"},{\"@type\":\"ListItem\",\"position\":3,\"name\":\"A PRIMAZIA DO POEMA II\"}]},{\"@type\":\"WebSite\",\"@id\":\"https:\\\/\\\/ponteseditores.com.br\\\/loja3\\\/#website\",\"url\":\"https:\\\/\\\/ponteseditores.com.br\\\/loja3\\\/\",\"name\":\"Pontes Editores\",\"description\":\"Pontes Editores\",\"publisher\":{\"@id\":\"https:\\\/\\\/ponteseditores.com.br\\\/loja3\\\/#organization\"},\"potentialAction\":[{\"@type\":\"SearchAction\",\"target\":{\"@type\":\"EntryPoint\",\"urlTemplate\":\"https:\\\/\\\/ponteseditores.com.br\\\/loja3\\\/?s={search_term_string}\"},\"query-input\":{\"@type\":\"PropertyValueSpecification\",\"valueRequired\":true,\"valueName\":\"search_term_string\"}}],\"inLanguage\":\"pt-BR\"},{\"@type\":\"Organization\",\"@id\":\"https:\\\/\\\/ponteseditores.com.br\\\/loja3\\\/#organization\",\"name\":\"Pontes Editores\",\"url\":\"https:\\\/\\\/ponteseditores.com.br\\\/loja3\\\/\",\"logo\":{\"@type\":\"ImageObject\",\"inLanguage\":\"pt-BR\",\"@id\":\"https:\\\/\\\/ponteseditores.com.br\\\/loja3\\\/#\\\/schema\\\/logo\\\/image\\\/\",\"url\":\"https:\\\/\\\/ponteseditores.com.br\\\/loja3\\\/wp-content\\\/uploads\\\/2023\\\/12\\\/logo-pontes-editores-v2.png\",\"contentUrl\":\"https:\\\/\\\/ponteseditores.com.br\\\/loja3\\\/wp-content\\\/uploads\\\/2023\\\/12\\\/logo-pontes-editores-v2.png\",\"width\":258,\"height\":100,\"caption\":\"Pontes Editores\"},\"image\":{\"@id\":\"https:\\\/\\\/ponteseditores.com.br\\\/loja3\\\/#\\\/schema\\\/logo\\\/image\\\/\"}}]}<\/script>\n<!-- \/ Yoast SEO plugin. -->","yoast_head_json":{"title":"A PRIMAZIA DO POEMA II - Pontes Editores","robots":{"index":"index","follow":"follow","max-snippet":"max-snippet:-1","max-image-preview":"max-image-preview:large","max-video-preview":"max-video-preview:-1"},"canonical":"https:\/\/ponteseditores.com.br\/loja3\/pontes-editores-home-2__trashed\/literatura-brasileira\/a-primazia-do-poema-ii\/","og_locale":"pt_BR","og_type":"article","og_title":"A PRIMAZIA DO POEMA II - Pontes Editores","og_description":"Em sua an\u00e1lise cr\u00edtica, Wilberth, ao mesmo tempo que l\u00ea o poema em close \u2013 identificando e conferindo significado a sua m\u00e9trica, esquemas de rimas, marcas de vocabul\u00e1rio e sintaxe, entre outros \u2013, o amplia atrav\u00e9s de sua contextualiza\u00e7\u00e3o na produ\u00e7\u00e3o mais ampla de seu autor ou ainda na de outros poetas a ele contempor\u00e2neos...","og_url":"https:\/\/ponteseditores.com.br\/loja3\/pontes-editores-home-2__trashed\/literatura-brasileira\/a-primazia-do-poema-ii\/","og_site_name":"Pontes Editores","article_modified_time":"2023-12-15T15:13:17+00:00","og_image":[{"width":1728,"height":2443,"url":"https:\/\/ponteseditores.com.br\/loja3\/wp-content\/uploads\/2023\/12\/a-primazia-do-poema-vol-2-capa-1-1.jpg","type":"image\/jpeg"}],"twitter_card":"summary_large_image","twitter_misc":{"Est. tempo de leitura":"2 minutos"},"schema":{"@context":"https:\/\/schema.org","@graph":[{"@type":"WebPage","@id":"https:\/\/ponteseditores.com.br\/loja3\/pontes-editores-home-2__trashed\/literatura-brasileira\/a-primazia-do-poema-ii\/","url":"https:\/\/ponteseditores.com.br\/loja3\/pontes-editores-home-2__trashed\/literatura-brasileira\/a-primazia-do-poema-ii\/","name":"A PRIMAZIA DO POEMA II - Pontes Editores","isPartOf":{"@id":"https:\/\/ponteseditores.com.br\/loja3\/#website"},"primaryImageOfPage":{"@id":"https:\/\/ponteseditores.com.br\/loja3\/pontes-editores-home-2__trashed\/literatura-brasileira\/a-primazia-do-poema-ii\/#primaryimage"},"image":{"@id":"https:\/\/ponteseditores.com.br\/loja3\/pontes-editores-home-2__trashed\/literatura-brasileira\/a-primazia-do-poema-ii\/#primaryimage"},"thumbnailUrl":"https:\/\/ponteseditores.com.br\/loja3\/wp-content\/uploads\/2023\/12\/a-primazia-do-poema-vol-2-capa-1-1.jpg","datePublished":"2023-12-13T21:18:14+00:00","dateModified":"2023-12-15T15:13:17+00:00","breadcrumb":{"@id":"https:\/\/ponteseditores.com.br\/loja3\/pontes-editores-home-2__trashed\/literatura-brasileira\/a-primazia-do-poema-ii\/#breadcrumb"},"inLanguage":"pt-BR","potentialAction":[{"@type":"ReadAction","target":["https:\/\/ponteseditores.com.br\/loja3\/pontes-editores-home-2__trashed\/literatura-brasileira\/a-primazia-do-poema-ii\/"]}]},{"@type":"ImageObject","inLanguage":"pt-BR","@id":"https:\/\/ponteseditores.com.br\/loja3\/pontes-editores-home-2__trashed\/literatura-brasileira\/a-primazia-do-poema-ii\/#primaryimage","url":"https:\/\/ponteseditores.com.br\/loja3\/wp-content\/uploads\/2023\/12\/a-primazia-do-poema-vol-2-capa-1-1.jpg","contentUrl":"https:\/\/ponteseditores.com.br\/loja3\/wp-content\/uploads\/2023\/12\/a-primazia-do-poema-vol-2-capa-1-1.jpg","width":1728,"height":2443},{"@type":"BreadcrumbList","@id":"https:\/\/ponteseditores.com.br\/loja3\/pontes-editores-home-2__trashed\/literatura-brasileira\/a-primazia-do-poema-ii\/#breadcrumb","itemListElement":[{"@type":"ListItem","position":1,"name":"Home","item":"https:\/\/ponteseditores.com.br\/loja3\/"},{"@type":"ListItem","position":2,"name":"loja","item":"https:\/\/ponteseditores.com.br\/loja3\/loja\/"},{"@type":"ListItem","position":3,"name":"A PRIMAZIA DO POEMA II"}]},{"@type":"WebSite","@id":"https:\/\/ponteseditores.com.br\/loja3\/#website","url":"https:\/\/ponteseditores.com.br\/loja3\/","name":"Pontes Editores","description":"Pontes Editores","publisher":{"@id":"https:\/\/ponteseditores.com.br\/loja3\/#organization"},"potentialAction":[{"@type":"SearchAction","target":{"@type":"EntryPoint","urlTemplate":"https:\/\/ponteseditores.com.br\/loja3\/?s={search_term_string}"},"query-input":{"@type":"PropertyValueSpecification","valueRequired":true,"valueName":"search_term_string"}}],"inLanguage":"pt-BR"},{"@type":"Organization","@id":"https:\/\/ponteseditores.com.br\/loja3\/#organization","name":"Pontes Editores","url":"https:\/\/ponteseditores.com.br\/loja3\/","logo":{"@type":"ImageObject","inLanguage":"pt-BR","@id":"https:\/\/ponteseditores.com.br\/loja3\/#\/schema\/logo\/image\/","url":"https:\/\/ponteseditores.com.br\/loja3\/wp-content\/uploads\/2023\/12\/logo-pontes-editores-v2.png","contentUrl":"https:\/\/ponteseditores.com.br\/loja3\/wp-content\/uploads\/2023\/12\/logo-pontes-editores-v2.png","width":258,"height":100,"caption":"Pontes Editores"},"image":{"@id":"https:\/\/ponteseditores.com.br\/loja3\/#\/schema\/logo\/image\/"}}]}},"_links":{"self":[{"href":"https:\/\/ponteseditores.com.br\/loja3\/wp-json\/wp\/v2\/product\/7026","targetHints":{"allow":["GET"]}}],"collection":[{"href":"https:\/\/ponteseditores.com.br\/loja3\/wp-json\/wp\/v2\/product"}],"about":[{"href":"https:\/\/ponteseditores.com.br\/loja3\/wp-json\/wp\/v2\/types\/product"}],"replies":[{"embeddable":true,"href":"https:\/\/ponteseditores.com.br\/loja3\/wp-json\/wp\/v2\/comments?post=7026"}],"version-history":[{"count":0,"href":"https:\/\/ponteseditores.com.br\/loja3\/wp-json\/wp\/v2\/product\/7026\/revisions"}],"wp:featuredmedia":[{"embeddable":true,"href":"https:\/\/ponteseditores.com.br\/loja3\/wp-json\/wp\/v2\/media\/6974"}],"wp:attachment":[{"href":"https:\/\/ponteseditores.com.br\/loja3\/wp-json\/wp\/v2\/media?parent=7026"}],"wp:term":[{"taxonomy":"product_brand","embeddable":true,"href":"https:\/\/ponteseditores.com.br\/loja3\/wp-json\/wp\/v2\/product_brand?post=7026"},{"taxonomy":"product_cat","embeddable":true,"href":"https:\/\/ponteseditores.com.br\/loja3\/wp-json\/wp\/v2\/product_cat?post=7026"},{"taxonomy":"product_tag","embeddable":true,"href":"https:\/\/ponteseditores.com.br\/loja3\/wp-json\/wp\/v2\/product_tag?post=7026"}],"curies":[{"name":"wp","href":"https:\/\/api.w.org\/{rel}","templated":true}]}}