{"id":7025,"date":"2023-12-13T18:14:53","date_gmt":"2023-12-13T21:14:53","guid":{"rendered":"https:\/\/ponteseditores.com.br\/loja3\/?post_type=product&#038;p=7025"},"modified":"2023-12-15T12:13:17","modified_gmt":"2023-12-15T15:13:17","slug":"a-retorica-no-discurso-religioso","status":"publish","type":"product","link":"https:\/\/ponteseditores.com.br\/loja3\/pontes-editores-home-2__trashed\/analise-do-discurso\/a-retorica-no-discurso-religioso\/","title":{"rendered":"A RET\u00d3RICA NO DISCURSO RELIGIOSO"},"content":{"rendered":"<p class=\"p1\">Fruto de um estudo profundo na teoria ret\u00f3rica, esta obra discute, investiga e interpreta o g\u00eanero serm\u00e3o oral \u00e0 luz da Nova Ret\u00f3rica.<\/p>\n<p class=\"p1\">Sua relev\u00e2ncia \u00e9 ratificada pela proposta singular de verificar os funcionamentos argumentativos nos serm\u00f5es orais produzidos por oradores protestantes do agreste alagoano, desvelando idiossincrasias persuasivas em um tipo de discurso (religioso), naturalmente e originalmente revestido pelas paix\u00f5es da f\u00e9 pela qual busca-se influenciar os fi\u00e9is, de forma pedag\u00f3gica.<\/p>\n<p class=\"p1\">Ao propor este livro, o autor, ex\u00edmio leitor, pesquisador e int\u00e9rprete dos textos cl\u00e1ssicos e modernos da ret\u00f3rica, Max Silva da Rocha, mestre em Lingu\u00edstica com \u00eanfase na argumenta\u00e7\u00e3o ret\u00f3rica, traz um olhar, principalmente, t\u00e9cnico, mas tamb\u00e9m, repleto de subjetividade por meio de uma linguagem encantadora, revelando a paix\u00e3o desse autor por essa t\u00e3o bela arte da palavra.<\/p>\n<p class=\"p1\">O t\u00edtulo \u201cA RET\u00d3RICA NO DISCURSO RELIGIOSO: ORADORES PROTESTANTES E O SERM\u00c3O ORAL\u201d traz, ao leitor, a curiosidade de conhecer mais a fundo os fundamentos te\u00f3rico-pr\u00e1ticos do discurso persuasivo t\u00e3o presentes em toda intera\u00e7\u00e3o humana, afinal, toda comunica\u00e7\u00e3o visa a ades\u00e3o de um p\u00fablico. \u00c9 por meio de uma discuss\u00e3o empolgante, que voc\u00ea, leitor, perceber\u00e1 como o universo da linguagem pode ser enriquecido pela arte de convencer e de persuadir pelo discurso religioso, e pelos v\u00e1rios enunciados produzidos com o objetivo de influenciar o outro por meio dos argumentos em a\u00e7\u00e3o. Por fim, deixo aqui minha reflex\u00e3o acerca do artista por tr\u00e1s deste livro: \u201cassim como a obra revela parte da ess\u00eancia do artista que a produziu, tamb\u00e9m o autor se deixa revelar como fruto de uma constru\u00e7\u00e3o de sua pr\u00f3pria arte, trazendo para si, um car\u00e1ter de artista\u201d.<\/p>\n<p class=\"p1\">Assim, este autor tem sua identidade partilhada nessa obra, raz\u00e3o pela qual artista e arte se tornaram um. Prof. Dr. Eduardo Pantale\u00e3o de Morais &#8211; Professor e pesquisador da Universidade Estadual de Alagoas (UNEAL)<\/p>\n","protected":false},"excerpt":{"rendered":"<h4 class=\"p1\">Oradores protestantes e o serm\u00e3o oral<\/h4>\n<p>Fruto de um estudo profundo na teoria ret\u00f3rica, esta obra discute, investiga e interpreta o g\u00eanero serm\u00e3o oral \u00e0 luz da Nova Ret\u00f3rica.<\/p>\n","protected":false},"featured_media":6467,"comment_status":"open","ping_status":"closed","template":"","meta":{"_joinchat":[]},"product_brand":[],"product_cat":[36,325],"product_tag":[],"class_list":{"0":"post-7025","1":"product","2":"type-product","3":"status-publish","4":"has-post-thumbnail","6":"product_cat-analise-do-discurso","7":"product_cat-religioso","8":"product_shipping_class-livro-pontes-editores-fisico","10":"first","11":"instock","12":"shipping-taxable","13":"purchasable","14":"product-type-simple"},"yoast_head":"<!-- This site is optimized with the Yoast SEO plugin v27.4 - https:\/\/yoast.com\/product\/yoast-seo-wordpress\/ -->\n<title>A RET\u00d3RICA NO DISCURSO RELIGIOSO - Pontes Editores<\/title>\n<meta name=\"robots\" content=\"index, follow, max-snippet:-1, max-image-preview:large, max-video-preview:-1\" \/>\n<link rel=\"canonical\" href=\"https:\/\/ponteseditores.com.br\/loja3\/pontes-editores-home-2__trashed\/analise-do-discurso\/a-retorica-no-discurso-religioso\/\" \/>\n<meta property=\"og:locale\" content=\"pt_BR\" \/>\n<meta property=\"og:type\" content=\"article\" \/>\n<meta property=\"og:title\" content=\"A RET\u00d3RICA NO DISCURSO RELIGIOSO - Pontes Editores\" \/>\n<meta property=\"og:description\" content=\"Oradores protestantes e o serm\u00e3o oral Fruto de um estudo profundo na teoria ret\u00f3rica, esta obra discute, investiga e interpreta o g\u00eanero serm\u00e3o oral \u00e0 luz da Nova Ret\u00f3rica.\" \/>\n<meta property=\"og:url\" content=\"https:\/\/ponteseditores.com.br\/loja3\/pontes-editores-home-2__trashed\/analise-do-discurso\/a-retorica-no-discurso-religioso\/\" \/>\n<meta property=\"og:site_name\" content=\"Pontes Editores\" \/>\n<meta property=\"article:modified_time\" content=\"2023-12-15T15:13:17+00:00\" \/>\n<meta property=\"og:image\" content=\"https:\/\/ponteseditores.com.br\/loja3\/wp-content\/uploads\/2023\/12\/a-retorica-no-discurso-religioso-capa-.jpg\" \/>\n\t<meta property=\"og:image:width\" content=\"1728\" \/>\n\t<meta property=\"og:image:height\" content=\"2443\" \/>\n\t<meta property=\"og:image:type\" content=\"image\/jpeg\" \/>\n<meta name=\"twitter:card\" content=\"summary_large_image\" \/>\n<meta name=\"twitter:label1\" content=\"Est. tempo de leitura\" \/>\n\t<meta name=\"twitter:data1\" content=\"2 minutos\" \/>\n<script type=\"application\/ld+json\" class=\"yoast-schema-graph\">{\"@context\":\"https:\\\/\\\/schema.org\",\"@graph\":[{\"@type\":\"WebPage\",\"@id\":\"https:\\\/\\\/ponteseditores.com.br\\\/loja3\\\/pontes-editores-home-2__trashed\\\/analise-do-discurso\\\/a-retorica-no-discurso-religioso\\\/\",\"url\":\"https:\\\/\\\/ponteseditores.com.br\\\/loja3\\\/pontes-editores-home-2__trashed\\\/analise-do-discurso\\\/a-retorica-no-discurso-religioso\\\/\",\"name\":\"A RET\u00d3RICA NO DISCURSO RELIGIOSO - Pontes Editores\",\"isPartOf\":{\"@id\":\"https:\\\/\\\/ponteseditores.com.br\\\/loja3\\\/#website\"},\"primaryImageOfPage\":{\"@id\":\"https:\\\/\\\/ponteseditores.com.br\\\/loja3\\\/pontes-editores-home-2__trashed\\\/analise-do-discurso\\\/a-retorica-no-discurso-religioso\\\/#primaryimage\"},\"image\":{\"@id\":\"https:\\\/\\\/ponteseditores.com.br\\\/loja3\\\/pontes-editores-home-2__trashed\\\/analise-do-discurso\\\/a-retorica-no-discurso-religioso\\\/#primaryimage\"},\"thumbnailUrl\":\"https:\\\/\\\/ponteseditores.com.br\\\/loja3\\\/wp-content\\\/uploads\\\/2023\\\/12\\\/a-retorica-no-discurso-religioso-capa-.jpg\",\"datePublished\":\"2023-12-13T21:14:53+00:00\",\"dateModified\":\"2023-12-15T15:13:17+00:00\",\"breadcrumb\":{\"@id\":\"https:\\\/\\\/ponteseditores.com.br\\\/loja3\\\/pontes-editores-home-2__trashed\\\/analise-do-discurso\\\/a-retorica-no-discurso-religioso\\\/#breadcrumb\"},\"inLanguage\":\"pt-BR\",\"potentialAction\":[{\"@type\":\"ReadAction\",\"target\":[\"https:\\\/\\\/ponteseditores.com.br\\\/loja3\\\/pontes-editores-home-2__trashed\\\/analise-do-discurso\\\/a-retorica-no-discurso-religioso\\\/\"]}]},{\"@type\":\"ImageObject\",\"inLanguage\":\"pt-BR\",\"@id\":\"https:\\\/\\\/ponteseditores.com.br\\\/loja3\\\/pontes-editores-home-2__trashed\\\/analise-do-discurso\\\/a-retorica-no-discurso-religioso\\\/#primaryimage\",\"url\":\"https:\\\/\\\/ponteseditores.com.br\\\/loja3\\\/wp-content\\\/uploads\\\/2023\\\/12\\\/a-retorica-no-discurso-religioso-capa-.jpg\",\"contentUrl\":\"https:\\\/\\\/ponteseditores.com.br\\\/loja3\\\/wp-content\\\/uploads\\\/2023\\\/12\\\/a-retorica-no-discurso-religioso-capa-.jpg\",\"width\":1728,\"height\":2443},{\"@type\":\"BreadcrumbList\",\"@id\":\"https:\\\/\\\/ponteseditores.com.br\\\/loja3\\\/pontes-editores-home-2__trashed\\\/analise-do-discurso\\\/a-retorica-no-discurso-religioso\\\/#breadcrumb\",\"itemListElement\":[{\"@type\":\"ListItem\",\"position\":1,\"name\":\"Home\",\"item\":\"https:\\\/\\\/ponteseditores.com.br\\\/loja3\\\/\"},{\"@type\":\"ListItem\",\"position\":2,\"name\":\"loja\",\"item\":\"https:\\\/\\\/ponteseditores.com.br\\\/loja3\\\/loja\\\/\"},{\"@type\":\"ListItem\",\"position\":3,\"name\":\"A RET\u00d3RICA NO DISCURSO RELIGIOSO\"}]},{\"@type\":\"WebSite\",\"@id\":\"https:\\\/\\\/ponteseditores.com.br\\\/loja3\\\/#website\",\"url\":\"https:\\\/\\\/ponteseditores.com.br\\\/loja3\\\/\",\"name\":\"Pontes Editores\",\"description\":\"Pontes Editores\",\"publisher\":{\"@id\":\"https:\\\/\\\/ponteseditores.com.br\\\/loja3\\\/#organization\"},\"potentialAction\":[{\"@type\":\"SearchAction\",\"target\":{\"@type\":\"EntryPoint\",\"urlTemplate\":\"https:\\\/\\\/ponteseditores.com.br\\\/loja3\\\/?s={search_term_string}\"},\"query-input\":{\"@type\":\"PropertyValueSpecification\",\"valueRequired\":true,\"valueName\":\"search_term_string\"}}],\"inLanguage\":\"pt-BR\"},{\"@type\":\"Organization\",\"@id\":\"https:\\\/\\\/ponteseditores.com.br\\\/loja3\\\/#organization\",\"name\":\"Pontes Editores\",\"url\":\"https:\\\/\\\/ponteseditores.com.br\\\/loja3\\\/\",\"logo\":{\"@type\":\"ImageObject\",\"inLanguage\":\"pt-BR\",\"@id\":\"https:\\\/\\\/ponteseditores.com.br\\\/loja3\\\/#\\\/schema\\\/logo\\\/image\\\/\",\"url\":\"https:\\\/\\\/ponteseditores.com.br\\\/loja3\\\/wp-content\\\/uploads\\\/2023\\\/12\\\/logo-pontes-editores-v2.png\",\"contentUrl\":\"https:\\\/\\\/ponteseditores.com.br\\\/loja3\\\/wp-content\\\/uploads\\\/2023\\\/12\\\/logo-pontes-editores-v2.png\",\"width\":258,\"height\":100,\"caption\":\"Pontes Editores\"},\"image\":{\"@id\":\"https:\\\/\\\/ponteseditores.com.br\\\/loja3\\\/#\\\/schema\\\/logo\\\/image\\\/\"}}]}<\/script>\n<!-- \/ Yoast SEO plugin. -->","yoast_head_json":{"title":"A RET\u00d3RICA NO DISCURSO RELIGIOSO - Pontes Editores","robots":{"index":"index","follow":"follow","max-snippet":"max-snippet:-1","max-image-preview":"max-image-preview:large","max-video-preview":"max-video-preview:-1"},"canonical":"https:\/\/ponteseditores.com.br\/loja3\/pontes-editores-home-2__trashed\/analise-do-discurso\/a-retorica-no-discurso-religioso\/","og_locale":"pt_BR","og_type":"article","og_title":"A RET\u00d3RICA NO DISCURSO RELIGIOSO - Pontes Editores","og_description":"Oradores protestantes e o serm\u00e3o oral Fruto de um estudo profundo na teoria ret\u00f3rica, esta obra discute, investiga e interpreta o g\u00eanero serm\u00e3o oral \u00e0 luz da Nova Ret\u00f3rica.","og_url":"https:\/\/ponteseditores.com.br\/loja3\/pontes-editores-home-2__trashed\/analise-do-discurso\/a-retorica-no-discurso-religioso\/","og_site_name":"Pontes Editores","article_modified_time":"2023-12-15T15:13:17+00:00","og_image":[{"width":1728,"height":2443,"url":"https:\/\/ponteseditores.com.br\/loja3\/wp-content\/uploads\/2023\/12\/a-retorica-no-discurso-religioso-capa-.jpg","type":"image\/jpeg"}],"twitter_card":"summary_large_image","twitter_misc":{"Est. tempo de leitura":"2 minutos"},"schema":{"@context":"https:\/\/schema.org","@graph":[{"@type":"WebPage","@id":"https:\/\/ponteseditores.com.br\/loja3\/pontes-editores-home-2__trashed\/analise-do-discurso\/a-retorica-no-discurso-religioso\/","url":"https:\/\/ponteseditores.com.br\/loja3\/pontes-editores-home-2__trashed\/analise-do-discurso\/a-retorica-no-discurso-religioso\/","name":"A RET\u00d3RICA NO DISCURSO RELIGIOSO - Pontes Editores","isPartOf":{"@id":"https:\/\/ponteseditores.com.br\/loja3\/#website"},"primaryImageOfPage":{"@id":"https:\/\/ponteseditores.com.br\/loja3\/pontes-editores-home-2__trashed\/analise-do-discurso\/a-retorica-no-discurso-religioso\/#primaryimage"},"image":{"@id":"https:\/\/ponteseditores.com.br\/loja3\/pontes-editores-home-2__trashed\/analise-do-discurso\/a-retorica-no-discurso-religioso\/#primaryimage"},"thumbnailUrl":"https:\/\/ponteseditores.com.br\/loja3\/wp-content\/uploads\/2023\/12\/a-retorica-no-discurso-religioso-capa-.jpg","datePublished":"2023-12-13T21:14:53+00:00","dateModified":"2023-12-15T15:13:17+00:00","breadcrumb":{"@id":"https:\/\/ponteseditores.com.br\/loja3\/pontes-editores-home-2__trashed\/analise-do-discurso\/a-retorica-no-discurso-religioso\/#breadcrumb"},"inLanguage":"pt-BR","potentialAction":[{"@type":"ReadAction","target":["https:\/\/ponteseditores.com.br\/loja3\/pontes-editores-home-2__trashed\/analise-do-discurso\/a-retorica-no-discurso-religioso\/"]}]},{"@type":"ImageObject","inLanguage":"pt-BR","@id":"https:\/\/ponteseditores.com.br\/loja3\/pontes-editores-home-2__trashed\/analise-do-discurso\/a-retorica-no-discurso-religioso\/#primaryimage","url":"https:\/\/ponteseditores.com.br\/loja3\/wp-content\/uploads\/2023\/12\/a-retorica-no-discurso-religioso-capa-.jpg","contentUrl":"https:\/\/ponteseditores.com.br\/loja3\/wp-content\/uploads\/2023\/12\/a-retorica-no-discurso-religioso-capa-.jpg","width":1728,"height":2443},{"@type":"BreadcrumbList","@id":"https:\/\/ponteseditores.com.br\/loja3\/pontes-editores-home-2__trashed\/analise-do-discurso\/a-retorica-no-discurso-religioso\/#breadcrumb","itemListElement":[{"@type":"ListItem","position":1,"name":"Home","item":"https:\/\/ponteseditores.com.br\/loja3\/"},{"@type":"ListItem","position":2,"name":"loja","item":"https:\/\/ponteseditores.com.br\/loja3\/loja\/"},{"@type":"ListItem","position":3,"name":"A RET\u00d3RICA NO DISCURSO RELIGIOSO"}]},{"@type":"WebSite","@id":"https:\/\/ponteseditores.com.br\/loja3\/#website","url":"https:\/\/ponteseditores.com.br\/loja3\/","name":"Pontes Editores","description":"Pontes Editores","publisher":{"@id":"https:\/\/ponteseditores.com.br\/loja3\/#organization"},"potentialAction":[{"@type":"SearchAction","target":{"@type":"EntryPoint","urlTemplate":"https:\/\/ponteseditores.com.br\/loja3\/?s={search_term_string}"},"query-input":{"@type":"PropertyValueSpecification","valueRequired":true,"valueName":"search_term_string"}}],"inLanguage":"pt-BR"},{"@type":"Organization","@id":"https:\/\/ponteseditores.com.br\/loja3\/#organization","name":"Pontes Editores","url":"https:\/\/ponteseditores.com.br\/loja3\/","logo":{"@type":"ImageObject","inLanguage":"pt-BR","@id":"https:\/\/ponteseditores.com.br\/loja3\/#\/schema\/logo\/image\/","url":"https:\/\/ponteseditores.com.br\/loja3\/wp-content\/uploads\/2023\/12\/logo-pontes-editores-v2.png","contentUrl":"https:\/\/ponteseditores.com.br\/loja3\/wp-content\/uploads\/2023\/12\/logo-pontes-editores-v2.png","width":258,"height":100,"caption":"Pontes Editores"},"image":{"@id":"https:\/\/ponteseditores.com.br\/loja3\/#\/schema\/logo\/image\/"}}]}},"_links":{"self":[{"href":"https:\/\/ponteseditores.com.br\/loja3\/wp-json\/wp\/v2\/product\/7025","targetHints":{"allow":["GET"]}}],"collection":[{"href":"https:\/\/ponteseditores.com.br\/loja3\/wp-json\/wp\/v2\/product"}],"about":[{"href":"https:\/\/ponteseditores.com.br\/loja3\/wp-json\/wp\/v2\/types\/product"}],"replies":[{"embeddable":true,"href":"https:\/\/ponteseditores.com.br\/loja3\/wp-json\/wp\/v2\/comments?post=7025"}],"version-history":[{"count":0,"href":"https:\/\/ponteseditores.com.br\/loja3\/wp-json\/wp\/v2\/product\/7025\/revisions"}],"wp:featuredmedia":[{"embeddable":true,"href":"https:\/\/ponteseditores.com.br\/loja3\/wp-json\/wp\/v2\/media\/6467"}],"wp:attachment":[{"href":"https:\/\/ponteseditores.com.br\/loja3\/wp-json\/wp\/v2\/media?parent=7025"}],"wp:term":[{"taxonomy":"product_brand","embeddable":true,"href":"https:\/\/ponteseditores.com.br\/loja3\/wp-json\/wp\/v2\/product_brand?post=7025"},{"taxonomy":"product_cat","embeddable":true,"href":"https:\/\/ponteseditores.com.br\/loja3\/wp-json\/wp\/v2\/product_cat?post=7025"},{"taxonomy":"product_tag","embeddable":true,"href":"https:\/\/ponteseditores.com.br\/loja3\/wp-json\/wp\/v2\/product_tag?post=7025"}],"curies":[{"name":"wp","href":"https:\/\/api.w.org\/{rel}","templated":true}]}}