{"id":7019,"date":"2023-12-13T17:58:45","date_gmt":"2023-12-13T20:58:45","guid":{"rendered":"https:\/\/ponteseditores.com.br\/loja3\/?post_type=product&#038;p=7019"},"modified":"2025-10-08T10:54:41","modified_gmt":"2025-10-08T13:54:41","slug":"bilinguismo-e-linguas-de-heranca","status":"publish","type":"product","link":"https:\/\/ponteseditores.com.br\/loja3\/pontes-editores-home-2__trashed\/linguistica\/bilinguismo-e-linguas-de-heranca\/","title":{"rendered":"BILINGUISMO E L\u00cdNGUAS DE HERAN\u00c7A"},"content":{"rendered":"<p class=\"p1\">O que \u00e9 uma l\u00edngua de heran\u00e7a, Olga Kagan? Entrevista a Olga Kagan &#8211; \u201cUm falante de heran\u00e7a \u00e9 algu\u00e9m que cresce com uma certa l\u00edngua familiar em casa que \u00e9 diferente da l\u00edngua dominante no pa\u00eds. Portanto, neste caso para este pa\u00eds, a l\u00edngua dominante \u00e9 o ingl\u00eas.<\/p>\n<p class=\"p1\">Portanto, se algu\u00e9m cresce em uma fam\u00edlia onde se fala espanhol, chin\u00eas, \u00e1rabe, vietnamita, coreano, russo, polon\u00eas, essa pessoa seria um falante de heran\u00e7a dessa l\u00edngua. Recentemente, fui coautora de um artigo em que falamos sobre um falante de heran\u00e7a em uma defini\u00e7\u00e3o ampla e um falante de heran\u00e7a em uma defini\u00e7\u00e3o restrita. E essa \u00e9 a pergunta que sempre surge, algu\u00e9m diria ah, meus av\u00f3s eram italianos, isso significa que eu sou um falante de italiano por heran\u00e7a? Depende.<\/p>\n<p class=\"p1\">Para mim, depende se voc\u00ea sabe um pouco de italiano ou n\u00e3o. Para algumas outras pessoas como Joshua Fishman, por exemplo, ele diria que sim, este \u00e9 um falante de heran\u00e7a do italiano. Mas isso seria uma heran\u00e7a motivacional, por assim dizer, n\u00e3o a profici\u00eancia. Ent\u00e3o voc\u00ea pode falar sobre um orador de heran\u00e7a em um sentido amplo, uma defini\u00e7\u00e3o ampla. O que significa que tenho alguma afinidade com a l\u00edngua que vem da minha origem familiar. Ent\u00e3o, estou emocionalmente ligado \u00e0 l\u00edngua e quero aprend\u00ea-la. A defini\u00e7\u00e3o restrita \u00e9 um falante que realmente tem alguma profici\u00eancia.<\/p>\n<p class=\"p1\">O que significa que o idioma \u00e9 falado em casa, o que significa que o falante participou ou ouviu ou ouviu muito desse idioma. Ent\u00e3o, para mim, o grupo de alunos com o qual estou mais preocupado s\u00e3o esses falantes de heran\u00e7a que se encaixam na minha defini\u00e7\u00e3o restrita.<\/p>\n<p class=\"p1\">Eles t\u00eam certa profici\u00eancia no idioma e essa profici\u00eancia varia dependendo do ambiente dom\u00e9stico, da quantidade de idioma falado em casa e de muitos outros problemas. Assim, quando um aluno que continua a falar uma l\u00edngua materna chega a uma aula de l\u00edngua estrangeira, podemos ver claramente a diferen\u00e7a entre aquele falante e um aprendiz de l\u00edngua estrangeira.\u201d https:\/\/www.international.ucla.edu\/apc\/article\/93215 Publicado em 3 de junho de 2008.<\/p>\n","protected":false},"excerpt":{"rendered":"<h4 class=\"p1\">Construindo pontes e di\u00e1logos entre l\u00ednguas &#8211; culturas<\/h4>\n<p>O que \u00e9 uma l\u00edngua de heran\u00e7a, Olga Kagan? Entrevista a Olga Kagan &#8211; \u201cUm falante de heran\u00e7a \u00e9 algu\u00e9m que cresce com uma certa l\u00edngua familiar em casa que \u00e9 diferente da l\u00edngua dominante no pa\u00eds. Portanto, neste caso para este pa\u00eds, a l\u00edngua dominante \u00e9 o ingl\u00eas.<\/p>\n","protected":false},"featured_media":6472,"comment_status":"open","ping_status":"closed","template":"","meta":{"_joinchat":[]},"product_brand":[],"product_cat":[97,31],"product_tag":[],"class_list":{"0":"post-7019","1":"product","2":"type-product","3":"status-publish","4":"has-post-thumbnail","6":"product_cat-educacao","7":"product_cat-linguistica","8":"product_shipping_class-livro-pontes-editores-fisico","10":"first","11":"outofstock","12":"shipping-taxable","13":"purchasable","14":"product-type-simple"},"yoast_head":"<!-- This site is optimized with the Yoast SEO plugin v27.4 - https:\/\/yoast.com\/product\/yoast-seo-wordpress\/ -->\n<title>BILINGUISMO E L\u00cdNGUAS DE HERAN\u00c7A - Pontes Editores<\/title>\n<meta name=\"robots\" content=\"index, follow, max-snippet:-1, max-image-preview:large, max-video-preview:-1\" \/>\n<link rel=\"canonical\" href=\"https:\/\/ponteseditores.com.br\/loja3\/pontes-editores-home-2__trashed\/linguistica\/bilinguismo-e-linguas-de-heranca\/\" \/>\n<meta property=\"og:locale\" content=\"pt_BR\" \/>\n<meta property=\"og:type\" content=\"article\" \/>\n<meta property=\"og:title\" content=\"BILINGUISMO E L\u00cdNGUAS DE HERAN\u00c7A - Pontes Editores\" \/>\n<meta property=\"og:description\" content=\"Construindo pontes e di\u00e1logos entre l\u00ednguas - culturas O que \u00e9 uma l\u00edngua de heran\u00e7a, Olga Kagan? Entrevista a Olga Kagan - \u201cUm falante de heran\u00e7a \u00e9 algu\u00e9m que cresce com uma certa l\u00edngua familiar em casa que \u00e9 diferente da l\u00edngua dominante no pa\u00eds. Portanto, neste caso para este pa\u00eds, a l\u00edngua dominante \u00e9 o ingl\u00eas.\" \/>\n<meta property=\"og:url\" content=\"https:\/\/ponteseditores.com.br\/loja3\/pontes-editores-home-2__trashed\/linguistica\/bilinguismo-e-linguas-de-heranca\/\" \/>\n<meta property=\"og:site_name\" content=\"Pontes Editores\" \/>\n<meta property=\"article:modified_time\" content=\"2025-10-08T13:54:41+00:00\" \/>\n<meta property=\"og:image\" content=\"https:\/\/ponteseditores.com.br\/loja3\/wp-content\/uploads\/2023\/12\/bilinguismo-e-linguas-de-heranca-capa-.jpg\" \/>\n\t<meta property=\"og:image:width\" content=\"1728\" \/>\n\t<meta property=\"og:image:height\" content=\"2443\" \/>\n\t<meta property=\"og:image:type\" content=\"image\/jpeg\" \/>\n<meta name=\"twitter:card\" content=\"summary_large_image\" \/>\n<meta name=\"twitter:label1\" content=\"Est. tempo de leitura\" \/>\n\t<meta name=\"twitter:data1\" content=\"3 minutos\" \/>\n<script type=\"application\/ld+json\" class=\"yoast-schema-graph\">{\"@context\":\"https:\\\/\\\/schema.org\",\"@graph\":[{\"@type\":\"WebPage\",\"@id\":\"https:\\\/\\\/ponteseditores.com.br\\\/loja3\\\/pontes-editores-home-2__trashed\\\/linguistica\\\/bilinguismo-e-linguas-de-heranca\\\/\",\"url\":\"https:\\\/\\\/ponteseditores.com.br\\\/loja3\\\/pontes-editores-home-2__trashed\\\/linguistica\\\/bilinguismo-e-linguas-de-heranca\\\/\",\"name\":\"BILINGUISMO E L\u00cdNGUAS DE HERAN\u00c7A - Pontes Editores\",\"isPartOf\":{\"@id\":\"https:\\\/\\\/ponteseditores.com.br\\\/loja3\\\/#website\"},\"primaryImageOfPage\":{\"@id\":\"https:\\\/\\\/ponteseditores.com.br\\\/loja3\\\/pontes-editores-home-2__trashed\\\/linguistica\\\/bilinguismo-e-linguas-de-heranca\\\/#primaryimage\"},\"image\":{\"@id\":\"https:\\\/\\\/ponteseditores.com.br\\\/loja3\\\/pontes-editores-home-2__trashed\\\/linguistica\\\/bilinguismo-e-linguas-de-heranca\\\/#primaryimage\"},\"thumbnailUrl\":\"https:\\\/\\\/ponteseditores.com.br\\\/loja3\\\/wp-content\\\/uploads\\\/2023\\\/12\\\/bilinguismo-e-linguas-de-heranca-capa-.jpg\",\"datePublished\":\"2023-12-13T20:58:45+00:00\",\"dateModified\":\"2025-10-08T13:54:41+00:00\",\"breadcrumb\":{\"@id\":\"https:\\\/\\\/ponteseditores.com.br\\\/loja3\\\/pontes-editores-home-2__trashed\\\/linguistica\\\/bilinguismo-e-linguas-de-heranca\\\/#breadcrumb\"},\"inLanguage\":\"pt-BR\",\"potentialAction\":[{\"@type\":\"ReadAction\",\"target\":[\"https:\\\/\\\/ponteseditores.com.br\\\/loja3\\\/pontes-editores-home-2__trashed\\\/linguistica\\\/bilinguismo-e-linguas-de-heranca\\\/\"]}]},{\"@type\":\"ImageObject\",\"inLanguage\":\"pt-BR\",\"@id\":\"https:\\\/\\\/ponteseditores.com.br\\\/loja3\\\/pontes-editores-home-2__trashed\\\/linguistica\\\/bilinguismo-e-linguas-de-heranca\\\/#primaryimage\",\"url\":\"https:\\\/\\\/ponteseditores.com.br\\\/loja3\\\/wp-content\\\/uploads\\\/2023\\\/12\\\/bilinguismo-e-linguas-de-heranca-capa-.jpg\",\"contentUrl\":\"https:\\\/\\\/ponteseditores.com.br\\\/loja3\\\/wp-content\\\/uploads\\\/2023\\\/12\\\/bilinguismo-e-linguas-de-heranca-capa-.jpg\",\"width\":1728,\"height\":2443},{\"@type\":\"BreadcrumbList\",\"@id\":\"https:\\\/\\\/ponteseditores.com.br\\\/loja3\\\/pontes-editores-home-2__trashed\\\/linguistica\\\/bilinguismo-e-linguas-de-heranca\\\/#breadcrumb\",\"itemListElement\":[{\"@type\":\"ListItem\",\"position\":1,\"name\":\"Home\",\"item\":\"https:\\\/\\\/ponteseditores.com.br\\\/loja3\\\/\"},{\"@type\":\"ListItem\",\"position\":2,\"name\":\"loja\",\"item\":\"https:\\\/\\\/ponteseditores.com.br\\\/loja3\\\/loja\\\/\"},{\"@type\":\"ListItem\",\"position\":3,\"name\":\"BILINGUISMO E L\u00cdNGUAS DE HERAN\u00c7A\"}]},{\"@type\":\"WebSite\",\"@id\":\"https:\\\/\\\/ponteseditores.com.br\\\/loja3\\\/#website\",\"url\":\"https:\\\/\\\/ponteseditores.com.br\\\/loja3\\\/\",\"name\":\"Pontes Editores\",\"description\":\"Pontes Editores\",\"publisher\":{\"@id\":\"https:\\\/\\\/ponteseditores.com.br\\\/loja3\\\/#organization\"},\"potentialAction\":[{\"@type\":\"SearchAction\",\"target\":{\"@type\":\"EntryPoint\",\"urlTemplate\":\"https:\\\/\\\/ponteseditores.com.br\\\/loja3\\\/?s={search_term_string}\"},\"query-input\":{\"@type\":\"PropertyValueSpecification\",\"valueRequired\":true,\"valueName\":\"search_term_string\"}}],\"inLanguage\":\"pt-BR\"},{\"@type\":\"Organization\",\"@id\":\"https:\\\/\\\/ponteseditores.com.br\\\/loja3\\\/#organization\",\"name\":\"Pontes Editores\",\"url\":\"https:\\\/\\\/ponteseditores.com.br\\\/loja3\\\/\",\"logo\":{\"@type\":\"ImageObject\",\"inLanguage\":\"pt-BR\",\"@id\":\"https:\\\/\\\/ponteseditores.com.br\\\/loja3\\\/#\\\/schema\\\/logo\\\/image\\\/\",\"url\":\"https:\\\/\\\/ponteseditores.com.br\\\/loja3\\\/wp-content\\\/uploads\\\/2023\\\/12\\\/logo-pontes-editores-v2.png\",\"contentUrl\":\"https:\\\/\\\/ponteseditores.com.br\\\/loja3\\\/wp-content\\\/uploads\\\/2023\\\/12\\\/logo-pontes-editores-v2.png\",\"width\":258,\"height\":100,\"caption\":\"Pontes Editores\"},\"image\":{\"@id\":\"https:\\\/\\\/ponteseditores.com.br\\\/loja3\\\/#\\\/schema\\\/logo\\\/image\\\/\"}}]}<\/script>\n<!-- \/ Yoast SEO plugin. -->","yoast_head_json":{"title":"BILINGUISMO E L\u00cdNGUAS DE HERAN\u00c7A - Pontes Editores","robots":{"index":"index","follow":"follow","max-snippet":"max-snippet:-1","max-image-preview":"max-image-preview:large","max-video-preview":"max-video-preview:-1"},"canonical":"https:\/\/ponteseditores.com.br\/loja3\/pontes-editores-home-2__trashed\/linguistica\/bilinguismo-e-linguas-de-heranca\/","og_locale":"pt_BR","og_type":"article","og_title":"BILINGUISMO E L\u00cdNGUAS DE HERAN\u00c7A - Pontes Editores","og_description":"Construindo pontes e di\u00e1logos entre l\u00ednguas - culturas O que \u00e9 uma l\u00edngua de heran\u00e7a, Olga Kagan? Entrevista a Olga Kagan - \u201cUm falante de heran\u00e7a \u00e9 algu\u00e9m que cresce com uma certa l\u00edngua familiar em casa que \u00e9 diferente da l\u00edngua dominante no pa\u00eds. Portanto, neste caso para este pa\u00eds, a l\u00edngua dominante \u00e9 o ingl\u00eas.","og_url":"https:\/\/ponteseditores.com.br\/loja3\/pontes-editores-home-2__trashed\/linguistica\/bilinguismo-e-linguas-de-heranca\/","og_site_name":"Pontes Editores","article_modified_time":"2025-10-08T13:54:41+00:00","og_image":[{"width":1728,"height":2443,"url":"https:\/\/ponteseditores.com.br\/loja3\/wp-content\/uploads\/2023\/12\/bilinguismo-e-linguas-de-heranca-capa-.jpg","type":"image\/jpeg"}],"twitter_card":"summary_large_image","twitter_misc":{"Est. tempo de leitura":"3 minutos"},"schema":{"@context":"https:\/\/schema.org","@graph":[{"@type":"WebPage","@id":"https:\/\/ponteseditores.com.br\/loja3\/pontes-editores-home-2__trashed\/linguistica\/bilinguismo-e-linguas-de-heranca\/","url":"https:\/\/ponteseditores.com.br\/loja3\/pontes-editores-home-2__trashed\/linguistica\/bilinguismo-e-linguas-de-heranca\/","name":"BILINGUISMO E L\u00cdNGUAS DE HERAN\u00c7A - Pontes Editores","isPartOf":{"@id":"https:\/\/ponteseditores.com.br\/loja3\/#website"},"primaryImageOfPage":{"@id":"https:\/\/ponteseditores.com.br\/loja3\/pontes-editores-home-2__trashed\/linguistica\/bilinguismo-e-linguas-de-heranca\/#primaryimage"},"image":{"@id":"https:\/\/ponteseditores.com.br\/loja3\/pontes-editores-home-2__trashed\/linguistica\/bilinguismo-e-linguas-de-heranca\/#primaryimage"},"thumbnailUrl":"https:\/\/ponteseditores.com.br\/loja3\/wp-content\/uploads\/2023\/12\/bilinguismo-e-linguas-de-heranca-capa-.jpg","datePublished":"2023-12-13T20:58:45+00:00","dateModified":"2025-10-08T13:54:41+00:00","breadcrumb":{"@id":"https:\/\/ponteseditores.com.br\/loja3\/pontes-editores-home-2__trashed\/linguistica\/bilinguismo-e-linguas-de-heranca\/#breadcrumb"},"inLanguage":"pt-BR","potentialAction":[{"@type":"ReadAction","target":["https:\/\/ponteseditores.com.br\/loja3\/pontes-editores-home-2__trashed\/linguistica\/bilinguismo-e-linguas-de-heranca\/"]}]},{"@type":"ImageObject","inLanguage":"pt-BR","@id":"https:\/\/ponteseditores.com.br\/loja3\/pontes-editores-home-2__trashed\/linguistica\/bilinguismo-e-linguas-de-heranca\/#primaryimage","url":"https:\/\/ponteseditores.com.br\/loja3\/wp-content\/uploads\/2023\/12\/bilinguismo-e-linguas-de-heranca-capa-.jpg","contentUrl":"https:\/\/ponteseditores.com.br\/loja3\/wp-content\/uploads\/2023\/12\/bilinguismo-e-linguas-de-heranca-capa-.jpg","width":1728,"height":2443},{"@type":"BreadcrumbList","@id":"https:\/\/ponteseditores.com.br\/loja3\/pontes-editores-home-2__trashed\/linguistica\/bilinguismo-e-linguas-de-heranca\/#breadcrumb","itemListElement":[{"@type":"ListItem","position":1,"name":"Home","item":"https:\/\/ponteseditores.com.br\/loja3\/"},{"@type":"ListItem","position":2,"name":"loja","item":"https:\/\/ponteseditores.com.br\/loja3\/loja\/"},{"@type":"ListItem","position":3,"name":"BILINGUISMO E L\u00cdNGUAS DE HERAN\u00c7A"}]},{"@type":"WebSite","@id":"https:\/\/ponteseditores.com.br\/loja3\/#website","url":"https:\/\/ponteseditores.com.br\/loja3\/","name":"Pontes Editores","description":"Pontes Editores","publisher":{"@id":"https:\/\/ponteseditores.com.br\/loja3\/#organization"},"potentialAction":[{"@type":"SearchAction","target":{"@type":"EntryPoint","urlTemplate":"https:\/\/ponteseditores.com.br\/loja3\/?s={search_term_string}"},"query-input":{"@type":"PropertyValueSpecification","valueRequired":true,"valueName":"search_term_string"}}],"inLanguage":"pt-BR"},{"@type":"Organization","@id":"https:\/\/ponteseditores.com.br\/loja3\/#organization","name":"Pontes Editores","url":"https:\/\/ponteseditores.com.br\/loja3\/","logo":{"@type":"ImageObject","inLanguage":"pt-BR","@id":"https:\/\/ponteseditores.com.br\/loja3\/#\/schema\/logo\/image\/","url":"https:\/\/ponteseditores.com.br\/loja3\/wp-content\/uploads\/2023\/12\/logo-pontes-editores-v2.png","contentUrl":"https:\/\/ponteseditores.com.br\/loja3\/wp-content\/uploads\/2023\/12\/logo-pontes-editores-v2.png","width":258,"height":100,"caption":"Pontes Editores"},"image":{"@id":"https:\/\/ponteseditores.com.br\/loja3\/#\/schema\/logo\/image\/"}}]}},"_links":{"self":[{"href":"https:\/\/ponteseditores.com.br\/loja3\/wp-json\/wp\/v2\/product\/7019","targetHints":{"allow":["GET"]}}],"collection":[{"href":"https:\/\/ponteseditores.com.br\/loja3\/wp-json\/wp\/v2\/product"}],"about":[{"href":"https:\/\/ponteseditores.com.br\/loja3\/wp-json\/wp\/v2\/types\/product"}],"replies":[{"embeddable":true,"href":"https:\/\/ponteseditores.com.br\/loja3\/wp-json\/wp\/v2\/comments?post=7019"}],"version-history":[{"count":1,"href":"https:\/\/ponteseditores.com.br\/loja3\/wp-json\/wp\/v2\/product\/7019\/revisions"}],"predecessor-version":[{"id":31604,"href":"https:\/\/ponteseditores.com.br\/loja3\/wp-json\/wp\/v2\/product\/7019\/revisions\/31604"}],"wp:featuredmedia":[{"embeddable":true,"href":"https:\/\/ponteseditores.com.br\/loja3\/wp-json\/wp\/v2\/media\/6472"}],"wp:attachment":[{"href":"https:\/\/ponteseditores.com.br\/loja3\/wp-json\/wp\/v2\/media?parent=7019"}],"wp:term":[{"taxonomy":"product_brand","embeddable":true,"href":"https:\/\/ponteseditores.com.br\/loja3\/wp-json\/wp\/v2\/product_brand?post=7019"},{"taxonomy":"product_cat","embeddable":true,"href":"https:\/\/ponteseditores.com.br\/loja3\/wp-json\/wp\/v2\/product_cat?post=7019"},{"taxonomy":"product_tag","embeddable":true,"href":"https:\/\/ponteseditores.com.br\/loja3\/wp-json\/wp\/v2\/product_tag?post=7019"}],"curies":[{"name":"wp","href":"https:\/\/api.w.org\/{rel}","templated":true}]}}