{"id":7018,"date":"2023-12-13T17:54:16","date_gmt":"2023-12-13T20:54:16","guid":{"rendered":"https:\/\/ponteseditores.com.br\/loja3\/?post_type=product&#038;p=7018"},"modified":"2023-12-15T12:13:18","modified_gmt":"2023-12-15T15:13:18","slug":"buena-onda-musica-e-cultura-nas-ondas-do-radio","status":"publish","type":"product","link":"https:\/\/ponteseditores.com.br\/loja3\/pontes-editores-home-2__trashed\/linguas\/buena-onda-musica-e-cultura-nas-ondas-do-radio\/","title":{"rendered":"BUENA ONDA M\u00daSICA E CULTURA NAS ONDAS DO R\u00c1DIO"},"content":{"rendered":"<p class=\"p1\">Que emissora acolheria um programa de car\u00e1ter t\u00e3o singular como o Buena Onda sen\u00e3o uma r\u00e1dio p\u00fablica? E por que n\u00e3o uma r\u00e1dio universit\u00e1ria? Pela sua indiscut\u00edvel qualidade o programa poderia ser ouvido em qualquer sintonia, de uma emissora comercial, inclusive.<\/p>\n<p class=\"p1\">Mas a r\u00e1dio p\u00fablica, plena da sua independ\u00eancia aos ditames do mercado, est\u00e1 indiscutivelmente comprometida com a cultura, com a educa\u00e7\u00e3o e com a constru\u00e7\u00e3o da cidadania, como bem observa a professora Raquel La Corte dos Santos, uma apaixonada pelo programa que coordena. Buena Onda sintetiza os objetivos da R\u00e1dio UFS, que existe para divulgar as diversas manifesta\u00e7\u00f5es da cultura, sem descuidar de produzir e veicular programas jornal\u00edsticos, educativos, de cunho cient\u00edfico e de promo\u00e7\u00e3o da cidadania. Trabalhando com sensibilidade e m\u00e9todo a difus\u00e3o da l\u00edngua espanhola, o programa Buena Onda veicula informa\u00e7\u00f5es culturais relevantes e que despertam o interesse pelo conhecimento, promove o processo de educar sendo multidisciplinar e dissemina princ\u00edpios \u00e9ticos universais.<\/p>\n<p class=\"p1\">A R\u00e1dio UFS funcionava h\u00e1 apenas dois anos quando, em 2011, professoras do Departamento de Letras\/Espanhol, estimuladas por duas alunas, acreditaram que a jovem emissora seria o canal para frui\u00e7\u00e3o do projeto inovador, inicialmente concebido e gravado como quadros de poucos minutos veiculados aleatoriamente na programa\u00e7\u00e3o. Deu certo.<\/p>\n<p class=\"p1\">Cuidadosamente elaborado, exibindo conte\u00fado que prima pela qualidade, Buena Onda est\u00e1 fixado na grade de programa\u00e7\u00e3o da R\u00e1dio UFS desde 2015. Como programa semanal de uma hora de dura\u00e7\u00e3o, \u00e9 veiculado todo domingo, \u00e0s 11 horas, llueva o brille el sol, em tempos normais ou pand\u00eamicos. Para o bem da emissora da Universidade Federal de Sergipe e deleite dos ouvintes. Marcos Cardoso &#8211; Diretor da R\u00e1dio UFS<\/p>\n","protected":false},"excerpt":{"rendered":"<p>Que emissora acolheria um programa de car\u00e1ter t\u00e3o singular como o Buena Onda sen\u00e3o uma r\u00e1dio p\u00fablica? E por que n\u00e3o uma r\u00e1dio universit\u00e1ria? Pela sua indiscut\u00edvel qualidade o programa poderia ser ouvido em qualquer sintonia, de uma emissora comercial, inclusive.<\/p>\n","protected":false},"featured_media":6981,"comment_status":"open","ping_status":"closed","template":"","meta":{"_joinchat":[]},"product_brand":[],"product_cat":[1041,54],"product_tag":[],"class_list":{"0":"post-7018","1":"product","2":"type-product","3":"status-publish","4":"has-post-thumbnail","6":"product_cat-comunicacao","7":"product_cat-linguas","8":"product_shipping_class-livro-pontes-editores-fisico","10":"first","11":"instock","12":"shipping-taxable","13":"purchasable","14":"product-type-simple"},"yoast_head":"<!-- This site is optimized with the Yoast SEO plugin v27.4 - https:\/\/yoast.com\/product\/yoast-seo-wordpress\/ -->\n<title>BUENA ONDA M\u00daSICA E CULTURA NAS ONDAS DO R\u00c1DIO - Pontes Editores<\/title>\n<meta name=\"robots\" content=\"index, follow, max-snippet:-1, max-image-preview:large, max-video-preview:-1\" \/>\n<link rel=\"canonical\" href=\"https:\/\/ponteseditores.com.br\/loja3\/pontes-editores-home-2__trashed\/linguas\/buena-onda-musica-e-cultura-nas-ondas-do-radio\/\" \/>\n<meta property=\"og:locale\" content=\"pt_BR\" \/>\n<meta property=\"og:type\" content=\"article\" \/>\n<meta property=\"og:title\" content=\"BUENA ONDA M\u00daSICA E CULTURA NAS ONDAS DO R\u00c1DIO - Pontes Editores\" \/>\n<meta property=\"og:description\" content=\"Que emissora acolheria um programa de car\u00e1ter t\u00e3o singular como o Buena Onda sen\u00e3o uma r\u00e1dio p\u00fablica? E por que n\u00e3o uma r\u00e1dio universit\u00e1ria? Pela sua indiscut\u00edvel qualidade o programa poderia ser ouvido em qualquer sintonia, de uma emissora comercial, inclusive.\" \/>\n<meta property=\"og:url\" content=\"https:\/\/ponteseditores.com.br\/loja3\/pontes-editores-home-2__trashed\/linguas\/buena-onda-musica-e-cultura-nas-ondas-do-radio\/\" \/>\n<meta property=\"og:site_name\" content=\"Pontes Editores\" \/>\n<meta property=\"article:modified_time\" content=\"2023-12-15T15:13:18+00:00\" \/>\n<meta property=\"og:image\" content=\"https:\/\/ponteseditores.com.br\/loja3\/wp-content\/uploads\/2023\/12\/buena-onda-capa-1-1.jpg\" \/>\n\t<meta property=\"og:image:width\" content=\"1000\" \/>\n\t<meta property=\"og:image:height\" content=\"1414\" \/>\n\t<meta property=\"og:image:type\" content=\"image\/jpeg\" \/>\n<meta name=\"twitter:card\" content=\"summary_large_image\" \/>\n<meta name=\"twitter:label1\" content=\"Est. tempo de leitura\" \/>\n\t<meta name=\"twitter:data1\" content=\"2 minutos\" \/>\n<script type=\"application\/ld+json\" class=\"yoast-schema-graph\">{\"@context\":\"https:\\\/\\\/schema.org\",\"@graph\":[{\"@type\":\"WebPage\",\"@id\":\"https:\\\/\\\/ponteseditores.com.br\\\/loja3\\\/pontes-editores-home-2__trashed\\\/linguas\\\/buena-onda-musica-e-cultura-nas-ondas-do-radio\\\/\",\"url\":\"https:\\\/\\\/ponteseditores.com.br\\\/loja3\\\/pontes-editores-home-2__trashed\\\/linguas\\\/buena-onda-musica-e-cultura-nas-ondas-do-radio\\\/\",\"name\":\"BUENA ONDA M\u00daSICA E CULTURA NAS ONDAS DO R\u00c1DIO - Pontes Editores\",\"isPartOf\":{\"@id\":\"https:\\\/\\\/ponteseditores.com.br\\\/loja3\\\/#website\"},\"primaryImageOfPage\":{\"@id\":\"https:\\\/\\\/ponteseditores.com.br\\\/loja3\\\/pontes-editores-home-2__trashed\\\/linguas\\\/buena-onda-musica-e-cultura-nas-ondas-do-radio\\\/#primaryimage\"},\"image\":{\"@id\":\"https:\\\/\\\/ponteseditores.com.br\\\/loja3\\\/pontes-editores-home-2__trashed\\\/linguas\\\/buena-onda-musica-e-cultura-nas-ondas-do-radio\\\/#primaryimage\"},\"thumbnailUrl\":\"https:\\\/\\\/ponteseditores.com.br\\\/loja3\\\/wp-content\\\/uploads\\\/2023\\\/12\\\/buena-onda-capa-1-1.jpg\",\"datePublished\":\"2023-12-13T20:54:16+00:00\",\"dateModified\":\"2023-12-15T15:13:18+00:00\",\"breadcrumb\":{\"@id\":\"https:\\\/\\\/ponteseditores.com.br\\\/loja3\\\/pontes-editores-home-2__trashed\\\/linguas\\\/buena-onda-musica-e-cultura-nas-ondas-do-radio\\\/#breadcrumb\"},\"inLanguage\":\"pt-BR\",\"potentialAction\":[{\"@type\":\"ReadAction\",\"target\":[\"https:\\\/\\\/ponteseditores.com.br\\\/loja3\\\/pontes-editores-home-2__trashed\\\/linguas\\\/buena-onda-musica-e-cultura-nas-ondas-do-radio\\\/\"]}]},{\"@type\":\"ImageObject\",\"inLanguage\":\"pt-BR\",\"@id\":\"https:\\\/\\\/ponteseditores.com.br\\\/loja3\\\/pontes-editores-home-2__trashed\\\/linguas\\\/buena-onda-musica-e-cultura-nas-ondas-do-radio\\\/#primaryimage\",\"url\":\"https:\\\/\\\/ponteseditores.com.br\\\/loja3\\\/wp-content\\\/uploads\\\/2023\\\/12\\\/buena-onda-capa-1-1.jpg\",\"contentUrl\":\"https:\\\/\\\/ponteseditores.com.br\\\/loja3\\\/wp-content\\\/uploads\\\/2023\\\/12\\\/buena-onda-capa-1-1.jpg\",\"width\":1000,\"height\":1414},{\"@type\":\"BreadcrumbList\",\"@id\":\"https:\\\/\\\/ponteseditores.com.br\\\/loja3\\\/pontes-editores-home-2__trashed\\\/linguas\\\/buena-onda-musica-e-cultura-nas-ondas-do-radio\\\/#breadcrumb\",\"itemListElement\":[{\"@type\":\"ListItem\",\"position\":1,\"name\":\"Home\",\"item\":\"https:\\\/\\\/ponteseditores.com.br\\\/loja3\\\/\"},{\"@type\":\"ListItem\",\"position\":2,\"name\":\"loja\",\"item\":\"https:\\\/\\\/ponteseditores.com.br\\\/loja3\\\/loja\\\/\"},{\"@type\":\"ListItem\",\"position\":3,\"name\":\"BUENA ONDA M\u00daSICA E CULTURA NAS ONDAS DO R\u00c1DIO\"}]},{\"@type\":\"WebSite\",\"@id\":\"https:\\\/\\\/ponteseditores.com.br\\\/loja3\\\/#website\",\"url\":\"https:\\\/\\\/ponteseditores.com.br\\\/loja3\\\/\",\"name\":\"Pontes Editores\",\"description\":\"Pontes Editores\",\"publisher\":{\"@id\":\"https:\\\/\\\/ponteseditores.com.br\\\/loja3\\\/#organization\"},\"potentialAction\":[{\"@type\":\"SearchAction\",\"target\":{\"@type\":\"EntryPoint\",\"urlTemplate\":\"https:\\\/\\\/ponteseditores.com.br\\\/loja3\\\/?s={search_term_string}\"},\"query-input\":{\"@type\":\"PropertyValueSpecification\",\"valueRequired\":true,\"valueName\":\"search_term_string\"}}],\"inLanguage\":\"pt-BR\"},{\"@type\":\"Organization\",\"@id\":\"https:\\\/\\\/ponteseditores.com.br\\\/loja3\\\/#organization\",\"name\":\"Pontes Editores\",\"url\":\"https:\\\/\\\/ponteseditores.com.br\\\/loja3\\\/\",\"logo\":{\"@type\":\"ImageObject\",\"inLanguage\":\"pt-BR\",\"@id\":\"https:\\\/\\\/ponteseditores.com.br\\\/loja3\\\/#\\\/schema\\\/logo\\\/image\\\/\",\"url\":\"https:\\\/\\\/ponteseditores.com.br\\\/loja3\\\/wp-content\\\/uploads\\\/2023\\\/12\\\/logo-pontes-editores-v2.png\",\"contentUrl\":\"https:\\\/\\\/ponteseditores.com.br\\\/loja3\\\/wp-content\\\/uploads\\\/2023\\\/12\\\/logo-pontes-editores-v2.png\",\"width\":258,\"height\":100,\"caption\":\"Pontes Editores\"},\"image\":{\"@id\":\"https:\\\/\\\/ponteseditores.com.br\\\/loja3\\\/#\\\/schema\\\/logo\\\/image\\\/\"}}]}<\/script>\n<!-- \/ Yoast SEO plugin. -->","yoast_head_json":{"title":"BUENA ONDA M\u00daSICA E CULTURA NAS ONDAS DO R\u00c1DIO - Pontes Editores","robots":{"index":"index","follow":"follow","max-snippet":"max-snippet:-1","max-image-preview":"max-image-preview:large","max-video-preview":"max-video-preview:-1"},"canonical":"https:\/\/ponteseditores.com.br\/loja3\/pontes-editores-home-2__trashed\/linguas\/buena-onda-musica-e-cultura-nas-ondas-do-radio\/","og_locale":"pt_BR","og_type":"article","og_title":"BUENA ONDA M\u00daSICA E CULTURA NAS ONDAS DO R\u00c1DIO - Pontes Editores","og_description":"Que emissora acolheria um programa de car\u00e1ter t\u00e3o singular como o Buena Onda sen\u00e3o uma r\u00e1dio p\u00fablica? E por que n\u00e3o uma r\u00e1dio universit\u00e1ria? Pela sua indiscut\u00edvel qualidade o programa poderia ser ouvido em qualquer sintonia, de uma emissora comercial, inclusive.","og_url":"https:\/\/ponteseditores.com.br\/loja3\/pontes-editores-home-2__trashed\/linguas\/buena-onda-musica-e-cultura-nas-ondas-do-radio\/","og_site_name":"Pontes Editores","article_modified_time":"2023-12-15T15:13:18+00:00","og_image":[{"width":1000,"height":1414,"url":"https:\/\/ponteseditores.com.br\/loja3\/wp-content\/uploads\/2023\/12\/buena-onda-capa-1-1.jpg","type":"image\/jpeg"}],"twitter_card":"summary_large_image","twitter_misc":{"Est. tempo de leitura":"2 minutos"},"schema":{"@context":"https:\/\/schema.org","@graph":[{"@type":"WebPage","@id":"https:\/\/ponteseditores.com.br\/loja3\/pontes-editores-home-2__trashed\/linguas\/buena-onda-musica-e-cultura-nas-ondas-do-radio\/","url":"https:\/\/ponteseditores.com.br\/loja3\/pontes-editores-home-2__trashed\/linguas\/buena-onda-musica-e-cultura-nas-ondas-do-radio\/","name":"BUENA ONDA M\u00daSICA E CULTURA NAS ONDAS DO R\u00c1DIO - Pontes Editores","isPartOf":{"@id":"https:\/\/ponteseditores.com.br\/loja3\/#website"},"primaryImageOfPage":{"@id":"https:\/\/ponteseditores.com.br\/loja3\/pontes-editores-home-2__trashed\/linguas\/buena-onda-musica-e-cultura-nas-ondas-do-radio\/#primaryimage"},"image":{"@id":"https:\/\/ponteseditores.com.br\/loja3\/pontes-editores-home-2__trashed\/linguas\/buena-onda-musica-e-cultura-nas-ondas-do-radio\/#primaryimage"},"thumbnailUrl":"https:\/\/ponteseditores.com.br\/loja3\/wp-content\/uploads\/2023\/12\/buena-onda-capa-1-1.jpg","datePublished":"2023-12-13T20:54:16+00:00","dateModified":"2023-12-15T15:13:18+00:00","breadcrumb":{"@id":"https:\/\/ponteseditores.com.br\/loja3\/pontes-editores-home-2__trashed\/linguas\/buena-onda-musica-e-cultura-nas-ondas-do-radio\/#breadcrumb"},"inLanguage":"pt-BR","potentialAction":[{"@type":"ReadAction","target":["https:\/\/ponteseditores.com.br\/loja3\/pontes-editores-home-2__trashed\/linguas\/buena-onda-musica-e-cultura-nas-ondas-do-radio\/"]}]},{"@type":"ImageObject","inLanguage":"pt-BR","@id":"https:\/\/ponteseditores.com.br\/loja3\/pontes-editores-home-2__trashed\/linguas\/buena-onda-musica-e-cultura-nas-ondas-do-radio\/#primaryimage","url":"https:\/\/ponteseditores.com.br\/loja3\/wp-content\/uploads\/2023\/12\/buena-onda-capa-1-1.jpg","contentUrl":"https:\/\/ponteseditores.com.br\/loja3\/wp-content\/uploads\/2023\/12\/buena-onda-capa-1-1.jpg","width":1000,"height":1414},{"@type":"BreadcrumbList","@id":"https:\/\/ponteseditores.com.br\/loja3\/pontes-editores-home-2__trashed\/linguas\/buena-onda-musica-e-cultura-nas-ondas-do-radio\/#breadcrumb","itemListElement":[{"@type":"ListItem","position":1,"name":"Home","item":"https:\/\/ponteseditores.com.br\/loja3\/"},{"@type":"ListItem","position":2,"name":"loja","item":"https:\/\/ponteseditores.com.br\/loja3\/loja\/"},{"@type":"ListItem","position":3,"name":"BUENA ONDA M\u00daSICA E CULTURA NAS ONDAS DO R\u00c1DIO"}]},{"@type":"WebSite","@id":"https:\/\/ponteseditores.com.br\/loja3\/#website","url":"https:\/\/ponteseditores.com.br\/loja3\/","name":"Pontes Editores","description":"Pontes Editores","publisher":{"@id":"https:\/\/ponteseditores.com.br\/loja3\/#organization"},"potentialAction":[{"@type":"SearchAction","target":{"@type":"EntryPoint","urlTemplate":"https:\/\/ponteseditores.com.br\/loja3\/?s={search_term_string}"},"query-input":{"@type":"PropertyValueSpecification","valueRequired":true,"valueName":"search_term_string"}}],"inLanguage":"pt-BR"},{"@type":"Organization","@id":"https:\/\/ponteseditores.com.br\/loja3\/#organization","name":"Pontes Editores","url":"https:\/\/ponteseditores.com.br\/loja3\/","logo":{"@type":"ImageObject","inLanguage":"pt-BR","@id":"https:\/\/ponteseditores.com.br\/loja3\/#\/schema\/logo\/image\/","url":"https:\/\/ponteseditores.com.br\/loja3\/wp-content\/uploads\/2023\/12\/logo-pontes-editores-v2.png","contentUrl":"https:\/\/ponteseditores.com.br\/loja3\/wp-content\/uploads\/2023\/12\/logo-pontes-editores-v2.png","width":258,"height":100,"caption":"Pontes Editores"},"image":{"@id":"https:\/\/ponteseditores.com.br\/loja3\/#\/schema\/logo\/image\/"}}]}},"_links":{"self":[{"href":"https:\/\/ponteseditores.com.br\/loja3\/wp-json\/wp\/v2\/product\/7018","targetHints":{"allow":["GET"]}}],"collection":[{"href":"https:\/\/ponteseditores.com.br\/loja3\/wp-json\/wp\/v2\/product"}],"about":[{"href":"https:\/\/ponteseditores.com.br\/loja3\/wp-json\/wp\/v2\/types\/product"}],"replies":[{"embeddable":true,"href":"https:\/\/ponteseditores.com.br\/loja3\/wp-json\/wp\/v2\/comments?post=7018"}],"version-history":[{"count":0,"href":"https:\/\/ponteseditores.com.br\/loja3\/wp-json\/wp\/v2\/product\/7018\/revisions"}],"wp:featuredmedia":[{"embeddable":true,"href":"https:\/\/ponteseditores.com.br\/loja3\/wp-json\/wp\/v2\/media\/6981"}],"wp:attachment":[{"href":"https:\/\/ponteseditores.com.br\/loja3\/wp-json\/wp\/v2\/media?parent=7018"}],"wp:term":[{"taxonomy":"product_brand","embeddable":true,"href":"https:\/\/ponteseditores.com.br\/loja3\/wp-json\/wp\/v2\/product_brand?post=7018"},{"taxonomy":"product_cat","embeddable":true,"href":"https:\/\/ponteseditores.com.br\/loja3\/wp-json\/wp\/v2\/product_cat?post=7018"},{"taxonomy":"product_tag","embeddable":true,"href":"https:\/\/ponteseditores.com.br\/loja3\/wp-json\/wp\/v2\/product_tag?post=7018"}],"curies":[{"name":"wp","href":"https:\/\/api.w.org\/{rel}","templated":true}]}}