{"id":6962,"date":"2023-12-13T15:19:00","date_gmt":"2023-12-13T18:19:00","guid":{"rendered":"https:\/\/ponteseditores.com.br\/loja3\/?post_type=product&#038;p=6962"},"modified":"2024-01-10T11:50:26","modified_gmt":"2024-01-10T14:50:26","slug":"ensino-de-traducao-remoto-e-a-distancia","status":"publish","type":"product","link":"https:\/\/ponteseditores.com.br\/loja3\/pontes-editores-home-2__trashed\/didatica\/ensino-de-traducao-remoto-e-a-distancia\/","title":{"rendered":"ENSINO DE TRADU\u00c7\u00c3O REMOTO E A DIST\u00c2NCIA"},"content":{"rendered":"<p class=\"p1\">Este volume da cole\u00e7\u00e3o Estudos da Tradu\u00e7\u00e3o, Ensino de Tradu\u00e7\u00e3o remoto e a dist\u00e2ncia: desafios e propostas em tempos de pandemia, publicado pela Pontes Editores, \u00e9 o resultado das pesquisas apresentadas no III Semin\u00e1rio Internacional de Pedagogia e Did\u00e1tica da Tradu\u00e7\u00e3o (SEDITRAD), realizado em formato on-line e transmitido pelo canal do N\u00facleo de Pesquisa em Hist\u00f3ria da Tradu\u00e7\u00e3o e Tradu\u00e7\u00e3o Liter\u00e1ria (NEHTLIT) no YouTube, com interpreta\u00e7\u00e3o para L\u00edngua Brasileira de Sinais (Libras). O SEDITRAD \u00e9 um evento bianual organizado no \u00e2mbito do NEHTLIT, coordenado pela professora doutora Germana Henriques Pereira, do Programa de P\u00f3s-gradua\u00e7\u00e3o em Estudos da Tradu\u00e7\u00e3o da Universidade de Bras\u00edlia (POSTRAD-UnB).<\/p>\n<p class=\"p1\">Realizado de 21 de setembro de 2020 a 27 de outubro de 2020, o III SEDITRAD incluiu homenagens, mesas-redondas, oficina e confer\u00eancias com a participa\u00e7\u00e3o de pesquisadores das mais diversas institui\u00e7\u00f5es de ensino superior nacionais e internacionais.<\/p>\n<p class=\"p1\">O evento consolida-se nos Estudos da Tradu\u00e7\u00e3o do Brasil como um f\u00f3rum de pesquisas relacionadas \u00e0 forma\u00e7\u00e3o de tradutores em n\u00edvel de gradua\u00e7\u00e3o e p\u00f3s-gradua\u00e7\u00e3o, desta vez em um contexto de ensino remoto e a dist\u00e2ncia instalado em 2020 por ocasi\u00e3o da pandemia de Covid-19. Dentre os diversos temas relacionados \u00e0 pedagogia e did\u00e1tica da tradu\u00e7\u00e3o nesse contexto, destacaram-se o uso de m\u00eddias digitais, tecnologias e processo avaliativo no ensino de tradu\u00e7\u00e3o remoto e a dist\u00e2ncia. C\u00e9lia Magalh\u00e3es<\/p>\n","protected":false},"excerpt":{"rendered":"<h4 class=\"p1\">Desafios e propostas em tempos de pandemia<\/h4>\n<p>Este volume da cole\u00e7\u00e3o Estudos da Tradu\u00e7\u00e3o, Ensino de Tradu\u00e7\u00e3o remoto e a dist\u00e2ncia: desafios e propostas em tempos de pandemia, publicado pela Pontes Editores, \u00e9 o resultado das pesquisas apresentadas no III Semin\u00e1rio Internacional de Pedagogia e Did\u00e1tica da Tradu\u00e7\u00e3o (SEDITRAD), realizado em formato on-line e transmitido pelo canal do N\u00facleo de Pesquisa em Hist\u00f3ria da Tradu\u00e7\u00e3o e Tradu\u00e7\u00e3o Liter\u00e1ria (NEHTLIT) no YouTube, com interpreta\u00e7\u00e3o para L\u00edngua Brasileira de Sinais (Libras). O SEDITRAD \u00e9 um evento bianual organizado no \u00e2mbito do NEHTLIT, coordenado pela professora doutora Germana Henriques Pereira, do Programa de P\u00f3s-gradua\u00e7\u00e3o em Estudos da Tradu\u00e7\u00e3o da Universidade de Bras\u00edlia (POSTRAD-UnB).<\/p>\n","protected":false},"featured_media":6943,"comment_status":"open","ping_status":"closed","template":"","meta":{"_joinchat":[]},"product_brand":[],"product_cat":[59,305],"product_tag":[],"class_list":{"0":"post-6962","1":"product","2":"type-product","3":"status-publish","4":"has-post-thumbnail","6":"product_cat-didatica","7":"product_cat-traducao","8":"product_shipping_class-livro-pontes-editores-fisico","10":"first","11":"instock","12":"shipping-taxable","13":"purchasable","14":"product-type-simple"},"yoast_head":"<!-- This site is optimized with the Yoast SEO plugin v27.4 - https:\/\/yoast.com\/product\/yoast-seo-wordpress\/ -->\n<title>ENSINO DE TRADU\u00c7\u00c3O REMOTO E A DIST\u00c2NCIA - Pontes Editores<\/title>\n<meta name=\"robots\" content=\"index, follow, max-snippet:-1, max-image-preview:large, max-video-preview:-1\" \/>\n<link rel=\"canonical\" href=\"https:\/\/ponteseditores.com.br\/loja3\/pontes-editores-home-2__trashed\/didatica\/ensino-de-traducao-remoto-e-a-distancia\/\" \/>\n<meta property=\"og:locale\" content=\"pt_BR\" \/>\n<meta property=\"og:type\" content=\"article\" \/>\n<meta property=\"og:title\" content=\"ENSINO DE TRADU\u00c7\u00c3O REMOTO E A DIST\u00c2NCIA - Pontes Editores\" \/>\n<meta property=\"og:description\" content=\"Desafios e propostas em tempos de pandemia Este volume da cole\u00e7\u00e3o Estudos da Tradu\u00e7\u00e3o, Ensino de Tradu\u00e7\u00e3o remoto e a dist\u00e2ncia: desafios e propostas em tempos de pandemia, publicado pela Pontes Editores, \u00e9 o resultado das pesquisas apresentadas no III Semin\u00e1rio Internacional de Pedagogia e Did\u00e1tica da Tradu\u00e7\u00e3o (SEDITRAD), realizado em formato on-line e transmitido pelo canal do N\u00facleo de Pesquisa em Hist\u00f3ria da Tradu\u00e7\u00e3o e Tradu\u00e7\u00e3o Liter\u00e1ria (NEHTLIT) no YouTube, com interpreta\u00e7\u00e3o para L\u00edngua Brasileira de Sinais (Libras). O SEDITRAD \u00e9 um evento bianual organizado no \u00e2mbito do NEHTLIT, coordenado pela professora doutora Germana Henriques Pereira, do Programa de P\u00f3s-gradua\u00e7\u00e3o em Estudos da Tradu\u00e7\u00e3o da Universidade de Bras\u00edlia (POSTRAD-UnB).\" \/>\n<meta property=\"og:url\" content=\"https:\/\/ponteseditores.com.br\/loja3\/pontes-editores-home-2__trashed\/didatica\/ensino-de-traducao-remoto-e-a-distancia\/\" \/>\n<meta property=\"og:site_name\" content=\"Pontes Editores\" \/>\n<meta property=\"article:modified_time\" content=\"2024-01-10T14:50:26+00:00\" \/>\n<meta property=\"og:image\" content=\"https:\/\/ponteseditores.com.br\/loja3\/wp-content\/uploads\/2023\/12\/ensino-de-traducao-remoto-e-a-distancia-capa-1-1.jpg\" \/>\n\t<meta property=\"og:image:width\" content=\"1728\" \/>\n\t<meta property=\"og:image:height\" content=\"2443\" \/>\n\t<meta property=\"og:image:type\" content=\"image\/jpeg\" \/>\n<meta name=\"twitter:card\" content=\"summary_large_image\" \/>\n<meta name=\"twitter:label1\" content=\"Est. tempo de leitura\" \/>\n\t<meta name=\"twitter:data1\" content=\"2 minutos\" \/>\n<script type=\"application\/ld+json\" class=\"yoast-schema-graph\">{\"@context\":\"https:\\\/\\\/schema.org\",\"@graph\":[{\"@type\":\"WebPage\",\"@id\":\"https:\\\/\\\/ponteseditores.com.br\\\/loja3\\\/pontes-editores-home-2__trashed\\\/didatica\\\/ensino-de-traducao-remoto-e-a-distancia\\\/\",\"url\":\"https:\\\/\\\/ponteseditores.com.br\\\/loja3\\\/pontes-editores-home-2__trashed\\\/didatica\\\/ensino-de-traducao-remoto-e-a-distancia\\\/\",\"name\":\"ENSINO DE TRADU\u00c7\u00c3O REMOTO E A DIST\u00c2NCIA - Pontes Editores\",\"isPartOf\":{\"@id\":\"https:\\\/\\\/ponteseditores.com.br\\\/loja3\\\/#website\"},\"primaryImageOfPage\":{\"@id\":\"https:\\\/\\\/ponteseditores.com.br\\\/loja3\\\/pontes-editores-home-2__trashed\\\/didatica\\\/ensino-de-traducao-remoto-e-a-distancia\\\/#primaryimage\"},\"image\":{\"@id\":\"https:\\\/\\\/ponteseditores.com.br\\\/loja3\\\/pontes-editores-home-2__trashed\\\/didatica\\\/ensino-de-traducao-remoto-e-a-distancia\\\/#primaryimage\"},\"thumbnailUrl\":\"https:\\\/\\\/ponteseditores.com.br\\\/loja3\\\/wp-content\\\/uploads\\\/2023\\\/12\\\/ensino-de-traducao-remoto-e-a-distancia-capa-1-1.jpg\",\"datePublished\":\"2023-12-13T18:19:00+00:00\",\"dateModified\":\"2024-01-10T14:50:26+00:00\",\"breadcrumb\":{\"@id\":\"https:\\\/\\\/ponteseditores.com.br\\\/loja3\\\/pontes-editores-home-2__trashed\\\/didatica\\\/ensino-de-traducao-remoto-e-a-distancia\\\/#breadcrumb\"},\"inLanguage\":\"pt-BR\",\"potentialAction\":[{\"@type\":\"ReadAction\",\"target\":[\"https:\\\/\\\/ponteseditores.com.br\\\/loja3\\\/pontes-editores-home-2__trashed\\\/didatica\\\/ensino-de-traducao-remoto-e-a-distancia\\\/\"]}]},{\"@type\":\"ImageObject\",\"inLanguage\":\"pt-BR\",\"@id\":\"https:\\\/\\\/ponteseditores.com.br\\\/loja3\\\/pontes-editores-home-2__trashed\\\/didatica\\\/ensino-de-traducao-remoto-e-a-distancia\\\/#primaryimage\",\"url\":\"https:\\\/\\\/ponteseditores.com.br\\\/loja3\\\/wp-content\\\/uploads\\\/2023\\\/12\\\/ensino-de-traducao-remoto-e-a-distancia-capa-1-1.jpg\",\"contentUrl\":\"https:\\\/\\\/ponteseditores.com.br\\\/loja3\\\/wp-content\\\/uploads\\\/2023\\\/12\\\/ensino-de-traducao-remoto-e-a-distancia-capa-1-1.jpg\",\"width\":1728,\"height\":2443},{\"@type\":\"BreadcrumbList\",\"@id\":\"https:\\\/\\\/ponteseditores.com.br\\\/loja3\\\/pontes-editores-home-2__trashed\\\/didatica\\\/ensino-de-traducao-remoto-e-a-distancia\\\/#breadcrumb\",\"itemListElement\":[{\"@type\":\"ListItem\",\"position\":1,\"name\":\"Home\",\"item\":\"https:\\\/\\\/ponteseditores.com.br\\\/loja3\\\/\"},{\"@type\":\"ListItem\",\"position\":2,\"name\":\"loja\",\"item\":\"https:\\\/\\\/ponteseditores.com.br\\\/loja3\\\/loja\\\/\"},{\"@type\":\"ListItem\",\"position\":3,\"name\":\"ENSINO DE TRADU\u00c7\u00c3O REMOTO E A DIST\u00c2NCIA\"}]},{\"@type\":\"WebSite\",\"@id\":\"https:\\\/\\\/ponteseditores.com.br\\\/loja3\\\/#website\",\"url\":\"https:\\\/\\\/ponteseditores.com.br\\\/loja3\\\/\",\"name\":\"Pontes Editores\",\"description\":\"Pontes Editores\",\"publisher\":{\"@id\":\"https:\\\/\\\/ponteseditores.com.br\\\/loja3\\\/#organization\"},\"potentialAction\":[{\"@type\":\"SearchAction\",\"target\":{\"@type\":\"EntryPoint\",\"urlTemplate\":\"https:\\\/\\\/ponteseditores.com.br\\\/loja3\\\/?s={search_term_string}\"},\"query-input\":{\"@type\":\"PropertyValueSpecification\",\"valueRequired\":true,\"valueName\":\"search_term_string\"}}],\"inLanguage\":\"pt-BR\"},{\"@type\":\"Organization\",\"@id\":\"https:\\\/\\\/ponteseditores.com.br\\\/loja3\\\/#organization\",\"name\":\"Pontes Editores\",\"url\":\"https:\\\/\\\/ponteseditores.com.br\\\/loja3\\\/\",\"logo\":{\"@type\":\"ImageObject\",\"inLanguage\":\"pt-BR\",\"@id\":\"https:\\\/\\\/ponteseditores.com.br\\\/loja3\\\/#\\\/schema\\\/logo\\\/image\\\/\",\"url\":\"https:\\\/\\\/ponteseditores.com.br\\\/loja3\\\/wp-content\\\/uploads\\\/2023\\\/12\\\/logo-pontes-editores-v2.png\",\"contentUrl\":\"https:\\\/\\\/ponteseditores.com.br\\\/loja3\\\/wp-content\\\/uploads\\\/2023\\\/12\\\/logo-pontes-editores-v2.png\",\"width\":258,\"height\":100,\"caption\":\"Pontes Editores\"},\"image\":{\"@id\":\"https:\\\/\\\/ponteseditores.com.br\\\/loja3\\\/#\\\/schema\\\/logo\\\/image\\\/\"}}]}<\/script>\n<!-- \/ Yoast SEO plugin. -->","yoast_head_json":{"title":"ENSINO DE TRADU\u00c7\u00c3O REMOTO E A DIST\u00c2NCIA - Pontes Editores","robots":{"index":"index","follow":"follow","max-snippet":"max-snippet:-1","max-image-preview":"max-image-preview:large","max-video-preview":"max-video-preview:-1"},"canonical":"https:\/\/ponteseditores.com.br\/loja3\/pontes-editores-home-2__trashed\/didatica\/ensino-de-traducao-remoto-e-a-distancia\/","og_locale":"pt_BR","og_type":"article","og_title":"ENSINO DE TRADU\u00c7\u00c3O REMOTO E A DIST\u00c2NCIA - Pontes Editores","og_description":"Desafios e propostas em tempos de pandemia Este volume da cole\u00e7\u00e3o Estudos da Tradu\u00e7\u00e3o, Ensino de Tradu\u00e7\u00e3o remoto e a dist\u00e2ncia: desafios e propostas em tempos de pandemia, publicado pela Pontes Editores, \u00e9 o resultado das pesquisas apresentadas no III Semin\u00e1rio Internacional de Pedagogia e Did\u00e1tica da Tradu\u00e7\u00e3o (SEDITRAD), realizado em formato on-line e transmitido pelo canal do N\u00facleo de Pesquisa em Hist\u00f3ria da Tradu\u00e7\u00e3o e Tradu\u00e7\u00e3o Liter\u00e1ria (NEHTLIT) no YouTube, com interpreta\u00e7\u00e3o para L\u00edngua Brasileira de Sinais (Libras). O SEDITRAD \u00e9 um evento bianual organizado no \u00e2mbito do NEHTLIT, coordenado pela professora doutora Germana Henriques Pereira, do Programa de P\u00f3s-gradua\u00e7\u00e3o em Estudos da Tradu\u00e7\u00e3o da Universidade de Bras\u00edlia (POSTRAD-UnB).","og_url":"https:\/\/ponteseditores.com.br\/loja3\/pontes-editores-home-2__trashed\/didatica\/ensino-de-traducao-remoto-e-a-distancia\/","og_site_name":"Pontes Editores","article_modified_time":"2024-01-10T14:50:26+00:00","og_image":[{"width":1728,"height":2443,"url":"https:\/\/ponteseditores.com.br\/loja3\/wp-content\/uploads\/2023\/12\/ensino-de-traducao-remoto-e-a-distancia-capa-1-1.jpg","type":"image\/jpeg"}],"twitter_card":"summary_large_image","twitter_misc":{"Est. tempo de leitura":"2 minutos"},"schema":{"@context":"https:\/\/schema.org","@graph":[{"@type":"WebPage","@id":"https:\/\/ponteseditores.com.br\/loja3\/pontes-editores-home-2__trashed\/didatica\/ensino-de-traducao-remoto-e-a-distancia\/","url":"https:\/\/ponteseditores.com.br\/loja3\/pontes-editores-home-2__trashed\/didatica\/ensino-de-traducao-remoto-e-a-distancia\/","name":"ENSINO DE TRADU\u00c7\u00c3O REMOTO E A DIST\u00c2NCIA - Pontes Editores","isPartOf":{"@id":"https:\/\/ponteseditores.com.br\/loja3\/#website"},"primaryImageOfPage":{"@id":"https:\/\/ponteseditores.com.br\/loja3\/pontes-editores-home-2__trashed\/didatica\/ensino-de-traducao-remoto-e-a-distancia\/#primaryimage"},"image":{"@id":"https:\/\/ponteseditores.com.br\/loja3\/pontes-editores-home-2__trashed\/didatica\/ensino-de-traducao-remoto-e-a-distancia\/#primaryimage"},"thumbnailUrl":"https:\/\/ponteseditores.com.br\/loja3\/wp-content\/uploads\/2023\/12\/ensino-de-traducao-remoto-e-a-distancia-capa-1-1.jpg","datePublished":"2023-12-13T18:19:00+00:00","dateModified":"2024-01-10T14:50:26+00:00","breadcrumb":{"@id":"https:\/\/ponteseditores.com.br\/loja3\/pontes-editores-home-2__trashed\/didatica\/ensino-de-traducao-remoto-e-a-distancia\/#breadcrumb"},"inLanguage":"pt-BR","potentialAction":[{"@type":"ReadAction","target":["https:\/\/ponteseditores.com.br\/loja3\/pontes-editores-home-2__trashed\/didatica\/ensino-de-traducao-remoto-e-a-distancia\/"]}]},{"@type":"ImageObject","inLanguage":"pt-BR","@id":"https:\/\/ponteseditores.com.br\/loja3\/pontes-editores-home-2__trashed\/didatica\/ensino-de-traducao-remoto-e-a-distancia\/#primaryimage","url":"https:\/\/ponteseditores.com.br\/loja3\/wp-content\/uploads\/2023\/12\/ensino-de-traducao-remoto-e-a-distancia-capa-1-1.jpg","contentUrl":"https:\/\/ponteseditores.com.br\/loja3\/wp-content\/uploads\/2023\/12\/ensino-de-traducao-remoto-e-a-distancia-capa-1-1.jpg","width":1728,"height":2443},{"@type":"BreadcrumbList","@id":"https:\/\/ponteseditores.com.br\/loja3\/pontes-editores-home-2__trashed\/didatica\/ensino-de-traducao-remoto-e-a-distancia\/#breadcrumb","itemListElement":[{"@type":"ListItem","position":1,"name":"Home","item":"https:\/\/ponteseditores.com.br\/loja3\/"},{"@type":"ListItem","position":2,"name":"loja","item":"https:\/\/ponteseditores.com.br\/loja3\/loja\/"},{"@type":"ListItem","position":3,"name":"ENSINO DE TRADU\u00c7\u00c3O REMOTO E A DIST\u00c2NCIA"}]},{"@type":"WebSite","@id":"https:\/\/ponteseditores.com.br\/loja3\/#website","url":"https:\/\/ponteseditores.com.br\/loja3\/","name":"Pontes Editores","description":"Pontes Editores","publisher":{"@id":"https:\/\/ponteseditores.com.br\/loja3\/#organization"},"potentialAction":[{"@type":"SearchAction","target":{"@type":"EntryPoint","urlTemplate":"https:\/\/ponteseditores.com.br\/loja3\/?s={search_term_string}"},"query-input":{"@type":"PropertyValueSpecification","valueRequired":true,"valueName":"search_term_string"}}],"inLanguage":"pt-BR"},{"@type":"Organization","@id":"https:\/\/ponteseditores.com.br\/loja3\/#organization","name":"Pontes Editores","url":"https:\/\/ponteseditores.com.br\/loja3\/","logo":{"@type":"ImageObject","inLanguage":"pt-BR","@id":"https:\/\/ponteseditores.com.br\/loja3\/#\/schema\/logo\/image\/","url":"https:\/\/ponteseditores.com.br\/loja3\/wp-content\/uploads\/2023\/12\/logo-pontes-editores-v2.png","contentUrl":"https:\/\/ponteseditores.com.br\/loja3\/wp-content\/uploads\/2023\/12\/logo-pontes-editores-v2.png","width":258,"height":100,"caption":"Pontes Editores"},"image":{"@id":"https:\/\/ponteseditores.com.br\/loja3\/#\/schema\/logo\/image\/"}}]}},"_links":{"self":[{"href":"https:\/\/ponteseditores.com.br\/loja3\/wp-json\/wp\/v2\/product\/6962","targetHints":{"allow":["GET"]}}],"collection":[{"href":"https:\/\/ponteseditores.com.br\/loja3\/wp-json\/wp\/v2\/product"}],"about":[{"href":"https:\/\/ponteseditores.com.br\/loja3\/wp-json\/wp\/v2\/types\/product"}],"replies":[{"embeddable":true,"href":"https:\/\/ponteseditores.com.br\/loja3\/wp-json\/wp\/v2\/comments?post=6962"}],"version-history":[{"count":0,"href":"https:\/\/ponteseditores.com.br\/loja3\/wp-json\/wp\/v2\/product\/6962\/revisions"}],"wp:featuredmedia":[{"embeddable":true,"href":"https:\/\/ponteseditores.com.br\/loja3\/wp-json\/wp\/v2\/media\/6943"}],"wp:attachment":[{"href":"https:\/\/ponteseditores.com.br\/loja3\/wp-json\/wp\/v2\/media?parent=6962"}],"wp:term":[{"taxonomy":"product_brand","embeddable":true,"href":"https:\/\/ponteseditores.com.br\/loja3\/wp-json\/wp\/v2\/product_brand?post=6962"},{"taxonomy":"product_cat","embeddable":true,"href":"https:\/\/ponteseditores.com.br\/loja3\/wp-json\/wp\/v2\/product_cat?post=6962"},{"taxonomy":"product_tag","embeddable":true,"href":"https:\/\/ponteseditores.com.br\/loja3\/wp-json\/wp\/v2\/product_tag?post=6962"}],"curies":[{"name":"wp","href":"https:\/\/api.w.org\/{rel}","templated":true}]}}