{"id":6960,"date":"2023-12-13T15:09:01","date_gmt":"2023-12-13T18:09:01","guid":{"rendered":"https:\/\/ponteseditores.com.br\/loja3\/?post_type=product&#038;p=6960"},"modified":"2024-04-05T09:57:34","modified_gmt":"2024-04-05T12:57:34","slug":"historia-e-historiografia-da-traducao","status":"publish","type":"product","link":"https:\/\/ponteseditores.com.br\/loja3\/pontes-editores-home-2__trashed\/didatica\/historia-e-historiografia-da-traducao\/","title":{"rendered":"HIST\u00d3RIA E HISTORIOGRAFIA DA TRADU\u00c7\u00c3O"},"content":{"rendered":"<p class=\"p1\">Composto por 10 textos, este livro apresenta o resultado do VIII Semin\u00e1rio Internacional de Hist\u00f3ria da Tradu\u00e7\u00e3o e da Tradu\u00e7\u00e3o Liter\u00e1ria (SHTTL), que foi idealizado e \u00e9 coordenado por Germana Henriques Pereira, professora e pesquisadora da Universidade de Bras\u00edlia (UnB), tamb\u00e9m respons\u00e1vel pela cria\u00e7\u00e3o do Programa de P\u00f3s-Gradua\u00e7\u00e3o em Estudos da Tradu\u00e7\u00e3o (POSTRAD-UnB) da mesma institui\u00e7\u00e3o e atualmente diretora da Editora da UnB.<\/p>\n<p class=\"p1\">Podemos dizer que a diversidade dos textos aqui apresentados, que versam sobre literatura francesa, inglesa, argentina e brasileira, e ainda reflex\u00f5es sobre a autoetnografia de um curso de \u201cHist\u00f3ria da Tradu\u00e7\u00e3o\u201d e quest\u00f5es \u00e9ticas que englobam migra\u00e7\u00e3o\/tradu\u00e7\u00e3o, apontam para a riqueza da sua unidade, que tem a tradu\u00e7\u00e3o como o seu fio arrematador.<\/p>\n<p class=\"p1\">Ademais, este conjunto de textos mostra o vigor da \u00e1rea de Estudos da Tradu\u00e7\u00e3o, que vem crescendo exponencialmente nos \u00faltimos 20 anos no Brasil. Andr\u00e9ia Guerini Universidade Federal de Santa Catarina (UFSC)<\/p>\n","protected":false},"excerpt":{"rendered":"<h4 class=\"p1\">Alteridades, recep\u00e7\u00e3o, transforma\u00e7\u00e3o<\/h4>\n<p>Composto por 10 textos, este livro apresenta o resultado do VIII Semin\u00e1rio Internacional de Hist\u00f3ria da Tradu\u00e7\u00e3o e da Tradu\u00e7\u00e3o Liter\u00e1ria (SHTTL), que foi idealizado e \u00e9 coordenado por Germana Henriques Pereira, professora e pesquisadora da Universidade de Bras\u00edlia (UnB)&#8230;<\/p>\n","protected":false},"featured_media":6945,"comment_status":"open","ping_status":"closed","template":"","meta":{"_joinchat":[]},"product_brand":[],"product_cat":[59,305],"product_tag":[],"class_list":{"0":"post-6960","1":"product","2":"type-product","3":"status-publish","4":"has-post-thumbnail","6":"product_cat-didatica","7":"product_cat-traducao","8":"product_shipping_class-livro-pontes-editores-fisico","10":"first","11":"outofstock","12":"purchasable","13":"product-type-simple"},"yoast_head":"<!-- This site is optimized with the Yoast SEO plugin v27.4 - https:\/\/yoast.com\/product\/yoast-seo-wordpress\/ -->\n<title>HIST\u00d3RIA E HISTORIOGRAFIA DA TRADU\u00c7\u00c3O - Pontes Editores<\/title>\n<meta name=\"robots\" content=\"index, follow, max-snippet:-1, max-image-preview:large, max-video-preview:-1\" \/>\n<link rel=\"canonical\" href=\"https:\/\/ponteseditores.com.br\/loja3\/pontes-editores-home-2__trashed\/didatica\/historia-e-historiografia-da-traducao\/\" \/>\n<meta property=\"og:locale\" content=\"pt_BR\" \/>\n<meta property=\"og:type\" content=\"article\" \/>\n<meta property=\"og:title\" content=\"HIST\u00d3RIA E HISTORIOGRAFIA DA TRADU\u00c7\u00c3O - Pontes Editores\" \/>\n<meta property=\"og:description\" content=\"Alteridades, recep\u00e7\u00e3o, transforma\u00e7\u00e3o Composto por 10 textos, este livro apresenta o resultado do VIII Semin\u00e1rio Internacional de Hist\u00f3ria da Tradu\u00e7\u00e3o e da Tradu\u00e7\u00e3o Liter\u00e1ria (SHTTL), que foi idealizado e \u00e9 coordenado por Germana Henriques Pereira, professora e pesquisadora da Universidade de Bras\u00edlia (UnB)...\" \/>\n<meta property=\"og:url\" content=\"https:\/\/ponteseditores.com.br\/loja3\/pontes-editores-home-2__trashed\/didatica\/historia-e-historiografia-da-traducao\/\" \/>\n<meta property=\"og:site_name\" content=\"Pontes Editores\" \/>\n<meta property=\"article:modified_time\" content=\"2024-04-05T12:57:34+00:00\" \/>\n<meta property=\"og:image\" content=\"https:\/\/ponteseditores.com.br\/loja3\/wp-content\/uploads\/2023\/12\/historia-e-historiografia-da-traducao-14-capa.jpg\" \/>\n\t<meta property=\"og:image:width\" content=\"1728\" \/>\n\t<meta property=\"og:image:height\" content=\"2443\" \/>\n\t<meta property=\"og:image:type\" content=\"image\/jpeg\" \/>\n<meta name=\"twitter:card\" content=\"summary_large_image\" \/>\n<meta name=\"twitter:label1\" content=\"Est. tempo de leitura\" \/>\n\t<meta name=\"twitter:data1\" content=\"2 minutos\" \/>\n<script type=\"application\/ld+json\" class=\"yoast-schema-graph\">{\"@context\":\"https:\\\/\\\/schema.org\",\"@graph\":[{\"@type\":\"WebPage\",\"@id\":\"https:\\\/\\\/ponteseditores.com.br\\\/loja3\\\/pontes-editores-home-2__trashed\\\/didatica\\\/historia-e-historiografia-da-traducao\\\/\",\"url\":\"https:\\\/\\\/ponteseditores.com.br\\\/loja3\\\/pontes-editores-home-2__trashed\\\/didatica\\\/historia-e-historiografia-da-traducao\\\/\",\"name\":\"HIST\u00d3RIA E HISTORIOGRAFIA DA TRADU\u00c7\u00c3O - Pontes Editores\",\"isPartOf\":{\"@id\":\"https:\\\/\\\/ponteseditores.com.br\\\/loja3\\\/#website\"},\"primaryImageOfPage\":{\"@id\":\"https:\\\/\\\/ponteseditores.com.br\\\/loja3\\\/pontes-editores-home-2__trashed\\\/didatica\\\/historia-e-historiografia-da-traducao\\\/#primaryimage\"},\"image\":{\"@id\":\"https:\\\/\\\/ponteseditores.com.br\\\/loja3\\\/pontes-editores-home-2__trashed\\\/didatica\\\/historia-e-historiografia-da-traducao\\\/#primaryimage\"},\"thumbnailUrl\":\"https:\\\/\\\/ponteseditores.com.br\\\/loja3\\\/wp-content\\\/uploads\\\/2023\\\/12\\\/historia-e-historiografia-da-traducao-14-capa.jpg\",\"datePublished\":\"2023-12-13T18:09:01+00:00\",\"dateModified\":\"2024-04-05T12:57:34+00:00\",\"breadcrumb\":{\"@id\":\"https:\\\/\\\/ponteseditores.com.br\\\/loja3\\\/pontes-editores-home-2__trashed\\\/didatica\\\/historia-e-historiografia-da-traducao\\\/#breadcrumb\"},\"inLanguage\":\"pt-BR\",\"potentialAction\":[{\"@type\":\"ReadAction\",\"target\":[\"https:\\\/\\\/ponteseditores.com.br\\\/loja3\\\/pontes-editores-home-2__trashed\\\/didatica\\\/historia-e-historiografia-da-traducao\\\/\"]}]},{\"@type\":\"ImageObject\",\"inLanguage\":\"pt-BR\",\"@id\":\"https:\\\/\\\/ponteseditores.com.br\\\/loja3\\\/pontes-editores-home-2__trashed\\\/didatica\\\/historia-e-historiografia-da-traducao\\\/#primaryimage\",\"url\":\"https:\\\/\\\/ponteseditores.com.br\\\/loja3\\\/wp-content\\\/uploads\\\/2023\\\/12\\\/historia-e-historiografia-da-traducao-14-capa.jpg\",\"contentUrl\":\"https:\\\/\\\/ponteseditores.com.br\\\/loja3\\\/wp-content\\\/uploads\\\/2023\\\/12\\\/historia-e-historiografia-da-traducao-14-capa.jpg\",\"width\":1728,\"height\":2443},{\"@type\":\"BreadcrumbList\",\"@id\":\"https:\\\/\\\/ponteseditores.com.br\\\/loja3\\\/pontes-editores-home-2__trashed\\\/didatica\\\/historia-e-historiografia-da-traducao\\\/#breadcrumb\",\"itemListElement\":[{\"@type\":\"ListItem\",\"position\":1,\"name\":\"Home\",\"item\":\"https:\\\/\\\/ponteseditores.com.br\\\/loja3\\\/\"},{\"@type\":\"ListItem\",\"position\":2,\"name\":\"loja\",\"item\":\"https:\\\/\\\/ponteseditores.com.br\\\/loja3\\\/loja\\\/\"},{\"@type\":\"ListItem\",\"position\":3,\"name\":\"HIST\u00d3RIA E HISTORIOGRAFIA DA TRADU\u00c7\u00c3O\"}]},{\"@type\":\"WebSite\",\"@id\":\"https:\\\/\\\/ponteseditores.com.br\\\/loja3\\\/#website\",\"url\":\"https:\\\/\\\/ponteseditores.com.br\\\/loja3\\\/\",\"name\":\"Pontes Editores\",\"description\":\"Pontes Editores\",\"publisher\":{\"@id\":\"https:\\\/\\\/ponteseditores.com.br\\\/loja3\\\/#organization\"},\"potentialAction\":[{\"@type\":\"SearchAction\",\"target\":{\"@type\":\"EntryPoint\",\"urlTemplate\":\"https:\\\/\\\/ponteseditores.com.br\\\/loja3\\\/?s={search_term_string}\"},\"query-input\":{\"@type\":\"PropertyValueSpecification\",\"valueRequired\":true,\"valueName\":\"search_term_string\"}}],\"inLanguage\":\"pt-BR\"},{\"@type\":\"Organization\",\"@id\":\"https:\\\/\\\/ponteseditores.com.br\\\/loja3\\\/#organization\",\"name\":\"Pontes Editores\",\"url\":\"https:\\\/\\\/ponteseditores.com.br\\\/loja3\\\/\",\"logo\":{\"@type\":\"ImageObject\",\"inLanguage\":\"pt-BR\",\"@id\":\"https:\\\/\\\/ponteseditores.com.br\\\/loja3\\\/#\\\/schema\\\/logo\\\/image\\\/\",\"url\":\"https:\\\/\\\/ponteseditores.com.br\\\/loja3\\\/wp-content\\\/uploads\\\/2023\\\/12\\\/logo-pontes-editores-v2.png\",\"contentUrl\":\"https:\\\/\\\/ponteseditores.com.br\\\/loja3\\\/wp-content\\\/uploads\\\/2023\\\/12\\\/logo-pontes-editores-v2.png\",\"width\":258,\"height\":100,\"caption\":\"Pontes Editores\"},\"image\":{\"@id\":\"https:\\\/\\\/ponteseditores.com.br\\\/loja3\\\/#\\\/schema\\\/logo\\\/image\\\/\"}}]}<\/script>\n<!-- \/ Yoast SEO plugin. -->","yoast_head_json":{"title":"HIST\u00d3RIA E HISTORIOGRAFIA DA TRADU\u00c7\u00c3O - Pontes Editores","robots":{"index":"index","follow":"follow","max-snippet":"max-snippet:-1","max-image-preview":"max-image-preview:large","max-video-preview":"max-video-preview:-1"},"canonical":"https:\/\/ponteseditores.com.br\/loja3\/pontes-editores-home-2__trashed\/didatica\/historia-e-historiografia-da-traducao\/","og_locale":"pt_BR","og_type":"article","og_title":"HIST\u00d3RIA E HISTORIOGRAFIA DA TRADU\u00c7\u00c3O - Pontes Editores","og_description":"Alteridades, recep\u00e7\u00e3o, transforma\u00e7\u00e3o Composto por 10 textos, este livro apresenta o resultado do VIII Semin\u00e1rio Internacional de Hist\u00f3ria da Tradu\u00e7\u00e3o e da Tradu\u00e7\u00e3o Liter\u00e1ria (SHTTL), que foi idealizado e \u00e9 coordenado por Germana Henriques Pereira, professora e pesquisadora da Universidade de Bras\u00edlia (UnB)...","og_url":"https:\/\/ponteseditores.com.br\/loja3\/pontes-editores-home-2__trashed\/didatica\/historia-e-historiografia-da-traducao\/","og_site_name":"Pontes Editores","article_modified_time":"2024-04-05T12:57:34+00:00","og_image":[{"width":1728,"height":2443,"url":"https:\/\/ponteseditores.com.br\/loja3\/wp-content\/uploads\/2023\/12\/historia-e-historiografia-da-traducao-14-capa.jpg","type":"image\/jpeg"}],"twitter_card":"summary_large_image","twitter_misc":{"Est. tempo de leitura":"2 minutos"},"schema":{"@context":"https:\/\/schema.org","@graph":[{"@type":"WebPage","@id":"https:\/\/ponteseditores.com.br\/loja3\/pontes-editores-home-2__trashed\/didatica\/historia-e-historiografia-da-traducao\/","url":"https:\/\/ponteseditores.com.br\/loja3\/pontes-editores-home-2__trashed\/didatica\/historia-e-historiografia-da-traducao\/","name":"HIST\u00d3RIA E HISTORIOGRAFIA DA TRADU\u00c7\u00c3O - Pontes Editores","isPartOf":{"@id":"https:\/\/ponteseditores.com.br\/loja3\/#website"},"primaryImageOfPage":{"@id":"https:\/\/ponteseditores.com.br\/loja3\/pontes-editores-home-2__trashed\/didatica\/historia-e-historiografia-da-traducao\/#primaryimage"},"image":{"@id":"https:\/\/ponteseditores.com.br\/loja3\/pontes-editores-home-2__trashed\/didatica\/historia-e-historiografia-da-traducao\/#primaryimage"},"thumbnailUrl":"https:\/\/ponteseditores.com.br\/loja3\/wp-content\/uploads\/2023\/12\/historia-e-historiografia-da-traducao-14-capa.jpg","datePublished":"2023-12-13T18:09:01+00:00","dateModified":"2024-04-05T12:57:34+00:00","breadcrumb":{"@id":"https:\/\/ponteseditores.com.br\/loja3\/pontes-editores-home-2__trashed\/didatica\/historia-e-historiografia-da-traducao\/#breadcrumb"},"inLanguage":"pt-BR","potentialAction":[{"@type":"ReadAction","target":["https:\/\/ponteseditores.com.br\/loja3\/pontes-editores-home-2__trashed\/didatica\/historia-e-historiografia-da-traducao\/"]}]},{"@type":"ImageObject","inLanguage":"pt-BR","@id":"https:\/\/ponteseditores.com.br\/loja3\/pontes-editores-home-2__trashed\/didatica\/historia-e-historiografia-da-traducao\/#primaryimage","url":"https:\/\/ponteseditores.com.br\/loja3\/wp-content\/uploads\/2023\/12\/historia-e-historiografia-da-traducao-14-capa.jpg","contentUrl":"https:\/\/ponteseditores.com.br\/loja3\/wp-content\/uploads\/2023\/12\/historia-e-historiografia-da-traducao-14-capa.jpg","width":1728,"height":2443},{"@type":"BreadcrumbList","@id":"https:\/\/ponteseditores.com.br\/loja3\/pontes-editores-home-2__trashed\/didatica\/historia-e-historiografia-da-traducao\/#breadcrumb","itemListElement":[{"@type":"ListItem","position":1,"name":"Home","item":"https:\/\/ponteseditores.com.br\/loja3\/"},{"@type":"ListItem","position":2,"name":"loja","item":"https:\/\/ponteseditores.com.br\/loja3\/loja\/"},{"@type":"ListItem","position":3,"name":"HIST\u00d3RIA E HISTORIOGRAFIA DA TRADU\u00c7\u00c3O"}]},{"@type":"WebSite","@id":"https:\/\/ponteseditores.com.br\/loja3\/#website","url":"https:\/\/ponteseditores.com.br\/loja3\/","name":"Pontes Editores","description":"Pontes Editores","publisher":{"@id":"https:\/\/ponteseditores.com.br\/loja3\/#organization"},"potentialAction":[{"@type":"SearchAction","target":{"@type":"EntryPoint","urlTemplate":"https:\/\/ponteseditores.com.br\/loja3\/?s={search_term_string}"},"query-input":{"@type":"PropertyValueSpecification","valueRequired":true,"valueName":"search_term_string"}}],"inLanguage":"pt-BR"},{"@type":"Organization","@id":"https:\/\/ponteseditores.com.br\/loja3\/#organization","name":"Pontes Editores","url":"https:\/\/ponteseditores.com.br\/loja3\/","logo":{"@type":"ImageObject","inLanguage":"pt-BR","@id":"https:\/\/ponteseditores.com.br\/loja3\/#\/schema\/logo\/image\/","url":"https:\/\/ponteseditores.com.br\/loja3\/wp-content\/uploads\/2023\/12\/logo-pontes-editores-v2.png","contentUrl":"https:\/\/ponteseditores.com.br\/loja3\/wp-content\/uploads\/2023\/12\/logo-pontes-editores-v2.png","width":258,"height":100,"caption":"Pontes Editores"},"image":{"@id":"https:\/\/ponteseditores.com.br\/loja3\/#\/schema\/logo\/image\/"}}]}},"_links":{"self":[{"href":"https:\/\/ponteseditores.com.br\/loja3\/wp-json\/wp\/v2\/product\/6960","targetHints":{"allow":["GET"]}}],"collection":[{"href":"https:\/\/ponteseditores.com.br\/loja3\/wp-json\/wp\/v2\/product"}],"about":[{"href":"https:\/\/ponteseditores.com.br\/loja3\/wp-json\/wp\/v2\/types\/product"}],"replies":[{"embeddable":true,"href":"https:\/\/ponteseditores.com.br\/loja3\/wp-json\/wp\/v2\/comments?post=6960"}],"version-history":[{"count":0,"href":"https:\/\/ponteseditores.com.br\/loja3\/wp-json\/wp\/v2\/product\/6960\/revisions"}],"wp:featuredmedia":[{"embeddable":true,"href":"https:\/\/ponteseditores.com.br\/loja3\/wp-json\/wp\/v2\/media\/6945"}],"wp:attachment":[{"href":"https:\/\/ponteseditores.com.br\/loja3\/wp-json\/wp\/v2\/media?parent=6960"}],"wp:term":[{"taxonomy":"product_brand","embeddable":true,"href":"https:\/\/ponteseditores.com.br\/loja3\/wp-json\/wp\/v2\/product_brand?post=6960"},{"taxonomy":"product_cat","embeddable":true,"href":"https:\/\/ponteseditores.com.br\/loja3\/wp-json\/wp\/v2\/product_cat?post=6960"},{"taxonomy":"product_tag","embeddable":true,"href":"https:\/\/ponteseditores.com.br\/loja3\/wp-json\/wp\/v2\/product_tag?post=6960"}],"curies":[{"name":"wp","href":"https:\/\/api.w.org\/{rel}","templated":true}]}}