{"id":6902,"date":"2023-12-12T18:35:21","date_gmt":"2023-12-12T21:35:21","guid":{"rendered":"https:\/\/ponteseditores.com.br\/loja3\/?post_type=product&#038;p=6902"},"modified":"2023-12-15T12:13:25","modified_gmt":"2023-12-15T15:13:25","slug":"contatos-franco-brasileiros","status":"publish","type":"product","link":"https:\/\/ponteseditores.com.br\/loja3\/pontes-editores-home-2__trashed\/linguistica\/contatos-franco-brasileiros\/","title":{"rendered":"CONTATOS FRANCO-BRASILEIROS"},"content":{"rendered":"<p class=\"p1\">L\u00ednguas e culturas, identidades, realidades plurais, rela\u00e7\u00f5es interculturais, bilinguismo, forma\u00e7\u00e3o de professores e internacionaliza\u00e7\u00e3o das universidades no Plat\u00f4 das Guianas, ensino do portugu\u00eas como l\u00edngua adicional, l\u00ednguas crioulas, plurilinguismo s\u00e3o algumas das tem\u00e1ticas tratadas na publica\u00e7\u00e3o Contatos franco-brasileiros: retrospectivas e perspectivas.<\/p>\n<p class=\"p1\">Os autores, a partir de suas pesquisas e experi\u00eancias concretas, compartilham com o leitor seu olhar plural e complexo, singular e diverso dos v\u00e1rios elementos que emergem das rela\u00e7\u00f5es presentes na fronteira franco-brasileira. As tr\u00eas se\u00e7\u00f5es do livro \u2013 Culturas em contato e express\u00f5es sociais, L\u00ednguas em contato e ensino, L\u00ednguas em contato e pr\u00e1ticas glotopol\u00edticas \u2013 expressam a riqueza dos estudos realizados.<\/p>\n<p class=\"p1\">A import\u00e2ncia da obra bil\u00edngue e, particularmente, sua divulga\u00e7\u00e3o no Brasil, abre caminhos e nos convida como leitores, formadores, professores e pesquisadores a realizar outras reflex\u00f5es que problematizem as rela\u00e7\u00f5es lingu\u00edsticas, pol\u00edticas e socioculturais nos diferentes espa\u00e7os nos quais estamos inseridos, sejam eles institucionais ou n\u00e3o. Trata-se, portanto, de mais um passo para o encontro com a pluralidade das rela\u00e7\u00f5es no territ\u00f3rio nacional, evidenciando suas especificidades, mas, constantemente, convidando a todos para ir ao encontro, n\u00e3o hierarquizado, entre l\u00ednguas e culturas.<\/p>\n<p class=\"p1\">Com certeza, uma obra de refer\u00eancia! Helo\u00edsa Brito de Albuquerque Costa &#8211; Universidade de S\u00e3o Paulo \u2013 USP<\/p>\n","protected":false},"excerpt":{"rendered":"<h4 class=\"p1\">Retrospectivas e perspectivas<\/h4>\n<p class=\"p1\">L\u00ednguas e culturas, identidades, realidades plurais, rela\u00e7\u00f5es interculturais, bilinguismo, forma\u00e7\u00e3o de professores e internacionaliza\u00e7\u00e3o das universidades no Plat\u00f4 das Guianas, ensino do portugu\u00eas como l\u00edngua adicional, l\u00ednguas crioulas, plurilinguismo s\u00e3o algumas das tem\u00e1ticas tratadas na publica\u00e7\u00e3o Contatos franco-brasileiros: retrospectivas e perspectivas.<\/p>\n","protected":false},"featured_media":6840,"comment_status":"open","ping_status":"closed","template":"","meta":{"_joinchat":[]},"product_brand":[],"product_cat":[97,31],"product_tag":[],"class_list":{"0":"post-6902","1":"product","2":"type-product","3":"status-publish","4":"has-post-thumbnail","6":"product_cat-educacao","7":"product_cat-linguistica","8":"product_shipping_class-livro-pontes-editores-fisico","10":"first","11":"instock","12":"shipping-taxable","13":"purchasable","14":"product-type-simple"},"yoast_head":"<!-- This site is optimized with the Yoast SEO plugin v27.4 - https:\/\/yoast.com\/product\/yoast-seo-wordpress\/ -->\n<title>CONTATOS FRANCO-BRASILEIROS - Pontes Editores<\/title>\n<meta name=\"robots\" content=\"index, follow, max-snippet:-1, max-image-preview:large, max-video-preview:-1\" \/>\n<link rel=\"canonical\" href=\"https:\/\/ponteseditores.com.br\/loja3\/pontes-editores-home-2__trashed\/linguistica\/contatos-franco-brasileiros\/\" \/>\n<meta property=\"og:locale\" content=\"pt_BR\" \/>\n<meta property=\"og:type\" content=\"article\" \/>\n<meta property=\"og:title\" content=\"CONTATOS FRANCO-BRASILEIROS - Pontes Editores\" \/>\n<meta property=\"og:description\" content=\"Retrospectivas e perspectivas L\u00ednguas e culturas, identidades, realidades plurais, rela\u00e7\u00f5es interculturais, bilinguismo, forma\u00e7\u00e3o de professores e internacionaliza\u00e7\u00e3o das universidades no Plat\u00f4 das Guianas, ensino do portugu\u00eas como l\u00edngua adicional, l\u00ednguas crioulas, plurilinguismo s\u00e3o algumas das tem\u00e1ticas tratadas na publica\u00e7\u00e3o Contatos franco-brasileiros: retrospectivas e perspectivas.\" \/>\n<meta property=\"og:url\" content=\"https:\/\/ponteseditores.com.br\/loja3\/pontes-editores-home-2__trashed\/linguistica\/contatos-franco-brasileiros\/\" \/>\n<meta property=\"og:site_name\" content=\"Pontes Editores\" \/>\n<meta property=\"article:modified_time\" content=\"2023-12-15T15:13:25+00:00\" \/>\n<meta property=\"og:image\" content=\"https:\/\/ponteseditores.com.br\/loja3\/wp-content\/uploads\/2023\/12\/contatos-franco-brasileiros-capa-2.jpg\" \/>\n\t<meta property=\"og:image:width\" content=\"800\" \/>\n\t<meta property=\"og:image:height\" content=\"1149\" \/>\n\t<meta property=\"og:image:type\" content=\"image\/jpeg\" \/>\n<meta name=\"twitter:card\" content=\"summary_large_image\" \/>\n<meta name=\"twitter:label1\" content=\"Est. tempo de leitura\" \/>\n\t<meta name=\"twitter:data1\" content=\"2 minutos\" \/>\n<script type=\"application\/ld+json\" class=\"yoast-schema-graph\">{\"@context\":\"https:\\\/\\\/schema.org\",\"@graph\":[{\"@type\":\"WebPage\",\"@id\":\"https:\\\/\\\/ponteseditores.com.br\\\/loja3\\\/pontes-editores-home-2__trashed\\\/linguistica\\\/contatos-franco-brasileiros\\\/\",\"url\":\"https:\\\/\\\/ponteseditores.com.br\\\/loja3\\\/pontes-editores-home-2__trashed\\\/linguistica\\\/contatos-franco-brasileiros\\\/\",\"name\":\"CONTATOS FRANCO-BRASILEIROS - Pontes Editores\",\"isPartOf\":{\"@id\":\"https:\\\/\\\/ponteseditores.com.br\\\/loja3\\\/#website\"},\"primaryImageOfPage\":{\"@id\":\"https:\\\/\\\/ponteseditores.com.br\\\/loja3\\\/pontes-editores-home-2__trashed\\\/linguistica\\\/contatos-franco-brasileiros\\\/#primaryimage\"},\"image\":{\"@id\":\"https:\\\/\\\/ponteseditores.com.br\\\/loja3\\\/pontes-editores-home-2__trashed\\\/linguistica\\\/contatos-franco-brasileiros\\\/#primaryimage\"},\"thumbnailUrl\":\"https:\\\/\\\/ponteseditores.com.br\\\/loja3\\\/wp-content\\\/uploads\\\/2023\\\/12\\\/contatos-franco-brasileiros-capa-2.jpg\",\"datePublished\":\"2023-12-12T21:35:21+00:00\",\"dateModified\":\"2023-12-15T15:13:25+00:00\",\"breadcrumb\":{\"@id\":\"https:\\\/\\\/ponteseditores.com.br\\\/loja3\\\/pontes-editores-home-2__trashed\\\/linguistica\\\/contatos-franco-brasileiros\\\/#breadcrumb\"},\"inLanguage\":\"pt-BR\",\"potentialAction\":[{\"@type\":\"ReadAction\",\"target\":[\"https:\\\/\\\/ponteseditores.com.br\\\/loja3\\\/pontes-editores-home-2__trashed\\\/linguistica\\\/contatos-franco-brasileiros\\\/\"]}]},{\"@type\":\"ImageObject\",\"inLanguage\":\"pt-BR\",\"@id\":\"https:\\\/\\\/ponteseditores.com.br\\\/loja3\\\/pontes-editores-home-2__trashed\\\/linguistica\\\/contatos-franco-brasileiros\\\/#primaryimage\",\"url\":\"https:\\\/\\\/ponteseditores.com.br\\\/loja3\\\/wp-content\\\/uploads\\\/2023\\\/12\\\/contatos-franco-brasileiros-capa-2.jpg\",\"contentUrl\":\"https:\\\/\\\/ponteseditores.com.br\\\/loja3\\\/wp-content\\\/uploads\\\/2023\\\/12\\\/contatos-franco-brasileiros-capa-2.jpg\",\"width\":800,\"height\":1149},{\"@type\":\"BreadcrumbList\",\"@id\":\"https:\\\/\\\/ponteseditores.com.br\\\/loja3\\\/pontes-editores-home-2__trashed\\\/linguistica\\\/contatos-franco-brasileiros\\\/#breadcrumb\",\"itemListElement\":[{\"@type\":\"ListItem\",\"position\":1,\"name\":\"Home\",\"item\":\"https:\\\/\\\/ponteseditores.com.br\\\/loja3\\\/\"},{\"@type\":\"ListItem\",\"position\":2,\"name\":\"loja\",\"item\":\"https:\\\/\\\/ponteseditores.com.br\\\/loja3\\\/loja\\\/\"},{\"@type\":\"ListItem\",\"position\":3,\"name\":\"CONTATOS FRANCO-BRASILEIROS\"}]},{\"@type\":\"WebSite\",\"@id\":\"https:\\\/\\\/ponteseditores.com.br\\\/loja3\\\/#website\",\"url\":\"https:\\\/\\\/ponteseditores.com.br\\\/loja3\\\/\",\"name\":\"Pontes Editores\",\"description\":\"Pontes Editores\",\"publisher\":{\"@id\":\"https:\\\/\\\/ponteseditores.com.br\\\/loja3\\\/#organization\"},\"potentialAction\":[{\"@type\":\"SearchAction\",\"target\":{\"@type\":\"EntryPoint\",\"urlTemplate\":\"https:\\\/\\\/ponteseditores.com.br\\\/loja3\\\/?s={search_term_string}\"},\"query-input\":{\"@type\":\"PropertyValueSpecification\",\"valueRequired\":true,\"valueName\":\"search_term_string\"}}],\"inLanguage\":\"pt-BR\"},{\"@type\":\"Organization\",\"@id\":\"https:\\\/\\\/ponteseditores.com.br\\\/loja3\\\/#organization\",\"name\":\"Pontes Editores\",\"url\":\"https:\\\/\\\/ponteseditores.com.br\\\/loja3\\\/\",\"logo\":{\"@type\":\"ImageObject\",\"inLanguage\":\"pt-BR\",\"@id\":\"https:\\\/\\\/ponteseditores.com.br\\\/loja3\\\/#\\\/schema\\\/logo\\\/image\\\/\",\"url\":\"https:\\\/\\\/ponteseditores.com.br\\\/loja3\\\/wp-content\\\/uploads\\\/2023\\\/12\\\/logo-pontes-editores-v2.png\",\"contentUrl\":\"https:\\\/\\\/ponteseditores.com.br\\\/loja3\\\/wp-content\\\/uploads\\\/2023\\\/12\\\/logo-pontes-editores-v2.png\",\"width\":258,\"height\":100,\"caption\":\"Pontes Editores\"},\"image\":{\"@id\":\"https:\\\/\\\/ponteseditores.com.br\\\/loja3\\\/#\\\/schema\\\/logo\\\/image\\\/\"}}]}<\/script>\n<!-- \/ Yoast SEO plugin. -->","yoast_head_json":{"title":"CONTATOS FRANCO-BRASILEIROS - Pontes Editores","robots":{"index":"index","follow":"follow","max-snippet":"max-snippet:-1","max-image-preview":"max-image-preview:large","max-video-preview":"max-video-preview:-1"},"canonical":"https:\/\/ponteseditores.com.br\/loja3\/pontes-editores-home-2__trashed\/linguistica\/contatos-franco-brasileiros\/","og_locale":"pt_BR","og_type":"article","og_title":"CONTATOS FRANCO-BRASILEIROS - Pontes Editores","og_description":"Retrospectivas e perspectivas L\u00ednguas e culturas, identidades, realidades plurais, rela\u00e7\u00f5es interculturais, bilinguismo, forma\u00e7\u00e3o de professores e internacionaliza\u00e7\u00e3o das universidades no Plat\u00f4 das Guianas, ensino do portugu\u00eas como l\u00edngua adicional, l\u00ednguas crioulas, plurilinguismo s\u00e3o algumas das tem\u00e1ticas tratadas na publica\u00e7\u00e3o Contatos franco-brasileiros: retrospectivas e perspectivas.","og_url":"https:\/\/ponteseditores.com.br\/loja3\/pontes-editores-home-2__trashed\/linguistica\/contatos-franco-brasileiros\/","og_site_name":"Pontes Editores","article_modified_time":"2023-12-15T15:13:25+00:00","og_image":[{"width":800,"height":1149,"url":"https:\/\/ponteseditores.com.br\/loja3\/wp-content\/uploads\/2023\/12\/contatos-franco-brasileiros-capa-2.jpg","type":"image\/jpeg"}],"twitter_card":"summary_large_image","twitter_misc":{"Est. tempo de leitura":"2 minutos"},"schema":{"@context":"https:\/\/schema.org","@graph":[{"@type":"WebPage","@id":"https:\/\/ponteseditores.com.br\/loja3\/pontes-editores-home-2__trashed\/linguistica\/contatos-franco-brasileiros\/","url":"https:\/\/ponteseditores.com.br\/loja3\/pontes-editores-home-2__trashed\/linguistica\/contatos-franco-brasileiros\/","name":"CONTATOS FRANCO-BRASILEIROS - Pontes Editores","isPartOf":{"@id":"https:\/\/ponteseditores.com.br\/loja3\/#website"},"primaryImageOfPage":{"@id":"https:\/\/ponteseditores.com.br\/loja3\/pontes-editores-home-2__trashed\/linguistica\/contatos-franco-brasileiros\/#primaryimage"},"image":{"@id":"https:\/\/ponteseditores.com.br\/loja3\/pontes-editores-home-2__trashed\/linguistica\/contatos-franco-brasileiros\/#primaryimage"},"thumbnailUrl":"https:\/\/ponteseditores.com.br\/loja3\/wp-content\/uploads\/2023\/12\/contatos-franco-brasileiros-capa-2.jpg","datePublished":"2023-12-12T21:35:21+00:00","dateModified":"2023-12-15T15:13:25+00:00","breadcrumb":{"@id":"https:\/\/ponteseditores.com.br\/loja3\/pontes-editores-home-2__trashed\/linguistica\/contatos-franco-brasileiros\/#breadcrumb"},"inLanguage":"pt-BR","potentialAction":[{"@type":"ReadAction","target":["https:\/\/ponteseditores.com.br\/loja3\/pontes-editores-home-2__trashed\/linguistica\/contatos-franco-brasileiros\/"]}]},{"@type":"ImageObject","inLanguage":"pt-BR","@id":"https:\/\/ponteseditores.com.br\/loja3\/pontes-editores-home-2__trashed\/linguistica\/contatos-franco-brasileiros\/#primaryimage","url":"https:\/\/ponteseditores.com.br\/loja3\/wp-content\/uploads\/2023\/12\/contatos-franco-brasileiros-capa-2.jpg","contentUrl":"https:\/\/ponteseditores.com.br\/loja3\/wp-content\/uploads\/2023\/12\/contatos-franco-brasileiros-capa-2.jpg","width":800,"height":1149},{"@type":"BreadcrumbList","@id":"https:\/\/ponteseditores.com.br\/loja3\/pontes-editores-home-2__trashed\/linguistica\/contatos-franco-brasileiros\/#breadcrumb","itemListElement":[{"@type":"ListItem","position":1,"name":"Home","item":"https:\/\/ponteseditores.com.br\/loja3\/"},{"@type":"ListItem","position":2,"name":"loja","item":"https:\/\/ponteseditores.com.br\/loja3\/loja\/"},{"@type":"ListItem","position":3,"name":"CONTATOS FRANCO-BRASILEIROS"}]},{"@type":"WebSite","@id":"https:\/\/ponteseditores.com.br\/loja3\/#website","url":"https:\/\/ponteseditores.com.br\/loja3\/","name":"Pontes Editores","description":"Pontes Editores","publisher":{"@id":"https:\/\/ponteseditores.com.br\/loja3\/#organization"},"potentialAction":[{"@type":"SearchAction","target":{"@type":"EntryPoint","urlTemplate":"https:\/\/ponteseditores.com.br\/loja3\/?s={search_term_string}"},"query-input":{"@type":"PropertyValueSpecification","valueRequired":true,"valueName":"search_term_string"}}],"inLanguage":"pt-BR"},{"@type":"Organization","@id":"https:\/\/ponteseditores.com.br\/loja3\/#organization","name":"Pontes Editores","url":"https:\/\/ponteseditores.com.br\/loja3\/","logo":{"@type":"ImageObject","inLanguage":"pt-BR","@id":"https:\/\/ponteseditores.com.br\/loja3\/#\/schema\/logo\/image\/","url":"https:\/\/ponteseditores.com.br\/loja3\/wp-content\/uploads\/2023\/12\/logo-pontes-editores-v2.png","contentUrl":"https:\/\/ponteseditores.com.br\/loja3\/wp-content\/uploads\/2023\/12\/logo-pontes-editores-v2.png","width":258,"height":100,"caption":"Pontes Editores"},"image":{"@id":"https:\/\/ponteseditores.com.br\/loja3\/#\/schema\/logo\/image\/"}}]}},"_links":{"self":[{"href":"https:\/\/ponteseditores.com.br\/loja3\/wp-json\/wp\/v2\/product\/6902","targetHints":{"allow":["GET"]}}],"collection":[{"href":"https:\/\/ponteseditores.com.br\/loja3\/wp-json\/wp\/v2\/product"}],"about":[{"href":"https:\/\/ponteseditores.com.br\/loja3\/wp-json\/wp\/v2\/types\/product"}],"replies":[{"embeddable":true,"href":"https:\/\/ponteseditores.com.br\/loja3\/wp-json\/wp\/v2\/comments?post=6902"}],"version-history":[{"count":0,"href":"https:\/\/ponteseditores.com.br\/loja3\/wp-json\/wp\/v2\/product\/6902\/revisions"}],"wp:featuredmedia":[{"embeddable":true,"href":"https:\/\/ponteseditores.com.br\/loja3\/wp-json\/wp\/v2\/media\/6840"}],"wp:attachment":[{"href":"https:\/\/ponteseditores.com.br\/loja3\/wp-json\/wp\/v2\/media?parent=6902"}],"wp:term":[{"taxonomy":"product_brand","embeddable":true,"href":"https:\/\/ponteseditores.com.br\/loja3\/wp-json\/wp\/v2\/product_brand?post=6902"},{"taxonomy":"product_cat","embeddable":true,"href":"https:\/\/ponteseditores.com.br\/loja3\/wp-json\/wp\/v2\/product_cat?post=6902"},{"taxonomy":"product_tag","embeddable":true,"href":"https:\/\/ponteseditores.com.br\/loja3\/wp-json\/wp\/v2\/product_tag?post=6902"}],"curies":[{"name":"wp","href":"https:\/\/api.w.org\/{rel}","templated":true}]}}