{"id":6901,"date":"2023-12-12T18:31:25","date_gmt":"2023-12-12T21:31:25","guid":{"rendered":"https:\/\/ponteseditores.com.br\/loja3\/?post_type=product&#038;p=6901"},"modified":"2025-05-12T12:15:51","modified_gmt":"2025-05-12T15:15:51","slug":"dialogos-com-analistas-de-discurso-reflexoes-sobre-a-relevancia-do-pensamento-de-michel-pecheux-hoje-dialogue-avec-analystes-du-discours-reflexions-sur-la-pertinence-de-la-pensee-de-michel-pecheux","status":"publish","type":"product","link":"https:\/\/ponteseditores.com.br\/loja3\/pontes-editores-home-2__trashed\/linguistica\/dialogos-com-analistas-de-discurso-reflexoes-sobre-a-relevancia-do-pensamento-de-michel-pecheux-hoje-dialogue-avec-analystes-du-discours-reflexions-sur-la-pertinence-de-la-pensee-de-michel-pecheux\/","title":{"rendered":"Di\u00e1logos com Analistas de Discurso: reflex\u00f5es sobre a relev\u00e2ncia do pensamento de Michel P\u00eacheux hoje"},"content":{"rendered":"<p>O que as no\u00e7\u00f5es discutidas por Michel P\u00eacheux, ao longo de sua trajet\u00f3ria te\u00f3rico-pol\u00edtica, t\u00eam a nos dizer sobre o momento atual, mais especificamente, sobre o funcionamento dos discursos que constituem a forma\u00e7\u00e3o social brasileira? Essa foi a quest\u00e3o que se colocou como fio condutor para n\u00f3s para que cheg\u00e1ssemos \u00e0s 13 perguntas que comp\u00f5em esta colet\u00e2nea, as quais retomam diferentes momentos dessa trajet\u00f3ria de P\u00eacheux. Para cada uma das 13 quest\u00f5es, convidamos duplas de pesquisadores do campo discursivo materialista pecheuxtiano, de diferentes institui\u00e7\u00f5es brasileiras, os quais, em suas inscri\u00e7\u00f5es te\u00f3rico-anal\u00edticas, levam-nos a refletir sobre o pensamento de P\u00eacheux, observando suas quest\u00f5es em outras condi\u00e7\u00f5es de produ\u00e7\u00e3o.<\/p>\n<p>Qu\u2019est-ce que les notions discut\u00e9es par Michel P\u00eacheux tout au long de sa carri\u00e8re th\u00e9orico-politique ont \u00e0 nous dire sur le moment pr\u00e9sent, plus pr\u00e9cis\u00e9ment sur le fonctionnement des discours qui composent la formation sociale br\u00e9silienne ? C\u2019est cette question qui nous a servi de fil conducteur pour arriver aux 13 questions qui composent ce recueil et qui revisitent diff\u00e9rents moments de la carri\u00e8re de P\u00eacheux. Pour chacune des 13 questions, nous avons invit\u00e9 des paires de chercheurs du champ discursif mat\u00e9rialiste p\u00eacheuxien, de diff\u00e9rentes institutions br\u00e9siliennes, qui, dans leurs inscriptions th\u00e9orico-analytiques, nous am\u00e8nent \u00e0 r\u00e9fl\u00e9chir sur la pens\u00e9e de P\u00eacheux, en observant ses questions dans d\u2019autres conditions de production.<\/p>\n","protected":false},"excerpt":{"rendered":"<p>Dialogue avec Analystes du Discours: r\u00e9flexions sur la pertinence de la pens\u00e9e de Michel P\u00eacheux aujourd\u2019hui<\/p>\n","protected":false},"featured_media":628,"comment_status":"open","ping_status":"closed","template":"","meta":{"_joinchat":[]},"product_brand":[],"product_cat":[301,31],"product_tag":[],"class_list":{"0":"post-6901","1":"product","2":"type-product","3":"status-publish","4":"has-post-thumbnail","6":"product_cat-analise-de-discurso","7":"product_cat-linguistica","8":"product_shipping_class-livro-pontes-editores-fisico","10":"first","11":"instock","12":"shipping-taxable","13":"purchasable","14":"product-type-simple"},"yoast_head":"<!-- This site is optimized with the Yoast SEO plugin v27.4 - https:\/\/yoast.com\/product\/yoast-seo-wordpress\/ -->\n<title>Di\u00e1logos com Analistas de Discurso: reflex\u00f5es sobre a relev\u00e2ncia do pensamento de Michel P\u00eacheux hoje - Pontes Editores<\/title>\n<meta name=\"robots\" content=\"index, follow, max-snippet:-1, max-image-preview:large, max-video-preview:-1\" \/>\n<link rel=\"canonical\" href=\"https:\/\/ponteseditores.com.br\/loja3\/pontes-editores-home-2__trashed\/linguistica\/dialogos-com-analistas-de-discurso-reflexoes-sobre-a-relevancia-do-pensamento-de-michel-pecheux-hoje-dialogue-avec-analystes-du-discours-reflexions-sur-la-pertinence-de-la-pensee-de-michel-pecheux\/\" \/>\n<meta property=\"og:locale\" content=\"pt_BR\" \/>\n<meta property=\"og:type\" content=\"article\" \/>\n<meta property=\"og:title\" content=\"Di\u00e1logos com Analistas de Discurso: reflex\u00f5es sobre a relev\u00e2ncia do pensamento de Michel P\u00eacheux hoje - Pontes Editores\" \/>\n<meta property=\"og:description\" content=\"Dialogue avec Analystes du Discours: r\u00e9flexions sur la pertinence de la pens\u00e9e de Michel P\u00eacheux aujourd\u2019hui\" \/>\n<meta property=\"og:url\" content=\"https:\/\/ponteseditores.com.br\/loja3\/pontes-editores-home-2__trashed\/linguistica\/dialogos-com-analistas-de-discurso-reflexoes-sobre-a-relevancia-do-pensamento-de-michel-pecheux-hoje-dialogue-avec-analystes-du-discours-reflexions-sur-la-pertinence-de-la-pensee-de-michel-pecheux\/\" \/>\n<meta property=\"og:site_name\" content=\"Pontes Editores\" \/>\n<meta property=\"article:modified_time\" content=\"2025-05-12T15:15:51+00:00\" \/>\n<meta property=\"og:image\" content=\"https:\/\/ponteseditores.com.br\/loja3\/wp-content\/uploads\/2023\/12\/Capa_Dialogos_com_Analistas.jpg\" \/>\n\t<meta property=\"og:image:width\" content=\"1500\" \/>\n\t<meta property=\"og:image:height\" content=\"2121\" \/>\n\t<meta property=\"og:image:type\" content=\"image\/jpeg\" \/>\n<meta name=\"twitter:card\" content=\"summary_large_image\" \/>\n<meta name=\"twitter:label1\" content=\"Est. tempo de leitura\" \/>\n\t<meta name=\"twitter:data1\" content=\"2 minutos\" \/>\n<script type=\"application\/ld+json\" class=\"yoast-schema-graph\">{\"@context\":\"https:\\\/\\\/schema.org\",\"@graph\":[{\"@type\":\"WebPage\",\"@id\":\"https:\\\/\\\/ponteseditores.com.br\\\/loja3\\\/pontes-editores-home-2__trashed\\\/linguistica\\\/dialogos-com-analistas-de-discurso-reflexoes-sobre-a-relevancia-do-pensamento-de-michel-pecheux-hoje-dialogue-avec-analystes-du-discours-reflexions-sur-la-pertinence-de-la-pensee-de-michel-pecheux\\\/\",\"url\":\"https:\\\/\\\/ponteseditores.com.br\\\/loja3\\\/pontes-editores-home-2__trashed\\\/linguistica\\\/dialogos-com-analistas-de-discurso-reflexoes-sobre-a-relevancia-do-pensamento-de-michel-pecheux-hoje-dialogue-avec-analystes-du-discours-reflexions-sur-la-pertinence-de-la-pensee-de-michel-pecheux\\\/\",\"name\":\"Di\u00e1logos com Analistas de Discurso: reflex\u00f5es sobre a relev\u00e2ncia do pensamento de Michel P\u00eacheux hoje - Pontes Editores\",\"isPartOf\":{\"@id\":\"https:\\\/\\\/ponteseditores.com.br\\\/loja3\\\/#website\"},\"primaryImageOfPage\":{\"@id\":\"https:\\\/\\\/ponteseditores.com.br\\\/loja3\\\/pontes-editores-home-2__trashed\\\/linguistica\\\/dialogos-com-analistas-de-discurso-reflexoes-sobre-a-relevancia-do-pensamento-de-michel-pecheux-hoje-dialogue-avec-analystes-du-discours-reflexions-sur-la-pertinence-de-la-pensee-de-michel-pecheux\\\/#primaryimage\"},\"image\":{\"@id\":\"https:\\\/\\\/ponteseditores.com.br\\\/loja3\\\/pontes-editores-home-2__trashed\\\/linguistica\\\/dialogos-com-analistas-de-discurso-reflexoes-sobre-a-relevancia-do-pensamento-de-michel-pecheux-hoje-dialogue-avec-analystes-du-discours-reflexions-sur-la-pertinence-de-la-pensee-de-michel-pecheux\\\/#primaryimage\"},\"thumbnailUrl\":\"https:\\\/\\\/ponteseditores.com.br\\\/loja3\\\/wp-content\\\/uploads\\\/2023\\\/12\\\/Capa_Dialogos_com_Analistas.jpg\",\"datePublished\":\"2023-12-12T21:31:25+00:00\",\"dateModified\":\"2025-05-12T15:15:51+00:00\",\"breadcrumb\":{\"@id\":\"https:\\\/\\\/ponteseditores.com.br\\\/loja3\\\/pontes-editores-home-2__trashed\\\/linguistica\\\/dialogos-com-analistas-de-discurso-reflexoes-sobre-a-relevancia-do-pensamento-de-michel-pecheux-hoje-dialogue-avec-analystes-du-discours-reflexions-sur-la-pertinence-de-la-pensee-de-michel-pecheux\\\/#breadcrumb\"},\"inLanguage\":\"pt-BR\",\"potentialAction\":[{\"@type\":\"ReadAction\",\"target\":[\"https:\\\/\\\/ponteseditores.com.br\\\/loja3\\\/pontes-editores-home-2__trashed\\\/linguistica\\\/dialogos-com-analistas-de-discurso-reflexoes-sobre-a-relevancia-do-pensamento-de-michel-pecheux-hoje-dialogue-avec-analystes-du-discours-reflexions-sur-la-pertinence-de-la-pensee-de-michel-pecheux\\\/\"]}]},{\"@type\":\"ImageObject\",\"inLanguage\":\"pt-BR\",\"@id\":\"https:\\\/\\\/ponteseditores.com.br\\\/loja3\\\/pontes-editores-home-2__trashed\\\/linguistica\\\/dialogos-com-analistas-de-discurso-reflexoes-sobre-a-relevancia-do-pensamento-de-michel-pecheux-hoje-dialogue-avec-analystes-du-discours-reflexions-sur-la-pertinence-de-la-pensee-de-michel-pecheux\\\/#primaryimage\",\"url\":\"https:\\\/\\\/ponteseditores.com.br\\\/loja3\\\/wp-content\\\/uploads\\\/2023\\\/12\\\/Capa_Dialogos_com_Analistas.jpg\",\"contentUrl\":\"https:\\\/\\\/ponteseditores.com.br\\\/loja3\\\/wp-content\\\/uploads\\\/2023\\\/12\\\/Capa_Dialogos_com_Analistas.jpg\",\"width\":1500,\"height\":2121},{\"@type\":\"BreadcrumbList\",\"@id\":\"https:\\\/\\\/ponteseditores.com.br\\\/loja3\\\/pontes-editores-home-2__trashed\\\/linguistica\\\/dialogos-com-analistas-de-discurso-reflexoes-sobre-a-relevancia-do-pensamento-de-michel-pecheux-hoje-dialogue-avec-analystes-du-discours-reflexions-sur-la-pertinence-de-la-pensee-de-michel-pecheux\\\/#breadcrumb\",\"itemListElement\":[{\"@type\":\"ListItem\",\"position\":1,\"name\":\"Home\",\"item\":\"https:\\\/\\\/ponteseditores.com.br\\\/loja3\\\/\"},{\"@type\":\"ListItem\",\"position\":2,\"name\":\"loja\",\"item\":\"https:\\\/\\\/ponteseditores.com.br\\\/loja3\\\/loja\\\/\"},{\"@type\":\"ListItem\",\"position\":3,\"name\":\"Di\u00e1logos com Analistas de Discurso: reflex\u00f5es sobre a relev\u00e2ncia do pensamento de Michel P\u00eacheux hoje\"}]},{\"@type\":\"WebSite\",\"@id\":\"https:\\\/\\\/ponteseditores.com.br\\\/loja3\\\/#website\",\"url\":\"https:\\\/\\\/ponteseditores.com.br\\\/loja3\\\/\",\"name\":\"Pontes Editores\",\"description\":\"Pontes Editores\",\"publisher\":{\"@id\":\"https:\\\/\\\/ponteseditores.com.br\\\/loja3\\\/#organization\"},\"potentialAction\":[{\"@type\":\"SearchAction\",\"target\":{\"@type\":\"EntryPoint\",\"urlTemplate\":\"https:\\\/\\\/ponteseditores.com.br\\\/loja3\\\/?s={search_term_string}\"},\"query-input\":{\"@type\":\"PropertyValueSpecification\",\"valueRequired\":true,\"valueName\":\"search_term_string\"}}],\"inLanguage\":\"pt-BR\"},{\"@type\":\"Organization\",\"@id\":\"https:\\\/\\\/ponteseditores.com.br\\\/loja3\\\/#organization\",\"name\":\"Pontes Editores\",\"url\":\"https:\\\/\\\/ponteseditores.com.br\\\/loja3\\\/\",\"logo\":{\"@type\":\"ImageObject\",\"inLanguage\":\"pt-BR\",\"@id\":\"https:\\\/\\\/ponteseditores.com.br\\\/loja3\\\/#\\\/schema\\\/logo\\\/image\\\/\",\"url\":\"https:\\\/\\\/ponteseditores.com.br\\\/loja3\\\/wp-content\\\/uploads\\\/2023\\\/12\\\/logo-pontes-editores-v2.png\",\"contentUrl\":\"https:\\\/\\\/ponteseditores.com.br\\\/loja3\\\/wp-content\\\/uploads\\\/2023\\\/12\\\/logo-pontes-editores-v2.png\",\"width\":258,\"height\":100,\"caption\":\"Pontes Editores\"},\"image\":{\"@id\":\"https:\\\/\\\/ponteseditores.com.br\\\/loja3\\\/#\\\/schema\\\/logo\\\/image\\\/\"}}]}<\/script>\n<!-- \/ Yoast SEO plugin. -->","yoast_head_json":{"title":"Di\u00e1logos com Analistas de Discurso: reflex\u00f5es sobre a relev\u00e2ncia do pensamento de Michel P\u00eacheux hoje - Pontes Editores","robots":{"index":"index","follow":"follow","max-snippet":"max-snippet:-1","max-image-preview":"max-image-preview:large","max-video-preview":"max-video-preview:-1"},"canonical":"https:\/\/ponteseditores.com.br\/loja3\/pontes-editores-home-2__trashed\/linguistica\/dialogos-com-analistas-de-discurso-reflexoes-sobre-a-relevancia-do-pensamento-de-michel-pecheux-hoje-dialogue-avec-analystes-du-discours-reflexions-sur-la-pertinence-de-la-pensee-de-michel-pecheux\/","og_locale":"pt_BR","og_type":"article","og_title":"Di\u00e1logos com Analistas de Discurso: reflex\u00f5es sobre a relev\u00e2ncia do pensamento de Michel P\u00eacheux hoje - Pontes Editores","og_description":"Dialogue avec Analystes du Discours: r\u00e9flexions sur la pertinence de la pens\u00e9e de Michel P\u00eacheux aujourd\u2019hui","og_url":"https:\/\/ponteseditores.com.br\/loja3\/pontes-editores-home-2__trashed\/linguistica\/dialogos-com-analistas-de-discurso-reflexoes-sobre-a-relevancia-do-pensamento-de-michel-pecheux-hoje-dialogue-avec-analystes-du-discours-reflexions-sur-la-pertinence-de-la-pensee-de-michel-pecheux\/","og_site_name":"Pontes Editores","article_modified_time":"2025-05-12T15:15:51+00:00","og_image":[{"width":1500,"height":2121,"url":"https:\/\/ponteseditores.com.br\/loja3\/wp-content\/uploads\/2023\/12\/Capa_Dialogos_com_Analistas.jpg","type":"image\/jpeg"}],"twitter_card":"summary_large_image","twitter_misc":{"Est. tempo de leitura":"2 minutos"},"schema":{"@context":"https:\/\/schema.org","@graph":[{"@type":"WebPage","@id":"https:\/\/ponteseditores.com.br\/loja3\/pontes-editores-home-2__trashed\/linguistica\/dialogos-com-analistas-de-discurso-reflexoes-sobre-a-relevancia-do-pensamento-de-michel-pecheux-hoje-dialogue-avec-analystes-du-discours-reflexions-sur-la-pertinence-de-la-pensee-de-michel-pecheux\/","url":"https:\/\/ponteseditores.com.br\/loja3\/pontes-editores-home-2__trashed\/linguistica\/dialogos-com-analistas-de-discurso-reflexoes-sobre-a-relevancia-do-pensamento-de-michel-pecheux-hoje-dialogue-avec-analystes-du-discours-reflexions-sur-la-pertinence-de-la-pensee-de-michel-pecheux\/","name":"Di\u00e1logos com Analistas de Discurso: reflex\u00f5es sobre a relev\u00e2ncia do pensamento de Michel P\u00eacheux hoje - Pontes Editores","isPartOf":{"@id":"https:\/\/ponteseditores.com.br\/loja3\/#website"},"primaryImageOfPage":{"@id":"https:\/\/ponteseditores.com.br\/loja3\/pontes-editores-home-2__trashed\/linguistica\/dialogos-com-analistas-de-discurso-reflexoes-sobre-a-relevancia-do-pensamento-de-michel-pecheux-hoje-dialogue-avec-analystes-du-discours-reflexions-sur-la-pertinence-de-la-pensee-de-michel-pecheux\/#primaryimage"},"image":{"@id":"https:\/\/ponteseditores.com.br\/loja3\/pontes-editores-home-2__trashed\/linguistica\/dialogos-com-analistas-de-discurso-reflexoes-sobre-a-relevancia-do-pensamento-de-michel-pecheux-hoje-dialogue-avec-analystes-du-discours-reflexions-sur-la-pertinence-de-la-pensee-de-michel-pecheux\/#primaryimage"},"thumbnailUrl":"https:\/\/ponteseditores.com.br\/loja3\/wp-content\/uploads\/2023\/12\/Capa_Dialogos_com_Analistas.jpg","datePublished":"2023-12-12T21:31:25+00:00","dateModified":"2025-05-12T15:15:51+00:00","breadcrumb":{"@id":"https:\/\/ponteseditores.com.br\/loja3\/pontes-editores-home-2__trashed\/linguistica\/dialogos-com-analistas-de-discurso-reflexoes-sobre-a-relevancia-do-pensamento-de-michel-pecheux-hoje-dialogue-avec-analystes-du-discours-reflexions-sur-la-pertinence-de-la-pensee-de-michel-pecheux\/#breadcrumb"},"inLanguage":"pt-BR","potentialAction":[{"@type":"ReadAction","target":["https:\/\/ponteseditores.com.br\/loja3\/pontes-editores-home-2__trashed\/linguistica\/dialogos-com-analistas-de-discurso-reflexoes-sobre-a-relevancia-do-pensamento-de-michel-pecheux-hoje-dialogue-avec-analystes-du-discours-reflexions-sur-la-pertinence-de-la-pensee-de-michel-pecheux\/"]}]},{"@type":"ImageObject","inLanguage":"pt-BR","@id":"https:\/\/ponteseditores.com.br\/loja3\/pontes-editores-home-2__trashed\/linguistica\/dialogos-com-analistas-de-discurso-reflexoes-sobre-a-relevancia-do-pensamento-de-michel-pecheux-hoje-dialogue-avec-analystes-du-discours-reflexions-sur-la-pertinence-de-la-pensee-de-michel-pecheux\/#primaryimage","url":"https:\/\/ponteseditores.com.br\/loja3\/wp-content\/uploads\/2023\/12\/Capa_Dialogos_com_Analistas.jpg","contentUrl":"https:\/\/ponteseditores.com.br\/loja3\/wp-content\/uploads\/2023\/12\/Capa_Dialogos_com_Analistas.jpg","width":1500,"height":2121},{"@type":"BreadcrumbList","@id":"https:\/\/ponteseditores.com.br\/loja3\/pontes-editores-home-2__trashed\/linguistica\/dialogos-com-analistas-de-discurso-reflexoes-sobre-a-relevancia-do-pensamento-de-michel-pecheux-hoje-dialogue-avec-analystes-du-discours-reflexions-sur-la-pertinence-de-la-pensee-de-michel-pecheux\/#breadcrumb","itemListElement":[{"@type":"ListItem","position":1,"name":"Home","item":"https:\/\/ponteseditores.com.br\/loja3\/"},{"@type":"ListItem","position":2,"name":"loja","item":"https:\/\/ponteseditores.com.br\/loja3\/loja\/"},{"@type":"ListItem","position":3,"name":"Di\u00e1logos com Analistas de Discurso: reflex\u00f5es sobre a relev\u00e2ncia do pensamento de Michel P\u00eacheux hoje"}]},{"@type":"WebSite","@id":"https:\/\/ponteseditores.com.br\/loja3\/#website","url":"https:\/\/ponteseditores.com.br\/loja3\/","name":"Pontes Editores","description":"Pontes Editores","publisher":{"@id":"https:\/\/ponteseditores.com.br\/loja3\/#organization"},"potentialAction":[{"@type":"SearchAction","target":{"@type":"EntryPoint","urlTemplate":"https:\/\/ponteseditores.com.br\/loja3\/?s={search_term_string}"},"query-input":{"@type":"PropertyValueSpecification","valueRequired":true,"valueName":"search_term_string"}}],"inLanguage":"pt-BR"},{"@type":"Organization","@id":"https:\/\/ponteseditores.com.br\/loja3\/#organization","name":"Pontes Editores","url":"https:\/\/ponteseditores.com.br\/loja3\/","logo":{"@type":"ImageObject","inLanguage":"pt-BR","@id":"https:\/\/ponteseditores.com.br\/loja3\/#\/schema\/logo\/image\/","url":"https:\/\/ponteseditores.com.br\/loja3\/wp-content\/uploads\/2023\/12\/logo-pontes-editores-v2.png","contentUrl":"https:\/\/ponteseditores.com.br\/loja3\/wp-content\/uploads\/2023\/12\/logo-pontes-editores-v2.png","width":258,"height":100,"caption":"Pontes Editores"},"image":{"@id":"https:\/\/ponteseditores.com.br\/loja3\/#\/schema\/logo\/image\/"}}]}},"_links":{"self":[{"href":"https:\/\/ponteseditores.com.br\/loja3\/wp-json\/wp\/v2\/product\/6901","targetHints":{"allow":["GET"]}}],"collection":[{"href":"https:\/\/ponteseditores.com.br\/loja3\/wp-json\/wp\/v2\/product"}],"about":[{"href":"https:\/\/ponteseditores.com.br\/loja3\/wp-json\/wp\/v2\/types\/product"}],"replies":[{"embeddable":true,"href":"https:\/\/ponteseditores.com.br\/loja3\/wp-json\/wp\/v2\/comments?post=6901"}],"version-history":[{"count":1,"href":"https:\/\/ponteseditores.com.br\/loja3\/wp-json\/wp\/v2\/product\/6901\/revisions"}],"predecessor-version":[{"id":25626,"href":"https:\/\/ponteseditores.com.br\/loja3\/wp-json\/wp\/v2\/product\/6901\/revisions\/25626"}],"wp:featuredmedia":[{"embeddable":true,"href":"https:\/\/ponteseditores.com.br\/loja3\/wp-json\/wp\/v2\/media\/628"}],"wp:attachment":[{"href":"https:\/\/ponteseditores.com.br\/loja3\/wp-json\/wp\/v2\/media?parent=6901"}],"wp:term":[{"taxonomy":"product_brand","embeddable":true,"href":"https:\/\/ponteseditores.com.br\/loja3\/wp-json\/wp\/v2\/product_brand?post=6901"},{"taxonomy":"product_cat","embeddable":true,"href":"https:\/\/ponteseditores.com.br\/loja3\/wp-json\/wp\/v2\/product_cat?post=6901"},{"taxonomy":"product_tag","embeddable":true,"href":"https:\/\/ponteseditores.com.br\/loja3\/wp-json\/wp\/v2\/product_tag?post=6901"}],"curies":[{"name":"wp","href":"https:\/\/api.w.org\/{rel}","templated":true}]}}