{"id":6893,"date":"2023-12-12T18:01:22","date_gmt":"2023-12-12T21:01:22","guid":{"rendered":"https:\/\/ponteseditores.com.br\/loja3\/?post_type=product&#038;p=6893"},"modified":"2023-12-15T12:13:26","modified_gmt":"2023-12-15T15:13:26","slug":"diagletica-do-portugues","status":"publish","type":"product","link":"https:\/\/ponteseditores.com.br\/loja3\/pontes-editores-home-2__trashed\/linguagem\/diagletica-do-portugues\/","title":{"rendered":"DIAGL\u00c9TICA DO PORTUGU\u00caS"},"content":{"rendered":"<p class=\"p1\">Diagl\u00e9tica do Portugu\u00eas n\u00e3o \u00e9 um livro de consulta, mas \u00e9 uma obra de estudo das rela\u00e7\u00f5es funcionais entre as unidades lingu\u00edsticas (Ora\u00e7\u00e3o, Sintagma, Locu\u00e7\u00e3o, Palavra, Morfema e Fonema\/Grafema) na forma\u00e7\u00e3o de estruturas espec\u00edficas, definidas pela racionalidade no processamento articulat\u00f3rio delas para a Comunica\u00e7\u00e3o, permitindo construir um conhecimento aut\u00f4nomo, original de valores relativos sem formas pr\u00e9-definidas e sem as conven\u00e7\u00f5es tradicionais mnem\u00f4nicas como Classes de Palavra, Voz Passiva, Inexist\u00eancia de Sujeito, Reg\u00eancias Verbal e Nominal e outras, que confundem os valores relativos, portanto \u00e9 um estudo da ess\u00eancia de toda a L\u00edngua Portuguesa, porque descreve a L\u00edngua pela L\u00edngua sem conceitos pr\u00e9-determinantes ou memoriza\u00e7\u00e3o de regras, relacionando valores pela coer\u00eancia definidos por paradigmas funcionais de categorias, o que torna o estudo verdadeiramente aut\u00f4nomo e independente de opini\u00f5es gramaticais ou de construtos te\u00f3ricos descritivos da Lingu\u00edstica, apresentando resultados inter-relacionados em diferentes n\u00edveis descritivos na pr\u00f3pria L\u00edngua. Diagl\u00e9tica do Portugu\u00eas \u00e9 um estudo sucessivo e gradativo ao conhecimento intelectualizado da L\u00edngua Portuguesa inteira. Com o conhecimento da ess\u00eancia da L\u00edngua, h\u00e1-se de construir, com liberdade, uma gram\u00e1tica pr\u00f3pria e produzir ou interpretar quaisquer estruturas pertinentes a uma Comunica\u00e7\u00e3o oral ou escrita.<\/p>\n","protected":false},"excerpt":{"rendered":"<h4 class=\"p1\">Estudo da ess\u00eancia da l\u00edngua portuguesa<\/h4>\n<p>Diagl\u00e9tica do Portugu\u00eas n\u00e3o \u00e9 um livro de consulta, mas \u00e9 uma obra de estudo das rela\u00e7\u00f5es funcionais entre as unidades lingu\u00edsticas (Ora\u00e7\u00e3o, Sintagma, Locu\u00e7\u00e3o, Palavra, Morfema e Fonema\/Grafema) na forma\u00e7\u00e3o de estruturas espec\u00edficas, definidas pela racionalidade no processamento articulat\u00f3rio delas para a Comunica\u00e7\u00e3o, permitindo construir um conhecimento aut\u00f4nomo&#8230;<\/p>\n","protected":false},"featured_media":6846,"comment_status":"open","ping_status":"closed","template":"","meta":{"_joinchat":[]},"product_brand":[],"product_cat":[923,53],"product_tag":[],"class_list":{"0":"post-6893","1":"product","2":"type-product","3":"status-publish","4":"has-post-thumbnail","6":"product_cat-gramatica","7":"product_cat-linguagem","8":"product_shipping_class-livro-pontes-editores-fisico","10":"first","11":"instock","12":"purchasable","13":"product-type-simple"},"yoast_head":"<!-- This site is optimized with the Yoast SEO plugin v27.4 - https:\/\/yoast.com\/product\/yoast-seo-wordpress\/ -->\n<title>DIAGL\u00c9TICA DO PORTUGU\u00caS - Pontes Editores<\/title>\n<meta name=\"robots\" content=\"index, follow, max-snippet:-1, max-image-preview:large, max-video-preview:-1\" \/>\n<link rel=\"canonical\" href=\"https:\/\/ponteseditores.com.br\/loja3\/pontes-editores-home-2__trashed\/linguagem\/diagletica-do-portugues\/\" \/>\n<meta property=\"og:locale\" content=\"pt_BR\" \/>\n<meta property=\"og:type\" content=\"article\" \/>\n<meta property=\"og:title\" content=\"DIAGL\u00c9TICA DO PORTUGU\u00caS - Pontes Editores\" \/>\n<meta property=\"og:description\" content=\"Estudo da ess\u00eancia da l\u00edngua portuguesa Diagl\u00e9tica do Portugu\u00eas n\u00e3o \u00e9 um livro de consulta, mas \u00e9 uma obra de estudo das rela\u00e7\u00f5es funcionais entre as unidades lingu\u00edsticas (Ora\u00e7\u00e3o, Sintagma, Locu\u00e7\u00e3o, Palavra, Morfema e Fonema\/Grafema) na forma\u00e7\u00e3o de estruturas espec\u00edficas, definidas pela racionalidade no processamento articulat\u00f3rio delas para a Comunica\u00e7\u00e3o, permitindo construir um conhecimento aut\u00f4nomo...\" \/>\n<meta property=\"og:url\" content=\"https:\/\/ponteseditores.com.br\/loja3\/pontes-editores-home-2__trashed\/linguagem\/diagletica-do-portugues\/\" \/>\n<meta property=\"og:site_name\" content=\"Pontes Editores\" \/>\n<meta property=\"article:modified_time\" content=\"2023-12-15T15:13:26+00:00\" \/>\n<meta property=\"og:image\" content=\"https:\/\/ponteseditores.com.br\/loja3\/wp-content\/uploads\/2023\/12\/diagletica-do-portugues-capa-1-1.jpg\" \/>\n\t<meta property=\"og:image:width\" content=\"1728\" \/>\n\t<meta property=\"og:image:height\" content=\"2283\" \/>\n\t<meta property=\"og:image:type\" content=\"image\/jpeg\" \/>\n<meta name=\"twitter:card\" content=\"summary_large_image\" \/>\n<meta name=\"twitter:label1\" content=\"Est. tempo de leitura\" \/>\n\t<meta name=\"twitter:data1\" content=\"2 minutos\" \/>\n<script type=\"application\/ld+json\" class=\"yoast-schema-graph\">{\"@context\":\"https:\\\/\\\/schema.org\",\"@graph\":[{\"@type\":\"WebPage\",\"@id\":\"https:\\\/\\\/ponteseditores.com.br\\\/loja3\\\/pontes-editores-home-2__trashed\\\/linguagem\\\/diagletica-do-portugues\\\/\",\"url\":\"https:\\\/\\\/ponteseditores.com.br\\\/loja3\\\/pontes-editores-home-2__trashed\\\/linguagem\\\/diagletica-do-portugues\\\/\",\"name\":\"DIAGL\u00c9TICA DO PORTUGU\u00caS - Pontes Editores\",\"isPartOf\":{\"@id\":\"https:\\\/\\\/ponteseditores.com.br\\\/loja3\\\/#website\"},\"primaryImageOfPage\":{\"@id\":\"https:\\\/\\\/ponteseditores.com.br\\\/loja3\\\/pontes-editores-home-2__trashed\\\/linguagem\\\/diagletica-do-portugues\\\/#primaryimage\"},\"image\":{\"@id\":\"https:\\\/\\\/ponteseditores.com.br\\\/loja3\\\/pontes-editores-home-2__trashed\\\/linguagem\\\/diagletica-do-portugues\\\/#primaryimage\"},\"thumbnailUrl\":\"https:\\\/\\\/ponteseditores.com.br\\\/loja3\\\/wp-content\\\/uploads\\\/2023\\\/12\\\/diagletica-do-portugues-capa-1-1.jpg\",\"datePublished\":\"2023-12-12T21:01:22+00:00\",\"dateModified\":\"2023-12-15T15:13:26+00:00\",\"breadcrumb\":{\"@id\":\"https:\\\/\\\/ponteseditores.com.br\\\/loja3\\\/pontes-editores-home-2__trashed\\\/linguagem\\\/diagletica-do-portugues\\\/#breadcrumb\"},\"inLanguage\":\"pt-BR\",\"potentialAction\":[{\"@type\":\"ReadAction\",\"target\":[\"https:\\\/\\\/ponteseditores.com.br\\\/loja3\\\/pontes-editores-home-2__trashed\\\/linguagem\\\/diagletica-do-portugues\\\/\"]}]},{\"@type\":\"ImageObject\",\"inLanguage\":\"pt-BR\",\"@id\":\"https:\\\/\\\/ponteseditores.com.br\\\/loja3\\\/pontes-editores-home-2__trashed\\\/linguagem\\\/diagletica-do-portugues\\\/#primaryimage\",\"url\":\"https:\\\/\\\/ponteseditores.com.br\\\/loja3\\\/wp-content\\\/uploads\\\/2023\\\/12\\\/diagletica-do-portugues-capa-1-1.jpg\",\"contentUrl\":\"https:\\\/\\\/ponteseditores.com.br\\\/loja3\\\/wp-content\\\/uploads\\\/2023\\\/12\\\/diagletica-do-portugues-capa-1-1.jpg\",\"width\":1728,\"height\":2283},{\"@type\":\"BreadcrumbList\",\"@id\":\"https:\\\/\\\/ponteseditores.com.br\\\/loja3\\\/pontes-editores-home-2__trashed\\\/linguagem\\\/diagletica-do-portugues\\\/#breadcrumb\",\"itemListElement\":[{\"@type\":\"ListItem\",\"position\":1,\"name\":\"Home\",\"item\":\"https:\\\/\\\/ponteseditores.com.br\\\/loja3\\\/\"},{\"@type\":\"ListItem\",\"position\":2,\"name\":\"loja\",\"item\":\"https:\\\/\\\/ponteseditores.com.br\\\/loja3\\\/loja\\\/\"},{\"@type\":\"ListItem\",\"position\":3,\"name\":\"DIAGL\u00c9TICA DO PORTUGU\u00caS\"}]},{\"@type\":\"WebSite\",\"@id\":\"https:\\\/\\\/ponteseditores.com.br\\\/loja3\\\/#website\",\"url\":\"https:\\\/\\\/ponteseditores.com.br\\\/loja3\\\/\",\"name\":\"Pontes Editores\",\"description\":\"Pontes Editores\",\"publisher\":{\"@id\":\"https:\\\/\\\/ponteseditores.com.br\\\/loja3\\\/#organization\"},\"potentialAction\":[{\"@type\":\"SearchAction\",\"target\":{\"@type\":\"EntryPoint\",\"urlTemplate\":\"https:\\\/\\\/ponteseditores.com.br\\\/loja3\\\/?s={search_term_string}\"},\"query-input\":{\"@type\":\"PropertyValueSpecification\",\"valueRequired\":true,\"valueName\":\"search_term_string\"}}],\"inLanguage\":\"pt-BR\"},{\"@type\":\"Organization\",\"@id\":\"https:\\\/\\\/ponteseditores.com.br\\\/loja3\\\/#organization\",\"name\":\"Pontes Editores\",\"url\":\"https:\\\/\\\/ponteseditores.com.br\\\/loja3\\\/\",\"logo\":{\"@type\":\"ImageObject\",\"inLanguage\":\"pt-BR\",\"@id\":\"https:\\\/\\\/ponteseditores.com.br\\\/loja3\\\/#\\\/schema\\\/logo\\\/image\\\/\",\"url\":\"https:\\\/\\\/ponteseditores.com.br\\\/loja3\\\/wp-content\\\/uploads\\\/2023\\\/12\\\/logo-pontes-editores-v2.png\",\"contentUrl\":\"https:\\\/\\\/ponteseditores.com.br\\\/loja3\\\/wp-content\\\/uploads\\\/2023\\\/12\\\/logo-pontes-editores-v2.png\",\"width\":258,\"height\":100,\"caption\":\"Pontes Editores\"},\"image\":{\"@id\":\"https:\\\/\\\/ponteseditores.com.br\\\/loja3\\\/#\\\/schema\\\/logo\\\/image\\\/\"}}]}<\/script>\n<!-- \/ Yoast SEO plugin. -->","yoast_head_json":{"title":"DIAGL\u00c9TICA DO PORTUGU\u00caS - Pontes Editores","robots":{"index":"index","follow":"follow","max-snippet":"max-snippet:-1","max-image-preview":"max-image-preview:large","max-video-preview":"max-video-preview:-1"},"canonical":"https:\/\/ponteseditores.com.br\/loja3\/pontes-editores-home-2__trashed\/linguagem\/diagletica-do-portugues\/","og_locale":"pt_BR","og_type":"article","og_title":"DIAGL\u00c9TICA DO PORTUGU\u00caS - Pontes Editores","og_description":"Estudo da ess\u00eancia da l\u00edngua portuguesa Diagl\u00e9tica do Portugu\u00eas n\u00e3o \u00e9 um livro de consulta, mas \u00e9 uma obra de estudo das rela\u00e7\u00f5es funcionais entre as unidades lingu\u00edsticas (Ora\u00e7\u00e3o, Sintagma, Locu\u00e7\u00e3o, Palavra, Morfema e Fonema\/Grafema) na forma\u00e7\u00e3o de estruturas espec\u00edficas, definidas pela racionalidade no processamento articulat\u00f3rio delas para a Comunica\u00e7\u00e3o, permitindo construir um conhecimento aut\u00f4nomo...","og_url":"https:\/\/ponteseditores.com.br\/loja3\/pontes-editores-home-2__trashed\/linguagem\/diagletica-do-portugues\/","og_site_name":"Pontes Editores","article_modified_time":"2023-12-15T15:13:26+00:00","og_image":[{"width":1728,"height":2283,"url":"https:\/\/ponteseditores.com.br\/loja3\/wp-content\/uploads\/2023\/12\/diagletica-do-portugues-capa-1-1.jpg","type":"image\/jpeg"}],"twitter_card":"summary_large_image","twitter_misc":{"Est. tempo de leitura":"2 minutos"},"schema":{"@context":"https:\/\/schema.org","@graph":[{"@type":"WebPage","@id":"https:\/\/ponteseditores.com.br\/loja3\/pontes-editores-home-2__trashed\/linguagem\/diagletica-do-portugues\/","url":"https:\/\/ponteseditores.com.br\/loja3\/pontes-editores-home-2__trashed\/linguagem\/diagletica-do-portugues\/","name":"DIAGL\u00c9TICA DO PORTUGU\u00caS - Pontes Editores","isPartOf":{"@id":"https:\/\/ponteseditores.com.br\/loja3\/#website"},"primaryImageOfPage":{"@id":"https:\/\/ponteseditores.com.br\/loja3\/pontes-editores-home-2__trashed\/linguagem\/diagletica-do-portugues\/#primaryimage"},"image":{"@id":"https:\/\/ponteseditores.com.br\/loja3\/pontes-editores-home-2__trashed\/linguagem\/diagletica-do-portugues\/#primaryimage"},"thumbnailUrl":"https:\/\/ponteseditores.com.br\/loja3\/wp-content\/uploads\/2023\/12\/diagletica-do-portugues-capa-1-1.jpg","datePublished":"2023-12-12T21:01:22+00:00","dateModified":"2023-12-15T15:13:26+00:00","breadcrumb":{"@id":"https:\/\/ponteseditores.com.br\/loja3\/pontes-editores-home-2__trashed\/linguagem\/diagletica-do-portugues\/#breadcrumb"},"inLanguage":"pt-BR","potentialAction":[{"@type":"ReadAction","target":["https:\/\/ponteseditores.com.br\/loja3\/pontes-editores-home-2__trashed\/linguagem\/diagletica-do-portugues\/"]}]},{"@type":"ImageObject","inLanguage":"pt-BR","@id":"https:\/\/ponteseditores.com.br\/loja3\/pontes-editores-home-2__trashed\/linguagem\/diagletica-do-portugues\/#primaryimage","url":"https:\/\/ponteseditores.com.br\/loja3\/wp-content\/uploads\/2023\/12\/diagletica-do-portugues-capa-1-1.jpg","contentUrl":"https:\/\/ponteseditores.com.br\/loja3\/wp-content\/uploads\/2023\/12\/diagletica-do-portugues-capa-1-1.jpg","width":1728,"height":2283},{"@type":"BreadcrumbList","@id":"https:\/\/ponteseditores.com.br\/loja3\/pontes-editores-home-2__trashed\/linguagem\/diagletica-do-portugues\/#breadcrumb","itemListElement":[{"@type":"ListItem","position":1,"name":"Home","item":"https:\/\/ponteseditores.com.br\/loja3\/"},{"@type":"ListItem","position":2,"name":"loja","item":"https:\/\/ponteseditores.com.br\/loja3\/loja\/"},{"@type":"ListItem","position":3,"name":"DIAGL\u00c9TICA DO PORTUGU\u00caS"}]},{"@type":"WebSite","@id":"https:\/\/ponteseditores.com.br\/loja3\/#website","url":"https:\/\/ponteseditores.com.br\/loja3\/","name":"Pontes Editores","description":"Pontes Editores","publisher":{"@id":"https:\/\/ponteseditores.com.br\/loja3\/#organization"},"potentialAction":[{"@type":"SearchAction","target":{"@type":"EntryPoint","urlTemplate":"https:\/\/ponteseditores.com.br\/loja3\/?s={search_term_string}"},"query-input":{"@type":"PropertyValueSpecification","valueRequired":true,"valueName":"search_term_string"}}],"inLanguage":"pt-BR"},{"@type":"Organization","@id":"https:\/\/ponteseditores.com.br\/loja3\/#organization","name":"Pontes Editores","url":"https:\/\/ponteseditores.com.br\/loja3\/","logo":{"@type":"ImageObject","inLanguage":"pt-BR","@id":"https:\/\/ponteseditores.com.br\/loja3\/#\/schema\/logo\/image\/","url":"https:\/\/ponteseditores.com.br\/loja3\/wp-content\/uploads\/2023\/12\/logo-pontes-editores-v2.png","contentUrl":"https:\/\/ponteseditores.com.br\/loja3\/wp-content\/uploads\/2023\/12\/logo-pontes-editores-v2.png","width":258,"height":100,"caption":"Pontes Editores"},"image":{"@id":"https:\/\/ponteseditores.com.br\/loja3\/#\/schema\/logo\/image\/"}}]}},"_links":{"self":[{"href":"https:\/\/ponteseditores.com.br\/loja3\/wp-json\/wp\/v2\/product\/6893","targetHints":{"allow":["GET"]}}],"collection":[{"href":"https:\/\/ponteseditores.com.br\/loja3\/wp-json\/wp\/v2\/product"}],"about":[{"href":"https:\/\/ponteseditores.com.br\/loja3\/wp-json\/wp\/v2\/types\/product"}],"replies":[{"embeddable":true,"href":"https:\/\/ponteseditores.com.br\/loja3\/wp-json\/wp\/v2\/comments?post=6893"}],"version-history":[{"count":0,"href":"https:\/\/ponteseditores.com.br\/loja3\/wp-json\/wp\/v2\/product\/6893\/revisions"}],"wp:featuredmedia":[{"embeddable":true,"href":"https:\/\/ponteseditores.com.br\/loja3\/wp-json\/wp\/v2\/media\/6846"}],"wp:attachment":[{"href":"https:\/\/ponteseditores.com.br\/loja3\/wp-json\/wp\/v2\/media?parent=6893"}],"wp:term":[{"taxonomy":"product_brand","embeddable":true,"href":"https:\/\/ponteseditores.com.br\/loja3\/wp-json\/wp\/v2\/product_brand?post=6893"},{"taxonomy":"product_cat","embeddable":true,"href":"https:\/\/ponteseditores.com.br\/loja3\/wp-json\/wp\/v2\/product_cat?post=6893"},{"taxonomy":"product_tag","embeddable":true,"href":"https:\/\/ponteseditores.com.br\/loja3\/wp-json\/wp\/v2\/product_tag?post=6893"}],"curies":[{"name":"wp","href":"https:\/\/api.w.org\/{rel}","templated":true}]}}