{"id":6884,"date":"2023-12-12T16:34:57","date_gmt":"2023-12-12T19:34:57","guid":{"rendered":"https:\/\/ponteseditores.com.br\/loja3\/?post_type=product&#038;p=6884"},"modified":"2023-12-15T12:13:28","modified_gmt":"2023-12-15T15:13:28","slug":"engajamentos-contemporaneos","status":"publish","type":"product","link":"https:\/\/ponteseditores.com.br\/loja3\/pontes-editores-home-2__trashed\/analise-do-discurso\/engajamentos-contemporaneos\/","title":{"rendered":"ENGAJAMENTOS CONTEMPOR\u00c2NEOS"},"content":{"rendered":"<p class=\"p1\">Tal publica\u00e7\u00e3o cont\u00e9m artigos (ou cap\u00edtulos) oriundos de diferentes autores, cujas contribui\u00e7\u00f5es, apesar de terem sido distribu\u00eddas em tr\u00eas assuntos distintos, revelam uma rica complementaridade. Ou seja, dentro de cada tema, foram abordados problemas contempor\u00e2neos, ligados \u00e0 \u00e9poca conturbada em que vivemos.<\/p>\n<p class=\"p1\">Escritos por pesquisadores de alto n\u00edvel, sens\u00edveis \u00e0 beleza de poder transmitir ao outro, seu leitor ou sua leitora, seus pontos de vista sobre assuntos graves, mas, utilizando para tal fim uma forma de escrita leve, delicada, flu\u00edda.<\/p>\n<p class=\"p1\">E o que \u00e9 mais importante: nunca, nem uma s\u00f3 vez, dogm\u00e1tica, fechada. Uma s\u00f3 palavra basta para definir o estilo vindo desse grupo: a eleg\u00e2ncia. [&#8230;] E, queremos aqui destacar a parte que, para falar de pol\u00edtica, se volta para a poesia e para a m\u00fasica popular.<\/p>\n<p class=\"p1\">Se prestarem aten\u00e7\u00e3o, leitores e leitoras desse livro, ouvir\u00e3o sons harmoniosos saindo dele, que tamb\u00e9m (e t\u00e3o bem) explicam crises de nossa realidade.<\/p>\n<p class=\"p1\">E \u00e9 essa a grande virtude do livro: ele \u00e9 atemporal. Desse modo, os autores do livro utilizaram algo muito belo para falar desses temas &#8220;duros&#8221; do discurso pol\u00edtico: notamos a inclus\u00e3o do slam poetry, que antecede nosso slam. Essa musicalidade imprimiu leveza e aumentou a capacidade de compreens\u00e3o (expl\u00edcita e impl\u00edcita) dos futuros leitores e leitoras, a meu ver.<\/p>\n<p class=\"p1\">Al\u00e9m disso, h\u00e1 tamb\u00e9m (no livro visto como um todo) muita poesia, muito cinema e men\u00e7\u00e3o a document\u00e1rios: isso ressalta a beleza da cultura. Que n\u00e3o \u00e9 v\u00e3 ou foi concebida por puro deleite: trata-se de uma cultura politizada. Relatos de vozes e sentimentos de escravas antigas nos emocionaram, assim como palavras contra o racismo, essa praga que nunca acaba desde que o mundo \u00e9 mundo.<\/p>\n","protected":false},"excerpt":{"rendered":"<h4 class=\"p1\">Linguagem, pol\u00edtica e educa\u00e7\u00e3o<\/h4>\n<p>Tal publica\u00e7\u00e3o cont\u00e9m artigos (ou cap\u00edtulos) oriundos de diferentes autores, cujas contribui\u00e7\u00f5es, apesar de terem sido distribu\u00eddas em tr\u00eas assuntos distintos, revelam uma rica complementaridade. Ou seja, dentro de cada tema, foram abordados problemas contempor\u00e2neos, ligados \u00e0 \u00e9poca conturbada em que vivemos.<\/p>\n","protected":false},"featured_media":6854,"comment_status":"open","ping_status":"closed","template":"","meta":{"_joinchat":[]},"product_brand":[],"product_cat":[36,900],"product_tag":[],"class_list":{"0":"post-6884","1":"product","2":"type-product","3":"status-publish","4":"has-post-thumbnail","6":"product_cat-analise-do-discurso","7":"product_cat-ciencia-politica","8":"product_shipping_class-livro-pontes-editores-fisico","10":"first","11":"instock","12":"shipping-taxable","13":"purchasable","14":"product-type-simple"},"yoast_head":"<!-- This site is optimized with the Yoast SEO plugin v27.4 - https:\/\/yoast.com\/product\/yoast-seo-wordpress\/ -->\n<title>ENGAJAMENTOS CONTEMPOR\u00c2NEOS - Pontes Editores<\/title>\n<meta name=\"robots\" content=\"index, follow, max-snippet:-1, max-image-preview:large, max-video-preview:-1\" \/>\n<link rel=\"canonical\" href=\"https:\/\/ponteseditores.com.br\/loja3\/pontes-editores-home-2__trashed\/analise-do-discurso\/engajamentos-contemporaneos\/\" \/>\n<meta property=\"og:locale\" content=\"pt_BR\" \/>\n<meta property=\"og:type\" content=\"article\" \/>\n<meta property=\"og:title\" content=\"ENGAJAMENTOS CONTEMPOR\u00c2NEOS - Pontes Editores\" \/>\n<meta property=\"og:description\" content=\"Linguagem, pol\u00edtica e educa\u00e7\u00e3o Tal publica\u00e7\u00e3o cont\u00e9m artigos (ou cap\u00edtulos) oriundos de diferentes autores, cujas contribui\u00e7\u00f5es, apesar de terem sido distribu\u00eddas em tr\u00eas assuntos distintos, revelam uma rica complementaridade. Ou seja, dentro de cada tema, foram abordados problemas contempor\u00e2neos, ligados \u00e0 \u00e9poca conturbada em que vivemos.\" \/>\n<meta property=\"og:url\" content=\"https:\/\/ponteseditores.com.br\/loja3\/pontes-editores-home-2__trashed\/analise-do-discurso\/engajamentos-contemporaneos\/\" \/>\n<meta property=\"og:site_name\" content=\"Pontes Editores\" \/>\n<meta property=\"article:modified_time\" content=\"2023-12-15T15:13:28+00:00\" \/>\n<meta property=\"og:image\" content=\"https:\/\/ponteseditores.com.br\/loja3\/wp-content\/uploads\/2023\/12\/engajamentos-contemporaneos.-capa-.jpg\" \/>\n\t<meta property=\"og:image:width\" content=\"1728\" \/>\n\t<meta property=\"og:image:height\" content=\"2443\" \/>\n\t<meta property=\"og:image:type\" content=\"image\/jpeg\" \/>\n<meta name=\"twitter:card\" content=\"summary_large_image\" \/>\n<meta name=\"twitter:label1\" content=\"Est. tempo de leitura\" \/>\n\t<meta name=\"twitter:data1\" content=\"2 minutos\" \/>\n<script type=\"application\/ld+json\" class=\"yoast-schema-graph\">{\"@context\":\"https:\\\/\\\/schema.org\",\"@graph\":[{\"@type\":\"WebPage\",\"@id\":\"https:\\\/\\\/ponteseditores.com.br\\\/loja3\\\/pontes-editores-home-2__trashed\\\/analise-do-discurso\\\/engajamentos-contemporaneos\\\/\",\"url\":\"https:\\\/\\\/ponteseditores.com.br\\\/loja3\\\/pontes-editores-home-2__trashed\\\/analise-do-discurso\\\/engajamentos-contemporaneos\\\/\",\"name\":\"ENGAJAMENTOS CONTEMPOR\u00c2NEOS - Pontes Editores\",\"isPartOf\":{\"@id\":\"https:\\\/\\\/ponteseditores.com.br\\\/loja3\\\/#website\"},\"primaryImageOfPage\":{\"@id\":\"https:\\\/\\\/ponteseditores.com.br\\\/loja3\\\/pontes-editores-home-2__trashed\\\/analise-do-discurso\\\/engajamentos-contemporaneos\\\/#primaryimage\"},\"image\":{\"@id\":\"https:\\\/\\\/ponteseditores.com.br\\\/loja3\\\/pontes-editores-home-2__trashed\\\/analise-do-discurso\\\/engajamentos-contemporaneos\\\/#primaryimage\"},\"thumbnailUrl\":\"https:\\\/\\\/ponteseditores.com.br\\\/loja3\\\/wp-content\\\/uploads\\\/2023\\\/12\\\/engajamentos-contemporaneos.-capa-.jpg\",\"datePublished\":\"2023-12-12T19:34:57+00:00\",\"dateModified\":\"2023-12-15T15:13:28+00:00\",\"breadcrumb\":{\"@id\":\"https:\\\/\\\/ponteseditores.com.br\\\/loja3\\\/pontes-editores-home-2__trashed\\\/analise-do-discurso\\\/engajamentos-contemporaneos\\\/#breadcrumb\"},\"inLanguage\":\"pt-BR\",\"potentialAction\":[{\"@type\":\"ReadAction\",\"target\":[\"https:\\\/\\\/ponteseditores.com.br\\\/loja3\\\/pontes-editores-home-2__trashed\\\/analise-do-discurso\\\/engajamentos-contemporaneos\\\/\"]}]},{\"@type\":\"ImageObject\",\"inLanguage\":\"pt-BR\",\"@id\":\"https:\\\/\\\/ponteseditores.com.br\\\/loja3\\\/pontes-editores-home-2__trashed\\\/analise-do-discurso\\\/engajamentos-contemporaneos\\\/#primaryimage\",\"url\":\"https:\\\/\\\/ponteseditores.com.br\\\/loja3\\\/wp-content\\\/uploads\\\/2023\\\/12\\\/engajamentos-contemporaneos.-capa-.jpg\",\"contentUrl\":\"https:\\\/\\\/ponteseditores.com.br\\\/loja3\\\/wp-content\\\/uploads\\\/2023\\\/12\\\/engajamentos-contemporaneos.-capa-.jpg\",\"width\":1728,\"height\":2443},{\"@type\":\"BreadcrumbList\",\"@id\":\"https:\\\/\\\/ponteseditores.com.br\\\/loja3\\\/pontes-editores-home-2__trashed\\\/analise-do-discurso\\\/engajamentos-contemporaneos\\\/#breadcrumb\",\"itemListElement\":[{\"@type\":\"ListItem\",\"position\":1,\"name\":\"Home\",\"item\":\"https:\\\/\\\/ponteseditores.com.br\\\/loja3\\\/\"},{\"@type\":\"ListItem\",\"position\":2,\"name\":\"loja\",\"item\":\"https:\\\/\\\/ponteseditores.com.br\\\/loja3\\\/loja\\\/\"},{\"@type\":\"ListItem\",\"position\":3,\"name\":\"ENGAJAMENTOS CONTEMPOR\u00c2NEOS\"}]},{\"@type\":\"WebSite\",\"@id\":\"https:\\\/\\\/ponteseditores.com.br\\\/loja3\\\/#website\",\"url\":\"https:\\\/\\\/ponteseditores.com.br\\\/loja3\\\/\",\"name\":\"Pontes Editores\",\"description\":\"Pontes Editores\",\"publisher\":{\"@id\":\"https:\\\/\\\/ponteseditores.com.br\\\/loja3\\\/#organization\"},\"potentialAction\":[{\"@type\":\"SearchAction\",\"target\":{\"@type\":\"EntryPoint\",\"urlTemplate\":\"https:\\\/\\\/ponteseditores.com.br\\\/loja3\\\/?s={search_term_string}\"},\"query-input\":{\"@type\":\"PropertyValueSpecification\",\"valueRequired\":true,\"valueName\":\"search_term_string\"}}],\"inLanguage\":\"pt-BR\"},{\"@type\":\"Organization\",\"@id\":\"https:\\\/\\\/ponteseditores.com.br\\\/loja3\\\/#organization\",\"name\":\"Pontes Editores\",\"url\":\"https:\\\/\\\/ponteseditores.com.br\\\/loja3\\\/\",\"logo\":{\"@type\":\"ImageObject\",\"inLanguage\":\"pt-BR\",\"@id\":\"https:\\\/\\\/ponteseditores.com.br\\\/loja3\\\/#\\\/schema\\\/logo\\\/image\\\/\",\"url\":\"https:\\\/\\\/ponteseditores.com.br\\\/loja3\\\/wp-content\\\/uploads\\\/2023\\\/12\\\/logo-pontes-editores-v2.png\",\"contentUrl\":\"https:\\\/\\\/ponteseditores.com.br\\\/loja3\\\/wp-content\\\/uploads\\\/2023\\\/12\\\/logo-pontes-editores-v2.png\",\"width\":258,\"height\":100,\"caption\":\"Pontes Editores\"},\"image\":{\"@id\":\"https:\\\/\\\/ponteseditores.com.br\\\/loja3\\\/#\\\/schema\\\/logo\\\/image\\\/\"}}]}<\/script>\n<!-- \/ Yoast SEO plugin. -->","yoast_head_json":{"title":"ENGAJAMENTOS CONTEMPOR\u00c2NEOS - Pontes Editores","robots":{"index":"index","follow":"follow","max-snippet":"max-snippet:-1","max-image-preview":"max-image-preview:large","max-video-preview":"max-video-preview:-1"},"canonical":"https:\/\/ponteseditores.com.br\/loja3\/pontes-editores-home-2__trashed\/analise-do-discurso\/engajamentos-contemporaneos\/","og_locale":"pt_BR","og_type":"article","og_title":"ENGAJAMENTOS CONTEMPOR\u00c2NEOS - Pontes Editores","og_description":"Linguagem, pol\u00edtica e educa\u00e7\u00e3o Tal publica\u00e7\u00e3o cont\u00e9m artigos (ou cap\u00edtulos) oriundos de diferentes autores, cujas contribui\u00e7\u00f5es, apesar de terem sido distribu\u00eddas em tr\u00eas assuntos distintos, revelam uma rica complementaridade. Ou seja, dentro de cada tema, foram abordados problemas contempor\u00e2neos, ligados \u00e0 \u00e9poca conturbada em que vivemos.","og_url":"https:\/\/ponteseditores.com.br\/loja3\/pontes-editores-home-2__trashed\/analise-do-discurso\/engajamentos-contemporaneos\/","og_site_name":"Pontes Editores","article_modified_time":"2023-12-15T15:13:28+00:00","og_image":[{"width":1728,"height":2443,"url":"https:\/\/ponteseditores.com.br\/loja3\/wp-content\/uploads\/2023\/12\/engajamentos-contemporaneos.-capa-.jpg","type":"image\/jpeg"}],"twitter_card":"summary_large_image","twitter_misc":{"Est. tempo de leitura":"2 minutos"},"schema":{"@context":"https:\/\/schema.org","@graph":[{"@type":"WebPage","@id":"https:\/\/ponteseditores.com.br\/loja3\/pontes-editores-home-2__trashed\/analise-do-discurso\/engajamentos-contemporaneos\/","url":"https:\/\/ponteseditores.com.br\/loja3\/pontes-editores-home-2__trashed\/analise-do-discurso\/engajamentos-contemporaneos\/","name":"ENGAJAMENTOS CONTEMPOR\u00c2NEOS - Pontes Editores","isPartOf":{"@id":"https:\/\/ponteseditores.com.br\/loja3\/#website"},"primaryImageOfPage":{"@id":"https:\/\/ponteseditores.com.br\/loja3\/pontes-editores-home-2__trashed\/analise-do-discurso\/engajamentos-contemporaneos\/#primaryimage"},"image":{"@id":"https:\/\/ponteseditores.com.br\/loja3\/pontes-editores-home-2__trashed\/analise-do-discurso\/engajamentos-contemporaneos\/#primaryimage"},"thumbnailUrl":"https:\/\/ponteseditores.com.br\/loja3\/wp-content\/uploads\/2023\/12\/engajamentos-contemporaneos.-capa-.jpg","datePublished":"2023-12-12T19:34:57+00:00","dateModified":"2023-12-15T15:13:28+00:00","breadcrumb":{"@id":"https:\/\/ponteseditores.com.br\/loja3\/pontes-editores-home-2__trashed\/analise-do-discurso\/engajamentos-contemporaneos\/#breadcrumb"},"inLanguage":"pt-BR","potentialAction":[{"@type":"ReadAction","target":["https:\/\/ponteseditores.com.br\/loja3\/pontes-editores-home-2__trashed\/analise-do-discurso\/engajamentos-contemporaneos\/"]}]},{"@type":"ImageObject","inLanguage":"pt-BR","@id":"https:\/\/ponteseditores.com.br\/loja3\/pontes-editores-home-2__trashed\/analise-do-discurso\/engajamentos-contemporaneos\/#primaryimage","url":"https:\/\/ponteseditores.com.br\/loja3\/wp-content\/uploads\/2023\/12\/engajamentos-contemporaneos.-capa-.jpg","contentUrl":"https:\/\/ponteseditores.com.br\/loja3\/wp-content\/uploads\/2023\/12\/engajamentos-contemporaneos.-capa-.jpg","width":1728,"height":2443},{"@type":"BreadcrumbList","@id":"https:\/\/ponteseditores.com.br\/loja3\/pontes-editores-home-2__trashed\/analise-do-discurso\/engajamentos-contemporaneos\/#breadcrumb","itemListElement":[{"@type":"ListItem","position":1,"name":"Home","item":"https:\/\/ponteseditores.com.br\/loja3\/"},{"@type":"ListItem","position":2,"name":"loja","item":"https:\/\/ponteseditores.com.br\/loja3\/loja\/"},{"@type":"ListItem","position":3,"name":"ENGAJAMENTOS CONTEMPOR\u00c2NEOS"}]},{"@type":"WebSite","@id":"https:\/\/ponteseditores.com.br\/loja3\/#website","url":"https:\/\/ponteseditores.com.br\/loja3\/","name":"Pontes Editores","description":"Pontes Editores","publisher":{"@id":"https:\/\/ponteseditores.com.br\/loja3\/#organization"},"potentialAction":[{"@type":"SearchAction","target":{"@type":"EntryPoint","urlTemplate":"https:\/\/ponteseditores.com.br\/loja3\/?s={search_term_string}"},"query-input":{"@type":"PropertyValueSpecification","valueRequired":true,"valueName":"search_term_string"}}],"inLanguage":"pt-BR"},{"@type":"Organization","@id":"https:\/\/ponteseditores.com.br\/loja3\/#organization","name":"Pontes Editores","url":"https:\/\/ponteseditores.com.br\/loja3\/","logo":{"@type":"ImageObject","inLanguage":"pt-BR","@id":"https:\/\/ponteseditores.com.br\/loja3\/#\/schema\/logo\/image\/","url":"https:\/\/ponteseditores.com.br\/loja3\/wp-content\/uploads\/2023\/12\/logo-pontes-editores-v2.png","contentUrl":"https:\/\/ponteseditores.com.br\/loja3\/wp-content\/uploads\/2023\/12\/logo-pontes-editores-v2.png","width":258,"height":100,"caption":"Pontes Editores"},"image":{"@id":"https:\/\/ponteseditores.com.br\/loja3\/#\/schema\/logo\/image\/"}}]}},"_links":{"self":[{"href":"https:\/\/ponteseditores.com.br\/loja3\/wp-json\/wp\/v2\/product\/6884","targetHints":{"allow":["GET"]}}],"collection":[{"href":"https:\/\/ponteseditores.com.br\/loja3\/wp-json\/wp\/v2\/product"}],"about":[{"href":"https:\/\/ponteseditores.com.br\/loja3\/wp-json\/wp\/v2\/types\/product"}],"replies":[{"embeddable":true,"href":"https:\/\/ponteseditores.com.br\/loja3\/wp-json\/wp\/v2\/comments?post=6884"}],"version-history":[{"count":0,"href":"https:\/\/ponteseditores.com.br\/loja3\/wp-json\/wp\/v2\/product\/6884\/revisions"}],"wp:featuredmedia":[{"embeddable":true,"href":"https:\/\/ponteseditores.com.br\/loja3\/wp-json\/wp\/v2\/media\/6854"}],"wp:attachment":[{"href":"https:\/\/ponteseditores.com.br\/loja3\/wp-json\/wp\/v2\/media?parent=6884"}],"wp:term":[{"taxonomy":"product_brand","embeddable":true,"href":"https:\/\/ponteseditores.com.br\/loja3\/wp-json\/wp\/v2\/product_brand?post=6884"},{"taxonomy":"product_cat","embeddable":true,"href":"https:\/\/ponteseditores.com.br\/loja3\/wp-json\/wp\/v2\/product_cat?post=6884"},{"taxonomy":"product_tag","embeddable":true,"href":"https:\/\/ponteseditores.com.br\/loja3\/wp-json\/wp\/v2\/product_tag?post=6884"}],"curies":[{"name":"wp","href":"https:\/\/api.w.org\/{rel}","templated":true}]}}