{"id":6883,"date":"2023-12-12T16:29:41","date_gmt":"2023-12-12T19:29:41","guid":{"rendered":"https:\/\/ponteseditores.com.br\/loja3\/?post_type=product&#038;p=6883"},"modified":"2023-12-15T12:13:28","modified_gmt":"2023-12-15T15:13:28","slug":"ensinando-arte-para-criancas-e-jovens","status":"publish","type":"product","link":"https:\/\/ponteseditores.com.br\/loja3\/pontes-editores-home-2__trashed\/educacao\/ensinando-arte-para-criancas-e-jovens\/","title":{"rendered":"ENSINANDO ARTE PARA CRIAN\u00c7AS E JOVENS"},"content":{"rendered":"<p class=\"p1\">Sinto-me feliz por apresentar esta obra de F\u00falvia Gon\u00e7alves sobre o m\u00e9todo de iniciar crian\u00e7as e jovens nos arcanos da arte. Por que esse t\u00edtulo? Por que \u201cAs duas artes de F\u00falvia\u201d? Porque, na verdade, s\u00e3o duas as artes em que F\u00falvia Gon\u00e7alves se destaca.<\/p>\n<p class=\"p1\">Numa, em que ela j\u00e1 \u00e9 bem conhecida, est\u00e1 a artista pl\u00e1stica premiada no Brasil e no exterior. Noutra, menos conhecida do p\u00fablico, est\u00e1 a da professora de arte, of\u00edcio para o qual se preparou com afinco e se doutorou na Unicamp.<\/p>\n<p class=\"p1\">O que se vai ler \u00e9 a narrativa da experi\u00eancia de uma artista pl\u00e1stica na aplica\u00e7\u00e3o de um m\u00e9todo, em que se aprimorou zelosamente, no seu trabalho volunt\u00e1rio de educa\u00e7\u00e3o art\u00edstica para crian\u00e7as de 5 a 11 anos no Instituto Popular \u201cHumberto de Campos\u201d, em Campinas, SP. Em seus cursos livres de educa\u00e7\u00e3o art\u00edstica, trabalhando com crian\u00e7as nessa faixa et\u00e1ria, F\u00falvia conduz seus aluninhos a se apropriarem de conceitos de arte em suas mais variadas express\u00f5es.<\/p>\n<p class=\"p1\">Esses cursos d\u00e3o oportunidade \u00e0s crian\u00e7as de conhecerem artistas e suas obras, seja atrav\u00e9s das aulas, seja atrav\u00e9s das exposi\u00e7\u00f5es e visitas a museus e institutos, e assim poderem crescer artisticamente com a releitura de suas obras. N\u00e3o direi mais. Deixo aos leitores o prazer de terem contato com um trabalho de grande interesse para a educa\u00e7\u00e3o brasileira. S\u00e9rgio Castanho, doutor em Educa\u00e7\u00e3o, professor da Unicamp, \u00e9 escritor, autor de Cr\u00f4nicas do Atibaia, Pontes Editores, 2021.<\/p>\n","protected":false},"excerpt":{"rendered":"<p>Sinto-me feliz por apresentar esta obra de F\u00falvia Gon\u00e7alves sobre o m\u00e9todo de iniciar crian\u00e7as e jovens nos arcanos da arte. Por que esse t\u00edtulo? Por que \u201cAs duas artes de F\u00falvia\u201d? Porque, na verdade, s\u00e3o duas as artes em que F\u00falvia Gon\u00e7alves se destaca.<\/p>\n","protected":false},"featured_media":6856,"comment_status":"open","ping_status":"closed","template":"","meta":{"_joinchat":[]},"product_brand":[],"product_cat":[341,97],"product_tag":[],"class_list":{"0":"post-6883","1":"product","2":"type-product","3":"status-publish","4":"has-post-thumbnail","6":"product_cat-arte","7":"product_cat-educacao","8":"product_shipping_class-livro-pontes-editores-fisico","10":"first","11":"instock","12":"shipping-taxable","13":"purchasable","14":"product-type-simple"},"yoast_head":"<!-- This site is optimized with the Yoast SEO plugin v27.4 - https:\/\/yoast.com\/product\/yoast-seo-wordpress\/ -->\n<title>ENSINANDO ARTE PARA CRIAN\u00c7AS E JOVENS - Pontes Editores<\/title>\n<meta name=\"robots\" content=\"index, follow, max-snippet:-1, max-image-preview:large, max-video-preview:-1\" \/>\n<link rel=\"canonical\" href=\"https:\/\/ponteseditores.com.br\/loja3\/pontes-editores-home-2__trashed\/educacao\/ensinando-arte-para-criancas-e-jovens\/\" \/>\n<meta property=\"og:locale\" content=\"pt_BR\" \/>\n<meta property=\"og:type\" content=\"article\" \/>\n<meta property=\"og:title\" content=\"ENSINANDO ARTE PARA CRIAN\u00c7AS E JOVENS - Pontes Editores\" \/>\n<meta property=\"og:description\" content=\"Sinto-me feliz por apresentar esta obra de F\u00falvia Gon\u00e7alves sobre o m\u00e9todo de iniciar crian\u00e7as e jovens nos arcanos da arte. Por que esse t\u00edtulo? Por que \u201cAs duas artes de F\u00falvia\u201d? Porque, na verdade, s\u00e3o duas as artes em que F\u00falvia Gon\u00e7alves se destaca.\" \/>\n<meta property=\"og:url\" content=\"https:\/\/ponteseditores.com.br\/loja3\/pontes-editores-home-2__trashed\/educacao\/ensinando-arte-para-criancas-e-jovens\/\" \/>\n<meta property=\"og:site_name\" content=\"Pontes Editores\" \/>\n<meta property=\"article:modified_time\" content=\"2023-12-15T15:13:28+00:00\" \/>\n<meta property=\"og:image\" content=\"https:\/\/ponteseditores.com.br\/loja3\/wp-content\/uploads\/2023\/12\/ensinando-arte-para-criancas-e-jovens-capa-.jpg\" \/>\n\t<meta property=\"og:image:width\" content=\"1728\" \/>\n\t<meta property=\"og:image:height\" content=\"2443\" \/>\n\t<meta property=\"og:image:type\" content=\"image\/jpeg\" \/>\n<meta name=\"twitter:card\" content=\"summary_large_image\" \/>\n<meta name=\"twitter:label1\" content=\"Est. tempo de leitura\" \/>\n\t<meta name=\"twitter:data1\" content=\"2 minutos\" \/>\n<script type=\"application\/ld+json\" class=\"yoast-schema-graph\">{\"@context\":\"https:\\\/\\\/schema.org\",\"@graph\":[{\"@type\":\"WebPage\",\"@id\":\"https:\\\/\\\/ponteseditores.com.br\\\/loja3\\\/pontes-editores-home-2__trashed\\\/educacao\\\/ensinando-arte-para-criancas-e-jovens\\\/\",\"url\":\"https:\\\/\\\/ponteseditores.com.br\\\/loja3\\\/pontes-editores-home-2__trashed\\\/educacao\\\/ensinando-arte-para-criancas-e-jovens\\\/\",\"name\":\"ENSINANDO ARTE PARA CRIAN\u00c7AS E JOVENS - Pontes Editores\",\"isPartOf\":{\"@id\":\"https:\\\/\\\/ponteseditores.com.br\\\/loja3\\\/#website\"},\"primaryImageOfPage\":{\"@id\":\"https:\\\/\\\/ponteseditores.com.br\\\/loja3\\\/pontes-editores-home-2__trashed\\\/educacao\\\/ensinando-arte-para-criancas-e-jovens\\\/#primaryimage\"},\"image\":{\"@id\":\"https:\\\/\\\/ponteseditores.com.br\\\/loja3\\\/pontes-editores-home-2__trashed\\\/educacao\\\/ensinando-arte-para-criancas-e-jovens\\\/#primaryimage\"},\"thumbnailUrl\":\"https:\\\/\\\/ponteseditores.com.br\\\/loja3\\\/wp-content\\\/uploads\\\/2023\\\/12\\\/ensinando-arte-para-criancas-e-jovens-capa-.jpg\",\"datePublished\":\"2023-12-12T19:29:41+00:00\",\"dateModified\":\"2023-12-15T15:13:28+00:00\",\"breadcrumb\":{\"@id\":\"https:\\\/\\\/ponteseditores.com.br\\\/loja3\\\/pontes-editores-home-2__trashed\\\/educacao\\\/ensinando-arte-para-criancas-e-jovens\\\/#breadcrumb\"},\"inLanguage\":\"pt-BR\",\"potentialAction\":[{\"@type\":\"ReadAction\",\"target\":[\"https:\\\/\\\/ponteseditores.com.br\\\/loja3\\\/pontes-editores-home-2__trashed\\\/educacao\\\/ensinando-arte-para-criancas-e-jovens\\\/\"]}]},{\"@type\":\"ImageObject\",\"inLanguage\":\"pt-BR\",\"@id\":\"https:\\\/\\\/ponteseditores.com.br\\\/loja3\\\/pontes-editores-home-2__trashed\\\/educacao\\\/ensinando-arte-para-criancas-e-jovens\\\/#primaryimage\",\"url\":\"https:\\\/\\\/ponteseditores.com.br\\\/loja3\\\/wp-content\\\/uploads\\\/2023\\\/12\\\/ensinando-arte-para-criancas-e-jovens-capa-.jpg\",\"contentUrl\":\"https:\\\/\\\/ponteseditores.com.br\\\/loja3\\\/wp-content\\\/uploads\\\/2023\\\/12\\\/ensinando-arte-para-criancas-e-jovens-capa-.jpg\",\"width\":1728,\"height\":2443},{\"@type\":\"BreadcrumbList\",\"@id\":\"https:\\\/\\\/ponteseditores.com.br\\\/loja3\\\/pontes-editores-home-2__trashed\\\/educacao\\\/ensinando-arte-para-criancas-e-jovens\\\/#breadcrumb\",\"itemListElement\":[{\"@type\":\"ListItem\",\"position\":1,\"name\":\"Home\",\"item\":\"https:\\\/\\\/ponteseditores.com.br\\\/loja3\\\/\"},{\"@type\":\"ListItem\",\"position\":2,\"name\":\"loja\",\"item\":\"https:\\\/\\\/ponteseditores.com.br\\\/loja3\\\/loja\\\/\"},{\"@type\":\"ListItem\",\"position\":3,\"name\":\"ENSINANDO ARTE PARA CRIAN\u00c7AS E JOVENS\"}]},{\"@type\":\"WebSite\",\"@id\":\"https:\\\/\\\/ponteseditores.com.br\\\/loja3\\\/#website\",\"url\":\"https:\\\/\\\/ponteseditores.com.br\\\/loja3\\\/\",\"name\":\"Pontes Editores\",\"description\":\"Pontes Editores\",\"publisher\":{\"@id\":\"https:\\\/\\\/ponteseditores.com.br\\\/loja3\\\/#organization\"},\"potentialAction\":[{\"@type\":\"SearchAction\",\"target\":{\"@type\":\"EntryPoint\",\"urlTemplate\":\"https:\\\/\\\/ponteseditores.com.br\\\/loja3\\\/?s={search_term_string}\"},\"query-input\":{\"@type\":\"PropertyValueSpecification\",\"valueRequired\":true,\"valueName\":\"search_term_string\"}}],\"inLanguage\":\"pt-BR\"},{\"@type\":\"Organization\",\"@id\":\"https:\\\/\\\/ponteseditores.com.br\\\/loja3\\\/#organization\",\"name\":\"Pontes Editores\",\"url\":\"https:\\\/\\\/ponteseditores.com.br\\\/loja3\\\/\",\"logo\":{\"@type\":\"ImageObject\",\"inLanguage\":\"pt-BR\",\"@id\":\"https:\\\/\\\/ponteseditores.com.br\\\/loja3\\\/#\\\/schema\\\/logo\\\/image\\\/\",\"url\":\"https:\\\/\\\/ponteseditores.com.br\\\/loja3\\\/wp-content\\\/uploads\\\/2023\\\/12\\\/logo-pontes-editores-v2.png\",\"contentUrl\":\"https:\\\/\\\/ponteseditores.com.br\\\/loja3\\\/wp-content\\\/uploads\\\/2023\\\/12\\\/logo-pontes-editores-v2.png\",\"width\":258,\"height\":100,\"caption\":\"Pontes Editores\"},\"image\":{\"@id\":\"https:\\\/\\\/ponteseditores.com.br\\\/loja3\\\/#\\\/schema\\\/logo\\\/image\\\/\"}}]}<\/script>\n<!-- \/ Yoast SEO plugin. -->","yoast_head_json":{"title":"ENSINANDO ARTE PARA CRIAN\u00c7AS E JOVENS - Pontes Editores","robots":{"index":"index","follow":"follow","max-snippet":"max-snippet:-1","max-image-preview":"max-image-preview:large","max-video-preview":"max-video-preview:-1"},"canonical":"https:\/\/ponteseditores.com.br\/loja3\/pontes-editores-home-2__trashed\/educacao\/ensinando-arte-para-criancas-e-jovens\/","og_locale":"pt_BR","og_type":"article","og_title":"ENSINANDO ARTE PARA CRIAN\u00c7AS E JOVENS - Pontes Editores","og_description":"Sinto-me feliz por apresentar esta obra de F\u00falvia Gon\u00e7alves sobre o m\u00e9todo de iniciar crian\u00e7as e jovens nos arcanos da arte. Por que esse t\u00edtulo? Por que \u201cAs duas artes de F\u00falvia\u201d? Porque, na verdade, s\u00e3o duas as artes em que F\u00falvia Gon\u00e7alves se destaca.","og_url":"https:\/\/ponteseditores.com.br\/loja3\/pontes-editores-home-2__trashed\/educacao\/ensinando-arte-para-criancas-e-jovens\/","og_site_name":"Pontes Editores","article_modified_time":"2023-12-15T15:13:28+00:00","og_image":[{"width":1728,"height":2443,"url":"https:\/\/ponteseditores.com.br\/loja3\/wp-content\/uploads\/2023\/12\/ensinando-arte-para-criancas-e-jovens-capa-.jpg","type":"image\/jpeg"}],"twitter_card":"summary_large_image","twitter_misc":{"Est. tempo de leitura":"2 minutos"},"schema":{"@context":"https:\/\/schema.org","@graph":[{"@type":"WebPage","@id":"https:\/\/ponteseditores.com.br\/loja3\/pontes-editores-home-2__trashed\/educacao\/ensinando-arte-para-criancas-e-jovens\/","url":"https:\/\/ponteseditores.com.br\/loja3\/pontes-editores-home-2__trashed\/educacao\/ensinando-arte-para-criancas-e-jovens\/","name":"ENSINANDO ARTE PARA CRIAN\u00c7AS E JOVENS - Pontes Editores","isPartOf":{"@id":"https:\/\/ponteseditores.com.br\/loja3\/#website"},"primaryImageOfPage":{"@id":"https:\/\/ponteseditores.com.br\/loja3\/pontes-editores-home-2__trashed\/educacao\/ensinando-arte-para-criancas-e-jovens\/#primaryimage"},"image":{"@id":"https:\/\/ponteseditores.com.br\/loja3\/pontes-editores-home-2__trashed\/educacao\/ensinando-arte-para-criancas-e-jovens\/#primaryimage"},"thumbnailUrl":"https:\/\/ponteseditores.com.br\/loja3\/wp-content\/uploads\/2023\/12\/ensinando-arte-para-criancas-e-jovens-capa-.jpg","datePublished":"2023-12-12T19:29:41+00:00","dateModified":"2023-12-15T15:13:28+00:00","breadcrumb":{"@id":"https:\/\/ponteseditores.com.br\/loja3\/pontes-editores-home-2__trashed\/educacao\/ensinando-arte-para-criancas-e-jovens\/#breadcrumb"},"inLanguage":"pt-BR","potentialAction":[{"@type":"ReadAction","target":["https:\/\/ponteseditores.com.br\/loja3\/pontes-editores-home-2__trashed\/educacao\/ensinando-arte-para-criancas-e-jovens\/"]}]},{"@type":"ImageObject","inLanguage":"pt-BR","@id":"https:\/\/ponteseditores.com.br\/loja3\/pontes-editores-home-2__trashed\/educacao\/ensinando-arte-para-criancas-e-jovens\/#primaryimage","url":"https:\/\/ponteseditores.com.br\/loja3\/wp-content\/uploads\/2023\/12\/ensinando-arte-para-criancas-e-jovens-capa-.jpg","contentUrl":"https:\/\/ponteseditores.com.br\/loja3\/wp-content\/uploads\/2023\/12\/ensinando-arte-para-criancas-e-jovens-capa-.jpg","width":1728,"height":2443},{"@type":"BreadcrumbList","@id":"https:\/\/ponteseditores.com.br\/loja3\/pontes-editores-home-2__trashed\/educacao\/ensinando-arte-para-criancas-e-jovens\/#breadcrumb","itemListElement":[{"@type":"ListItem","position":1,"name":"Home","item":"https:\/\/ponteseditores.com.br\/loja3\/"},{"@type":"ListItem","position":2,"name":"loja","item":"https:\/\/ponteseditores.com.br\/loja3\/loja\/"},{"@type":"ListItem","position":3,"name":"ENSINANDO ARTE PARA CRIAN\u00c7AS E JOVENS"}]},{"@type":"WebSite","@id":"https:\/\/ponteseditores.com.br\/loja3\/#website","url":"https:\/\/ponteseditores.com.br\/loja3\/","name":"Pontes Editores","description":"Pontes Editores","publisher":{"@id":"https:\/\/ponteseditores.com.br\/loja3\/#organization"},"potentialAction":[{"@type":"SearchAction","target":{"@type":"EntryPoint","urlTemplate":"https:\/\/ponteseditores.com.br\/loja3\/?s={search_term_string}"},"query-input":{"@type":"PropertyValueSpecification","valueRequired":true,"valueName":"search_term_string"}}],"inLanguage":"pt-BR"},{"@type":"Organization","@id":"https:\/\/ponteseditores.com.br\/loja3\/#organization","name":"Pontes Editores","url":"https:\/\/ponteseditores.com.br\/loja3\/","logo":{"@type":"ImageObject","inLanguage":"pt-BR","@id":"https:\/\/ponteseditores.com.br\/loja3\/#\/schema\/logo\/image\/","url":"https:\/\/ponteseditores.com.br\/loja3\/wp-content\/uploads\/2023\/12\/logo-pontes-editores-v2.png","contentUrl":"https:\/\/ponteseditores.com.br\/loja3\/wp-content\/uploads\/2023\/12\/logo-pontes-editores-v2.png","width":258,"height":100,"caption":"Pontes Editores"},"image":{"@id":"https:\/\/ponteseditores.com.br\/loja3\/#\/schema\/logo\/image\/"}}]}},"_links":{"self":[{"href":"https:\/\/ponteseditores.com.br\/loja3\/wp-json\/wp\/v2\/product\/6883","targetHints":{"allow":["GET"]}}],"collection":[{"href":"https:\/\/ponteseditores.com.br\/loja3\/wp-json\/wp\/v2\/product"}],"about":[{"href":"https:\/\/ponteseditores.com.br\/loja3\/wp-json\/wp\/v2\/types\/product"}],"replies":[{"embeddable":true,"href":"https:\/\/ponteseditores.com.br\/loja3\/wp-json\/wp\/v2\/comments?post=6883"}],"version-history":[{"count":0,"href":"https:\/\/ponteseditores.com.br\/loja3\/wp-json\/wp\/v2\/product\/6883\/revisions"}],"wp:featuredmedia":[{"embeddable":true,"href":"https:\/\/ponteseditores.com.br\/loja3\/wp-json\/wp\/v2\/media\/6856"}],"wp:attachment":[{"href":"https:\/\/ponteseditores.com.br\/loja3\/wp-json\/wp\/v2\/media?parent=6883"}],"wp:term":[{"taxonomy":"product_brand","embeddable":true,"href":"https:\/\/ponteseditores.com.br\/loja3\/wp-json\/wp\/v2\/product_brand?post=6883"},{"taxonomy":"product_cat","embeddable":true,"href":"https:\/\/ponteseditores.com.br\/loja3\/wp-json\/wp\/v2\/product_cat?post=6883"},{"taxonomy":"product_tag","embeddable":true,"href":"https:\/\/ponteseditores.com.br\/loja3\/wp-json\/wp\/v2\/product_tag?post=6883"}],"curies":[{"name":"wp","href":"https:\/\/api.w.org\/{rel}","templated":true}]}}