{"id":6826,"date":"2023-12-12T10:18:45","date_gmt":"2023-12-12T13:18:45","guid":{"rendered":"https:\/\/ponteseditores.com.br\/loja3\/?post_type=product&#038;p=6826"},"modified":"2024-02-06T16:16:52","modified_gmt":"2024-02-06T19:16:52","slug":"o-descritivo-e-outros-temas-uma-homenagem-a-sueli-cristina-marquesi","status":"publish","type":"product","link":"https:\/\/ponteseditores.com.br\/loja3\/pontes-editores-home-2__trashed\/linguistica\/o-descritivo-e-outros-temas-uma-homenagem-a-sueli-cristina-marquesi\/","title":{"rendered":"O descritivo e outros temas: uma homenagem a Sueli Cristina Marquesi"},"content":{"rendered":"<p>Esta obra, que homenageia a professora e pesquisadora Sueli Cristina Marquesi, re\u00fane trabalhos cujas tem\u00e1ticas nos permitem apresentar um retrato das ricas contribui\u00e7\u00f5es te\u00f3ricas e metodol\u00f3gicas dessa linguista que \u00e9 refer\u00eancia no campo da Lingu\u00edstica Textual e da An\u00e1lise Textual dos Discursos no Brasil, bem como de sua atua\u00e7\u00e3o na gradua\u00e7\u00e3o, na p\u00f3s-gradua\u00e7\u00e3o e na gest\u00e3o de institui\u00e7\u00f5es de ensino superior.<\/p>\n<p>As reflex\u00f5es que autoras e autores desenvolvem ao longo dos dez cap\u00edtulos s\u00e3o fruto de olhares muito especiais \u00e0 produ\u00e7\u00e3o de Marquesi, um vasto conjunto de trabalhos que tem contemplado os mais diversos temas, entre os quais, o descritivo, a argumenta\u00e7\u00e3o, a intera\u00e7\u00e3o e a escrita acad\u00eamica, que aqui s\u00e3o abordados de forma que os leitores possam vislumbrar as v\u00e1rias possibilidades de aplica\u00e7\u00e3o de seus ensinamentos.45<\/p>\n","protected":false},"excerpt":{"rendered":"<p>Esta obra, que homenageia a professora e pesquisadora Sueli Cristina Marquesi, re\u00fane trabalhos cujas tem\u00e1ticas nos permitem apresentar um retrato das ricas contribui\u00e7\u00f5es te\u00f3ricas e metodol\u00f3gicas dessa linguista que \u00e9 refer\u00eancia no campo da Lingu\u00edstica Textual e da An\u00e1lise Textual dos Discursos no Brasil, bem como de sua atua\u00e7\u00e3o na gradua\u00e7\u00e3o, na p\u00f3s-gradua\u00e7\u00e3o e na gest\u00e3o de institui\u00e7\u00f5es de ensino superior.<\/p>\n","protected":false},"featured_media":6829,"comment_status":"open","ping_status":"closed","template":"","meta":{"_joinchat":[]},"product_brand":[],"product_cat":[97,167,31],"product_tag":[],"class_list":{"0":"post-6826","1":"product","2":"type-product","3":"status-publish","4":"has-post-thumbnail","6":"product_cat-educacao","7":"product_cat-lancamento","8":"product_cat-linguistica","9":"product_shipping_class-livro-pontes-editores-fisico","11":"first","12":"instock","13":"purchasable","14":"product-type-simple"},"yoast_head":"<!-- This site is optimized with the Yoast SEO plugin v27.3 - https:\/\/yoast.com\/product\/yoast-seo-wordpress\/ -->\n<title>O descritivo e outros temas: uma homenagem a Sueli Cristina Marquesi - Pontes Editores<\/title>\n<meta name=\"robots\" content=\"index, follow, max-snippet:-1, max-image-preview:large, max-video-preview:-1\" \/>\n<link rel=\"canonical\" href=\"https:\/\/ponteseditores.com.br\/loja3\/pontes-editores-home-2__trashed\/linguistica\/o-descritivo-e-outros-temas-uma-homenagem-a-sueli-cristina-marquesi\/\" \/>\n<meta property=\"og:locale\" content=\"pt_BR\" \/>\n<meta property=\"og:type\" content=\"article\" \/>\n<meta property=\"og:title\" content=\"O descritivo e outros temas: uma homenagem a Sueli Cristina Marquesi - Pontes Editores\" \/>\n<meta property=\"og:description\" content=\"Esta obra, que homenageia a professora e pesquisadora Sueli Cristina Marquesi, re\u00fane trabalhos cujas tem\u00e1ticas nos permitem apresentar um retrato das ricas contribui\u00e7\u00f5es te\u00f3ricas e metodol\u00f3gicas dessa linguista que \u00e9 refer\u00eancia no campo da Lingu\u00edstica Textual e da An\u00e1lise Textual dos Discursos no Brasil, bem como de sua atua\u00e7\u00e3o na gradua\u00e7\u00e3o, na p\u00f3s-gradua\u00e7\u00e3o e na gest\u00e3o de institui\u00e7\u00f5es de ensino superior.\" \/>\n<meta property=\"og:url\" content=\"https:\/\/ponteseditores.com.br\/loja3\/pontes-editores-home-2__trashed\/linguistica\/o-descritivo-e-outros-temas-uma-homenagem-a-sueli-cristina-marquesi\/\" \/>\n<meta property=\"og:site_name\" content=\"Pontes Editores\" \/>\n<meta property=\"article:modified_time\" content=\"2024-02-06T19:16:52+00:00\" \/>\n<meta property=\"og:image\" content=\"https:\/\/ponteseditores.com.br\/loja3\/wp-content\/uploads\/2023\/12\/Capa_O_Descritivo.jpg\" \/>\n\t<meta property=\"og:image:width\" content=\"1728\" \/>\n\t<meta property=\"og:image:height\" content=\"2443\" \/>\n\t<meta property=\"og:image:type\" content=\"image\/jpeg\" \/>\n<meta name=\"twitter:card\" content=\"summary_large_image\" \/>\n<meta name=\"twitter:label1\" content=\"Est. tempo de leitura\" \/>\n\t<meta name=\"twitter:data1\" content=\"1 minuto\" \/>\n<script type=\"application\/ld+json\" class=\"yoast-schema-graph\">{\"@context\":\"https:\\\/\\\/schema.org\",\"@graph\":[{\"@type\":\"WebPage\",\"@id\":\"https:\\\/\\\/ponteseditores.com.br\\\/loja3\\\/pontes-editores-home-2__trashed\\\/linguistica\\\/o-descritivo-e-outros-temas-uma-homenagem-a-sueli-cristina-marquesi\\\/\",\"url\":\"https:\\\/\\\/ponteseditores.com.br\\\/loja3\\\/pontes-editores-home-2__trashed\\\/linguistica\\\/o-descritivo-e-outros-temas-uma-homenagem-a-sueli-cristina-marquesi\\\/\",\"name\":\"O descritivo e outros temas: uma homenagem a Sueli Cristina Marquesi - Pontes Editores\",\"isPartOf\":{\"@id\":\"https:\\\/\\\/ponteseditores.com.br\\\/loja3\\\/#website\"},\"primaryImageOfPage\":{\"@id\":\"https:\\\/\\\/ponteseditores.com.br\\\/loja3\\\/pontes-editores-home-2__trashed\\\/linguistica\\\/o-descritivo-e-outros-temas-uma-homenagem-a-sueli-cristina-marquesi\\\/#primaryimage\"},\"image\":{\"@id\":\"https:\\\/\\\/ponteseditores.com.br\\\/loja3\\\/pontes-editores-home-2__trashed\\\/linguistica\\\/o-descritivo-e-outros-temas-uma-homenagem-a-sueli-cristina-marquesi\\\/#primaryimage\"},\"thumbnailUrl\":\"https:\\\/\\\/ponteseditores.com.br\\\/loja3\\\/wp-content\\\/uploads\\\/2023\\\/12\\\/Capa_O_Descritivo.jpg\",\"datePublished\":\"2023-12-12T13:18:45+00:00\",\"dateModified\":\"2024-02-06T19:16:52+00:00\",\"breadcrumb\":{\"@id\":\"https:\\\/\\\/ponteseditores.com.br\\\/loja3\\\/pontes-editores-home-2__trashed\\\/linguistica\\\/o-descritivo-e-outros-temas-uma-homenagem-a-sueli-cristina-marquesi\\\/#breadcrumb\"},\"inLanguage\":\"pt-BR\",\"potentialAction\":[{\"@type\":\"ReadAction\",\"target\":[\"https:\\\/\\\/ponteseditores.com.br\\\/loja3\\\/pontes-editores-home-2__trashed\\\/linguistica\\\/o-descritivo-e-outros-temas-uma-homenagem-a-sueli-cristina-marquesi\\\/\"]}]},{\"@type\":\"ImageObject\",\"inLanguage\":\"pt-BR\",\"@id\":\"https:\\\/\\\/ponteseditores.com.br\\\/loja3\\\/pontes-editores-home-2__trashed\\\/linguistica\\\/o-descritivo-e-outros-temas-uma-homenagem-a-sueli-cristina-marquesi\\\/#primaryimage\",\"url\":\"https:\\\/\\\/ponteseditores.com.br\\\/loja3\\\/wp-content\\\/uploads\\\/2023\\\/12\\\/Capa_O_Descritivo.jpg\",\"contentUrl\":\"https:\\\/\\\/ponteseditores.com.br\\\/loja3\\\/wp-content\\\/uploads\\\/2023\\\/12\\\/Capa_O_Descritivo.jpg\",\"width\":1728,\"height\":2443},{\"@type\":\"BreadcrumbList\",\"@id\":\"https:\\\/\\\/ponteseditores.com.br\\\/loja3\\\/pontes-editores-home-2__trashed\\\/linguistica\\\/o-descritivo-e-outros-temas-uma-homenagem-a-sueli-cristina-marquesi\\\/#breadcrumb\",\"itemListElement\":[{\"@type\":\"ListItem\",\"position\":1,\"name\":\"Home\",\"item\":\"https:\\\/\\\/ponteseditores.com.br\\\/loja3\\\/\"},{\"@type\":\"ListItem\",\"position\":2,\"name\":\"loja\",\"item\":\"https:\\\/\\\/ponteseditores.com.br\\\/loja3\\\/loja\\\/\"},{\"@type\":\"ListItem\",\"position\":3,\"name\":\"O descritivo e outros temas: uma homenagem a Sueli Cristina Marquesi\"}]},{\"@type\":\"WebSite\",\"@id\":\"https:\\\/\\\/ponteseditores.com.br\\\/loja3\\\/#website\",\"url\":\"https:\\\/\\\/ponteseditores.com.br\\\/loja3\\\/\",\"name\":\"Pontes Editores\",\"description\":\"Pontes Editores\",\"publisher\":{\"@id\":\"https:\\\/\\\/ponteseditores.com.br\\\/loja3\\\/#organization\"},\"potentialAction\":[{\"@type\":\"SearchAction\",\"target\":{\"@type\":\"EntryPoint\",\"urlTemplate\":\"https:\\\/\\\/ponteseditores.com.br\\\/loja3\\\/?s={search_term_string}\"},\"query-input\":{\"@type\":\"PropertyValueSpecification\",\"valueRequired\":true,\"valueName\":\"search_term_string\"}}],\"inLanguage\":\"pt-BR\"},{\"@type\":\"Organization\",\"@id\":\"https:\\\/\\\/ponteseditores.com.br\\\/loja3\\\/#organization\",\"name\":\"Pontes Editores\",\"url\":\"https:\\\/\\\/ponteseditores.com.br\\\/loja3\\\/\",\"logo\":{\"@type\":\"ImageObject\",\"inLanguage\":\"pt-BR\",\"@id\":\"https:\\\/\\\/ponteseditores.com.br\\\/loja3\\\/#\\\/schema\\\/logo\\\/image\\\/\",\"url\":\"https:\\\/\\\/ponteseditores.com.br\\\/loja3\\\/wp-content\\\/uploads\\\/2023\\\/12\\\/logo-pontes-editores-v2.png\",\"contentUrl\":\"https:\\\/\\\/ponteseditores.com.br\\\/loja3\\\/wp-content\\\/uploads\\\/2023\\\/12\\\/logo-pontes-editores-v2.png\",\"width\":258,\"height\":100,\"caption\":\"Pontes Editores\"},\"image\":{\"@id\":\"https:\\\/\\\/ponteseditores.com.br\\\/loja3\\\/#\\\/schema\\\/logo\\\/image\\\/\"}}]}<\/script>\n<!-- \/ Yoast SEO plugin. -->","yoast_head_json":{"title":"O descritivo e outros temas: uma homenagem a Sueli Cristina Marquesi - Pontes Editores","robots":{"index":"index","follow":"follow","max-snippet":"max-snippet:-1","max-image-preview":"max-image-preview:large","max-video-preview":"max-video-preview:-1"},"canonical":"https:\/\/ponteseditores.com.br\/loja3\/pontes-editores-home-2__trashed\/linguistica\/o-descritivo-e-outros-temas-uma-homenagem-a-sueli-cristina-marquesi\/","og_locale":"pt_BR","og_type":"article","og_title":"O descritivo e outros temas: uma homenagem a Sueli Cristina Marquesi - Pontes Editores","og_description":"Esta obra, que homenageia a professora e pesquisadora Sueli Cristina Marquesi, re\u00fane trabalhos cujas tem\u00e1ticas nos permitem apresentar um retrato das ricas contribui\u00e7\u00f5es te\u00f3ricas e metodol\u00f3gicas dessa linguista que \u00e9 refer\u00eancia no campo da Lingu\u00edstica Textual e da An\u00e1lise Textual dos Discursos no Brasil, bem como de sua atua\u00e7\u00e3o na gradua\u00e7\u00e3o, na p\u00f3s-gradua\u00e7\u00e3o e na gest\u00e3o de institui\u00e7\u00f5es de ensino superior.","og_url":"https:\/\/ponteseditores.com.br\/loja3\/pontes-editores-home-2__trashed\/linguistica\/o-descritivo-e-outros-temas-uma-homenagem-a-sueli-cristina-marquesi\/","og_site_name":"Pontes Editores","article_modified_time":"2024-02-06T19:16:52+00:00","og_image":[{"width":1728,"height":2443,"url":"https:\/\/ponteseditores.com.br\/loja3\/wp-content\/uploads\/2023\/12\/Capa_O_Descritivo.jpg","type":"image\/jpeg"}],"twitter_card":"summary_large_image","twitter_misc":{"Est. tempo de leitura":"1 minuto"},"schema":{"@context":"https:\/\/schema.org","@graph":[{"@type":"WebPage","@id":"https:\/\/ponteseditores.com.br\/loja3\/pontes-editores-home-2__trashed\/linguistica\/o-descritivo-e-outros-temas-uma-homenagem-a-sueli-cristina-marquesi\/","url":"https:\/\/ponteseditores.com.br\/loja3\/pontes-editores-home-2__trashed\/linguistica\/o-descritivo-e-outros-temas-uma-homenagem-a-sueli-cristina-marquesi\/","name":"O descritivo e outros temas: uma homenagem a Sueli Cristina Marquesi - Pontes Editores","isPartOf":{"@id":"https:\/\/ponteseditores.com.br\/loja3\/#website"},"primaryImageOfPage":{"@id":"https:\/\/ponteseditores.com.br\/loja3\/pontes-editores-home-2__trashed\/linguistica\/o-descritivo-e-outros-temas-uma-homenagem-a-sueli-cristina-marquesi\/#primaryimage"},"image":{"@id":"https:\/\/ponteseditores.com.br\/loja3\/pontes-editores-home-2__trashed\/linguistica\/o-descritivo-e-outros-temas-uma-homenagem-a-sueli-cristina-marquesi\/#primaryimage"},"thumbnailUrl":"https:\/\/ponteseditores.com.br\/loja3\/wp-content\/uploads\/2023\/12\/Capa_O_Descritivo.jpg","datePublished":"2023-12-12T13:18:45+00:00","dateModified":"2024-02-06T19:16:52+00:00","breadcrumb":{"@id":"https:\/\/ponteseditores.com.br\/loja3\/pontes-editores-home-2__trashed\/linguistica\/o-descritivo-e-outros-temas-uma-homenagem-a-sueli-cristina-marquesi\/#breadcrumb"},"inLanguage":"pt-BR","potentialAction":[{"@type":"ReadAction","target":["https:\/\/ponteseditores.com.br\/loja3\/pontes-editores-home-2__trashed\/linguistica\/o-descritivo-e-outros-temas-uma-homenagem-a-sueli-cristina-marquesi\/"]}]},{"@type":"ImageObject","inLanguage":"pt-BR","@id":"https:\/\/ponteseditores.com.br\/loja3\/pontes-editores-home-2__trashed\/linguistica\/o-descritivo-e-outros-temas-uma-homenagem-a-sueli-cristina-marquesi\/#primaryimage","url":"https:\/\/ponteseditores.com.br\/loja3\/wp-content\/uploads\/2023\/12\/Capa_O_Descritivo.jpg","contentUrl":"https:\/\/ponteseditores.com.br\/loja3\/wp-content\/uploads\/2023\/12\/Capa_O_Descritivo.jpg","width":1728,"height":2443},{"@type":"BreadcrumbList","@id":"https:\/\/ponteseditores.com.br\/loja3\/pontes-editores-home-2__trashed\/linguistica\/o-descritivo-e-outros-temas-uma-homenagem-a-sueli-cristina-marquesi\/#breadcrumb","itemListElement":[{"@type":"ListItem","position":1,"name":"Home","item":"https:\/\/ponteseditores.com.br\/loja3\/"},{"@type":"ListItem","position":2,"name":"loja","item":"https:\/\/ponteseditores.com.br\/loja3\/loja\/"},{"@type":"ListItem","position":3,"name":"O descritivo e outros temas: uma homenagem a Sueli Cristina Marquesi"}]},{"@type":"WebSite","@id":"https:\/\/ponteseditores.com.br\/loja3\/#website","url":"https:\/\/ponteseditores.com.br\/loja3\/","name":"Pontes Editores","description":"Pontes Editores","publisher":{"@id":"https:\/\/ponteseditores.com.br\/loja3\/#organization"},"potentialAction":[{"@type":"SearchAction","target":{"@type":"EntryPoint","urlTemplate":"https:\/\/ponteseditores.com.br\/loja3\/?s={search_term_string}"},"query-input":{"@type":"PropertyValueSpecification","valueRequired":true,"valueName":"search_term_string"}}],"inLanguage":"pt-BR"},{"@type":"Organization","@id":"https:\/\/ponteseditores.com.br\/loja3\/#organization","name":"Pontes Editores","url":"https:\/\/ponteseditores.com.br\/loja3\/","logo":{"@type":"ImageObject","inLanguage":"pt-BR","@id":"https:\/\/ponteseditores.com.br\/loja3\/#\/schema\/logo\/image\/","url":"https:\/\/ponteseditores.com.br\/loja3\/wp-content\/uploads\/2023\/12\/logo-pontes-editores-v2.png","contentUrl":"https:\/\/ponteseditores.com.br\/loja3\/wp-content\/uploads\/2023\/12\/logo-pontes-editores-v2.png","width":258,"height":100,"caption":"Pontes Editores"},"image":{"@id":"https:\/\/ponteseditores.com.br\/loja3\/#\/schema\/logo\/image\/"}}]}},"_links":{"self":[{"href":"https:\/\/ponteseditores.com.br\/loja3\/wp-json\/wp\/v2\/product\/6826","targetHints":{"allow":["GET"]}}],"collection":[{"href":"https:\/\/ponteseditores.com.br\/loja3\/wp-json\/wp\/v2\/product"}],"about":[{"href":"https:\/\/ponteseditores.com.br\/loja3\/wp-json\/wp\/v2\/types\/product"}],"replies":[{"embeddable":true,"href":"https:\/\/ponteseditores.com.br\/loja3\/wp-json\/wp\/v2\/comments?post=6826"}],"version-history":[{"count":1,"href":"https:\/\/ponteseditores.com.br\/loja3\/wp-json\/wp\/v2\/product\/6826\/revisions"}],"predecessor-version":[{"id":8729,"href":"https:\/\/ponteseditores.com.br\/loja3\/wp-json\/wp\/v2\/product\/6826\/revisions\/8729"}],"wp:featuredmedia":[{"embeddable":true,"href":"https:\/\/ponteseditores.com.br\/loja3\/wp-json\/wp\/v2\/media\/6829"}],"wp:attachment":[{"href":"https:\/\/ponteseditores.com.br\/loja3\/wp-json\/wp\/v2\/media?parent=6826"}],"wp:term":[{"taxonomy":"product_brand","embeddable":true,"href":"https:\/\/ponteseditores.com.br\/loja3\/wp-json\/wp\/v2\/product_brand?post=6826"},{"taxonomy":"product_cat","embeddable":true,"href":"https:\/\/ponteseditores.com.br\/loja3\/wp-json\/wp\/v2\/product_cat?post=6826"},{"taxonomy":"product_tag","embeddable":true,"href":"https:\/\/ponteseditores.com.br\/loja3\/wp-json\/wp\/v2\/product_tag?post=6826"}],"curies":[{"name":"wp","href":"https:\/\/api.w.org\/{rel}","templated":true}]}}