{"id":6812,"date":"2023-12-12T10:21:25","date_gmt":"2023-12-12T13:21:25","guid":{"rendered":"https:\/\/ponteseditores.com.br\/loja3\/?post_type=product&#038;p=6812"},"modified":"2023-12-19T01:20:08","modified_gmt":"2023-12-19T04:20:08","slug":"pesquisas-e-praticas-na-educacao-contemporanea-um-convite-para-dialogar-com-o-pensamento-educacional-de-juana-maria-sancho-gil","status":"publish","type":"product","link":"https:\/\/ponteseditores.com.br\/loja3\/pontes-editores-home-2__trashed\/formacao-de-professores\/pesquisas-e-praticas-na-educacao-contemporanea-um-convite-para-dialogar-com-o-pensamento-educacional-de-juana-maria-sancho-gil\/","title":{"rendered":"Pesquisas e pr\u00e1ticas na educa\u00e7\u00e3o contempor\u00e2nea &#8211; um convite para dialogar com o pensamento educacional de Juana Mar\u00eda Sancho Gil"},"content":{"rendered":"<p>Os textos que fazem parte desta obra, sob diferentes perspectivas e enfoques, lan\u00e7am luz ao irretoc\u00e1vel trajeto acad\u00eamico e cient\u00edfico de Juana Maria Sancho Gil, mulher-professora-pesquisadora que dedicou uma vida, em seus mais de 50 anos de profiss\u00e3o, a pensar os processos educacionais, os modos de aprendizagem, as tecnologias educativas e a forma\u00e7\u00e3o dos professores e professoras.<\/p>\n<p>Trata-se de uma obra que extrapola os limites de um reconhecimento pessoal, em particular, para firmar-se como um ato pol\u00edtico de fazer saber que a educa\u00e7\u00e3o produz conhecimentos cient\u00edficos desenvolvidos tamb\u00e9m por mulheres professoras pesquisadoras com suas mentes brilhantes.<\/p>\n","protected":false},"excerpt":{"rendered":"<p>Os textos que fazem parte desta obra, sob diferentes perspectivas e enfoques, lan\u00e7am luz ao irretoc\u00e1vel trajeto acad\u00eamico e cient\u00edfico de Juana Maria Sancho Gil, mulher-professora-pesquisadora que dedicou uma vida, em seus mais de 50 anos de profiss\u00e3o, a pensar os processos educacionais, os modos de aprendizagem, as tecnologias educativas e a forma\u00e7\u00e3o dos professores [&hellip;]<\/p>\n","protected":false},"featured_media":6813,"comment_status":"open","ping_status":"closed","template":"","meta":{"_joinchat":[]},"product_brand":[],"product_cat":[288,108,167],"product_tag":[],"class_list":{"0":"post-6812","1":"product","2":"type-product","3":"status-publish","4":"has-post-thumbnail","6":"product_cat-ensino-e-aprendizagem","7":"product_cat-formacao-de-professores","8":"product_cat-lancamento","9":"product_shipping_class-livro-pontes-editores-fisico","11":"first","12":"instock","13":"shipping-taxable","14":"purchasable","15":"product-type-simple"},"yoast_head":"<!-- This site is optimized with the Yoast SEO plugin v27.4 - https:\/\/yoast.com\/product\/yoast-seo-wordpress\/ -->\n<title>Pesquisas e pr\u00e1ticas na educa\u00e7\u00e3o contempor\u00e2nea - um convite para dialogar com o pensamento educacional de Juana Mar\u00eda Sancho Gil - Pontes Editores<\/title>\n<meta name=\"robots\" content=\"index, follow, max-snippet:-1, max-image-preview:large, max-video-preview:-1\" \/>\n<link rel=\"canonical\" href=\"https:\/\/ponteseditores.com.br\/loja3\/pontes-editores-home-2__trashed\/formacao-de-professores\/pesquisas-e-praticas-na-educacao-contemporanea-um-convite-para-dialogar-com-o-pensamento-educacional-de-juana-maria-sancho-gil\/\" \/>\n<meta property=\"og:locale\" content=\"pt_BR\" \/>\n<meta property=\"og:type\" content=\"article\" \/>\n<meta property=\"og:title\" content=\"Pesquisas e pr\u00e1ticas na educa\u00e7\u00e3o contempor\u00e2nea - um convite para dialogar com o pensamento educacional de Juana Mar\u00eda Sancho Gil - Pontes Editores\" \/>\n<meta property=\"og:description\" content=\"Os textos que fazem parte desta obra, sob diferentes perspectivas e enfoques, lan\u00e7am luz ao irretoc\u00e1vel trajeto acad\u00eamico e cient\u00edfico de Juana Maria Sancho Gil, mulher-professora-pesquisadora que dedicou uma vida, em seus mais de 50 anos de profiss\u00e3o, a pensar os processos educacionais, os modos de aprendizagem, as tecnologias educativas e a forma\u00e7\u00e3o dos professores [&hellip;]\" \/>\n<meta property=\"og:url\" content=\"https:\/\/ponteseditores.com.br\/loja3\/pontes-editores-home-2__trashed\/formacao-de-professores\/pesquisas-e-praticas-na-educacao-contemporanea-um-convite-para-dialogar-com-o-pensamento-educacional-de-juana-maria-sancho-gil\/\" \/>\n<meta property=\"og:site_name\" content=\"Pontes Editores\" \/>\n<meta property=\"article:modified_time\" content=\"2023-12-19T04:20:08+00:00\" \/>\n<meta property=\"og:image\" content=\"https:\/\/ponteseditores.com.br\/loja3\/wp-content\/uploads\/2023\/12\/Capa_Pesquisas_Praticas.jpg\" \/>\n\t<meta property=\"og:image:width\" content=\"1728\" \/>\n\t<meta property=\"og:image:height\" content=\"2443\" \/>\n\t<meta property=\"og:image:type\" content=\"image\/jpeg\" \/>\n<meta name=\"twitter:card\" content=\"summary_large_image\" \/>\n<meta name=\"twitter:label1\" content=\"Est. tempo de leitura\" \/>\n\t<meta name=\"twitter:data1\" content=\"1 minuto\" \/>\n<script type=\"application\/ld+json\" class=\"yoast-schema-graph\">{\"@context\":\"https:\\\/\\\/schema.org\",\"@graph\":[{\"@type\":\"WebPage\",\"@id\":\"https:\\\/\\\/ponteseditores.com.br\\\/loja3\\\/pontes-editores-home-2__trashed\\\/formacao-de-professores\\\/pesquisas-e-praticas-na-educacao-contemporanea-um-convite-para-dialogar-com-o-pensamento-educacional-de-juana-maria-sancho-gil\\\/\",\"url\":\"https:\\\/\\\/ponteseditores.com.br\\\/loja3\\\/pontes-editores-home-2__trashed\\\/formacao-de-professores\\\/pesquisas-e-praticas-na-educacao-contemporanea-um-convite-para-dialogar-com-o-pensamento-educacional-de-juana-maria-sancho-gil\\\/\",\"name\":\"Pesquisas e pr\u00e1ticas na educa\u00e7\u00e3o contempor\u00e2nea - um convite para dialogar com o pensamento educacional de Juana Mar\u00eda Sancho Gil - Pontes Editores\",\"isPartOf\":{\"@id\":\"https:\\\/\\\/ponteseditores.com.br\\\/loja3\\\/#website\"},\"primaryImageOfPage\":{\"@id\":\"https:\\\/\\\/ponteseditores.com.br\\\/loja3\\\/pontes-editores-home-2__trashed\\\/formacao-de-professores\\\/pesquisas-e-praticas-na-educacao-contemporanea-um-convite-para-dialogar-com-o-pensamento-educacional-de-juana-maria-sancho-gil\\\/#primaryimage\"},\"image\":{\"@id\":\"https:\\\/\\\/ponteseditores.com.br\\\/loja3\\\/pontes-editores-home-2__trashed\\\/formacao-de-professores\\\/pesquisas-e-praticas-na-educacao-contemporanea-um-convite-para-dialogar-com-o-pensamento-educacional-de-juana-maria-sancho-gil\\\/#primaryimage\"},\"thumbnailUrl\":\"https:\\\/\\\/ponteseditores.com.br\\\/loja3\\\/wp-content\\\/uploads\\\/2023\\\/12\\\/Capa_Pesquisas_Praticas.jpg\",\"datePublished\":\"2023-12-12T13:21:25+00:00\",\"dateModified\":\"2023-12-19T04:20:08+00:00\",\"breadcrumb\":{\"@id\":\"https:\\\/\\\/ponteseditores.com.br\\\/loja3\\\/pontes-editores-home-2__trashed\\\/formacao-de-professores\\\/pesquisas-e-praticas-na-educacao-contemporanea-um-convite-para-dialogar-com-o-pensamento-educacional-de-juana-maria-sancho-gil\\\/#breadcrumb\"},\"inLanguage\":\"pt-BR\",\"potentialAction\":[{\"@type\":\"ReadAction\",\"target\":[\"https:\\\/\\\/ponteseditores.com.br\\\/loja3\\\/pontes-editores-home-2__trashed\\\/formacao-de-professores\\\/pesquisas-e-praticas-na-educacao-contemporanea-um-convite-para-dialogar-com-o-pensamento-educacional-de-juana-maria-sancho-gil\\\/\"]}]},{\"@type\":\"ImageObject\",\"inLanguage\":\"pt-BR\",\"@id\":\"https:\\\/\\\/ponteseditores.com.br\\\/loja3\\\/pontes-editores-home-2__trashed\\\/formacao-de-professores\\\/pesquisas-e-praticas-na-educacao-contemporanea-um-convite-para-dialogar-com-o-pensamento-educacional-de-juana-maria-sancho-gil\\\/#primaryimage\",\"url\":\"https:\\\/\\\/ponteseditores.com.br\\\/loja3\\\/wp-content\\\/uploads\\\/2023\\\/12\\\/Capa_Pesquisas_Praticas.jpg\",\"contentUrl\":\"https:\\\/\\\/ponteseditores.com.br\\\/loja3\\\/wp-content\\\/uploads\\\/2023\\\/12\\\/Capa_Pesquisas_Praticas.jpg\",\"width\":1728,\"height\":2443},{\"@type\":\"BreadcrumbList\",\"@id\":\"https:\\\/\\\/ponteseditores.com.br\\\/loja3\\\/pontes-editores-home-2__trashed\\\/formacao-de-professores\\\/pesquisas-e-praticas-na-educacao-contemporanea-um-convite-para-dialogar-com-o-pensamento-educacional-de-juana-maria-sancho-gil\\\/#breadcrumb\",\"itemListElement\":[{\"@type\":\"ListItem\",\"position\":1,\"name\":\"Home\",\"item\":\"https:\\\/\\\/ponteseditores.com.br\\\/loja3\\\/\"},{\"@type\":\"ListItem\",\"position\":2,\"name\":\"loja\",\"item\":\"https:\\\/\\\/ponteseditores.com.br\\\/loja3\\\/loja\\\/\"},{\"@type\":\"ListItem\",\"position\":3,\"name\":\"Pesquisas e pr\u00e1ticas na educa\u00e7\u00e3o contempor\u00e2nea &#8211; um convite para dialogar com o pensamento educacional de Juana Mar\u00eda Sancho Gil\"}]},{\"@type\":\"WebSite\",\"@id\":\"https:\\\/\\\/ponteseditores.com.br\\\/loja3\\\/#website\",\"url\":\"https:\\\/\\\/ponteseditores.com.br\\\/loja3\\\/\",\"name\":\"Pontes Editores\",\"description\":\"Pontes Editores\",\"publisher\":{\"@id\":\"https:\\\/\\\/ponteseditores.com.br\\\/loja3\\\/#organization\"},\"potentialAction\":[{\"@type\":\"SearchAction\",\"target\":{\"@type\":\"EntryPoint\",\"urlTemplate\":\"https:\\\/\\\/ponteseditores.com.br\\\/loja3\\\/?s={search_term_string}\"},\"query-input\":{\"@type\":\"PropertyValueSpecification\",\"valueRequired\":true,\"valueName\":\"search_term_string\"}}],\"inLanguage\":\"pt-BR\"},{\"@type\":\"Organization\",\"@id\":\"https:\\\/\\\/ponteseditores.com.br\\\/loja3\\\/#organization\",\"name\":\"Pontes Editores\",\"url\":\"https:\\\/\\\/ponteseditores.com.br\\\/loja3\\\/\",\"logo\":{\"@type\":\"ImageObject\",\"inLanguage\":\"pt-BR\",\"@id\":\"https:\\\/\\\/ponteseditores.com.br\\\/loja3\\\/#\\\/schema\\\/logo\\\/image\\\/\",\"url\":\"https:\\\/\\\/ponteseditores.com.br\\\/loja3\\\/wp-content\\\/uploads\\\/2023\\\/12\\\/logo-pontes-editores-v2.png\",\"contentUrl\":\"https:\\\/\\\/ponteseditores.com.br\\\/loja3\\\/wp-content\\\/uploads\\\/2023\\\/12\\\/logo-pontes-editores-v2.png\",\"width\":258,\"height\":100,\"caption\":\"Pontes Editores\"},\"image\":{\"@id\":\"https:\\\/\\\/ponteseditores.com.br\\\/loja3\\\/#\\\/schema\\\/logo\\\/image\\\/\"}}]}<\/script>\n<!-- \/ Yoast SEO plugin. -->","yoast_head_json":{"title":"Pesquisas e pr\u00e1ticas na educa\u00e7\u00e3o contempor\u00e2nea - um convite para dialogar com o pensamento educacional de Juana Mar\u00eda Sancho Gil - Pontes Editores","robots":{"index":"index","follow":"follow","max-snippet":"max-snippet:-1","max-image-preview":"max-image-preview:large","max-video-preview":"max-video-preview:-1"},"canonical":"https:\/\/ponteseditores.com.br\/loja3\/pontes-editores-home-2__trashed\/formacao-de-professores\/pesquisas-e-praticas-na-educacao-contemporanea-um-convite-para-dialogar-com-o-pensamento-educacional-de-juana-maria-sancho-gil\/","og_locale":"pt_BR","og_type":"article","og_title":"Pesquisas e pr\u00e1ticas na educa\u00e7\u00e3o contempor\u00e2nea - um convite para dialogar com o pensamento educacional de Juana Mar\u00eda Sancho Gil - Pontes Editores","og_description":"Os textos que fazem parte desta obra, sob diferentes perspectivas e enfoques, lan\u00e7am luz ao irretoc\u00e1vel trajeto acad\u00eamico e cient\u00edfico de Juana Maria Sancho Gil, mulher-professora-pesquisadora que dedicou uma vida, em seus mais de 50 anos de profiss\u00e3o, a pensar os processos educacionais, os modos de aprendizagem, as tecnologias educativas e a forma\u00e7\u00e3o dos professores [&hellip;]","og_url":"https:\/\/ponteseditores.com.br\/loja3\/pontes-editores-home-2__trashed\/formacao-de-professores\/pesquisas-e-praticas-na-educacao-contemporanea-um-convite-para-dialogar-com-o-pensamento-educacional-de-juana-maria-sancho-gil\/","og_site_name":"Pontes Editores","article_modified_time":"2023-12-19T04:20:08+00:00","og_image":[{"width":1728,"height":2443,"url":"https:\/\/ponteseditores.com.br\/loja3\/wp-content\/uploads\/2023\/12\/Capa_Pesquisas_Praticas.jpg","type":"image\/jpeg"}],"twitter_card":"summary_large_image","twitter_misc":{"Est. tempo de leitura":"1 minuto"},"schema":{"@context":"https:\/\/schema.org","@graph":[{"@type":"WebPage","@id":"https:\/\/ponteseditores.com.br\/loja3\/pontes-editores-home-2__trashed\/formacao-de-professores\/pesquisas-e-praticas-na-educacao-contemporanea-um-convite-para-dialogar-com-o-pensamento-educacional-de-juana-maria-sancho-gil\/","url":"https:\/\/ponteseditores.com.br\/loja3\/pontes-editores-home-2__trashed\/formacao-de-professores\/pesquisas-e-praticas-na-educacao-contemporanea-um-convite-para-dialogar-com-o-pensamento-educacional-de-juana-maria-sancho-gil\/","name":"Pesquisas e pr\u00e1ticas na educa\u00e7\u00e3o contempor\u00e2nea - um convite para dialogar com o pensamento educacional de Juana Mar\u00eda Sancho Gil - Pontes Editores","isPartOf":{"@id":"https:\/\/ponteseditores.com.br\/loja3\/#website"},"primaryImageOfPage":{"@id":"https:\/\/ponteseditores.com.br\/loja3\/pontes-editores-home-2__trashed\/formacao-de-professores\/pesquisas-e-praticas-na-educacao-contemporanea-um-convite-para-dialogar-com-o-pensamento-educacional-de-juana-maria-sancho-gil\/#primaryimage"},"image":{"@id":"https:\/\/ponteseditores.com.br\/loja3\/pontes-editores-home-2__trashed\/formacao-de-professores\/pesquisas-e-praticas-na-educacao-contemporanea-um-convite-para-dialogar-com-o-pensamento-educacional-de-juana-maria-sancho-gil\/#primaryimage"},"thumbnailUrl":"https:\/\/ponteseditores.com.br\/loja3\/wp-content\/uploads\/2023\/12\/Capa_Pesquisas_Praticas.jpg","datePublished":"2023-12-12T13:21:25+00:00","dateModified":"2023-12-19T04:20:08+00:00","breadcrumb":{"@id":"https:\/\/ponteseditores.com.br\/loja3\/pontes-editores-home-2__trashed\/formacao-de-professores\/pesquisas-e-praticas-na-educacao-contemporanea-um-convite-para-dialogar-com-o-pensamento-educacional-de-juana-maria-sancho-gil\/#breadcrumb"},"inLanguage":"pt-BR","potentialAction":[{"@type":"ReadAction","target":["https:\/\/ponteseditores.com.br\/loja3\/pontes-editores-home-2__trashed\/formacao-de-professores\/pesquisas-e-praticas-na-educacao-contemporanea-um-convite-para-dialogar-com-o-pensamento-educacional-de-juana-maria-sancho-gil\/"]}]},{"@type":"ImageObject","inLanguage":"pt-BR","@id":"https:\/\/ponteseditores.com.br\/loja3\/pontes-editores-home-2__trashed\/formacao-de-professores\/pesquisas-e-praticas-na-educacao-contemporanea-um-convite-para-dialogar-com-o-pensamento-educacional-de-juana-maria-sancho-gil\/#primaryimage","url":"https:\/\/ponteseditores.com.br\/loja3\/wp-content\/uploads\/2023\/12\/Capa_Pesquisas_Praticas.jpg","contentUrl":"https:\/\/ponteseditores.com.br\/loja3\/wp-content\/uploads\/2023\/12\/Capa_Pesquisas_Praticas.jpg","width":1728,"height":2443},{"@type":"BreadcrumbList","@id":"https:\/\/ponteseditores.com.br\/loja3\/pontes-editores-home-2__trashed\/formacao-de-professores\/pesquisas-e-praticas-na-educacao-contemporanea-um-convite-para-dialogar-com-o-pensamento-educacional-de-juana-maria-sancho-gil\/#breadcrumb","itemListElement":[{"@type":"ListItem","position":1,"name":"Home","item":"https:\/\/ponteseditores.com.br\/loja3\/"},{"@type":"ListItem","position":2,"name":"loja","item":"https:\/\/ponteseditores.com.br\/loja3\/loja\/"},{"@type":"ListItem","position":3,"name":"Pesquisas e pr\u00e1ticas na educa\u00e7\u00e3o contempor\u00e2nea &#8211; um convite para dialogar com o pensamento educacional de Juana Mar\u00eda Sancho Gil"}]},{"@type":"WebSite","@id":"https:\/\/ponteseditores.com.br\/loja3\/#website","url":"https:\/\/ponteseditores.com.br\/loja3\/","name":"Pontes Editores","description":"Pontes Editores","publisher":{"@id":"https:\/\/ponteseditores.com.br\/loja3\/#organization"},"potentialAction":[{"@type":"SearchAction","target":{"@type":"EntryPoint","urlTemplate":"https:\/\/ponteseditores.com.br\/loja3\/?s={search_term_string}"},"query-input":{"@type":"PropertyValueSpecification","valueRequired":true,"valueName":"search_term_string"}}],"inLanguage":"pt-BR"},{"@type":"Organization","@id":"https:\/\/ponteseditores.com.br\/loja3\/#organization","name":"Pontes Editores","url":"https:\/\/ponteseditores.com.br\/loja3\/","logo":{"@type":"ImageObject","inLanguage":"pt-BR","@id":"https:\/\/ponteseditores.com.br\/loja3\/#\/schema\/logo\/image\/","url":"https:\/\/ponteseditores.com.br\/loja3\/wp-content\/uploads\/2023\/12\/logo-pontes-editores-v2.png","contentUrl":"https:\/\/ponteseditores.com.br\/loja3\/wp-content\/uploads\/2023\/12\/logo-pontes-editores-v2.png","width":258,"height":100,"caption":"Pontes Editores"},"image":{"@id":"https:\/\/ponteseditores.com.br\/loja3\/#\/schema\/logo\/image\/"}}]}},"_links":{"self":[{"href":"https:\/\/ponteseditores.com.br\/loja3\/wp-json\/wp\/v2\/product\/6812","targetHints":{"allow":["GET"]}}],"collection":[{"href":"https:\/\/ponteseditores.com.br\/loja3\/wp-json\/wp\/v2\/product"}],"about":[{"href":"https:\/\/ponteseditores.com.br\/loja3\/wp-json\/wp\/v2\/types\/product"}],"replies":[{"embeddable":true,"href":"https:\/\/ponteseditores.com.br\/loja3\/wp-json\/wp\/v2\/comments?post=6812"}],"version-history":[{"count":0,"href":"https:\/\/ponteseditores.com.br\/loja3\/wp-json\/wp\/v2\/product\/6812\/revisions"}],"wp:featuredmedia":[{"embeddable":true,"href":"https:\/\/ponteseditores.com.br\/loja3\/wp-json\/wp\/v2\/media\/6813"}],"wp:attachment":[{"href":"https:\/\/ponteseditores.com.br\/loja3\/wp-json\/wp\/v2\/media?parent=6812"}],"wp:term":[{"taxonomy":"product_brand","embeddable":true,"href":"https:\/\/ponteseditores.com.br\/loja3\/wp-json\/wp\/v2\/product_brand?post=6812"},{"taxonomy":"product_cat","embeddable":true,"href":"https:\/\/ponteseditores.com.br\/loja3\/wp-json\/wp\/v2\/product_cat?post=6812"},{"taxonomy":"product_tag","embeddable":true,"href":"https:\/\/ponteseditores.com.br\/loja3\/wp-json\/wp\/v2\/product_tag?post=6812"}],"curies":[{"name":"wp","href":"https:\/\/api.w.org\/{rel}","templated":true}]}}