{"id":6797,"date":"2023-12-12T10:16:33","date_gmt":"2023-12-12T13:16:33","guid":{"rendered":"https:\/\/ponteseditores.com.br\/loja3\/?post_type=product&#038;p=6797"},"modified":"2023-12-19T17:15:08","modified_gmt":"2023-12-19T20:15:08","slug":"platao-no-rolls-royce-ensaio-sobre-literatura-e-tecnica-em-eca-de-queiros-fernando-pessoa-herberto-helder-e-goncalo-m-tavares","status":"publish","type":"product","link":"https:\/\/ponteseditores.com.br\/loja3\/pontes-editores-home-2__trashed\/lancamento\/platao-no-rolls-royce-ensaio-sobre-literatura-e-tecnica-em-eca-de-queiros-fernando-pessoa-herberto-helder-e-goncalo-m-tavares\/","title":{"rendered":"Plat\u00e3o no Rolls-Royce: Ensaio sobre literatura e t\u00e9cnica em E\u00e7a de Queir\u00f3s, Fernando Pessoa, Herberto Helder e Gon\u00e7alo M. Tavares"},"content":{"rendered":"<p>Resistirei a definir o conceito de t\u00e9cnica. A t\u00e9cnica (tal como a axiologia que a sustenta, o poder que ela confere, o uso nela previsto, proposto, improvisado) depender\u00e1, em cada instante, de uma escrita singular. Por isso, tentarei n\u00e3o fixar o conceito numa s\u00f3 defini\u00e7\u00e3o, mas espero redescrev\u00ea-lo em cada p\u00e1gina, ou diversas vezes no interior de um mesmo par\u00e1grafo. Qualquer descri\u00e7\u00e3o ser\u00e1 sempre circunstancial e ef\u00e9mera.<\/p>\n<p>Acrescentarei apenas que a t\u00e9cnica \u00e9 um saber-fazer, sim, mas esse saber-fazer implica uma tomada de posi\u00e7\u00e3o no dom\u00ednio dos valores. Para que se usa a t\u00e9cnica, por que se recorre ao saber-fazer, como se descreve \u2013 dentro da pr\u00f3pria t\u00e9cnica \u2013 o que ela vale, e que mundo ela inventa? Pois n\u00e3o h\u00e1 t\u00e9cnica sem a inven\u00e7\u00e3o de um mundo, uma posi\u00e7\u00e3o no mundo, a inven\u00e7\u00e3o de um gesto: entusiasmo, medo, pequena ordem que se imp\u00f5e \u00e0s coisas, inquieta\u00e7\u00e3o do pensamento.<\/p>\n","protected":false},"excerpt":{"rendered":"<p>Resistirei a definir o conceito de t\u00e9cnica. A t\u00e9cnica (tal como a axiologia que a sustenta, o poder que ela confere, o uso nela previsto, proposto, improvisado) depender\u00e1, em cada instante, de uma escrita singular. Por isso, tentarei n\u00e3o fixar o conceito numa s\u00f3 defini\u00e7\u00e3o, mas espero redescrev\u00ea-lo em cada p\u00e1gina, ou diversas vezes no [&hellip;]<\/p>\n","protected":false},"featured_media":6799,"comment_status":"open","ping_status":"closed","template":"","meta":{"_joinchat":[]},"product_brand":[],"product_cat":[272,167],"product_tag":[],"class_list":{"0":"post-6797","1":"product","2":"type-product","3":"status-publish","4":"has-post-thumbnail","6":"product_cat-filosofia","7":"product_cat-lancamento","8":"product_shipping_class-livro-pontes-editores-fisico","10":"first","11":"instock","12":"shipping-taxable","13":"purchasable","14":"product-type-simple"},"yoast_head":"<!-- This site is optimized with the Yoast SEO plugin v27.4 - https:\/\/yoast.com\/product\/yoast-seo-wordpress\/ -->\n<title>Plat\u00e3o no Rolls-Royce: Ensaio sobre literatura e t\u00e9cnica em E\u00e7a de Queir\u00f3s, Fernando Pessoa, Herberto Helder e Gon\u00e7alo M. Tavares - Pontes Editores<\/title>\n<meta name=\"robots\" content=\"index, follow, max-snippet:-1, max-image-preview:large, max-video-preview:-1\" \/>\n<link rel=\"canonical\" href=\"https:\/\/ponteseditores.com.br\/loja3\/pontes-editores-home-2__trashed\/lancamento\/platao-no-rolls-royce-ensaio-sobre-literatura-e-tecnica-em-eca-de-queiros-fernando-pessoa-herberto-helder-e-goncalo-m-tavares\/\" \/>\n<meta property=\"og:locale\" content=\"pt_BR\" \/>\n<meta property=\"og:type\" content=\"article\" \/>\n<meta property=\"og:title\" content=\"Plat\u00e3o no Rolls-Royce: Ensaio sobre literatura e t\u00e9cnica em E\u00e7a de Queir\u00f3s, Fernando Pessoa, Herberto Helder e Gon\u00e7alo M. Tavares - Pontes Editores\" \/>\n<meta property=\"og:description\" content=\"Resistirei a definir o conceito de t\u00e9cnica. A t\u00e9cnica (tal como a axiologia que a sustenta, o poder que ela confere, o uso nela previsto, proposto, improvisado) depender\u00e1, em cada instante, de uma escrita singular. Por isso, tentarei n\u00e3o fixar o conceito numa s\u00f3 defini\u00e7\u00e3o, mas espero redescrev\u00ea-lo em cada p\u00e1gina, ou diversas vezes no [&hellip;]\" \/>\n<meta property=\"og:url\" content=\"https:\/\/ponteseditores.com.br\/loja3\/pontes-editores-home-2__trashed\/lancamento\/platao-no-rolls-royce-ensaio-sobre-literatura-e-tecnica-em-eca-de-queiros-fernando-pessoa-herberto-helder-e-goncalo-m-tavares\/\" \/>\n<meta property=\"og:site_name\" content=\"Pontes Editores\" \/>\n<meta property=\"article:modified_time\" content=\"2023-12-19T20:15:08+00:00\" \/>\n<meta property=\"og:image\" content=\"https:\/\/ponteseditores.com.br\/loja3\/wp-content\/uploads\/2023\/12\/Capa_Platao.jpg\" \/>\n\t<meta property=\"og:image:width\" content=\"1500\" \/>\n\t<meta property=\"og:image:height\" content=\"2121\" \/>\n\t<meta property=\"og:image:type\" content=\"image\/jpeg\" \/>\n<meta name=\"twitter:card\" content=\"summary_large_image\" \/>\n<meta name=\"twitter:label1\" content=\"Est. tempo de leitura\" \/>\n\t<meta name=\"twitter:data1\" content=\"1 minuto\" \/>\n<script type=\"application\/ld+json\" class=\"yoast-schema-graph\">{\"@context\":\"https:\\\/\\\/schema.org\",\"@graph\":[{\"@type\":\"WebPage\",\"@id\":\"https:\\\/\\\/ponteseditores.com.br\\\/loja3\\\/pontes-editores-home-2__trashed\\\/lancamento\\\/platao-no-rolls-royce-ensaio-sobre-literatura-e-tecnica-em-eca-de-queiros-fernando-pessoa-herberto-helder-e-goncalo-m-tavares\\\/\",\"url\":\"https:\\\/\\\/ponteseditores.com.br\\\/loja3\\\/pontes-editores-home-2__trashed\\\/lancamento\\\/platao-no-rolls-royce-ensaio-sobre-literatura-e-tecnica-em-eca-de-queiros-fernando-pessoa-herberto-helder-e-goncalo-m-tavares\\\/\",\"name\":\"Plat\u00e3o no Rolls-Royce: Ensaio sobre literatura e t\u00e9cnica em E\u00e7a de Queir\u00f3s, Fernando Pessoa, Herberto Helder e Gon\u00e7alo M. Tavares - Pontes Editores\",\"isPartOf\":{\"@id\":\"https:\\\/\\\/ponteseditores.com.br\\\/loja3\\\/#website\"},\"primaryImageOfPage\":{\"@id\":\"https:\\\/\\\/ponteseditores.com.br\\\/loja3\\\/pontes-editores-home-2__trashed\\\/lancamento\\\/platao-no-rolls-royce-ensaio-sobre-literatura-e-tecnica-em-eca-de-queiros-fernando-pessoa-herberto-helder-e-goncalo-m-tavares\\\/#primaryimage\"},\"image\":{\"@id\":\"https:\\\/\\\/ponteseditores.com.br\\\/loja3\\\/pontes-editores-home-2__trashed\\\/lancamento\\\/platao-no-rolls-royce-ensaio-sobre-literatura-e-tecnica-em-eca-de-queiros-fernando-pessoa-herberto-helder-e-goncalo-m-tavares\\\/#primaryimage\"},\"thumbnailUrl\":\"https:\\\/\\\/ponteseditores.com.br\\\/loja3\\\/wp-content\\\/uploads\\\/2023\\\/12\\\/Capa_Platao.jpg\",\"datePublished\":\"2023-12-12T13:16:33+00:00\",\"dateModified\":\"2023-12-19T20:15:08+00:00\",\"breadcrumb\":{\"@id\":\"https:\\\/\\\/ponteseditores.com.br\\\/loja3\\\/pontes-editores-home-2__trashed\\\/lancamento\\\/platao-no-rolls-royce-ensaio-sobre-literatura-e-tecnica-em-eca-de-queiros-fernando-pessoa-herberto-helder-e-goncalo-m-tavares\\\/#breadcrumb\"},\"inLanguage\":\"pt-BR\",\"potentialAction\":[{\"@type\":\"ReadAction\",\"target\":[\"https:\\\/\\\/ponteseditores.com.br\\\/loja3\\\/pontes-editores-home-2__trashed\\\/lancamento\\\/platao-no-rolls-royce-ensaio-sobre-literatura-e-tecnica-em-eca-de-queiros-fernando-pessoa-herberto-helder-e-goncalo-m-tavares\\\/\"]}]},{\"@type\":\"ImageObject\",\"inLanguage\":\"pt-BR\",\"@id\":\"https:\\\/\\\/ponteseditores.com.br\\\/loja3\\\/pontes-editores-home-2__trashed\\\/lancamento\\\/platao-no-rolls-royce-ensaio-sobre-literatura-e-tecnica-em-eca-de-queiros-fernando-pessoa-herberto-helder-e-goncalo-m-tavares\\\/#primaryimage\",\"url\":\"https:\\\/\\\/ponteseditores.com.br\\\/loja3\\\/wp-content\\\/uploads\\\/2023\\\/12\\\/Capa_Platao.jpg\",\"contentUrl\":\"https:\\\/\\\/ponteseditores.com.br\\\/loja3\\\/wp-content\\\/uploads\\\/2023\\\/12\\\/Capa_Platao.jpg\",\"width\":1500,\"height\":2121},{\"@type\":\"BreadcrumbList\",\"@id\":\"https:\\\/\\\/ponteseditores.com.br\\\/loja3\\\/pontes-editores-home-2__trashed\\\/lancamento\\\/platao-no-rolls-royce-ensaio-sobre-literatura-e-tecnica-em-eca-de-queiros-fernando-pessoa-herberto-helder-e-goncalo-m-tavares\\\/#breadcrumb\",\"itemListElement\":[{\"@type\":\"ListItem\",\"position\":1,\"name\":\"Home\",\"item\":\"https:\\\/\\\/ponteseditores.com.br\\\/loja3\\\/\"},{\"@type\":\"ListItem\",\"position\":2,\"name\":\"loja\",\"item\":\"https:\\\/\\\/ponteseditores.com.br\\\/loja3\\\/loja\\\/\"},{\"@type\":\"ListItem\",\"position\":3,\"name\":\"Plat\u00e3o no Rolls-Royce: Ensaio sobre literatura e t\u00e9cnica em E\u00e7a de Queir\u00f3s, Fernando Pessoa, Herberto Helder e Gon\u00e7alo M. Tavares\"}]},{\"@type\":\"WebSite\",\"@id\":\"https:\\\/\\\/ponteseditores.com.br\\\/loja3\\\/#website\",\"url\":\"https:\\\/\\\/ponteseditores.com.br\\\/loja3\\\/\",\"name\":\"Pontes Editores\",\"description\":\"Pontes Editores\",\"publisher\":{\"@id\":\"https:\\\/\\\/ponteseditores.com.br\\\/loja3\\\/#organization\"},\"potentialAction\":[{\"@type\":\"SearchAction\",\"target\":{\"@type\":\"EntryPoint\",\"urlTemplate\":\"https:\\\/\\\/ponteseditores.com.br\\\/loja3\\\/?s={search_term_string}\"},\"query-input\":{\"@type\":\"PropertyValueSpecification\",\"valueRequired\":true,\"valueName\":\"search_term_string\"}}],\"inLanguage\":\"pt-BR\"},{\"@type\":\"Organization\",\"@id\":\"https:\\\/\\\/ponteseditores.com.br\\\/loja3\\\/#organization\",\"name\":\"Pontes Editores\",\"url\":\"https:\\\/\\\/ponteseditores.com.br\\\/loja3\\\/\",\"logo\":{\"@type\":\"ImageObject\",\"inLanguage\":\"pt-BR\",\"@id\":\"https:\\\/\\\/ponteseditores.com.br\\\/loja3\\\/#\\\/schema\\\/logo\\\/image\\\/\",\"url\":\"https:\\\/\\\/ponteseditores.com.br\\\/loja3\\\/wp-content\\\/uploads\\\/2023\\\/12\\\/logo-pontes-editores-v2.png\",\"contentUrl\":\"https:\\\/\\\/ponteseditores.com.br\\\/loja3\\\/wp-content\\\/uploads\\\/2023\\\/12\\\/logo-pontes-editores-v2.png\",\"width\":258,\"height\":100,\"caption\":\"Pontes Editores\"},\"image\":{\"@id\":\"https:\\\/\\\/ponteseditores.com.br\\\/loja3\\\/#\\\/schema\\\/logo\\\/image\\\/\"}}]}<\/script>\n<!-- \/ Yoast SEO plugin. -->","yoast_head_json":{"title":"Plat\u00e3o no Rolls-Royce: Ensaio sobre literatura e t\u00e9cnica em E\u00e7a de Queir\u00f3s, Fernando Pessoa, Herberto Helder e Gon\u00e7alo M. Tavares - Pontes Editores","robots":{"index":"index","follow":"follow","max-snippet":"max-snippet:-1","max-image-preview":"max-image-preview:large","max-video-preview":"max-video-preview:-1"},"canonical":"https:\/\/ponteseditores.com.br\/loja3\/pontes-editores-home-2__trashed\/lancamento\/platao-no-rolls-royce-ensaio-sobre-literatura-e-tecnica-em-eca-de-queiros-fernando-pessoa-herberto-helder-e-goncalo-m-tavares\/","og_locale":"pt_BR","og_type":"article","og_title":"Plat\u00e3o no Rolls-Royce: Ensaio sobre literatura e t\u00e9cnica em E\u00e7a de Queir\u00f3s, Fernando Pessoa, Herberto Helder e Gon\u00e7alo M. Tavares - Pontes Editores","og_description":"Resistirei a definir o conceito de t\u00e9cnica. A t\u00e9cnica (tal como a axiologia que a sustenta, o poder que ela confere, o uso nela previsto, proposto, improvisado) depender\u00e1, em cada instante, de uma escrita singular. Por isso, tentarei n\u00e3o fixar o conceito numa s\u00f3 defini\u00e7\u00e3o, mas espero redescrev\u00ea-lo em cada p\u00e1gina, ou diversas vezes no [&hellip;]","og_url":"https:\/\/ponteseditores.com.br\/loja3\/pontes-editores-home-2__trashed\/lancamento\/platao-no-rolls-royce-ensaio-sobre-literatura-e-tecnica-em-eca-de-queiros-fernando-pessoa-herberto-helder-e-goncalo-m-tavares\/","og_site_name":"Pontes Editores","article_modified_time":"2023-12-19T20:15:08+00:00","og_image":[{"width":1500,"height":2121,"url":"https:\/\/ponteseditores.com.br\/loja3\/wp-content\/uploads\/2023\/12\/Capa_Platao.jpg","type":"image\/jpeg"}],"twitter_card":"summary_large_image","twitter_misc":{"Est. tempo de leitura":"1 minuto"},"schema":{"@context":"https:\/\/schema.org","@graph":[{"@type":"WebPage","@id":"https:\/\/ponteseditores.com.br\/loja3\/pontes-editores-home-2__trashed\/lancamento\/platao-no-rolls-royce-ensaio-sobre-literatura-e-tecnica-em-eca-de-queiros-fernando-pessoa-herberto-helder-e-goncalo-m-tavares\/","url":"https:\/\/ponteseditores.com.br\/loja3\/pontes-editores-home-2__trashed\/lancamento\/platao-no-rolls-royce-ensaio-sobre-literatura-e-tecnica-em-eca-de-queiros-fernando-pessoa-herberto-helder-e-goncalo-m-tavares\/","name":"Plat\u00e3o no Rolls-Royce: Ensaio sobre literatura e t\u00e9cnica em E\u00e7a de Queir\u00f3s, Fernando Pessoa, Herberto Helder e Gon\u00e7alo M. Tavares - Pontes Editores","isPartOf":{"@id":"https:\/\/ponteseditores.com.br\/loja3\/#website"},"primaryImageOfPage":{"@id":"https:\/\/ponteseditores.com.br\/loja3\/pontes-editores-home-2__trashed\/lancamento\/platao-no-rolls-royce-ensaio-sobre-literatura-e-tecnica-em-eca-de-queiros-fernando-pessoa-herberto-helder-e-goncalo-m-tavares\/#primaryimage"},"image":{"@id":"https:\/\/ponteseditores.com.br\/loja3\/pontes-editores-home-2__trashed\/lancamento\/platao-no-rolls-royce-ensaio-sobre-literatura-e-tecnica-em-eca-de-queiros-fernando-pessoa-herberto-helder-e-goncalo-m-tavares\/#primaryimage"},"thumbnailUrl":"https:\/\/ponteseditores.com.br\/loja3\/wp-content\/uploads\/2023\/12\/Capa_Platao.jpg","datePublished":"2023-12-12T13:16:33+00:00","dateModified":"2023-12-19T20:15:08+00:00","breadcrumb":{"@id":"https:\/\/ponteseditores.com.br\/loja3\/pontes-editores-home-2__trashed\/lancamento\/platao-no-rolls-royce-ensaio-sobre-literatura-e-tecnica-em-eca-de-queiros-fernando-pessoa-herberto-helder-e-goncalo-m-tavares\/#breadcrumb"},"inLanguage":"pt-BR","potentialAction":[{"@type":"ReadAction","target":["https:\/\/ponteseditores.com.br\/loja3\/pontes-editores-home-2__trashed\/lancamento\/platao-no-rolls-royce-ensaio-sobre-literatura-e-tecnica-em-eca-de-queiros-fernando-pessoa-herberto-helder-e-goncalo-m-tavares\/"]}]},{"@type":"ImageObject","inLanguage":"pt-BR","@id":"https:\/\/ponteseditores.com.br\/loja3\/pontes-editores-home-2__trashed\/lancamento\/platao-no-rolls-royce-ensaio-sobre-literatura-e-tecnica-em-eca-de-queiros-fernando-pessoa-herberto-helder-e-goncalo-m-tavares\/#primaryimage","url":"https:\/\/ponteseditores.com.br\/loja3\/wp-content\/uploads\/2023\/12\/Capa_Platao.jpg","contentUrl":"https:\/\/ponteseditores.com.br\/loja3\/wp-content\/uploads\/2023\/12\/Capa_Platao.jpg","width":1500,"height":2121},{"@type":"BreadcrumbList","@id":"https:\/\/ponteseditores.com.br\/loja3\/pontes-editores-home-2__trashed\/lancamento\/platao-no-rolls-royce-ensaio-sobre-literatura-e-tecnica-em-eca-de-queiros-fernando-pessoa-herberto-helder-e-goncalo-m-tavares\/#breadcrumb","itemListElement":[{"@type":"ListItem","position":1,"name":"Home","item":"https:\/\/ponteseditores.com.br\/loja3\/"},{"@type":"ListItem","position":2,"name":"loja","item":"https:\/\/ponteseditores.com.br\/loja3\/loja\/"},{"@type":"ListItem","position":3,"name":"Plat\u00e3o no Rolls-Royce: Ensaio sobre literatura e t\u00e9cnica em E\u00e7a de Queir\u00f3s, Fernando Pessoa, Herberto Helder e Gon\u00e7alo M. Tavares"}]},{"@type":"WebSite","@id":"https:\/\/ponteseditores.com.br\/loja3\/#website","url":"https:\/\/ponteseditores.com.br\/loja3\/","name":"Pontes Editores","description":"Pontes Editores","publisher":{"@id":"https:\/\/ponteseditores.com.br\/loja3\/#organization"},"potentialAction":[{"@type":"SearchAction","target":{"@type":"EntryPoint","urlTemplate":"https:\/\/ponteseditores.com.br\/loja3\/?s={search_term_string}"},"query-input":{"@type":"PropertyValueSpecification","valueRequired":true,"valueName":"search_term_string"}}],"inLanguage":"pt-BR"},{"@type":"Organization","@id":"https:\/\/ponteseditores.com.br\/loja3\/#organization","name":"Pontes Editores","url":"https:\/\/ponteseditores.com.br\/loja3\/","logo":{"@type":"ImageObject","inLanguage":"pt-BR","@id":"https:\/\/ponteseditores.com.br\/loja3\/#\/schema\/logo\/image\/","url":"https:\/\/ponteseditores.com.br\/loja3\/wp-content\/uploads\/2023\/12\/logo-pontes-editores-v2.png","contentUrl":"https:\/\/ponteseditores.com.br\/loja3\/wp-content\/uploads\/2023\/12\/logo-pontes-editores-v2.png","width":258,"height":100,"caption":"Pontes Editores"},"image":{"@id":"https:\/\/ponteseditores.com.br\/loja3\/#\/schema\/logo\/image\/"}}]}},"_links":{"self":[{"href":"https:\/\/ponteseditores.com.br\/loja3\/wp-json\/wp\/v2\/product\/6797","targetHints":{"allow":["GET"]}}],"collection":[{"href":"https:\/\/ponteseditores.com.br\/loja3\/wp-json\/wp\/v2\/product"}],"about":[{"href":"https:\/\/ponteseditores.com.br\/loja3\/wp-json\/wp\/v2\/types\/product"}],"replies":[{"embeddable":true,"href":"https:\/\/ponteseditores.com.br\/loja3\/wp-json\/wp\/v2\/comments?post=6797"}],"version-history":[{"count":0,"href":"https:\/\/ponteseditores.com.br\/loja3\/wp-json\/wp\/v2\/product\/6797\/revisions"}],"wp:featuredmedia":[{"embeddable":true,"href":"https:\/\/ponteseditores.com.br\/loja3\/wp-json\/wp\/v2\/media\/6799"}],"wp:attachment":[{"href":"https:\/\/ponteseditores.com.br\/loja3\/wp-json\/wp\/v2\/media?parent=6797"}],"wp:term":[{"taxonomy":"product_brand","embeddable":true,"href":"https:\/\/ponteseditores.com.br\/loja3\/wp-json\/wp\/v2\/product_brand?post=6797"},{"taxonomy":"product_cat","embeddable":true,"href":"https:\/\/ponteseditores.com.br\/loja3\/wp-json\/wp\/v2\/product_cat?post=6797"},{"taxonomy":"product_tag","embeddable":true,"href":"https:\/\/ponteseditores.com.br\/loja3\/wp-json\/wp\/v2\/product_tag?post=6797"}],"curies":[{"name":"wp","href":"https:\/\/api.w.org\/{rel}","templated":true}]}}