{"id":6751,"date":"2023-12-12T12:29:03","date_gmt":"2023-12-12T15:29:03","guid":{"rendered":"https:\/\/ponteseditores.com.br\/loja3\/?post_type=product&#038;p=6751"},"modified":"2024-01-10T17:10:46","modified_gmt":"2024-01-10T20:10:46","slug":"desafios-e-perspectivas-para-o-ensino-de-espanhol-no-brasil","status":"publish","type":"product","link":"https:\/\/ponteseditores.com.br\/loja3\/pontes-editores-home-2__trashed\/linguistica\/desafios-e-perspectivas-para-o-ensino-de-espanhol-no-brasil\/","title":{"rendered":"DESAFIOS E PERSPECTIVAS PARA O ENSINO DE ESPANHOL NO BRASIL"},"content":{"rendered":"<p class=\"p1\">Acreditamos, como professoras, educadoras e pesquisadoras, em uma educa\u00e7\u00e3o que nos transforma e que transforma nossas vidas nos mais distintos espa\u00e7os sociais, pol\u00edticos, culturais, est\u00e9ticos e humanos de que somos part\u00edcipes e atuantes. Uma educa\u00e7\u00e3o lingu\u00edstica que arroja no horizonte possibilidades v\u00e1rias para a concretiza\u00e7\u00e3o de projetos \u00e9ticos condizentes com pr\u00e1ticas \u00e9ticas na e para a constru\u00e7\u00e3o de mundos cada vez mais plurais.<\/p>\n<p class=\"p1\">Decorrente desse compromisso e comprometimento com a educa\u00e7\u00e3o, em sentido amplo, e, em particular, com o ensino do espanhol, se vislumbram distintas e m\u00faltiplas perspectivas metodol\u00f3gicas, te\u00f3ricas e praxiol\u00f3gicas ao longo da trajet\u00f3ria do ensino de l\u00edngua espanhola em nosso pa\u00eds. Reconhecemos, contudo, que justamente por conta de tal pluralidade, estamos diante de um cen\u00e1rio de possibilidades e experi\u00eancias particulares que, cada uma \u00e0 sua maneira, tem sido responsiva \u00e0s muitas demandas educacionais e educativas no Brasil.<\/p>\n<p class=\"p1\">Assim, enfatizamos e defendemos a expans\u00e3o de saberes e conhecimentos, por meio de um di\u00e1logo cont\u00ednuo entre as muitas vias para a concretiza\u00e7\u00e3o de um projeto de tal envergadura, tal \u00e9 o caso do que se nos mostra, para a educa\u00e7\u00e3o lingu\u00edstica em nossa regi\u00e3o e em nosso pa\u00eds. Por isso, defendemos a rem\u00eancia de caminhos plurais para a educa\u00e7\u00e3o e para a consecu\u00e7\u00e3o de objetivos educativos que confluem para a realiza\u00e7\u00e3o das mudan\u00e7as conceituais e atitudinais necess\u00e1rias ao enfrentamento e a suplanta\u00e7\u00e3o do sofrimento, da injusti\u00e7a e da vulnerabilidade humanas e para a valoriza\u00e7\u00e3o da criatividade, da justi\u00e7a e da humaniza\u00e7\u00e3o. Texto: Apresenta\u00e7\u00e3o (Organizadoras)<\/p>\n","protected":false},"excerpt":{"rendered":"<h4 class=\"p1\">Entre rupturas e perman\u00eancias<\/h4>\n<p>Acreditamos, como professoras, educadoras e pesquisadoras, em uma educa\u00e7\u00e3o que nos transforma e que transforma nossas vidas nos mais distintos espa\u00e7os sociais, pol\u00edticos, culturais, est\u00e9ticos e humanos de que somos part\u00edcipes e atuantes.<\/p>\n","protected":false},"featured_media":6525,"comment_status":"open","ping_status":"closed","template":"","meta":{"_joinchat":[]},"product_brand":[],"product_cat":[31],"product_tag":[],"class_list":{"0":"post-6751","1":"product","2":"type-product","3":"status-publish","4":"has-post-thumbnail","6":"product_cat-linguistica","7":"product_shipping_class-livro-pontes-editores-fisico","9":"first","10":"instock","11":"shipping-taxable","12":"purchasable","13":"product-type-simple"},"yoast_head":"<!-- This site is optimized with the Yoast SEO plugin v27.4 - https:\/\/yoast.com\/product\/yoast-seo-wordpress\/ -->\n<title>DESAFIOS E PERSPECTIVAS PARA O ENSINO DE ESPANHOL NO BRASIL - Pontes Editores<\/title>\n<meta name=\"robots\" content=\"index, follow, max-snippet:-1, max-image-preview:large, max-video-preview:-1\" \/>\n<link rel=\"canonical\" href=\"https:\/\/ponteseditores.com.br\/loja3\/pontes-editores-home-2__trashed\/linguistica\/desafios-e-perspectivas-para-o-ensino-de-espanhol-no-brasil\/\" \/>\n<meta property=\"og:locale\" content=\"pt_BR\" \/>\n<meta property=\"og:type\" content=\"article\" \/>\n<meta property=\"og:title\" content=\"DESAFIOS E PERSPECTIVAS PARA O ENSINO DE ESPANHOL NO BRASIL - Pontes Editores\" \/>\n<meta property=\"og:description\" content=\"Entre rupturas e perman\u00eancias Acreditamos, como professoras, educadoras e pesquisadoras, em uma educa\u00e7\u00e3o que nos transforma e que transforma nossas vidas nos mais distintos espa\u00e7os sociais, pol\u00edticos, culturais, est\u00e9ticos e humanos de que somos part\u00edcipes e atuantes.\" \/>\n<meta property=\"og:url\" content=\"https:\/\/ponteseditores.com.br\/loja3\/pontes-editores-home-2__trashed\/linguistica\/desafios-e-perspectivas-para-o-ensino-de-espanhol-no-brasil\/\" \/>\n<meta property=\"og:site_name\" content=\"Pontes Editores\" \/>\n<meta property=\"article:modified_time\" content=\"2024-01-10T20:10:46+00:00\" \/>\n<meta property=\"og:image\" content=\"https:\/\/ponteseditores.com.br\/loja3\/wp-content\/uploads\/2023\/12\/desafios-e-perspectivas-para-o-ensino-de-espanhol-no-brasil-capa-.jpg\" \/>\n\t<meta property=\"og:image:width\" content=\"1500\" \/>\n\t<meta property=\"og:image:height\" content=\"2121\" \/>\n\t<meta property=\"og:image:type\" content=\"image\/jpeg\" \/>\n<meta name=\"twitter:card\" content=\"summary_large_image\" \/>\n<meta name=\"twitter:label1\" content=\"Est. tempo de leitura\" \/>\n\t<meta name=\"twitter:data1\" content=\"2 minutos\" \/>\n<script type=\"application\/ld+json\" class=\"yoast-schema-graph\">{\"@context\":\"https:\\\/\\\/schema.org\",\"@graph\":[{\"@type\":\"WebPage\",\"@id\":\"https:\\\/\\\/ponteseditores.com.br\\\/loja3\\\/pontes-editores-home-2__trashed\\\/linguistica\\\/desafios-e-perspectivas-para-o-ensino-de-espanhol-no-brasil\\\/\",\"url\":\"https:\\\/\\\/ponteseditores.com.br\\\/loja3\\\/pontes-editores-home-2__trashed\\\/linguistica\\\/desafios-e-perspectivas-para-o-ensino-de-espanhol-no-brasil\\\/\",\"name\":\"DESAFIOS E PERSPECTIVAS PARA O ENSINO DE ESPANHOL NO BRASIL - Pontes Editores\",\"isPartOf\":{\"@id\":\"https:\\\/\\\/ponteseditores.com.br\\\/loja3\\\/#website\"},\"primaryImageOfPage\":{\"@id\":\"https:\\\/\\\/ponteseditores.com.br\\\/loja3\\\/pontes-editores-home-2__trashed\\\/linguistica\\\/desafios-e-perspectivas-para-o-ensino-de-espanhol-no-brasil\\\/#primaryimage\"},\"image\":{\"@id\":\"https:\\\/\\\/ponteseditores.com.br\\\/loja3\\\/pontes-editores-home-2__trashed\\\/linguistica\\\/desafios-e-perspectivas-para-o-ensino-de-espanhol-no-brasil\\\/#primaryimage\"},\"thumbnailUrl\":\"https:\\\/\\\/ponteseditores.com.br\\\/loja3\\\/wp-content\\\/uploads\\\/2023\\\/12\\\/desafios-e-perspectivas-para-o-ensino-de-espanhol-no-brasil-capa-.jpg\",\"datePublished\":\"2023-12-12T15:29:03+00:00\",\"dateModified\":\"2024-01-10T20:10:46+00:00\",\"breadcrumb\":{\"@id\":\"https:\\\/\\\/ponteseditores.com.br\\\/loja3\\\/pontes-editores-home-2__trashed\\\/linguistica\\\/desafios-e-perspectivas-para-o-ensino-de-espanhol-no-brasil\\\/#breadcrumb\"},\"inLanguage\":\"pt-BR\",\"potentialAction\":[{\"@type\":\"ReadAction\",\"target\":[\"https:\\\/\\\/ponteseditores.com.br\\\/loja3\\\/pontes-editores-home-2__trashed\\\/linguistica\\\/desafios-e-perspectivas-para-o-ensino-de-espanhol-no-brasil\\\/\"]}]},{\"@type\":\"ImageObject\",\"inLanguage\":\"pt-BR\",\"@id\":\"https:\\\/\\\/ponteseditores.com.br\\\/loja3\\\/pontes-editores-home-2__trashed\\\/linguistica\\\/desafios-e-perspectivas-para-o-ensino-de-espanhol-no-brasil\\\/#primaryimage\",\"url\":\"https:\\\/\\\/ponteseditores.com.br\\\/loja3\\\/wp-content\\\/uploads\\\/2023\\\/12\\\/desafios-e-perspectivas-para-o-ensino-de-espanhol-no-brasil-capa-.jpg\",\"contentUrl\":\"https:\\\/\\\/ponteseditores.com.br\\\/loja3\\\/wp-content\\\/uploads\\\/2023\\\/12\\\/desafios-e-perspectivas-para-o-ensino-de-espanhol-no-brasil-capa-.jpg\",\"width\":1500,\"height\":2121},{\"@type\":\"BreadcrumbList\",\"@id\":\"https:\\\/\\\/ponteseditores.com.br\\\/loja3\\\/pontes-editores-home-2__trashed\\\/linguistica\\\/desafios-e-perspectivas-para-o-ensino-de-espanhol-no-brasil\\\/#breadcrumb\",\"itemListElement\":[{\"@type\":\"ListItem\",\"position\":1,\"name\":\"Home\",\"item\":\"https:\\\/\\\/ponteseditores.com.br\\\/loja3\\\/\"},{\"@type\":\"ListItem\",\"position\":2,\"name\":\"loja\",\"item\":\"https:\\\/\\\/ponteseditores.com.br\\\/loja3\\\/loja\\\/\"},{\"@type\":\"ListItem\",\"position\":3,\"name\":\"DESAFIOS E PERSPECTIVAS PARA O ENSINO DE ESPANHOL NO BRASIL\"}]},{\"@type\":\"WebSite\",\"@id\":\"https:\\\/\\\/ponteseditores.com.br\\\/loja3\\\/#website\",\"url\":\"https:\\\/\\\/ponteseditores.com.br\\\/loja3\\\/\",\"name\":\"Pontes Editores\",\"description\":\"Pontes Editores\",\"publisher\":{\"@id\":\"https:\\\/\\\/ponteseditores.com.br\\\/loja3\\\/#organization\"},\"potentialAction\":[{\"@type\":\"SearchAction\",\"target\":{\"@type\":\"EntryPoint\",\"urlTemplate\":\"https:\\\/\\\/ponteseditores.com.br\\\/loja3\\\/?s={search_term_string}\"},\"query-input\":{\"@type\":\"PropertyValueSpecification\",\"valueRequired\":true,\"valueName\":\"search_term_string\"}}],\"inLanguage\":\"pt-BR\"},{\"@type\":\"Organization\",\"@id\":\"https:\\\/\\\/ponteseditores.com.br\\\/loja3\\\/#organization\",\"name\":\"Pontes Editores\",\"url\":\"https:\\\/\\\/ponteseditores.com.br\\\/loja3\\\/\",\"logo\":{\"@type\":\"ImageObject\",\"inLanguage\":\"pt-BR\",\"@id\":\"https:\\\/\\\/ponteseditores.com.br\\\/loja3\\\/#\\\/schema\\\/logo\\\/image\\\/\",\"url\":\"https:\\\/\\\/ponteseditores.com.br\\\/loja3\\\/wp-content\\\/uploads\\\/2023\\\/12\\\/logo-pontes-editores-v2.png\",\"contentUrl\":\"https:\\\/\\\/ponteseditores.com.br\\\/loja3\\\/wp-content\\\/uploads\\\/2023\\\/12\\\/logo-pontes-editores-v2.png\",\"width\":258,\"height\":100,\"caption\":\"Pontes Editores\"},\"image\":{\"@id\":\"https:\\\/\\\/ponteseditores.com.br\\\/loja3\\\/#\\\/schema\\\/logo\\\/image\\\/\"}}]}<\/script>\n<!-- \/ Yoast SEO plugin. -->","yoast_head_json":{"title":"DESAFIOS E PERSPECTIVAS PARA O ENSINO DE ESPANHOL NO BRASIL - Pontes Editores","robots":{"index":"index","follow":"follow","max-snippet":"max-snippet:-1","max-image-preview":"max-image-preview:large","max-video-preview":"max-video-preview:-1"},"canonical":"https:\/\/ponteseditores.com.br\/loja3\/pontes-editores-home-2__trashed\/linguistica\/desafios-e-perspectivas-para-o-ensino-de-espanhol-no-brasil\/","og_locale":"pt_BR","og_type":"article","og_title":"DESAFIOS E PERSPECTIVAS PARA O ENSINO DE ESPANHOL NO BRASIL - Pontes Editores","og_description":"Entre rupturas e perman\u00eancias Acreditamos, como professoras, educadoras e pesquisadoras, em uma educa\u00e7\u00e3o que nos transforma e que transforma nossas vidas nos mais distintos espa\u00e7os sociais, pol\u00edticos, culturais, est\u00e9ticos e humanos de que somos part\u00edcipes e atuantes.","og_url":"https:\/\/ponteseditores.com.br\/loja3\/pontes-editores-home-2__trashed\/linguistica\/desafios-e-perspectivas-para-o-ensino-de-espanhol-no-brasil\/","og_site_name":"Pontes Editores","article_modified_time":"2024-01-10T20:10:46+00:00","og_image":[{"width":1500,"height":2121,"url":"https:\/\/ponteseditores.com.br\/loja3\/wp-content\/uploads\/2023\/12\/desafios-e-perspectivas-para-o-ensino-de-espanhol-no-brasil-capa-.jpg","type":"image\/jpeg"}],"twitter_card":"summary_large_image","twitter_misc":{"Est. tempo de leitura":"2 minutos"},"schema":{"@context":"https:\/\/schema.org","@graph":[{"@type":"WebPage","@id":"https:\/\/ponteseditores.com.br\/loja3\/pontes-editores-home-2__trashed\/linguistica\/desafios-e-perspectivas-para-o-ensino-de-espanhol-no-brasil\/","url":"https:\/\/ponteseditores.com.br\/loja3\/pontes-editores-home-2__trashed\/linguistica\/desafios-e-perspectivas-para-o-ensino-de-espanhol-no-brasil\/","name":"DESAFIOS E PERSPECTIVAS PARA O ENSINO DE ESPANHOL NO BRASIL - Pontes Editores","isPartOf":{"@id":"https:\/\/ponteseditores.com.br\/loja3\/#website"},"primaryImageOfPage":{"@id":"https:\/\/ponteseditores.com.br\/loja3\/pontes-editores-home-2__trashed\/linguistica\/desafios-e-perspectivas-para-o-ensino-de-espanhol-no-brasil\/#primaryimage"},"image":{"@id":"https:\/\/ponteseditores.com.br\/loja3\/pontes-editores-home-2__trashed\/linguistica\/desafios-e-perspectivas-para-o-ensino-de-espanhol-no-brasil\/#primaryimage"},"thumbnailUrl":"https:\/\/ponteseditores.com.br\/loja3\/wp-content\/uploads\/2023\/12\/desafios-e-perspectivas-para-o-ensino-de-espanhol-no-brasil-capa-.jpg","datePublished":"2023-12-12T15:29:03+00:00","dateModified":"2024-01-10T20:10:46+00:00","breadcrumb":{"@id":"https:\/\/ponteseditores.com.br\/loja3\/pontes-editores-home-2__trashed\/linguistica\/desafios-e-perspectivas-para-o-ensino-de-espanhol-no-brasil\/#breadcrumb"},"inLanguage":"pt-BR","potentialAction":[{"@type":"ReadAction","target":["https:\/\/ponteseditores.com.br\/loja3\/pontes-editores-home-2__trashed\/linguistica\/desafios-e-perspectivas-para-o-ensino-de-espanhol-no-brasil\/"]}]},{"@type":"ImageObject","inLanguage":"pt-BR","@id":"https:\/\/ponteseditores.com.br\/loja3\/pontes-editores-home-2__trashed\/linguistica\/desafios-e-perspectivas-para-o-ensino-de-espanhol-no-brasil\/#primaryimage","url":"https:\/\/ponteseditores.com.br\/loja3\/wp-content\/uploads\/2023\/12\/desafios-e-perspectivas-para-o-ensino-de-espanhol-no-brasil-capa-.jpg","contentUrl":"https:\/\/ponteseditores.com.br\/loja3\/wp-content\/uploads\/2023\/12\/desafios-e-perspectivas-para-o-ensino-de-espanhol-no-brasil-capa-.jpg","width":1500,"height":2121},{"@type":"BreadcrumbList","@id":"https:\/\/ponteseditores.com.br\/loja3\/pontes-editores-home-2__trashed\/linguistica\/desafios-e-perspectivas-para-o-ensino-de-espanhol-no-brasil\/#breadcrumb","itemListElement":[{"@type":"ListItem","position":1,"name":"Home","item":"https:\/\/ponteseditores.com.br\/loja3\/"},{"@type":"ListItem","position":2,"name":"loja","item":"https:\/\/ponteseditores.com.br\/loja3\/loja\/"},{"@type":"ListItem","position":3,"name":"DESAFIOS E PERSPECTIVAS PARA O ENSINO DE ESPANHOL NO BRASIL"}]},{"@type":"WebSite","@id":"https:\/\/ponteseditores.com.br\/loja3\/#website","url":"https:\/\/ponteseditores.com.br\/loja3\/","name":"Pontes Editores","description":"Pontes Editores","publisher":{"@id":"https:\/\/ponteseditores.com.br\/loja3\/#organization"},"potentialAction":[{"@type":"SearchAction","target":{"@type":"EntryPoint","urlTemplate":"https:\/\/ponteseditores.com.br\/loja3\/?s={search_term_string}"},"query-input":{"@type":"PropertyValueSpecification","valueRequired":true,"valueName":"search_term_string"}}],"inLanguage":"pt-BR"},{"@type":"Organization","@id":"https:\/\/ponteseditores.com.br\/loja3\/#organization","name":"Pontes Editores","url":"https:\/\/ponteseditores.com.br\/loja3\/","logo":{"@type":"ImageObject","inLanguage":"pt-BR","@id":"https:\/\/ponteseditores.com.br\/loja3\/#\/schema\/logo\/image\/","url":"https:\/\/ponteseditores.com.br\/loja3\/wp-content\/uploads\/2023\/12\/logo-pontes-editores-v2.png","contentUrl":"https:\/\/ponteseditores.com.br\/loja3\/wp-content\/uploads\/2023\/12\/logo-pontes-editores-v2.png","width":258,"height":100,"caption":"Pontes Editores"},"image":{"@id":"https:\/\/ponteseditores.com.br\/loja3\/#\/schema\/logo\/image\/"}}]}},"_links":{"self":[{"href":"https:\/\/ponteseditores.com.br\/loja3\/wp-json\/wp\/v2\/product\/6751","targetHints":{"allow":["GET"]}}],"collection":[{"href":"https:\/\/ponteseditores.com.br\/loja3\/wp-json\/wp\/v2\/product"}],"about":[{"href":"https:\/\/ponteseditores.com.br\/loja3\/wp-json\/wp\/v2\/types\/product"}],"replies":[{"embeddable":true,"href":"https:\/\/ponteseditores.com.br\/loja3\/wp-json\/wp\/v2\/comments?post=6751"}],"version-history":[{"count":0,"href":"https:\/\/ponteseditores.com.br\/loja3\/wp-json\/wp\/v2\/product\/6751\/revisions"}],"wp:featuredmedia":[{"embeddable":true,"href":"https:\/\/ponteseditores.com.br\/loja3\/wp-json\/wp\/v2\/media\/6525"}],"wp:attachment":[{"href":"https:\/\/ponteseditores.com.br\/loja3\/wp-json\/wp\/v2\/media?parent=6751"}],"wp:term":[{"taxonomy":"product_brand","embeddable":true,"href":"https:\/\/ponteseditores.com.br\/loja3\/wp-json\/wp\/v2\/product_brand?post=6751"},{"taxonomy":"product_cat","embeddable":true,"href":"https:\/\/ponteseditores.com.br\/loja3\/wp-json\/wp\/v2\/product_cat?post=6751"},{"taxonomy":"product_tag","embeddable":true,"href":"https:\/\/ponteseditores.com.br\/loja3\/wp-json\/wp\/v2\/product_tag?post=6751"}],"curies":[{"name":"wp","href":"https:\/\/api.w.org\/{rel}","templated":true}]}}