{"id":6750,"date":"2023-12-12T12:25:06","date_gmt":"2023-12-12T15:25:06","guid":{"rendered":"https:\/\/ponteseditores.com.br\/loja3\/?post_type=product&#038;p=6750"},"modified":"2024-01-12T16:01:55","modified_gmt":"2024-01-12T19:01:55","slug":"descricao-morfossintatica-da-lingua-shanenawa-pano","status":"publish","type":"product","link":"https:\/\/ponteseditores.com.br\/loja3\/pontes-editores-home-2__trashed\/linguistica\/descricao-morfossintatica-da-lingua-shanenawa-pano\/","title":{"rendered":"DESCRI\u00c7\u00c3O MORFOSSINT\u00c1TICA DA L\u00cdNGUA SHANENAWA (PANO)"},"content":{"rendered":"<p class=\"p1\">Esta obra apresenta o primeiro estudo descritivo realizado sobre a l\u00edngua ind\u00edgena Shanenawa, pertencente \u00e0 fam\u00edlia Pano, a qual \u00e9 falada pelo povo de mesma denomina\u00e7\u00e3o.<\/p>\n<p class=\"p1\">Na atualidade, estima-se que a popula\u00e7\u00e3o Shanenawa passa dos 1.100 habitantes de 11 aldeias localizadas na Terra Ind\u00edgena Katukina\/Kaxinawa, localizada \u00e0s margens do rio Envira, na bacia do rio Juru\u00e1, no munic\u00edpio de Feij\u00f3, no Estado do Acre, Brasil.<\/p>\n<p class=\"p1\">A l\u00edngua Shanenawa \u00e9 falada, sobretudo, pelos mais velhos, mas pol\u00edticas lingu\u00edsticas est\u00e3o em vigor de modo a fortalecer seu uso efetivo, especialmente, pelas crian\u00e7as no ambiente escolar e em casa. Para tanto, j\u00e1 conta com materiais did\u00e1ticos, sendo os \u00faltimos produzidos pelos pr\u00f3prios falantes. Estruturada em quatro partes, esta publica\u00e7\u00e3o, primeiramente, apresentar\u00e1 um breve hist\u00f3rico do povo Shanenawa e a classifica\u00e7\u00e3o de sua l\u00edngua dentro da literatura espec\u00edfica, al\u00e9m da descri\u00e7\u00e3o da metodologia aplicada na pesquisa Lingu\u00edstica realizada na d\u00e9cada de 1990 e de 2000, com atualiza\u00e7\u00f5es de an\u00e1lises realizadas posteriormente pela autora. Nos tr\u00eas cap\u00edtulos seguintes, s\u00e3o abordados aspectos fonol\u00f3gicos, morfol\u00f3gicos e sint\u00e1ticos da l\u00edngua Shanenawa. Em rela\u00e7\u00e3o ao n\u00edvel fonol\u00f3gico, s\u00e3o destacados os quadros fon\u00e9tico e fonol\u00f3gico da l\u00edngua e dois temas espec\u00edficos: o acento e a nasaliza\u00e7\u00e3o.<\/p>\n<p class=\"p1\">Os n\u00edveis morfol\u00f3gicos e sint\u00e1ticos s\u00e3o abordados conjuntamente nos dois \u00faltimos cap\u00edtulos intitulados Morfossintaxe I e Morfossintaxe II. No primeiro, \u00e9 feita a descri\u00e7\u00e3o das classes de palavras (ou partes do discurso), bem como da estrutura morfol\u00f3gica das palavras da l\u00edngua. No segundo, focalizam-se as estruturas de senten\u00e7as simples e complexas e ainda alguns aspectos sint\u00e1ticos, como a marca\u00e7\u00e3o de caso, o sistema de refer\u00eancia alternada (switch-reference) e outros tipos de sistema de refer\u00eancia entre senten\u00e7as. Espera-se com essa obra estimular o leitor a, por meio dessa obra, conhecer mais sobre a estrutura da l\u00edngua Shanenawa, assim como outros aspectos relativos aos seus falantes.<\/p>\n","protected":false},"excerpt":{"rendered":"<p>Esta obra apresenta o primeiro estudo descritivo realizado sobre a l\u00edngua ind\u00edgena Shanenawa, pertencente \u00e0 fam\u00edlia Pano, a qual \u00e9 falada pelo povo de mesma denomina\u00e7\u00e3o.<\/p>\n","protected":false},"featured_media":6673,"comment_status":"open","ping_status":"closed","template":"","meta":{"_joinchat":[]},"product_brand":[],"product_cat":[756,31,331],"product_tag":[],"class_list":{"0":"post-6750","1":"product","2":"type-product","3":"status-publish","4":"has-post-thumbnail","6":"product_cat-lexicologia","7":"product_cat-linguistica","8":"product_cat-semantica","9":"product_shipping_class-livro-pontes-editores-fisico","11":"first","12":"instock","13":"shipping-taxable","14":"purchasable","15":"product-type-simple"},"yoast_head":"<!-- This site is optimized with the Yoast SEO plugin v27.4 - https:\/\/yoast.com\/product\/yoast-seo-wordpress\/ -->\n<title>DESCRI\u00c7\u00c3O MORFOSSINT\u00c1TICA DA L\u00cdNGUA SHANENAWA (PANO) - Pontes Editores<\/title>\n<meta name=\"robots\" content=\"index, follow, max-snippet:-1, max-image-preview:large, max-video-preview:-1\" \/>\n<link rel=\"canonical\" href=\"https:\/\/ponteseditores.com.br\/loja3\/pontes-editores-home-2__trashed\/linguistica\/descricao-morfossintatica-da-lingua-shanenawa-pano\/\" \/>\n<meta property=\"og:locale\" content=\"pt_BR\" \/>\n<meta property=\"og:type\" content=\"article\" \/>\n<meta property=\"og:title\" content=\"DESCRI\u00c7\u00c3O MORFOSSINT\u00c1TICA DA L\u00cdNGUA SHANENAWA (PANO) - Pontes Editores\" \/>\n<meta property=\"og:description\" content=\"Esta obra apresenta o primeiro estudo descritivo realizado sobre a l\u00edngua ind\u00edgena Shanenawa, pertencente \u00e0 fam\u00edlia Pano, a qual \u00e9 falada pelo povo de mesma denomina\u00e7\u00e3o.\" \/>\n<meta property=\"og:url\" content=\"https:\/\/ponteseditores.com.br\/loja3\/pontes-editores-home-2__trashed\/linguistica\/descricao-morfossintatica-da-lingua-shanenawa-pano\/\" \/>\n<meta property=\"og:site_name\" content=\"Pontes Editores\" \/>\n<meta property=\"article:modified_time\" content=\"2024-01-12T19:01:55+00:00\" \/>\n<meta property=\"og:image\" content=\"https:\/\/ponteseditores.com.br\/loja3\/wp-content\/uploads\/2023\/12\/descricao-morfossintatica-da-lingua-shanenawa-pano-capa-1-1.jpg\" \/>\n\t<meta property=\"og:image:width\" content=\"1728\" \/>\n\t<meta property=\"og:image:height\" content=\"2443\" \/>\n\t<meta property=\"og:image:type\" content=\"image\/jpeg\" \/>\n<meta name=\"twitter:card\" content=\"summary_large_image\" \/>\n<meta name=\"twitter:label1\" content=\"Est. tempo de leitura\" \/>\n\t<meta name=\"twitter:data1\" content=\"2 minutos\" \/>\n<script type=\"application\/ld+json\" class=\"yoast-schema-graph\">{\"@context\":\"https:\\\/\\\/schema.org\",\"@graph\":[{\"@type\":\"WebPage\",\"@id\":\"https:\\\/\\\/ponteseditores.com.br\\\/loja3\\\/pontes-editores-home-2__trashed\\\/linguistica\\\/descricao-morfossintatica-da-lingua-shanenawa-pano\\\/\",\"url\":\"https:\\\/\\\/ponteseditores.com.br\\\/loja3\\\/pontes-editores-home-2__trashed\\\/linguistica\\\/descricao-morfossintatica-da-lingua-shanenawa-pano\\\/\",\"name\":\"DESCRI\u00c7\u00c3O MORFOSSINT\u00c1TICA DA L\u00cdNGUA SHANENAWA (PANO) - Pontes Editores\",\"isPartOf\":{\"@id\":\"https:\\\/\\\/ponteseditores.com.br\\\/loja3\\\/#website\"},\"primaryImageOfPage\":{\"@id\":\"https:\\\/\\\/ponteseditores.com.br\\\/loja3\\\/pontes-editores-home-2__trashed\\\/linguistica\\\/descricao-morfossintatica-da-lingua-shanenawa-pano\\\/#primaryimage\"},\"image\":{\"@id\":\"https:\\\/\\\/ponteseditores.com.br\\\/loja3\\\/pontes-editores-home-2__trashed\\\/linguistica\\\/descricao-morfossintatica-da-lingua-shanenawa-pano\\\/#primaryimage\"},\"thumbnailUrl\":\"https:\\\/\\\/ponteseditores.com.br\\\/loja3\\\/wp-content\\\/uploads\\\/2023\\\/12\\\/descricao-morfossintatica-da-lingua-shanenawa-pano-capa-1-1.jpg\",\"datePublished\":\"2023-12-12T15:25:06+00:00\",\"dateModified\":\"2024-01-12T19:01:55+00:00\",\"breadcrumb\":{\"@id\":\"https:\\\/\\\/ponteseditores.com.br\\\/loja3\\\/pontes-editores-home-2__trashed\\\/linguistica\\\/descricao-morfossintatica-da-lingua-shanenawa-pano\\\/#breadcrumb\"},\"inLanguage\":\"pt-BR\",\"potentialAction\":[{\"@type\":\"ReadAction\",\"target\":[\"https:\\\/\\\/ponteseditores.com.br\\\/loja3\\\/pontes-editores-home-2__trashed\\\/linguistica\\\/descricao-morfossintatica-da-lingua-shanenawa-pano\\\/\"]}]},{\"@type\":\"ImageObject\",\"inLanguage\":\"pt-BR\",\"@id\":\"https:\\\/\\\/ponteseditores.com.br\\\/loja3\\\/pontes-editores-home-2__trashed\\\/linguistica\\\/descricao-morfossintatica-da-lingua-shanenawa-pano\\\/#primaryimage\",\"url\":\"https:\\\/\\\/ponteseditores.com.br\\\/loja3\\\/wp-content\\\/uploads\\\/2023\\\/12\\\/descricao-morfossintatica-da-lingua-shanenawa-pano-capa-1-1.jpg\",\"contentUrl\":\"https:\\\/\\\/ponteseditores.com.br\\\/loja3\\\/wp-content\\\/uploads\\\/2023\\\/12\\\/descricao-morfossintatica-da-lingua-shanenawa-pano-capa-1-1.jpg\",\"width\":1728,\"height\":2443},{\"@type\":\"BreadcrumbList\",\"@id\":\"https:\\\/\\\/ponteseditores.com.br\\\/loja3\\\/pontes-editores-home-2__trashed\\\/linguistica\\\/descricao-morfossintatica-da-lingua-shanenawa-pano\\\/#breadcrumb\",\"itemListElement\":[{\"@type\":\"ListItem\",\"position\":1,\"name\":\"Home\",\"item\":\"https:\\\/\\\/ponteseditores.com.br\\\/loja3\\\/\"},{\"@type\":\"ListItem\",\"position\":2,\"name\":\"loja\",\"item\":\"https:\\\/\\\/ponteseditores.com.br\\\/loja3\\\/loja\\\/\"},{\"@type\":\"ListItem\",\"position\":3,\"name\":\"DESCRI\u00c7\u00c3O MORFOSSINT\u00c1TICA DA L\u00cdNGUA SHANENAWA (PANO)\"}]},{\"@type\":\"WebSite\",\"@id\":\"https:\\\/\\\/ponteseditores.com.br\\\/loja3\\\/#website\",\"url\":\"https:\\\/\\\/ponteseditores.com.br\\\/loja3\\\/\",\"name\":\"Pontes Editores\",\"description\":\"Pontes Editores\",\"publisher\":{\"@id\":\"https:\\\/\\\/ponteseditores.com.br\\\/loja3\\\/#organization\"},\"potentialAction\":[{\"@type\":\"SearchAction\",\"target\":{\"@type\":\"EntryPoint\",\"urlTemplate\":\"https:\\\/\\\/ponteseditores.com.br\\\/loja3\\\/?s={search_term_string}\"},\"query-input\":{\"@type\":\"PropertyValueSpecification\",\"valueRequired\":true,\"valueName\":\"search_term_string\"}}],\"inLanguage\":\"pt-BR\"},{\"@type\":\"Organization\",\"@id\":\"https:\\\/\\\/ponteseditores.com.br\\\/loja3\\\/#organization\",\"name\":\"Pontes Editores\",\"url\":\"https:\\\/\\\/ponteseditores.com.br\\\/loja3\\\/\",\"logo\":{\"@type\":\"ImageObject\",\"inLanguage\":\"pt-BR\",\"@id\":\"https:\\\/\\\/ponteseditores.com.br\\\/loja3\\\/#\\\/schema\\\/logo\\\/image\\\/\",\"url\":\"https:\\\/\\\/ponteseditores.com.br\\\/loja3\\\/wp-content\\\/uploads\\\/2023\\\/12\\\/logo-pontes-editores-v2.png\",\"contentUrl\":\"https:\\\/\\\/ponteseditores.com.br\\\/loja3\\\/wp-content\\\/uploads\\\/2023\\\/12\\\/logo-pontes-editores-v2.png\",\"width\":258,\"height\":100,\"caption\":\"Pontes Editores\"},\"image\":{\"@id\":\"https:\\\/\\\/ponteseditores.com.br\\\/loja3\\\/#\\\/schema\\\/logo\\\/image\\\/\"}}]}<\/script>\n<!-- \/ Yoast SEO plugin. -->","yoast_head_json":{"title":"DESCRI\u00c7\u00c3O MORFOSSINT\u00c1TICA DA L\u00cdNGUA SHANENAWA (PANO) - Pontes Editores","robots":{"index":"index","follow":"follow","max-snippet":"max-snippet:-1","max-image-preview":"max-image-preview:large","max-video-preview":"max-video-preview:-1"},"canonical":"https:\/\/ponteseditores.com.br\/loja3\/pontes-editores-home-2__trashed\/linguistica\/descricao-morfossintatica-da-lingua-shanenawa-pano\/","og_locale":"pt_BR","og_type":"article","og_title":"DESCRI\u00c7\u00c3O MORFOSSINT\u00c1TICA DA L\u00cdNGUA SHANENAWA (PANO) - Pontes Editores","og_description":"Esta obra apresenta o primeiro estudo descritivo realizado sobre a l\u00edngua ind\u00edgena Shanenawa, pertencente \u00e0 fam\u00edlia Pano, a qual \u00e9 falada pelo povo de mesma denomina\u00e7\u00e3o.","og_url":"https:\/\/ponteseditores.com.br\/loja3\/pontes-editores-home-2__trashed\/linguistica\/descricao-morfossintatica-da-lingua-shanenawa-pano\/","og_site_name":"Pontes Editores","article_modified_time":"2024-01-12T19:01:55+00:00","og_image":[{"width":1728,"height":2443,"url":"https:\/\/ponteseditores.com.br\/loja3\/wp-content\/uploads\/2023\/12\/descricao-morfossintatica-da-lingua-shanenawa-pano-capa-1-1.jpg","type":"image\/jpeg"}],"twitter_card":"summary_large_image","twitter_misc":{"Est. tempo de leitura":"2 minutos"},"schema":{"@context":"https:\/\/schema.org","@graph":[{"@type":"WebPage","@id":"https:\/\/ponteseditores.com.br\/loja3\/pontes-editores-home-2__trashed\/linguistica\/descricao-morfossintatica-da-lingua-shanenawa-pano\/","url":"https:\/\/ponteseditores.com.br\/loja3\/pontes-editores-home-2__trashed\/linguistica\/descricao-morfossintatica-da-lingua-shanenawa-pano\/","name":"DESCRI\u00c7\u00c3O MORFOSSINT\u00c1TICA DA L\u00cdNGUA SHANENAWA (PANO) - Pontes Editores","isPartOf":{"@id":"https:\/\/ponteseditores.com.br\/loja3\/#website"},"primaryImageOfPage":{"@id":"https:\/\/ponteseditores.com.br\/loja3\/pontes-editores-home-2__trashed\/linguistica\/descricao-morfossintatica-da-lingua-shanenawa-pano\/#primaryimage"},"image":{"@id":"https:\/\/ponteseditores.com.br\/loja3\/pontes-editores-home-2__trashed\/linguistica\/descricao-morfossintatica-da-lingua-shanenawa-pano\/#primaryimage"},"thumbnailUrl":"https:\/\/ponteseditores.com.br\/loja3\/wp-content\/uploads\/2023\/12\/descricao-morfossintatica-da-lingua-shanenawa-pano-capa-1-1.jpg","datePublished":"2023-12-12T15:25:06+00:00","dateModified":"2024-01-12T19:01:55+00:00","breadcrumb":{"@id":"https:\/\/ponteseditores.com.br\/loja3\/pontes-editores-home-2__trashed\/linguistica\/descricao-morfossintatica-da-lingua-shanenawa-pano\/#breadcrumb"},"inLanguage":"pt-BR","potentialAction":[{"@type":"ReadAction","target":["https:\/\/ponteseditores.com.br\/loja3\/pontes-editores-home-2__trashed\/linguistica\/descricao-morfossintatica-da-lingua-shanenawa-pano\/"]}]},{"@type":"ImageObject","inLanguage":"pt-BR","@id":"https:\/\/ponteseditores.com.br\/loja3\/pontes-editores-home-2__trashed\/linguistica\/descricao-morfossintatica-da-lingua-shanenawa-pano\/#primaryimage","url":"https:\/\/ponteseditores.com.br\/loja3\/wp-content\/uploads\/2023\/12\/descricao-morfossintatica-da-lingua-shanenawa-pano-capa-1-1.jpg","contentUrl":"https:\/\/ponteseditores.com.br\/loja3\/wp-content\/uploads\/2023\/12\/descricao-morfossintatica-da-lingua-shanenawa-pano-capa-1-1.jpg","width":1728,"height":2443},{"@type":"BreadcrumbList","@id":"https:\/\/ponteseditores.com.br\/loja3\/pontes-editores-home-2__trashed\/linguistica\/descricao-morfossintatica-da-lingua-shanenawa-pano\/#breadcrumb","itemListElement":[{"@type":"ListItem","position":1,"name":"Home","item":"https:\/\/ponteseditores.com.br\/loja3\/"},{"@type":"ListItem","position":2,"name":"loja","item":"https:\/\/ponteseditores.com.br\/loja3\/loja\/"},{"@type":"ListItem","position":3,"name":"DESCRI\u00c7\u00c3O MORFOSSINT\u00c1TICA DA L\u00cdNGUA SHANENAWA (PANO)"}]},{"@type":"WebSite","@id":"https:\/\/ponteseditores.com.br\/loja3\/#website","url":"https:\/\/ponteseditores.com.br\/loja3\/","name":"Pontes Editores","description":"Pontes Editores","publisher":{"@id":"https:\/\/ponteseditores.com.br\/loja3\/#organization"},"potentialAction":[{"@type":"SearchAction","target":{"@type":"EntryPoint","urlTemplate":"https:\/\/ponteseditores.com.br\/loja3\/?s={search_term_string}"},"query-input":{"@type":"PropertyValueSpecification","valueRequired":true,"valueName":"search_term_string"}}],"inLanguage":"pt-BR"},{"@type":"Organization","@id":"https:\/\/ponteseditores.com.br\/loja3\/#organization","name":"Pontes Editores","url":"https:\/\/ponteseditores.com.br\/loja3\/","logo":{"@type":"ImageObject","inLanguage":"pt-BR","@id":"https:\/\/ponteseditores.com.br\/loja3\/#\/schema\/logo\/image\/","url":"https:\/\/ponteseditores.com.br\/loja3\/wp-content\/uploads\/2023\/12\/logo-pontes-editores-v2.png","contentUrl":"https:\/\/ponteseditores.com.br\/loja3\/wp-content\/uploads\/2023\/12\/logo-pontes-editores-v2.png","width":258,"height":100,"caption":"Pontes Editores"},"image":{"@id":"https:\/\/ponteseditores.com.br\/loja3\/#\/schema\/logo\/image\/"}}]}},"_links":{"self":[{"href":"https:\/\/ponteseditores.com.br\/loja3\/wp-json\/wp\/v2\/product\/6750","targetHints":{"allow":["GET"]}}],"collection":[{"href":"https:\/\/ponteseditores.com.br\/loja3\/wp-json\/wp\/v2\/product"}],"about":[{"href":"https:\/\/ponteseditores.com.br\/loja3\/wp-json\/wp\/v2\/types\/product"}],"replies":[{"embeddable":true,"href":"https:\/\/ponteseditores.com.br\/loja3\/wp-json\/wp\/v2\/comments?post=6750"}],"version-history":[{"count":0,"href":"https:\/\/ponteseditores.com.br\/loja3\/wp-json\/wp\/v2\/product\/6750\/revisions"}],"wp:featuredmedia":[{"embeddable":true,"href":"https:\/\/ponteseditores.com.br\/loja3\/wp-json\/wp\/v2\/media\/6673"}],"wp:attachment":[{"href":"https:\/\/ponteseditores.com.br\/loja3\/wp-json\/wp\/v2\/media?parent=6750"}],"wp:term":[{"taxonomy":"product_brand","embeddable":true,"href":"https:\/\/ponteseditores.com.br\/loja3\/wp-json\/wp\/v2\/product_brand?post=6750"},{"taxonomy":"product_cat","embeddable":true,"href":"https:\/\/ponteseditores.com.br\/loja3\/wp-json\/wp\/v2\/product_cat?post=6750"},{"taxonomy":"product_tag","embeddable":true,"href":"https:\/\/ponteseditores.com.br\/loja3\/wp-json\/wp\/v2\/product_tag?post=6750"}],"curies":[{"name":"wp","href":"https:\/\/api.w.org\/{rel}","templated":true}]}}