{"id":6740,"date":"2023-12-12T11:51:23","date_gmt":"2023-12-12T14:51:23","guid":{"rendered":"https:\/\/ponteseditores.com.br\/loja3\/?post_type=product&#038;p=6740"},"modified":"2024-01-10T17:16:31","modified_gmt":"2024-01-10T20:16:31","slug":"interacoes-polemicas-e-violencia-verbal-em-temas-sociais-sensiveis","status":"publish","type":"product","link":"https:\/\/ponteseditores.com.br\/loja3\/pontes-editores-home-2__trashed\/uncategorized\/interacoes-polemicas-e-violencia-verbal-em-temas-sociais-sensiveis\/","title":{"rendered":"INTERA\u00c7\u00d5ES POL\u00caMICAS E VIOL\u00caNCIA VERBAL EM TEMAS SOCIAIS SENS\u00cdVEIS"},"content":{"rendered":"<p class=\"p1\">Este livro trata de temas bastante sens\u00edveis para a sociedade. Um tema social sens\u00edvel \u00e9 uma quest\u00e3o de interesse p\u00fablico que se caracteriza por um grande potencial pol\u00eamico. Sua discuss\u00e3o coloca em cena cren\u00e7as cristalizadas e valores diversos, sensivelmente hierarquizados pelas comunidades.<\/p>\n<p class=\"p1\">O tema social sens\u00edvel \u00e9 um indutor da pol\u00eamica p\u00fablica. Tais temas colocam em cena uma subjetividade afetiva, circunscrevendo zonas do pathos social. Em geral, pensamos a racionalidade dentro de uma perspectiva demonstrativa, l\u00f3gica, impessoal, de an\u00e1lise do mundo, do contexto, das conjunturas, dos objetos. Pensar uma racionalidade do sens\u00edvel permite-nos delimitar o conceito de tema social sens\u00edvel para rela\u00e7\u00f5es que um sujeito \u2013 ou uma comunidade \u2013 mant\u00e9m com os objetos sociais no \u00e2mbito emp\u00e1tico-afetivo e axiol\u00f3gico.<\/p>\n<p class=\"p1\">A racionalidade n\u00e3o \u00e9 uma exclusividade dos processos mentais l\u00f3gicos. Os seres humanos s\u00e3o movidos por desejos, emo\u00e7\u00f5es e puls\u00f5es que orientam mais suas decis\u00f5es do que c\u00e1lculos racionais e l\u00f3gicos.<\/p>\n<p class=\"p1\">Temas como aborto, homofobia, imigra\u00e7\u00e3o, desigualdades sociais, pandemia de Covid-19, holocausto, ditadura militar, tortura pol\u00edtica, extrema-direita, trag\u00e9dias ambientais e humanit\u00e1rias, racismo, corrup\u00e7\u00e3o, religi\u00e3o e opress\u00e3o, e mesmo o ensino de portugu\u00eas s\u00e3o alguns dos temas tratados neste livro e que suscitam debates intensos, polariza\u00e7\u00f5es, afetos, subjetividades e viol\u00eancia verbal. Discuti-los e n\u00e3o silenci\u00e1-los \u00e9 fundamental para a democracia, pois democracia n\u00e3o \u00e9 o regime do consenso, mas do dissenso e do debate.<\/p>\n","protected":false},"excerpt":{"rendered":"<p>Este livro trata de temas bastante sens\u00edveis para a sociedade. Um tema social sens\u00edvel \u00e9 uma quest\u00e3o de interesse p\u00fablico que se caracteriza por um grande potencial pol\u00eamico. Sua discuss\u00e3o coloca em cena cren\u00e7as cristalizadas e valores diversos, sensivelmente hierarquizados pelas comunidades.<\/p>\n","protected":false},"featured_media":6681,"comment_status":"open","ping_status":"closed","template":"","meta":{"_joinchat":[]},"product_brand":[],"product_cat":[15],"product_tag":[],"class_list":{"0":"post-6740","1":"product","2":"type-product","3":"status-publish","4":"has-post-thumbnail","6":"product_cat-uncategorized","7":"product_shipping_class-livro-pontes-editores-fisico","9":"first","10":"instock","11":"shipping-taxable","12":"purchasable","13":"product-type-simple"},"yoast_head":"<!-- This site is optimized with the Yoast SEO plugin v27.4 - https:\/\/yoast.com\/product\/yoast-seo-wordpress\/ -->\n<title>INTERA\u00c7\u00d5ES POL\u00caMICAS E VIOL\u00caNCIA VERBAL EM TEMAS SOCIAIS SENS\u00cdVEIS - Pontes Editores<\/title>\n<meta name=\"robots\" content=\"index, follow, max-snippet:-1, max-image-preview:large, max-video-preview:-1\" \/>\n<link rel=\"canonical\" href=\"https:\/\/ponteseditores.com.br\/loja3\/pontes-editores-home-2__trashed\/uncategorized\/interacoes-polemicas-e-violencia-verbal-em-temas-sociais-sensiveis\/\" \/>\n<meta property=\"og:locale\" content=\"pt_BR\" \/>\n<meta property=\"og:type\" content=\"article\" \/>\n<meta property=\"og:title\" content=\"INTERA\u00c7\u00d5ES POL\u00caMICAS E VIOL\u00caNCIA VERBAL EM TEMAS SOCIAIS SENS\u00cdVEIS - Pontes Editores\" \/>\n<meta property=\"og:description\" content=\"Este livro trata de temas bastante sens\u00edveis para a sociedade. Um tema social sens\u00edvel \u00e9 uma quest\u00e3o de interesse p\u00fablico que se caracteriza por um grande potencial pol\u00eamico. Sua discuss\u00e3o coloca em cena cren\u00e7as cristalizadas e valores diversos, sensivelmente hierarquizados pelas comunidades.\" \/>\n<meta property=\"og:url\" content=\"https:\/\/ponteseditores.com.br\/loja3\/pontes-editores-home-2__trashed\/uncategorized\/interacoes-polemicas-e-violencia-verbal-em-temas-sociais-sensiveis\/\" \/>\n<meta property=\"og:site_name\" content=\"Pontes Editores\" \/>\n<meta property=\"article:modified_time\" content=\"2024-01-10T20:16:31+00:00\" \/>\n<meta property=\"og:image\" content=\"https:\/\/ponteseditores.com.br\/loja3\/wp-content\/uploads\/2023\/12\/interacoes-polemicas-e-violencia-verbal-em-temas-sociais-sensiveis-capa.jpg\" \/>\n\t<meta property=\"og:image:width\" content=\"1728\" \/>\n\t<meta property=\"og:image:height\" content=\"2443\" \/>\n\t<meta property=\"og:image:type\" content=\"image\/jpeg\" \/>\n<meta name=\"twitter:card\" content=\"summary_large_image\" \/>\n<meta name=\"twitter:label1\" content=\"Est. tempo de leitura\" \/>\n\t<meta name=\"twitter:data1\" content=\"2 minutos\" \/>\n<script type=\"application\/ld+json\" class=\"yoast-schema-graph\">{\"@context\":\"https:\\\/\\\/schema.org\",\"@graph\":[{\"@type\":\"WebPage\",\"@id\":\"https:\\\/\\\/ponteseditores.com.br\\\/loja3\\\/pontes-editores-home-2__trashed\\\/uncategorized\\\/interacoes-polemicas-e-violencia-verbal-em-temas-sociais-sensiveis\\\/\",\"url\":\"https:\\\/\\\/ponteseditores.com.br\\\/loja3\\\/pontes-editores-home-2__trashed\\\/uncategorized\\\/interacoes-polemicas-e-violencia-verbal-em-temas-sociais-sensiveis\\\/\",\"name\":\"INTERA\u00c7\u00d5ES POL\u00caMICAS E VIOL\u00caNCIA VERBAL EM TEMAS SOCIAIS SENS\u00cdVEIS - Pontes Editores\",\"isPartOf\":{\"@id\":\"https:\\\/\\\/ponteseditores.com.br\\\/loja3\\\/#website\"},\"primaryImageOfPage\":{\"@id\":\"https:\\\/\\\/ponteseditores.com.br\\\/loja3\\\/pontes-editores-home-2__trashed\\\/uncategorized\\\/interacoes-polemicas-e-violencia-verbal-em-temas-sociais-sensiveis\\\/#primaryimage\"},\"image\":{\"@id\":\"https:\\\/\\\/ponteseditores.com.br\\\/loja3\\\/pontes-editores-home-2__trashed\\\/uncategorized\\\/interacoes-polemicas-e-violencia-verbal-em-temas-sociais-sensiveis\\\/#primaryimage\"},\"thumbnailUrl\":\"https:\\\/\\\/ponteseditores.com.br\\\/loja3\\\/wp-content\\\/uploads\\\/2023\\\/12\\\/interacoes-polemicas-e-violencia-verbal-em-temas-sociais-sensiveis-capa.jpg\",\"datePublished\":\"2023-12-12T14:51:23+00:00\",\"dateModified\":\"2024-01-10T20:16:31+00:00\",\"breadcrumb\":{\"@id\":\"https:\\\/\\\/ponteseditores.com.br\\\/loja3\\\/pontes-editores-home-2__trashed\\\/uncategorized\\\/interacoes-polemicas-e-violencia-verbal-em-temas-sociais-sensiveis\\\/#breadcrumb\"},\"inLanguage\":\"pt-BR\",\"potentialAction\":[{\"@type\":\"ReadAction\",\"target\":[\"https:\\\/\\\/ponteseditores.com.br\\\/loja3\\\/pontes-editores-home-2__trashed\\\/uncategorized\\\/interacoes-polemicas-e-violencia-verbal-em-temas-sociais-sensiveis\\\/\"]}]},{\"@type\":\"ImageObject\",\"inLanguage\":\"pt-BR\",\"@id\":\"https:\\\/\\\/ponteseditores.com.br\\\/loja3\\\/pontes-editores-home-2__trashed\\\/uncategorized\\\/interacoes-polemicas-e-violencia-verbal-em-temas-sociais-sensiveis\\\/#primaryimage\",\"url\":\"https:\\\/\\\/ponteseditores.com.br\\\/loja3\\\/wp-content\\\/uploads\\\/2023\\\/12\\\/interacoes-polemicas-e-violencia-verbal-em-temas-sociais-sensiveis-capa.jpg\",\"contentUrl\":\"https:\\\/\\\/ponteseditores.com.br\\\/loja3\\\/wp-content\\\/uploads\\\/2023\\\/12\\\/interacoes-polemicas-e-violencia-verbal-em-temas-sociais-sensiveis-capa.jpg\",\"width\":1728,\"height\":2443},{\"@type\":\"BreadcrumbList\",\"@id\":\"https:\\\/\\\/ponteseditores.com.br\\\/loja3\\\/pontes-editores-home-2__trashed\\\/uncategorized\\\/interacoes-polemicas-e-violencia-verbal-em-temas-sociais-sensiveis\\\/#breadcrumb\",\"itemListElement\":[{\"@type\":\"ListItem\",\"position\":1,\"name\":\"Home\",\"item\":\"https:\\\/\\\/ponteseditores.com.br\\\/loja3\\\/\"},{\"@type\":\"ListItem\",\"position\":2,\"name\":\"loja\",\"item\":\"https:\\\/\\\/ponteseditores.com.br\\\/loja3\\\/loja\\\/\"},{\"@type\":\"ListItem\",\"position\":3,\"name\":\"INTERA\u00c7\u00d5ES POL\u00caMICAS E VIOL\u00caNCIA VERBAL EM TEMAS SOCIAIS SENS\u00cdVEIS\"}]},{\"@type\":\"WebSite\",\"@id\":\"https:\\\/\\\/ponteseditores.com.br\\\/loja3\\\/#website\",\"url\":\"https:\\\/\\\/ponteseditores.com.br\\\/loja3\\\/\",\"name\":\"Pontes Editores\",\"description\":\"Pontes Editores\",\"publisher\":{\"@id\":\"https:\\\/\\\/ponteseditores.com.br\\\/loja3\\\/#organization\"},\"potentialAction\":[{\"@type\":\"SearchAction\",\"target\":{\"@type\":\"EntryPoint\",\"urlTemplate\":\"https:\\\/\\\/ponteseditores.com.br\\\/loja3\\\/?s={search_term_string}\"},\"query-input\":{\"@type\":\"PropertyValueSpecification\",\"valueRequired\":true,\"valueName\":\"search_term_string\"}}],\"inLanguage\":\"pt-BR\"},{\"@type\":\"Organization\",\"@id\":\"https:\\\/\\\/ponteseditores.com.br\\\/loja3\\\/#organization\",\"name\":\"Pontes Editores\",\"url\":\"https:\\\/\\\/ponteseditores.com.br\\\/loja3\\\/\",\"logo\":{\"@type\":\"ImageObject\",\"inLanguage\":\"pt-BR\",\"@id\":\"https:\\\/\\\/ponteseditores.com.br\\\/loja3\\\/#\\\/schema\\\/logo\\\/image\\\/\",\"url\":\"https:\\\/\\\/ponteseditores.com.br\\\/loja3\\\/wp-content\\\/uploads\\\/2023\\\/12\\\/logo-pontes-editores-v2.png\",\"contentUrl\":\"https:\\\/\\\/ponteseditores.com.br\\\/loja3\\\/wp-content\\\/uploads\\\/2023\\\/12\\\/logo-pontes-editores-v2.png\",\"width\":258,\"height\":100,\"caption\":\"Pontes Editores\"},\"image\":{\"@id\":\"https:\\\/\\\/ponteseditores.com.br\\\/loja3\\\/#\\\/schema\\\/logo\\\/image\\\/\"}}]}<\/script>\n<!-- \/ Yoast SEO plugin. -->","yoast_head_json":{"title":"INTERA\u00c7\u00d5ES POL\u00caMICAS E VIOL\u00caNCIA VERBAL EM TEMAS SOCIAIS SENS\u00cdVEIS - Pontes Editores","robots":{"index":"index","follow":"follow","max-snippet":"max-snippet:-1","max-image-preview":"max-image-preview:large","max-video-preview":"max-video-preview:-1"},"canonical":"https:\/\/ponteseditores.com.br\/loja3\/pontes-editores-home-2__trashed\/uncategorized\/interacoes-polemicas-e-violencia-verbal-em-temas-sociais-sensiveis\/","og_locale":"pt_BR","og_type":"article","og_title":"INTERA\u00c7\u00d5ES POL\u00caMICAS E VIOL\u00caNCIA VERBAL EM TEMAS SOCIAIS SENS\u00cdVEIS - Pontes Editores","og_description":"Este livro trata de temas bastante sens\u00edveis para a sociedade. Um tema social sens\u00edvel \u00e9 uma quest\u00e3o de interesse p\u00fablico que se caracteriza por um grande potencial pol\u00eamico. Sua discuss\u00e3o coloca em cena cren\u00e7as cristalizadas e valores diversos, sensivelmente hierarquizados pelas comunidades.","og_url":"https:\/\/ponteseditores.com.br\/loja3\/pontes-editores-home-2__trashed\/uncategorized\/interacoes-polemicas-e-violencia-verbal-em-temas-sociais-sensiveis\/","og_site_name":"Pontes Editores","article_modified_time":"2024-01-10T20:16:31+00:00","og_image":[{"width":1728,"height":2443,"url":"https:\/\/ponteseditores.com.br\/loja3\/wp-content\/uploads\/2023\/12\/interacoes-polemicas-e-violencia-verbal-em-temas-sociais-sensiveis-capa.jpg","type":"image\/jpeg"}],"twitter_card":"summary_large_image","twitter_misc":{"Est. tempo de leitura":"2 minutos"},"schema":{"@context":"https:\/\/schema.org","@graph":[{"@type":"WebPage","@id":"https:\/\/ponteseditores.com.br\/loja3\/pontes-editores-home-2__trashed\/uncategorized\/interacoes-polemicas-e-violencia-verbal-em-temas-sociais-sensiveis\/","url":"https:\/\/ponteseditores.com.br\/loja3\/pontes-editores-home-2__trashed\/uncategorized\/interacoes-polemicas-e-violencia-verbal-em-temas-sociais-sensiveis\/","name":"INTERA\u00c7\u00d5ES POL\u00caMICAS E VIOL\u00caNCIA VERBAL EM TEMAS SOCIAIS SENS\u00cdVEIS - Pontes Editores","isPartOf":{"@id":"https:\/\/ponteseditores.com.br\/loja3\/#website"},"primaryImageOfPage":{"@id":"https:\/\/ponteseditores.com.br\/loja3\/pontes-editores-home-2__trashed\/uncategorized\/interacoes-polemicas-e-violencia-verbal-em-temas-sociais-sensiveis\/#primaryimage"},"image":{"@id":"https:\/\/ponteseditores.com.br\/loja3\/pontes-editores-home-2__trashed\/uncategorized\/interacoes-polemicas-e-violencia-verbal-em-temas-sociais-sensiveis\/#primaryimage"},"thumbnailUrl":"https:\/\/ponteseditores.com.br\/loja3\/wp-content\/uploads\/2023\/12\/interacoes-polemicas-e-violencia-verbal-em-temas-sociais-sensiveis-capa.jpg","datePublished":"2023-12-12T14:51:23+00:00","dateModified":"2024-01-10T20:16:31+00:00","breadcrumb":{"@id":"https:\/\/ponteseditores.com.br\/loja3\/pontes-editores-home-2__trashed\/uncategorized\/interacoes-polemicas-e-violencia-verbal-em-temas-sociais-sensiveis\/#breadcrumb"},"inLanguage":"pt-BR","potentialAction":[{"@type":"ReadAction","target":["https:\/\/ponteseditores.com.br\/loja3\/pontes-editores-home-2__trashed\/uncategorized\/interacoes-polemicas-e-violencia-verbal-em-temas-sociais-sensiveis\/"]}]},{"@type":"ImageObject","inLanguage":"pt-BR","@id":"https:\/\/ponteseditores.com.br\/loja3\/pontes-editores-home-2__trashed\/uncategorized\/interacoes-polemicas-e-violencia-verbal-em-temas-sociais-sensiveis\/#primaryimage","url":"https:\/\/ponteseditores.com.br\/loja3\/wp-content\/uploads\/2023\/12\/interacoes-polemicas-e-violencia-verbal-em-temas-sociais-sensiveis-capa.jpg","contentUrl":"https:\/\/ponteseditores.com.br\/loja3\/wp-content\/uploads\/2023\/12\/interacoes-polemicas-e-violencia-verbal-em-temas-sociais-sensiveis-capa.jpg","width":1728,"height":2443},{"@type":"BreadcrumbList","@id":"https:\/\/ponteseditores.com.br\/loja3\/pontes-editores-home-2__trashed\/uncategorized\/interacoes-polemicas-e-violencia-verbal-em-temas-sociais-sensiveis\/#breadcrumb","itemListElement":[{"@type":"ListItem","position":1,"name":"Home","item":"https:\/\/ponteseditores.com.br\/loja3\/"},{"@type":"ListItem","position":2,"name":"loja","item":"https:\/\/ponteseditores.com.br\/loja3\/loja\/"},{"@type":"ListItem","position":3,"name":"INTERA\u00c7\u00d5ES POL\u00caMICAS E VIOL\u00caNCIA VERBAL EM TEMAS SOCIAIS SENS\u00cdVEIS"}]},{"@type":"WebSite","@id":"https:\/\/ponteseditores.com.br\/loja3\/#website","url":"https:\/\/ponteseditores.com.br\/loja3\/","name":"Pontes Editores","description":"Pontes Editores","publisher":{"@id":"https:\/\/ponteseditores.com.br\/loja3\/#organization"},"potentialAction":[{"@type":"SearchAction","target":{"@type":"EntryPoint","urlTemplate":"https:\/\/ponteseditores.com.br\/loja3\/?s={search_term_string}"},"query-input":{"@type":"PropertyValueSpecification","valueRequired":true,"valueName":"search_term_string"}}],"inLanguage":"pt-BR"},{"@type":"Organization","@id":"https:\/\/ponteseditores.com.br\/loja3\/#organization","name":"Pontes Editores","url":"https:\/\/ponteseditores.com.br\/loja3\/","logo":{"@type":"ImageObject","inLanguage":"pt-BR","@id":"https:\/\/ponteseditores.com.br\/loja3\/#\/schema\/logo\/image\/","url":"https:\/\/ponteseditores.com.br\/loja3\/wp-content\/uploads\/2023\/12\/logo-pontes-editores-v2.png","contentUrl":"https:\/\/ponteseditores.com.br\/loja3\/wp-content\/uploads\/2023\/12\/logo-pontes-editores-v2.png","width":258,"height":100,"caption":"Pontes Editores"},"image":{"@id":"https:\/\/ponteseditores.com.br\/loja3\/#\/schema\/logo\/image\/"}}]}},"_links":{"self":[{"href":"https:\/\/ponteseditores.com.br\/loja3\/wp-json\/wp\/v2\/product\/6740","targetHints":{"allow":["GET"]}}],"collection":[{"href":"https:\/\/ponteseditores.com.br\/loja3\/wp-json\/wp\/v2\/product"}],"about":[{"href":"https:\/\/ponteseditores.com.br\/loja3\/wp-json\/wp\/v2\/types\/product"}],"replies":[{"embeddable":true,"href":"https:\/\/ponteseditores.com.br\/loja3\/wp-json\/wp\/v2\/comments?post=6740"}],"version-history":[{"count":0,"href":"https:\/\/ponteseditores.com.br\/loja3\/wp-json\/wp\/v2\/product\/6740\/revisions"}],"wp:featuredmedia":[{"embeddable":true,"href":"https:\/\/ponteseditores.com.br\/loja3\/wp-json\/wp\/v2\/media\/6681"}],"wp:attachment":[{"href":"https:\/\/ponteseditores.com.br\/loja3\/wp-json\/wp\/v2\/media?parent=6740"}],"wp:term":[{"taxonomy":"product_brand","embeddable":true,"href":"https:\/\/ponteseditores.com.br\/loja3\/wp-json\/wp\/v2\/product_brand?post=6740"},{"taxonomy":"product_cat","embeddable":true,"href":"https:\/\/ponteseditores.com.br\/loja3\/wp-json\/wp\/v2\/product_cat?post=6740"},{"taxonomy":"product_tag","embeddable":true,"href":"https:\/\/ponteseditores.com.br\/loja3\/wp-json\/wp\/v2\/product_tag?post=6740"}],"curies":[{"name":"wp","href":"https:\/\/api.w.org\/{rel}","templated":true}]}}