{"id":6739,"date":"2023-12-12T11:48:53","date_gmt":"2023-12-12T14:48:53","guid":{"rendered":"https:\/\/ponteseditores.com.br\/loja3\/?post_type=product&#038;p=6739"},"modified":"2024-01-16T09:42:43","modified_gmt":"2024-01-16T12:42:43","slug":"introducao-ao-pos-metodo-no-ensino-de-linguas","status":"publish","type":"product","link":"https:\/\/ponteseditores.com.br\/loja3\/pontes-editores-home-2__trashed\/linguagem\/introducao-ao-pos-metodo-no-ensino-de-linguas\/","title":{"rendered":"INTRODU\u00c7\u00c3O AO P\u00d3S-M\u00c9TODO NO ENSINO DE L\u00cdNGUAS"},"content":{"rendered":"<p class=\"p1\">O que significa p\u00f3s-m\u00e9todo? Como se caracteriza uma sala de aula p\u00f3s-m\u00e9todo? O que o diferencia dos movimentos comunicativos no ensino de l\u00ednguas? Quais os limites da teoria aplicada ao ensino e \u00e0 forma\u00e7\u00e3o docente?<\/p>\n<p class=\"p1\">Quais as principais contribui\u00e7\u00f5es do ensino p\u00f3s-m\u00e9todo diante dos desafios da sociedade atual? Essas e outras perguntas s\u00e3o contempladas no livro Introdu\u00e7\u00e3o ao p\u00f3s-m\u00e9todo no ensino de l\u00ednguas, o primeiro sobre o tema Brasil.<\/p>\n<p class=\"p1\">A obra oferece uma perspectiva diacr\u00f4nica, que parte do amplo movimento que questionou a exist\u00eancia de um m\u00e9todo ideal e chega at\u00e9 o per\u00edodo de surgimento e consolida\u00e7\u00e3o da era p\u00f3s-m\u00e9todo.<\/p>\n<p class=\"p1\">A autora nos apresenta o pesquisador indiano, Kumaravadivelu, e a arquitetura do p\u00f3s-m\u00e9todo, articulando, de forma extremamente fluida, fundamenta\u00e7\u00e3o te\u00f3rica e reflex\u00e3o sobre o processo de ensino-aprendizagem de l\u00ednguas como compromisso did\u00e1tico e pol\u00edtico. No final de cada cap\u00edtulo, s\u00e3o propostas atividades que convidam o leitor a explorar os conte\u00fados apresentados de forma pr\u00e1tica e cr\u00edtica. Essa configura\u00e7\u00e3o da obra \u00e9 um diferencial que a torna um rico instrumento para as salas de aula de cursos de gradua\u00e7\u00e3o, de p\u00f3s-gradua\u00e7\u00e3o e de atualiza\u00e7\u00e3o de professores em servi\u00e7o. Karine Marielly Rocha da Cunha &#8211; Professora Associada III do Departamento de Letras Estrangeiras Modernas da Universidade Federal do Paran\u00e1 \u2013 DELEM\/UFPR<\/p>\n","protected":false},"excerpt":{"rendered":"<p>O que significa p\u00f3s-m\u00e9todo? Como se caracteriza uma sala de aula p\u00f3s-m\u00e9todo? O que o diferencia dos movimentos comunicativos no ensino de l\u00ednguas? Quais os limites da teoria aplicada ao ensino e \u00e0 forma\u00e7\u00e3o docente?<\/p>\n","protected":false},"featured_media":9638,"comment_status":"open","ping_status":"closed","template":"","meta":{"_joinchat":[]},"product_brand":[],"product_cat":[108,53,54],"product_tag":[],"class_list":{"0":"post-6739","1":"product","2":"type-product","3":"status-publish","4":"has-post-thumbnail","6":"product_cat-formacao-de-professores","7":"product_cat-linguagem","8":"product_cat-linguas","9":"product_shipping_class-livro-pontes-editores-fisico","11":"first","12":"instock","13":"shipping-taxable","14":"purchasable","15":"product-type-simple"},"yoast_head":"<!-- This site is optimized with the Yoast SEO plugin v27.4 - https:\/\/yoast.com\/product\/yoast-seo-wordpress\/ -->\n<title>INTRODU\u00c7\u00c3O AO P\u00d3S-M\u00c9TODO NO ENSINO DE L\u00cdNGUAS - Pontes Editores<\/title>\n<meta name=\"robots\" content=\"index, follow, max-snippet:-1, max-image-preview:large, max-video-preview:-1\" \/>\n<link rel=\"canonical\" href=\"https:\/\/ponteseditores.com.br\/loja3\/pontes-editores-home-2__trashed\/linguagem\/introducao-ao-pos-metodo-no-ensino-de-linguas\/\" \/>\n<meta property=\"og:locale\" content=\"pt_BR\" \/>\n<meta property=\"og:type\" content=\"article\" \/>\n<meta property=\"og:title\" content=\"INTRODU\u00c7\u00c3O AO P\u00d3S-M\u00c9TODO NO ENSINO DE L\u00cdNGUAS - Pontes Editores\" \/>\n<meta property=\"og:description\" content=\"O que significa p\u00f3s-m\u00e9todo? Como se caracteriza uma sala de aula p\u00f3s-m\u00e9todo? O que o diferencia dos movimentos comunicativos no ensino de l\u00ednguas? Quais os limites da teoria aplicada ao ensino e \u00e0 forma\u00e7\u00e3o docente?\" \/>\n<meta property=\"og:url\" content=\"https:\/\/ponteseditores.com.br\/loja3\/pontes-editores-home-2__trashed\/linguagem\/introducao-ao-pos-metodo-no-ensino-de-linguas\/\" \/>\n<meta property=\"og:site_name\" content=\"Pontes Editores\" \/>\n<meta property=\"article:modified_time\" content=\"2024-01-16T12:42:43+00:00\" \/>\n<meta property=\"og:image\" content=\"https:\/\/ponteseditores.com.br\/loja3\/wp-content\/uploads\/2023\/12\/CAPA-INTRODUCAO-AO-POS-METODO-segunda-edicao-scaled.jpg\" \/>\n\t<meta property=\"og:image:width\" content=\"1792\" \/>\n\t<meta property=\"og:image:height\" content=\"2560\" \/>\n\t<meta property=\"og:image:type\" content=\"image\/jpeg\" \/>\n<meta name=\"twitter:card\" content=\"summary_large_image\" \/>\n<meta name=\"twitter:label1\" content=\"Est. tempo de leitura\" \/>\n\t<meta name=\"twitter:data1\" content=\"2 minutos\" \/>\n<script type=\"application\/ld+json\" class=\"yoast-schema-graph\">{\"@context\":\"https:\\\/\\\/schema.org\",\"@graph\":[{\"@type\":\"WebPage\",\"@id\":\"https:\\\/\\\/ponteseditores.com.br\\\/loja3\\\/pontes-editores-home-2__trashed\\\/linguagem\\\/introducao-ao-pos-metodo-no-ensino-de-linguas\\\/\",\"url\":\"https:\\\/\\\/ponteseditores.com.br\\\/loja3\\\/pontes-editores-home-2__trashed\\\/linguagem\\\/introducao-ao-pos-metodo-no-ensino-de-linguas\\\/\",\"name\":\"INTRODU\u00c7\u00c3O AO P\u00d3S-M\u00c9TODO NO ENSINO DE L\u00cdNGUAS - Pontes Editores\",\"isPartOf\":{\"@id\":\"https:\\\/\\\/ponteseditores.com.br\\\/loja3\\\/#website\"},\"primaryImageOfPage\":{\"@id\":\"https:\\\/\\\/ponteseditores.com.br\\\/loja3\\\/pontes-editores-home-2__trashed\\\/linguagem\\\/introducao-ao-pos-metodo-no-ensino-de-linguas\\\/#primaryimage\"},\"image\":{\"@id\":\"https:\\\/\\\/ponteseditores.com.br\\\/loja3\\\/pontes-editores-home-2__trashed\\\/linguagem\\\/introducao-ao-pos-metodo-no-ensino-de-linguas\\\/#primaryimage\"},\"thumbnailUrl\":\"https:\\\/\\\/ponteseditores.com.br\\\/loja3\\\/wp-content\\\/uploads\\\/2023\\\/12\\\/CAPA-INTRODUCAO-AO-POS-METODO-segunda-edicao-scaled.jpg\",\"datePublished\":\"2023-12-12T14:48:53+00:00\",\"dateModified\":\"2024-01-16T12:42:43+00:00\",\"breadcrumb\":{\"@id\":\"https:\\\/\\\/ponteseditores.com.br\\\/loja3\\\/pontes-editores-home-2__trashed\\\/linguagem\\\/introducao-ao-pos-metodo-no-ensino-de-linguas\\\/#breadcrumb\"},\"inLanguage\":\"pt-BR\",\"potentialAction\":[{\"@type\":\"ReadAction\",\"target\":[\"https:\\\/\\\/ponteseditores.com.br\\\/loja3\\\/pontes-editores-home-2__trashed\\\/linguagem\\\/introducao-ao-pos-metodo-no-ensino-de-linguas\\\/\"]}]},{\"@type\":\"ImageObject\",\"inLanguage\":\"pt-BR\",\"@id\":\"https:\\\/\\\/ponteseditores.com.br\\\/loja3\\\/pontes-editores-home-2__trashed\\\/linguagem\\\/introducao-ao-pos-metodo-no-ensino-de-linguas\\\/#primaryimage\",\"url\":\"https:\\\/\\\/ponteseditores.com.br\\\/loja3\\\/wp-content\\\/uploads\\\/2023\\\/12\\\/CAPA-INTRODUCAO-AO-POS-METODO-segunda-edicao-scaled.jpg\",\"contentUrl\":\"https:\\\/\\\/ponteseditores.com.br\\\/loja3\\\/wp-content\\\/uploads\\\/2023\\\/12\\\/CAPA-INTRODUCAO-AO-POS-METODO-segunda-edicao-scaled.jpg\",\"width\":1792,\"height\":2560},{\"@type\":\"BreadcrumbList\",\"@id\":\"https:\\\/\\\/ponteseditores.com.br\\\/loja3\\\/pontes-editores-home-2__trashed\\\/linguagem\\\/introducao-ao-pos-metodo-no-ensino-de-linguas\\\/#breadcrumb\",\"itemListElement\":[{\"@type\":\"ListItem\",\"position\":1,\"name\":\"Home\",\"item\":\"https:\\\/\\\/ponteseditores.com.br\\\/loja3\\\/\"},{\"@type\":\"ListItem\",\"position\":2,\"name\":\"loja\",\"item\":\"https:\\\/\\\/ponteseditores.com.br\\\/loja3\\\/loja\\\/\"},{\"@type\":\"ListItem\",\"position\":3,\"name\":\"INTRODU\u00c7\u00c3O AO P\u00d3S-M\u00c9TODO NO ENSINO DE L\u00cdNGUAS\"}]},{\"@type\":\"WebSite\",\"@id\":\"https:\\\/\\\/ponteseditores.com.br\\\/loja3\\\/#website\",\"url\":\"https:\\\/\\\/ponteseditores.com.br\\\/loja3\\\/\",\"name\":\"Pontes Editores\",\"description\":\"Pontes Editores\",\"publisher\":{\"@id\":\"https:\\\/\\\/ponteseditores.com.br\\\/loja3\\\/#organization\"},\"potentialAction\":[{\"@type\":\"SearchAction\",\"target\":{\"@type\":\"EntryPoint\",\"urlTemplate\":\"https:\\\/\\\/ponteseditores.com.br\\\/loja3\\\/?s={search_term_string}\"},\"query-input\":{\"@type\":\"PropertyValueSpecification\",\"valueRequired\":true,\"valueName\":\"search_term_string\"}}],\"inLanguage\":\"pt-BR\"},{\"@type\":\"Organization\",\"@id\":\"https:\\\/\\\/ponteseditores.com.br\\\/loja3\\\/#organization\",\"name\":\"Pontes Editores\",\"url\":\"https:\\\/\\\/ponteseditores.com.br\\\/loja3\\\/\",\"logo\":{\"@type\":\"ImageObject\",\"inLanguage\":\"pt-BR\",\"@id\":\"https:\\\/\\\/ponteseditores.com.br\\\/loja3\\\/#\\\/schema\\\/logo\\\/image\\\/\",\"url\":\"https:\\\/\\\/ponteseditores.com.br\\\/loja3\\\/wp-content\\\/uploads\\\/2023\\\/12\\\/logo-pontes-editores-v2.png\",\"contentUrl\":\"https:\\\/\\\/ponteseditores.com.br\\\/loja3\\\/wp-content\\\/uploads\\\/2023\\\/12\\\/logo-pontes-editores-v2.png\",\"width\":258,\"height\":100,\"caption\":\"Pontes Editores\"},\"image\":{\"@id\":\"https:\\\/\\\/ponteseditores.com.br\\\/loja3\\\/#\\\/schema\\\/logo\\\/image\\\/\"}}]}<\/script>\n<!-- \/ Yoast SEO plugin. -->","yoast_head_json":{"title":"INTRODU\u00c7\u00c3O AO P\u00d3S-M\u00c9TODO NO ENSINO DE L\u00cdNGUAS - Pontes Editores","robots":{"index":"index","follow":"follow","max-snippet":"max-snippet:-1","max-image-preview":"max-image-preview:large","max-video-preview":"max-video-preview:-1"},"canonical":"https:\/\/ponteseditores.com.br\/loja3\/pontes-editores-home-2__trashed\/linguagem\/introducao-ao-pos-metodo-no-ensino-de-linguas\/","og_locale":"pt_BR","og_type":"article","og_title":"INTRODU\u00c7\u00c3O AO P\u00d3S-M\u00c9TODO NO ENSINO DE L\u00cdNGUAS - Pontes Editores","og_description":"O que significa p\u00f3s-m\u00e9todo? Como se caracteriza uma sala de aula p\u00f3s-m\u00e9todo? O que o diferencia dos movimentos comunicativos no ensino de l\u00ednguas? Quais os limites da teoria aplicada ao ensino e \u00e0 forma\u00e7\u00e3o docente?","og_url":"https:\/\/ponteseditores.com.br\/loja3\/pontes-editores-home-2__trashed\/linguagem\/introducao-ao-pos-metodo-no-ensino-de-linguas\/","og_site_name":"Pontes Editores","article_modified_time":"2024-01-16T12:42:43+00:00","og_image":[{"width":1792,"height":2560,"url":"https:\/\/ponteseditores.com.br\/loja3\/wp-content\/uploads\/2023\/12\/CAPA-INTRODUCAO-AO-POS-METODO-segunda-edicao-scaled.jpg","type":"image\/jpeg"}],"twitter_card":"summary_large_image","twitter_misc":{"Est. tempo de leitura":"2 minutos"},"schema":{"@context":"https:\/\/schema.org","@graph":[{"@type":"WebPage","@id":"https:\/\/ponteseditores.com.br\/loja3\/pontes-editores-home-2__trashed\/linguagem\/introducao-ao-pos-metodo-no-ensino-de-linguas\/","url":"https:\/\/ponteseditores.com.br\/loja3\/pontes-editores-home-2__trashed\/linguagem\/introducao-ao-pos-metodo-no-ensino-de-linguas\/","name":"INTRODU\u00c7\u00c3O AO P\u00d3S-M\u00c9TODO NO ENSINO DE L\u00cdNGUAS - Pontes Editores","isPartOf":{"@id":"https:\/\/ponteseditores.com.br\/loja3\/#website"},"primaryImageOfPage":{"@id":"https:\/\/ponteseditores.com.br\/loja3\/pontes-editores-home-2__trashed\/linguagem\/introducao-ao-pos-metodo-no-ensino-de-linguas\/#primaryimage"},"image":{"@id":"https:\/\/ponteseditores.com.br\/loja3\/pontes-editores-home-2__trashed\/linguagem\/introducao-ao-pos-metodo-no-ensino-de-linguas\/#primaryimage"},"thumbnailUrl":"https:\/\/ponteseditores.com.br\/loja3\/wp-content\/uploads\/2023\/12\/CAPA-INTRODUCAO-AO-POS-METODO-segunda-edicao-scaled.jpg","datePublished":"2023-12-12T14:48:53+00:00","dateModified":"2024-01-16T12:42:43+00:00","breadcrumb":{"@id":"https:\/\/ponteseditores.com.br\/loja3\/pontes-editores-home-2__trashed\/linguagem\/introducao-ao-pos-metodo-no-ensino-de-linguas\/#breadcrumb"},"inLanguage":"pt-BR","potentialAction":[{"@type":"ReadAction","target":["https:\/\/ponteseditores.com.br\/loja3\/pontes-editores-home-2__trashed\/linguagem\/introducao-ao-pos-metodo-no-ensino-de-linguas\/"]}]},{"@type":"ImageObject","inLanguage":"pt-BR","@id":"https:\/\/ponteseditores.com.br\/loja3\/pontes-editores-home-2__trashed\/linguagem\/introducao-ao-pos-metodo-no-ensino-de-linguas\/#primaryimage","url":"https:\/\/ponteseditores.com.br\/loja3\/wp-content\/uploads\/2023\/12\/CAPA-INTRODUCAO-AO-POS-METODO-segunda-edicao-scaled.jpg","contentUrl":"https:\/\/ponteseditores.com.br\/loja3\/wp-content\/uploads\/2023\/12\/CAPA-INTRODUCAO-AO-POS-METODO-segunda-edicao-scaled.jpg","width":1792,"height":2560},{"@type":"BreadcrumbList","@id":"https:\/\/ponteseditores.com.br\/loja3\/pontes-editores-home-2__trashed\/linguagem\/introducao-ao-pos-metodo-no-ensino-de-linguas\/#breadcrumb","itemListElement":[{"@type":"ListItem","position":1,"name":"Home","item":"https:\/\/ponteseditores.com.br\/loja3\/"},{"@type":"ListItem","position":2,"name":"loja","item":"https:\/\/ponteseditores.com.br\/loja3\/loja\/"},{"@type":"ListItem","position":3,"name":"INTRODU\u00c7\u00c3O AO P\u00d3S-M\u00c9TODO NO ENSINO DE L\u00cdNGUAS"}]},{"@type":"WebSite","@id":"https:\/\/ponteseditores.com.br\/loja3\/#website","url":"https:\/\/ponteseditores.com.br\/loja3\/","name":"Pontes Editores","description":"Pontes Editores","publisher":{"@id":"https:\/\/ponteseditores.com.br\/loja3\/#organization"},"potentialAction":[{"@type":"SearchAction","target":{"@type":"EntryPoint","urlTemplate":"https:\/\/ponteseditores.com.br\/loja3\/?s={search_term_string}"},"query-input":{"@type":"PropertyValueSpecification","valueRequired":true,"valueName":"search_term_string"}}],"inLanguage":"pt-BR"},{"@type":"Organization","@id":"https:\/\/ponteseditores.com.br\/loja3\/#organization","name":"Pontes Editores","url":"https:\/\/ponteseditores.com.br\/loja3\/","logo":{"@type":"ImageObject","inLanguage":"pt-BR","@id":"https:\/\/ponteseditores.com.br\/loja3\/#\/schema\/logo\/image\/","url":"https:\/\/ponteseditores.com.br\/loja3\/wp-content\/uploads\/2023\/12\/logo-pontes-editores-v2.png","contentUrl":"https:\/\/ponteseditores.com.br\/loja3\/wp-content\/uploads\/2023\/12\/logo-pontes-editores-v2.png","width":258,"height":100,"caption":"Pontes Editores"},"image":{"@id":"https:\/\/ponteseditores.com.br\/loja3\/#\/schema\/logo\/image\/"}}]}},"_links":{"self":[{"href":"https:\/\/ponteseditores.com.br\/loja3\/wp-json\/wp\/v2\/product\/6739","targetHints":{"allow":["GET"]}}],"collection":[{"href":"https:\/\/ponteseditores.com.br\/loja3\/wp-json\/wp\/v2\/product"}],"about":[{"href":"https:\/\/ponteseditores.com.br\/loja3\/wp-json\/wp\/v2\/types\/product"}],"replies":[{"embeddable":true,"href":"https:\/\/ponteseditores.com.br\/loja3\/wp-json\/wp\/v2\/comments?post=6739"}],"version-history":[{"count":0,"href":"https:\/\/ponteseditores.com.br\/loja3\/wp-json\/wp\/v2\/product\/6739\/revisions"}],"wp:featuredmedia":[{"embeddable":true,"href":"https:\/\/ponteseditores.com.br\/loja3\/wp-json\/wp\/v2\/media\/9638"}],"wp:attachment":[{"href":"https:\/\/ponteseditores.com.br\/loja3\/wp-json\/wp\/v2\/media?parent=6739"}],"wp:term":[{"taxonomy":"product_brand","embeddable":true,"href":"https:\/\/ponteseditores.com.br\/loja3\/wp-json\/wp\/v2\/product_brand?post=6739"},{"taxonomy":"product_cat","embeddable":true,"href":"https:\/\/ponteseditores.com.br\/loja3\/wp-json\/wp\/v2\/product_cat?post=6739"},{"taxonomy":"product_tag","embeddable":true,"href":"https:\/\/ponteseditores.com.br\/loja3\/wp-json\/wp\/v2\/product_tag?post=6739"}],"curies":[{"name":"wp","href":"https:\/\/api.w.org\/{rel}","templated":true}]}}