{"id":6738,"date":"2023-12-12T11:44:57","date_gmt":"2023-12-12T14:44:57","guid":{"rendered":"https:\/\/ponteseditores.com.br\/loja3\/?post_type=product&#038;p=6738"},"modified":"2024-01-10T17:16:32","modified_gmt":"2024-01-10T20:16:32","slug":"introducao-as-teorias-da-argumentacao","status":"publish","type":"product","link":"https:\/\/ponteseditores.com.br\/loja3\/pontes-editores-home-2__trashed\/linguistica\/introducao-as-teorias-da-argumentacao\/","title":{"rendered":"INTRODU\u00c7\u00c3O \u00c0S TEORIAS DA ARGUMENTA\u00c7\u00c3O"},"content":{"rendered":"<p class=\"p1\">Introdu\u00e7\u00e3o \u00e0s Teorias da Argumenta\u00e7\u00e3o oferece ao leitor de l\u00edngua portuguesa uma obra de refer\u00eancia sobre as principais teorias contempor\u00e2neas da argumenta\u00e7\u00e3o surgidas a partir de meados do s\u00e9culo XX, preenchendo uma lacuna importante no Brasil, pois ainda n\u00e3o disp\u00fanhamos aqui de uma publica\u00e7\u00e3o dedicada a apresentar um panorama geral das distintas abordagens te\u00f3ricas que constituem o campo de pesquisa da argumenta\u00e7\u00e3o.<\/p>\n<p class=\"p1\">Neste livro, o leitor encontrar\u00e1 cap\u00edtulos sobre a nova ret\u00f3rica de Perelman e Olbrechts-Tyteca, a l\u00f3gica dos usos do argumento de Toulmin, a l\u00f3gica informal de Blair, Johnson e Walton, a pragmadial\u00e9tica de van Eemeren, Grootendorst e colaboradores, a l\u00f3gica natural de Grize, a problematologia de Meyer, a ret\u00f3rica antil\u00f3gica de Angenot, a ret\u00f3rica cr\u00edtica de McGee e McKerrow, a argumenta\u00e7\u00e3o na l\u00edngua de Anscombre e Ducrot, a argumenta\u00e7\u00e3o na intera\u00e7\u00e3o de Plantin e a argumenta\u00e7\u00e3o no discurso de Amossy.<\/p>\n<p class=\"p1\">Os cap\u00edtulos exploram o contexto hist\u00f3rico de surgimento de cada abordagem te\u00f3rica, apresentam os principais termos-chave e as publica\u00e7\u00f5es mais significativas de cada enfoque te\u00f3rico, bem como os pressupostos te\u00f3ricos que fundamentam os conceitos e os principais postulados.<\/p>\n","protected":false},"excerpt":{"rendered":"<p>Introdu\u00e7\u00e3o \u00e0s Teorias da Argumenta\u00e7\u00e3o oferece ao leitor de l\u00edngua portuguesa uma obra de refer\u00eancia sobre as principais teorias contempor\u00e2neas da argumenta\u00e7\u00e3o surgidas a partir de meados do s\u00e9culo XX, preenchendo uma lacuna importante no Brasil, pois ainda n\u00e3o disp\u00fanhamos aqui de uma publica\u00e7\u00e3o dedicada a apresentar um panorama geral das distintas abordagens te\u00f3ricas que constituem o campo de pesquisa da argumenta\u00e7\u00e3o.<\/p>\n","protected":false},"featured_media":6683,"comment_status":"open","ping_status":"closed","template":"","meta":{"_joinchat":[]},"product_brand":[],"product_cat":[31],"product_tag":[],"class_list":{"0":"post-6738","1":"product","2":"type-product","3":"status-publish","4":"has-post-thumbnail","6":"product_cat-linguistica","7":"product_shipping_class-livro-pontes-editores-fisico","9":"first","10":"instock","11":"shipping-taxable","12":"purchasable","13":"product-type-simple"},"yoast_head":"<!-- This site is optimized with the Yoast SEO plugin v27.4 - https:\/\/yoast.com\/product\/yoast-seo-wordpress\/ -->\n<title>INTRODU\u00c7\u00c3O \u00c0S TEORIAS DA ARGUMENTA\u00c7\u00c3O - Pontes Editores<\/title>\n<meta name=\"robots\" content=\"index, follow, max-snippet:-1, max-image-preview:large, max-video-preview:-1\" \/>\n<link rel=\"canonical\" href=\"https:\/\/ponteseditores.com.br\/loja3\/pontes-editores-home-2__trashed\/linguistica\/introducao-as-teorias-da-argumentacao\/\" \/>\n<meta property=\"og:locale\" content=\"pt_BR\" \/>\n<meta property=\"og:type\" content=\"article\" \/>\n<meta property=\"og:title\" content=\"INTRODU\u00c7\u00c3O \u00c0S TEORIAS DA ARGUMENTA\u00c7\u00c3O - Pontes Editores\" \/>\n<meta property=\"og:description\" content=\"Introdu\u00e7\u00e3o \u00e0s Teorias da Argumenta\u00e7\u00e3o oferece ao leitor de l\u00edngua portuguesa uma obra de refer\u00eancia sobre as principais teorias contempor\u00e2neas da argumenta\u00e7\u00e3o surgidas a partir de meados do s\u00e9culo XX, preenchendo uma lacuna importante no Brasil, pois ainda n\u00e3o disp\u00fanhamos aqui de uma publica\u00e7\u00e3o dedicada a apresentar um panorama geral das distintas abordagens te\u00f3ricas que constituem o campo de pesquisa da argumenta\u00e7\u00e3o.\" \/>\n<meta property=\"og:url\" content=\"https:\/\/ponteseditores.com.br\/loja3\/pontes-editores-home-2__trashed\/linguistica\/introducao-as-teorias-da-argumentacao\/\" \/>\n<meta property=\"og:site_name\" content=\"Pontes Editores\" \/>\n<meta property=\"article:modified_time\" content=\"2024-01-10T20:16:32+00:00\" \/>\n<meta property=\"og:image\" content=\"https:\/\/ponteseditores.com.br\/loja3\/wp-content\/uploads\/2023\/12\/introducao-as-teorias-da-argumentacao-capa-1-1.jpg\" \/>\n\t<meta property=\"og:image:width\" content=\"1728\" \/>\n\t<meta property=\"og:image:height\" content=\"2443\" \/>\n\t<meta property=\"og:image:type\" content=\"image\/jpeg\" \/>\n<meta name=\"twitter:card\" content=\"summary_large_image\" \/>\n<meta name=\"twitter:label1\" content=\"Est. tempo de leitura\" \/>\n\t<meta name=\"twitter:data1\" content=\"1 minuto\" \/>\n<script type=\"application\/ld+json\" class=\"yoast-schema-graph\">{\"@context\":\"https:\\\/\\\/schema.org\",\"@graph\":[{\"@type\":\"WebPage\",\"@id\":\"https:\\\/\\\/ponteseditores.com.br\\\/loja3\\\/pontes-editores-home-2__trashed\\\/linguistica\\\/introducao-as-teorias-da-argumentacao\\\/\",\"url\":\"https:\\\/\\\/ponteseditores.com.br\\\/loja3\\\/pontes-editores-home-2__trashed\\\/linguistica\\\/introducao-as-teorias-da-argumentacao\\\/\",\"name\":\"INTRODU\u00c7\u00c3O \u00c0S TEORIAS DA ARGUMENTA\u00c7\u00c3O - Pontes Editores\",\"isPartOf\":{\"@id\":\"https:\\\/\\\/ponteseditores.com.br\\\/loja3\\\/#website\"},\"primaryImageOfPage\":{\"@id\":\"https:\\\/\\\/ponteseditores.com.br\\\/loja3\\\/pontes-editores-home-2__trashed\\\/linguistica\\\/introducao-as-teorias-da-argumentacao\\\/#primaryimage\"},\"image\":{\"@id\":\"https:\\\/\\\/ponteseditores.com.br\\\/loja3\\\/pontes-editores-home-2__trashed\\\/linguistica\\\/introducao-as-teorias-da-argumentacao\\\/#primaryimage\"},\"thumbnailUrl\":\"https:\\\/\\\/ponteseditores.com.br\\\/loja3\\\/wp-content\\\/uploads\\\/2023\\\/12\\\/introducao-as-teorias-da-argumentacao-capa-1-1.jpg\",\"datePublished\":\"2023-12-12T14:44:57+00:00\",\"dateModified\":\"2024-01-10T20:16:32+00:00\",\"breadcrumb\":{\"@id\":\"https:\\\/\\\/ponteseditores.com.br\\\/loja3\\\/pontes-editores-home-2__trashed\\\/linguistica\\\/introducao-as-teorias-da-argumentacao\\\/#breadcrumb\"},\"inLanguage\":\"pt-BR\",\"potentialAction\":[{\"@type\":\"ReadAction\",\"target\":[\"https:\\\/\\\/ponteseditores.com.br\\\/loja3\\\/pontes-editores-home-2__trashed\\\/linguistica\\\/introducao-as-teorias-da-argumentacao\\\/\"]}]},{\"@type\":\"ImageObject\",\"inLanguage\":\"pt-BR\",\"@id\":\"https:\\\/\\\/ponteseditores.com.br\\\/loja3\\\/pontes-editores-home-2__trashed\\\/linguistica\\\/introducao-as-teorias-da-argumentacao\\\/#primaryimage\",\"url\":\"https:\\\/\\\/ponteseditores.com.br\\\/loja3\\\/wp-content\\\/uploads\\\/2023\\\/12\\\/introducao-as-teorias-da-argumentacao-capa-1-1.jpg\",\"contentUrl\":\"https:\\\/\\\/ponteseditores.com.br\\\/loja3\\\/wp-content\\\/uploads\\\/2023\\\/12\\\/introducao-as-teorias-da-argumentacao-capa-1-1.jpg\",\"width\":1728,\"height\":2443},{\"@type\":\"BreadcrumbList\",\"@id\":\"https:\\\/\\\/ponteseditores.com.br\\\/loja3\\\/pontes-editores-home-2__trashed\\\/linguistica\\\/introducao-as-teorias-da-argumentacao\\\/#breadcrumb\",\"itemListElement\":[{\"@type\":\"ListItem\",\"position\":1,\"name\":\"Home\",\"item\":\"https:\\\/\\\/ponteseditores.com.br\\\/loja3\\\/\"},{\"@type\":\"ListItem\",\"position\":2,\"name\":\"loja\",\"item\":\"https:\\\/\\\/ponteseditores.com.br\\\/loja3\\\/loja\\\/\"},{\"@type\":\"ListItem\",\"position\":3,\"name\":\"INTRODU\u00c7\u00c3O \u00c0S TEORIAS DA ARGUMENTA\u00c7\u00c3O\"}]},{\"@type\":\"WebSite\",\"@id\":\"https:\\\/\\\/ponteseditores.com.br\\\/loja3\\\/#website\",\"url\":\"https:\\\/\\\/ponteseditores.com.br\\\/loja3\\\/\",\"name\":\"Pontes Editores\",\"description\":\"Pontes Editores\",\"publisher\":{\"@id\":\"https:\\\/\\\/ponteseditores.com.br\\\/loja3\\\/#organization\"},\"potentialAction\":[{\"@type\":\"SearchAction\",\"target\":{\"@type\":\"EntryPoint\",\"urlTemplate\":\"https:\\\/\\\/ponteseditores.com.br\\\/loja3\\\/?s={search_term_string}\"},\"query-input\":{\"@type\":\"PropertyValueSpecification\",\"valueRequired\":true,\"valueName\":\"search_term_string\"}}],\"inLanguage\":\"pt-BR\"},{\"@type\":\"Organization\",\"@id\":\"https:\\\/\\\/ponteseditores.com.br\\\/loja3\\\/#organization\",\"name\":\"Pontes Editores\",\"url\":\"https:\\\/\\\/ponteseditores.com.br\\\/loja3\\\/\",\"logo\":{\"@type\":\"ImageObject\",\"inLanguage\":\"pt-BR\",\"@id\":\"https:\\\/\\\/ponteseditores.com.br\\\/loja3\\\/#\\\/schema\\\/logo\\\/image\\\/\",\"url\":\"https:\\\/\\\/ponteseditores.com.br\\\/loja3\\\/wp-content\\\/uploads\\\/2023\\\/12\\\/logo-pontes-editores-v2.png\",\"contentUrl\":\"https:\\\/\\\/ponteseditores.com.br\\\/loja3\\\/wp-content\\\/uploads\\\/2023\\\/12\\\/logo-pontes-editores-v2.png\",\"width\":258,\"height\":100,\"caption\":\"Pontes Editores\"},\"image\":{\"@id\":\"https:\\\/\\\/ponteseditores.com.br\\\/loja3\\\/#\\\/schema\\\/logo\\\/image\\\/\"}}]}<\/script>\n<!-- \/ Yoast SEO plugin. -->","yoast_head_json":{"title":"INTRODU\u00c7\u00c3O \u00c0S TEORIAS DA ARGUMENTA\u00c7\u00c3O - Pontes Editores","robots":{"index":"index","follow":"follow","max-snippet":"max-snippet:-1","max-image-preview":"max-image-preview:large","max-video-preview":"max-video-preview:-1"},"canonical":"https:\/\/ponteseditores.com.br\/loja3\/pontes-editores-home-2__trashed\/linguistica\/introducao-as-teorias-da-argumentacao\/","og_locale":"pt_BR","og_type":"article","og_title":"INTRODU\u00c7\u00c3O \u00c0S TEORIAS DA ARGUMENTA\u00c7\u00c3O - Pontes Editores","og_description":"Introdu\u00e7\u00e3o \u00e0s Teorias da Argumenta\u00e7\u00e3o oferece ao leitor de l\u00edngua portuguesa uma obra de refer\u00eancia sobre as principais teorias contempor\u00e2neas da argumenta\u00e7\u00e3o surgidas a partir de meados do s\u00e9culo XX, preenchendo uma lacuna importante no Brasil, pois ainda n\u00e3o disp\u00fanhamos aqui de uma publica\u00e7\u00e3o dedicada a apresentar um panorama geral das distintas abordagens te\u00f3ricas que constituem o campo de pesquisa da argumenta\u00e7\u00e3o.","og_url":"https:\/\/ponteseditores.com.br\/loja3\/pontes-editores-home-2__trashed\/linguistica\/introducao-as-teorias-da-argumentacao\/","og_site_name":"Pontes Editores","article_modified_time":"2024-01-10T20:16:32+00:00","og_image":[{"width":1728,"height":2443,"url":"https:\/\/ponteseditores.com.br\/loja3\/wp-content\/uploads\/2023\/12\/introducao-as-teorias-da-argumentacao-capa-1-1.jpg","type":"image\/jpeg"}],"twitter_card":"summary_large_image","twitter_misc":{"Est. tempo de leitura":"1 minuto"},"schema":{"@context":"https:\/\/schema.org","@graph":[{"@type":"WebPage","@id":"https:\/\/ponteseditores.com.br\/loja3\/pontes-editores-home-2__trashed\/linguistica\/introducao-as-teorias-da-argumentacao\/","url":"https:\/\/ponteseditores.com.br\/loja3\/pontes-editores-home-2__trashed\/linguistica\/introducao-as-teorias-da-argumentacao\/","name":"INTRODU\u00c7\u00c3O \u00c0S TEORIAS DA ARGUMENTA\u00c7\u00c3O - Pontes Editores","isPartOf":{"@id":"https:\/\/ponteseditores.com.br\/loja3\/#website"},"primaryImageOfPage":{"@id":"https:\/\/ponteseditores.com.br\/loja3\/pontes-editores-home-2__trashed\/linguistica\/introducao-as-teorias-da-argumentacao\/#primaryimage"},"image":{"@id":"https:\/\/ponteseditores.com.br\/loja3\/pontes-editores-home-2__trashed\/linguistica\/introducao-as-teorias-da-argumentacao\/#primaryimage"},"thumbnailUrl":"https:\/\/ponteseditores.com.br\/loja3\/wp-content\/uploads\/2023\/12\/introducao-as-teorias-da-argumentacao-capa-1-1.jpg","datePublished":"2023-12-12T14:44:57+00:00","dateModified":"2024-01-10T20:16:32+00:00","breadcrumb":{"@id":"https:\/\/ponteseditores.com.br\/loja3\/pontes-editores-home-2__trashed\/linguistica\/introducao-as-teorias-da-argumentacao\/#breadcrumb"},"inLanguage":"pt-BR","potentialAction":[{"@type":"ReadAction","target":["https:\/\/ponteseditores.com.br\/loja3\/pontes-editores-home-2__trashed\/linguistica\/introducao-as-teorias-da-argumentacao\/"]}]},{"@type":"ImageObject","inLanguage":"pt-BR","@id":"https:\/\/ponteseditores.com.br\/loja3\/pontes-editores-home-2__trashed\/linguistica\/introducao-as-teorias-da-argumentacao\/#primaryimage","url":"https:\/\/ponteseditores.com.br\/loja3\/wp-content\/uploads\/2023\/12\/introducao-as-teorias-da-argumentacao-capa-1-1.jpg","contentUrl":"https:\/\/ponteseditores.com.br\/loja3\/wp-content\/uploads\/2023\/12\/introducao-as-teorias-da-argumentacao-capa-1-1.jpg","width":1728,"height":2443},{"@type":"BreadcrumbList","@id":"https:\/\/ponteseditores.com.br\/loja3\/pontes-editores-home-2__trashed\/linguistica\/introducao-as-teorias-da-argumentacao\/#breadcrumb","itemListElement":[{"@type":"ListItem","position":1,"name":"Home","item":"https:\/\/ponteseditores.com.br\/loja3\/"},{"@type":"ListItem","position":2,"name":"loja","item":"https:\/\/ponteseditores.com.br\/loja3\/loja\/"},{"@type":"ListItem","position":3,"name":"INTRODU\u00c7\u00c3O \u00c0S TEORIAS DA ARGUMENTA\u00c7\u00c3O"}]},{"@type":"WebSite","@id":"https:\/\/ponteseditores.com.br\/loja3\/#website","url":"https:\/\/ponteseditores.com.br\/loja3\/","name":"Pontes Editores","description":"Pontes Editores","publisher":{"@id":"https:\/\/ponteseditores.com.br\/loja3\/#organization"},"potentialAction":[{"@type":"SearchAction","target":{"@type":"EntryPoint","urlTemplate":"https:\/\/ponteseditores.com.br\/loja3\/?s={search_term_string}"},"query-input":{"@type":"PropertyValueSpecification","valueRequired":true,"valueName":"search_term_string"}}],"inLanguage":"pt-BR"},{"@type":"Organization","@id":"https:\/\/ponteseditores.com.br\/loja3\/#organization","name":"Pontes Editores","url":"https:\/\/ponteseditores.com.br\/loja3\/","logo":{"@type":"ImageObject","inLanguage":"pt-BR","@id":"https:\/\/ponteseditores.com.br\/loja3\/#\/schema\/logo\/image\/","url":"https:\/\/ponteseditores.com.br\/loja3\/wp-content\/uploads\/2023\/12\/logo-pontes-editores-v2.png","contentUrl":"https:\/\/ponteseditores.com.br\/loja3\/wp-content\/uploads\/2023\/12\/logo-pontes-editores-v2.png","width":258,"height":100,"caption":"Pontes Editores"},"image":{"@id":"https:\/\/ponteseditores.com.br\/loja3\/#\/schema\/logo\/image\/"}}]}},"_links":{"self":[{"href":"https:\/\/ponteseditores.com.br\/loja3\/wp-json\/wp\/v2\/product\/6738","targetHints":{"allow":["GET"]}}],"collection":[{"href":"https:\/\/ponteseditores.com.br\/loja3\/wp-json\/wp\/v2\/product"}],"about":[{"href":"https:\/\/ponteseditores.com.br\/loja3\/wp-json\/wp\/v2\/types\/product"}],"replies":[{"embeddable":true,"href":"https:\/\/ponteseditores.com.br\/loja3\/wp-json\/wp\/v2\/comments?post=6738"}],"version-history":[{"count":0,"href":"https:\/\/ponteseditores.com.br\/loja3\/wp-json\/wp\/v2\/product\/6738\/revisions"}],"wp:featuredmedia":[{"embeddable":true,"href":"https:\/\/ponteseditores.com.br\/loja3\/wp-json\/wp\/v2\/media\/6683"}],"wp:attachment":[{"href":"https:\/\/ponteseditores.com.br\/loja3\/wp-json\/wp\/v2\/media?parent=6738"}],"wp:term":[{"taxonomy":"product_brand","embeddable":true,"href":"https:\/\/ponteseditores.com.br\/loja3\/wp-json\/wp\/v2\/product_brand?post=6738"},{"taxonomy":"product_cat","embeddable":true,"href":"https:\/\/ponteseditores.com.br\/loja3\/wp-json\/wp\/v2\/product_cat?post=6738"},{"taxonomy":"product_tag","embeddable":true,"href":"https:\/\/ponteseditores.com.br\/loja3\/wp-json\/wp\/v2\/product_tag?post=6738"}],"curies":[{"name":"wp","href":"https:\/\/api.w.org\/{rel}","templated":true}]}}