{"id":6737,"date":"2023-12-12T11:38:39","date_gmt":"2023-12-12T14:38:39","guid":{"rendered":"https:\/\/ponteseditores.com.br\/loja3\/?post_type=product&#038;p=6737"},"modified":"2024-01-10T17:19:40","modified_gmt":"2024-01-10T20:19:40","slug":"michel-foucault-devir-do-pensamento-e-multiplicacao-de-praticas","status":"publish","type":"product","link":"https:\/\/ponteseditores.com.br\/loja3\/pontes-editores-home-2__trashed\/linguistica\/michel-foucault-devir-do-pensamento-e-multiplicacao-de-praticas\/","title":{"rendered":"MICHEL FOUCAULT DEVIR DO PENSAMENTO E MULTIPLICA\u00c7\u00c3O DE PR\u00c1TICAS"},"content":{"rendered":"<p class=\"p1\">Pensamentos que comp\u00f5em reflex\u00f5es constru\u00eddas no passado fazem-se pensamento vivo quando se prestam a reflex\u00f5es no presente. E assim que as filosofias historicamente elaboradas, pertencentes que s\u00e3o ao pr\u00f3prio tempo no qual se circunscreveram, permanecem v\u00e1lidas para a atualidade, qualquer atualidade, inclusive a nossa. Assim, um pensamento \u00e9 vivo quando capaz de mover-se no tempo e mover outros tempos; quando provoca desdobramentos a partir dele e para al\u00e9m dele, em pensamentos novos; quando seus desdobramentos s\u00e3o palp\u00e1veis em pr\u00e1ticas concretas.<\/p>\n<p class=\"p1\">O legado de Michel Foucault, seus escritos e seus ditos, cumpre h\u00e1 mais de cinquenta anos as caracter\u00edsticas de um pensamento vivo. Com uma peculiaridade, por\u00e9m. \u00c9 que al\u00e9m de gerar outros pensamentos e outras pr\u00e1ticas, seu pr\u00f3prio pensamento vem se desdobrando a si mesmo na medida da inesperada prolifera\u00e7\u00e3o e divulga\u00e7\u00e3o de trabalhos que foram realizados pelo pr\u00f3prio autor mas que permaneceram at\u00e9 recentemente pouco ou nada conhecidos. Este movimento do pensamento vem se fazendo em sucessivos conjuntos de publica\u00e7\u00f5es.<\/p>\n<p class=\"p1\">O primeiro conjunto, \u00e9 claro, s\u00e3o os numerosos livros publicados durante a vida de Foucault. Em seguida, dez anos ap\u00f3s sua morte, a publica\u00e7\u00e3o, em quatro volumosos tomos, de trabalhos diversos pronunciados (ditos) e redigidos (escritos) ao longo de sua trajet\u00f3ria e em diferentes contextos, precisamente sob o t\u00edtulo Dits et \u00e9crits. Segue-se a edi\u00e7\u00e3o gradativa dos treze Cursos ministrados no Coll\u00e8ge de France.<\/p>\n<p class=\"p1\">E quando tudo parecia j\u00e1 estar dito e escrito, um instigante conjunto de trabalhos quase desconhecidos vem \u00e0 luz. S\u00e3o publica\u00e7\u00f5es novas em sua maioria extra\u00eddas das milhares de p\u00e1ginas que comp\u00f5em os arquivos in\u00e9ditos -ainda em fase de organiza\u00e7\u00e3o &#8211; depositados na Biblioth\u00e9que Nationale de France, tais como: artigos, entrevistas, cursos, organizados em diferentes cole\u00e7\u00f5es (como, por exemplo, a cole\u00e7\u00e3o Philosophie du pr\u00e9sent); edi\u00e7\u00f5es posteriores de Cursos (como Mal faire, dire vrai e Cours sur la sexualit\u00e9); o 4\u00b0 volume de Hist\u00f3ria da Sexualidade (Les aveux dela chair).<\/p>\n","protected":false},"excerpt":{"rendered":"<p>Pensamentos que comp\u00f5em reflex\u00f5es constru\u00eddas no passado fazem-se pensamento vivo quando se prestam a reflex\u00f5es no presente. E assim que as filosofias historicamente elaboradas, pertencentes que s\u00e3o ao pr\u00f3prio tempo no qual se circunscreveram, permanecem v\u00e1lidas para a atualidade, qualquer atualidade, inclusive a nossa.<\/p>\n","protected":false},"featured_media":6537,"comment_status":"open","ping_status":"closed","template":"","meta":{"_joinchat":[]},"product_brand":[],"product_cat":[36,272,31],"product_tag":[],"class_list":{"0":"post-6737","1":"product","2":"type-product","3":"status-publish","4":"has-post-thumbnail","6":"product_cat-analise-do-discurso","7":"product_cat-filosofia","8":"product_cat-linguistica","9":"product_shipping_class-livro-pontes-editores-fisico","11":"first","12":"instock","13":"shipping-taxable","14":"purchasable","15":"product-type-simple"},"yoast_head":"<!-- This site is optimized with the Yoast SEO plugin v27.4 - https:\/\/yoast.com\/product\/yoast-seo-wordpress\/ -->\n<title>MICHEL FOUCAULT DEVIR DO PENSAMENTO E MULTIPLICA\u00c7\u00c3O DE PR\u00c1TICAS - Pontes Editores<\/title>\n<meta name=\"robots\" content=\"index, follow, max-snippet:-1, max-image-preview:large, max-video-preview:-1\" \/>\n<link rel=\"canonical\" href=\"https:\/\/ponteseditores.com.br\/loja3\/pontes-editores-home-2__trashed\/linguistica\/michel-foucault-devir-do-pensamento-e-multiplicacao-de-praticas\/\" \/>\n<meta property=\"og:locale\" content=\"pt_BR\" \/>\n<meta property=\"og:type\" content=\"article\" \/>\n<meta property=\"og:title\" content=\"MICHEL FOUCAULT DEVIR DO PENSAMENTO E MULTIPLICA\u00c7\u00c3O DE PR\u00c1TICAS - Pontes Editores\" \/>\n<meta property=\"og:description\" content=\"Pensamentos que comp\u00f5em reflex\u00f5es constru\u00eddas no passado fazem-se pensamento vivo quando se prestam a reflex\u00f5es no presente. E assim que as filosofias historicamente elaboradas, pertencentes que s\u00e3o ao pr\u00f3prio tempo no qual se circunscreveram, permanecem v\u00e1lidas para a atualidade, qualquer atualidade, inclusive a nossa.\" \/>\n<meta property=\"og:url\" content=\"https:\/\/ponteseditores.com.br\/loja3\/pontes-editores-home-2__trashed\/linguistica\/michel-foucault-devir-do-pensamento-e-multiplicacao-de-praticas\/\" \/>\n<meta property=\"og:site_name\" content=\"Pontes Editores\" \/>\n<meta property=\"article:modified_time\" content=\"2024-01-10T20:19:40+00:00\" \/>\n<meta property=\"og:image\" content=\"https:\/\/ponteseditores.com.br\/loja3\/wp-content\/uploads\/2023\/12\/michel-foucault-devir-do-pensamento.-capa-.jpg\" \/>\n\t<meta property=\"og:image:width\" content=\"1728\" \/>\n\t<meta property=\"og:image:height\" content=\"2443\" \/>\n\t<meta property=\"og:image:type\" content=\"image\/jpeg\" \/>\n<meta name=\"twitter:card\" content=\"summary_large_image\" \/>\n<meta name=\"twitter:label1\" content=\"Est. tempo de leitura\" \/>\n\t<meta name=\"twitter:data1\" content=\"2 minutos\" \/>\n<script type=\"application\/ld+json\" class=\"yoast-schema-graph\">{\"@context\":\"https:\\\/\\\/schema.org\",\"@graph\":[{\"@type\":\"WebPage\",\"@id\":\"https:\\\/\\\/ponteseditores.com.br\\\/loja3\\\/pontes-editores-home-2__trashed\\\/linguistica\\\/michel-foucault-devir-do-pensamento-e-multiplicacao-de-praticas\\\/\",\"url\":\"https:\\\/\\\/ponteseditores.com.br\\\/loja3\\\/pontes-editores-home-2__trashed\\\/linguistica\\\/michel-foucault-devir-do-pensamento-e-multiplicacao-de-praticas\\\/\",\"name\":\"MICHEL FOUCAULT DEVIR DO PENSAMENTO E MULTIPLICA\u00c7\u00c3O DE PR\u00c1TICAS - Pontes Editores\",\"isPartOf\":{\"@id\":\"https:\\\/\\\/ponteseditores.com.br\\\/loja3\\\/#website\"},\"primaryImageOfPage\":{\"@id\":\"https:\\\/\\\/ponteseditores.com.br\\\/loja3\\\/pontes-editores-home-2__trashed\\\/linguistica\\\/michel-foucault-devir-do-pensamento-e-multiplicacao-de-praticas\\\/#primaryimage\"},\"image\":{\"@id\":\"https:\\\/\\\/ponteseditores.com.br\\\/loja3\\\/pontes-editores-home-2__trashed\\\/linguistica\\\/michel-foucault-devir-do-pensamento-e-multiplicacao-de-praticas\\\/#primaryimage\"},\"thumbnailUrl\":\"https:\\\/\\\/ponteseditores.com.br\\\/loja3\\\/wp-content\\\/uploads\\\/2023\\\/12\\\/michel-foucault-devir-do-pensamento.-capa-.jpg\",\"datePublished\":\"2023-12-12T14:38:39+00:00\",\"dateModified\":\"2024-01-10T20:19:40+00:00\",\"breadcrumb\":{\"@id\":\"https:\\\/\\\/ponteseditores.com.br\\\/loja3\\\/pontes-editores-home-2__trashed\\\/linguistica\\\/michel-foucault-devir-do-pensamento-e-multiplicacao-de-praticas\\\/#breadcrumb\"},\"inLanguage\":\"pt-BR\",\"potentialAction\":[{\"@type\":\"ReadAction\",\"target\":[\"https:\\\/\\\/ponteseditores.com.br\\\/loja3\\\/pontes-editores-home-2__trashed\\\/linguistica\\\/michel-foucault-devir-do-pensamento-e-multiplicacao-de-praticas\\\/\"]}]},{\"@type\":\"ImageObject\",\"inLanguage\":\"pt-BR\",\"@id\":\"https:\\\/\\\/ponteseditores.com.br\\\/loja3\\\/pontes-editores-home-2__trashed\\\/linguistica\\\/michel-foucault-devir-do-pensamento-e-multiplicacao-de-praticas\\\/#primaryimage\",\"url\":\"https:\\\/\\\/ponteseditores.com.br\\\/loja3\\\/wp-content\\\/uploads\\\/2023\\\/12\\\/michel-foucault-devir-do-pensamento.-capa-.jpg\",\"contentUrl\":\"https:\\\/\\\/ponteseditores.com.br\\\/loja3\\\/wp-content\\\/uploads\\\/2023\\\/12\\\/michel-foucault-devir-do-pensamento.-capa-.jpg\",\"width\":1728,\"height\":2443},{\"@type\":\"BreadcrumbList\",\"@id\":\"https:\\\/\\\/ponteseditores.com.br\\\/loja3\\\/pontes-editores-home-2__trashed\\\/linguistica\\\/michel-foucault-devir-do-pensamento-e-multiplicacao-de-praticas\\\/#breadcrumb\",\"itemListElement\":[{\"@type\":\"ListItem\",\"position\":1,\"name\":\"Home\",\"item\":\"https:\\\/\\\/ponteseditores.com.br\\\/loja3\\\/\"},{\"@type\":\"ListItem\",\"position\":2,\"name\":\"loja\",\"item\":\"https:\\\/\\\/ponteseditores.com.br\\\/loja3\\\/loja\\\/\"},{\"@type\":\"ListItem\",\"position\":3,\"name\":\"MICHEL FOUCAULT DEVIR DO PENSAMENTO E MULTIPLICA\u00c7\u00c3O DE PR\u00c1TICAS\"}]},{\"@type\":\"WebSite\",\"@id\":\"https:\\\/\\\/ponteseditores.com.br\\\/loja3\\\/#website\",\"url\":\"https:\\\/\\\/ponteseditores.com.br\\\/loja3\\\/\",\"name\":\"Pontes Editores\",\"description\":\"Pontes Editores\",\"publisher\":{\"@id\":\"https:\\\/\\\/ponteseditores.com.br\\\/loja3\\\/#organization\"},\"potentialAction\":[{\"@type\":\"SearchAction\",\"target\":{\"@type\":\"EntryPoint\",\"urlTemplate\":\"https:\\\/\\\/ponteseditores.com.br\\\/loja3\\\/?s={search_term_string}\"},\"query-input\":{\"@type\":\"PropertyValueSpecification\",\"valueRequired\":true,\"valueName\":\"search_term_string\"}}],\"inLanguage\":\"pt-BR\"},{\"@type\":\"Organization\",\"@id\":\"https:\\\/\\\/ponteseditores.com.br\\\/loja3\\\/#organization\",\"name\":\"Pontes Editores\",\"url\":\"https:\\\/\\\/ponteseditores.com.br\\\/loja3\\\/\",\"logo\":{\"@type\":\"ImageObject\",\"inLanguage\":\"pt-BR\",\"@id\":\"https:\\\/\\\/ponteseditores.com.br\\\/loja3\\\/#\\\/schema\\\/logo\\\/image\\\/\",\"url\":\"https:\\\/\\\/ponteseditores.com.br\\\/loja3\\\/wp-content\\\/uploads\\\/2023\\\/12\\\/logo-pontes-editores-v2.png\",\"contentUrl\":\"https:\\\/\\\/ponteseditores.com.br\\\/loja3\\\/wp-content\\\/uploads\\\/2023\\\/12\\\/logo-pontes-editores-v2.png\",\"width\":258,\"height\":100,\"caption\":\"Pontes Editores\"},\"image\":{\"@id\":\"https:\\\/\\\/ponteseditores.com.br\\\/loja3\\\/#\\\/schema\\\/logo\\\/image\\\/\"}}]}<\/script>\n<!-- \/ Yoast SEO plugin. -->","yoast_head_json":{"title":"MICHEL FOUCAULT DEVIR DO PENSAMENTO E MULTIPLICA\u00c7\u00c3O DE PR\u00c1TICAS - Pontes Editores","robots":{"index":"index","follow":"follow","max-snippet":"max-snippet:-1","max-image-preview":"max-image-preview:large","max-video-preview":"max-video-preview:-1"},"canonical":"https:\/\/ponteseditores.com.br\/loja3\/pontes-editores-home-2__trashed\/linguistica\/michel-foucault-devir-do-pensamento-e-multiplicacao-de-praticas\/","og_locale":"pt_BR","og_type":"article","og_title":"MICHEL FOUCAULT DEVIR DO PENSAMENTO E MULTIPLICA\u00c7\u00c3O DE PR\u00c1TICAS - Pontes Editores","og_description":"Pensamentos que comp\u00f5em reflex\u00f5es constru\u00eddas no passado fazem-se pensamento vivo quando se prestam a reflex\u00f5es no presente. E assim que as filosofias historicamente elaboradas, pertencentes que s\u00e3o ao pr\u00f3prio tempo no qual se circunscreveram, permanecem v\u00e1lidas para a atualidade, qualquer atualidade, inclusive a nossa.","og_url":"https:\/\/ponteseditores.com.br\/loja3\/pontes-editores-home-2__trashed\/linguistica\/michel-foucault-devir-do-pensamento-e-multiplicacao-de-praticas\/","og_site_name":"Pontes Editores","article_modified_time":"2024-01-10T20:19:40+00:00","og_image":[{"width":1728,"height":2443,"url":"https:\/\/ponteseditores.com.br\/loja3\/wp-content\/uploads\/2023\/12\/michel-foucault-devir-do-pensamento.-capa-.jpg","type":"image\/jpeg"}],"twitter_card":"summary_large_image","twitter_misc":{"Est. tempo de leitura":"2 minutos"},"schema":{"@context":"https:\/\/schema.org","@graph":[{"@type":"WebPage","@id":"https:\/\/ponteseditores.com.br\/loja3\/pontes-editores-home-2__trashed\/linguistica\/michel-foucault-devir-do-pensamento-e-multiplicacao-de-praticas\/","url":"https:\/\/ponteseditores.com.br\/loja3\/pontes-editores-home-2__trashed\/linguistica\/michel-foucault-devir-do-pensamento-e-multiplicacao-de-praticas\/","name":"MICHEL FOUCAULT DEVIR DO PENSAMENTO E MULTIPLICA\u00c7\u00c3O DE PR\u00c1TICAS - Pontes Editores","isPartOf":{"@id":"https:\/\/ponteseditores.com.br\/loja3\/#website"},"primaryImageOfPage":{"@id":"https:\/\/ponteseditores.com.br\/loja3\/pontes-editores-home-2__trashed\/linguistica\/michel-foucault-devir-do-pensamento-e-multiplicacao-de-praticas\/#primaryimage"},"image":{"@id":"https:\/\/ponteseditores.com.br\/loja3\/pontes-editores-home-2__trashed\/linguistica\/michel-foucault-devir-do-pensamento-e-multiplicacao-de-praticas\/#primaryimage"},"thumbnailUrl":"https:\/\/ponteseditores.com.br\/loja3\/wp-content\/uploads\/2023\/12\/michel-foucault-devir-do-pensamento.-capa-.jpg","datePublished":"2023-12-12T14:38:39+00:00","dateModified":"2024-01-10T20:19:40+00:00","breadcrumb":{"@id":"https:\/\/ponteseditores.com.br\/loja3\/pontes-editores-home-2__trashed\/linguistica\/michel-foucault-devir-do-pensamento-e-multiplicacao-de-praticas\/#breadcrumb"},"inLanguage":"pt-BR","potentialAction":[{"@type":"ReadAction","target":["https:\/\/ponteseditores.com.br\/loja3\/pontes-editores-home-2__trashed\/linguistica\/michel-foucault-devir-do-pensamento-e-multiplicacao-de-praticas\/"]}]},{"@type":"ImageObject","inLanguage":"pt-BR","@id":"https:\/\/ponteseditores.com.br\/loja3\/pontes-editores-home-2__trashed\/linguistica\/michel-foucault-devir-do-pensamento-e-multiplicacao-de-praticas\/#primaryimage","url":"https:\/\/ponteseditores.com.br\/loja3\/wp-content\/uploads\/2023\/12\/michel-foucault-devir-do-pensamento.-capa-.jpg","contentUrl":"https:\/\/ponteseditores.com.br\/loja3\/wp-content\/uploads\/2023\/12\/michel-foucault-devir-do-pensamento.-capa-.jpg","width":1728,"height":2443},{"@type":"BreadcrumbList","@id":"https:\/\/ponteseditores.com.br\/loja3\/pontes-editores-home-2__trashed\/linguistica\/michel-foucault-devir-do-pensamento-e-multiplicacao-de-praticas\/#breadcrumb","itemListElement":[{"@type":"ListItem","position":1,"name":"Home","item":"https:\/\/ponteseditores.com.br\/loja3\/"},{"@type":"ListItem","position":2,"name":"loja","item":"https:\/\/ponteseditores.com.br\/loja3\/loja\/"},{"@type":"ListItem","position":3,"name":"MICHEL FOUCAULT DEVIR DO PENSAMENTO E MULTIPLICA\u00c7\u00c3O DE PR\u00c1TICAS"}]},{"@type":"WebSite","@id":"https:\/\/ponteseditores.com.br\/loja3\/#website","url":"https:\/\/ponteseditores.com.br\/loja3\/","name":"Pontes Editores","description":"Pontes Editores","publisher":{"@id":"https:\/\/ponteseditores.com.br\/loja3\/#organization"},"potentialAction":[{"@type":"SearchAction","target":{"@type":"EntryPoint","urlTemplate":"https:\/\/ponteseditores.com.br\/loja3\/?s={search_term_string}"},"query-input":{"@type":"PropertyValueSpecification","valueRequired":true,"valueName":"search_term_string"}}],"inLanguage":"pt-BR"},{"@type":"Organization","@id":"https:\/\/ponteseditores.com.br\/loja3\/#organization","name":"Pontes Editores","url":"https:\/\/ponteseditores.com.br\/loja3\/","logo":{"@type":"ImageObject","inLanguage":"pt-BR","@id":"https:\/\/ponteseditores.com.br\/loja3\/#\/schema\/logo\/image\/","url":"https:\/\/ponteseditores.com.br\/loja3\/wp-content\/uploads\/2023\/12\/logo-pontes-editores-v2.png","contentUrl":"https:\/\/ponteseditores.com.br\/loja3\/wp-content\/uploads\/2023\/12\/logo-pontes-editores-v2.png","width":258,"height":100,"caption":"Pontes Editores"},"image":{"@id":"https:\/\/ponteseditores.com.br\/loja3\/#\/schema\/logo\/image\/"}}]}},"_links":{"self":[{"href":"https:\/\/ponteseditores.com.br\/loja3\/wp-json\/wp\/v2\/product\/6737","targetHints":{"allow":["GET"]}}],"collection":[{"href":"https:\/\/ponteseditores.com.br\/loja3\/wp-json\/wp\/v2\/product"}],"about":[{"href":"https:\/\/ponteseditores.com.br\/loja3\/wp-json\/wp\/v2\/types\/product"}],"replies":[{"embeddable":true,"href":"https:\/\/ponteseditores.com.br\/loja3\/wp-json\/wp\/v2\/comments?post=6737"}],"version-history":[{"count":0,"href":"https:\/\/ponteseditores.com.br\/loja3\/wp-json\/wp\/v2\/product\/6737\/revisions"}],"wp:featuredmedia":[{"embeddable":true,"href":"https:\/\/ponteseditores.com.br\/loja3\/wp-json\/wp\/v2\/media\/6537"}],"wp:attachment":[{"href":"https:\/\/ponteseditores.com.br\/loja3\/wp-json\/wp\/v2\/media?parent=6737"}],"wp:term":[{"taxonomy":"product_brand","embeddable":true,"href":"https:\/\/ponteseditores.com.br\/loja3\/wp-json\/wp\/v2\/product_brand?post=6737"},{"taxonomy":"product_cat","embeddable":true,"href":"https:\/\/ponteseditores.com.br\/loja3\/wp-json\/wp\/v2\/product_cat?post=6737"},{"taxonomy":"product_tag","embeddable":true,"href":"https:\/\/ponteseditores.com.br\/loja3\/wp-json\/wp\/v2\/product_tag?post=6737"}],"curies":[{"name":"wp","href":"https:\/\/api.w.org\/{rel}","templated":true}]}}