{"id":6702,"date":"2023-12-12T10:24:32","date_gmt":"2023-12-12T13:24:32","guid":{"rendered":"https:\/\/ponteseditores.com.br\/loja3\/?post_type=product&#038;p=6702"},"modified":"2024-01-12T15:52:55","modified_gmt":"2024-01-12T18:52:55","slug":"tessitura-do-conhecimento-em-rede","status":"publish","type":"product","link":"https:\/\/ponteseditores.com.br\/loja3\/pontes-editores-home-2__trashed\/uncategorized\/tessitura-do-conhecimento-em-rede\/","title":{"rendered":"TESSITURA DO CONHECIMENTO EM REDE"},"content":{"rendered":"<p class=\"p1\">A internet nos trouxe frutos com sabor doce ou amargo? O sentimento \u00e9 de estarmos presos ou libertos frente \u00e0s d\u00favidas e quest\u00f5es sociais? Sabemos encontrar a verdade?<\/p>\n<p class=\"p1\">A velocidade de racioc\u00ednio, ansiedade e doen\u00e7as posturais podem estar relacionados ao excesso de horas dedicadas \u00e0s telinhas de celulares e computadores? Familiares, empresas e professores possuem alternativas e estrat\u00e9gias para lidar com tanto bombardeio de informa\u00e7\u00f5es acess\u00edveis \u00e0 palma da m\u00e3o? Estas s\u00e3o algumas das quest\u00f5es abordadas nesta obra no qual levanta tamb\u00e9m discuss\u00f5es sobre antirracismo; pessoas com defici\u00eancia (acessibilidade e inclus\u00e3o); ideologia de g\u00eanero; veganismo; feminismo (equidade de g\u00eanero); pessoas idosas; artistas; ecologistas; trabalho por meio da internet; entretenimento; autoexterm\u00ednio e; extremistas: perversos e ludibriadores digitais.<\/p>\n<p class=\"p1\">O objetivo \u00e9 trazer di\u00e1logos e conceitos a respeito dessas quest\u00f5es, al\u00e9m de proporcionar reflex\u00f5es para solu\u00e7\u00f5es inteligentes de conv\u00edvio. A internet veio para ficar e por isso nossa quest\u00e3o de \u201cSer\u201d recebeu um \u201cup\u201d: o \u201cSer\u201d p\u00f3s-moderno d.I (depois da internet).<\/p>\n<p class=\"p1\">Com o advento da internet o ser que antes era condicionado apenas \u00e0s informa\u00e7\u00f5es prontas tornou-se pesquisador dos seus pr\u00f3prios interesses, produtor de novos conte\u00fados e compartilhador de not\u00edcias e de divers\u00f5es. Mais recentemente, por meio da necessidade de comunica\u00e7\u00e3o devido \u00e0s restri\u00e7\u00f5es de contato pessoal por causa do covid19, a internet\u00a0 tornou-se ref\u00fagio e solu\u00e7\u00e3o, uma notoriedade mundial \u00edmpar. A internet representa o ref\u00fagio das d\u00favidas, mas, tamb\u00e9m, o encontro dos pares, a vit\u00f3ria dos satisfeitos, o aprendizado dos leigos, a descoberta do inusitado, o significado do inimagin\u00e1vel, o gostinho de quero mais dos pesquisadores, a tristeza dos insatisfeitos e a derrota dos cancelados. Um mix de oportunidades e sentimentos. A\u00a0internet nos \u201caprisionou\u201d no mundo virtual, saber usar \u00e9 que pode representar liberta\u00e7\u00e3o. As m\u00e1quinas acompanham a perfei\u00e7\u00e3o, mas a internet, usada de forma indiscriminada nos joga na perdi\u00e7\u00e3o.<\/p>\n<p class=\"p1\">A imortalidade para o futuro e a nostalgia das lembran\u00e7as em um \u00fanico lugar: a internet. Convido voc\u00eas a vivenciarem os di\u00e1logos existentes nessa obra, pois o intuito \u00e9 que voc\u00ea se torne protagonista no per\u00edodo da sua exist\u00eancia.<\/p>\n","protected":false},"excerpt":{"rendered":"<h4 class=\"p1\">O &#8220;Ser&#8221; P\u00f3s Moderno d.i. (depois da internet)<\/h4>\n<p>A internet nos trouxe frutos com sabor doce ou amargo? O sentimento \u00e9 de estarmos presos ou libertos frente \u00e0s d\u00favidas e quest\u00f5es sociais? Sabemos encontrar a verdade?<\/p>\n","protected":false},"featured_media":6554,"comment_status":"open","ping_status":"closed","template":"","meta":{"_joinchat":[]},"product_brand":[],"product_cat":[15],"product_tag":[],"class_list":{"0":"post-6702","1":"product","2":"type-product","3":"status-publish","4":"has-post-thumbnail","6":"product_cat-uncategorized","7":"product_shipping_class-livro-pontes-editores-fisico","9":"first","10":"instock","11":"shipping-taxable","12":"purchasable","13":"product-type-simple"},"yoast_head":"<!-- This site is optimized with the Yoast SEO plugin v27.4 - https:\/\/yoast.com\/product\/yoast-seo-wordpress\/ -->\n<title>TESSITURA DO CONHECIMENTO EM REDE - Pontes Editores<\/title>\n<meta name=\"robots\" content=\"index, follow, max-snippet:-1, max-image-preview:large, max-video-preview:-1\" \/>\n<link rel=\"canonical\" href=\"https:\/\/ponteseditores.com.br\/loja3\/pontes-editores-home-2__trashed\/uncategorized\/tessitura-do-conhecimento-em-rede\/\" \/>\n<meta property=\"og:locale\" content=\"pt_BR\" \/>\n<meta property=\"og:type\" content=\"article\" \/>\n<meta property=\"og:title\" content=\"TESSITURA DO CONHECIMENTO EM REDE - Pontes Editores\" \/>\n<meta property=\"og:description\" content=\"O &quot;Ser&quot; P\u00f3s Moderno d.i. (depois da internet) A internet nos trouxe frutos com sabor doce ou amargo? O sentimento \u00e9 de estarmos presos ou libertos frente \u00e0s d\u00favidas e quest\u00f5es sociais? Sabemos encontrar a verdade?\" \/>\n<meta property=\"og:url\" content=\"https:\/\/ponteseditores.com.br\/loja3\/pontes-editores-home-2__trashed\/uncategorized\/tessitura-do-conhecimento-em-rede\/\" \/>\n<meta property=\"og:site_name\" content=\"Pontes Editores\" \/>\n<meta property=\"article:modified_time\" content=\"2024-01-12T18:52:55+00:00\" \/>\n<meta property=\"og:image\" content=\"https:\/\/ponteseditores.com.br\/loja3\/wp-content\/uploads\/2023\/12\/tessitura-do-conhecimento-em-rede-o-ser-pos-moderno-d.i-capa-.jpg\" \/>\n\t<meta property=\"og:image:width\" content=\"1500\" \/>\n\t<meta property=\"og:image:height\" content=\"2121\" \/>\n\t<meta property=\"og:image:type\" content=\"image\/jpeg\" \/>\n<meta name=\"twitter:card\" content=\"summary_large_image\" \/>\n<meta name=\"twitter:label1\" content=\"Est. tempo de leitura\" \/>\n\t<meta name=\"twitter:data1\" content=\"2 minutos\" \/>\n<script type=\"application\/ld+json\" class=\"yoast-schema-graph\">{\"@context\":\"https:\\\/\\\/schema.org\",\"@graph\":[{\"@type\":\"WebPage\",\"@id\":\"https:\\\/\\\/ponteseditores.com.br\\\/loja3\\\/pontes-editores-home-2__trashed\\\/uncategorized\\\/tessitura-do-conhecimento-em-rede\\\/\",\"url\":\"https:\\\/\\\/ponteseditores.com.br\\\/loja3\\\/pontes-editores-home-2__trashed\\\/uncategorized\\\/tessitura-do-conhecimento-em-rede\\\/\",\"name\":\"TESSITURA DO CONHECIMENTO EM REDE - Pontes Editores\",\"isPartOf\":{\"@id\":\"https:\\\/\\\/ponteseditores.com.br\\\/loja3\\\/#website\"},\"primaryImageOfPage\":{\"@id\":\"https:\\\/\\\/ponteseditores.com.br\\\/loja3\\\/pontes-editores-home-2__trashed\\\/uncategorized\\\/tessitura-do-conhecimento-em-rede\\\/#primaryimage\"},\"image\":{\"@id\":\"https:\\\/\\\/ponteseditores.com.br\\\/loja3\\\/pontes-editores-home-2__trashed\\\/uncategorized\\\/tessitura-do-conhecimento-em-rede\\\/#primaryimage\"},\"thumbnailUrl\":\"https:\\\/\\\/ponteseditores.com.br\\\/loja3\\\/wp-content\\\/uploads\\\/2023\\\/12\\\/tessitura-do-conhecimento-em-rede-o-ser-pos-moderno-d.i-capa-.jpg\",\"datePublished\":\"2023-12-12T13:24:32+00:00\",\"dateModified\":\"2024-01-12T18:52:55+00:00\",\"breadcrumb\":{\"@id\":\"https:\\\/\\\/ponteseditores.com.br\\\/loja3\\\/pontes-editores-home-2__trashed\\\/uncategorized\\\/tessitura-do-conhecimento-em-rede\\\/#breadcrumb\"},\"inLanguage\":\"pt-BR\",\"potentialAction\":[{\"@type\":\"ReadAction\",\"target\":[\"https:\\\/\\\/ponteseditores.com.br\\\/loja3\\\/pontes-editores-home-2__trashed\\\/uncategorized\\\/tessitura-do-conhecimento-em-rede\\\/\"]}]},{\"@type\":\"ImageObject\",\"inLanguage\":\"pt-BR\",\"@id\":\"https:\\\/\\\/ponteseditores.com.br\\\/loja3\\\/pontes-editores-home-2__trashed\\\/uncategorized\\\/tessitura-do-conhecimento-em-rede\\\/#primaryimage\",\"url\":\"https:\\\/\\\/ponteseditores.com.br\\\/loja3\\\/wp-content\\\/uploads\\\/2023\\\/12\\\/tessitura-do-conhecimento-em-rede-o-ser-pos-moderno-d.i-capa-.jpg\",\"contentUrl\":\"https:\\\/\\\/ponteseditores.com.br\\\/loja3\\\/wp-content\\\/uploads\\\/2023\\\/12\\\/tessitura-do-conhecimento-em-rede-o-ser-pos-moderno-d.i-capa-.jpg\",\"width\":1500,\"height\":2121},{\"@type\":\"BreadcrumbList\",\"@id\":\"https:\\\/\\\/ponteseditores.com.br\\\/loja3\\\/pontes-editores-home-2__trashed\\\/uncategorized\\\/tessitura-do-conhecimento-em-rede\\\/#breadcrumb\",\"itemListElement\":[{\"@type\":\"ListItem\",\"position\":1,\"name\":\"Home\",\"item\":\"https:\\\/\\\/ponteseditores.com.br\\\/loja3\\\/\"},{\"@type\":\"ListItem\",\"position\":2,\"name\":\"loja\",\"item\":\"https:\\\/\\\/ponteseditores.com.br\\\/loja3\\\/loja\\\/\"},{\"@type\":\"ListItem\",\"position\":3,\"name\":\"TESSITURA DO CONHECIMENTO EM REDE\"}]},{\"@type\":\"WebSite\",\"@id\":\"https:\\\/\\\/ponteseditores.com.br\\\/loja3\\\/#website\",\"url\":\"https:\\\/\\\/ponteseditores.com.br\\\/loja3\\\/\",\"name\":\"Pontes Editores\",\"description\":\"Pontes Editores\",\"publisher\":{\"@id\":\"https:\\\/\\\/ponteseditores.com.br\\\/loja3\\\/#organization\"},\"potentialAction\":[{\"@type\":\"SearchAction\",\"target\":{\"@type\":\"EntryPoint\",\"urlTemplate\":\"https:\\\/\\\/ponteseditores.com.br\\\/loja3\\\/?s={search_term_string}\"},\"query-input\":{\"@type\":\"PropertyValueSpecification\",\"valueRequired\":true,\"valueName\":\"search_term_string\"}}],\"inLanguage\":\"pt-BR\"},{\"@type\":\"Organization\",\"@id\":\"https:\\\/\\\/ponteseditores.com.br\\\/loja3\\\/#organization\",\"name\":\"Pontes Editores\",\"url\":\"https:\\\/\\\/ponteseditores.com.br\\\/loja3\\\/\",\"logo\":{\"@type\":\"ImageObject\",\"inLanguage\":\"pt-BR\",\"@id\":\"https:\\\/\\\/ponteseditores.com.br\\\/loja3\\\/#\\\/schema\\\/logo\\\/image\\\/\",\"url\":\"https:\\\/\\\/ponteseditores.com.br\\\/loja3\\\/wp-content\\\/uploads\\\/2023\\\/12\\\/logo-pontes-editores-v2.png\",\"contentUrl\":\"https:\\\/\\\/ponteseditores.com.br\\\/loja3\\\/wp-content\\\/uploads\\\/2023\\\/12\\\/logo-pontes-editores-v2.png\",\"width\":258,\"height\":100,\"caption\":\"Pontes Editores\"},\"image\":{\"@id\":\"https:\\\/\\\/ponteseditores.com.br\\\/loja3\\\/#\\\/schema\\\/logo\\\/image\\\/\"}}]}<\/script>\n<!-- \/ Yoast SEO plugin. -->","yoast_head_json":{"title":"TESSITURA DO CONHECIMENTO EM REDE - Pontes Editores","robots":{"index":"index","follow":"follow","max-snippet":"max-snippet:-1","max-image-preview":"max-image-preview:large","max-video-preview":"max-video-preview:-1"},"canonical":"https:\/\/ponteseditores.com.br\/loja3\/pontes-editores-home-2__trashed\/uncategorized\/tessitura-do-conhecimento-em-rede\/","og_locale":"pt_BR","og_type":"article","og_title":"TESSITURA DO CONHECIMENTO EM REDE - Pontes Editores","og_description":"O \"Ser\" P\u00f3s Moderno d.i. (depois da internet) A internet nos trouxe frutos com sabor doce ou amargo? O sentimento \u00e9 de estarmos presos ou libertos frente \u00e0s d\u00favidas e quest\u00f5es sociais? Sabemos encontrar a verdade?","og_url":"https:\/\/ponteseditores.com.br\/loja3\/pontes-editores-home-2__trashed\/uncategorized\/tessitura-do-conhecimento-em-rede\/","og_site_name":"Pontes Editores","article_modified_time":"2024-01-12T18:52:55+00:00","og_image":[{"width":1500,"height":2121,"url":"https:\/\/ponteseditores.com.br\/loja3\/wp-content\/uploads\/2023\/12\/tessitura-do-conhecimento-em-rede-o-ser-pos-moderno-d.i-capa-.jpg","type":"image\/jpeg"}],"twitter_card":"summary_large_image","twitter_misc":{"Est. tempo de leitura":"2 minutos"},"schema":{"@context":"https:\/\/schema.org","@graph":[{"@type":"WebPage","@id":"https:\/\/ponteseditores.com.br\/loja3\/pontes-editores-home-2__trashed\/uncategorized\/tessitura-do-conhecimento-em-rede\/","url":"https:\/\/ponteseditores.com.br\/loja3\/pontes-editores-home-2__trashed\/uncategorized\/tessitura-do-conhecimento-em-rede\/","name":"TESSITURA DO CONHECIMENTO EM REDE - Pontes Editores","isPartOf":{"@id":"https:\/\/ponteseditores.com.br\/loja3\/#website"},"primaryImageOfPage":{"@id":"https:\/\/ponteseditores.com.br\/loja3\/pontes-editores-home-2__trashed\/uncategorized\/tessitura-do-conhecimento-em-rede\/#primaryimage"},"image":{"@id":"https:\/\/ponteseditores.com.br\/loja3\/pontes-editores-home-2__trashed\/uncategorized\/tessitura-do-conhecimento-em-rede\/#primaryimage"},"thumbnailUrl":"https:\/\/ponteseditores.com.br\/loja3\/wp-content\/uploads\/2023\/12\/tessitura-do-conhecimento-em-rede-o-ser-pos-moderno-d.i-capa-.jpg","datePublished":"2023-12-12T13:24:32+00:00","dateModified":"2024-01-12T18:52:55+00:00","breadcrumb":{"@id":"https:\/\/ponteseditores.com.br\/loja3\/pontes-editores-home-2__trashed\/uncategorized\/tessitura-do-conhecimento-em-rede\/#breadcrumb"},"inLanguage":"pt-BR","potentialAction":[{"@type":"ReadAction","target":["https:\/\/ponteseditores.com.br\/loja3\/pontes-editores-home-2__trashed\/uncategorized\/tessitura-do-conhecimento-em-rede\/"]}]},{"@type":"ImageObject","inLanguage":"pt-BR","@id":"https:\/\/ponteseditores.com.br\/loja3\/pontes-editores-home-2__trashed\/uncategorized\/tessitura-do-conhecimento-em-rede\/#primaryimage","url":"https:\/\/ponteseditores.com.br\/loja3\/wp-content\/uploads\/2023\/12\/tessitura-do-conhecimento-em-rede-o-ser-pos-moderno-d.i-capa-.jpg","contentUrl":"https:\/\/ponteseditores.com.br\/loja3\/wp-content\/uploads\/2023\/12\/tessitura-do-conhecimento-em-rede-o-ser-pos-moderno-d.i-capa-.jpg","width":1500,"height":2121},{"@type":"BreadcrumbList","@id":"https:\/\/ponteseditores.com.br\/loja3\/pontes-editores-home-2__trashed\/uncategorized\/tessitura-do-conhecimento-em-rede\/#breadcrumb","itemListElement":[{"@type":"ListItem","position":1,"name":"Home","item":"https:\/\/ponteseditores.com.br\/loja3\/"},{"@type":"ListItem","position":2,"name":"loja","item":"https:\/\/ponteseditores.com.br\/loja3\/loja\/"},{"@type":"ListItem","position":3,"name":"TESSITURA DO CONHECIMENTO EM REDE"}]},{"@type":"WebSite","@id":"https:\/\/ponteseditores.com.br\/loja3\/#website","url":"https:\/\/ponteseditores.com.br\/loja3\/","name":"Pontes Editores","description":"Pontes Editores","publisher":{"@id":"https:\/\/ponteseditores.com.br\/loja3\/#organization"},"potentialAction":[{"@type":"SearchAction","target":{"@type":"EntryPoint","urlTemplate":"https:\/\/ponteseditores.com.br\/loja3\/?s={search_term_string}"},"query-input":{"@type":"PropertyValueSpecification","valueRequired":true,"valueName":"search_term_string"}}],"inLanguage":"pt-BR"},{"@type":"Organization","@id":"https:\/\/ponteseditores.com.br\/loja3\/#organization","name":"Pontes Editores","url":"https:\/\/ponteseditores.com.br\/loja3\/","logo":{"@type":"ImageObject","inLanguage":"pt-BR","@id":"https:\/\/ponteseditores.com.br\/loja3\/#\/schema\/logo\/image\/","url":"https:\/\/ponteseditores.com.br\/loja3\/wp-content\/uploads\/2023\/12\/logo-pontes-editores-v2.png","contentUrl":"https:\/\/ponteseditores.com.br\/loja3\/wp-content\/uploads\/2023\/12\/logo-pontes-editores-v2.png","width":258,"height":100,"caption":"Pontes Editores"},"image":{"@id":"https:\/\/ponteseditores.com.br\/loja3\/#\/schema\/logo\/image\/"}}]}},"_links":{"self":[{"href":"https:\/\/ponteseditores.com.br\/loja3\/wp-json\/wp\/v2\/product\/6702","targetHints":{"allow":["GET"]}}],"collection":[{"href":"https:\/\/ponteseditores.com.br\/loja3\/wp-json\/wp\/v2\/product"}],"about":[{"href":"https:\/\/ponteseditores.com.br\/loja3\/wp-json\/wp\/v2\/types\/product"}],"replies":[{"embeddable":true,"href":"https:\/\/ponteseditores.com.br\/loja3\/wp-json\/wp\/v2\/comments?post=6702"}],"version-history":[{"count":0,"href":"https:\/\/ponteseditores.com.br\/loja3\/wp-json\/wp\/v2\/product\/6702\/revisions"}],"wp:featuredmedia":[{"embeddable":true,"href":"https:\/\/ponteseditores.com.br\/loja3\/wp-json\/wp\/v2\/media\/6554"}],"wp:attachment":[{"href":"https:\/\/ponteseditores.com.br\/loja3\/wp-json\/wp\/v2\/media?parent=6702"}],"wp:term":[{"taxonomy":"product_brand","embeddable":true,"href":"https:\/\/ponteseditores.com.br\/loja3\/wp-json\/wp\/v2\/product_brand?post=6702"},{"taxonomy":"product_cat","embeddable":true,"href":"https:\/\/ponteseditores.com.br\/loja3\/wp-json\/wp\/v2\/product_cat?post=6702"},{"taxonomy":"product_tag","embeddable":true,"href":"https:\/\/ponteseditores.com.br\/loja3\/wp-json\/wp\/v2\/product_tag?post=6702"}],"curies":[{"name":"wp","href":"https:\/\/api.w.org\/{rel}","templated":true}]}}