{"id":6693,"date":"2023-12-12T10:04:22","date_gmt":"2023-12-12T13:04:22","guid":{"rendered":"https:\/\/ponteseditores.com.br\/loja3\/?post_type=product&#038;p=6693"},"modified":"2024-01-10T17:29:26","modified_gmt":"2024-01-10T20:29:26","slug":"valor-e-exploracao-do-trabalho","status":"publish","type":"product","link":"https:\/\/ponteseditores.com.br\/loja3\/pontes-editores-home-2__trashed\/ciencia-sociais\/valor-e-exploracao-do-trabalho\/","title":{"rendered":"VALOR E EXPLORA\u00c7\u00c3O DO TRABALHO"},"content":{"rendered":"<p class=\"p1\">A hist\u00f3ria do capitalismo \u00e9 dupla na qual cada desenvolvimento cont\u00e9m em si as sementes de sua pr\u00f3pria destrui\u00e7\u00e3o&#8230; Agora que temos uma for\u00e7a de trabalho global digitalmente administrada que requer telefones inteligentes ou computadores port\u00e1teis com um aplicativo para ser chamado a trabalhar, ent\u00e3o essas novas ferramentas podem ser usadas para organizar a resist\u00eancia.<\/p>\n<p class=\"p1\">E enquanto o desenvolvimento ulterior do capitalismo requerer inova\u00e7\u00e3o ent\u00e3o os trabalhadores que experimentam novas maneiras de fazer coisas, geram novas ideias e imaginam novas aplica\u00e7\u00f5es e solu\u00e7\u00f5es organizacionais podem usar sua habilidade, intelig\u00eancia e criatividade para inventar formas alternativas de viver e organizar a economia e a sociedade. Semeie o vento e colha a tempestade. Ursula Huws &#8211; Autora de in\u00fameros livros e textos sobre valor, trabalho e resist\u00eancia na atualidade digital.<\/p>\n","protected":false},"excerpt":{"rendered":"<h4 class=\"p1\">Capitalismo de Plataforma e Covid 19<\/h4>\n<p class=\"p1\">A hist\u00f3ria do capitalismo \u00e9 dupla na qual cada desenvolvimento cont\u00e9m em si as sementes de sua pr\u00f3pria destrui\u00e7\u00e3o&#8230; Agora que temos uma for\u00e7a de trabalho global digitalmente administrada que requer telefones inteligentes ou computadores port\u00e1teis com um aplicativo para ser chamado a trabalhar, ent\u00e3o essas novas ferramentas podem ser usadas para organizar a resist\u00eancia.<\/p>\n","protected":false},"featured_media":6558,"comment_status":"open","ping_status":"closed","template":"","meta":{"_joinchat":[]},"product_brand":[],"product_cat":[30],"product_tag":[],"class_list":{"0":"post-6693","1":"product","2":"type-product","3":"status-publish","4":"has-post-thumbnail","6":"product_cat-ciencia-sociais","7":"product_shipping_class-livro-pontes-editores-fisico","9":"first","10":"instock","11":"shipping-taxable","12":"purchasable","13":"product-type-simple"},"yoast_head":"<!-- This site is optimized with the Yoast SEO plugin v27.4 - https:\/\/yoast.com\/product\/yoast-seo-wordpress\/ -->\n<title>VALOR E EXPLORA\u00c7\u00c3O DO TRABALHO - Pontes Editores<\/title>\n<meta name=\"robots\" content=\"index, follow, max-snippet:-1, max-image-preview:large, max-video-preview:-1\" \/>\n<link rel=\"canonical\" href=\"https:\/\/ponteseditores.com.br\/loja3\/pontes-editores-home-2__trashed\/ciencia-sociais\/valor-e-exploracao-do-trabalho\/\" \/>\n<meta property=\"og:locale\" content=\"pt_BR\" \/>\n<meta property=\"og:type\" content=\"article\" \/>\n<meta property=\"og:title\" content=\"VALOR E EXPLORA\u00c7\u00c3O DO TRABALHO - Pontes Editores\" \/>\n<meta property=\"og:description\" content=\"Capitalismo de Plataforma e Covid 19 A hist\u00f3ria do capitalismo \u00e9 dupla na qual cada desenvolvimento cont\u00e9m em si as sementes de sua pr\u00f3pria destrui\u00e7\u00e3o... Agora que temos uma for\u00e7a de trabalho global digitalmente administrada que requer telefones inteligentes ou computadores port\u00e1teis com um aplicativo para ser chamado a trabalhar, ent\u00e3o essas novas ferramentas podem ser usadas para organizar a resist\u00eancia.\" \/>\n<meta property=\"og:url\" content=\"https:\/\/ponteseditores.com.br\/loja3\/pontes-editores-home-2__trashed\/ciencia-sociais\/valor-e-exploracao-do-trabalho\/\" \/>\n<meta property=\"og:site_name\" content=\"Pontes Editores\" \/>\n<meta property=\"article:modified_time\" content=\"2024-01-10T20:29:26+00:00\" \/>\n<meta property=\"og:image\" content=\"https:\/\/ponteseditores.com.br\/loja3\/wp-content\/uploads\/2023\/12\/valor-e-explora\u2021\u05b6o-do-trabalho-capa-.jpg\" \/>\n\t<meta property=\"og:image:width\" content=\"1500\" \/>\n\t<meta property=\"og:image:height\" content=\"2121\" \/>\n\t<meta property=\"og:image:type\" content=\"image\/jpeg\" \/>\n<meta name=\"twitter:card\" content=\"summary_large_image\" \/>\n<meta name=\"twitter:label1\" content=\"Est. tempo de leitura\" \/>\n\t<meta name=\"twitter:data1\" content=\"1 minuto\" \/>\n<script type=\"application\/ld+json\" class=\"yoast-schema-graph\">{\"@context\":\"https:\\\/\\\/schema.org\",\"@graph\":[{\"@type\":\"WebPage\",\"@id\":\"https:\\\/\\\/ponteseditores.com.br\\\/loja3\\\/pontes-editores-home-2__trashed\\\/ciencia-sociais\\\/valor-e-exploracao-do-trabalho\\\/\",\"url\":\"https:\\\/\\\/ponteseditores.com.br\\\/loja3\\\/pontes-editores-home-2__trashed\\\/ciencia-sociais\\\/valor-e-exploracao-do-trabalho\\\/\",\"name\":\"VALOR E EXPLORA\u00c7\u00c3O DO TRABALHO - Pontes Editores\",\"isPartOf\":{\"@id\":\"https:\\\/\\\/ponteseditores.com.br\\\/loja3\\\/#website\"},\"primaryImageOfPage\":{\"@id\":\"https:\\\/\\\/ponteseditores.com.br\\\/loja3\\\/pontes-editores-home-2__trashed\\\/ciencia-sociais\\\/valor-e-exploracao-do-trabalho\\\/#primaryimage\"},\"image\":{\"@id\":\"https:\\\/\\\/ponteseditores.com.br\\\/loja3\\\/pontes-editores-home-2__trashed\\\/ciencia-sociais\\\/valor-e-exploracao-do-trabalho\\\/#primaryimage\"},\"thumbnailUrl\":\"https:\\\/\\\/ponteseditores.com.br\\\/loja3\\\/wp-content\\\/uploads\\\/2023\\\/12\\\/valor-e-explora\u2021\u05b6o-do-trabalho-capa-.jpg\",\"datePublished\":\"2023-12-12T13:04:22+00:00\",\"dateModified\":\"2024-01-10T20:29:26+00:00\",\"breadcrumb\":{\"@id\":\"https:\\\/\\\/ponteseditores.com.br\\\/loja3\\\/pontes-editores-home-2__trashed\\\/ciencia-sociais\\\/valor-e-exploracao-do-trabalho\\\/#breadcrumb\"},\"inLanguage\":\"pt-BR\",\"potentialAction\":[{\"@type\":\"ReadAction\",\"target\":[\"https:\\\/\\\/ponteseditores.com.br\\\/loja3\\\/pontes-editores-home-2__trashed\\\/ciencia-sociais\\\/valor-e-exploracao-do-trabalho\\\/\"]}]},{\"@type\":\"ImageObject\",\"inLanguage\":\"pt-BR\",\"@id\":\"https:\\\/\\\/ponteseditores.com.br\\\/loja3\\\/pontes-editores-home-2__trashed\\\/ciencia-sociais\\\/valor-e-exploracao-do-trabalho\\\/#primaryimage\",\"url\":\"https:\\\/\\\/ponteseditores.com.br\\\/loja3\\\/wp-content\\\/uploads\\\/2023\\\/12\\\/valor-e-explora\u2021\u05b6o-do-trabalho-capa-.jpg\",\"contentUrl\":\"https:\\\/\\\/ponteseditores.com.br\\\/loja3\\\/wp-content\\\/uploads\\\/2023\\\/12\\\/valor-e-explora\u2021\u05b6o-do-trabalho-capa-.jpg\",\"width\":1500,\"height\":2121},{\"@type\":\"BreadcrumbList\",\"@id\":\"https:\\\/\\\/ponteseditores.com.br\\\/loja3\\\/pontes-editores-home-2__trashed\\\/ciencia-sociais\\\/valor-e-exploracao-do-trabalho\\\/#breadcrumb\",\"itemListElement\":[{\"@type\":\"ListItem\",\"position\":1,\"name\":\"Home\",\"item\":\"https:\\\/\\\/ponteseditores.com.br\\\/loja3\\\/\"},{\"@type\":\"ListItem\",\"position\":2,\"name\":\"loja\",\"item\":\"https:\\\/\\\/ponteseditores.com.br\\\/loja3\\\/loja\\\/\"},{\"@type\":\"ListItem\",\"position\":3,\"name\":\"VALOR E EXPLORA\u00c7\u00c3O DO TRABALHO\"}]},{\"@type\":\"WebSite\",\"@id\":\"https:\\\/\\\/ponteseditores.com.br\\\/loja3\\\/#website\",\"url\":\"https:\\\/\\\/ponteseditores.com.br\\\/loja3\\\/\",\"name\":\"Pontes Editores\",\"description\":\"Pontes Editores\",\"publisher\":{\"@id\":\"https:\\\/\\\/ponteseditores.com.br\\\/loja3\\\/#organization\"},\"potentialAction\":[{\"@type\":\"SearchAction\",\"target\":{\"@type\":\"EntryPoint\",\"urlTemplate\":\"https:\\\/\\\/ponteseditores.com.br\\\/loja3\\\/?s={search_term_string}\"},\"query-input\":{\"@type\":\"PropertyValueSpecification\",\"valueRequired\":true,\"valueName\":\"search_term_string\"}}],\"inLanguage\":\"pt-BR\"},{\"@type\":\"Organization\",\"@id\":\"https:\\\/\\\/ponteseditores.com.br\\\/loja3\\\/#organization\",\"name\":\"Pontes Editores\",\"url\":\"https:\\\/\\\/ponteseditores.com.br\\\/loja3\\\/\",\"logo\":{\"@type\":\"ImageObject\",\"inLanguage\":\"pt-BR\",\"@id\":\"https:\\\/\\\/ponteseditores.com.br\\\/loja3\\\/#\\\/schema\\\/logo\\\/image\\\/\",\"url\":\"https:\\\/\\\/ponteseditores.com.br\\\/loja3\\\/wp-content\\\/uploads\\\/2023\\\/12\\\/logo-pontes-editores-v2.png\",\"contentUrl\":\"https:\\\/\\\/ponteseditores.com.br\\\/loja3\\\/wp-content\\\/uploads\\\/2023\\\/12\\\/logo-pontes-editores-v2.png\",\"width\":258,\"height\":100,\"caption\":\"Pontes Editores\"},\"image\":{\"@id\":\"https:\\\/\\\/ponteseditores.com.br\\\/loja3\\\/#\\\/schema\\\/logo\\\/image\\\/\"}}]}<\/script>\n<!-- \/ Yoast SEO plugin. -->","yoast_head_json":{"title":"VALOR E EXPLORA\u00c7\u00c3O DO TRABALHO - Pontes Editores","robots":{"index":"index","follow":"follow","max-snippet":"max-snippet:-1","max-image-preview":"max-image-preview:large","max-video-preview":"max-video-preview:-1"},"canonical":"https:\/\/ponteseditores.com.br\/loja3\/pontes-editores-home-2__trashed\/ciencia-sociais\/valor-e-exploracao-do-trabalho\/","og_locale":"pt_BR","og_type":"article","og_title":"VALOR E EXPLORA\u00c7\u00c3O DO TRABALHO - Pontes Editores","og_description":"Capitalismo de Plataforma e Covid 19 A hist\u00f3ria do capitalismo \u00e9 dupla na qual cada desenvolvimento cont\u00e9m em si as sementes de sua pr\u00f3pria destrui\u00e7\u00e3o... Agora que temos uma for\u00e7a de trabalho global digitalmente administrada que requer telefones inteligentes ou computadores port\u00e1teis com um aplicativo para ser chamado a trabalhar, ent\u00e3o essas novas ferramentas podem ser usadas para organizar a resist\u00eancia.","og_url":"https:\/\/ponteseditores.com.br\/loja3\/pontes-editores-home-2__trashed\/ciencia-sociais\/valor-e-exploracao-do-trabalho\/","og_site_name":"Pontes Editores","article_modified_time":"2024-01-10T20:29:26+00:00","og_image":[{"width":1500,"height":2121,"url":"https:\/\/ponteseditores.com.br\/loja3\/wp-content\/uploads\/2023\/12\/valor-e-explora\u2021\u05b6o-do-trabalho-capa-.jpg","type":"image\/jpeg"}],"twitter_card":"summary_large_image","twitter_misc":{"Est. tempo de leitura":"1 minuto"},"schema":{"@context":"https:\/\/schema.org","@graph":[{"@type":"WebPage","@id":"https:\/\/ponteseditores.com.br\/loja3\/pontes-editores-home-2__trashed\/ciencia-sociais\/valor-e-exploracao-do-trabalho\/","url":"https:\/\/ponteseditores.com.br\/loja3\/pontes-editores-home-2__trashed\/ciencia-sociais\/valor-e-exploracao-do-trabalho\/","name":"VALOR E EXPLORA\u00c7\u00c3O DO TRABALHO - Pontes Editores","isPartOf":{"@id":"https:\/\/ponteseditores.com.br\/loja3\/#website"},"primaryImageOfPage":{"@id":"https:\/\/ponteseditores.com.br\/loja3\/pontes-editores-home-2__trashed\/ciencia-sociais\/valor-e-exploracao-do-trabalho\/#primaryimage"},"image":{"@id":"https:\/\/ponteseditores.com.br\/loja3\/pontes-editores-home-2__trashed\/ciencia-sociais\/valor-e-exploracao-do-trabalho\/#primaryimage"},"thumbnailUrl":"https:\/\/ponteseditores.com.br\/loja3\/wp-content\/uploads\/2023\/12\/valor-e-explora\u2021\u05b6o-do-trabalho-capa-.jpg","datePublished":"2023-12-12T13:04:22+00:00","dateModified":"2024-01-10T20:29:26+00:00","breadcrumb":{"@id":"https:\/\/ponteseditores.com.br\/loja3\/pontes-editores-home-2__trashed\/ciencia-sociais\/valor-e-exploracao-do-trabalho\/#breadcrumb"},"inLanguage":"pt-BR","potentialAction":[{"@type":"ReadAction","target":["https:\/\/ponteseditores.com.br\/loja3\/pontes-editores-home-2__trashed\/ciencia-sociais\/valor-e-exploracao-do-trabalho\/"]}]},{"@type":"ImageObject","inLanguage":"pt-BR","@id":"https:\/\/ponteseditores.com.br\/loja3\/pontes-editores-home-2__trashed\/ciencia-sociais\/valor-e-exploracao-do-trabalho\/#primaryimage","url":"https:\/\/ponteseditores.com.br\/loja3\/wp-content\/uploads\/2023\/12\/valor-e-explora\u2021\u05b6o-do-trabalho-capa-.jpg","contentUrl":"https:\/\/ponteseditores.com.br\/loja3\/wp-content\/uploads\/2023\/12\/valor-e-explora\u2021\u05b6o-do-trabalho-capa-.jpg","width":1500,"height":2121},{"@type":"BreadcrumbList","@id":"https:\/\/ponteseditores.com.br\/loja3\/pontes-editores-home-2__trashed\/ciencia-sociais\/valor-e-exploracao-do-trabalho\/#breadcrumb","itemListElement":[{"@type":"ListItem","position":1,"name":"Home","item":"https:\/\/ponteseditores.com.br\/loja3\/"},{"@type":"ListItem","position":2,"name":"loja","item":"https:\/\/ponteseditores.com.br\/loja3\/loja\/"},{"@type":"ListItem","position":3,"name":"VALOR E EXPLORA\u00c7\u00c3O DO TRABALHO"}]},{"@type":"WebSite","@id":"https:\/\/ponteseditores.com.br\/loja3\/#website","url":"https:\/\/ponteseditores.com.br\/loja3\/","name":"Pontes Editores","description":"Pontes Editores","publisher":{"@id":"https:\/\/ponteseditores.com.br\/loja3\/#organization"},"potentialAction":[{"@type":"SearchAction","target":{"@type":"EntryPoint","urlTemplate":"https:\/\/ponteseditores.com.br\/loja3\/?s={search_term_string}"},"query-input":{"@type":"PropertyValueSpecification","valueRequired":true,"valueName":"search_term_string"}}],"inLanguage":"pt-BR"},{"@type":"Organization","@id":"https:\/\/ponteseditores.com.br\/loja3\/#organization","name":"Pontes Editores","url":"https:\/\/ponteseditores.com.br\/loja3\/","logo":{"@type":"ImageObject","inLanguage":"pt-BR","@id":"https:\/\/ponteseditores.com.br\/loja3\/#\/schema\/logo\/image\/","url":"https:\/\/ponteseditores.com.br\/loja3\/wp-content\/uploads\/2023\/12\/logo-pontes-editores-v2.png","contentUrl":"https:\/\/ponteseditores.com.br\/loja3\/wp-content\/uploads\/2023\/12\/logo-pontes-editores-v2.png","width":258,"height":100,"caption":"Pontes Editores"},"image":{"@id":"https:\/\/ponteseditores.com.br\/loja3\/#\/schema\/logo\/image\/"}}]}},"_links":{"self":[{"href":"https:\/\/ponteseditores.com.br\/loja3\/wp-json\/wp\/v2\/product\/6693","targetHints":{"allow":["GET"]}}],"collection":[{"href":"https:\/\/ponteseditores.com.br\/loja3\/wp-json\/wp\/v2\/product"}],"about":[{"href":"https:\/\/ponteseditores.com.br\/loja3\/wp-json\/wp\/v2\/types\/product"}],"replies":[{"embeddable":true,"href":"https:\/\/ponteseditores.com.br\/loja3\/wp-json\/wp\/v2\/comments?post=6693"}],"version-history":[{"count":0,"href":"https:\/\/ponteseditores.com.br\/loja3\/wp-json\/wp\/v2\/product\/6693\/revisions"}],"wp:featuredmedia":[{"embeddable":true,"href":"https:\/\/ponteseditores.com.br\/loja3\/wp-json\/wp\/v2\/media\/6558"}],"wp:attachment":[{"href":"https:\/\/ponteseditores.com.br\/loja3\/wp-json\/wp\/v2\/media?parent=6693"}],"wp:term":[{"taxonomy":"product_brand","embeddable":true,"href":"https:\/\/ponteseditores.com.br\/loja3\/wp-json\/wp\/v2\/product_brand?post=6693"},{"taxonomy":"product_cat","embeddable":true,"href":"https:\/\/ponteseditores.com.br\/loja3\/wp-json\/wp\/v2\/product_cat?post=6693"},{"taxonomy":"product_tag","embeddable":true,"href":"https:\/\/ponteseditores.com.br\/loja3\/wp-json\/wp\/v2\/product_tag?post=6693"}],"curies":[{"name":"wp","href":"https:\/\/api.w.org\/{rel}","templated":true}]}}