{"id":6517,"date":"2023-12-12T01:18:18","date_gmt":"2023-12-12T04:18:18","guid":{"rendered":"https:\/\/ponteseditores.com.br\/loja3\/?post_type=product&#038;p=6517"},"modified":"2024-01-12T16:04:59","modified_gmt":"2024-01-12T19:04:59","slug":"lingua-linguagem-e-vida","status":"publish","type":"product","link":"https:\/\/ponteseditores.com.br\/loja3\/pontes-editores-home-2__trashed\/didatica\/lingua-linguagem-e-vida\/","title":{"rendered":"L\u00cdNGUA, LINGUAGEM E VIDA"},"content":{"rendered":"<p class=\"p1\">L\u00edngua, Linguagem e Vida \u00e9 um livro que se apresenta para n\u00f3s conjugando, sem d\u00favidas, teorias e afetos. E isso se deve ao fato de a homenageada nesta obra, a professora Maria Luisa Ort\u00edz Alvarez, ser reconhecida incontornavelmente como uma grande professora e pesquisadora que sabe bem, em seu fazer di\u00e1rio, oferecer a seus alunos e colegas o calor da empatia e da humanidade e a inquietude do saber.<\/p>\n<p class=\"p1\">N\u00e3o \u00e9, portanto, por acaso que este livro seja constitu\u00eddo por um conjunto de textos, produzidos por diferentes professores e pesquisadores, comprometidos te\u00f3rica e politicamente com o desenvolvimento dos estudos da linguagem no Brasil, mas que n\u00e3o deixam de marcar seus v\u00ednculos afetivos de amizade, admira\u00e7\u00e3o e companheirismo com a homenageada. Mais do que isso, a pr\u00f3pria teoria \u00e9 atravessada pela humanidade do afeto, uma vez que, como nos lembram os organizadores na apresenta\u00e7\u00e3o desta obra &#8220;antes de ser dado, n\u00famero, coisa, objeto, triangula\u00e7\u00e3o, o que estudamos s\u00e3o pessoas e suas vidas&#8221;.<\/p>\n<p class=\"p1\">Assim \u00e9 L\u00edngua, Linguagem e Vida: uma obra que leva \u00e0s consequ\u00eancias o t\u00edtulo que ganhou, porque cada um desses significantes s\u00e3o igualmente importantes neste livro e na excepcional trajet\u00f3ria acad\u00eamica de Maria Lu\u00edsa. Esse livro \u00e9 um presente n\u00e3o s\u00f3 \u00e0 querida Maria Luisa, mas a todos que o tiverem nas m\u00e3os. Rog\u00e9rio Modesto &#8211; Departamento de Letras e Artes &#8211; Universidade Estadual de Santa Cruz<\/p>\n","protected":false},"excerpt":{"rendered":"<h4 class=\"p1\">Homenagem a Maria Lu\u00edsa Ortiz Alvares<\/h4>\n<p>L\u00edngua, Linguagem e Vida \u00e9 um livro que se apresenta para n\u00f3s conjugando, sem d\u00favidas, teorias e afetos. E isso se deve ao fato de a homenageada nesta obra, a professora Maria Luisa Ort\u00edz Alvarez, ser reconhecida incontornavelmente como uma grande professora e pesquisadora que sabe bem, em seu fazer di\u00e1rio, oferecer a seus alunos e colegas o calor da empatia e da humanidade e a inquietude do saber.<\/p>\n","protected":false},"featured_media":6487,"comment_status":"open","ping_status":"closed","template":"","meta":{"_joinchat":[]},"product_brand":[],"product_cat":[59,108],"product_tag":[],"class_list":{"0":"post-6517","1":"product","2":"type-product","3":"status-publish","4":"has-post-thumbnail","6":"product_cat-didatica","7":"product_cat-formacao-de-professores","8":"product_shipping_class-livro-pontes-editores-fisico","10":"first","11":"instock","12":"shipping-taxable","13":"purchasable","14":"product-type-simple"},"yoast_head":"<!-- This site is optimized with the Yoast SEO plugin v27.4 - https:\/\/yoast.com\/product\/yoast-seo-wordpress\/ -->\n<title>L\u00cdNGUA, LINGUAGEM E VIDA - Pontes Editores<\/title>\n<meta name=\"robots\" content=\"index, follow, max-snippet:-1, max-image-preview:large, max-video-preview:-1\" \/>\n<link rel=\"canonical\" href=\"https:\/\/ponteseditores.com.br\/loja3\/pontes-editores-home-2__trashed\/didatica\/lingua-linguagem-e-vida\/\" \/>\n<meta property=\"og:locale\" content=\"pt_BR\" \/>\n<meta property=\"og:type\" content=\"article\" \/>\n<meta property=\"og:title\" content=\"L\u00cdNGUA, LINGUAGEM E VIDA - Pontes Editores\" \/>\n<meta property=\"og:description\" content=\"Homenagem a Maria Lu\u00edsa Ortiz Alvares L\u00edngua, Linguagem e Vida \u00e9 um livro que se apresenta para n\u00f3s conjugando, sem d\u00favidas, teorias e afetos. E isso se deve ao fato de a homenageada nesta obra, a professora Maria Luisa Ort\u00edz Alvarez, ser reconhecida incontornavelmente como uma grande professora e pesquisadora que sabe bem, em seu fazer di\u00e1rio, oferecer a seus alunos e colegas o calor da empatia e da humanidade e a inquietude do saber.\" \/>\n<meta property=\"og:url\" content=\"https:\/\/ponteseditores.com.br\/loja3\/pontes-editores-home-2__trashed\/didatica\/lingua-linguagem-e-vida\/\" \/>\n<meta property=\"og:site_name\" content=\"Pontes Editores\" \/>\n<meta property=\"article:modified_time\" content=\"2024-01-12T19:04:59+00:00\" \/>\n<meta property=\"og:image\" content=\"https:\/\/ponteseditores.com.br\/loja3\/wp-content\/uploads\/2023\/12\/lingua-linguagem-e-vida.-capa.jpg\" \/>\n\t<meta property=\"og:image:width\" content=\"1728\" \/>\n\t<meta property=\"og:image:height\" content=\"2443\" \/>\n\t<meta property=\"og:image:type\" content=\"image\/jpeg\" \/>\n<meta name=\"twitter:card\" content=\"summary_large_image\" \/>\n<meta name=\"twitter:label1\" content=\"Est. tempo de leitura\" \/>\n\t<meta name=\"twitter:data1\" content=\"2 minutos\" \/>\n<script type=\"application\/ld+json\" class=\"yoast-schema-graph\">{\"@context\":\"https:\\\/\\\/schema.org\",\"@graph\":[{\"@type\":\"WebPage\",\"@id\":\"https:\\\/\\\/ponteseditores.com.br\\\/loja3\\\/pontes-editores-home-2__trashed\\\/didatica\\\/lingua-linguagem-e-vida\\\/\",\"url\":\"https:\\\/\\\/ponteseditores.com.br\\\/loja3\\\/pontes-editores-home-2__trashed\\\/didatica\\\/lingua-linguagem-e-vida\\\/\",\"name\":\"L\u00cdNGUA, LINGUAGEM E VIDA - Pontes Editores\",\"isPartOf\":{\"@id\":\"https:\\\/\\\/ponteseditores.com.br\\\/loja3\\\/#website\"},\"primaryImageOfPage\":{\"@id\":\"https:\\\/\\\/ponteseditores.com.br\\\/loja3\\\/pontes-editores-home-2__trashed\\\/didatica\\\/lingua-linguagem-e-vida\\\/#primaryimage\"},\"image\":{\"@id\":\"https:\\\/\\\/ponteseditores.com.br\\\/loja3\\\/pontes-editores-home-2__trashed\\\/didatica\\\/lingua-linguagem-e-vida\\\/#primaryimage\"},\"thumbnailUrl\":\"https:\\\/\\\/ponteseditores.com.br\\\/loja3\\\/wp-content\\\/uploads\\\/2023\\\/12\\\/lingua-linguagem-e-vida.-capa.jpg\",\"datePublished\":\"2023-12-12T04:18:18+00:00\",\"dateModified\":\"2024-01-12T19:04:59+00:00\",\"breadcrumb\":{\"@id\":\"https:\\\/\\\/ponteseditores.com.br\\\/loja3\\\/pontes-editores-home-2__trashed\\\/didatica\\\/lingua-linguagem-e-vida\\\/#breadcrumb\"},\"inLanguage\":\"pt-BR\",\"potentialAction\":[{\"@type\":\"ReadAction\",\"target\":[\"https:\\\/\\\/ponteseditores.com.br\\\/loja3\\\/pontes-editores-home-2__trashed\\\/didatica\\\/lingua-linguagem-e-vida\\\/\"]}]},{\"@type\":\"ImageObject\",\"inLanguage\":\"pt-BR\",\"@id\":\"https:\\\/\\\/ponteseditores.com.br\\\/loja3\\\/pontes-editores-home-2__trashed\\\/didatica\\\/lingua-linguagem-e-vida\\\/#primaryimage\",\"url\":\"https:\\\/\\\/ponteseditores.com.br\\\/loja3\\\/wp-content\\\/uploads\\\/2023\\\/12\\\/lingua-linguagem-e-vida.-capa.jpg\",\"contentUrl\":\"https:\\\/\\\/ponteseditores.com.br\\\/loja3\\\/wp-content\\\/uploads\\\/2023\\\/12\\\/lingua-linguagem-e-vida.-capa.jpg\",\"width\":1728,\"height\":2443},{\"@type\":\"BreadcrumbList\",\"@id\":\"https:\\\/\\\/ponteseditores.com.br\\\/loja3\\\/pontes-editores-home-2__trashed\\\/didatica\\\/lingua-linguagem-e-vida\\\/#breadcrumb\",\"itemListElement\":[{\"@type\":\"ListItem\",\"position\":1,\"name\":\"Home\",\"item\":\"https:\\\/\\\/ponteseditores.com.br\\\/loja3\\\/\"},{\"@type\":\"ListItem\",\"position\":2,\"name\":\"loja\",\"item\":\"https:\\\/\\\/ponteseditores.com.br\\\/loja3\\\/loja\\\/\"},{\"@type\":\"ListItem\",\"position\":3,\"name\":\"L\u00cdNGUA, LINGUAGEM E VIDA\"}]},{\"@type\":\"WebSite\",\"@id\":\"https:\\\/\\\/ponteseditores.com.br\\\/loja3\\\/#website\",\"url\":\"https:\\\/\\\/ponteseditores.com.br\\\/loja3\\\/\",\"name\":\"Pontes Editores\",\"description\":\"Pontes Editores\",\"publisher\":{\"@id\":\"https:\\\/\\\/ponteseditores.com.br\\\/loja3\\\/#organization\"},\"potentialAction\":[{\"@type\":\"SearchAction\",\"target\":{\"@type\":\"EntryPoint\",\"urlTemplate\":\"https:\\\/\\\/ponteseditores.com.br\\\/loja3\\\/?s={search_term_string}\"},\"query-input\":{\"@type\":\"PropertyValueSpecification\",\"valueRequired\":true,\"valueName\":\"search_term_string\"}}],\"inLanguage\":\"pt-BR\"},{\"@type\":\"Organization\",\"@id\":\"https:\\\/\\\/ponteseditores.com.br\\\/loja3\\\/#organization\",\"name\":\"Pontes Editores\",\"url\":\"https:\\\/\\\/ponteseditores.com.br\\\/loja3\\\/\",\"logo\":{\"@type\":\"ImageObject\",\"inLanguage\":\"pt-BR\",\"@id\":\"https:\\\/\\\/ponteseditores.com.br\\\/loja3\\\/#\\\/schema\\\/logo\\\/image\\\/\",\"url\":\"https:\\\/\\\/ponteseditores.com.br\\\/loja3\\\/wp-content\\\/uploads\\\/2023\\\/12\\\/logo-pontes-editores-v2.png\",\"contentUrl\":\"https:\\\/\\\/ponteseditores.com.br\\\/loja3\\\/wp-content\\\/uploads\\\/2023\\\/12\\\/logo-pontes-editores-v2.png\",\"width\":258,\"height\":100,\"caption\":\"Pontes Editores\"},\"image\":{\"@id\":\"https:\\\/\\\/ponteseditores.com.br\\\/loja3\\\/#\\\/schema\\\/logo\\\/image\\\/\"}}]}<\/script>\n<!-- \/ Yoast SEO plugin. -->","yoast_head_json":{"title":"L\u00cdNGUA, LINGUAGEM E VIDA - Pontes Editores","robots":{"index":"index","follow":"follow","max-snippet":"max-snippet:-1","max-image-preview":"max-image-preview:large","max-video-preview":"max-video-preview:-1"},"canonical":"https:\/\/ponteseditores.com.br\/loja3\/pontes-editores-home-2__trashed\/didatica\/lingua-linguagem-e-vida\/","og_locale":"pt_BR","og_type":"article","og_title":"L\u00cdNGUA, LINGUAGEM E VIDA - Pontes Editores","og_description":"Homenagem a Maria Lu\u00edsa Ortiz Alvares L\u00edngua, Linguagem e Vida \u00e9 um livro que se apresenta para n\u00f3s conjugando, sem d\u00favidas, teorias e afetos. E isso se deve ao fato de a homenageada nesta obra, a professora Maria Luisa Ort\u00edz Alvarez, ser reconhecida incontornavelmente como uma grande professora e pesquisadora que sabe bem, em seu fazer di\u00e1rio, oferecer a seus alunos e colegas o calor da empatia e da humanidade e a inquietude do saber.","og_url":"https:\/\/ponteseditores.com.br\/loja3\/pontes-editores-home-2__trashed\/didatica\/lingua-linguagem-e-vida\/","og_site_name":"Pontes Editores","article_modified_time":"2024-01-12T19:04:59+00:00","og_image":[{"width":1728,"height":2443,"url":"https:\/\/ponteseditores.com.br\/loja3\/wp-content\/uploads\/2023\/12\/lingua-linguagem-e-vida.-capa.jpg","type":"image\/jpeg"}],"twitter_card":"summary_large_image","twitter_misc":{"Est. tempo de leitura":"2 minutos"},"schema":{"@context":"https:\/\/schema.org","@graph":[{"@type":"WebPage","@id":"https:\/\/ponteseditores.com.br\/loja3\/pontes-editores-home-2__trashed\/didatica\/lingua-linguagem-e-vida\/","url":"https:\/\/ponteseditores.com.br\/loja3\/pontes-editores-home-2__trashed\/didatica\/lingua-linguagem-e-vida\/","name":"L\u00cdNGUA, LINGUAGEM E VIDA - Pontes Editores","isPartOf":{"@id":"https:\/\/ponteseditores.com.br\/loja3\/#website"},"primaryImageOfPage":{"@id":"https:\/\/ponteseditores.com.br\/loja3\/pontes-editores-home-2__trashed\/didatica\/lingua-linguagem-e-vida\/#primaryimage"},"image":{"@id":"https:\/\/ponteseditores.com.br\/loja3\/pontes-editores-home-2__trashed\/didatica\/lingua-linguagem-e-vida\/#primaryimage"},"thumbnailUrl":"https:\/\/ponteseditores.com.br\/loja3\/wp-content\/uploads\/2023\/12\/lingua-linguagem-e-vida.-capa.jpg","datePublished":"2023-12-12T04:18:18+00:00","dateModified":"2024-01-12T19:04:59+00:00","breadcrumb":{"@id":"https:\/\/ponteseditores.com.br\/loja3\/pontes-editores-home-2__trashed\/didatica\/lingua-linguagem-e-vida\/#breadcrumb"},"inLanguage":"pt-BR","potentialAction":[{"@type":"ReadAction","target":["https:\/\/ponteseditores.com.br\/loja3\/pontes-editores-home-2__trashed\/didatica\/lingua-linguagem-e-vida\/"]}]},{"@type":"ImageObject","inLanguage":"pt-BR","@id":"https:\/\/ponteseditores.com.br\/loja3\/pontes-editores-home-2__trashed\/didatica\/lingua-linguagem-e-vida\/#primaryimage","url":"https:\/\/ponteseditores.com.br\/loja3\/wp-content\/uploads\/2023\/12\/lingua-linguagem-e-vida.-capa.jpg","contentUrl":"https:\/\/ponteseditores.com.br\/loja3\/wp-content\/uploads\/2023\/12\/lingua-linguagem-e-vida.-capa.jpg","width":1728,"height":2443},{"@type":"BreadcrumbList","@id":"https:\/\/ponteseditores.com.br\/loja3\/pontes-editores-home-2__trashed\/didatica\/lingua-linguagem-e-vida\/#breadcrumb","itemListElement":[{"@type":"ListItem","position":1,"name":"Home","item":"https:\/\/ponteseditores.com.br\/loja3\/"},{"@type":"ListItem","position":2,"name":"loja","item":"https:\/\/ponteseditores.com.br\/loja3\/loja\/"},{"@type":"ListItem","position":3,"name":"L\u00cdNGUA, LINGUAGEM E VIDA"}]},{"@type":"WebSite","@id":"https:\/\/ponteseditores.com.br\/loja3\/#website","url":"https:\/\/ponteseditores.com.br\/loja3\/","name":"Pontes Editores","description":"Pontes Editores","publisher":{"@id":"https:\/\/ponteseditores.com.br\/loja3\/#organization"},"potentialAction":[{"@type":"SearchAction","target":{"@type":"EntryPoint","urlTemplate":"https:\/\/ponteseditores.com.br\/loja3\/?s={search_term_string}"},"query-input":{"@type":"PropertyValueSpecification","valueRequired":true,"valueName":"search_term_string"}}],"inLanguage":"pt-BR"},{"@type":"Organization","@id":"https:\/\/ponteseditores.com.br\/loja3\/#organization","name":"Pontes Editores","url":"https:\/\/ponteseditores.com.br\/loja3\/","logo":{"@type":"ImageObject","inLanguage":"pt-BR","@id":"https:\/\/ponteseditores.com.br\/loja3\/#\/schema\/logo\/image\/","url":"https:\/\/ponteseditores.com.br\/loja3\/wp-content\/uploads\/2023\/12\/logo-pontes-editores-v2.png","contentUrl":"https:\/\/ponteseditores.com.br\/loja3\/wp-content\/uploads\/2023\/12\/logo-pontes-editores-v2.png","width":258,"height":100,"caption":"Pontes Editores"},"image":{"@id":"https:\/\/ponteseditores.com.br\/loja3\/#\/schema\/logo\/image\/"}}]}},"_links":{"self":[{"href":"https:\/\/ponteseditores.com.br\/loja3\/wp-json\/wp\/v2\/product\/6517","targetHints":{"allow":["GET"]}}],"collection":[{"href":"https:\/\/ponteseditores.com.br\/loja3\/wp-json\/wp\/v2\/product"}],"about":[{"href":"https:\/\/ponteseditores.com.br\/loja3\/wp-json\/wp\/v2\/types\/product"}],"replies":[{"embeddable":true,"href":"https:\/\/ponteseditores.com.br\/loja3\/wp-json\/wp\/v2\/comments?post=6517"}],"version-history":[{"count":0,"href":"https:\/\/ponteseditores.com.br\/loja3\/wp-json\/wp\/v2\/product\/6517\/revisions"}],"wp:featuredmedia":[{"embeddable":true,"href":"https:\/\/ponteseditores.com.br\/loja3\/wp-json\/wp\/v2\/media\/6487"}],"wp:attachment":[{"href":"https:\/\/ponteseditores.com.br\/loja3\/wp-json\/wp\/v2\/media?parent=6517"}],"wp:term":[{"taxonomy":"product_brand","embeddable":true,"href":"https:\/\/ponteseditores.com.br\/loja3\/wp-json\/wp\/v2\/product_brand?post=6517"},{"taxonomy":"product_cat","embeddable":true,"href":"https:\/\/ponteseditores.com.br\/loja3\/wp-json\/wp\/v2\/product_cat?post=6517"},{"taxonomy":"product_tag","embeddable":true,"href":"https:\/\/ponteseditores.com.br\/loja3\/wp-json\/wp\/v2\/product_tag?post=6517"}],"curies":[{"name":"wp","href":"https:\/\/api.w.org\/{rel}","templated":true}]}}