{"id":6516,"date":"2023-12-12T01:14:58","date_gmt":"2023-12-12T04:14:58","guid":{"rendered":"https:\/\/ponteseditores.com.br\/loja3\/?post_type=product&#038;p=6516"},"modified":"2024-01-12T15:49:03","modified_gmt":"2024-01-12T18:49:03","slug":"linguagens-da-crianca","status":"publish","type":"product","link":"https:\/\/ponteseditores.com.br\/loja3\/pontes-editores-home-2__trashed\/linguistica\/linguagens-da-crianca\/","title":{"rendered":"LINGUAGENS DA CRIAN\u00c7A"},"content":{"rendered":"<p class=\"p1\">Assim como a linguagem, o conhecimento n\u00e3o \u00e9 bin\u00e1rio, fragmentado, linear e possibilita m\u00faltiplas combina\u00e7\u00f5es, superando a rela\u00e7\u00e3o causa e consequ\u00eancia, pois um fen\u00f4meno n\u00e3o possui s\u00f3 uma causa esperada e previs\u00edvel e nem gera s\u00f3 uma consequ\u00eancia tamb\u00e9m esperada e previs\u00edvel, ou pode n\u00e3o gerar nenhuma.<\/p>\n<p class=\"p1\">Enfatizo que \u00e9 nessa perspectiva que esta pesquisa foi constru\u00edda em uma caminhada \u00e1rdua e prazerosa, de muita autocr\u00edtica, pela busca, reflex\u00e3o e consci\u00eancia atrav\u00e9s do pensar e repensar toda a minha vida pessoal, acad\u00eamica e profissional, pois todo o percurso percorrido aconteceu com ruptura paradigm\u00e1tica e mudan\u00e7as epistemol\u00f3gicas, que continuam em um ininterrupto processo.<\/p>\n<p class=\"p1\">Partindo desse esfor\u00e7o de forma de pensamento n\u00e3o-linear, que contr\u00e1ria a l\u00f3gica cartesiana, pela qual fomos educados, destaco a relev\u00e2ncia de identificarmos, conhecermos e refutarmos hip\u00f3teses deterministas e superarmos o conceito de que o conhecimento deve ser sistem\u00e1tico, objetivo e generaliz\u00e1vel. Considero que essa mudan\u00e7a de pensamento tem se dado aos poucos, pois tamb\u00e9m \u00e9 uma constru\u00e7\u00e3o n\u00e3o-linear, com avan\u00e7os e retrocessos, assim como todo processo ininterrupto.<\/p>\n","protected":false},"excerpt":{"rendered":"<h4 class=\"p1\">Girando o caleidosc\u00f3pio no contexto da educa\u00e7\u00e3o infantil bil\u00edngue (portugu\u00eas\/ingl\u00eas)<\/h4>\n<p>Assim como a linguagem, o conhecimento n\u00e3o \u00e9 bin\u00e1rio, fragmentado, linear e possibilita m\u00faltiplas combina\u00e7\u00f5es, superando a rela\u00e7\u00e3o causa e consequ\u00eancia, pois um fen\u00f4meno n\u00e3o possui s\u00f3 uma causa esperada e previs\u00edvel e nem gera s\u00f3 uma consequ\u00eancia tamb\u00e9m esperada e previs\u00edvel, ou pode n\u00e3o gerar nenhuma.<\/p>\n","protected":false},"featured_media":6488,"comment_status":"open","ping_status":"closed","template":"","meta":{"_joinchat":[]},"product_brand":[],"product_cat":[60,54,31],"product_tag":[],"class_list":{"0":"post-6516","1":"product","2":"type-product","3":"status-publish","4":"has-post-thumbnail","6":"product_cat-lingua-inglesa","7":"product_cat-linguas","8":"product_cat-linguistica","9":"product_shipping_class-livro-pontes-editores-fisico","11":"first","12":"instock","13":"shipping-taxable","14":"purchasable","15":"product-type-simple"},"yoast_head":"<!-- This site is optimized with the Yoast SEO plugin v27.4 - https:\/\/yoast.com\/product\/yoast-seo-wordpress\/ -->\n<title>LINGUAGENS DA CRIAN\u00c7A - Pontes Editores<\/title>\n<meta name=\"robots\" content=\"index, follow, max-snippet:-1, max-image-preview:large, max-video-preview:-1\" \/>\n<link rel=\"canonical\" href=\"https:\/\/ponteseditores.com.br\/loja3\/pontes-editores-home-2__trashed\/linguistica\/linguagens-da-crianca\/\" \/>\n<meta property=\"og:locale\" content=\"pt_BR\" \/>\n<meta property=\"og:type\" content=\"article\" \/>\n<meta property=\"og:title\" content=\"LINGUAGENS DA CRIAN\u00c7A - Pontes Editores\" \/>\n<meta property=\"og:description\" content=\"Girando o caleidosc\u00f3pio no contexto da educa\u00e7\u00e3o infantil bil\u00edngue (portugu\u00eas\/ingl\u00eas) Assim como a linguagem, o conhecimento n\u00e3o \u00e9 bin\u00e1rio, fragmentado, linear e possibilita m\u00faltiplas combina\u00e7\u00f5es, superando a rela\u00e7\u00e3o causa e consequ\u00eancia, pois um fen\u00f4meno n\u00e3o possui s\u00f3 uma causa esperada e previs\u00edvel e nem gera s\u00f3 uma consequ\u00eancia tamb\u00e9m esperada e previs\u00edvel, ou pode n\u00e3o gerar nenhuma.\" \/>\n<meta property=\"og:url\" content=\"https:\/\/ponteseditores.com.br\/loja3\/pontes-editores-home-2__trashed\/linguistica\/linguagens-da-crianca\/\" \/>\n<meta property=\"og:site_name\" content=\"Pontes Editores\" \/>\n<meta property=\"article:modified_time\" content=\"2024-01-12T18:49:03+00:00\" \/>\n<meta property=\"og:image\" content=\"https:\/\/ponteseditores.com.br\/loja3\/wp-content\/uploads\/2023\/12\/linguagens-da-crian\u2021a-capa-.jpg\" \/>\n\t<meta property=\"og:image:width\" content=\"1728\" \/>\n\t<meta property=\"og:image:height\" content=\"2443\" \/>\n\t<meta property=\"og:image:type\" content=\"image\/jpeg\" \/>\n<meta name=\"twitter:card\" content=\"summary_large_image\" \/>\n<meta name=\"twitter:label1\" content=\"Est. tempo de leitura\" \/>\n\t<meta name=\"twitter:data1\" content=\"1 minuto\" \/>\n<script type=\"application\/ld+json\" class=\"yoast-schema-graph\">{\"@context\":\"https:\\\/\\\/schema.org\",\"@graph\":[{\"@type\":\"WebPage\",\"@id\":\"https:\\\/\\\/ponteseditores.com.br\\\/loja3\\\/pontes-editores-home-2__trashed\\\/linguistica\\\/linguagens-da-crianca\\\/\",\"url\":\"https:\\\/\\\/ponteseditores.com.br\\\/loja3\\\/pontes-editores-home-2__trashed\\\/linguistica\\\/linguagens-da-crianca\\\/\",\"name\":\"LINGUAGENS DA CRIAN\u00c7A - Pontes Editores\",\"isPartOf\":{\"@id\":\"https:\\\/\\\/ponteseditores.com.br\\\/loja3\\\/#website\"},\"primaryImageOfPage\":{\"@id\":\"https:\\\/\\\/ponteseditores.com.br\\\/loja3\\\/pontes-editores-home-2__trashed\\\/linguistica\\\/linguagens-da-crianca\\\/#primaryimage\"},\"image\":{\"@id\":\"https:\\\/\\\/ponteseditores.com.br\\\/loja3\\\/pontes-editores-home-2__trashed\\\/linguistica\\\/linguagens-da-crianca\\\/#primaryimage\"},\"thumbnailUrl\":\"https:\\\/\\\/ponteseditores.com.br\\\/loja3\\\/wp-content\\\/uploads\\\/2023\\\/12\\\/linguagens-da-crian\u2021a-capa-.jpg\",\"datePublished\":\"2023-12-12T04:14:58+00:00\",\"dateModified\":\"2024-01-12T18:49:03+00:00\",\"breadcrumb\":{\"@id\":\"https:\\\/\\\/ponteseditores.com.br\\\/loja3\\\/pontes-editores-home-2__trashed\\\/linguistica\\\/linguagens-da-crianca\\\/#breadcrumb\"},\"inLanguage\":\"pt-BR\",\"potentialAction\":[{\"@type\":\"ReadAction\",\"target\":[\"https:\\\/\\\/ponteseditores.com.br\\\/loja3\\\/pontes-editores-home-2__trashed\\\/linguistica\\\/linguagens-da-crianca\\\/\"]}]},{\"@type\":\"ImageObject\",\"inLanguage\":\"pt-BR\",\"@id\":\"https:\\\/\\\/ponteseditores.com.br\\\/loja3\\\/pontes-editores-home-2__trashed\\\/linguistica\\\/linguagens-da-crianca\\\/#primaryimage\",\"url\":\"https:\\\/\\\/ponteseditores.com.br\\\/loja3\\\/wp-content\\\/uploads\\\/2023\\\/12\\\/linguagens-da-crian\u2021a-capa-.jpg\",\"contentUrl\":\"https:\\\/\\\/ponteseditores.com.br\\\/loja3\\\/wp-content\\\/uploads\\\/2023\\\/12\\\/linguagens-da-crian\u2021a-capa-.jpg\",\"width\":1728,\"height\":2443},{\"@type\":\"BreadcrumbList\",\"@id\":\"https:\\\/\\\/ponteseditores.com.br\\\/loja3\\\/pontes-editores-home-2__trashed\\\/linguistica\\\/linguagens-da-crianca\\\/#breadcrumb\",\"itemListElement\":[{\"@type\":\"ListItem\",\"position\":1,\"name\":\"Home\",\"item\":\"https:\\\/\\\/ponteseditores.com.br\\\/loja3\\\/\"},{\"@type\":\"ListItem\",\"position\":2,\"name\":\"loja\",\"item\":\"https:\\\/\\\/ponteseditores.com.br\\\/loja3\\\/loja\\\/\"},{\"@type\":\"ListItem\",\"position\":3,\"name\":\"LINGUAGENS DA CRIAN\u00c7A\"}]},{\"@type\":\"WebSite\",\"@id\":\"https:\\\/\\\/ponteseditores.com.br\\\/loja3\\\/#website\",\"url\":\"https:\\\/\\\/ponteseditores.com.br\\\/loja3\\\/\",\"name\":\"Pontes Editores\",\"description\":\"Pontes Editores\",\"publisher\":{\"@id\":\"https:\\\/\\\/ponteseditores.com.br\\\/loja3\\\/#organization\"},\"potentialAction\":[{\"@type\":\"SearchAction\",\"target\":{\"@type\":\"EntryPoint\",\"urlTemplate\":\"https:\\\/\\\/ponteseditores.com.br\\\/loja3\\\/?s={search_term_string}\"},\"query-input\":{\"@type\":\"PropertyValueSpecification\",\"valueRequired\":true,\"valueName\":\"search_term_string\"}}],\"inLanguage\":\"pt-BR\"},{\"@type\":\"Organization\",\"@id\":\"https:\\\/\\\/ponteseditores.com.br\\\/loja3\\\/#organization\",\"name\":\"Pontes Editores\",\"url\":\"https:\\\/\\\/ponteseditores.com.br\\\/loja3\\\/\",\"logo\":{\"@type\":\"ImageObject\",\"inLanguage\":\"pt-BR\",\"@id\":\"https:\\\/\\\/ponteseditores.com.br\\\/loja3\\\/#\\\/schema\\\/logo\\\/image\\\/\",\"url\":\"https:\\\/\\\/ponteseditores.com.br\\\/loja3\\\/wp-content\\\/uploads\\\/2023\\\/12\\\/logo-pontes-editores-v2.png\",\"contentUrl\":\"https:\\\/\\\/ponteseditores.com.br\\\/loja3\\\/wp-content\\\/uploads\\\/2023\\\/12\\\/logo-pontes-editores-v2.png\",\"width\":258,\"height\":100,\"caption\":\"Pontes Editores\"},\"image\":{\"@id\":\"https:\\\/\\\/ponteseditores.com.br\\\/loja3\\\/#\\\/schema\\\/logo\\\/image\\\/\"}}]}<\/script>\n<!-- \/ Yoast SEO plugin. -->","yoast_head_json":{"title":"LINGUAGENS DA CRIAN\u00c7A - Pontes Editores","robots":{"index":"index","follow":"follow","max-snippet":"max-snippet:-1","max-image-preview":"max-image-preview:large","max-video-preview":"max-video-preview:-1"},"canonical":"https:\/\/ponteseditores.com.br\/loja3\/pontes-editores-home-2__trashed\/linguistica\/linguagens-da-crianca\/","og_locale":"pt_BR","og_type":"article","og_title":"LINGUAGENS DA CRIAN\u00c7A - Pontes Editores","og_description":"Girando o caleidosc\u00f3pio no contexto da educa\u00e7\u00e3o infantil bil\u00edngue (portugu\u00eas\/ingl\u00eas) Assim como a linguagem, o conhecimento n\u00e3o \u00e9 bin\u00e1rio, fragmentado, linear e possibilita m\u00faltiplas combina\u00e7\u00f5es, superando a rela\u00e7\u00e3o causa e consequ\u00eancia, pois um fen\u00f4meno n\u00e3o possui s\u00f3 uma causa esperada e previs\u00edvel e nem gera s\u00f3 uma consequ\u00eancia tamb\u00e9m esperada e previs\u00edvel, ou pode n\u00e3o gerar nenhuma.","og_url":"https:\/\/ponteseditores.com.br\/loja3\/pontes-editores-home-2__trashed\/linguistica\/linguagens-da-crianca\/","og_site_name":"Pontes Editores","article_modified_time":"2024-01-12T18:49:03+00:00","og_image":[{"width":1728,"height":2443,"url":"https:\/\/ponteseditores.com.br\/loja3\/wp-content\/uploads\/2023\/12\/linguagens-da-crian\u2021a-capa-.jpg","type":"image\/jpeg"}],"twitter_card":"summary_large_image","twitter_misc":{"Est. tempo de leitura":"1 minuto"},"schema":{"@context":"https:\/\/schema.org","@graph":[{"@type":"WebPage","@id":"https:\/\/ponteseditores.com.br\/loja3\/pontes-editores-home-2__trashed\/linguistica\/linguagens-da-crianca\/","url":"https:\/\/ponteseditores.com.br\/loja3\/pontes-editores-home-2__trashed\/linguistica\/linguagens-da-crianca\/","name":"LINGUAGENS DA CRIAN\u00c7A - Pontes Editores","isPartOf":{"@id":"https:\/\/ponteseditores.com.br\/loja3\/#website"},"primaryImageOfPage":{"@id":"https:\/\/ponteseditores.com.br\/loja3\/pontes-editores-home-2__trashed\/linguistica\/linguagens-da-crianca\/#primaryimage"},"image":{"@id":"https:\/\/ponteseditores.com.br\/loja3\/pontes-editores-home-2__trashed\/linguistica\/linguagens-da-crianca\/#primaryimage"},"thumbnailUrl":"https:\/\/ponteseditores.com.br\/loja3\/wp-content\/uploads\/2023\/12\/linguagens-da-crian\u2021a-capa-.jpg","datePublished":"2023-12-12T04:14:58+00:00","dateModified":"2024-01-12T18:49:03+00:00","breadcrumb":{"@id":"https:\/\/ponteseditores.com.br\/loja3\/pontes-editores-home-2__trashed\/linguistica\/linguagens-da-crianca\/#breadcrumb"},"inLanguage":"pt-BR","potentialAction":[{"@type":"ReadAction","target":["https:\/\/ponteseditores.com.br\/loja3\/pontes-editores-home-2__trashed\/linguistica\/linguagens-da-crianca\/"]}]},{"@type":"ImageObject","inLanguage":"pt-BR","@id":"https:\/\/ponteseditores.com.br\/loja3\/pontes-editores-home-2__trashed\/linguistica\/linguagens-da-crianca\/#primaryimage","url":"https:\/\/ponteseditores.com.br\/loja3\/wp-content\/uploads\/2023\/12\/linguagens-da-crian\u2021a-capa-.jpg","contentUrl":"https:\/\/ponteseditores.com.br\/loja3\/wp-content\/uploads\/2023\/12\/linguagens-da-crian\u2021a-capa-.jpg","width":1728,"height":2443},{"@type":"BreadcrumbList","@id":"https:\/\/ponteseditores.com.br\/loja3\/pontes-editores-home-2__trashed\/linguistica\/linguagens-da-crianca\/#breadcrumb","itemListElement":[{"@type":"ListItem","position":1,"name":"Home","item":"https:\/\/ponteseditores.com.br\/loja3\/"},{"@type":"ListItem","position":2,"name":"loja","item":"https:\/\/ponteseditores.com.br\/loja3\/loja\/"},{"@type":"ListItem","position":3,"name":"LINGUAGENS DA CRIAN\u00c7A"}]},{"@type":"WebSite","@id":"https:\/\/ponteseditores.com.br\/loja3\/#website","url":"https:\/\/ponteseditores.com.br\/loja3\/","name":"Pontes Editores","description":"Pontes Editores","publisher":{"@id":"https:\/\/ponteseditores.com.br\/loja3\/#organization"},"potentialAction":[{"@type":"SearchAction","target":{"@type":"EntryPoint","urlTemplate":"https:\/\/ponteseditores.com.br\/loja3\/?s={search_term_string}"},"query-input":{"@type":"PropertyValueSpecification","valueRequired":true,"valueName":"search_term_string"}}],"inLanguage":"pt-BR"},{"@type":"Organization","@id":"https:\/\/ponteseditores.com.br\/loja3\/#organization","name":"Pontes Editores","url":"https:\/\/ponteseditores.com.br\/loja3\/","logo":{"@type":"ImageObject","inLanguage":"pt-BR","@id":"https:\/\/ponteseditores.com.br\/loja3\/#\/schema\/logo\/image\/","url":"https:\/\/ponteseditores.com.br\/loja3\/wp-content\/uploads\/2023\/12\/logo-pontes-editores-v2.png","contentUrl":"https:\/\/ponteseditores.com.br\/loja3\/wp-content\/uploads\/2023\/12\/logo-pontes-editores-v2.png","width":258,"height":100,"caption":"Pontes Editores"},"image":{"@id":"https:\/\/ponteseditores.com.br\/loja3\/#\/schema\/logo\/image\/"}}]}},"_links":{"self":[{"href":"https:\/\/ponteseditores.com.br\/loja3\/wp-json\/wp\/v2\/product\/6516","targetHints":{"allow":["GET"]}}],"collection":[{"href":"https:\/\/ponteseditores.com.br\/loja3\/wp-json\/wp\/v2\/product"}],"about":[{"href":"https:\/\/ponteseditores.com.br\/loja3\/wp-json\/wp\/v2\/types\/product"}],"replies":[{"embeddable":true,"href":"https:\/\/ponteseditores.com.br\/loja3\/wp-json\/wp\/v2\/comments?post=6516"}],"version-history":[{"count":0,"href":"https:\/\/ponteseditores.com.br\/loja3\/wp-json\/wp\/v2\/product\/6516\/revisions"}],"wp:featuredmedia":[{"embeddable":true,"href":"https:\/\/ponteseditores.com.br\/loja3\/wp-json\/wp\/v2\/media\/6488"}],"wp:attachment":[{"href":"https:\/\/ponteseditores.com.br\/loja3\/wp-json\/wp\/v2\/media?parent=6516"}],"wp:term":[{"taxonomy":"product_brand","embeddable":true,"href":"https:\/\/ponteseditores.com.br\/loja3\/wp-json\/wp\/v2\/product_brand?post=6516"},{"taxonomy":"product_cat","embeddable":true,"href":"https:\/\/ponteseditores.com.br\/loja3\/wp-json\/wp\/v2\/product_cat?post=6516"},{"taxonomy":"product_tag","embeddable":true,"href":"https:\/\/ponteseditores.com.br\/loja3\/wp-json\/wp\/v2\/product_tag?post=6516"}],"curies":[{"name":"wp","href":"https:\/\/api.w.org\/{rel}","templated":true}]}}