{"id":6515,"date":"2023-12-12T01:10:32","date_gmt":"2023-12-12T04:10:32","guid":{"rendered":"https:\/\/ponteseditores.com.br\/loja3\/?post_type=product&#038;p=6515"},"modified":"2024-01-10T17:19:39","modified_gmt":"2024-01-10T20:19:39","slug":"matizes-multiculturais-em-estudos-da-linguagem","status":"publish","type":"product","link":"https:\/\/ponteseditores.com.br\/loja3\/pontes-editores-home-2__trashed\/linguistica\/matizes-multiculturais-em-estudos-da-linguagem\/","title":{"rendered":"MATIZES MULTICULTURAIS EM ESTUDOS DA LINGUAGEM"},"content":{"rendered":"<p class=\"p1\">Esperamos que esta obra, em sua diversidade de temas, escopos, materialidades, subjetividades e identidades, possibilite reflex\u00f5es acerca do multiculturalismo nos estudos da linguagem, que \u00e9 o eixo norteador desta colet\u00e2nea.<\/p>\n<p class=\"p1\">Consideramos a relev\u00e2ncia e os impactos sociais do trabalho com o multiculturalismo como um caminho para uma educa\u00e7\u00e3o mais equ\u00e2nime, que valorize as diferen\u00e7as culturais e lingu\u00edsticas ao inv\u00e9s de discrimin\u00e1-las, e n\u00e3o somente na defesa deste ide\u00e1rio, mas com condutas efetivas nesse sentido.<\/p>\n<p class=\"p1\">Assim, ressaltamos como a perspectiva multicultural \u00e9 premente nos estudos lingu\u00edsticos e liter\u00e1rios, rumo a um trabalho no \u00e2mago dos estudos da linguagem mais democr\u00e1tico e, por conseguinte, mais eficaz.<\/p>\n","protected":false},"excerpt":{"rendered":"<h4 class=\"p1\">Identidade, Mem\u00f3ria e Sociedade<\/h4>\n<p>Esperamos que esta obra, em sua diversidade de temas, escopos, materialidades, subjetividades e identidades, possibilite reflex\u00f5es acerca do multiculturalismo nos estudos da linguagem, que \u00e9 o eixo norteador desta colet\u00e2nea.<\/p>\n","protected":false},"featured_media":6489,"comment_status":"open","ping_status":"closed","template":"","meta":{"_joinchat":[]},"product_brand":[],"product_cat":[36,31],"product_tag":[],"class_list":{"0":"post-6515","1":"product","2":"type-product","3":"status-publish","4":"has-post-thumbnail","6":"product_cat-analise-do-discurso","7":"product_cat-linguistica","8":"product_shipping_class-livro-pontes-editores-fisico","10":"first","11":"instock","12":"shipping-taxable","13":"purchasable","14":"product-type-simple"},"yoast_head":"<!-- This site is optimized with the Yoast SEO plugin v27.4 - https:\/\/yoast.com\/product\/yoast-seo-wordpress\/ -->\n<title>MATIZES MULTICULTURAIS EM ESTUDOS DA LINGUAGEM - Pontes Editores<\/title>\n<meta name=\"robots\" content=\"index, follow, max-snippet:-1, max-image-preview:large, max-video-preview:-1\" \/>\n<link rel=\"canonical\" href=\"https:\/\/ponteseditores.com.br\/loja3\/pontes-editores-home-2__trashed\/linguistica\/matizes-multiculturais-em-estudos-da-linguagem\/\" \/>\n<meta property=\"og:locale\" content=\"pt_BR\" \/>\n<meta property=\"og:type\" content=\"article\" \/>\n<meta property=\"og:title\" content=\"MATIZES MULTICULTURAIS EM ESTUDOS DA LINGUAGEM - Pontes Editores\" \/>\n<meta property=\"og:description\" content=\"Identidade, Mem\u00f3ria e Sociedade Esperamos que esta obra, em sua diversidade de temas, escopos, materialidades, subjetividades e identidades, possibilite reflex\u00f5es acerca do multiculturalismo nos estudos da linguagem, que \u00e9 o eixo norteador desta colet\u00e2nea.\" \/>\n<meta property=\"og:url\" content=\"https:\/\/ponteseditores.com.br\/loja3\/pontes-editores-home-2__trashed\/linguistica\/matizes-multiculturais-em-estudos-da-linguagem\/\" \/>\n<meta property=\"og:site_name\" content=\"Pontes Editores\" \/>\n<meta property=\"article:modified_time\" content=\"2024-01-10T20:19:39+00:00\" \/>\n<meta property=\"og:image\" content=\"https:\/\/ponteseditores.com.br\/loja3\/wp-content\/uploads\/2023\/12\/matizes-multiculturais-em-estudos-da-linguagem-capa-.jpg\" \/>\n\t<meta property=\"og:image:width\" content=\"1000\" \/>\n\t<meta property=\"og:image:height\" content=\"1414\" \/>\n\t<meta property=\"og:image:type\" content=\"image\/jpeg\" \/>\n<meta name=\"twitter:card\" content=\"summary_large_image\" \/>\n<meta name=\"twitter:label1\" content=\"Est. tempo de leitura\" \/>\n\t<meta name=\"twitter:data1\" content=\"1 minuto\" \/>\n<script type=\"application\/ld+json\" class=\"yoast-schema-graph\">{\"@context\":\"https:\\\/\\\/schema.org\",\"@graph\":[{\"@type\":\"WebPage\",\"@id\":\"https:\\\/\\\/ponteseditores.com.br\\\/loja3\\\/pontes-editores-home-2__trashed\\\/linguistica\\\/matizes-multiculturais-em-estudos-da-linguagem\\\/\",\"url\":\"https:\\\/\\\/ponteseditores.com.br\\\/loja3\\\/pontes-editores-home-2__trashed\\\/linguistica\\\/matizes-multiculturais-em-estudos-da-linguagem\\\/\",\"name\":\"MATIZES MULTICULTURAIS EM ESTUDOS DA LINGUAGEM - Pontes Editores\",\"isPartOf\":{\"@id\":\"https:\\\/\\\/ponteseditores.com.br\\\/loja3\\\/#website\"},\"primaryImageOfPage\":{\"@id\":\"https:\\\/\\\/ponteseditores.com.br\\\/loja3\\\/pontes-editores-home-2__trashed\\\/linguistica\\\/matizes-multiculturais-em-estudos-da-linguagem\\\/#primaryimage\"},\"image\":{\"@id\":\"https:\\\/\\\/ponteseditores.com.br\\\/loja3\\\/pontes-editores-home-2__trashed\\\/linguistica\\\/matizes-multiculturais-em-estudos-da-linguagem\\\/#primaryimage\"},\"thumbnailUrl\":\"https:\\\/\\\/ponteseditores.com.br\\\/loja3\\\/wp-content\\\/uploads\\\/2023\\\/12\\\/matizes-multiculturais-em-estudos-da-linguagem-capa-.jpg\",\"datePublished\":\"2023-12-12T04:10:32+00:00\",\"dateModified\":\"2024-01-10T20:19:39+00:00\",\"breadcrumb\":{\"@id\":\"https:\\\/\\\/ponteseditores.com.br\\\/loja3\\\/pontes-editores-home-2__trashed\\\/linguistica\\\/matizes-multiculturais-em-estudos-da-linguagem\\\/#breadcrumb\"},\"inLanguage\":\"pt-BR\",\"potentialAction\":[{\"@type\":\"ReadAction\",\"target\":[\"https:\\\/\\\/ponteseditores.com.br\\\/loja3\\\/pontes-editores-home-2__trashed\\\/linguistica\\\/matizes-multiculturais-em-estudos-da-linguagem\\\/\"]}]},{\"@type\":\"ImageObject\",\"inLanguage\":\"pt-BR\",\"@id\":\"https:\\\/\\\/ponteseditores.com.br\\\/loja3\\\/pontes-editores-home-2__trashed\\\/linguistica\\\/matizes-multiculturais-em-estudos-da-linguagem\\\/#primaryimage\",\"url\":\"https:\\\/\\\/ponteseditores.com.br\\\/loja3\\\/wp-content\\\/uploads\\\/2023\\\/12\\\/matizes-multiculturais-em-estudos-da-linguagem-capa-.jpg\",\"contentUrl\":\"https:\\\/\\\/ponteseditores.com.br\\\/loja3\\\/wp-content\\\/uploads\\\/2023\\\/12\\\/matizes-multiculturais-em-estudos-da-linguagem-capa-.jpg\",\"width\":1000,\"height\":1414},{\"@type\":\"BreadcrumbList\",\"@id\":\"https:\\\/\\\/ponteseditores.com.br\\\/loja3\\\/pontes-editores-home-2__trashed\\\/linguistica\\\/matizes-multiculturais-em-estudos-da-linguagem\\\/#breadcrumb\",\"itemListElement\":[{\"@type\":\"ListItem\",\"position\":1,\"name\":\"Home\",\"item\":\"https:\\\/\\\/ponteseditores.com.br\\\/loja3\\\/\"},{\"@type\":\"ListItem\",\"position\":2,\"name\":\"loja\",\"item\":\"https:\\\/\\\/ponteseditores.com.br\\\/loja3\\\/loja\\\/\"},{\"@type\":\"ListItem\",\"position\":3,\"name\":\"MATIZES MULTICULTURAIS EM ESTUDOS DA LINGUAGEM\"}]},{\"@type\":\"WebSite\",\"@id\":\"https:\\\/\\\/ponteseditores.com.br\\\/loja3\\\/#website\",\"url\":\"https:\\\/\\\/ponteseditores.com.br\\\/loja3\\\/\",\"name\":\"Pontes Editores\",\"description\":\"Pontes Editores\",\"publisher\":{\"@id\":\"https:\\\/\\\/ponteseditores.com.br\\\/loja3\\\/#organization\"},\"potentialAction\":[{\"@type\":\"SearchAction\",\"target\":{\"@type\":\"EntryPoint\",\"urlTemplate\":\"https:\\\/\\\/ponteseditores.com.br\\\/loja3\\\/?s={search_term_string}\"},\"query-input\":{\"@type\":\"PropertyValueSpecification\",\"valueRequired\":true,\"valueName\":\"search_term_string\"}}],\"inLanguage\":\"pt-BR\"},{\"@type\":\"Organization\",\"@id\":\"https:\\\/\\\/ponteseditores.com.br\\\/loja3\\\/#organization\",\"name\":\"Pontes Editores\",\"url\":\"https:\\\/\\\/ponteseditores.com.br\\\/loja3\\\/\",\"logo\":{\"@type\":\"ImageObject\",\"inLanguage\":\"pt-BR\",\"@id\":\"https:\\\/\\\/ponteseditores.com.br\\\/loja3\\\/#\\\/schema\\\/logo\\\/image\\\/\",\"url\":\"https:\\\/\\\/ponteseditores.com.br\\\/loja3\\\/wp-content\\\/uploads\\\/2023\\\/12\\\/logo-pontes-editores-v2.png\",\"contentUrl\":\"https:\\\/\\\/ponteseditores.com.br\\\/loja3\\\/wp-content\\\/uploads\\\/2023\\\/12\\\/logo-pontes-editores-v2.png\",\"width\":258,\"height\":100,\"caption\":\"Pontes Editores\"},\"image\":{\"@id\":\"https:\\\/\\\/ponteseditores.com.br\\\/loja3\\\/#\\\/schema\\\/logo\\\/image\\\/\"}}]}<\/script>\n<!-- \/ Yoast SEO plugin. -->","yoast_head_json":{"title":"MATIZES MULTICULTURAIS EM ESTUDOS DA LINGUAGEM - Pontes Editores","robots":{"index":"index","follow":"follow","max-snippet":"max-snippet:-1","max-image-preview":"max-image-preview:large","max-video-preview":"max-video-preview:-1"},"canonical":"https:\/\/ponteseditores.com.br\/loja3\/pontes-editores-home-2__trashed\/linguistica\/matizes-multiculturais-em-estudos-da-linguagem\/","og_locale":"pt_BR","og_type":"article","og_title":"MATIZES MULTICULTURAIS EM ESTUDOS DA LINGUAGEM - Pontes Editores","og_description":"Identidade, Mem\u00f3ria e Sociedade Esperamos que esta obra, em sua diversidade de temas, escopos, materialidades, subjetividades e identidades, possibilite reflex\u00f5es acerca do multiculturalismo nos estudos da linguagem, que \u00e9 o eixo norteador desta colet\u00e2nea.","og_url":"https:\/\/ponteseditores.com.br\/loja3\/pontes-editores-home-2__trashed\/linguistica\/matizes-multiculturais-em-estudos-da-linguagem\/","og_site_name":"Pontes Editores","article_modified_time":"2024-01-10T20:19:39+00:00","og_image":[{"width":1000,"height":1414,"url":"https:\/\/ponteseditores.com.br\/loja3\/wp-content\/uploads\/2023\/12\/matizes-multiculturais-em-estudos-da-linguagem-capa-.jpg","type":"image\/jpeg"}],"twitter_card":"summary_large_image","twitter_misc":{"Est. tempo de leitura":"1 minuto"},"schema":{"@context":"https:\/\/schema.org","@graph":[{"@type":"WebPage","@id":"https:\/\/ponteseditores.com.br\/loja3\/pontes-editores-home-2__trashed\/linguistica\/matizes-multiculturais-em-estudos-da-linguagem\/","url":"https:\/\/ponteseditores.com.br\/loja3\/pontes-editores-home-2__trashed\/linguistica\/matizes-multiculturais-em-estudos-da-linguagem\/","name":"MATIZES MULTICULTURAIS EM ESTUDOS DA LINGUAGEM - Pontes Editores","isPartOf":{"@id":"https:\/\/ponteseditores.com.br\/loja3\/#website"},"primaryImageOfPage":{"@id":"https:\/\/ponteseditores.com.br\/loja3\/pontes-editores-home-2__trashed\/linguistica\/matizes-multiculturais-em-estudos-da-linguagem\/#primaryimage"},"image":{"@id":"https:\/\/ponteseditores.com.br\/loja3\/pontes-editores-home-2__trashed\/linguistica\/matizes-multiculturais-em-estudos-da-linguagem\/#primaryimage"},"thumbnailUrl":"https:\/\/ponteseditores.com.br\/loja3\/wp-content\/uploads\/2023\/12\/matizes-multiculturais-em-estudos-da-linguagem-capa-.jpg","datePublished":"2023-12-12T04:10:32+00:00","dateModified":"2024-01-10T20:19:39+00:00","breadcrumb":{"@id":"https:\/\/ponteseditores.com.br\/loja3\/pontes-editores-home-2__trashed\/linguistica\/matizes-multiculturais-em-estudos-da-linguagem\/#breadcrumb"},"inLanguage":"pt-BR","potentialAction":[{"@type":"ReadAction","target":["https:\/\/ponteseditores.com.br\/loja3\/pontes-editores-home-2__trashed\/linguistica\/matizes-multiculturais-em-estudos-da-linguagem\/"]}]},{"@type":"ImageObject","inLanguage":"pt-BR","@id":"https:\/\/ponteseditores.com.br\/loja3\/pontes-editores-home-2__trashed\/linguistica\/matizes-multiculturais-em-estudos-da-linguagem\/#primaryimage","url":"https:\/\/ponteseditores.com.br\/loja3\/wp-content\/uploads\/2023\/12\/matizes-multiculturais-em-estudos-da-linguagem-capa-.jpg","contentUrl":"https:\/\/ponteseditores.com.br\/loja3\/wp-content\/uploads\/2023\/12\/matizes-multiculturais-em-estudos-da-linguagem-capa-.jpg","width":1000,"height":1414},{"@type":"BreadcrumbList","@id":"https:\/\/ponteseditores.com.br\/loja3\/pontes-editores-home-2__trashed\/linguistica\/matizes-multiculturais-em-estudos-da-linguagem\/#breadcrumb","itemListElement":[{"@type":"ListItem","position":1,"name":"Home","item":"https:\/\/ponteseditores.com.br\/loja3\/"},{"@type":"ListItem","position":2,"name":"loja","item":"https:\/\/ponteseditores.com.br\/loja3\/loja\/"},{"@type":"ListItem","position":3,"name":"MATIZES MULTICULTURAIS EM ESTUDOS DA LINGUAGEM"}]},{"@type":"WebSite","@id":"https:\/\/ponteseditores.com.br\/loja3\/#website","url":"https:\/\/ponteseditores.com.br\/loja3\/","name":"Pontes Editores","description":"Pontes Editores","publisher":{"@id":"https:\/\/ponteseditores.com.br\/loja3\/#organization"},"potentialAction":[{"@type":"SearchAction","target":{"@type":"EntryPoint","urlTemplate":"https:\/\/ponteseditores.com.br\/loja3\/?s={search_term_string}"},"query-input":{"@type":"PropertyValueSpecification","valueRequired":true,"valueName":"search_term_string"}}],"inLanguage":"pt-BR"},{"@type":"Organization","@id":"https:\/\/ponteseditores.com.br\/loja3\/#organization","name":"Pontes Editores","url":"https:\/\/ponteseditores.com.br\/loja3\/","logo":{"@type":"ImageObject","inLanguage":"pt-BR","@id":"https:\/\/ponteseditores.com.br\/loja3\/#\/schema\/logo\/image\/","url":"https:\/\/ponteseditores.com.br\/loja3\/wp-content\/uploads\/2023\/12\/logo-pontes-editores-v2.png","contentUrl":"https:\/\/ponteseditores.com.br\/loja3\/wp-content\/uploads\/2023\/12\/logo-pontes-editores-v2.png","width":258,"height":100,"caption":"Pontes Editores"},"image":{"@id":"https:\/\/ponteseditores.com.br\/loja3\/#\/schema\/logo\/image\/"}}]}},"_links":{"self":[{"href":"https:\/\/ponteseditores.com.br\/loja3\/wp-json\/wp\/v2\/product\/6515","targetHints":{"allow":["GET"]}}],"collection":[{"href":"https:\/\/ponteseditores.com.br\/loja3\/wp-json\/wp\/v2\/product"}],"about":[{"href":"https:\/\/ponteseditores.com.br\/loja3\/wp-json\/wp\/v2\/types\/product"}],"replies":[{"embeddable":true,"href":"https:\/\/ponteseditores.com.br\/loja3\/wp-json\/wp\/v2\/comments?post=6515"}],"version-history":[{"count":0,"href":"https:\/\/ponteseditores.com.br\/loja3\/wp-json\/wp\/v2\/product\/6515\/revisions"}],"wp:featuredmedia":[{"embeddable":true,"href":"https:\/\/ponteseditores.com.br\/loja3\/wp-json\/wp\/v2\/media\/6489"}],"wp:attachment":[{"href":"https:\/\/ponteseditores.com.br\/loja3\/wp-json\/wp\/v2\/media?parent=6515"}],"wp:term":[{"taxonomy":"product_brand","embeddable":true,"href":"https:\/\/ponteseditores.com.br\/loja3\/wp-json\/wp\/v2\/product_brand?post=6515"},{"taxonomy":"product_cat","embeddable":true,"href":"https:\/\/ponteseditores.com.br\/loja3\/wp-json\/wp\/v2\/product_cat?post=6515"},{"taxonomy":"product_tag","embeddable":true,"href":"https:\/\/ponteseditores.com.br\/loja3\/wp-json\/wp\/v2\/product_tag?post=6515"}],"curies":[{"name":"wp","href":"https:\/\/api.w.org\/{rel}","templated":true}]}}