{"id":6466,"date":"2023-12-12T00:16:35","date_gmt":"2023-12-12T03:16:35","guid":{"rendered":"https:\/\/ponteseditores.com.br\/loja3\/?post_type=product&#038;p=6466"},"modified":"2024-01-10T17:29:27","modified_gmt":"2024-01-10T20:29:27","slug":"xenofobia-e-intolerancia-linsuistica","status":"publish","type":"product","link":"https:\/\/ponteseditores.com.br\/loja3\/pontes-editores-home-2__trashed\/linguistica\/xenofobia-e-intolerancia-linsuistica\/","title":{"rendered":"XENOFOBIA E INTOLER\u00c2NCIA LINSU\u00cdSTICA"},"content":{"rendered":"<p class=\"p1\">\u201cNo exato momento em que um homem \u00e9 reconhecido por outro como um ser sens\u00edvel, pensante e semelhante, o desejo ou a necessidade de lhe comunicar seus pr\u00f3prios sentimentos e pensamentos fez com que ele procurasse os meios para faz\u00ea-lo.<\/p>\n<p class=\"p1\">N\u00e3o foi a fome nem a sede, mas o amor, o \u00f3dio, a piedade e a c\u00f3lera que o fizeram falar.\u201d Ao formular esta hip\u00f3tese em seu Ensaio sobre a origem das l\u00ednguas, Rousseau contempla o reconhecimento do outro e a for\u00e7a motriz das paix\u00f5es na g\u00eanese e no funcionamento das interlocu\u00e7\u00f5es humanas. Podemos reconhecer no outro um outro eu pelo modo como ele sente, pensa, age e fala.<\/p>\n<p class=\"p1\">Nesse caso, o amor e a amizade, a confian\u00e7a e a piedade e outros afetos afins ser\u00e3o constitutivos das pr\u00e1ticas de linguagem. Por\u00e9m, infelizmente, tamb\u00e9m podemos ver e ouvir o outro n\u00e3o como um igual distinto, mas como pura ou grande diferen\u00e7a, que nos suscita temores e terrores, \u00f3dios e indigna\u00e7\u00f5es.<\/p>\n<p class=\"p1\">Em Xenofobia e intoler\u00e2ncia lingu\u00edstica, Jocenilson Ribeiro mostra com muita arg\u00facia como as percep\u00e7\u00f5es e as aprecia\u00e7\u00f5es da l\u00edngua do outro e de suas formas diversas de vida geram a hospitalidade e a hostilidade com que vamos trat\u00e1-lo. Compreender as redu\u00e7\u00f5es e as nega\u00e7\u00f5es da humanidade alheia \u00e9 sempre tarefa decisiva de toda cr\u00edtica. Quando o \u00f3dio \u00e0 diferen\u00e7a est\u00e1 amplamente disseminado, essa tarefa \u00e9 ainda mais urgente. Para isso, a leitura deste livro \u00e9 um passo fundamental. Carlos Piovezani e Luzmara Curcino &#8211; Professores da Universidade Federal de S\u00e3o Carlos (UFSCar)<\/p>\n","protected":false},"excerpt":{"rendered":"<h4 class=\"p1\">Discursos sobre estrangeiridade e hostilidade brasileira<\/h4>\n<p>\u201cNo exato momento em que um homem \u00e9 reconhecido por outro como um ser sens\u00edvel, pensante e semelhante, o desejo ou a necessidade de lhe comunicar seus pr\u00f3prios sentimentos e pensamentos fez com que ele procurasse os meios para faz\u00ea-lo.<\/p>\n","protected":false},"featured_media":6484,"comment_status":"open","ping_status":"closed","template":"","meta":{"_joinchat":[]},"product_brand":[],"product_cat":[36,31],"product_tag":[],"class_list":{"0":"post-6466","1":"product","2":"type-product","3":"status-publish","4":"has-post-thumbnail","6":"product_cat-analise-do-discurso","7":"product_cat-linguistica","8":"product_shipping_class-livro-pontes-editores-fisico","10":"first","11":"instock","12":"shipping-taxable","13":"purchasable","14":"product-type-simple"},"yoast_head":"<!-- This site is optimized with the Yoast SEO plugin v27.4 - https:\/\/yoast.com\/product\/yoast-seo-wordpress\/ -->\n<title>XENOFOBIA E INTOLER\u00c2NCIA LINSU\u00cdSTICA - Pontes Editores<\/title>\n<meta name=\"robots\" content=\"index, follow, max-snippet:-1, max-image-preview:large, max-video-preview:-1\" \/>\n<link rel=\"canonical\" href=\"https:\/\/ponteseditores.com.br\/loja3\/pontes-editores-home-2__trashed\/linguistica\/xenofobia-e-intolerancia-linsuistica\/\" \/>\n<meta property=\"og:locale\" content=\"pt_BR\" \/>\n<meta property=\"og:type\" content=\"article\" \/>\n<meta property=\"og:title\" content=\"XENOFOBIA E INTOLER\u00c2NCIA LINSU\u00cdSTICA - Pontes Editores\" \/>\n<meta property=\"og:description\" content=\"Discursos sobre estrangeiridade e hostilidade brasileira \u201cNo exato momento em que um homem \u00e9 reconhecido por outro como um ser sens\u00edvel, pensante e semelhante, o desejo ou a necessidade de lhe comunicar seus pr\u00f3prios sentimentos e pensamentos fez com que ele procurasse os meios para faz\u00ea-lo.\" \/>\n<meta property=\"og:url\" content=\"https:\/\/ponteseditores.com.br\/loja3\/pontes-editores-home-2__trashed\/linguistica\/xenofobia-e-intolerancia-linsuistica\/\" \/>\n<meta property=\"og:site_name\" content=\"Pontes Editores\" \/>\n<meta property=\"article:modified_time\" content=\"2024-01-10T20:29:27+00:00\" \/>\n<meta property=\"og:image\" content=\"https:\/\/ponteseditores.com.br\/loja3\/wp-content\/uploads\/2023\/12\/xenofobia-e-intolerancia-linguistica-capa.jpg\" \/>\n\t<meta property=\"og:image:width\" content=\"1728\" \/>\n\t<meta property=\"og:image:height\" content=\"2443\" \/>\n\t<meta property=\"og:image:type\" content=\"image\/jpeg\" \/>\n<meta name=\"twitter:card\" content=\"summary_large_image\" \/>\n<meta name=\"twitter:label1\" content=\"Est. tempo de leitura\" \/>\n\t<meta name=\"twitter:data1\" content=\"2 minutos\" \/>\n<script type=\"application\/ld+json\" class=\"yoast-schema-graph\">{\"@context\":\"https:\\\/\\\/schema.org\",\"@graph\":[{\"@type\":\"WebPage\",\"@id\":\"https:\\\/\\\/ponteseditores.com.br\\\/loja3\\\/pontes-editores-home-2__trashed\\\/linguistica\\\/xenofobia-e-intolerancia-linsuistica\\\/\",\"url\":\"https:\\\/\\\/ponteseditores.com.br\\\/loja3\\\/pontes-editores-home-2__trashed\\\/linguistica\\\/xenofobia-e-intolerancia-linsuistica\\\/\",\"name\":\"XENOFOBIA E INTOLER\u00c2NCIA LINSU\u00cdSTICA - Pontes Editores\",\"isPartOf\":{\"@id\":\"https:\\\/\\\/ponteseditores.com.br\\\/loja3\\\/#website\"},\"primaryImageOfPage\":{\"@id\":\"https:\\\/\\\/ponteseditores.com.br\\\/loja3\\\/pontes-editores-home-2__trashed\\\/linguistica\\\/xenofobia-e-intolerancia-linsuistica\\\/#primaryimage\"},\"image\":{\"@id\":\"https:\\\/\\\/ponteseditores.com.br\\\/loja3\\\/pontes-editores-home-2__trashed\\\/linguistica\\\/xenofobia-e-intolerancia-linsuistica\\\/#primaryimage\"},\"thumbnailUrl\":\"https:\\\/\\\/ponteseditores.com.br\\\/loja3\\\/wp-content\\\/uploads\\\/2023\\\/12\\\/xenofobia-e-intolerancia-linguistica-capa.jpg\",\"datePublished\":\"2023-12-12T03:16:35+00:00\",\"dateModified\":\"2024-01-10T20:29:27+00:00\",\"breadcrumb\":{\"@id\":\"https:\\\/\\\/ponteseditores.com.br\\\/loja3\\\/pontes-editores-home-2__trashed\\\/linguistica\\\/xenofobia-e-intolerancia-linsuistica\\\/#breadcrumb\"},\"inLanguage\":\"pt-BR\",\"potentialAction\":[{\"@type\":\"ReadAction\",\"target\":[\"https:\\\/\\\/ponteseditores.com.br\\\/loja3\\\/pontes-editores-home-2__trashed\\\/linguistica\\\/xenofobia-e-intolerancia-linsuistica\\\/\"]}]},{\"@type\":\"ImageObject\",\"inLanguage\":\"pt-BR\",\"@id\":\"https:\\\/\\\/ponteseditores.com.br\\\/loja3\\\/pontes-editores-home-2__trashed\\\/linguistica\\\/xenofobia-e-intolerancia-linsuistica\\\/#primaryimage\",\"url\":\"https:\\\/\\\/ponteseditores.com.br\\\/loja3\\\/wp-content\\\/uploads\\\/2023\\\/12\\\/xenofobia-e-intolerancia-linguistica-capa.jpg\",\"contentUrl\":\"https:\\\/\\\/ponteseditores.com.br\\\/loja3\\\/wp-content\\\/uploads\\\/2023\\\/12\\\/xenofobia-e-intolerancia-linguistica-capa.jpg\",\"width\":1728,\"height\":2443},{\"@type\":\"BreadcrumbList\",\"@id\":\"https:\\\/\\\/ponteseditores.com.br\\\/loja3\\\/pontes-editores-home-2__trashed\\\/linguistica\\\/xenofobia-e-intolerancia-linsuistica\\\/#breadcrumb\",\"itemListElement\":[{\"@type\":\"ListItem\",\"position\":1,\"name\":\"Home\",\"item\":\"https:\\\/\\\/ponteseditores.com.br\\\/loja3\\\/\"},{\"@type\":\"ListItem\",\"position\":2,\"name\":\"loja\",\"item\":\"https:\\\/\\\/ponteseditores.com.br\\\/loja3\\\/loja\\\/\"},{\"@type\":\"ListItem\",\"position\":3,\"name\":\"XENOFOBIA E INTOLER\u00c2NCIA LINSU\u00cdSTICA\"}]},{\"@type\":\"WebSite\",\"@id\":\"https:\\\/\\\/ponteseditores.com.br\\\/loja3\\\/#website\",\"url\":\"https:\\\/\\\/ponteseditores.com.br\\\/loja3\\\/\",\"name\":\"Pontes Editores\",\"description\":\"Pontes Editores\",\"publisher\":{\"@id\":\"https:\\\/\\\/ponteseditores.com.br\\\/loja3\\\/#organization\"},\"potentialAction\":[{\"@type\":\"SearchAction\",\"target\":{\"@type\":\"EntryPoint\",\"urlTemplate\":\"https:\\\/\\\/ponteseditores.com.br\\\/loja3\\\/?s={search_term_string}\"},\"query-input\":{\"@type\":\"PropertyValueSpecification\",\"valueRequired\":true,\"valueName\":\"search_term_string\"}}],\"inLanguage\":\"pt-BR\"},{\"@type\":\"Organization\",\"@id\":\"https:\\\/\\\/ponteseditores.com.br\\\/loja3\\\/#organization\",\"name\":\"Pontes Editores\",\"url\":\"https:\\\/\\\/ponteseditores.com.br\\\/loja3\\\/\",\"logo\":{\"@type\":\"ImageObject\",\"inLanguage\":\"pt-BR\",\"@id\":\"https:\\\/\\\/ponteseditores.com.br\\\/loja3\\\/#\\\/schema\\\/logo\\\/image\\\/\",\"url\":\"https:\\\/\\\/ponteseditores.com.br\\\/loja3\\\/wp-content\\\/uploads\\\/2023\\\/12\\\/logo-pontes-editores-v2.png\",\"contentUrl\":\"https:\\\/\\\/ponteseditores.com.br\\\/loja3\\\/wp-content\\\/uploads\\\/2023\\\/12\\\/logo-pontes-editores-v2.png\",\"width\":258,\"height\":100,\"caption\":\"Pontes Editores\"},\"image\":{\"@id\":\"https:\\\/\\\/ponteseditores.com.br\\\/loja3\\\/#\\\/schema\\\/logo\\\/image\\\/\"}}]}<\/script>\n<!-- \/ Yoast SEO plugin. -->","yoast_head_json":{"title":"XENOFOBIA E INTOLER\u00c2NCIA LINSU\u00cdSTICA - Pontes Editores","robots":{"index":"index","follow":"follow","max-snippet":"max-snippet:-1","max-image-preview":"max-image-preview:large","max-video-preview":"max-video-preview:-1"},"canonical":"https:\/\/ponteseditores.com.br\/loja3\/pontes-editores-home-2__trashed\/linguistica\/xenofobia-e-intolerancia-linsuistica\/","og_locale":"pt_BR","og_type":"article","og_title":"XENOFOBIA E INTOLER\u00c2NCIA LINSU\u00cdSTICA - Pontes Editores","og_description":"Discursos sobre estrangeiridade e hostilidade brasileira \u201cNo exato momento em que um homem \u00e9 reconhecido por outro como um ser sens\u00edvel, pensante e semelhante, o desejo ou a necessidade de lhe comunicar seus pr\u00f3prios sentimentos e pensamentos fez com que ele procurasse os meios para faz\u00ea-lo.","og_url":"https:\/\/ponteseditores.com.br\/loja3\/pontes-editores-home-2__trashed\/linguistica\/xenofobia-e-intolerancia-linsuistica\/","og_site_name":"Pontes Editores","article_modified_time":"2024-01-10T20:29:27+00:00","og_image":[{"width":1728,"height":2443,"url":"https:\/\/ponteseditores.com.br\/loja3\/wp-content\/uploads\/2023\/12\/xenofobia-e-intolerancia-linguistica-capa.jpg","type":"image\/jpeg"}],"twitter_card":"summary_large_image","twitter_misc":{"Est. tempo de leitura":"2 minutos"},"schema":{"@context":"https:\/\/schema.org","@graph":[{"@type":"WebPage","@id":"https:\/\/ponteseditores.com.br\/loja3\/pontes-editores-home-2__trashed\/linguistica\/xenofobia-e-intolerancia-linsuistica\/","url":"https:\/\/ponteseditores.com.br\/loja3\/pontes-editores-home-2__trashed\/linguistica\/xenofobia-e-intolerancia-linsuistica\/","name":"XENOFOBIA E INTOLER\u00c2NCIA LINSU\u00cdSTICA - Pontes Editores","isPartOf":{"@id":"https:\/\/ponteseditores.com.br\/loja3\/#website"},"primaryImageOfPage":{"@id":"https:\/\/ponteseditores.com.br\/loja3\/pontes-editores-home-2__trashed\/linguistica\/xenofobia-e-intolerancia-linsuistica\/#primaryimage"},"image":{"@id":"https:\/\/ponteseditores.com.br\/loja3\/pontes-editores-home-2__trashed\/linguistica\/xenofobia-e-intolerancia-linsuistica\/#primaryimage"},"thumbnailUrl":"https:\/\/ponteseditores.com.br\/loja3\/wp-content\/uploads\/2023\/12\/xenofobia-e-intolerancia-linguistica-capa.jpg","datePublished":"2023-12-12T03:16:35+00:00","dateModified":"2024-01-10T20:29:27+00:00","breadcrumb":{"@id":"https:\/\/ponteseditores.com.br\/loja3\/pontes-editores-home-2__trashed\/linguistica\/xenofobia-e-intolerancia-linsuistica\/#breadcrumb"},"inLanguage":"pt-BR","potentialAction":[{"@type":"ReadAction","target":["https:\/\/ponteseditores.com.br\/loja3\/pontes-editores-home-2__trashed\/linguistica\/xenofobia-e-intolerancia-linsuistica\/"]}]},{"@type":"ImageObject","inLanguage":"pt-BR","@id":"https:\/\/ponteseditores.com.br\/loja3\/pontes-editores-home-2__trashed\/linguistica\/xenofobia-e-intolerancia-linsuistica\/#primaryimage","url":"https:\/\/ponteseditores.com.br\/loja3\/wp-content\/uploads\/2023\/12\/xenofobia-e-intolerancia-linguistica-capa.jpg","contentUrl":"https:\/\/ponteseditores.com.br\/loja3\/wp-content\/uploads\/2023\/12\/xenofobia-e-intolerancia-linguistica-capa.jpg","width":1728,"height":2443},{"@type":"BreadcrumbList","@id":"https:\/\/ponteseditores.com.br\/loja3\/pontes-editores-home-2__trashed\/linguistica\/xenofobia-e-intolerancia-linsuistica\/#breadcrumb","itemListElement":[{"@type":"ListItem","position":1,"name":"Home","item":"https:\/\/ponteseditores.com.br\/loja3\/"},{"@type":"ListItem","position":2,"name":"loja","item":"https:\/\/ponteseditores.com.br\/loja3\/loja\/"},{"@type":"ListItem","position":3,"name":"XENOFOBIA E INTOLER\u00c2NCIA LINSU\u00cdSTICA"}]},{"@type":"WebSite","@id":"https:\/\/ponteseditores.com.br\/loja3\/#website","url":"https:\/\/ponteseditores.com.br\/loja3\/","name":"Pontes Editores","description":"Pontes Editores","publisher":{"@id":"https:\/\/ponteseditores.com.br\/loja3\/#organization"},"potentialAction":[{"@type":"SearchAction","target":{"@type":"EntryPoint","urlTemplate":"https:\/\/ponteseditores.com.br\/loja3\/?s={search_term_string}"},"query-input":{"@type":"PropertyValueSpecification","valueRequired":true,"valueName":"search_term_string"}}],"inLanguage":"pt-BR"},{"@type":"Organization","@id":"https:\/\/ponteseditores.com.br\/loja3\/#organization","name":"Pontes Editores","url":"https:\/\/ponteseditores.com.br\/loja3\/","logo":{"@type":"ImageObject","inLanguage":"pt-BR","@id":"https:\/\/ponteseditores.com.br\/loja3\/#\/schema\/logo\/image\/","url":"https:\/\/ponteseditores.com.br\/loja3\/wp-content\/uploads\/2023\/12\/logo-pontes-editores-v2.png","contentUrl":"https:\/\/ponteseditores.com.br\/loja3\/wp-content\/uploads\/2023\/12\/logo-pontes-editores-v2.png","width":258,"height":100,"caption":"Pontes Editores"},"image":{"@id":"https:\/\/ponteseditores.com.br\/loja3\/#\/schema\/logo\/image\/"}}]}},"_links":{"self":[{"href":"https:\/\/ponteseditores.com.br\/loja3\/wp-json\/wp\/v2\/product\/6466","targetHints":{"allow":["GET"]}}],"collection":[{"href":"https:\/\/ponteseditores.com.br\/loja3\/wp-json\/wp\/v2\/product"}],"about":[{"href":"https:\/\/ponteseditores.com.br\/loja3\/wp-json\/wp\/v2\/types\/product"}],"replies":[{"embeddable":true,"href":"https:\/\/ponteseditores.com.br\/loja3\/wp-json\/wp\/v2\/comments?post=6466"}],"version-history":[{"count":0,"href":"https:\/\/ponteseditores.com.br\/loja3\/wp-json\/wp\/v2\/product\/6466\/revisions"}],"wp:featuredmedia":[{"embeddable":true,"href":"https:\/\/ponteseditores.com.br\/loja3\/wp-json\/wp\/v2\/media\/6484"}],"wp:attachment":[{"href":"https:\/\/ponteseditores.com.br\/loja3\/wp-json\/wp\/v2\/media?parent=6466"}],"wp:term":[{"taxonomy":"product_brand","embeddable":true,"href":"https:\/\/ponteseditores.com.br\/loja3\/wp-json\/wp\/v2\/product_brand?post=6466"},{"taxonomy":"product_cat","embeddable":true,"href":"https:\/\/ponteseditores.com.br\/loja3\/wp-json\/wp\/v2\/product_cat?post=6466"},{"taxonomy":"product_tag","embeddable":true,"href":"https:\/\/ponteseditores.com.br\/loja3\/wp-json\/wp\/v2\/product_tag?post=6466"}],"curies":[{"name":"wp","href":"https:\/\/api.w.org\/{rel}","templated":true}]}}