{"id":6446,"date":"2023-12-11T22:59:41","date_gmt":"2023-12-12T01:59:41","guid":{"rendered":"https:\/\/ponteseditores.com.br\/loja3\/?post_type=product&#038;p=6446"},"modified":"2024-01-10T17:10:44","modified_gmt":"2024-01-10T20:10:44","slug":"comunidade-de-saberes-meio-ambiente-e-praxis-pedagogica","status":"publish","type":"product","link":"https:\/\/ponteseditores.com.br\/loja3\/pontes-editores-home-2__trashed\/didatica\/comunidade-de-saberes-meio-ambiente-e-praxis-pedagogica\/","title":{"rendered":"COMUNIDADE DE SABERES, MEIO AMBIENTE E PR\u00c1XIS PEDAG\u00d3GICA"},"content":{"rendered":"<p class=\"p1\">Os textos aqui apresentados s\u00e3o tessituras das ci\u00eancias produzidas por pesquisadores e cartografam o entendimento de que a descoloniza\u00e7\u00e3o do saber e do poder pode ser entendida como um processo de inclus\u00e3o e legitimidade de outras pr\u00e1ticas e conhecimentos, que, ao longo do tempo, ficaram obscurecidos, seja por sua pr\u00f3pria hist\u00f3ria &#8221;colonial&#8221; de grupos, quer por &#8221;silenciamento&#8221; de mem\u00f3ria, produzido por institui\u00e7\u00f5es. N\u00e3o obstante, a socializa\u00e7\u00e3o desses fios de pesquisa ganha notoriedade por tracejar hist\u00f3rias que a colonialidade, em v\u00e3o, tentou usurpar.<\/p>\n","protected":false},"excerpt":{"rendered":"<h2 class=\"p1\">Uma rela\u00e7\u00e3o epist\u00eamica<\/h2>\n<p class=\"p1\">Os textos aqui apresentados s\u00e3o tessituras das ci\u00eancias produzidas por pesquisadores e cartografam o entendimento de que a descoloniza\u00e7\u00e3o do saber e do poder pode ser entendida como um processo de inclus\u00e3o e legitimidade de outras pr\u00e1ticas e conhecimentos, que, ao longo do tempo, ficaram obscurecidos, seja por sua pr\u00f3pria hist\u00f3ria &#8221;colonial&#8221; de grupos, quer por &#8221;silenciamento&#8221; de mem\u00f3ria, produzido por institui\u00e7\u00f5es.<\/p>\n","protected":false},"featured_media":6135,"comment_status":"open","ping_status":"closed","template":"","meta":{"_joinchat":[]},"product_brand":[],"product_cat":[59,452],"product_tag":[],"class_list":{"0":"post-6446","1":"product","2":"type-product","3":"status-publish","4":"has-post-thumbnail","6":"product_cat-didatica","7":"product_cat-metodos-de-estudo","8":"product_shipping_class-livro-pontes-editores-fisico","10":"first","11":"instock","12":"shipping-taxable","13":"purchasable","14":"product-type-simple"},"yoast_head":"<!-- This site is optimized with the Yoast SEO plugin v27.4 - https:\/\/yoast.com\/product\/yoast-seo-wordpress\/ -->\n<title>COMUNIDADE DE SABERES, MEIO AMBIENTE E PR\u00c1XIS PEDAG\u00d3GICA - Pontes Editores<\/title>\n<meta name=\"robots\" content=\"index, follow, max-snippet:-1, max-image-preview:large, max-video-preview:-1\" \/>\n<link rel=\"canonical\" href=\"https:\/\/ponteseditores.com.br\/loja3\/pontes-editores-home-2__trashed\/didatica\/comunidade-de-saberes-meio-ambiente-e-praxis-pedagogica\/\" \/>\n<meta property=\"og:locale\" content=\"pt_BR\" \/>\n<meta property=\"og:type\" content=\"article\" \/>\n<meta property=\"og:title\" content=\"COMUNIDADE DE SABERES, MEIO AMBIENTE E PR\u00c1XIS PEDAG\u00d3GICA - Pontes Editores\" \/>\n<meta property=\"og:description\" content=\"Uma rela\u00e7\u00e3o epist\u00eamica Os textos aqui apresentados s\u00e3o tessituras das ci\u00eancias produzidas por pesquisadores e cartografam o entendimento de que a descoloniza\u00e7\u00e3o do saber e do poder pode ser entendida como um processo de inclus\u00e3o e legitimidade de outras pr\u00e1ticas e conhecimentos, que, ao longo do tempo, ficaram obscurecidos, seja por sua pr\u00f3pria hist\u00f3ria &#039;&#039;colonial&#039;&#039; de grupos, quer por &#039;&#039;silenciamento&#039;&#039; de mem\u00f3ria, produzido por institui\u00e7\u00f5es.\" \/>\n<meta property=\"og:url\" content=\"https:\/\/ponteseditores.com.br\/loja3\/pontes-editores-home-2__trashed\/didatica\/comunidade-de-saberes-meio-ambiente-e-praxis-pedagogica\/\" \/>\n<meta property=\"og:site_name\" content=\"Pontes Editores\" \/>\n<meta property=\"article:modified_time\" content=\"2024-01-10T20:10:44+00:00\" \/>\n<meta property=\"og:image\" content=\"https:\/\/ponteseditores.com.br\/loja3\/wp-content\/uploads\/2023\/12\/comunidade-de-saberes-meio-ambiente-.-capa-1-1.jpg\" \/>\n\t<meta property=\"og:image:width\" content=\"1200\" \/>\n\t<meta property=\"og:image:height\" content=\"1697\" \/>\n\t<meta property=\"og:image:type\" content=\"image\/jpeg\" \/>\n<meta name=\"twitter:card\" content=\"summary_large_image\" \/>\n<meta name=\"twitter:label1\" content=\"Est. tempo de leitura\" \/>\n\t<meta name=\"twitter:data1\" content=\"1 minuto\" \/>\n<script type=\"application\/ld+json\" class=\"yoast-schema-graph\">{\"@context\":\"https:\\\/\\\/schema.org\",\"@graph\":[{\"@type\":\"WebPage\",\"@id\":\"https:\\\/\\\/ponteseditores.com.br\\\/loja3\\\/pontes-editores-home-2__trashed\\\/didatica\\\/comunidade-de-saberes-meio-ambiente-e-praxis-pedagogica\\\/\",\"url\":\"https:\\\/\\\/ponteseditores.com.br\\\/loja3\\\/pontes-editores-home-2__trashed\\\/didatica\\\/comunidade-de-saberes-meio-ambiente-e-praxis-pedagogica\\\/\",\"name\":\"COMUNIDADE DE SABERES, MEIO AMBIENTE E PR\u00c1XIS PEDAG\u00d3GICA - Pontes Editores\",\"isPartOf\":{\"@id\":\"https:\\\/\\\/ponteseditores.com.br\\\/loja3\\\/#website\"},\"primaryImageOfPage\":{\"@id\":\"https:\\\/\\\/ponteseditores.com.br\\\/loja3\\\/pontes-editores-home-2__trashed\\\/didatica\\\/comunidade-de-saberes-meio-ambiente-e-praxis-pedagogica\\\/#primaryimage\"},\"image\":{\"@id\":\"https:\\\/\\\/ponteseditores.com.br\\\/loja3\\\/pontes-editores-home-2__trashed\\\/didatica\\\/comunidade-de-saberes-meio-ambiente-e-praxis-pedagogica\\\/#primaryimage\"},\"thumbnailUrl\":\"https:\\\/\\\/ponteseditores.com.br\\\/loja3\\\/wp-content\\\/uploads\\\/2023\\\/12\\\/comunidade-de-saberes-meio-ambiente-.-capa-1-1.jpg\",\"datePublished\":\"2023-12-12T01:59:41+00:00\",\"dateModified\":\"2024-01-10T20:10:44+00:00\",\"breadcrumb\":{\"@id\":\"https:\\\/\\\/ponteseditores.com.br\\\/loja3\\\/pontes-editores-home-2__trashed\\\/didatica\\\/comunidade-de-saberes-meio-ambiente-e-praxis-pedagogica\\\/#breadcrumb\"},\"inLanguage\":\"pt-BR\",\"potentialAction\":[{\"@type\":\"ReadAction\",\"target\":[\"https:\\\/\\\/ponteseditores.com.br\\\/loja3\\\/pontes-editores-home-2__trashed\\\/didatica\\\/comunidade-de-saberes-meio-ambiente-e-praxis-pedagogica\\\/\"]}]},{\"@type\":\"ImageObject\",\"inLanguage\":\"pt-BR\",\"@id\":\"https:\\\/\\\/ponteseditores.com.br\\\/loja3\\\/pontes-editores-home-2__trashed\\\/didatica\\\/comunidade-de-saberes-meio-ambiente-e-praxis-pedagogica\\\/#primaryimage\",\"url\":\"https:\\\/\\\/ponteseditores.com.br\\\/loja3\\\/wp-content\\\/uploads\\\/2023\\\/12\\\/comunidade-de-saberes-meio-ambiente-.-capa-1-1.jpg\",\"contentUrl\":\"https:\\\/\\\/ponteseditores.com.br\\\/loja3\\\/wp-content\\\/uploads\\\/2023\\\/12\\\/comunidade-de-saberes-meio-ambiente-.-capa-1-1.jpg\",\"width\":1200,\"height\":1697},{\"@type\":\"BreadcrumbList\",\"@id\":\"https:\\\/\\\/ponteseditores.com.br\\\/loja3\\\/pontes-editores-home-2__trashed\\\/didatica\\\/comunidade-de-saberes-meio-ambiente-e-praxis-pedagogica\\\/#breadcrumb\",\"itemListElement\":[{\"@type\":\"ListItem\",\"position\":1,\"name\":\"Home\",\"item\":\"https:\\\/\\\/ponteseditores.com.br\\\/loja3\\\/\"},{\"@type\":\"ListItem\",\"position\":2,\"name\":\"loja\",\"item\":\"https:\\\/\\\/ponteseditores.com.br\\\/loja3\\\/loja\\\/\"},{\"@type\":\"ListItem\",\"position\":3,\"name\":\"COMUNIDADE DE SABERES, MEIO AMBIENTE E PR\u00c1XIS PEDAG\u00d3GICA\"}]},{\"@type\":\"WebSite\",\"@id\":\"https:\\\/\\\/ponteseditores.com.br\\\/loja3\\\/#website\",\"url\":\"https:\\\/\\\/ponteseditores.com.br\\\/loja3\\\/\",\"name\":\"Pontes Editores\",\"description\":\"Pontes Editores\",\"publisher\":{\"@id\":\"https:\\\/\\\/ponteseditores.com.br\\\/loja3\\\/#organization\"},\"potentialAction\":[{\"@type\":\"SearchAction\",\"target\":{\"@type\":\"EntryPoint\",\"urlTemplate\":\"https:\\\/\\\/ponteseditores.com.br\\\/loja3\\\/?s={search_term_string}\"},\"query-input\":{\"@type\":\"PropertyValueSpecification\",\"valueRequired\":true,\"valueName\":\"search_term_string\"}}],\"inLanguage\":\"pt-BR\"},{\"@type\":\"Organization\",\"@id\":\"https:\\\/\\\/ponteseditores.com.br\\\/loja3\\\/#organization\",\"name\":\"Pontes Editores\",\"url\":\"https:\\\/\\\/ponteseditores.com.br\\\/loja3\\\/\",\"logo\":{\"@type\":\"ImageObject\",\"inLanguage\":\"pt-BR\",\"@id\":\"https:\\\/\\\/ponteseditores.com.br\\\/loja3\\\/#\\\/schema\\\/logo\\\/image\\\/\",\"url\":\"https:\\\/\\\/ponteseditores.com.br\\\/loja3\\\/wp-content\\\/uploads\\\/2023\\\/12\\\/logo-pontes-editores-v2.png\",\"contentUrl\":\"https:\\\/\\\/ponteseditores.com.br\\\/loja3\\\/wp-content\\\/uploads\\\/2023\\\/12\\\/logo-pontes-editores-v2.png\",\"width\":258,\"height\":100,\"caption\":\"Pontes Editores\"},\"image\":{\"@id\":\"https:\\\/\\\/ponteseditores.com.br\\\/loja3\\\/#\\\/schema\\\/logo\\\/image\\\/\"}}]}<\/script>\n<!-- \/ Yoast SEO plugin. -->","yoast_head_json":{"title":"COMUNIDADE DE SABERES, MEIO AMBIENTE E PR\u00c1XIS PEDAG\u00d3GICA - Pontes Editores","robots":{"index":"index","follow":"follow","max-snippet":"max-snippet:-1","max-image-preview":"max-image-preview:large","max-video-preview":"max-video-preview:-1"},"canonical":"https:\/\/ponteseditores.com.br\/loja3\/pontes-editores-home-2__trashed\/didatica\/comunidade-de-saberes-meio-ambiente-e-praxis-pedagogica\/","og_locale":"pt_BR","og_type":"article","og_title":"COMUNIDADE DE SABERES, MEIO AMBIENTE E PR\u00c1XIS PEDAG\u00d3GICA - Pontes Editores","og_description":"Uma rela\u00e7\u00e3o epist\u00eamica Os textos aqui apresentados s\u00e3o tessituras das ci\u00eancias produzidas por pesquisadores e cartografam o entendimento de que a descoloniza\u00e7\u00e3o do saber e do poder pode ser entendida como um processo de inclus\u00e3o e legitimidade de outras pr\u00e1ticas e conhecimentos, que, ao longo do tempo, ficaram obscurecidos, seja por sua pr\u00f3pria hist\u00f3ria ''colonial'' de grupos, quer por ''silenciamento'' de mem\u00f3ria, produzido por institui\u00e7\u00f5es.","og_url":"https:\/\/ponteseditores.com.br\/loja3\/pontes-editores-home-2__trashed\/didatica\/comunidade-de-saberes-meio-ambiente-e-praxis-pedagogica\/","og_site_name":"Pontes Editores","article_modified_time":"2024-01-10T20:10:44+00:00","og_image":[{"width":1200,"height":1697,"url":"https:\/\/ponteseditores.com.br\/loja3\/wp-content\/uploads\/2023\/12\/comunidade-de-saberes-meio-ambiente-.-capa-1-1.jpg","type":"image\/jpeg"}],"twitter_card":"summary_large_image","twitter_misc":{"Est. tempo de leitura":"1 minuto"},"schema":{"@context":"https:\/\/schema.org","@graph":[{"@type":"WebPage","@id":"https:\/\/ponteseditores.com.br\/loja3\/pontes-editores-home-2__trashed\/didatica\/comunidade-de-saberes-meio-ambiente-e-praxis-pedagogica\/","url":"https:\/\/ponteseditores.com.br\/loja3\/pontes-editores-home-2__trashed\/didatica\/comunidade-de-saberes-meio-ambiente-e-praxis-pedagogica\/","name":"COMUNIDADE DE SABERES, MEIO AMBIENTE E PR\u00c1XIS PEDAG\u00d3GICA - Pontes Editores","isPartOf":{"@id":"https:\/\/ponteseditores.com.br\/loja3\/#website"},"primaryImageOfPage":{"@id":"https:\/\/ponteseditores.com.br\/loja3\/pontes-editores-home-2__trashed\/didatica\/comunidade-de-saberes-meio-ambiente-e-praxis-pedagogica\/#primaryimage"},"image":{"@id":"https:\/\/ponteseditores.com.br\/loja3\/pontes-editores-home-2__trashed\/didatica\/comunidade-de-saberes-meio-ambiente-e-praxis-pedagogica\/#primaryimage"},"thumbnailUrl":"https:\/\/ponteseditores.com.br\/loja3\/wp-content\/uploads\/2023\/12\/comunidade-de-saberes-meio-ambiente-.-capa-1-1.jpg","datePublished":"2023-12-12T01:59:41+00:00","dateModified":"2024-01-10T20:10:44+00:00","breadcrumb":{"@id":"https:\/\/ponteseditores.com.br\/loja3\/pontes-editores-home-2__trashed\/didatica\/comunidade-de-saberes-meio-ambiente-e-praxis-pedagogica\/#breadcrumb"},"inLanguage":"pt-BR","potentialAction":[{"@type":"ReadAction","target":["https:\/\/ponteseditores.com.br\/loja3\/pontes-editores-home-2__trashed\/didatica\/comunidade-de-saberes-meio-ambiente-e-praxis-pedagogica\/"]}]},{"@type":"ImageObject","inLanguage":"pt-BR","@id":"https:\/\/ponteseditores.com.br\/loja3\/pontes-editores-home-2__trashed\/didatica\/comunidade-de-saberes-meio-ambiente-e-praxis-pedagogica\/#primaryimage","url":"https:\/\/ponteseditores.com.br\/loja3\/wp-content\/uploads\/2023\/12\/comunidade-de-saberes-meio-ambiente-.-capa-1-1.jpg","contentUrl":"https:\/\/ponteseditores.com.br\/loja3\/wp-content\/uploads\/2023\/12\/comunidade-de-saberes-meio-ambiente-.-capa-1-1.jpg","width":1200,"height":1697},{"@type":"BreadcrumbList","@id":"https:\/\/ponteseditores.com.br\/loja3\/pontes-editores-home-2__trashed\/didatica\/comunidade-de-saberes-meio-ambiente-e-praxis-pedagogica\/#breadcrumb","itemListElement":[{"@type":"ListItem","position":1,"name":"Home","item":"https:\/\/ponteseditores.com.br\/loja3\/"},{"@type":"ListItem","position":2,"name":"loja","item":"https:\/\/ponteseditores.com.br\/loja3\/loja\/"},{"@type":"ListItem","position":3,"name":"COMUNIDADE DE SABERES, MEIO AMBIENTE E PR\u00c1XIS PEDAG\u00d3GICA"}]},{"@type":"WebSite","@id":"https:\/\/ponteseditores.com.br\/loja3\/#website","url":"https:\/\/ponteseditores.com.br\/loja3\/","name":"Pontes Editores","description":"Pontes Editores","publisher":{"@id":"https:\/\/ponteseditores.com.br\/loja3\/#organization"},"potentialAction":[{"@type":"SearchAction","target":{"@type":"EntryPoint","urlTemplate":"https:\/\/ponteseditores.com.br\/loja3\/?s={search_term_string}"},"query-input":{"@type":"PropertyValueSpecification","valueRequired":true,"valueName":"search_term_string"}}],"inLanguage":"pt-BR"},{"@type":"Organization","@id":"https:\/\/ponteseditores.com.br\/loja3\/#organization","name":"Pontes Editores","url":"https:\/\/ponteseditores.com.br\/loja3\/","logo":{"@type":"ImageObject","inLanguage":"pt-BR","@id":"https:\/\/ponteseditores.com.br\/loja3\/#\/schema\/logo\/image\/","url":"https:\/\/ponteseditores.com.br\/loja3\/wp-content\/uploads\/2023\/12\/logo-pontes-editores-v2.png","contentUrl":"https:\/\/ponteseditores.com.br\/loja3\/wp-content\/uploads\/2023\/12\/logo-pontes-editores-v2.png","width":258,"height":100,"caption":"Pontes Editores"},"image":{"@id":"https:\/\/ponteseditores.com.br\/loja3\/#\/schema\/logo\/image\/"}}]}},"_links":{"self":[{"href":"https:\/\/ponteseditores.com.br\/loja3\/wp-json\/wp\/v2\/product\/6446","targetHints":{"allow":["GET"]}}],"collection":[{"href":"https:\/\/ponteseditores.com.br\/loja3\/wp-json\/wp\/v2\/product"}],"about":[{"href":"https:\/\/ponteseditores.com.br\/loja3\/wp-json\/wp\/v2\/types\/product"}],"replies":[{"embeddable":true,"href":"https:\/\/ponteseditores.com.br\/loja3\/wp-json\/wp\/v2\/comments?post=6446"}],"version-history":[{"count":1,"href":"https:\/\/ponteseditores.com.br\/loja3\/wp-json\/wp\/v2\/product\/6446\/revisions"}],"predecessor-version":[{"id":6448,"href":"https:\/\/ponteseditores.com.br\/loja3\/wp-json\/wp\/v2\/product\/6446\/revisions\/6448"}],"wp:featuredmedia":[{"embeddable":true,"href":"https:\/\/ponteseditores.com.br\/loja3\/wp-json\/wp\/v2\/media\/6135"}],"wp:attachment":[{"href":"https:\/\/ponteseditores.com.br\/loja3\/wp-json\/wp\/v2\/media?parent=6446"}],"wp:term":[{"taxonomy":"product_brand","embeddable":true,"href":"https:\/\/ponteseditores.com.br\/loja3\/wp-json\/wp\/v2\/product_brand?post=6446"},{"taxonomy":"product_cat","embeddable":true,"href":"https:\/\/ponteseditores.com.br\/loja3\/wp-json\/wp\/v2\/product_cat?post=6446"},{"taxonomy":"product_tag","embeddable":true,"href":"https:\/\/ponteseditores.com.br\/loja3\/wp-json\/wp\/v2\/product_tag?post=6446"}],"curies":[{"name":"wp","href":"https:\/\/api.w.org\/{rel}","templated":true}]}}