{"id":6445,"date":"2023-12-11T18:08:58","date_gmt":"2023-12-11T21:08:58","guid":{"rendered":"https:\/\/ponteseditores.com.br\/loja3\/?post_type=product&#038;p=6445"},"modified":"2024-01-25T14:38:12","modified_gmt":"2024-01-25T17:38:12","slug":"corpos-que-nao-importam-na-pratica-medica","status":"publish","type":"product","link":"https:\/\/ponteseditores.com.br\/loja3\/pontes-editores-home-2__trashed\/ciencia-sociais\/corpos-que-nao-importam-na-pratica-medica\/","title":{"rendered":"CORPOS QUE (N\u00c3O) IMPORTAM NA PR\u00c1TICA M\u00c9DICA"},"content":{"rendered":"<p class=\"p1\">Este livro foi escrito na forma de um manifesto, um convite a estudiosos\/ as para pensarem nas implica\u00e7\u00f5es de conectar epistemologias e teorias decoloniais e p\u00f3s-coloniais com discursos emancipat\u00f3rios, teoria cr\u00edtica e pedagogia cr\u00edtica.<\/p>\n<p class=\"p1\">A partir de hist\u00f3rias de uma identidade gay, dentro e fora dos espa\u00e7os colonizadores, dentro e fora das universidades, este livro problematiza a forma\u00e7\u00e3o m\u00e9dica em que determinados corpos importam e outros n\u00e3o, uma vez que sistematicamente se reproduz uma estrutura de viol\u00eancia para corpos historicamente marginalizados, minorizados e violentados.<\/p>\n<p class=\"p1\">Gustavo, Cl\u00e1udio e Nelson, buscam a utopia da justi\u00e7a social. Seus textos dial\u00f3gicos modelam formas de pr\u00e1xis decolonizadoras que empoderam as pessoas ao honrar suas vozes, suas experi\u00eancias e suas lutas por dignidade. This book is written in the form of a manifesto, an invitation to scholars to think about the implications of connecting decolonial and postcolonial epistemologies and theories with emancipatory discourses, critical theory, and critical pedagogy.<\/p>\n<p class=\"p1\">Based on stories of a gay identity, inside and outside the colonizing spaces, inside and outside universities, this book problematizes the medical education in which certain bodies matter and others do not, since a structure of violence is systematically reproduced for historically marginalized, minored and violated bodies. Gustavo, Cl\u00e1udio and Nelson seek the utopia of social justice. Their dialogical texts model forms of decolonizing praxis that empower people by honoring their voices, their experiences and their struggles for dignity. Norman K. Denzin &#8211; Emeritus Professor &#8211; University of Illinois \/ Urbana-Champaing<\/p>\n","protected":false},"excerpt":{"rendered":"<h4 class=\"p1\">Uma autoetnografia perform\u00e1tica sobre o corpo gay na escola m\u00e9dica<\/h4>\n<p>Este livro foi escrito na forma de um manifesto, um convite a estudiosos\/ as para pensarem nas implica\u00e7\u00f5es de conectar epistemologias e teorias decoloniais e p\u00f3s-coloniais com discursos emancipat\u00f3rios, teoria cr\u00edtica e pedagogia cr\u00edtica.<\/p>\n","protected":false},"featured_media":6380,"comment_status":"open","ping_status":"closed","template":"","meta":{"_joinchat":[]},"product_brand":[],"product_cat":[30,524],"product_tag":[],"class_list":{"0":"post-6445","1":"product","2":"type-product","3":"status-publish","4":"has-post-thumbnail","6":"product_cat-ciencia-sociais","7":"product_cat-medicina","8":"product_shipping_class-livro-pontes-editores-fisico","10":"first","11":"outofstock","12":"shipping-taxable","13":"purchasable","14":"product-type-simple"},"yoast_head":"<!-- This site is optimized with the Yoast SEO plugin v27.4 - https:\/\/yoast.com\/product\/yoast-seo-wordpress\/ -->\n<title>CORPOS QUE (N\u00c3O) IMPORTAM NA PR\u00c1TICA M\u00c9DICA - Pontes Editores<\/title>\n<meta name=\"robots\" content=\"index, follow, max-snippet:-1, max-image-preview:large, max-video-preview:-1\" \/>\n<link rel=\"canonical\" href=\"https:\/\/ponteseditores.com.br\/loja3\/pontes-editores-home-2__trashed\/ciencia-sociais\/corpos-que-nao-importam-na-pratica-medica\/\" \/>\n<meta property=\"og:locale\" content=\"pt_BR\" \/>\n<meta property=\"og:type\" content=\"article\" \/>\n<meta property=\"og:title\" content=\"CORPOS QUE (N\u00c3O) IMPORTAM NA PR\u00c1TICA M\u00c9DICA - Pontes Editores\" \/>\n<meta property=\"og:description\" content=\"Uma autoetnografia perform\u00e1tica sobre o corpo gay na escola m\u00e9dica Este livro foi escrito na forma de um manifesto, um convite a estudiosos\/ as para pensarem nas implica\u00e7\u00f5es de conectar epistemologias e teorias decoloniais e p\u00f3s-coloniais com discursos emancipat\u00f3rios, teoria cr\u00edtica e pedagogia cr\u00edtica.\" \/>\n<meta property=\"og:url\" content=\"https:\/\/ponteseditores.com.br\/loja3\/pontes-editores-home-2__trashed\/ciencia-sociais\/corpos-que-nao-importam-na-pratica-medica\/\" \/>\n<meta property=\"og:site_name\" content=\"Pontes Editores\" \/>\n<meta property=\"article:modified_time\" content=\"2024-01-25T17:38:12+00:00\" \/>\n<meta property=\"og:image\" content=\"https:\/\/ponteseditores.com.br\/loja3\/wp-content\/uploads\/2023\/12\/corpos-que-n\u05b6o-importam-na-pratica-medica-capa-1-3.jpg\" \/>\n\t<meta property=\"og:image:width\" content=\"542\" \/>\n\t<meta property=\"og:image:height\" content=\"799\" \/>\n\t<meta property=\"og:image:type\" content=\"image\/jpeg\" \/>\n<meta name=\"twitter:card\" content=\"summary_large_image\" \/>\n<meta name=\"twitter:label1\" content=\"Est. tempo de leitura\" \/>\n\t<meta name=\"twitter:data1\" content=\"2 minutos\" \/>\n<script type=\"application\/ld+json\" class=\"yoast-schema-graph\">{\"@context\":\"https:\\\/\\\/schema.org\",\"@graph\":[{\"@type\":\"WebPage\",\"@id\":\"https:\\\/\\\/ponteseditores.com.br\\\/loja3\\\/pontes-editores-home-2__trashed\\\/ciencia-sociais\\\/corpos-que-nao-importam-na-pratica-medica\\\/\",\"url\":\"https:\\\/\\\/ponteseditores.com.br\\\/loja3\\\/pontes-editores-home-2__trashed\\\/ciencia-sociais\\\/corpos-que-nao-importam-na-pratica-medica\\\/\",\"name\":\"CORPOS QUE (N\u00c3O) IMPORTAM NA PR\u00c1TICA M\u00c9DICA - Pontes Editores\",\"isPartOf\":{\"@id\":\"https:\\\/\\\/ponteseditores.com.br\\\/loja3\\\/#website\"},\"primaryImageOfPage\":{\"@id\":\"https:\\\/\\\/ponteseditores.com.br\\\/loja3\\\/pontes-editores-home-2__trashed\\\/ciencia-sociais\\\/corpos-que-nao-importam-na-pratica-medica\\\/#primaryimage\"},\"image\":{\"@id\":\"https:\\\/\\\/ponteseditores.com.br\\\/loja3\\\/pontes-editores-home-2__trashed\\\/ciencia-sociais\\\/corpos-que-nao-importam-na-pratica-medica\\\/#primaryimage\"},\"thumbnailUrl\":\"https:\\\/\\\/ponteseditores.com.br\\\/loja3\\\/wp-content\\\/uploads\\\/2023\\\/12\\\/corpos-que-n\u05b6o-importam-na-pratica-medica-capa-1-3.jpg\",\"datePublished\":\"2023-12-11T21:08:58+00:00\",\"dateModified\":\"2024-01-25T17:38:12+00:00\",\"breadcrumb\":{\"@id\":\"https:\\\/\\\/ponteseditores.com.br\\\/loja3\\\/pontes-editores-home-2__trashed\\\/ciencia-sociais\\\/corpos-que-nao-importam-na-pratica-medica\\\/#breadcrumb\"},\"inLanguage\":\"pt-BR\",\"potentialAction\":[{\"@type\":\"ReadAction\",\"target\":[\"https:\\\/\\\/ponteseditores.com.br\\\/loja3\\\/pontes-editores-home-2__trashed\\\/ciencia-sociais\\\/corpos-que-nao-importam-na-pratica-medica\\\/\"]}]},{\"@type\":\"ImageObject\",\"inLanguage\":\"pt-BR\",\"@id\":\"https:\\\/\\\/ponteseditores.com.br\\\/loja3\\\/pontes-editores-home-2__trashed\\\/ciencia-sociais\\\/corpos-que-nao-importam-na-pratica-medica\\\/#primaryimage\",\"url\":\"https:\\\/\\\/ponteseditores.com.br\\\/loja3\\\/wp-content\\\/uploads\\\/2023\\\/12\\\/corpos-que-n\u05b6o-importam-na-pratica-medica-capa-1-3.jpg\",\"contentUrl\":\"https:\\\/\\\/ponteseditores.com.br\\\/loja3\\\/wp-content\\\/uploads\\\/2023\\\/12\\\/corpos-que-n\u05b6o-importam-na-pratica-medica-capa-1-3.jpg\",\"width\":542,\"height\":799},{\"@type\":\"BreadcrumbList\",\"@id\":\"https:\\\/\\\/ponteseditores.com.br\\\/loja3\\\/pontes-editores-home-2__trashed\\\/ciencia-sociais\\\/corpos-que-nao-importam-na-pratica-medica\\\/#breadcrumb\",\"itemListElement\":[{\"@type\":\"ListItem\",\"position\":1,\"name\":\"Home\",\"item\":\"https:\\\/\\\/ponteseditores.com.br\\\/loja3\\\/\"},{\"@type\":\"ListItem\",\"position\":2,\"name\":\"loja\",\"item\":\"https:\\\/\\\/ponteseditores.com.br\\\/loja3\\\/loja\\\/\"},{\"@type\":\"ListItem\",\"position\":3,\"name\":\"CORPOS QUE (N\u00c3O) IMPORTAM NA PR\u00c1TICA M\u00c9DICA\"}]},{\"@type\":\"WebSite\",\"@id\":\"https:\\\/\\\/ponteseditores.com.br\\\/loja3\\\/#website\",\"url\":\"https:\\\/\\\/ponteseditores.com.br\\\/loja3\\\/\",\"name\":\"Pontes Editores\",\"description\":\"Pontes Editores\",\"publisher\":{\"@id\":\"https:\\\/\\\/ponteseditores.com.br\\\/loja3\\\/#organization\"},\"potentialAction\":[{\"@type\":\"SearchAction\",\"target\":{\"@type\":\"EntryPoint\",\"urlTemplate\":\"https:\\\/\\\/ponteseditores.com.br\\\/loja3\\\/?s={search_term_string}\"},\"query-input\":{\"@type\":\"PropertyValueSpecification\",\"valueRequired\":true,\"valueName\":\"search_term_string\"}}],\"inLanguage\":\"pt-BR\"},{\"@type\":\"Organization\",\"@id\":\"https:\\\/\\\/ponteseditores.com.br\\\/loja3\\\/#organization\",\"name\":\"Pontes Editores\",\"url\":\"https:\\\/\\\/ponteseditores.com.br\\\/loja3\\\/\",\"logo\":{\"@type\":\"ImageObject\",\"inLanguage\":\"pt-BR\",\"@id\":\"https:\\\/\\\/ponteseditores.com.br\\\/loja3\\\/#\\\/schema\\\/logo\\\/image\\\/\",\"url\":\"https:\\\/\\\/ponteseditores.com.br\\\/loja3\\\/wp-content\\\/uploads\\\/2023\\\/12\\\/logo-pontes-editores-v2.png\",\"contentUrl\":\"https:\\\/\\\/ponteseditores.com.br\\\/loja3\\\/wp-content\\\/uploads\\\/2023\\\/12\\\/logo-pontes-editores-v2.png\",\"width\":258,\"height\":100,\"caption\":\"Pontes Editores\"},\"image\":{\"@id\":\"https:\\\/\\\/ponteseditores.com.br\\\/loja3\\\/#\\\/schema\\\/logo\\\/image\\\/\"}}]}<\/script>\n<!-- \/ Yoast SEO plugin. -->","yoast_head_json":{"title":"CORPOS QUE (N\u00c3O) IMPORTAM NA PR\u00c1TICA M\u00c9DICA - Pontes Editores","robots":{"index":"index","follow":"follow","max-snippet":"max-snippet:-1","max-image-preview":"max-image-preview:large","max-video-preview":"max-video-preview:-1"},"canonical":"https:\/\/ponteseditores.com.br\/loja3\/pontes-editores-home-2__trashed\/ciencia-sociais\/corpos-que-nao-importam-na-pratica-medica\/","og_locale":"pt_BR","og_type":"article","og_title":"CORPOS QUE (N\u00c3O) IMPORTAM NA PR\u00c1TICA M\u00c9DICA - Pontes Editores","og_description":"Uma autoetnografia perform\u00e1tica sobre o corpo gay na escola m\u00e9dica Este livro foi escrito na forma de um manifesto, um convite a estudiosos\/ as para pensarem nas implica\u00e7\u00f5es de conectar epistemologias e teorias decoloniais e p\u00f3s-coloniais com discursos emancipat\u00f3rios, teoria cr\u00edtica e pedagogia cr\u00edtica.","og_url":"https:\/\/ponteseditores.com.br\/loja3\/pontes-editores-home-2__trashed\/ciencia-sociais\/corpos-que-nao-importam-na-pratica-medica\/","og_site_name":"Pontes Editores","article_modified_time":"2024-01-25T17:38:12+00:00","og_image":[{"width":542,"height":799,"url":"https:\/\/ponteseditores.com.br\/loja3\/wp-content\/uploads\/2023\/12\/corpos-que-n\u05b6o-importam-na-pratica-medica-capa-1-3.jpg","type":"image\/jpeg"}],"twitter_card":"summary_large_image","twitter_misc":{"Est. tempo de leitura":"2 minutos"},"schema":{"@context":"https:\/\/schema.org","@graph":[{"@type":"WebPage","@id":"https:\/\/ponteseditores.com.br\/loja3\/pontes-editores-home-2__trashed\/ciencia-sociais\/corpos-que-nao-importam-na-pratica-medica\/","url":"https:\/\/ponteseditores.com.br\/loja3\/pontes-editores-home-2__trashed\/ciencia-sociais\/corpos-que-nao-importam-na-pratica-medica\/","name":"CORPOS QUE (N\u00c3O) IMPORTAM NA PR\u00c1TICA M\u00c9DICA - Pontes Editores","isPartOf":{"@id":"https:\/\/ponteseditores.com.br\/loja3\/#website"},"primaryImageOfPage":{"@id":"https:\/\/ponteseditores.com.br\/loja3\/pontes-editores-home-2__trashed\/ciencia-sociais\/corpos-que-nao-importam-na-pratica-medica\/#primaryimage"},"image":{"@id":"https:\/\/ponteseditores.com.br\/loja3\/pontes-editores-home-2__trashed\/ciencia-sociais\/corpos-que-nao-importam-na-pratica-medica\/#primaryimage"},"thumbnailUrl":"https:\/\/ponteseditores.com.br\/loja3\/wp-content\/uploads\/2023\/12\/corpos-que-n\u05b6o-importam-na-pratica-medica-capa-1-3.jpg","datePublished":"2023-12-11T21:08:58+00:00","dateModified":"2024-01-25T17:38:12+00:00","breadcrumb":{"@id":"https:\/\/ponteseditores.com.br\/loja3\/pontes-editores-home-2__trashed\/ciencia-sociais\/corpos-que-nao-importam-na-pratica-medica\/#breadcrumb"},"inLanguage":"pt-BR","potentialAction":[{"@type":"ReadAction","target":["https:\/\/ponteseditores.com.br\/loja3\/pontes-editores-home-2__trashed\/ciencia-sociais\/corpos-que-nao-importam-na-pratica-medica\/"]}]},{"@type":"ImageObject","inLanguage":"pt-BR","@id":"https:\/\/ponteseditores.com.br\/loja3\/pontes-editores-home-2__trashed\/ciencia-sociais\/corpos-que-nao-importam-na-pratica-medica\/#primaryimage","url":"https:\/\/ponteseditores.com.br\/loja3\/wp-content\/uploads\/2023\/12\/corpos-que-n\u05b6o-importam-na-pratica-medica-capa-1-3.jpg","contentUrl":"https:\/\/ponteseditores.com.br\/loja3\/wp-content\/uploads\/2023\/12\/corpos-que-n\u05b6o-importam-na-pratica-medica-capa-1-3.jpg","width":542,"height":799},{"@type":"BreadcrumbList","@id":"https:\/\/ponteseditores.com.br\/loja3\/pontes-editores-home-2__trashed\/ciencia-sociais\/corpos-que-nao-importam-na-pratica-medica\/#breadcrumb","itemListElement":[{"@type":"ListItem","position":1,"name":"Home","item":"https:\/\/ponteseditores.com.br\/loja3\/"},{"@type":"ListItem","position":2,"name":"loja","item":"https:\/\/ponteseditores.com.br\/loja3\/loja\/"},{"@type":"ListItem","position":3,"name":"CORPOS QUE (N\u00c3O) IMPORTAM NA PR\u00c1TICA M\u00c9DICA"}]},{"@type":"WebSite","@id":"https:\/\/ponteseditores.com.br\/loja3\/#website","url":"https:\/\/ponteseditores.com.br\/loja3\/","name":"Pontes Editores","description":"Pontes Editores","publisher":{"@id":"https:\/\/ponteseditores.com.br\/loja3\/#organization"},"potentialAction":[{"@type":"SearchAction","target":{"@type":"EntryPoint","urlTemplate":"https:\/\/ponteseditores.com.br\/loja3\/?s={search_term_string}"},"query-input":{"@type":"PropertyValueSpecification","valueRequired":true,"valueName":"search_term_string"}}],"inLanguage":"pt-BR"},{"@type":"Organization","@id":"https:\/\/ponteseditores.com.br\/loja3\/#organization","name":"Pontes Editores","url":"https:\/\/ponteseditores.com.br\/loja3\/","logo":{"@type":"ImageObject","inLanguage":"pt-BR","@id":"https:\/\/ponteseditores.com.br\/loja3\/#\/schema\/logo\/image\/","url":"https:\/\/ponteseditores.com.br\/loja3\/wp-content\/uploads\/2023\/12\/logo-pontes-editores-v2.png","contentUrl":"https:\/\/ponteseditores.com.br\/loja3\/wp-content\/uploads\/2023\/12\/logo-pontes-editores-v2.png","width":258,"height":100,"caption":"Pontes Editores"},"image":{"@id":"https:\/\/ponteseditores.com.br\/loja3\/#\/schema\/logo\/image\/"}}]}},"_links":{"self":[{"href":"https:\/\/ponteseditores.com.br\/loja3\/wp-json\/wp\/v2\/product\/6445","targetHints":{"allow":["GET"]}}],"collection":[{"href":"https:\/\/ponteseditores.com.br\/loja3\/wp-json\/wp\/v2\/product"}],"about":[{"href":"https:\/\/ponteseditores.com.br\/loja3\/wp-json\/wp\/v2\/types\/product"}],"replies":[{"embeddable":true,"href":"https:\/\/ponteseditores.com.br\/loja3\/wp-json\/wp\/v2\/comments?post=6445"}],"version-history":[{"count":0,"href":"https:\/\/ponteseditores.com.br\/loja3\/wp-json\/wp\/v2\/product\/6445\/revisions"}],"wp:featuredmedia":[{"embeddable":true,"href":"https:\/\/ponteseditores.com.br\/loja3\/wp-json\/wp\/v2\/media\/6380"}],"wp:attachment":[{"href":"https:\/\/ponteseditores.com.br\/loja3\/wp-json\/wp\/v2\/media?parent=6445"}],"wp:term":[{"taxonomy":"product_brand","embeddable":true,"href":"https:\/\/ponteseditores.com.br\/loja3\/wp-json\/wp\/v2\/product_brand?post=6445"},{"taxonomy":"product_cat","embeddable":true,"href":"https:\/\/ponteseditores.com.br\/loja3\/wp-json\/wp\/v2\/product_cat?post=6445"},{"taxonomy":"product_tag","embeddable":true,"href":"https:\/\/ponteseditores.com.br\/loja3\/wp-json\/wp\/v2\/product_tag?post=6445"}],"curies":[{"name":"wp","href":"https:\/\/api.w.org\/{rel}","templated":true}]}}