{"id":6417,"date":"2023-12-12T10:09:48","date_gmt":"2023-12-12T13:09:48","guid":{"rendered":"https:\/\/ponteseditores.com.br\/loja3\/?post_type=product&#038;p=6417"},"modified":"2023-12-19T17:19:27","modified_gmt":"2023-12-19T20:19:27","slug":"pesquisa-filologica-e-linguistica-baseada-em-corpus-manuscrito-e-impresso","status":"publish","type":"product","link":"https:\/\/ponteseditores.com.br\/loja3\/pontes-editores-home-2__trashed\/linguistica\/pesquisa-filologica-e-linguistica-baseada-em-corpus-manuscrito-e-impresso\/","title":{"rendered":"Pesquisa filol\u00f3gica e lingu\u00edstica baseada em corpus manuscrito e impresso"},"content":{"rendered":"<p>A Lingu\u00edstica Baseada em Corpus \u00e9 uma abordagem no campo da lingu\u00edstica que se baseia no uso de <em>corpora<\/em>, que s\u00e3o cole\u00e7\u00f5es de textos escritos ou amostras de fala oral ou sinalizada reais, para an\u00e1lise lingu\u00edstica. Essa abordagem ganhou destaque nas \u00faltimas d\u00e9cadas devido aos avan\u00e7os tecnol\u00f3gicos que permitiram a cria\u00e7\u00e3o e o processamento de grandes quantidades de dados lingu\u00edsticos. [&#8230;] Na Filologia, por exemplo, os corpora s\u00e3o criados com o objetivo de auxiliar os fil\u00f3logos na pesquisa e an\u00e1lise de textos manuscritos ou impressos de tempos pret\u00e9ritos. A compila\u00e7\u00e3o de um corpus filol\u00f3gico geralmente requer uma cuidadosa sele\u00e7\u00e3o e prepara\u00e7\u00e3o dos textos.<\/p>\n<p>Isso pode envolver a verifica\u00e7\u00e3o de diferentes vers\u00f5es ou edi\u00e7\u00f5es de um texto, a observa\u00e7\u00e3o de erros tipogr\u00e1ficos ou ortogr\u00e1ficos, a padroniza\u00e7\u00e3o da grafia e a anota\u00e7\u00e3o de informa\u00e7\u00f5es relevantes, como o contexto hist\u00f3rico, a autoria e a data. [&#8230;] \u00e9 importante frisar que os <em>corpora <\/em>filol\u00f3gicos facilitam o acesso a textos antigos e raros, proporcionando uma base de dados abrangente para estudos lingu\u00edsticos, hist\u00f3ricos e liter\u00e1rios. Eles permitem que os pesquisadores fa\u00e7am consultas e buscas em larga escala, identifiquem padr\u00f5es lingu\u00edsticos e examinem a interconex\u00e3o entre a linguagem e a cultura em diferentes contextos hist\u00f3ricos. Pensando em todas essas quest\u00f5es, apresentamos essa obra que comporta trabalhos que foram apresentados no evento itinerante \u201c\u2018Abralin em cena\u201d\u2019, ocorrido na Universidade Estadual de Feira de Santana.<\/p>\n<p>Os textos aqui reunidos trazem contribui\u00e7\u00f5es preciosas tanto para os estudos filol\u00f3gicos quanto para os estudos lingu\u00edsticos, todos com um eixo comum: foram baseados em <em>corpora<\/em>.<\/p>\n","protected":false},"excerpt":{"rendered":"<p>A Lingu\u00edstica Baseada em Corpus \u00e9 uma abordagem no campo da lingu\u00edstica que se baseia no uso de corpora, que s\u00e3o cole\u00e7\u00f5es de textos escritos ou amostras de fala oral ou sinalizada reais, para an\u00e1lise lingu\u00edstica. Essa abordagem ganhou destaque nas \u00faltimas d\u00e9cadas devido aos avan\u00e7os tecnol\u00f3gicos que permitiram a cria\u00e7\u00e3o e o processamento de [&hellip;]<\/p>\n","protected":false},"featured_media":6419,"comment_status":"open","ping_status":"closed","template":"","meta":{"_joinchat":[]},"product_brand":[],"product_cat":[167,31],"product_tag":[],"class_list":{"0":"post-6417","1":"product","2":"type-product","3":"status-publish","4":"has-post-thumbnail","6":"product_cat-lancamento","7":"product_cat-linguistica","8":"product_shipping_class-livro-pontes-editores-fisico","10":"first","11":"instock","12":"shipping-taxable","13":"purchasable","14":"product-type-simple"},"yoast_head":"<!-- This site is optimized with the Yoast SEO plugin v27.4 - https:\/\/yoast.com\/product\/yoast-seo-wordpress\/ -->\n<title>Pesquisa filol\u00f3gica e lingu\u00edstica baseada em corpus manuscrito e impresso - Pontes Editores<\/title>\n<meta name=\"robots\" content=\"index, follow, max-snippet:-1, max-image-preview:large, max-video-preview:-1\" \/>\n<link rel=\"canonical\" href=\"https:\/\/ponteseditores.com.br\/loja3\/pontes-editores-home-2__trashed\/linguistica\/pesquisa-filologica-e-linguistica-baseada-em-corpus-manuscrito-e-impresso\/\" \/>\n<meta property=\"og:locale\" content=\"pt_BR\" \/>\n<meta property=\"og:type\" content=\"article\" \/>\n<meta property=\"og:title\" content=\"Pesquisa filol\u00f3gica e lingu\u00edstica baseada em corpus manuscrito e impresso - Pontes Editores\" \/>\n<meta property=\"og:description\" content=\"A Lingu\u00edstica Baseada em Corpus \u00e9 uma abordagem no campo da lingu\u00edstica que se baseia no uso de corpora, que s\u00e3o cole\u00e7\u00f5es de textos escritos ou amostras de fala oral ou sinalizada reais, para an\u00e1lise lingu\u00edstica. Essa abordagem ganhou destaque nas \u00faltimas d\u00e9cadas devido aos avan\u00e7os tecnol\u00f3gicos que permitiram a cria\u00e7\u00e3o e o processamento de [&hellip;]\" \/>\n<meta property=\"og:url\" content=\"https:\/\/ponteseditores.com.br\/loja3\/pontes-editores-home-2__trashed\/linguistica\/pesquisa-filologica-e-linguistica-baseada-em-corpus-manuscrito-e-impresso\/\" \/>\n<meta property=\"og:site_name\" content=\"Pontes Editores\" \/>\n<meta property=\"article:modified_time\" content=\"2023-12-19T20:19:27+00:00\" \/>\n<meta property=\"og:image\" content=\"https:\/\/ponteseditores.com.br\/loja3\/wp-content\/uploads\/2023\/12\/Capa_Pesquisa_Filologica.jpg\" \/>\n\t<meta property=\"og:image:width\" content=\"1500\" \/>\n\t<meta property=\"og:image:height\" content=\"2121\" \/>\n\t<meta property=\"og:image:type\" content=\"image\/jpeg\" \/>\n<meta name=\"twitter:card\" content=\"summary_large_image\" \/>\n<meta name=\"twitter:label1\" content=\"Est. tempo de leitura\" \/>\n\t<meta name=\"twitter:data1\" content=\"2 minutos\" \/>\n<script type=\"application\/ld+json\" class=\"yoast-schema-graph\">{\"@context\":\"https:\\\/\\\/schema.org\",\"@graph\":[{\"@type\":\"WebPage\",\"@id\":\"https:\\\/\\\/ponteseditores.com.br\\\/loja3\\\/pontes-editores-home-2__trashed\\\/linguistica\\\/pesquisa-filologica-e-linguistica-baseada-em-corpus-manuscrito-e-impresso\\\/\",\"url\":\"https:\\\/\\\/ponteseditores.com.br\\\/loja3\\\/pontes-editores-home-2__trashed\\\/linguistica\\\/pesquisa-filologica-e-linguistica-baseada-em-corpus-manuscrito-e-impresso\\\/\",\"name\":\"Pesquisa filol\u00f3gica e lingu\u00edstica baseada em corpus manuscrito e impresso - Pontes Editores\",\"isPartOf\":{\"@id\":\"https:\\\/\\\/ponteseditores.com.br\\\/loja3\\\/#website\"},\"primaryImageOfPage\":{\"@id\":\"https:\\\/\\\/ponteseditores.com.br\\\/loja3\\\/pontes-editores-home-2__trashed\\\/linguistica\\\/pesquisa-filologica-e-linguistica-baseada-em-corpus-manuscrito-e-impresso\\\/#primaryimage\"},\"image\":{\"@id\":\"https:\\\/\\\/ponteseditores.com.br\\\/loja3\\\/pontes-editores-home-2__trashed\\\/linguistica\\\/pesquisa-filologica-e-linguistica-baseada-em-corpus-manuscrito-e-impresso\\\/#primaryimage\"},\"thumbnailUrl\":\"https:\\\/\\\/ponteseditores.com.br\\\/loja3\\\/wp-content\\\/uploads\\\/2023\\\/12\\\/Capa_Pesquisa_Filologica.jpg\",\"datePublished\":\"2023-12-12T13:09:48+00:00\",\"dateModified\":\"2023-12-19T20:19:27+00:00\",\"breadcrumb\":{\"@id\":\"https:\\\/\\\/ponteseditores.com.br\\\/loja3\\\/pontes-editores-home-2__trashed\\\/linguistica\\\/pesquisa-filologica-e-linguistica-baseada-em-corpus-manuscrito-e-impresso\\\/#breadcrumb\"},\"inLanguage\":\"pt-BR\",\"potentialAction\":[{\"@type\":\"ReadAction\",\"target\":[\"https:\\\/\\\/ponteseditores.com.br\\\/loja3\\\/pontes-editores-home-2__trashed\\\/linguistica\\\/pesquisa-filologica-e-linguistica-baseada-em-corpus-manuscrito-e-impresso\\\/\"]}]},{\"@type\":\"ImageObject\",\"inLanguage\":\"pt-BR\",\"@id\":\"https:\\\/\\\/ponteseditores.com.br\\\/loja3\\\/pontes-editores-home-2__trashed\\\/linguistica\\\/pesquisa-filologica-e-linguistica-baseada-em-corpus-manuscrito-e-impresso\\\/#primaryimage\",\"url\":\"https:\\\/\\\/ponteseditores.com.br\\\/loja3\\\/wp-content\\\/uploads\\\/2023\\\/12\\\/Capa_Pesquisa_Filologica.jpg\",\"contentUrl\":\"https:\\\/\\\/ponteseditores.com.br\\\/loja3\\\/wp-content\\\/uploads\\\/2023\\\/12\\\/Capa_Pesquisa_Filologica.jpg\",\"width\":1500,\"height\":2121},{\"@type\":\"BreadcrumbList\",\"@id\":\"https:\\\/\\\/ponteseditores.com.br\\\/loja3\\\/pontes-editores-home-2__trashed\\\/linguistica\\\/pesquisa-filologica-e-linguistica-baseada-em-corpus-manuscrito-e-impresso\\\/#breadcrumb\",\"itemListElement\":[{\"@type\":\"ListItem\",\"position\":1,\"name\":\"Home\",\"item\":\"https:\\\/\\\/ponteseditores.com.br\\\/loja3\\\/\"},{\"@type\":\"ListItem\",\"position\":2,\"name\":\"loja\",\"item\":\"https:\\\/\\\/ponteseditores.com.br\\\/loja3\\\/loja\\\/\"},{\"@type\":\"ListItem\",\"position\":3,\"name\":\"Pesquisa filol\u00f3gica e lingu\u00edstica baseada em corpus manuscrito e impresso\"}]},{\"@type\":\"WebSite\",\"@id\":\"https:\\\/\\\/ponteseditores.com.br\\\/loja3\\\/#website\",\"url\":\"https:\\\/\\\/ponteseditores.com.br\\\/loja3\\\/\",\"name\":\"Pontes Editores\",\"description\":\"Pontes Editores\",\"publisher\":{\"@id\":\"https:\\\/\\\/ponteseditores.com.br\\\/loja3\\\/#organization\"},\"potentialAction\":[{\"@type\":\"SearchAction\",\"target\":{\"@type\":\"EntryPoint\",\"urlTemplate\":\"https:\\\/\\\/ponteseditores.com.br\\\/loja3\\\/?s={search_term_string}\"},\"query-input\":{\"@type\":\"PropertyValueSpecification\",\"valueRequired\":true,\"valueName\":\"search_term_string\"}}],\"inLanguage\":\"pt-BR\"},{\"@type\":\"Organization\",\"@id\":\"https:\\\/\\\/ponteseditores.com.br\\\/loja3\\\/#organization\",\"name\":\"Pontes Editores\",\"url\":\"https:\\\/\\\/ponteseditores.com.br\\\/loja3\\\/\",\"logo\":{\"@type\":\"ImageObject\",\"inLanguage\":\"pt-BR\",\"@id\":\"https:\\\/\\\/ponteseditores.com.br\\\/loja3\\\/#\\\/schema\\\/logo\\\/image\\\/\",\"url\":\"https:\\\/\\\/ponteseditores.com.br\\\/loja3\\\/wp-content\\\/uploads\\\/2023\\\/12\\\/logo-pontes-editores-v2.png\",\"contentUrl\":\"https:\\\/\\\/ponteseditores.com.br\\\/loja3\\\/wp-content\\\/uploads\\\/2023\\\/12\\\/logo-pontes-editores-v2.png\",\"width\":258,\"height\":100,\"caption\":\"Pontes Editores\"},\"image\":{\"@id\":\"https:\\\/\\\/ponteseditores.com.br\\\/loja3\\\/#\\\/schema\\\/logo\\\/image\\\/\"}}]}<\/script>\n<!-- \/ Yoast SEO plugin. -->","yoast_head_json":{"title":"Pesquisa filol\u00f3gica e lingu\u00edstica baseada em corpus manuscrito e impresso - Pontes Editores","robots":{"index":"index","follow":"follow","max-snippet":"max-snippet:-1","max-image-preview":"max-image-preview:large","max-video-preview":"max-video-preview:-1"},"canonical":"https:\/\/ponteseditores.com.br\/loja3\/pontes-editores-home-2__trashed\/linguistica\/pesquisa-filologica-e-linguistica-baseada-em-corpus-manuscrito-e-impresso\/","og_locale":"pt_BR","og_type":"article","og_title":"Pesquisa filol\u00f3gica e lingu\u00edstica baseada em corpus manuscrito e impresso - Pontes Editores","og_description":"A Lingu\u00edstica Baseada em Corpus \u00e9 uma abordagem no campo da lingu\u00edstica que se baseia no uso de corpora, que s\u00e3o cole\u00e7\u00f5es de textos escritos ou amostras de fala oral ou sinalizada reais, para an\u00e1lise lingu\u00edstica. Essa abordagem ganhou destaque nas \u00faltimas d\u00e9cadas devido aos avan\u00e7os tecnol\u00f3gicos que permitiram a cria\u00e7\u00e3o e o processamento de [&hellip;]","og_url":"https:\/\/ponteseditores.com.br\/loja3\/pontes-editores-home-2__trashed\/linguistica\/pesquisa-filologica-e-linguistica-baseada-em-corpus-manuscrito-e-impresso\/","og_site_name":"Pontes Editores","article_modified_time":"2023-12-19T20:19:27+00:00","og_image":[{"width":1500,"height":2121,"url":"https:\/\/ponteseditores.com.br\/loja3\/wp-content\/uploads\/2023\/12\/Capa_Pesquisa_Filologica.jpg","type":"image\/jpeg"}],"twitter_card":"summary_large_image","twitter_misc":{"Est. tempo de leitura":"2 minutos"},"schema":{"@context":"https:\/\/schema.org","@graph":[{"@type":"WebPage","@id":"https:\/\/ponteseditores.com.br\/loja3\/pontes-editores-home-2__trashed\/linguistica\/pesquisa-filologica-e-linguistica-baseada-em-corpus-manuscrito-e-impresso\/","url":"https:\/\/ponteseditores.com.br\/loja3\/pontes-editores-home-2__trashed\/linguistica\/pesquisa-filologica-e-linguistica-baseada-em-corpus-manuscrito-e-impresso\/","name":"Pesquisa filol\u00f3gica e lingu\u00edstica baseada em corpus manuscrito e impresso - Pontes Editores","isPartOf":{"@id":"https:\/\/ponteseditores.com.br\/loja3\/#website"},"primaryImageOfPage":{"@id":"https:\/\/ponteseditores.com.br\/loja3\/pontes-editores-home-2__trashed\/linguistica\/pesquisa-filologica-e-linguistica-baseada-em-corpus-manuscrito-e-impresso\/#primaryimage"},"image":{"@id":"https:\/\/ponteseditores.com.br\/loja3\/pontes-editores-home-2__trashed\/linguistica\/pesquisa-filologica-e-linguistica-baseada-em-corpus-manuscrito-e-impresso\/#primaryimage"},"thumbnailUrl":"https:\/\/ponteseditores.com.br\/loja3\/wp-content\/uploads\/2023\/12\/Capa_Pesquisa_Filologica.jpg","datePublished":"2023-12-12T13:09:48+00:00","dateModified":"2023-12-19T20:19:27+00:00","breadcrumb":{"@id":"https:\/\/ponteseditores.com.br\/loja3\/pontes-editores-home-2__trashed\/linguistica\/pesquisa-filologica-e-linguistica-baseada-em-corpus-manuscrito-e-impresso\/#breadcrumb"},"inLanguage":"pt-BR","potentialAction":[{"@type":"ReadAction","target":["https:\/\/ponteseditores.com.br\/loja3\/pontes-editores-home-2__trashed\/linguistica\/pesquisa-filologica-e-linguistica-baseada-em-corpus-manuscrito-e-impresso\/"]}]},{"@type":"ImageObject","inLanguage":"pt-BR","@id":"https:\/\/ponteseditores.com.br\/loja3\/pontes-editores-home-2__trashed\/linguistica\/pesquisa-filologica-e-linguistica-baseada-em-corpus-manuscrito-e-impresso\/#primaryimage","url":"https:\/\/ponteseditores.com.br\/loja3\/wp-content\/uploads\/2023\/12\/Capa_Pesquisa_Filologica.jpg","contentUrl":"https:\/\/ponteseditores.com.br\/loja3\/wp-content\/uploads\/2023\/12\/Capa_Pesquisa_Filologica.jpg","width":1500,"height":2121},{"@type":"BreadcrumbList","@id":"https:\/\/ponteseditores.com.br\/loja3\/pontes-editores-home-2__trashed\/linguistica\/pesquisa-filologica-e-linguistica-baseada-em-corpus-manuscrito-e-impresso\/#breadcrumb","itemListElement":[{"@type":"ListItem","position":1,"name":"Home","item":"https:\/\/ponteseditores.com.br\/loja3\/"},{"@type":"ListItem","position":2,"name":"loja","item":"https:\/\/ponteseditores.com.br\/loja3\/loja\/"},{"@type":"ListItem","position":3,"name":"Pesquisa filol\u00f3gica e lingu\u00edstica baseada em corpus manuscrito e impresso"}]},{"@type":"WebSite","@id":"https:\/\/ponteseditores.com.br\/loja3\/#website","url":"https:\/\/ponteseditores.com.br\/loja3\/","name":"Pontes Editores","description":"Pontes Editores","publisher":{"@id":"https:\/\/ponteseditores.com.br\/loja3\/#organization"},"potentialAction":[{"@type":"SearchAction","target":{"@type":"EntryPoint","urlTemplate":"https:\/\/ponteseditores.com.br\/loja3\/?s={search_term_string}"},"query-input":{"@type":"PropertyValueSpecification","valueRequired":true,"valueName":"search_term_string"}}],"inLanguage":"pt-BR"},{"@type":"Organization","@id":"https:\/\/ponteseditores.com.br\/loja3\/#organization","name":"Pontes Editores","url":"https:\/\/ponteseditores.com.br\/loja3\/","logo":{"@type":"ImageObject","inLanguage":"pt-BR","@id":"https:\/\/ponteseditores.com.br\/loja3\/#\/schema\/logo\/image\/","url":"https:\/\/ponteseditores.com.br\/loja3\/wp-content\/uploads\/2023\/12\/logo-pontes-editores-v2.png","contentUrl":"https:\/\/ponteseditores.com.br\/loja3\/wp-content\/uploads\/2023\/12\/logo-pontes-editores-v2.png","width":258,"height":100,"caption":"Pontes Editores"},"image":{"@id":"https:\/\/ponteseditores.com.br\/loja3\/#\/schema\/logo\/image\/"}}]}},"_links":{"self":[{"href":"https:\/\/ponteseditores.com.br\/loja3\/wp-json\/wp\/v2\/product\/6417","targetHints":{"allow":["GET"]}}],"collection":[{"href":"https:\/\/ponteseditores.com.br\/loja3\/wp-json\/wp\/v2\/product"}],"about":[{"href":"https:\/\/ponteseditores.com.br\/loja3\/wp-json\/wp\/v2\/types\/product"}],"replies":[{"embeddable":true,"href":"https:\/\/ponteseditores.com.br\/loja3\/wp-json\/wp\/v2\/comments?post=6417"}],"version-history":[{"count":0,"href":"https:\/\/ponteseditores.com.br\/loja3\/wp-json\/wp\/v2\/product\/6417\/revisions"}],"wp:featuredmedia":[{"embeddable":true,"href":"https:\/\/ponteseditores.com.br\/loja3\/wp-json\/wp\/v2\/media\/6419"}],"wp:attachment":[{"href":"https:\/\/ponteseditores.com.br\/loja3\/wp-json\/wp\/v2\/media?parent=6417"}],"wp:term":[{"taxonomy":"product_brand","embeddable":true,"href":"https:\/\/ponteseditores.com.br\/loja3\/wp-json\/wp\/v2\/product_brand?post=6417"},{"taxonomy":"product_cat","embeddable":true,"href":"https:\/\/ponteseditores.com.br\/loja3\/wp-json\/wp\/v2\/product_cat?post=6417"},{"taxonomy":"product_tag","embeddable":true,"href":"https:\/\/ponteseditores.com.br\/loja3\/wp-json\/wp\/v2\/product_tag?post=6417"}],"curies":[{"name":"wp","href":"https:\/\/api.w.org\/{rel}","templated":true}]}}